{"id":1496,"date":"2017-06-12T16:19:54","date_gmt":"2017-06-12T13:19:54","guid":{"rendered":"https:\/\/project.dreamo.ee\/monger\/kttape\/?page_id=1496\/"},"modified":"2019-07-31T15:38:23","modified_gmt":"2019-07-31T12:38:23","slug":"mita-on-kt-tape-kinesioteippi","status":"publish","type":"page","link":"https:\/\/kttape.ee\/fi\/mita-on-kt-tape-kinesioteippi\/","title":{"rendered":"Mit\u00e4 on KT Tape?"},"content":{"rendered":"<h1>Mit\u00e4 on KT Tape kinesioteippi?<\/h1>\n<p>KT Tape kinesioteippi on joustava kinesiologinen teippi, joka lievitt\u00e4\u00e4 lihaksia, j\u00e4nteit\u00e4 ja nivelsiteit\u00e4 tukevaa kipua ja v\u00e4hent\u00e4\u00e4 kipua *<\/p>\n<h2>MIT\u00c4 TE TEETTE?<\/h2>\n<p>Voit aina ahtaa itsesi t\u00e4yteen kipul\u00e4\u00e4kkeit\u00e4 tai tyyty\u00e4 sivustakatsojaksi, mutta luopuminen ei ole ratkaisu ja kipul\u00e4\u00e4kkeet voivat olla vaarallisia. Voit k\u00e4ytt\u00e4\u00e4 apuna my\u00f6s tukisidett\u00e4 tai urheiluteippi\u00e4, mutta ne rajoittavat liikkumisvapautta, ovat ep\u00e4mukavia, ja t\u00e4ytyy my\u00f6nt\u00e4\u00e4, eiv\u00e4t ole kovinkaan hyv\u00e4nn\u00e4k\u00f6isi\u00e4.<\/p>\n<h2>PARAS URHEILUTEIPPI!<\/h2>\n<p>Onneksi on olemassa vaihtoehto, joka on kliinisesti todistettu ja testattu urheilijoilla sek\u00e4 miljoonat ihmiset ymp\u00e4ri maailmaa ovat hyv\u00e4ksyneet sen. T\u00e4t\u00e4 kutsutaan nimell\u00e4 KT Tape. KT kinesioteippi on kevyt ja mukava ja sit\u00e4 k\u00e4ytet\u00e4\u00e4n satojen yleisimpien vammojen \u2013 kuten polvikipu, penikkatauti ja tenniskyyn\u00e4rp\u00e4\u00e4 \u2013 hoitoon ja ehk\u00e4isyyn.<br \/>\nKT Tape on hyv\u00e4nn\u00e4k\u00f6inen, vaikuttaa 24 tuntia vuorokaudessa ja sen voi j\u00e4tt\u00e4\u00e4 p\u00e4\u00e4lle useaksi p\u00e4iv\u00e4ksi kerrallaan. Teippi\u00e4 voi k\u00e4ytt\u00e4\u00e4 my\u00f6s vedess\u00e4 \u2013 tavallinen paineside sit\u00e4 ei mahdollista.<\/p>\n<h2>MITEN SE KINESIOTEIPPI VAIKUTTAA?<\/h2>\n<p>Kuvittele, ett\u00e4 olet juuri p\u00e4\u00e4tt\u00e4nyt suosikkiharjoittelusi ja nyt tunnet vahvaa kipua alasel\u00e4n alueella. KT Tape lievitt\u00e4\u00e4 kipua, v\u00e4hent\u00e4m\u00e4ll\u00e4 painetta ja edist\u00e4m\u00e4ll\u00e4 verenkiertoa, nopeuttaakseen palautumista.<\/p>\n<p>Tai sitten k\u00e4vit lenkill\u00e4, v\u00e4\u00e4nsit polvesi ja nyt on kivuliasta juosta tai k\u00e4vell\u00e4 portaita yl\u00f6s. KT kinesioteippi tarjoaa vakautta ja tukea loukkaantuneille nivelille. Koska teippiliuskat ovat valmiiksi leikattuja, ne voi heti pakkauksesta ottamisen j\u00e4lkeen laittaa haluttuun kohtaan.<\/p>\n<p>Tutustu vaan k\u00e4ytt\u00f6ohjeeseen, laita teippi paikalleen ja olet j\u00e4lleen valmis urheilemaan. JATKAKAA, PELAA KOVEMMIN.<\/p>\n<p>WIKIPEDIA <a href=\"https:\/\/fi.wikipedia.org\/wiki\/Kinesioteippi\">https:\/\/fi.wikipedia.org\/wiki\/Kinesioteippi<\/a><\/p>\n<p><a href=\"http:\/\/kttape.ee\/fi\/tuotteet\/\">Tuotteemme<\/a><\/p>\n<p><img data-dominant-color=\"b49878\" data-has-transparency=\"false\" style=\"--dominant-color: #b49878;\" loading=\"lazy\" decoding=\"async\" class=\"alignnone wp-image-4122 size-medium not-transparent\" src=\"http:\/\/kttape.ee\/wp-content\/uploads\/2019\/01\/4.8-Instagram-300x300.jpg\" alt=\"kinesioteippi\" width=\"300\" height=\"300\" \/><\/p>\n","protected":false},"excerpt":{"rendered":"<p>Mit\u00e4 on KT Tape kinesioteippi? KT Tape kinesioteippi on joustava kinesiologinen teippi, joka lievitt\u00e4\u00e4 lihaksia, j\u00e4nteit\u00e4 ja nivelsiteit\u00e4 tukevaa kipua&#8230;<\/p>\n","protected":false},"author":1,"featured_media":6039,"parent":0,"menu_order":21,"comment_status":"closed","ping_status":"closed","template":"","meta":{"_acf_changed":false,"footnotes":""},"class_list":["post-1496","page","type-page","status-publish","has-post-thumbnail","hentry"],"acf":[],"yoast_head":"<!-- This site is optimized with the Yoast SEO Premium plugin v23.4 (Yoast SEO v27.3) - https:\/\/yoast.com\/product\/yoast-seo-premium-wordpress\/ -->\n<title>Mit\u00e4 on KT Tape? - kinesioteippi on kivunlievitykseen k\u00e4ytetty teippi<\/title>\n<meta name=\"description\" content=\"KT Tape kinesioteippi on joustava kinesiologinen teippi, joka lievitt\u00e4\u00e4 lihaksia, j\u00e4nteit\u00e4 ja nivelsiteit\u00e4 tukevaa kipua ja v\u00e4hent\u00e4\u00e4 kipua.\" \/>\n<meta name=\"robots\" content=\"index, follow, max-snippet:-1, max-image-preview:large, max-video-preview:-1\" \/>\n<link rel=\"canonical\" href=\"http:\/\/kttape.ee\/fi\/mita-on-kt-tape-kinesioteippi\/\" \/>\n<meta property=\"og:locale\" content=\"fi_FI\" \/>\n<meta property=\"og:type\" content=\"article\" \/>\n<meta property=\"og:title\" content=\"Mit\u00e4 on KT Tape?\" \/>\n<meta property=\"og:description\" content=\"Mit\u00e4 on KT Tape kinesioteippi? KT Tape kinesioteippi on joustava kinesiologinen teippi, joka lievitt\u00e4\u00e4 lihaksia, j\u00e4nteit\u00e4 ja nivelsiteit\u00e4 tukevaa kipua ja\" \/>\n<meta property=\"og:url\" content=\"http:\/\/kttape.ee\/fi\/mita-on-kt-tape-kinesioteippi\/\" \/>\n<meta property=\"og:site_name\" content=\"KT Tape Baltics\" \/>\n<meta property=\"article:publisher\" content=\"https:\/\/www.facebook.com\/kttapeeesti\" \/>\n<meta property=\"article:modified_time\" content=\"2019-07-31T12:38:23+00:00\" \/>\n<meta property=\"og:image\" content=\"http:\/\/kttape.ee\/wp-content\/uploads\/2019\/01\/4.8-Instagram-300x300.jpg\" \/>\n<meta name=\"twitter:card\" content=\"summary_large_image\" \/>\n<meta name=\"twitter:label1\" content=\"Est. reading time\" \/>\n\t<meta name=\"twitter:data1\" content=\"1 minute\" \/>\n<script type=\"application\/ld+json\" class=\"yoast-schema-graph\">{\"@context\":\"https:\\\/\\\/schema.org\",\"@graph\":[{\"@type\":\"WebPage\",\"@id\":\"https:\\\/\\\/kttape.ee\\\/fi\\\/mita-on-kt-tape-kinesioteippi\\\/\",\"url\":\"http:\\\/\\\/kttape.ee\\\/fi\\\/mita-on-kt-tape-kinesioteippi\\\/\",\"name\":\"Mit\u00e4 on KT Tape? - kinesioteippi on kivunlievitykseen k\u00e4ytetty teippi\",\"isPartOf\":{\"@id\":\"https:\\\/\\\/kttape.ee\\\/fi\\\/#website\"},\"primaryImageOfPage\":{\"@id\":\"http:\\\/\\\/kttape.ee\\\/fi\\\/mita-on-kt-tape-kinesioteippi\\\/#primaryimage\"},\"image\":{\"@id\":\"http:\\\/\\\/kttape.ee\\\/fi\\\/mita-on-kt-tape-kinesioteippi\\\/#primaryimage\"},\"thumbnailUrl\":\"https:\\\/\\\/kttape.ee\\\/wp-content\\\/uploads\\\/2023\\\/06\\\/Swim-banner-jpeg.webp\",\"datePublished\":\"2017-06-12T13:19:54+00:00\",\"dateModified\":\"2019-07-31T12:38:23+00:00\",\"description\":\"KT Tape kinesioteippi on joustava kinesiologinen teippi, joka lievitt\u00e4\u00e4 lihaksia, j\u00e4nteit\u00e4 ja nivelsiteit\u00e4 tukevaa kipua ja v\u00e4hent\u00e4\u00e4 kipua.\",\"breadcrumb\":{\"@id\":\"http:\\\/\\\/kttape.ee\\\/fi\\\/mita-on-kt-tape-kinesioteippi\\\/#breadcrumb\"},\"inLanguage\":\"fi-FI\",\"potentialAction\":[{\"@type\":\"ReadAction\",\"target\":[\"http:\\\/\\\/kttape.ee\\\/fi\\\/mita-on-kt-tape-kinesioteippi\\\/\"]}]},{\"@type\":\"ImageObject\",\"inLanguage\":\"fi-FI\",\"@id\":\"http:\\\/\\\/kttape.ee\\\/fi\\\/mita-on-kt-tape-kinesioteippi\\\/#primaryimage\",\"url\":\"https:\\\/\\\/kttape.ee\\\/wp-content\\\/uploads\\\/2023\\\/06\\\/Swim-banner-jpeg.webp\",\"contentUrl\":\"https:\\\/\\\/kttape.ee\\\/wp-content\\\/uploads\\\/2023\\\/06\\\/Swim-banner-jpeg.webp\",\"width\":970,\"height\":250},{\"@type\":\"BreadcrumbList\",\"@id\":\"http:\\\/\\\/kttape.ee\\\/fi\\\/mita-on-kt-tape-kinesioteippi\\\/#breadcrumb\",\"itemListElement\":[{\"@type\":\"ListItem\",\"position\":1,\"name\":\"Home\",\"item\":\"https:\\\/\\\/kttape.ee\\\/fi\\\/\"},{\"@type\":\"ListItem\",\"position\":2,\"name\":\"Mit\u00e4 on KT Tape?\"}]},{\"@type\":\"WebSite\",\"@id\":\"https:\\\/\\\/kttape.ee\\\/fi\\\/#website\",\"url\":\"https:\\\/\\\/kttape.ee\\\/fi\\\/\",\"name\":\"KT TAPE\",\"description\":\"health and sport products\",\"publisher\":{\"@id\":\"https:\\\/\\\/kttape.ee\\\/fi\\\/#organization\"},\"alternateName\":\"kinesioteip, kinesioloogiline teip, kt teip\",\"potentialAction\":[{\"@type\":\"SearchAction\",\"target\":{\"@type\":\"EntryPoint\",\"urlTemplate\":\"https:\\\/\\\/kttape.ee\\\/fi\\\/?s={search_term_string}\"},\"query-input\":{\"@type\":\"PropertyValueSpecification\",\"valueRequired\":true,\"valueName\":\"search_term_string\"}}],\"inLanguage\":\"fi-FI\"},{\"@type\":\"Organization\",\"@id\":\"https:\\\/\\\/kttape.ee\\\/fi\\\/#organization\",\"name\":\"Monger Baltic O\u00dc\",\"alternateName\":\"KT TAPE\",\"url\":\"https:\\\/\\\/kttape.ee\\\/fi\\\/\",\"logo\":{\"@type\":\"ImageObject\",\"inLanguage\":\"fi-FI\",\"@id\":\"https:\\\/\\\/kttape.ee\\\/fi\\\/#\\\/schema\\\/logo\\\/image\\\/\",\"url\":\"http:\\\/\\\/kttape.ee\\\/wp-content\\\/uploads\\\/2018\\\/11\\\/logo-monger-white-1.png\",\"contentUrl\":\"http:\\\/\\\/kttape.ee\\\/wp-content\\\/uploads\\\/2018\\\/11\\\/logo-monger-white-1.png\",\"width\":826,\"height\":532,\"caption\":\"Monger Baltic O\u00dc\"},\"image\":{\"@id\":\"https:\\\/\\\/kttape.ee\\\/fi\\\/#\\\/schema\\\/logo\\\/image\\\/\"},\"sameAs\":[\"https:\\\/\\\/www.facebook.com\\\/kttapeeesti\",\"https:\\\/\\\/www.instagram.com\\\/kttape.eesti\\\/\"]}]}<\/script>\n<!-- \/ Yoast SEO Premium plugin. -->","yoast_head_json":{"title":"Mit\u00e4 on KT Tape? - kinesioteippi on kivunlievitykseen k\u00e4ytetty teippi","description":"KT Tape kinesioteippi on joustava kinesiologinen teippi, joka lievitt\u00e4\u00e4 lihaksia, j\u00e4nteit\u00e4 ja nivelsiteit\u00e4 tukevaa kipua ja v\u00e4hent\u00e4\u00e4 kipua.","robots":{"index":"index","follow":"follow","max-snippet":"max-snippet:-1","max-image-preview":"max-image-preview:large","max-video-preview":"max-video-preview:-1"},"canonical":"http:\/\/kttape.ee\/fi\/mita-on-kt-tape-kinesioteippi\/","og_locale":"fi_FI","og_type":"article","og_title":"Mit\u00e4 on KT Tape?","og_description":"Mit\u00e4 on KT Tape kinesioteippi? KT Tape kinesioteippi on joustava kinesiologinen teippi, joka lievitt\u00e4\u00e4 lihaksia, j\u00e4nteit\u00e4 ja nivelsiteit\u00e4 tukevaa kipua ja","og_url":"http:\/\/kttape.ee\/fi\/mita-on-kt-tape-kinesioteippi\/","og_site_name":"KT Tape Baltics","article_publisher":"https:\/\/www.facebook.com\/kttapeeesti","article_modified_time":"2019-07-31T12:38:23+00:00","og_image":[{"url":"http:\/\/kttape.ee\/wp-content\/uploads\/2019\/01\/4.8-Instagram-300x300.jpg","type":"","width":"","height":""}],"twitter_card":"summary_large_image","twitter_misc":{"Est. reading time":"1 minute"},"schema":{"@context":"https:\/\/schema.org","@graph":[{"@type":"WebPage","@id":"https:\/\/kttape.ee\/fi\/mita-on-kt-tape-kinesioteippi\/","url":"http:\/\/kttape.ee\/fi\/mita-on-kt-tape-kinesioteippi\/","name":"Mit\u00e4 on KT Tape? - kinesioteippi on kivunlievitykseen k\u00e4ytetty teippi","isPartOf":{"@id":"https:\/\/kttape.ee\/fi\/#website"},"primaryImageOfPage":{"@id":"http:\/\/kttape.ee\/fi\/mita-on-kt-tape-kinesioteippi\/#primaryimage"},"image":{"@id":"http:\/\/kttape.ee\/fi\/mita-on-kt-tape-kinesioteippi\/#primaryimage"},"thumbnailUrl":"https:\/\/kttape.ee\/wp-content\/uploads\/2023\/06\/Swim-banner-jpeg.webp","datePublished":"2017-06-12T13:19:54+00:00","dateModified":"2019-07-31T12:38:23+00:00","description":"KT Tape kinesioteippi on joustava kinesiologinen teippi, joka lievitt\u00e4\u00e4 lihaksia, j\u00e4nteit\u00e4 ja nivelsiteit\u00e4 tukevaa kipua ja v\u00e4hent\u00e4\u00e4 kipua.","breadcrumb":{"@id":"http:\/\/kttape.ee\/fi\/mita-on-kt-tape-kinesioteippi\/#breadcrumb"},"inLanguage":"fi-FI","potentialAction":[{"@type":"ReadAction","target":["http:\/\/kttape.ee\/fi\/mita-on-kt-tape-kinesioteippi\/"]}]},{"@type":"ImageObject","inLanguage":"fi-FI","@id":"http:\/\/kttape.ee\/fi\/mita-on-kt-tape-kinesioteippi\/#primaryimage","url":"https:\/\/kttape.ee\/wp-content\/uploads\/2023\/06\/Swim-banner-jpeg.webp","contentUrl":"https:\/\/kttape.ee\/wp-content\/uploads\/2023\/06\/Swim-banner-jpeg.webp","width":970,"height":250},{"@type":"BreadcrumbList","@id":"http:\/\/kttape.ee\/fi\/mita-on-kt-tape-kinesioteippi\/#breadcrumb","itemListElement":[{"@type":"ListItem","position":1,"name":"Home","item":"https:\/\/kttape.ee\/fi\/"},{"@type":"ListItem","position":2,"name":"Mit\u00e4 on KT Tape?"}]},{"@type":"WebSite","@id":"https:\/\/kttape.ee\/fi\/#website","url":"https:\/\/kttape.ee\/fi\/","name":"KT TAPE","description":"health and sport products","publisher":{"@id":"https:\/\/kttape.ee\/fi\/#organization"},"alternateName":"kinesioteip, kinesioloogiline teip, kt teip","potentialAction":[{"@type":"SearchAction","target":{"@type":"EntryPoint","urlTemplate":"https:\/\/kttape.ee\/fi\/?s={search_term_string}"},"query-input":{"@type":"PropertyValueSpecification","valueRequired":true,"valueName":"search_term_string"}}],"inLanguage":"fi-FI"},{"@type":"Organization","@id":"https:\/\/kttape.ee\/fi\/#organization","name":"Monger Baltic O\u00dc","alternateName":"KT TAPE","url":"https:\/\/kttape.ee\/fi\/","logo":{"@type":"ImageObject","inLanguage":"fi-FI","@id":"https:\/\/kttape.ee\/fi\/#\/schema\/logo\/image\/","url":"http:\/\/kttape.ee\/wp-content\/uploads\/2018\/11\/logo-monger-white-1.png","contentUrl":"http:\/\/kttape.ee\/wp-content\/uploads\/2018\/11\/logo-monger-white-1.png","width":826,"height":532,"caption":"Monger Baltic O\u00dc"},"image":{"@id":"https:\/\/kttape.ee\/fi\/#\/schema\/logo\/image\/"},"sameAs":["https:\/\/www.facebook.com\/kttapeeesti","https:\/\/www.instagram.com\/kttape.eesti\/"]}]}},"_links":{"self":[{"href":"https:\/\/kttape.ee\/fi\/wp-json\/wp\/v2\/pages\/1496","targetHints":{"allow":["GET"]}}],"collection":[{"href":"https:\/\/kttape.ee\/fi\/wp-json\/wp\/v2\/pages"}],"about":[{"href":"https:\/\/kttape.ee\/fi\/wp-json\/wp\/v2\/types\/page"}],"author":[{"embeddable":true,"href":"https:\/\/kttape.ee\/fi\/wp-json\/wp\/v2\/users\/1"}],"replies":[{"embeddable":true,"href":"https:\/\/kttape.ee\/fi\/wp-json\/wp\/v2\/comments?post=1496"}],"version-history":[{"count":0,"href":"https:\/\/kttape.ee\/fi\/wp-json\/wp\/v2\/pages\/1496\/revisions"}],"wp:featuredmedia":[{"embeddable":true,"href":"https:\/\/kttape.ee\/fi\/wp-json\/wp\/v2\/media\/6039"}],"wp:attachment":[{"href":"https:\/\/kttape.ee\/fi\/wp-json\/wp\/v2\/media?parent=1496"}],"curies":[{"name":"wp","href":"https:\/\/api.w.org\/{rel}","templated":true}]}}