{"id":1520,"date":"2017-05-24T11:24:14","date_gmt":"2017-05-24T08:24:14","guid":{"rendered":"https:\/\/project.dreamo.ee\/monger\/kttape\/mita-on-kt-tape\/kt-tape-pro\/"},"modified":"2019-07-31T15:42:37","modified_gmt":"2019-07-31T12:42:37","slug":"kt-tape-pro","status":"publish","type":"page","link":"https:\/\/kttape.ee\/fi\/mita-on-kt-tape-kinesioteippi\/kt-tape-pro\/","title":{"rendered":"KT Tape PRO"},"content":{"rendered":"<h1>KT Tape PRO<\/h1>\n<h2>MULLISTAVA UUDISTUS<\/h2>\n<p>KT Tape Pro kest\u00e4\u00e4 kauemmin, tarttuu paremmin ja tukee kuin ei koskaan ennen.<\/p>\n<p>Urheilijat ovat jo vuosia k\u00e4ytt\u00e4neet KT-teippi\u00e4 vammojen aiheuttaman kivun lievitt\u00e4miseen ja toipumisen nopeuttamiseen. Nyt on aika siirty\u00e4 ammattimaiselle tasolle! KT Tape Pro on maailman ensimm\u00e4inen ja ainoa t\u00e4yssynteettinen kinesioteippi, joka tarjoaa helpotusta satoihin lihasten, nivelten ja j\u00e4nteiden vaivoihin. Vahvemmin tarttuva ja elastisesta synteettisest\u00e4 materiaalista valmistettu KT Tape Pro vie kivun, jotta voit keskitty\u00e4 treenaukseen. Seuraavassa esittelemme joitakin ominaisuuksia, jotka erottavat KT Tape Pron puuvillaisista kinesioteipeist\u00e4.<\/p>\n<h2>VAHVEMPI LIIMA-AINE<\/h2>\n<p>KT Tape Pro ei lakkaa toimimasta. Riippumatta siit\u00e4, mit\u00e4 sin\u00e4 teet. KT Tape Pro kest\u00e4\u00e4 \u00e4\u00e4rimm\u00e4isetkin olosuhteet. Se pysyy p\u00e4\u00e4ll\u00e4 koko viikon \u2013 juoksun ja suihkun j\u00e4lkeen, kosteassa ja kylm\u00e4ss\u00e4 s\u00e4\u00e4ss\u00e4 ja jopa uima-altaassa. KT Tape Pron salaisuus piilee patentoidussa SecondSkin Adhesive -teknologiassa, joka kest\u00e4\u00e4 yht\u00e4 kauan kuin sin\u00e4 ja \u2013 \u00e4l\u00e4 pahastu \u2013 todenn\u00e4k\u00f6isesti kauemminkin.<\/p>\n<h2>PAREMPI TUKI<\/h2>\n<p>Kuten varmasti jo tied\u00e4t, maksimaalisen suorituskyvyn varmistamiseen tarvitaan sis\u00e4ist\u00e4 voimaa. T\u00e4m\u00e4 p\u00e4tee my\u00f6s teippeihin. KT Tape Pron sis\u00e4inen vahvuus on vertaansa vailla. Sen joustava synteettinen ydin palvelee tarkoitustaan hyvin ja v\u00e4sym\u00e4tt\u00e4.<\/p>\n<h2>KEST\u00c4\u00c4 2 KERTAA PIDEMP\u00c4\u00c4N<\/h2>\n<p>KT Tape Pro vahvan elastisen ytimen ansiosta teippi s\u00e4ilytt\u00e4\u00e4 joustavuutensa paljon pidemp\u00e4\u00e4n kuin puuvillaiset kinesioteipit. T\u00e4m\u00e4 tarkoittaa, ett\u00e4 teippi tarjoaa varmaa tukea niin kauan kuin treenaat. Kuten urheilijatkin, se panostaa sek\u00e4 voimaan ett\u00e4 kest\u00e4vyyteen.<\/p>\n<p>Lis\u00e4ksi KT Tape Pro on 100 %:sesti hike\u00e4 ja vett\u00e4 kest\u00e4v\u00e4. Toisin kuin puuvillaisia teippej\u00e4 ja tukisiteit\u00e4, KT Tape Pro -teippi\u00e4 voi mukavasti k\u00e4ytt\u00e4\u00e4 suihkussa, uima-altaassa tai merivedess\u00e4. Siit\u00e4 tulee varmasti triathlonistien, uimareiden, surffaajien ja purjehtijoiden suosikki.<\/p>\n<h2>100 % SYNTEETTINEN MIKROKUITU<\/h2>\n<p>Synteettinen mikrokuitu kuivuu nopeasti sek\u00e4 tarjoaa poikkeuksellisen hyv\u00e4n painon ja vahvuuden suhteen. Kuitu on my\u00f6s antimikrobinen, joten teippi\u00e4 voi k\u00e4ytt\u00e4\u00e4 pidemm\u00e4n aikaa ilman ett\u00e4 syntyisi ep\u00e4miellytt\u00e4v\u00e4\u00e4 hajua.<\/p>\n","protected":false},"excerpt":{"rendered":"<p>KT Tape PRO MULLISTAVA UUDISTUS KT Tape Pro kest\u00e4\u00e4 kauemmin, tarttuu paremmin ja tukee kuin ei koskaan ennen. Urheilijat ovat&#8230;<\/p>\n","protected":false},"author":1,"featured_media":0,"parent":1496,"menu_order":33,"comment_status":"closed","ping_status":"closed","template":"template-contact.php","meta":{"_acf_changed":false,"footnotes":""},"class_list":["post-1520","page","type-page","status-publish","hentry"],"acf":[],"yoast_head":"<!-- This site is optimized with the Yoast SEO Premium plugin v27.2 (Yoast SEO v27.5) - https:\/\/yoast.com\/product\/yoast-seo-premium-wordpress\/ -->\n<title>KT Tape PRO - KT Tape Baltics<\/title>\n<meta name=\"robots\" content=\"index, follow, max-snippet:-1, max-image-preview:large, max-video-preview:-1\" \/>\n<link rel=\"canonical\" href=\"http:\/\/kttape.ee\/fi\/mita-on-kt-tape-kinesioteippi\/kt-tape-pro\/\" \/>\n<meta property=\"og:locale\" content=\"fi_FI\" \/>\n<meta property=\"og:type\" content=\"article\" \/>\n<meta property=\"og:title\" content=\"KT Tape PRO\" \/>\n<meta property=\"og:description\" content=\"KT Tape PRO MULLISTAVA UUDISTUS KT Tape Pro kest\u00e4\u00e4 kauemmin, tarttuu paremmin ja tukee kuin ei koskaan ennen. Urheilijat ovat jo vuosia k\u00e4ytt\u00e4neet\" \/>\n<meta property=\"og:url\" content=\"http:\/\/kttape.ee\/fi\/mita-on-kt-tape-kinesioteippi\/kt-tape-pro\/\" \/>\n<meta property=\"og:site_name\" content=\"KT Tape Baltics\" \/>\n<meta property=\"article:publisher\" content=\"https:\/\/www.facebook.com\/kttapeeesti\" \/>\n<meta property=\"article:modified_time\" content=\"2019-07-31T12:42:37+00:00\" \/>\n<meta name=\"twitter:card\" content=\"summary_large_image\" \/>\n<meta name=\"twitter:label1\" content=\"Est. reading time\" \/>\n\t<meta name=\"twitter:data1\" content=\"2 minutes\" \/>\n<script type=\"application\/ld+json\" class=\"yoast-schema-graph\">{\"@context\":\"https:\\\/\\\/schema.org\",\"@graph\":[{\"@type\":\"WebPage\",\"@id\":\"https:\\\/\\\/kttape.ee\\\/fi\\\/mita-on-kt-tape-kinesioteippi\\\/kt-tape-pro\\\/\",\"url\":\"http:\\\/\\\/kttape.ee\\\/fi\\\/mita-on-kt-tape-kinesioteippi\\\/kt-tape-pro\\\/\",\"name\":\"KT Tape PRO - KT Tape Baltics\",\"isPartOf\":{\"@id\":\"https:\\\/\\\/kttape.ee\\\/fi\\\/#website\"},\"datePublished\":\"2017-05-24T08:24:14+00:00\",\"dateModified\":\"2019-07-31T12:42:37+00:00\",\"breadcrumb\":{\"@id\":\"http:\\\/\\\/kttape.ee\\\/fi\\\/mita-on-kt-tape-kinesioteippi\\\/kt-tape-pro\\\/#breadcrumb\"},\"inLanguage\":\"fi-FI\",\"potentialAction\":[{\"@type\":\"ReadAction\",\"target\":[\"http:\\\/\\\/kttape.ee\\\/fi\\\/mita-on-kt-tape-kinesioteippi\\\/kt-tape-pro\\\/\"]}]},{\"@type\":\"BreadcrumbList\",\"@id\":\"http:\\\/\\\/kttape.ee\\\/fi\\\/mita-on-kt-tape-kinesioteippi\\\/kt-tape-pro\\\/#breadcrumb\",\"itemListElement\":[{\"@type\":\"ListItem\",\"position\":1,\"name\":\"Home\",\"item\":\"https:\\\/\\\/kttape.ee\\\/fi\\\/\"},{\"@type\":\"ListItem\",\"position\":2,\"name\":\"Mit\u00e4 on KT Tape?\",\"item\":\"https:\\\/\\\/kttape.ee\\\/fi\\\/mita-on-kt-tape-kinesioteippi\\\/\"},{\"@type\":\"ListItem\",\"position\":3,\"name\":\"KT Tape PRO\"}]},{\"@type\":\"WebSite\",\"@id\":\"https:\\\/\\\/kttape.ee\\\/fi\\\/#website\",\"url\":\"https:\\\/\\\/kttape.ee\\\/fi\\\/\",\"name\":\"KT TAPE\",\"description\":\"health and sport products\",\"publisher\":{\"@id\":\"https:\\\/\\\/kttape.ee\\\/fi\\\/#organization\"},\"alternateName\":\"kinesioteip, kinesioloogiline teip, kt teip\",\"potentialAction\":[{\"@type\":\"SearchAction\",\"target\":{\"@type\":\"EntryPoint\",\"urlTemplate\":\"https:\\\/\\\/kttape.ee\\\/fi\\\/?s={search_term_string}\"},\"query-input\":{\"@type\":\"PropertyValueSpecification\",\"valueRequired\":true,\"valueName\":\"search_term_string\"}}],\"inLanguage\":\"fi-FI\"},{\"@type\":\"Organization\",\"@id\":\"https:\\\/\\\/kttape.ee\\\/fi\\\/#organization\",\"name\":\"Monger Baltic O\u00dc\",\"alternateName\":\"KT TAPE\",\"url\":\"https:\\\/\\\/kttape.ee\\\/fi\\\/\",\"logo\":{\"@type\":\"ImageObject\",\"inLanguage\":\"fi-FI\",\"@id\":\"https:\\\/\\\/kttape.ee\\\/fi\\\/#\\\/schema\\\/logo\\\/image\\\/\",\"url\":\"http:\\\/\\\/kttape.ee\\\/wp-content\\\/uploads\\\/2018\\\/11\\\/logo-monger-white-1.png\",\"contentUrl\":\"http:\\\/\\\/kttape.ee\\\/wp-content\\\/uploads\\\/2018\\\/11\\\/logo-monger-white-1.png\",\"width\":826,\"height\":532,\"caption\":\"Monger Baltic O\u00dc\"},\"image\":{\"@id\":\"https:\\\/\\\/kttape.ee\\\/fi\\\/#\\\/schema\\\/logo\\\/image\\\/\"},\"sameAs\":[\"https:\\\/\\\/www.facebook.com\\\/kttapeeesti\",\"https:\\\/\\\/www.instagram.com\\\/kttape.eesti\\\/\"]}]}<\/script>\n<!-- \/ Yoast SEO Premium plugin. -->","yoast_head_json":{"title":"KT Tape PRO - KT Tape Baltics","robots":{"index":"index","follow":"follow","max-snippet":"max-snippet:-1","max-image-preview":"max-image-preview:large","max-video-preview":"max-video-preview:-1"},"canonical":"http:\/\/kttape.ee\/fi\/mita-on-kt-tape-kinesioteippi\/kt-tape-pro\/","og_locale":"fi_FI","og_type":"article","og_title":"KT Tape PRO","og_description":"KT Tape PRO MULLISTAVA UUDISTUS KT Tape Pro kest\u00e4\u00e4 kauemmin, tarttuu paremmin ja tukee kuin ei koskaan ennen. Urheilijat ovat jo vuosia k\u00e4ytt\u00e4neet","og_url":"http:\/\/kttape.ee\/fi\/mita-on-kt-tape-kinesioteippi\/kt-tape-pro\/","og_site_name":"KT Tape Baltics","article_publisher":"https:\/\/www.facebook.com\/kttapeeesti","article_modified_time":"2019-07-31T12:42:37+00:00","twitter_card":"summary_large_image","twitter_misc":{"Est. reading time":"2 minutes"},"schema":{"@context":"https:\/\/schema.org","@graph":[{"@type":"WebPage","@id":"https:\/\/kttape.ee\/fi\/mita-on-kt-tape-kinesioteippi\/kt-tape-pro\/","url":"http:\/\/kttape.ee\/fi\/mita-on-kt-tape-kinesioteippi\/kt-tape-pro\/","name":"KT Tape PRO - KT Tape Baltics","isPartOf":{"@id":"https:\/\/kttape.ee\/fi\/#website"},"datePublished":"2017-05-24T08:24:14+00:00","dateModified":"2019-07-31T12:42:37+00:00","breadcrumb":{"@id":"http:\/\/kttape.ee\/fi\/mita-on-kt-tape-kinesioteippi\/kt-tape-pro\/#breadcrumb"},"inLanguage":"fi-FI","potentialAction":[{"@type":"ReadAction","target":["http:\/\/kttape.ee\/fi\/mita-on-kt-tape-kinesioteippi\/kt-tape-pro\/"]}]},{"@type":"BreadcrumbList","@id":"http:\/\/kttape.ee\/fi\/mita-on-kt-tape-kinesioteippi\/kt-tape-pro\/#breadcrumb","itemListElement":[{"@type":"ListItem","position":1,"name":"Home","item":"https:\/\/kttape.ee\/fi\/"},{"@type":"ListItem","position":2,"name":"Mit\u00e4 on KT Tape?","item":"https:\/\/kttape.ee\/fi\/mita-on-kt-tape-kinesioteippi\/"},{"@type":"ListItem","position":3,"name":"KT Tape PRO"}]},{"@type":"WebSite","@id":"https:\/\/kttape.ee\/fi\/#website","url":"https:\/\/kttape.ee\/fi\/","name":"KT TAPE","description":"health and sport products","publisher":{"@id":"https:\/\/kttape.ee\/fi\/#organization"},"alternateName":"kinesioteip, kinesioloogiline teip, kt teip","potentialAction":[{"@type":"SearchAction","target":{"@type":"EntryPoint","urlTemplate":"https:\/\/kttape.ee\/fi\/?s={search_term_string}"},"query-input":{"@type":"PropertyValueSpecification","valueRequired":true,"valueName":"search_term_string"}}],"inLanguage":"fi-FI"},{"@type":"Organization","@id":"https:\/\/kttape.ee\/fi\/#organization","name":"Monger Baltic O\u00dc","alternateName":"KT TAPE","url":"https:\/\/kttape.ee\/fi\/","logo":{"@type":"ImageObject","inLanguage":"fi-FI","@id":"https:\/\/kttape.ee\/fi\/#\/schema\/logo\/image\/","url":"http:\/\/kttape.ee\/wp-content\/uploads\/2018\/11\/logo-monger-white-1.png","contentUrl":"http:\/\/kttape.ee\/wp-content\/uploads\/2018\/11\/logo-monger-white-1.png","width":826,"height":532,"caption":"Monger Baltic O\u00dc"},"image":{"@id":"https:\/\/kttape.ee\/fi\/#\/schema\/logo\/image\/"},"sameAs":["https:\/\/www.facebook.com\/kttapeeesti","https:\/\/www.instagram.com\/kttape.eesti\/"]}]}},"_links":{"self":[{"href":"https:\/\/kttape.ee\/fi\/wp-json\/wp\/v2\/pages\/1520","targetHints":{"allow":["GET"]}}],"collection":[{"href":"https:\/\/kttape.ee\/fi\/wp-json\/wp\/v2\/pages"}],"about":[{"href":"https:\/\/kttape.ee\/fi\/wp-json\/wp\/v2\/types\/page"}],"author":[{"embeddable":true,"href":"https:\/\/kttape.ee\/fi\/wp-json\/wp\/v2\/users\/1"}],"replies":[{"embeddable":true,"href":"https:\/\/kttape.ee\/fi\/wp-json\/wp\/v2\/comments?post=1520"}],"version-history":[{"count":0,"href":"https:\/\/kttape.ee\/fi\/wp-json\/wp\/v2\/pages\/1520\/revisions"}],"up":[{"embeddable":true,"href":"https:\/\/kttape.ee\/fi\/wp-json\/wp\/v2\/pages\/1496"}],"wp:attachment":[{"href":"https:\/\/kttape.ee\/fi\/wp-json\/wp\/v2\/media?parent=1520"}],"curies":[{"name":"wp","href":"https:\/\/api.w.org\/{rel}","templated":true}]}}