{"id":1565,"date":"2017-05-24T11:35:07","date_gmt":"2017-05-24T08:35:07","guid":{"rendered":"https:\/\/project.dreamo.ee\/monger\/kttape\/mita-on-kt-tape\/meditsiiniline-info\/"},"modified":"2019-07-31T15:43:13","modified_gmt":"2019-07-31T12:43:13","slug":"laaketieteellinen-tieto","status":"publish","type":"page","link":"https:\/\/kttape.ee\/fi\/mita-on-kt-tape-kinesioteippi\/laaketieteellinen-tieto\/","title":{"rendered":"L\u00e4\u00e4ketieteellinen tieto"},"content":{"rendered":"<h1>L\u00e4\u00e4ketieteellinen tieto<\/h1>\n<p>Kinesioteippi (KT Tape) on hengitt\u00e4v\u00e4, vedenpit\u00e4v\u00e4, pituussuuntaan venyv\u00e4 elastinen teippi, jota l\u00e4\u00e4k\u00e4rit, fysioterapeutit, kiropraktikot, valmentajat ja monet muut l\u00e4\u00e4kinn\u00e4n ja terveydenhuollon ammattilaiset k\u00e4ytt\u00e4v\u00e4t moneen eri tarkoitukseen.<\/p>\n<p>Kinesioteipin k\u00e4ytt\u00f6alue on hyvin laaja. Muun muassa sit\u00e4 k\u00e4ytet\u00e4\u00e4n:<\/p>\n<ul>\n<li>Lihas- ja niveltoiminnan parantamiseen<\/li>\n<li>Biopalautteen saamiseen<\/li>\n<li>Veren- ja lymfakierron aktivointiin<\/li>\n<\/ul>\n<p>KT Tape Pro on suunniteltu niille, jotka odottavat kinesiotepilt\u00e4 enemp\u00e4\u00e4. KT Tape Pro on viel\u00e4kin arvokkaampi ja laadukkaampi, koska yhdess\u00e4 teippirullassa on 20 % enemm\u00e4n vahvaa teippi\u00e4. KT Tape Prosssa k\u00e4ytet\u00e4\u00e4n Step Frequency (SF) teknologiaa eli liima-ainetta, joka on 25 % vahvempi perinteisi\u00e4 liima-aineita, mik\u00e4 antaa enemm\u00e4n tukea ja kestoa \u2013 jopa vedess\u00e4.<\/p>\n<p>KT-Teippi\u00e4 voidaan k\u00e4ytt\u00e4\u00e4 samalla tavalla kuin valkoista urheiluteippi\u00e4 tai McConnell-teippausta, jolloin teippi kiinnitet\u00e4\u00e4n joko osittain tai kokonaan halutulle alueelle. T\u00e4m\u00e4n lis\u00e4ksi teipill\u00e4 on muitakin lis\u00e4ominaisuuksia ja etuja. KT Tapen ominaisuuksien ansiosta sen k\u00e4ytt\u00f6mahdollisuudet ovat monipuolisempia ja kest\u00e4vyys parempi kuin perinteisill\u00e4 urheiluteipeill\u00e4.<\/p>\n<p>Toisin kuin leikattavat teipit, KT Tape Pron valmiiksi leikatut liuskat s\u00e4\u00e4st\u00e4v\u00e4t l\u00e4\u00e4k\u00e4reiden aikaa ja rahaa eiv\u00e4tk\u00e4 mill\u00e4\u00e4n tavoin rajoita liikkeit\u00e4. 25 cm pituiset teippiliuskat irtoavat helposti rullasta, ja niit\u00e4 voidaan k\u00e4ytt\u00e4\u00e4 sek\u00e4 I- ett\u00e4 Y-muotoisina. L\u00e4\u00e4k\u00e4rien mukaan valmiiksi leikattua teippi\u00e4 k\u00e4ytet\u00e4\u00e4n 90 %:ssa kliinisist\u00e4 tapauksista, ja k\u00e4ytt\u00e4jien mielest\u00e4 ne ovat mukavia.<\/p>\n<p>Kinesiologista teippausmenetelm\u00e4\u00e4 on sek\u00e4 Aasiassa ett\u00e4 Euroopassa k\u00e4ytetty l\u00e4hes kolme vuosikymment\u00e4, vaikka Yhdysvalloissa se tuli suosituksi vasta 1990-luvun lopulla. Maailmanlaajuisen tunnustuksen KT Tape saavutti vuoden 2008 Pekingin olympialaisissa.<\/p>\n<h2>TUOTTEEN OMINAISUUDET<\/h2>\n<ul>\n<li>Valmiiksi leikatut liuskat tai klassinen teippirulla<\/li>\n<li>20 % enemm\u00e4n teippi\u00e4 yhdess\u00e4 rullassa (12\u201326 liuskaa)<\/li>\n<li>Suositeltava k\u00e4ytt\u00f6aika max 5 p\u00e4iv\u00e4\u00e4<\/li>\n<li>100 % puuvillaa<\/li>\n<li>Lateksiton<\/li>\n<li>Hengitt\u00e4v\u00e4<\/li>\n<li>Vedenpit\u00e4v\u00e4<\/li>\n<li>Nopea ja helppo asennus<\/li>\n<li>SF liima-aineen ansiosta teippi on eritt\u00e4in kest\u00e4v\u00e4 ja mukava<\/li>\n<li>Parantaa ihon luonnollista kimmoisuutta<\/li>\n<li>Monipuolisemmat k\u00e4ytt\u00f6mahdollisuudet ja parempi kest\u00e4vyys kuin perinteisill\u00e4 urheiluteipeill\u00e4<\/li>\n<li>Saatavana eri v\u00e4reiss\u00e4: musta, sininen, vaaleanpunainen, beige, jne.<\/li>\n<\/ul>\n","protected":false},"excerpt":{"rendered":"<p>L\u00e4\u00e4ketieteellinen tieto Kinesioteippi (KT Tape) on hengitt\u00e4v\u00e4, vedenpit\u00e4v\u00e4, pituussuuntaan venyv\u00e4 elastinen teippi, jota l\u00e4\u00e4k\u00e4rit, fysioterapeutit, kiropraktikot, valmentajat ja monet muut&#8230;<\/p>\n","protected":false},"author":1,"featured_media":0,"parent":1496,"menu_order":27,"comment_status":"closed","ping_status":"closed","template":"","meta":{"_acf_changed":false,"footnotes":""},"class_list":["post-1565","page","type-page","status-publish","hentry"],"acf":[],"yoast_head":"<!-- This site is optimized with the Yoast SEO Premium plugin v23.4 (Yoast SEO v27.3) - https:\/\/yoast.com\/product\/yoast-seo-premium-wordpress\/ -->\n<title>L\u00e4\u00e4ketieteellinen tieto - KT Tape Baltics<\/title>\n<meta name=\"robots\" content=\"index, follow, max-snippet:-1, max-image-preview:large, max-video-preview:-1\" \/>\n<link rel=\"canonical\" href=\"http:\/\/kttape.ee\/fi\/mita-on-kt-tape-kinesioteippi\/laaketieteellinen-tieto\/\" \/>\n<meta property=\"og:locale\" content=\"fi_FI\" \/>\n<meta property=\"og:type\" content=\"article\" \/>\n<meta property=\"og:title\" content=\"L\u00e4\u00e4ketieteellinen tieto\" \/>\n<meta property=\"og:description\" content=\"L\u00e4\u00e4ketieteellinen tieto Kinesioteippi (KT Tape) on hengitt\u00e4v\u00e4, vedenpit\u00e4v\u00e4, pituussuuntaan venyv\u00e4 elastinen teippi, jota l\u00e4\u00e4k\u00e4rit, fysioterapeutit,\" \/>\n<meta property=\"og:url\" content=\"http:\/\/kttape.ee\/fi\/mita-on-kt-tape-kinesioteippi\/laaketieteellinen-tieto\/\" \/>\n<meta property=\"og:site_name\" content=\"KT Tape Baltics\" \/>\n<meta property=\"article:publisher\" content=\"https:\/\/www.facebook.com\/kttapeeesti\" \/>\n<meta property=\"article:modified_time\" content=\"2019-07-31T12:43:13+00:00\" \/>\n<meta name=\"twitter:card\" content=\"summary_large_image\" \/>\n<meta name=\"twitter:label1\" content=\"Est. reading time\" \/>\n\t<meta name=\"twitter:data1\" content=\"2 minutes\" \/>\n<script type=\"application\/ld+json\" class=\"yoast-schema-graph\">{\"@context\":\"https:\\\/\\\/schema.org\",\"@graph\":[{\"@type\":\"WebPage\",\"@id\":\"https:\\\/\\\/kttape.ee\\\/fi\\\/mita-on-kt-tape-kinesioteippi\\\/laaketieteellinen-tieto\\\/\",\"url\":\"http:\\\/\\\/kttape.ee\\\/fi\\\/mita-on-kt-tape-kinesioteippi\\\/laaketieteellinen-tieto\\\/\",\"name\":\"L\u00e4\u00e4ketieteellinen tieto - KT Tape Baltics\",\"isPartOf\":{\"@id\":\"https:\\\/\\\/kttape.ee\\\/fi\\\/#website\"},\"datePublished\":\"2017-05-24T08:35:07+00:00\",\"dateModified\":\"2019-07-31T12:43:13+00:00\",\"breadcrumb\":{\"@id\":\"http:\\\/\\\/kttape.ee\\\/fi\\\/mita-on-kt-tape-kinesioteippi\\\/laaketieteellinen-tieto\\\/#breadcrumb\"},\"inLanguage\":\"fi-FI\",\"potentialAction\":[{\"@type\":\"ReadAction\",\"target\":[\"http:\\\/\\\/kttape.ee\\\/fi\\\/mita-on-kt-tape-kinesioteippi\\\/laaketieteellinen-tieto\\\/\"]}]},{\"@type\":\"BreadcrumbList\",\"@id\":\"http:\\\/\\\/kttape.ee\\\/fi\\\/mita-on-kt-tape-kinesioteippi\\\/laaketieteellinen-tieto\\\/#breadcrumb\",\"itemListElement\":[{\"@type\":\"ListItem\",\"position\":1,\"name\":\"Home\",\"item\":\"https:\\\/\\\/kttape.ee\\\/fi\\\/\"},{\"@type\":\"ListItem\",\"position\":2,\"name\":\"Mit\u00e4 on KT Tape?\",\"item\":\"https:\\\/\\\/kttape.ee\\\/fi\\\/mita-on-kt-tape-kinesioteippi\\\/\"},{\"@type\":\"ListItem\",\"position\":3,\"name\":\"L\u00e4\u00e4ketieteellinen tieto\"}]},{\"@type\":\"WebSite\",\"@id\":\"https:\\\/\\\/kttape.ee\\\/fi\\\/#website\",\"url\":\"https:\\\/\\\/kttape.ee\\\/fi\\\/\",\"name\":\"KT TAPE\",\"description\":\"health and sport products\",\"publisher\":{\"@id\":\"https:\\\/\\\/kttape.ee\\\/fi\\\/#organization\"},\"alternateName\":\"kinesioteip, kinesioloogiline teip, kt teip\",\"potentialAction\":[{\"@type\":\"SearchAction\",\"target\":{\"@type\":\"EntryPoint\",\"urlTemplate\":\"https:\\\/\\\/kttape.ee\\\/fi\\\/?s={search_term_string}\"},\"query-input\":{\"@type\":\"PropertyValueSpecification\",\"valueRequired\":true,\"valueName\":\"search_term_string\"}}],\"inLanguage\":\"fi-FI\"},{\"@type\":\"Organization\",\"@id\":\"https:\\\/\\\/kttape.ee\\\/fi\\\/#organization\",\"name\":\"Monger Baltic O\u00dc\",\"alternateName\":\"KT TAPE\",\"url\":\"https:\\\/\\\/kttape.ee\\\/fi\\\/\",\"logo\":{\"@type\":\"ImageObject\",\"inLanguage\":\"fi-FI\",\"@id\":\"https:\\\/\\\/kttape.ee\\\/fi\\\/#\\\/schema\\\/logo\\\/image\\\/\",\"url\":\"http:\\\/\\\/kttape.ee\\\/wp-content\\\/uploads\\\/2018\\\/11\\\/logo-monger-white-1.png\",\"contentUrl\":\"http:\\\/\\\/kttape.ee\\\/wp-content\\\/uploads\\\/2018\\\/11\\\/logo-monger-white-1.png\",\"width\":826,\"height\":532,\"caption\":\"Monger Baltic O\u00dc\"},\"image\":{\"@id\":\"https:\\\/\\\/kttape.ee\\\/fi\\\/#\\\/schema\\\/logo\\\/image\\\/\"},\"sameAs\":[\"https:\\\/\\\/www.facebook.com\\\/kttapeeesti\",\"https:\\\/\\\/www.instagram.com\\\/kttape.eesti\\\/\"]}]}<\/script>\n<!-- \/ Yoast SEO Premium plugin. -->","yoast_head_json":{"title":"L\u00e4\u00e4ketieteellinen tieto - KT Tape Baltics","robots":{"index":"index","follow":"follow","max-snippet":"max-snippet:-1","max-image-preview":"max-image-preview:large","max-video-preview":"max-video-preview:-1"},"canonical":"http:\/\/kttape.ee\/fi\/mita-on-kt-tape-kinesioteippi\/laaketieteellinen-tieto\/","og_locale":"fi_FI","og_type":"article","og_title":"L\u00e4\u00e4ketieteellinen tieto","og_description":"L\u00e4\u00e4ketieteellinen tieto Kinesioteippi (KT Tape) on hengitt\u00e4v\u00e4, vedenpit\u00e4v\u00e4, pituussuuntaan venyv\u00e4 elastinen teippi, jota l\u00e4\u00e4k\u00e4rit, fysioterapeutit,","og_url":"http:\/\/kttape.ee\/fi\/mita-on-kt-tape-kinesioteippi\/laaketieteellinen-tieto\/","og_site_name":"KT Tape Baltics","article_publisher":"https:\/\/www.facebook.com\/kttapeeesti","article_modified_time":"2019-07-31T12:43:13+00:00","twitter_card":"summary_large_image","twitter_misc":{"Est. reading time":"2 minutes"},"schema":{"@context":"https:\/\/schema.org","@graph":[{"@type":"WebPage","@id":"https:\/\/kttape.ee\/fi\/mita-on-kt-tape-kinesioteippi\/laaketieteellinen-tieto\/","url":"http:\/\/kttape.ee\/fi\/mita-on-kt-tape-kinesioteippi\/laaketieteellinen-tieto\/","name":"L\u00e4\u00e4ketieteellinen tieto - KT Tape Baltics","isPartOf":{"@id":"https:\/\/kttape.ee\/fi\/#website"},"datePublished":"2017-05-24T08:35:07+00:00","dateModified":"2019-07-31T12:43:13+00:00","breadcrumb":{"@id":"http:\/\/kttape.ee\/fi\/mita-on-kt-tape-kinesioteippi\/laaketieteellinen-tieto\/#breadcrumb"},"inLanguage":"fi-FI","potentialAction":[{"@type":"ReadAction","target":["http:\/\/kttape.ee\/fi\/mita-on-kt-tape-kinesioteippi\/laaketieteellinen-tieto\/"]}]},{"@type":"BreadcrumbList","@id":"http:\/\/kttape.ee\/fi\/mita-on-kt-tape-kinesioteippi\/laaketieteellinen-tieto\/#breadcrumb","itemListElement":[{"@type":"ListItem","position":1,"name":"Home","item":"https:\/\/kttape.ee\/fi\/"},{"@type":"ListItem","position":2,"name":"Mit\u00e4 on KT Tape?","item":"https:\/\/kttape.ee\/fi\/mita-on-kt-tape-kinesioteippi\/"},{"@type":"ListItem","position":3,"name":"L\u00e4\u00e4ketieteellinen tieto"}]},{"@type":"WebSite","@id":"https:\/\/kttape.ee\/fi\/#website","url":"https:\/\/kttape.ee\/fi\/","name":"KT TAPE","description":"health and sport products","publisher":{"@id":"https:\/\/kttape.ee\/fi\/#organization"},"alternateName":"kinesioteip, kinesioloogiline teip, kt teip","potentialAction":[{"@type":"SearchAction","target":{"@type":"EntryPoint","urlTemplate":"https:\/\/kttape.ee\/fi\/?s={search_term_string}"},"query-input":{"@type":"PropertyValueSpecification","valueRequired":true,"valueName":"search_term_string"}}],"inLanguage":"fi-FI"},{"@type":"Organization","@id":"https:\/\/kttape.ee\/fi\/#organization","name":"Monger Baltic O\u00dc","alternateName":"KT TAPE","url":"https:\/\/kttape.ee\/fi\/","logo":{"@type":"ImageObject","inLanguage":"fi-FI","@id":"https:\/\/kttape.ee\/fi\/#\/schema\/logo\/image\/","url":"http:\/\/kttape.ee\/wp-content\/uploads\/2018\/11\/logo-monger-white-1.png","contentUrl":"http:\/\/kttape.ee\/wp-content\/uploads\/2018\/11\/logo-monger-white-1.png","width":826,"height":532,"caption":"Monger Baltic O\u00dc"},"image":{"@id":"https:\/\/kttape.ee\/fi\/#\/schema\/logo\/image\/"},"sameAs":["https:\/\/www.facebook.com\/kttapeeesti","https:\/\/www.instagram.com\/kttape.eesti\/"]}]}},"_links":{"self":[{"href":"https:\/\/kttape.ee\/fi\/wp-json\/wp\/v2\/pages\/1565","targetHints":{"allow":["GET"]}}],"collection":[{"href":"https:\/\/kttape.ee\/fi\/wp-json\/wp\/v2\/pages"}],"about":[{"href":"https:\/\/kttape.ee\/fi\/wp-json\/wp\/v2\/types\/page"}],"author":[{"embeddable":true,"href":"https:\/\/kttape.ee\/fi\/wp-json\/wp\/v2\/users\/1"}],"replies":[{"embeddable":true,"href":"https:\/\/kttape.ee\/fi\/wp-json\/wp\/v2\/comments?post=1565"}],"version-history":[{"count":0,"href":"https:\/\/kttape.ee\/fi\/wp-json\/wp\/v2\/pages\/1565\/revisions"}],"up":[{"embeddable":true,"href":"https:\/\/kttape.ee\/fi\/wp-json\/wp\/v2\/pages\/1496"}],"wp:attachment":[{"href":"https:\/\/kttape.ee\/fi\/wp-json\/wp\/v2\/media?parent=1565"}],"curies":[{"name":"wp","href":"https:\/\/api.w.org\/{rel}","templated":true}]}}