{"id":1584,"date":"2017-05-24T11:44:41","date_gmt":"2017-05-24T08:44:41","guid":{"rendered":"https:\/\/project.dreamo.ee\/monger\/kttape\/mita-on-kt-tape\/korduvad-kusimused\/"},"modified":"2019-07-31T15:45:14","modified_gmt":"2019-07-31T12:45:14","slug":"usein-kysytyt-kysymykset","status":"publish","type":"page","link":"https:\/\/kttape.ee\/fi\/mita-on-kt-tape-kinesioteippi\/usein-kysytyt-kysymykset\/","title":{"rendered":"Usein kysytyt kysymykset"},"content":{"rendered":"<h1>Usein kysytyt kysymykset<\/h1>\n<h2>Mit\u00e4 tarkoittaa kinesiologinen teippaus?<\/h2>\n<p>Kinesioteippaus on kuntoutuksessa k\u00e4ytett\u00e4v\u00e4 teippausmenetelm\u00e4, joka aktivoi kehon omia paranemisprosesseja sek\u00e4 tukee ja vakauttaa niveli\u00e4 ja lihaksia, rajoittamatta samalla liikett\u00e4. Kinesioteippaus vaikuttaa my\u00f6s pehmytkudoksiin ja pident\u00e4\u00e4 manuaalisen hoidon vaikutusta.<\/p>\n<p>Kinesioloteippi\u00e4 on k\u00e4ytetty jo yli kolmekymment\u00e4 vuotta. Ortopedit, kiropraktikot, fysioterapeutit ja valmentajat ovat k\u00e4ytt\u00e4neet kinesioteippi\u00e4 ja sen sovelluksia, hoitaakseen ja ehk\u00e4ist\u00e4kseen yleisi\u00e4 urheiluvammoja.<\/p>\n<h2>Mit\u00e4 pakkaus sis\u00e4lt\u00e4\u00e4?<\/h2>\n<ul>\n<li>20 valmiiksi leikattua teippiliuskaa 16\u2032 rullassa<\/li>\n<li>Valmiiksi leikatut liuskat ovat heti k\u00e4ytt\u00f6valmiita. LEIKKAUSTA EI TARVITA.<\/li>\n<li>Tarpeeksi teippi\u00e4 n. 10\u201320 sovellukseen per rulla<\/li>\n<li>Riitt\u00e4\u00e4 yleens\u00e4 n. 40\u201360 p\u00e4iv\u00e4ksi, riippuen k\u00e4yt\u00f6st\u00e4<\/li>\n<li>KT-teippi\u00e4 voi k\u00e4ytt\u00e4\u00e4 uima-altaassa tai suihkussa, ilman ett\u00e4 se irtoaa<\/li>\n<li>Sis\u00e4lt\u00e4\u00e4 perusteelliset k\u00e4ytt\u00f6ohjeet<\/li>\n<li>Saatavana eri v\u00e4reiss\u00e4: musta, sininen, vaaleanpunainen, beige, punainen, vihre\u00e4 ja muut<\/li>\n<\/ul>\n<h2>Suositeltavat s\u00e4ilytysolosuhteet<\/h2>\n<p>Parhaan tuloksen saavuttamiseksi KT Tape Pro -teippi\u00e4 tulisi s\u00e4ilytt\u00e4\u00e4 viile\u00e4ss\u00e4, kuivassa ja hyvin ilmastoidussa tilassa. S\u00e4ilytyksess\u00e4 tulisi v\u00e4ltt\u00e4\u00e4 suoraa auringonvaloa, korkeita l\u00e4mp\u00f6tiloja (yli 35 \u00baC) ja korkeaa ilmankosteutta (yli 65 %). Parhaan tuloksen takaa tuotteen k\u00e4ytt\u00f6 vuoden kuluessa oston j\u00e4lkeen.<\/p>\n<p>5 terveydentilaa, joissa ei saisi k\u00e4ytt\u00e4\u00e4 KT-teippi\u00e4<\/p>\n<p>KT Tape on eritt\u00e4in tehokas hoitamaan monenlaisia vammoja ja kipua. On kuitenkin olemassa tapauksia, joissa KT-teippi\u00e4 ei tulisi k\u00e4ytt\u00e4\u00e4. KT-teipin yksi t\u00e4rkeimmist\u00e4 teht\u00e4vist\u00e4 on parantaa nesteen kiertoa elimist\u00f6ss\u00e4. Joissakin tapauksissa t\u00e4m\u00e4 toiminta voi kuitenkin osoittautua haitalliseksi. N\u00e4iss\u00e4 harvinaisissa tapauksissa KT-teippi\u00e4 ei saisi k\u00e4ytt\u00e4\u00e4. Seuraavaa melko perusteellista listaa ei tulisi pit\u00e4\u00e4 kattavana:<\/p>\n<ol>\n<li>Syv\u00e4 laskimotukos (SVT tai veritulppia) &#8211; verihyytym\u00e4n joutuminen syd\u00e4meen, aivoihin tai keuhkoihin voi olla hengenvaarallista. Teipin k\u00e4ytt\u00f6 trombin tapauksessa on eritt\u00e4in vaarallista eik\u00e4 sit\u00e4 saisi koskaan tehd\u00e4.<\/li>\n<li>Munuaisten vajaatoiminta \u2013 jos munuaiset eiv\u00e4t pysty poistamaan ylim\u00e4\u00e4r\u00e4ist\u00e4 nestett\u00e4, on hyvin vaarallista johtaa niihin lis\u00e4\u00e4 nestett\u00e4. Teipin k\u00e4ytt\u00f6 miss\u00e4 tahansa kehon alueella voi heikent\u00e4\u00e4 munuaisten toimintaa.<\/li>\n<li>Kognestiivinen syd\u00e4men vajaatoiminta \u2013 periaate on sama kuin munuaisten vajaatoiminnassa. Nesteen johtaminen takaisin heikkoon syd\u00e4meen voi aiheuttaa syd\u00e4men ylikuormituksen.<\/li>\n<li>Infektio \u2013 teippi\u00e4 ei saa koskaan laittaa infektion l\u00e4heisyyteen. Infektioon liittyv\u00e4n nesteen kierto voi aiheuttaa infektion levi\u00e4mist\u00e4.<\/li>\n<li>Sy\u00f6p\u00e4 \u2013 jos sy\u00f6p\u00e4soluja esiintyy elimist\u00f6ss\u00e4, teipin k\u00e4ytt\u00f6 voi aiheuttaa niiden solujen levi\u00e4mist\u00e4 muille kehon alueille. Pahanlaatuisten kasvaimien tapauksessa teippi\u00e4 ei saa k\u00e4ytt\u00e4\u00e4 miss\u00e4\u00e4n tapauksessa.<\/li>\n<\/ol>\n<p>Jos sinulla on kysytt\u00e4v\u00e4\u00e4 tai jos olet ep\u00e4varma KT-teipin sopivuudesta, ota yhteys l\u00e4\u00e4k\u00e4riin.<br \/>\nLis\u00e4tietoja vammojen hoidosta ja ehk\u00e4isyst\u00e4 l\u00f6ytyy KT-Tape -foorumista osoitteessa https:\/\/www.kttape.com\/forum\/. Tietoa jakoi Tri. Cindy Bailey.<\/p>\n","protected":false},"excerpt":{"rendered":"<p>Usein kysytyt kysymykset Mit\u00e4 tarkoittaa kinesiologinen teippaus? Kinesioteippaus on kuntoutuksessa k\u00e4ytett\u00e4v\u00e4 teippausmenetelm\u00e4, joka aktivoi kehon omia paranemisprosesseja sek\u00e4 tukee ja&#8230;<\/p>\n","protected":false},"author":1,"featured_media":0,"parent":1496,"menu_order":42,"comment_status":"closed","ping_status":"closed","template":"","meta":{"_acf_changed":false,"footnotes":""},"class_list":["post-1584","page","type-page","status-publish","hentry"],"acf":[],"yoast_head":"<!-- This site is optimized with the Yoast SEO Premium plugin v23.4 (Yoast SEO v27.3) - https:\/\/yoast.com\/product\/yoast-seo-premium-wordpress\/ -->\n<title>Usein kysytyt kysymykset - KT Tape Baltics<\/title>\n<meta name=\"description\" content=\"Siit leiate vastused enim esitatud k\u00fcsimustele kinesioloogilise teibi ja teipimise kohta. Samuti konkreetselt KT Tape kohta.\" \/>\n<meta name=\"robots\" content=\"index, follow, max-snippet:-1, max-image-preview:large, max-video-preview:-1\" \/>\n<link rel=\"canonical\" href=\"http:\/\/kttape.ee\/fi\/mita-on-kt-tape-kinesioteippi\/usein-kysytyt-kysymykset\/\" \/>\n<meta property=\"og:locale\" content=\"fi_FI\" \/>\n<meta property=\"og:type\" content=\"article\" \/>\n<meta property=\"og:title\" content=\"Usein kysytyt kysymykset\" \/>\n<meta property=\"og:description\" content=\"Usein kysytyt kysymykset Mit\u00e4 tarkoittaa kinesiologinen teippaus? Kinesioteippaus on kuntoutuksessa k\u00e4ytett\u00e4v\u00e4 teippausmenetelm\u00e4, joka aktivoi kehon omia\" \/>\n<meta property=\"og:url\" content=\"http:\/\/kttape.ee\/fi\/mita-on-kt-tape-kinesioteippi\/usein-kysytyt-kysymykset\/\" \/>\n<meta property=\"og:site_name\" content=\"KT Tape Baltics\" \/>\n<meta property=\"article:publisher\" content=\"https:\/\/www.facebook.com\/kttapeeesti\" \/>\n<meta property=\"article:modified_time\" content=\"2019-07-31T12:45:14+00:00\" \/>\n<meta name=\"twitter:card\" content=\"summary_large_image\" \/>\n<meta name=\"twitter:label1\" content=\"Est. reading time\" \/>\n\t<meta name=\"twitter:data1\" content=\"2 minutes\" \/>\n<script type=\"application\/ld+json\" class=\"yoast-schema-graph\">{\"@context\":\"https:\\\/\\\/schema.org\",\"@graph\":[{\"@type\":\"WebPage\",\"@id\":\"https:\\\/\\\/kttape.ee\\\/fi\\\/mita-on-kt-tape-kinesioteippi\\\/usein-kysytyt-kysymykset\\\/\",\"url\":\"http:\\\/\\\/kttape.ee\\\/fi\\\/mita-on-kt-tape-kinesioteippi\\\/usein-kysytyt-kysymykset\\\/\",\"name\":\"Usein kysytyt kysymykset - KT Tape Baltics\",\"isPartOf\":{\"@id\":\"https:\\\/\\\/kttape.ee\\\/fi\\\/#website\"},\"datePublished\":\"2017-05-24T08:44:41+00:00\",\"dateModified\":\"2019-07-31T12:45:14+00:00\",\"description\":\"Siit leiate vastused enim esitatud k\u00fcsimustele kinesioloogilise teibi ja teipimise kohta. Samuti konkreetselt KT Tape kohta.\",\"breadcrumb\":{\"@id\":\"http:\\\/\\\/kttape.ee\\\/fi\\\/mita-on-kt-tape-kinesioteippi\\\/usein-kysytyt-kysymykset\\\/#breadcrumb\"},\"inLanguage\":\"fi-FI\",\"potentialAction\":[{\"@type\":\"ReadAction\",\"target\":[\"http:\\\/\\\/kttape.ee\\\/fi\\\/mita-on-kt-tape-kinesioteippi\\\/usein-kysytyt-kysymykset\\\/\"]}]},{\"@type\":\"BreadcrumbList\",\"@id\":\"http:\\\/\\\/kttape.ee\\\/fi\\\/mita-on-kt-tape-kinesioteippi\\\/usein-kysytyt-kysymykset\\\/#breadcrumb\",\"itemListElement\":[{\"@type\":\"ListItem\",\"position\":1,\"name\":\"Home\",\"item\":\"https:\\\/\\\/kttape.ee\\\/fi\\\/\"},{\"@type\":\"ListItem\",\"position\":2,\"name\":\"Mit\u00e4 on KT Tape?\",\"item\":\"https:\\\/\\\/kttape.ee\\\/fi\\\/mita-on-kt-tape-kinesioteippi\\\/\"},{\"@type\":\"ListItem\",\"position\":3,\"name\":\"Usein kysytyt kysymykset\"}]},{\"@type\":\"WebSite\",\"@id\":\"https:\\\/\\\/kttape.ee\\\/fi\\\/#website\",\"url\":\"https:\\\/\\\/kttape.ee\\\/fi\\\/\",\"name\":\"KT TAPE\",\"description\":\"health and sport products\",\"publisher\":{\"@id\":\"https:\\\/\\\/kttape.ee\\\/fi\\\/#organization\"},\"alternateName\":\"kinesioteip, kinesioloogiline teip, kt teip\",\"potentialAction\":[{\"@type\":\"SearchAction\",\"target\":{\"@type\":\"EntryPoint\",\"urlTemplate\":\"https:\\\/\\\/kttape.ee\\\/fi\\\/?s={search_term_string}\"},\"query-input\":{\"@type\":\"PropertyValueSpecification\",\"valueRequired\":true,\"valueName\":\"search_term_string\"}}],\"inLanguage\":\"fi-FI\"},{\"@type\":\"Organization\",\"@id\":\"https:\\\/\\\/kttape.ee\\\/fi\\\/#organization\",\"name\":\"Monger Baltic O\u00dc\",\"alternateName\":\"KT TAPE\",\"url\":\"https:\\\/\\\/kttape.ee\\\/fi\\\/\",\"logo\":{\"@type\":\"ImageObject\",\"inLanguage\":\"fi-FI\",\"@id\":\"https:\\\/\\\/kttape.ee\\\/fi\\\/#\\\/schema\\\/logo\\\/image\\\/\",\"url\":\"http:\\\/\\\/kttape.ee\\\/wp-content\\\/uploads\\\/2018\\\/11\\\/logo-monger-white-1.png\",\"contentUrl\":\"http:\\\/\\\/kttape.ee\\\/wp-content\\\/uploads\\\/2018\\\/11\\\/logo-monger-white-1.png\",\"width\":826,\"height\":532,\"caption\":\"Monger Baltic O\u00dc\"},\"image\":{\"@id\":\"https:\\\/\\\/kttape.ee\\\/fi\\\/#\\\/schema\\\/logo\\\/image\\\/\"},\"sameAs\":[\"https:\\\/\\\/www.facebook.com\\\/kttapeeesti\",\"https:\\\/\\\/www.instagram.com\\\/kttape.eesti\\\/\"]}]}<\/script>\n<!-- \/ Yoast SEO Premium plugin. -->","yoast_head_json":{"title":"Usein kysytyt kysymykset - KT Tape Baltics","description":"Siit leiate vastused enim esitatud k\u00fcsimustele kinesioloogilise teibi ja teipimise kohta. Samuti konkreetselt KT Tape kohta.","robots":{"index":"index","follow":"follow","max-snippet":"max-snippet:-1","max-image-preview":"max-image-preview:large","max-video-preview":"max-video-preview:-1"},"canonical":"http:\/\/kttape.ee\/fi\/mita-on-kt-tape-kinesioteippi\/usein-kysytyt-kysymykset\/","og_locale":"fi_FI","og_type":"article","og_title":"Usein kysytyt kysymykset","og_description":"Usein kysytyt kysymykset Mit\u00e4 tarkoittaa kinesiologinen teippaus? Kinesioteippaus on kuntoutuksessa k\u00e4ytett\u00e4v\u00e4 teippausmenetelm\u00e4, joka aktivoi kehon omia","og_url":"http:\/\/kttape.ee\/fi\/mita-on-kt-tape-kinesioteippi\/usein-kysytyt-kysymykset\/","og_site_name":"KT Tape Baltics","article_publisher":"https:\/\/www.facebook.com\/kttapeeesti","article_modified_time":"2019-07-31T12:45:14+00:00","twitter_card":"summary_large_image","twitter_misc":{"Est. reading time":"2 minutes"},"schema":{"@context":"https:\/\/schema.org","@graph":[{"@type":"WebPage","@id":"https:\/\/kttape.ee\/fi\/mita-on-kt-tape-kinesioteippi\/usein-kysytyt-kysymykset\/","url":"http:\/\/kttape.ee\/fi\/mita-on-kt-tape-kinesioteippi\/usein-kysytyt-kysymykset\/","name":"Usein kysytyt kysymykset - KT Tape Baltics","isPartOf":{"@id":"https:\/\/kttape.ee\/fi\/#website"},"datePublished":"2017-05-24T08:44:41+00:00","dateModified":"2019-07-31T12:45:14+00:00","description":"Siit leiate vastused enim esitatud k\u00fcsimustele kinesioloogilise teibi ja teipimise kohta. Samuti konkreetselt KT Tape kohta.","breadcrumb":{"@id":"http:\/\/kttape.ee\/fi\/mita-on-kt-tape-kinesioteippi\/usein-kysytyt-kysymykset\/#breadcrumb"},"inLanguage":"fi-FI","potentialAction":[{"@type":"ReadAction","target":["http:\/\/kttape.ee\/fi\/mita-on-kt-tape-kinesioteippi\/usein-kysytyt-kysymykset\/"]}]},{"@type":"BreadcrumbList","@id":"http:\/\/kttape.ee\/fi\/mita-on-kt-tape-kinesioteippi\/usein-kysytyt-kysymykset\/#breadcrumb","itemListElement":[{"@type":"ListItem","position":1,"name":"Home","item":"https:\/\/kttape.ee\/fi\/"},{"@type":"ListItem","position":2,"name":"Mit\u00e4 on KT Tape?","item":"https:\/\/kttape.ee\/fi\/mita-on-kt-tape-kinesioteippi\/"},{"@type":"ListItem","position":3,"name":"Usein kysytyt kysymykset"}]},{"@type":"WebSite","@id":"https:\/\/kttape.ee\/fi\/#website","url":"https:\/\/kttape.ee\/fi\/","name":"KT TAPE","description":"health and sport products","publisher":{"@id":"https:\/\/kttape.ee\/fi\/#organization"},"alternateName":"kinesioteip, kinesioloogiline teip, kt teip","potentialAction":[{"@type":"SearchAction","target":{"@type":"EntryPoint","urlTemplate":"https:\/\/kttape.ee\/fi\/?s={search_term_string}"},"query-input":{"@type":"PropertyValueSpecification","valueRequired":true,"valueName":"search_term_string"}}],"inLanguage":"fi-FI"},{"@type":"Organization","@id":"https:\/\/kttape.ee\/fi\/#organization","name":"Monger Baltic O\u00dc","alternateName":"KT TAPE","url":"https:\/\/kttape.ee\/fi\/","logo":{"@type":"ImageObject","inLanguage":"fi-FI","@id":"https:\/\/kttape.ee\/fi\/#\/schema\/logo\/image\/","url":"http:\/\/kttape.ee\/wp-content\/uploads\/2018\/11\/logo-monger-white-1.png","contentUrl":"http:\/\/kttape.ee\/wp-content\/uploads\/2018\/11\/logo-monger-white-1.png","width":826,"height":532,"caption":"Monger Baltic O\u00dc"},"image":{"@id":"https:\/\/kttape.ee\/fi\/#\/schema\/logo\/image\/"},"sameAs":["https:\/\/www.facebook.com\/kttapeeesti","https:\/\/www.instagram.com\/kttape.eesti\/"]}]}},"_links":{"self":[{"href":"https:\/\/kttape.ee\/fi\/wp-json\/wp\/v2\/pages\/1584","targetHints":{"allow":["GET"]}}],"collection":[{"href":"https:\/\/kttape.ee\/fi\/wp-json\/wp\/v2\/pages"}],"about":[{"href":"https:\/\/kttape.ee\/fi\/wp-json\/wp\/v2\/types\/page"}],"author":[{"embeddable":true,"href":"https:\/\/kttape.ee\/fi\/wp-json\/wp\/v2\/users\/1"}],"replies":[{"embeddable":true,"href":"https:\/\/kttape.ee\/fi\/wp-json\/wp\/v2\/comments?post=1584"}],"version-history":[{"count":0,"href":"https:\/\/kttape.ee\/fi\/wp-json\/wp\/v2\/pages\/1584\/revisions"}],"up":[{"embeddable":true,"href":"https:\/\/kttape.ee\/fi\/wp-json\/wp\/v2\/pages\/1496"}],"wp:attachment":[{"href":"https:\/\/kttape.ee\/fi\/wp-json\/wp\/v2\/media?parent=1584"}],"curies":[{"name":"wp","href":"https:\/\/api.w.org\/{rel}","templated":true}]}}