{"id":1781,"date":"2017-05-24T12:59:10","date_gmt":"2017-05-24T09:59:10","guid":{"rendered":"https:\/\/project.dreamo.ee\/monger\/kttape\/kayttoohjeet\/teibi-pusivus\/"},"modified":"2019-07-06T16:03:39","modified_gmt":"2019-07-06T13:03:39","slug":"teipin-pysyvyys","status":"publish","type":"page","link":"https:\/\/kttape.ee\/fi\/kayttoohjeet\/teipin-pysyvyys\/","title":{"rendered":"Teipin pysyvyys"},"content":{"rendered":"<h1>TEIPIN PYSYVYYS<\/h1>\n<p>KT Tape on valmistettu niin, ett\u00e4 se pysyy hyvin p\u00e4\u00e4ll\u00e4 ja on hell\u00e4varainen iholle. Oikein asennettuna ja k\u00e4ytettyn\u00e4 KT Tape pysyy p\u00e4\u00e4ll\u00e4 2\u20137 p\u00e4iv\u00e4\u00e4, riippuen alueesta, mik\u00e4 on teipattu. Jalkoihin asennetut teipit pysyv\u00e4t p\u00e4\u00e4ll\u00e4 2 p\u00e4iv\u00e4\u00e4, suurempien lihasryhmien sovellukset 5 p\u00e4iv\u00e4\u00e4. Seuraa alla olevia ohjeita, varmistaaksesi teipin hyv\u00e4 pysyvyys.<\/p>\n<ol>\n<li>Ihon valmistelu \u2013 Puhdista teipattava alue esimerkiksi alkoholilla. N\u00e4in varmistat, ettei iho ole rasvainen eik\u00e4 siin\u00e4 ole \u00f6ljyn tai voiteen j\u00e4\u00e4mi\u00e4. Jos on tarpeen, ajaa ihonkarvat sek\u00e4 lopuksi kuivaa iho.<\/li>\n<li>Kun leikkaat teippi\u00e4, niin py\u00f6rist\u00e4 palojen kulmat. Jos sinulla on valmiiksi leikattu teippi, niin liuskojen kulmat on jo py\u00f6ristetty, mutta kun leikkaat n\u00e4ist\u00e4 pienempi\u00e4 paloja, py\u00f6rist\u00e4 niidenkin kulmat.<\/li>\n<li>Ihon t\u00e4ytyy olla kire\u00e4ll\u00e4, kun asennat teippi\u00e4. Joissakin opetusvideoissa se ei ole selv\u00e4sti esill\u00e4, mutta varmista, ett\u00e4 asennat teipin kire\u00e4lle iholle.<\/li>\n<li>Teipin p\u00e4it\u00e4 ei saa kirist\u00e4\u00e4! Laitoimme t\u00e4h\u00e4n huutomerkin, koska jopa kokeneet teippaajat unohtavat sen joskus. Teipin kummastakin p\u00e4\u00e4st\u00e4 4 cm tulee asentaa niin, ett\u00e4 kiristys vapautetaan ja teippi asetetaan vapaasti iholle. Teippi on jo suojapaperilla 10 %:sesti kiristettyn\u00e4, mik\u00e4 tarkoittaa, ett\u00e4 se on teipin p\u00e4ille riitt\u00e4v\u00e4 venytys.<\/li>\n<li>Lopuksi hiero p\u00e4\u00e4lleasennettua teippi\u00e4 energisesti. N\u00e4in syntyy l\u00e4mp\u00f6, joka aktivoi liima-aineen. Kun teippi alkaa irrota kulmista, niin on mahdollista, ettet noudattanut edellisen kohdan ohjeita tai sitten on koko teippi asennettu p\u00e4\u00e4lle liian kire\u00e4n\u00e4.<\/li>\n<li>Parhaan tuloksen saamiseksi laita teippi p\u00e4\u00e4lle ainakin 30 minuuttia ennen fyysist\u00e4 suoritusta, optimaalinen aika siihen on 1 tunti.<\/li>\n<\/ol>\n","protected":false},"excerpt":{"rendered":"<p>TEIPIN PYSYVYYS KT Tape on valmistettu niin, ett\u00e4 se pysyy hyvin p\u00e4\u00e4ll\u00e4 ja on hell\u00e4varainen iholle. Oikein asennettuna ja k\u00e4ytettyn\u00e4&#8230;<\/p>\n","protected":false},"author":1,"featured_media":0,"parent":1651,"menu_order":114,"comment_status":"closed","ping_status":"closed","template":"template-contact.php","meta":{"_acf_changed":false,"footnotes":""},"class_list":["post-1781","page","type-page","status-publish","hentry"],"acf":[],"yoast_head":"<!-- This site is optimized with the Yoast SEO Premium plugin v23.4 (Yoast SEO v27.3) - https:\/\/yoast.com\/product\/yoast-seo-premium-wordpress\/ -->\n<title>Teipin pysyvyys - KT Tape Baltics<\/title>\n<meta name=\"robots\" content=\"index, follow, max-snippet:-1, max-image-preview:large, max-video-preview:-1\" \/>\n<link rel=\"canonical\" href=\"http:\/\/kttape.ee\/fi\/kayttoohjeet\/teipin-pysyvyys\/\" \/>\n<meta property=\"og:locale\" content=\"fi_FI\" \/>\n<meta property=\"og:type\" content=\"article\" \/>\n<meta property=\"og:title\" content=\"Teipin pysyvyys\" \/>\n<meta property=\"og:description\" content=\"TEIPIN PYSYVYYS KT Tape on valmistettu niin, ett\u00e4 se pysyy hyvin p\u00e4\u00e4ll\u00e4 ja on hell\u00e4varainen iholle. Oikein asennettuna ja k\u00e4ytettyn\u00e4 KT Tape pysyy p\u00e4\u00e4ll\u00e4\" \/>\n<meta property=\"og:url\" content=\"http:\/\/kttape.ee\/fi\/kayttoohjeet\/teipin-pysyvyys\/\" \/>\n<meta property=\"og:site_name\" content=\"KT Tape Baltics\" \/>\n<meta property=\"article:publisher\" content=\"https:\/\/www.facebook.com\/kttapeeesti\" \/>\n<meta property=\"article:modified_time\" content=\"2019-07-06T13:03:39+00:00\" \/>\n<meta name=\"twitter:card\" content=\"summary_large_image\" \/>\n<meta name=\"twitter:label1\" content=\"Est. reading time\" \/>\n\t<meta name=\"twitter:data1\" content=\"1 minute\" \/>\n<script type=\"application\/ld+json\" class=\"yoast-schema-graph\">{\"@context\":\"https:\\\/\\\/schema.org\",\"@graph\":[{\"@type\":\"WebPage\",\"@id\":\"https:\\\/\\\/kttape.ee\\\/fi\\\/kayttoohjeet\\\/teipin-pysyvyys\\\/\",\"url\":\"http:\\\/\\\/kttape.ee\\\/fi\\\/kayttoohjeet\\\/teipin-pysyvyys\\\/\",\"name\":\"Teipin pysyvyys - KT Tape Baltics\",\"isPartOf\":{\"@id\":\"https:\\\/\\\/kttape.ee\\\/fi\\\/#website\"},\"datePublished\":\"2017-05-24T09:59:10+00:00\",\"dateModified\":\"2019-07-06T13:03:39+00:00\",\"breadcrumb\":{\"@id\":\"http:\\\/\\\/kttape.ee\\\/fi\\\/kayttoohjeet\\\/teipin-pysyvyys\\\/#breadcrumb\"},\"inLanguage\":\"fi-FI\",\"potentialAction\":[{\"@type\":\"ReadAction\",\"target\":[\"http:\\\/\\\/kttape.ee\\\/fi\\\/kayttoohjeet\\\/teipin-pysyvyys\\\/\"]}]},{\"@type\":\"BreadcrumbList\",\"@id\":\"http:\\\/\\\/kttape.ee\\\/fi\\\/kayttoohjeet\\\/teipin-pysyvyys\\\/#breadcrumb\",\"itemListElement\":[{\"@type\":\"ListItem\",\"position\":1,\"name\":\"Home\",\"item\":\"https:\\\/\\\/kttape.ee\\\/fi\\\/\"},{\"@type\":\"ListItem\",\"position\":2,\"name\":\"Kaytt\u00f6ohjeet\",\"item\":\"https:\\\/\\\/kttape.ee\\\/fi\\\/kayttoohjeet\\\/\"},{\"@type\":\"ListItem\",\"position\":3,\"name\":\"Teipin pysyvyys\"}]},{\"@type\":\"WebSite\",\"@id\":\"https:\\\/\\\/kttape.ee\\\/fi\\\/#website\",\"url\":\"https:\\\/\\\/kttape.ee\\\/fi\\\/\",\"name\":\"KT TAPE\",\"description\":\"health and sport products\",\"publisher\":{\"@id\":\"https:\\\/\\\/kttape.ee\\\/fi\\\/#organization\"},\"alternateName\":\"kinesioteip, kinesioloogiline teip, kt teip\",\"potentialAction\":[{\"@type\":\"SearchAction\",\"target\":{\"@type\":\"EntryPoint\",\"urlTemplate\":\"https:\\\/\\\/kttape.ee\\\/fi\\\/?s={search_term_string}\"},\"query-input\":{\"@type\":\"PropertyValueSpecification\",\"valueRequired\":true,\"valueName\":\"search_term_string\"}}],\"inLanguage\":\"fi-FI\"},{\"@type\":\"Organization\",\"@id\":\"https:\\\/\\\/kttape.ee\\\/fi\\\/#organization\",\"name\":\"Monger Baltic O\u00dc\",\"alternateName\":\"KT TAPE\",\"url\":\"https:\\\/\\\/kttape.ee\\\/fi\\\/\",\"logo\":{\"@type\":\"ImageObject\",\"inLanguage\":\"fi-FI\",\"@id\":\"https:\\\/\\\/kttape.ee\\\/fi\\\/#\\\/schema\\\/logo\\\/image\\\/\",\"url\":\"http:\\\/\\\/kttape.ee\\\/wp-content\\\/uploads\\\/2018\\\/11\\\/logo-monger-white-1.png\",\"contentUrl\":\"http:\\\/\\\/kttape.ee\\\/wp-content\\\/uploads\\\/2018\\\/11\\\/logo-monger-white-1.png\",\"width\":826,\"height\":532,\"caption\":\"Monger Baltic O\u00dc\"},\"image\":{\"@id\":\"https:\\\/\\\/kttape.ee\\\/fi\\\/#\\\/schema\\\/logo\\\/image\\\/\"},\"sameAs\":[\"https:\\\/\\\/www.facebook.com\\\/kttapeeesti\",\"https:\\\/\\\/www.instagram.com\\\/kttape.eesti\\\/\"]}]}<\/script>\n<!-- \/ Yoast SEO Premium plugin. -->","yoast_head_json":{"title":"Teipin pysyvyys - KT Tape Baltics","robots":{"index":"index","follow":"follow","max-snippet":"max-snippet:-1","max-image-preview":"max-image-preview:large","max-video-preview":"max-video-preview:-1"},"canonical":"http:\/\/kttape.ee\/fi\/kayttoohjeet\/teipin-pysyvyys\/","og_locale":"fi_FI","og_type":"article","og_title":"Teipin pysyvyys","og_description":"TEIPIN PYSYVYYS KT Tape on valmistettu niin, ett\u00e4 se pysyy hyvin p\u00e4\u00e4ll\u00e4 ja on hell\u00e4varainen iholle. Oikein asennettuna ja k\u00e4ytettyn\u00e4 KT Tape pysyy p\u00e4\u00e4ll\u00e4","og_url":"http:\/\/kttape.ee\/fi\/kayttoohjeet\/teipin-pysyvyys\/","og_site_name":"KT Tape Baltics","article_publisher":"https:\/\/www.facebook.com\/kttapeeesti","article_modified_time":"2019-07-06T13:03:39+00:00","twitter_card":"summary_large_image","twitter_misc":{"Est. reading time":"1 minute"},"schema":{"@context":"https:\/\/schema.org","@graph":[{"@type":"WebPage","@id":"https:\/\/kttape.ee\/fi\/kayttoohjeet\/teipin-pysyvyys\/","url":"http:\/\/kttape.ee\/fi\/kayttoohjeet\/teipin-pysyvyys\/","name":"Teipin pysyvyys - KT Tape Baltics","isPartOf":{"@id":"https:\/\/kttape.ee\/fi\/#website"},"datePublished":"2017-05-24T09:59:10+00:00","dateModified":"2019-07-06T13:03:39+00:00","breadcrumb":{"@id":"http:\/\/kttape.ee\/fi\/kayttoohjeet\/teipin-pysyvyys\/#breadcrumb"},"inLanguage":"fi-FI","potentialAction":[{"@type":"ReadAction","target":["http:\/\/kttape.ee\/fi\/kayttoohjeet\/teipin-pysyvyys\/"]}]},{"@type":"BreadcrumbList","@id":"http:\/\/kttape.ee\/fi\/kayttoohjeet\/teipin-pysyvyys\/#breadcrumb","itemListElement":[{"@type":"ListItem","position":1,"name":"Home","item":"https:\/\/kttape.ee\/fi\/"},{"@type":"ListItem","position":2,"name":"Kaytt\u00f6ohjeet","item":"https:\/\/kttape.ee\/fi\/kayttoohjeet\/"},{"@type":"ListItem","position":3,"name":"Teipin pysyvyys"}]},{"@type":"WebSite","@id":"https:\/\/kttape.ee\/fi\/#website","url":"https:\/\/kttape.ee\/fi\/","name":"KT TAPE","description":"health and sport products","publisher":{"@id":"https:\/\/kttape.ee\/fi\/#organization"},"alternateName":"kinesioteip, kinesioloogiline teip, kt teip","potentialAction":[{"@type":"SearchAction","target":{"@type":"EntryPoint","urlTemplate":"https:\/\/kttape.ee\/fi\/?s={search_term_string}"},"query-input":{"@type":"PropertyValueSpecification","valueRequired":true,"valueName":"search_term_string"}}],"inLanguage":"fi-FI"},{"@type":"Organization","@id":"https:\/\/kttape.ee\/fi\/#organization","name":"Monger Baltic O\u00dc","alternateName":"KT TAPE","url":"https:\/\/kttape.ee\/fi\/","logo":{"@type":"ImageObject","inLanguage":"fi-FI","@id":"https:\/\/kttape.ee\/fi\/#\/schema\/logo\/image\/","url":"http:\/\/kttape.ee\/wp-content\/uploads\/2018\/11\/logo-monger-white-1.png","contentUrl":"http:\/\/kttape.ee\/wp-content\/uploads\/2018\/11\/logo-monger-white-1.png","width":826,"height":532,"caption":"Monger Baltic O\u00dc"},"image":{"@id":"https:\/\/kttape.ee\/fi\/#\/schema\/logo\/image\/"},"sameAs":["https:\/\/www.facebook.com\/kttapeeesti","https:\/\/www.instagram.com\/kttape.eesti\/"]}]}},"_links":{"self":[{"href":"https:\/\/kttape.ee\/fi\/wp-json\/wp\/v2\/pages\/1781","targetHints":{"allow":["GET"]}}],"collection":[{"href":"https:\/\/kttape.ee\/fi\/wp-json\/wp\/v2\/pages"}],"about":[{"href":"https:\/\/kttape.ee\/fi\/wp-json\/wp\/v2\/types\/page"}],"author":[{"embeddable":true,"href":"https:\/\/kttape.ee\/fi\/wp-json\/wp\/v2\/users\/1"}],"replies":[{"embeddable":true,"href":"https:\/\/kttape.ee\/fi\/wp-json\/wp\/v2\/comments?post=1781"}],"version-history":[{"count":0,"href":"https:\/\/kttape.ee\/fi\/wp-json\/wp\/v2\/pages\/1781\/revisions"}],"up":[{"embeddable":true,"href":"https:\/\/kttape.ee\/fi\/wp-json\/wp\/v2\/pages\/1651"}],"wp:attachment":[{"href":"https:\/\/kttape.ee\/fi\/wp-json\/wp\/v2\/media?parent=1781"}],"curies":[{"name":"wp","href":"https:\/\/api.w.org\/{rel}","templated":true}]}}