{"id":1853,"date":"2017-05-10T12:16:25","date_gmt":"2017-05-10T09:16:25","guid":{"rendered":"https:\/\/project.dreamo.ee\/monger\/kttape\/kliendiinfo\/"},"modified":"2019-07-05T12:32:30","modified_gmt":"2019-07-05T09:32:30","slug":"tietoa-asiakkaalle","status":"publish","type":"page","link":"https:\/\/kttape.ee\/fi\/tietoa-asiakkaalle\/","title":{"rendered":"Tietoa asiakkaalle"},"content":{"rendered":"<h1>Ostoprosessi ja -ehdot<\/h1>\n<h2>Tilaaminen<\/h2>\n<p>KT Tape -teippien tilaaminen verkkosivultamme on helppoa ja k\u00e4tev\u00e4\u00e4. Valitse ensin tuote, josta olet kiinnostunut, ja klikkaa sit\u00e4. Seuraavaksi valitse &#8220;LIS\u00c4\u00c4 OSTOSKORIIN&#8221;. Jos haluat ostaa useita tuotteita, toista n\u00e4m\u00e4 toiminnot. Sen j\u00e4lkeen paina &#8220;OSTOSLISTA&#8221;. Listalla voit muuttaa valitsemasi tuotteiden m\u00e4\u00e4r\u00e4\u00e4 tai poistaa ostoskorista kokonaisia tuotteita. Sitten kirjoita vastaaviin kenttiin nimesi ja s\u00e4hk\u00f6postiosoitteesi. Seuraavaksi valitse sopiva toimitus- ja maksutapa ja j\u00e4t\u00e4 puhelinnumerosi. Jos haluat maksaa luottokortilla, sy\u00f6t\u00e4 luottokorttisi tiedot ja l\u00e4het\u00e4 tilauksesi. Huomio! Jos maksat luottokortilla, veloitetaan luottokortiltasi heti vastaava summa.<\/p>\n<h2>Maksutavat<\/h2>\n<p>KT Tape -verkkoliikkeess\u00e4 on mahdollista k\u00e4ytt\u00e4\u00e4 maksuv\u00e4lineen\u00e4 luottokorttia (Visa, Mastercard), pankkilinkki\u00e4 (Swedbank, SEB) ja tilisiirtoa.<\/p>\n<p>Kun olet valinnut luottokorttimaksun, sinut ohjataan Paysera turvalliseen maksuymp\u00e4rist\u00f6\u00f6n. Sielt\u00e4 l\u00f6yd\u00e4t esit\u00e4ytetyn maksum\u00e4\u00e4r\u00e4yksen, johon on merkitty maksettava summa. Lis\u00e4ksi on sy\u00f6tett\u00e4v\u00e4 kortin numero, turvakoodi (3-numeroinen koodi kortin takapuolella) ja voimassaoloajan loppu. Paysera vahvistaa sitten maksutapahtuman asiakkaan pankissa. Korttitietojen k\u00e4sittelyss\u00e4 k\u00e4ytet\u00e4\u00e4n SSL-tietoturvaprotokollaa sek\u00e4 MasterCard SecureCode ja Verified by Visa -turvaohjelmia, jotka takaavat sen, ett\u00e4 ulkopuolisilla ei ole mahdollisuutta seurata siirrett\u00e4v\u00e4\u00e4 tietoa eik\u00e4 muuttaa sit\u00e4. Maksun voi suorittaa my\u00f6s tilisiirtona jostakin Viron verkkopankista. Jos haluat tulla itse noutamaan tavaraa, voit paikan p\u00e4\u00e4ll\u00e4 maksaa my\u00f6s k\u00e4teisell\u00e4.<\/p>\n<h2>Tilauksen k\u00e4sittely ja perilletoimitus<\/h2>\n<p>Heti tilauksen tekemisen j\u00e4lkeen s\u00e4hk\u00f6postiisi l\u00e4hetet\u00e4\u00e4n tilausvahvistus. Tavara laitetaan matkaan 24 tunnin kuluessa (arkisin) sen j\u00e4lkeen, kun tilaus on vahvistettu ja maksu on suoritettu. Jos tilauksen t\u00e4ytt\u00e4miseen tarvitaan asiakkaan tiedonanto tai vahvistus, tilauksen k\u00e4sittely jatkuu ilmoituksen (joko s\u00e4hk\u00f6postitse tai puhelimitse) saamisen j\u00e4lkeen. Lauantaina ja sunnuntaina saapuneet tilaukset k\u00e4sitell\u00e4\u00e4n seuraavana arkip\u00e4iv\u00e4n\u00e4 24 tunnin kuluessa. Tilaukset k\u00e4sitell\u00e4\u00e4n ja toimitetaan perille vain arkisin (maanantaista perjantaihin, paitsi virallisina juhlap\u00e4ivin\u00e4). Tilaukset toimitetaan asiakkaan valitsemaan pakettiautomaattiin (SmartPost tai Post24), lis\u00e4ksi voi k\u00e4ytt\u00e4\u00e4 Eesti Post -postipalvelua ja kuriiripalvelua. Jos asiakas haluaa, h\u00e4n voi noutaa tavaran itse osoitteesta Tuukri 11, Tallinna.<\/p>\n<h2>Jos tilaamasi tuotetta ei ole varastossa<\/h2>\n<p>Jos tilaat tuotteen, jota ei ole t\u00e4ll\u00e4 hetkell\u00e4 saatavilla, s\u00e4hk\u00f6postiisi l\u00e4hetet\u00e4\u00e4n asiaa koskeva viesti ja sovitaan sopivasta ratkaisusta tuotteen saamiseksi.<\/p>\n","protected":false},"excerpt":{"rendered":"<p>Ostoprosessi ja -ehdot Tilaaminen KT Tape -teippien tilaaminen verkkosivultamme on helppoa ja k\u00e4tev\u00e4\u00e4. Valitse ensin tuote, josta olet kiinnostunut, ja&#8230;<\/p>\n","protected":false},"author":1,"featured_media":0,"parent":0,"menu_order":116,"comment_status":"closed","ping_status":"closed","template":"","meta":{"_acf_changed":false,"footnotes":""},"class_list":["post-1853","page","type-page","status-publish","hentry"],"acf":[],"yoast_head":"<!-- This site is optimized with the Yoast SEO Premium plugin v27.2 (Yoast SEO v27.4) - https:\/\/yoast.com\/product\/yoast-seo-premium-wordpress\/ -->\n<title>Tietoa asiakkaalle - KT Tape Baltics<\/title>\n<meta name=\"robots\" content=\"index, follow, max-snippet:-1, max-image-preview:large, max-video-preview:-1\" \/>\n<link rel=\"canonical\" href=\"http:\/\/kttape.ee\/fi\/tietoa-asiakkaalle\/\" \/>\n<meta property=\"og:locale\" content=\"fi_FI\" \/>\n<meta property=\"og:type\" content=\"article\" \/>\n<meta property=\"og:title\" content=\"Tietoa asiakkaalle\" \/>\n<meta property=\"og:description\" content=\"Ostoprosessi ja -ehdot Tilaaminen KT Tape -teippien tilaaminen verkkosivultamme on helppoa ja k\u00e4tev\u00e4\u00e4. Valitse ensin tuote, josta olet kiinnostunut, ja\" \/>\n<meta property=\"og:url\" content=\"http:\/\/kttape.ee\/fi\/tietoa-asiakkaalle\/\" \/>\n<meta property=\"og:site_name\" content=\"KT Tape Baltics\" \/>\n<meta property=\"article:publisher\" content=\"https:\/\/www.facebook.com\/kttapeeesti\" \/>\n<meta property=\"article:modified_time\" content=\"2019-07-05T09:32:30+00:00\" \/>\n<meta name=\"twitter:card\" content=\"summary_large_image\" \/>\n<meta name=\"twitter:label1\" content=\"Est. reading time\" \/>\n\t<meta name=\"twitter:data1\" content=\"2 minutes\" \/>\n<script type=\"application\/ld+json\" class=\"yoast-schema-graph\">{\"@context\":\"https:\\\/\\\/schema.org\",\"@graph\":[{\"@type\":\"WebPage\",\"@id\":\"https:\\\/\\\/kttape.ee\\\/fi\\\/tietoa-asiakkaalle\\\/\",\"url\":\"http:\\\/\\\/kttape.ee\\\/fi\\\/tietoa-asiakkaalle\\\/\",\"name\":\"Tietoa asiakkaalle - KT Tape Baltics\",\"isPartOf\":{\"@id\":\"https:\\\/\\\/kttape.ee\\\/fi\\\/#website\"},\"datePublished\":\"2017-05-10T09:16:25+00:00\",\"dateModified\":\"2019-07-05T09:32:30+00:00\",\"breadcrumb\":{\"@id\":\"http:\\\/\\\/kttape.ee\\\/fi\\\/tietoa-asiakkaalle\\\/#breadcrumb\"},\"inLanguage\":\"fi-FI\",\"potentialAction\":[{\"@type\":\"ReadAction\",\"target\":[\"http:\\\/\\\/kttape.ee\\\/fi\\\/tietoa-asiakkaalle\\\/\"]}]},{\"@type\":\"BreadcrumbList\",\"@id\":\"http:\\\/\\\/kttape.ee\\\/fi\\\/tietoa-asiakkaalle\\\/#breadcrumb\",\"itemListElement\":[{\"@type\":\"ListItem\",\"position\":1,\"name\":\"Home\",\"item\":\"https:\\\/\\\/kttape.ee\\\/fi\\\/\"},{\"@type\":\"ListItem\",\"position\":2,\"name\":\"Tietoa asiakkaalle\"}]},{\"@type\":\"WebSite\",\"@id\":\"https:\\\/\\\/kttape.ee\\\/fi\\\/#website\",\"url\":\"https:\\\/\\\/kttape.ee\\\/fi\\\/\",\"name\":\"KT TAPE\",\"description\":\"health and sport products\",\"publisher\":{\"@id\":\"https:\\\/\\\/kttape.ee\\\/fi\\\/#organization\"},\"alternateName\":\"kinesioteip, kinesioloogiline teip, kt teip\",\"potentialAction\":[{\"@type\":\"SearchAction\",\"target\":{\"@type\":\"EntryPoint\",\"urlTemplate\":\"https:\\\/\\\/kttape.ee\\\/fi\\\/?s={search_term_string}\"},\"query-input\":{\"@type\":\"PropertyValueSpecification\",\"valueRequired\":true,\"valueName\":\"search_term_string\"}}],\"inLanguage\":\"fi-FI\"},{\"@type\":\"Organization\",\"@id\":\"https:\\\/\\\/kttape.ee\\\/fi\\\/#organization\",\"name\":\"Monger Baltic O\u00dc\",\"alternateName\":\"KT TAPE\",\"url\":\"https:\\\/\\\/kttape.ee\\\/fi\\\/\",\"logo\":{\"@type\":\"ImageObject\",\"inLanguage\":\"fi-FI\",\"@id\":\"https:\\\/\\\/kttape.ee\\\/fi\\\/#\\\/schema\\\/logo\\\/image\\\/\",\"url\":\"http:\\\/\\\/kttape.ee\\\/wp-content\\\/uploads\\\/2018\\\/11\\\/logo-monger-white-1.png\",\"contentUrl\":\"http:\\\/\\\/kttape.ee\\\/wp-content\\\/uploads\\\/2018\\\/11\\\/logo-monger-white-1.png\",\"width\":826,\"height\":532,\"caption\":\"Monger Baltic O\u00dc\"},\"image\":{\"@id\":\"https:\\\/\\\/kttape.ee\\\/fi\\\/#\\\/schema\\\/logo\\\/image\\\/\"},\"sameAs\":[\"https:\\\/\\\/www.facebook.com\\\/kttapeeesti\",\"https:\\\/\\\/www.instagram.com\\\/kttape.eesti\\\/\"]}]}<\/script>\n<!-- \/ Yoast SEO Premium plugin. -->","yoast_head_json":{"title":"Tietoa asiakkaalle - KT Tape Baltics","robots":{"index":"index","follow":"follow","max-snippet":"max-snippet:-1","max-image-preview":"max-image-preview:large","max-video-preview":"max-video-preview:-1"},"canonical":"http:\/\/kttape.ee\/fi\/tietoa-asiakkaalle\/","og_locale":"fi_FI","og_type":"article","og_title":"Tietoa asiakkaalle","og_description":"Ostoprosessi ja -ehdot Tilaaminen KT Tape -teippien tilaaminen verkkosivultamme on helppoa ja k\u00e4tev\u00e4\u00e4. Valitse ensin tuote, josta olet kiinnostunut, ja","og_url":"http:\/\/kttape.ee\/fi\/tietoa-asiakkaalle\/","og_site_name":"KT Tape Baltics","article_publisher":"https:\/\/www.facebook.com\/kttapeeesti","article_modified_time":"2019-07-05T09:32:30+00:00","twitter_card":"summary_large_image","twitter_misc":{"Est. reading time":"2 minutes"},"schema":{"@context":"https:\/\/schema.org","@graph":[{"@type":"WebPage","@id":"https:\/\/kttape.ee\/fi\/tietoa-asiakkaalle\/","url":"http:\/\/kttape.ee\/fi\/tietoa-asiakkaalle\/","name":"Tietoa asiakkaalle - KT Tape Baltics","isPartOf":{"@id":"https:\/\/kttape.ee\/fi\/#website"},"datePublished":"2017-05-10T09:16:25+00:00","dateModified":"2019-07-05T09:32:30+00:00","breadcrumb":{"@id":"http:\/\/kttape.ee\/fi\/tietoa-asiakkaalle\/#breadcrumb"},"inLanguage":"fi-FI","potentialAction":[{"@type":"ReadAction","target":["http:\/\/kttape.ee\/fi\/tietoa-asiakkaalle\/"]}]},{"@type":"BreadcrumbList","@id":"http:\/\/kttape.ee\/fi\/tietoa-asiakkaalle\/#breadcrumb","itemListElement":[{"@type":"ListItem","position":1,"name":"Home","item":"https:\/\/kttape.ee\/fi\/"},{"@type":"ListItem","position":2,"name":"Tietoa asiakkaalle"}]},{"@type":"WebSite","@id":"https:\/\/kttape.ee\/fi\/#website","url":"https:\/\/kttape.ee\/fi\/","name":"KT TAPE","description":"health and sport products","publisher":{"@id":"https:\/\/kttape.ee\/fi\/#organization"},"alternateName":"kinesioteip, kinesioloogiline teip, kt teip","potentialAction":[{"@type":"SearchAction","target":{"@type":"EntryPoint","urlTemplate":"https:\/\/kttape.ee\/fi\/?s={search_term_string}"},"query-input":{"@type":"PropertyValueSpecification","valueRequired":true,"valueName":"search_term_string"}}],"inLanguage":"fi-FI"},{"@type":"Organization","@id":"https:\/\/kttape.ee\/fi\/#organization","name":"Monger Baltic O\u00dc","alternateName":"KT TAPE","url":"https:\/\/kttape.ee\/fi\/","logo":{"@type":"ImageObject","inLanguage":"fi-FI","@id":"https:\/\/kttape.ee\/fi\/#\/schema\/logo\/image\/","url":"http:\/\/kttape.ee\/wp-content\/uploads\/2018\/11\/logo-monger-white-1.png","contentUrl":"http:\/\/kttape.ee\/wp-content\/uploads\/2018\/11\/logo-monger-white-1.png","width":826,"height":532,"caption":"Monger Baltic O\u00dc"},"image":{"@id":"https:\/\/kttape.ee\/fi\/#\/schema\/logo\/image\/"},"sameAs":["https:\/\/www.facebook.com\/kttapeeesti","https:\/\/www.instagram.com\/kttape.eesti\/"]}]}},"_links":{"self":[{"href":"https:\/\/kttape.ee\/fi\/wp-json\/wp\/v2\/pages\/1853","targetHints":{"allow":["GET"]}}],"collection":[{"href":"https:\/\/kttape.ee\/fi\/wp-json\/wp\/v2\/pages"}],"about":[{"href":"https:\/\/kttape.ee\/fi\/wp-json\/wp\/v2\/types\/page"}],"author":[{"embeddable":true,"href":"https:\/\/kttape.ee\/fi\/wp-json\/wp\/v2\/users\/1"}],"replies":[{"embeddable":true,"href":"https:\/\/kttape.ee\/fi\/wp-json\/wp\/v2\/comments?post=1853"}],"version-history":[{"count":0,"href":"https:\/\/kttape.ee\/fi\/wp-json\/wp\/v2\/pages\/1853\/revisions"}],"wp:attachment":[{"href":"https:\/\/kttape.ee\/fi\/wp-json\/wp\/v2\/media?parent=1853"}],"curies":[{"name":"wp","href":"https:\/\/api.w.org\/{rel}","templated":true}]}}