{"id":1878,"date":"2017-05-24T13:26:17","date_gmt":"2017-05-24T10:26:17","guid":{"rendered":"https:\/\/project.dreamo.ee\/monger\/kttape\/tietoa-asiakkaalle\/kaebused-ja-tagastamine\/"},"modified":"2019-07-22T22:02:43","modified_gmt":"2019-07-22T19:02:43","slug":"palautukset-ja-reklamaatiot","status":"publish","type":"page","link":"https:\/\/kttape.ee\/fi\/tietoa-asiakkaalle\/palautukset-ja-reklamaatiot\/","title":{"rendered":"Palautukset ja reklamaatiot"},"content":{"rendered":"<h1>Palautukset ja reklamaatiot<\/h1>\n<p>Jos jostain syyst\u00e4 et ole tyytyv\u00e4inen ostokseesi, sinulla on oikeus palauttaa tuotteet 14 ty\u00f6p\u00e4iv\u00e4n kuluessa tavaran vastaanottamisesta ja me puolestamme palautamme tuotteen t\u00e4yden hinnan. Posti- ja l\u00e4hetyskuluja ei palauteta. Ennen tavaran palauttamista ota meihin yhteytt\u00e4 s\u00e4hk\u00f6postitse info@monger.ee tai soita numeroon +372 6506315, niin saat meilt\u00e4 palautuskoodin.<br \/>\nTavaran palauttamiseen suosittelemme k\u00e4ytt\u00e4m\u00e4\u00e4n kuriiripalvelua tai vakuutettua postil\u00e4hetyst\u00e4, varmistaaksesi nopea ja sujuva toimitus. Mik\u00e4li havaitset tavarassa kuljetusvahinkoja, pid\u00e4 se tallessa pakkauksineen ja ota v\u00e4litt\u00f6m\u00e4sti yhteytt\u00e4 meihin s\u00e4hk\u00f6postitse. Kuriiri tarkastaa tavaraan ja vahingoittuneet tuotteet vaihdetaan uusiin.<\/p>\n<p>Tavaran palauttamiseen suosittelemme k\u00e4ytt\u00e4m\u00e4\u00e4n kuriiripalvelua tai vakuutettua postil\u00e4hetyst\u00e4, varmistaaksesi nopea ja sujuva toimitus. Mik\u00e4li havaitset tavarassa kuljetusvahinkoja, pid\u00e4 se tallessa pakkauksineen ja ota v\u00e4litt\u00f6m\u00e4sti yhteytt\u00e4 meihin s\u00e4hk\u00f6postitse. Kuriiri tarkastaa tavaraan ja vahingoittuneet tuotteet vaihdetaan uusiin.<\/p>\n<p>Ole hyv\u00e4 ja palauta tuotteet osoitteeseen:<\/p>\n<p>O\u00dc Monger Baltic, Tuukri 11, Tallinna 10120, Viro<\/p>\n<p>Muista lis\u00e4t\u00e4 l\u00e4hetysluettelo, kuitti tai nimesi, puhelinnumerosi, s\u00e4hk\u00f6postiosoitteesi ja tilausnumeron sis\u00e4lt\u00e4v\u00e4 viesti.<br \/>\nKiitos!<br \/>\nO\u00dc Monger Baltic<\/p>\n","protected":false},"excerpt":{"rendered":"<p>Palautukset ja reklamaatiot Jos jostain syyst\u00e4 et ole tyytyv\u00e4inen ostokseesi, sinulla on oikeus palauttaa tuotteet 14 ty\u00f6p\u00e4iv\u00e4n kuluessa tavaran vastaanottamisesta&#8230;<\/p>\n","protected":false},"author":1,"featured_media":0,"parent":1853,"menu_order":126,"comment_status":"closed","ping_status":"closed","template":"","meta":{"_acf_changed":false,"footnotes":""},"class_list":["post-1878","page","type-page","status-publish","hentry"],"acf":[],"yoast_head":"<!-- This site is optimized with the Yoast SEO Premium plugin v23.4 (Yoast SEO v27.3) - https:\/\/yoast.com\/product\/yoast-seo-premium-wordpress\/ -->\n<title>Palautukset ja reklamaatiot - KT Tape Baltics<\/title>\n<meta name=\"robots\" content=\"index, follow, max-snippet:-1, max-image-preview:large, max-video-preview:-1\" \/>\n<link rel=\"canonical\" href=\"http:\/\/kttape.ee\/fi\/tietoa-asiakkaalle\/palautukset-ja-reklamaatiot\/\" \/>\n<meta property=\"og:locale\" content=\"fi_FI\" \/>\n<meta property=\"og:type\" content=\"article\" \/>\n<meta property=\"og:title\" content=\"Palautukset ja reklamaatiot\" \/>\n<meta property=\"og:description\" content=\"Palautukset ja reklamaatiot Jos jostain syyst\u00e4 et ole tyytyv\u00e4inen ostokseesi, sinulla on oikeus palauttaa tuotteet 14 ty\u00f6p\u00e4iv\u00e4n kuluessa tavaran\" \/>\n<meta property=\"og:url\" content=\"http:\/\/kttape.ee\/fi\/tietoa-asiakkaalle\/palautukset-ja-reklamaatiot\/\" \/>\n<meta property=\"og:site_name\" content=\"KT Tape Baltics\" \/>\n<meta property=\"article:publisher\" content=\"https:\/\/www.facebook.com\/kttapeeesti\" \/>\n<meta property=\"article:modified_time\" content=\"2019-07-22T19:02:43+00:00\" \/>\n<meta name=\"twitter:card\" content=\"summary_large_image\" \/>\n<meta name=\"twitter:label1\" content=\"Est. reading time\" \/>\n\t<meta name=\"twitter:data1\" content=\"1 minute\" \/>\n<script type=\"application\/ld+json\" class=\"yoast-schema-graph\">{\"@context\":\"https:\\\/\\\/schema.org\",\"@graph\":[{\"@type\":\"WebPage\",\"@id\":\"https:\\\/\\\/kttape.ee\\\/fi\\\/tietoa-asiakkaalle\\\/palautukset-ja-reklamaatiot\\\/\",\"url\":\"http:\\\/\\\/kttape.ee\\\/fi\\\/tietoa-asiakkaalle\\\/palautukset-ja-reklamaatiot\\\/\",\"name\":\"Palautukset ja reklamaatiot - KT Tape Baltics\",\"isPartOf\":{\"@id\":\"https:\\\/\\\/kttape.ee\\\/fi\\\/#website\"},\"datePublished\":\"2017-05-24T10:26:17+00:00\",\"dateModified\":\"2019-07-22T19:02:43+00:00\",\"breadcrumb\":{\"@id\":\"http:\\\/\\\/kttape.ee\\\/fi\\\/tietoa-asiakkaalle\\\/palautukset-ja-reklamaatiot\\\/#breadcrumb\"},\"inLanguage\":\"fi-FI\",\"potentialAction\":[{\"@type\":\"ReadAction\",\"target\":[\"http:\\\/\\\/kttape.ee\\\/fi\\\/tietoa-asiakkaalle\\\/palautukset-ja-reklamaatiot\\\/\"]}]},{\"@type\":\"BreadcrumbList\",\"@id\":\"http:\\\/\\\/kttape.ee\\\/fi\\\/tietoa-asiakkaalle\\\/palautukset-ja-reklamaatiot\\\/#breadcrumb\",\"itemListElement\":[{\"@type\":\"ListItem\",\"position\":1,\"name\":\"Home\",\"item\":\"https:\\\/\\\/kttape.ee\\\/fi\\\/\"},{\"@type\":\"ListItem\",\"position\":2,\"name\":\"Tietoa asiakkaalle\",\"item\":\"https:\\\/\\\/kttape.ee\\\/fi\\\/tietoa-asiakkaalle\\\/\"},{\"@type\":\"ListItem\",\"position\":3,\"name\":\"Palautukset ja reklamaatiot\"}]},{\"@type\":\"WebSite\",\"@id\":\"https:\\\/\\\/kttape.ee\\\/fi\\\/#website\",\"url\":\"https:\\\/\\\/kttape.ee\\\/fi\\\/\",\"name\":\"KT TAPE\",\"description\":\"health and sport products\",\"publisher\":{\"@id\":\"https:\\\/\\\/kttape.ee\\\/fi\\\/#organization\"},\"alternateName\":\"kinesioteip, kinesioloogiline teip, kt teip\",\"potentialAction\":[{\"@type\":\"SearchAction\",\"target\":{\"@type\":\"EntryPoint\",\"urlTemplate\":\"https:\\\/\\\/kttape.ee\\\/fi\\\/?s={search_term_string}\"},\"query-input\":{\"@type\":\"PropertyValueSpecification\",\"valueRequired\":true,\"valueName\":\"search_term_string\"}}],\"inLanguage\":\"fi-FI\"},{\"@type\":\"Organization\",\"@id\":\"https:\\\/\\\/kttape.ee\\\/fi\\\/#organization\",\"name\":\"Monger Baltic O\u00dc\",\"alternateName\":\"KT TAPE\",\"url\":\"https:\\\/\\\/kttape.ee\\\/fi\\\/\",\"logo\":{\"@type\":\"ImageObject\",\"inLanguage\":\"fi-FI\",\"@id\":\"https:\\\/\\\/kttape.ee\\\/fi\\\/#\\\/schema\\\/logo\\\/image\\\/\",\"url\":\"http:\\\/\\\/kttape.ee\\\/wp-content\\\/uploads\\\/2018\\\/11\\\/logo-monger-white-1.png\",\"contentUrl\":\"http:\\\/\\\/kttape.ee\\\/wp-content\\\/uploads\\\/2018\\\/11\\\/logo-monger-white-1.png\",\"width\":826,\"height\":532,\"caption\":\"Monger Baltic O\u00dc\"},\"image\":{\"@id\":\"https:\\\/\\\/kttape.ee\\\/fi\\\/#\\\/schema\\\/logo\\\/image\\\/\"},\"sameAs\":[\"https:\\\/\\\/www.facebook.com\\\/kttapeeesti\",\"https:\\\/\\\/www.instagram.com\\\/kttape.eesti\\\/\"]}]}<\/script>\n<!-- \/ Yoast SEO Premium plugin. -->","yoast_head_json":{"title":"Palautukset ja reklamaatiot - KT Tape Baltics","robots":{"index":"index","follow":"follow","max-snippet":"max-snippet:-1","max-image-preview":"max-image-preview:large","max-video-preview":"max-video-preview:-1"},"canonical":"http:\/\/kttape.ee\/fi\/tietoa-asiakkaalle\/palautukset-ja-reklamaatiot\/","og_locale":"fi_FI","og_type":"article","og_title":"Palautukset ja reklamaatiot","og_description":"Palautukset ja reklamaatiot Jos jostain syyst\u00e4 et ole tyytyv\u00e4inen ostokseesi, sinulla on oikeus palauttaa tuotteet 14 ty\u00f6p\u00e4iv\u00e4n kuluessa tavaran","og_url":"http:\/\/kttape.ee\/fi\/tietoa-asiakkaalle\/palautukset-ja-reklamaatiot\/","og_site_name":"KT Tape Baltics","article_publisher":"https:\/\/www.facebook.com\/kttapeeesti","article_modified_time":"2019-07-22T19:02:43+00:00","twitter_card":"summary_large_image","twitter_misc":{"Est. reading time":"1 minute"},"schema":{"@context":"https:\/\/schema.org","@graph":[{"@type":"WebPage","@id":"https:\/\/kttape.ee\/fi\/tietoa-asiakkaalle\/palautukset-ja-reklamaatiot\/","url":"http:\/\/kttape.ee\/fi\/tietoa-asiakkaalle\/palautukset-ja-reklamaatiot\/","name":"Palautukset ja reklamaatiot - KT Tape Baltics","isPartOf":{"@id":"https:\/\/kttape.ee\/fi\/#website"},"datePublished":"2017-05-24T10:26:17+00:00","dateModified":"2019-07-22T19:02:43+00:00","breadcrumb":{"@id":"http:\/\/kttape.ee\/fi\/tietoa-asiakkaalle\/palautukset-ja-reklamaatiot\/#breadcrumb"},"inLanguage":"fi-FI","potentialAction":[{"@type":"ReadAction","target":["http:\/\/kttape.ee\/fi\/tietoa-asiakkaalle\/palautukset-ja-reklamaatiot\/"]}]},{"@type":"BreadcrumbList","@id":"http:\/\/kttape.ee\/fi\/tietoa-asiakkaalle\/palautukset-ja-reklamaatiot\/#breadcrumb","itemListElement":[{"@type":"ListItem","position":1,"name":"Home","item":"https:\/\/kttape.ee\/fi\/"},{"@type":"ListItem","position":2,"name":"Tietoa asiakkaalle","item":"https:\/\/kttape.ee\/fi\/tietoa-asiakkaalle\/"},{"@type":"ListItem","position":3,"name":"Palautukset ja reklamaatiot"}]},{"@type":"WebSite","@id":"https:\/\/kttape.ee\/fi\/#website","url":"https:\/\/kttape.ee\/fi\/","name":"KT TAPE","description":"health and sport products","publisher":{"@id":"https:\/\/kttape.ee\/fi\/#organization"},"alternateName":"kinesioteip, kinesioloogiline teip, kt teip","potentialAction":[{"@type":"SearchAction","target":{"@type":"EntryPoint","urlTemplate":"https:\/\/kttape.ee\/fi\/?s={search_term_string}"},"query-input":{"@type":"PropertyValueSpecification","valueRequired":true,"valueName":"search_term_string"}}],"inLanguage":"fi-FI"},{"@type":"Organization","@id":"https:\/\/kttape.ee\/fi\/#organization","name":"Monger Baltic O\u00dc","alternateName":"KT TAPE","url":"https:\/\/kttape.ee\/fi\/","logo":{"@type":"ImageObject","inLanguage":"fi-FI","@id":"https:\/\/kttape.ee\/fi\/#\/schema\/logo\/image\/","url":"http:\/\/kttape.ee\/wp-content\/uploads\/2018\/11\/logo-monger-white-1.png","contentUrl":"http:\/\/kttape.ee\/wp-content\/uploads\/2018\/11\/logo-monger-white-1.png","width":826,"height":532,"caption":"Monger Baltic O\u00dc"},"image":{"@id":"https:\/\/kttape.ee\/fi\/#\/schema\/logo\/image\/"},"sameAs":["https:\/\/www.facebook.com\/kttapeeesti","https:\/\/www.instagram.com\/kttape.eesti\/"]}]}},"_links":{"self":[{"href":"https:\/\/kttape.ee\/fi\/wp-json\/wp\/v2\/pages\/1878","targetHints":{"allow":["GET"]}}],"collection":[{"href":"https:\/\/kttape.ee\/fi\/wp-json\/wp\/v2\/pages"}],"about":[{"href":"https:\/\/kttape.ee\/fi\/wp-json\/wp\/v2\/types\/page"}],"author":[{"embeddable":true,"href":"https:\/\/kttape.ee\/fi\/wp-json\/wp\/v2\/users\/1"}],"replies":[{"embeddable":true,"href":"https:\/\/kttape.ee\/fi\/wp-json\/wp\/v2\/comments?post=1878"}],"version-history":[{"count":0,"href":"https:\/\/kttape.ee\/fi\/wp-json\/wp\/v2\/pages\/1878\/revisions"}],"up":[{"embeddable":true,"href":"https:\/\/kttape.ee\/fi\/wp-json\/wp\/v2\/pages\/1853"}],"wp:attachment":[{"href":"https:\/\/kttape.ee\/fi\/wp-json\/wp\/v2\/media?parent=1878"}],"curies":[{"name":"wp","href":"https:\/\/api.w.org\/{rel}","templated":true}]}}