{"id":1902,"date":"2017-05-24T13:27:05","date_gmt":"2017-05-24T10:27:05","guid":{"rendered":"https:\/\/project.dreamo.ee\/monger\/kttape\/tietoa-asiakkaalle\/privaatsuspohimotted\/"},"modified":"2019-07-05T12:35:18","modified_gmt":"2019-07-05T09:35:18","slug":"yksityisyyskaytanto","status":"publish","type":"page","link":"https:\/\/kttape.ee\/fi\/tietoa-asiakkaalle\/yksityisyyskaytanto\/","title":{"rendered":"YKSITYISYYSK\u00c4YT\u00c4NT\u00d6"},"content":{"rendered":"<h1>Yksityisyysk\u00e4yt\u00e4nt\u00f6<\/h1>\n<p><span style=\"font-weight: 400;\">Verkkokaupan monger.ee\/kttape henkil\u00f6tiedoista vastaava k\u00e4sittelij\u00e4 on Monger Baltic O\u00dc, Y-tunnus 11813309, osoitteessa Tuukri 11, 10120 Tallinna, Viro, puh. + 372 650 6315 ja s-posti info@monger.ee. Rekisterinpit\u00e4j\u00e4 on nimennyt henkil\u00f6tietovastaavan, jonka yhteystiedot ovat: puh. + 372 650 6315 ja s-posti info@monger.ee (<\/span><i><span style=\"font-weight: 400;\">koskee niit\u00e4, jotka ovat nimenneet henkil\u00f6tietovastaavan<\/span><\/i><span style=\"font-weight: 400;\">).<\/span><\/p>\n<p><b>Millaisia henkil\u00f6tietoja k\u00e4sittelemme<\/b><\/p>\n<ul>\n<li style=\"font-weight: 400;\"><span style=\"font-weight: 400;\">nimi, puhelinnumero ja s\u00e4hk\u00f6postiosoite;<\/span><\/li>\n<li style=\"font-weight: 400;\"><span style=\"font-weight: 400;\">tuotteiden toimitusosoite;<\/span><\/li>\n<li style=\"font-weight: 400;\"><span style=\"font-weight: 400;\">tilinumero;<\/span><\/li>\n<li style=\"font-weight: 400;\"><span style=\"font-weight: 400;\">tavaroiden ja palvelujen hintoihin ja maksutapahtumiin liittyv\u00e4t tiedot (ostohistoria);<\/span><\/li>\n<li style=\"font-weight: 400;\"><span style=\"font-weight: 400;\">asiakastuen tiedot.<\/span><\/li>\n<\/ul>\n<p><b>Mihin tarkoituksiin henkil\u00f6tietoja k\u00e4ytet\u00e4\u00e4n<\/b><\/p>\n<p><span style=\"font-weight: 400;\">Henkil\u00f6tietoja k\u00e4ytet\u00e4\u00e4n asiakkaan tilausten hallintaan ja tuotteiden toimittamiseen.<\/span><\/p>\n<p><span style=\"font-weight: 400;\">Ostohistorian tietoja (ostotapahtuman p\u00e4iv\u00e4m\u00e4\u00e4r\u00e4, tuote, m\u00e4\u00e4r\u00e4, asiakkaan tiedot) k\u00e4ytet\u00e4\u00e4n ostettujen tuotteiden ja palveluiden kartoittamiseen ja asiakasmieltymysten analysointiin.<\/span><\/p>\n<p><span style=\"font-weight: 400;\">Tilinumeroa k\u00e4ytet\u00e4\u00e4n maksujen palauttamiseen asiakkaalle.<\/span><\/p>\n<p><span style=\"font-weight: 400;\">Henkil\u00f6kohtaisia tietoja, kuten s\u00e4hk\u00f6posti, puhelinnumero ja asiakkaan nimi, k\u00e4sitell\u00e4\u00e4n tuotteiden ja palveluiden toimitukseen liittyvi\u00e4 kysymyksi\u00e4 ratkaistaessa (asiakaspalvelu).<\/span><\/p>\n<p><span style=\"font-weight: 400;\">Verkkokaupan k\u00e4ytt\u00e4j\u00e4n IP-osoitetta tai muita verkkotunnustietoja k\u00e4sitell\u00e4\u00e4n verkkokaupan tarjoamien tietoyhteiskuntapalveluiden toteuttamiseen sek\u00e4 sivuston k\u00e4ytt\u00f6tilastojen kokoamiseen.<\/span><\/p>\n<p><b>Oikeudellinen perusta<\/b><\/p>\n<p><span style=\"font-weight: 400;\">Henkil\u00f6tietoja k\u00e4sitell\u00e4\u00e4n, jotta asiakkaan kanssa tehty sopimus pystyt\u00e4\u00e4n t\u00e4ytt\u00e4m\u00e4\u00e4n.<\/span><\/p>\n<p><span style=\"font-weight: 400;\">Henkil\u00f6tietoja k\u00e4sitell\u00e4\u00e4n, jotta lailliset velvoitteet voidaan t\u00e4ytt\u00e4\u00e4 (esim. kirjanpito ja kuluttajariitojen ratkaiseminen).<\/span><\/p>\n<p><b>Henkil\u00f6tietojen v\u00e4litt\u00e4minen<\/b><\/p>\n<p><span style=\"font-weight: 400;\">Henkil\u00f6tietoja v\u00e4litet\u00e4\u00e4n verkkokaupan asiakaspalvelulle ostojen ja ostohistorian hallinnointiin sek\u00e4 asiakkaiden ongelmien ratkaisemiseen.<\/span><\/p>\n<p><span style=\"font-weight: 400;\">Nimi, puhelinnumero ja s\u00e4hk\u00f6postiosoite v\u00e4litet\u00e4\u00e4n asiakkaan valitsemalle kuljetuspalveluiden tarjoajalle. Jos tuotteet toimitetaan l\u00e4hettipalvelua k\u00e4ytt\u00e4m\u00e4ll\u00e4, yhteystietojen lis\u00e4ksi v\u00e4litet\u00e4\u00e4n my\u00f6s asiakkaan osoite.<\/span><\/p>\n<p><span style=\"font-weight: 400;\">Jos verkkokaupan kirjanpito hankitaan ulkopuoliselta palveluntarjoajalta, henkil\u00f6tietoja voidaan v\u00e4litt\u00e4\u00e4 my\u00f6s t\u00e4lle palveluntarjoajalle kirjanpidon koostamiseen.<\/span><\/p>\n<p><span style=\"font-weight: 400;\">Henkil\u00f6tietoja voidaan v\u00e4litt\u00e4\u00e4 my\u00f6s IT-palveluiden tarjoajille, jos se on verkkokaupan toimivuuden tai tietojen s\u00e4ilytt\u00e4misen kannalta tarpeellista.<\/span><\/p>\n<p><b>Turvallisuus ja p\u00e4\u00e4sy tietoihin<\/b><\/p>\n<p><span style=\"font-weight: 400;\">Henkil\u00f6tietoja s\u00e4ilytet\u00e4\u00e4n veebimajutus.ee:n palvelimilla, jotka sijaitsevat Euroopan Unionin j\u00e4senmaiden tai Euroopan talousalueeseen kuuluvien valtioiden alueella. Tietoja voidaan v\u00e4litt\u00e4\u00e4 sellaisiin valtioihin, joiden henkil\u00f6suojaa Euroopan Komissio pit\u00e4\u00e4 riitt\u00e4v\u00e4n\u00e4 sek\u00e4 niihin yhdysvaltalaisyrityksiin, jotka toimivat <\/span><i><span style=\"font-weight: 400;\">Privacy Shield<\/span><\/i><span style=\"font-weight: 400;\"> -j\u00e4rjestelyn puitteissa.<\/span><\/p>\n<p><span style=\"font-weight: 400;\">Henkil\u00f6tietoihin p\u00e4\u00e4sev\u00e4t k\u00e4siksi my\u00f6s ty\u00f6ntekij\u00e4t, joiden on voitava tutustua henkil\u00f6tietoihin ratkaistakseen verkkokaupan k\u00e4ytt\u00f6\u00f6n liittyvi\u00e4 teknisi\u00e4 kysymyksi\u00e4 sek\u00e4 tarjotakseen asiakastuen palveluita.<\/span><\/p>\n<p><span style=\"font-weight: 400;\">Verkkokauppa k\u00e4ytt\u00e4\u00e4 asianmukaisia fyysisi\u00e4, organisatorisia sek\u00e4 tietoteknisi\u00e4 turvatoimia, joilla se turvaa henkil\u00f6tiedot tahattomalta tai laittomalta tuhoamiselta, h\u00e4vi\u00e4miselt\u00e4, muuttamiselta sek\u00e4 niiden luvattomalta k\u00e4yt\u00f6lt\u00e4 ja julkistamiselta.<\/span><\/p>\n<p><span style=\"font-weight: 400;\">Henkil\u00f6tietojen v\u00e4litt\u00e4minen verkkokaupan valtuuttamille k\u00e4sittelij\u00f6ille (esim. kuljetuspalveluiden tarjoaja sek\u00e4 tietojen s\u00e4ilytt\u00e4j\u00e4) tapahtuu verkkokaupan ja valtuutettujen k\u00e4sittelij\u00f6iden v\u00e4lisen sopimuksen mukaisesti. Valtuutetut k\u00e4sittelij\u00e4t ovat sitoutuneet noudattamaan asianmukaisia suojatoimenpiteit\u00e4 henkil\u00f6tietoja k\u00e4sitelless\u00e4\u00e4n.<\/span><\/p>\n<p><b>Henkil\u00f6tietojen tarkastelu ja niiden muuttaminen<\/b><\/p>\n<p><span style=\"font-weight: 400;\">Henkil\u00f6tietoja voi tarkastella ja muuttaa verkkokaupan k\u00e4ytt\u00e4j\u00e4profiilissa. Jos ostokset on tehty ilman k\u00e4ytt\u00e4j\u00e4tili\u00e4, henkil\u00f6tietoja p\u00e4\u00e4see tarkastelemaan olemalla yhteydess\u00e4 asiakaspalveluun.<\/span><\/p>\n<p><b>Suostumuksen peruuttaminen<\/b><\/p>\n<p><span style=\"font-weight: 400;\">Jos henkil\u00f6tietojen k\u00e4sittelyyn on asiakkaan suostumus, asiakkaalla on my\u00f6s oikeus peruuttaa suostumus ilmoittamalla siit\u00e4 s\u00e4hk\u00f6postitse asiakaspalveluumme.<\/span><\/p>\n<p><b>S\u00e4ilytt\u00e4minen<\/b><\/p>\n<p><span style=\"font-weight: 400;\">Kun verkkokaupan asiakastili suljetaan, my\u00f6s henkil\u00f6tiedot poistetaan, paitsi siin\u00e4 tapauksessa, ett\u00e4 tietoja tarvitaan kirjanpitotarkoituksiin tai kuluttajariitatilanteen ratkaisemiseen.<\/span><\/p>\n<p><span style=\"font-weight: 400;\">Jos verkkokaupasta on ostettu tuotteita ilman asiakastili\u00e4, ostohistoriaa s\u00e4ilytet\u00e4\u00e4n kolme vuotta.<\/span><\/p>\n<p><span style=\"font-weight: 400;\">Maksuihin ja kuluttajariitoihin liittyvien kiistojen tapauksessa henkil\u00f6tietoja s\u00e4ilytet\u00e4\u00e4n kunnes vaatimukset on t\u00e4ytetty tai vanhentumisaika umpeutuu.<\/span><\/p>\n<p><span style=\"font-weight: 400;\">Kirjanpitoa varten tarvittavia henkil\u00f6tietoja s\u00e4ilytet\u00e4\u00e4n seitsem\u00e4n vuotta.<\/span><\/p>\n<p><b>Poistaminen<\/b><\/p>\n<p><span style=\"font-weight: 400;\">Jos omat henkil\u00f6tietonsa haluaa poistettavan, tulee olla s\u00e4hk\u00f6postitse yhteydess\u00e4 asiakaspalveluumme. Poistamishakemuksiin vastataan kuukauden kuluessa, jolloin tietojen poistamisaika tarkennetaan.<\/span><\/p>\n<p><b>Tietojen siirt\u00e4minen<\/b><\/p>\n<p><span style=\"font-weight: 400;\">S\u00e4hk\u00f6postitse tehtyihin henkil\u00f6tietojen siirtopyynt\u00f6ihin vastataan kuukauden kuluessa. Asiakaspalvelu varmistaa henkil\u00f6llisyyden ja ilmoittaa siirrett\u00e4vist\u00e4 henkil\u00f6tiedoista.<\/span><\/p>\n<p><b>Suoramarkkinointi<\/b><\/p>\n<p><span style=\"font-weight: 400;\">S\u00e4hk\u00f6postiosoitetta ja puhelinnumeroa k\u00e4ytet\u00e4\u00e4n suoramarkkinointi-ilmoitusten l\u00e4hett\u00e4miseen, jos asiakas on antanut siihen luvan. Jos asiakas ei halua saada suoramarkkinointi-ilmoituksia, tulee tilaus peruuttaa s\u00e4hk\u00f6postin alareunasta l\u00f6ytyv\u00e4n linkin kautta tai ottaa yhteytt\u00e4 asiakastukeemme.<\/span><\/p>\n<p><span style=\"font-weight: 400;\">Jos henkil\u00f6tietoja k\u00e4sitell\u00e4\u00e4n suoramarkkinoinnin tarkoituksiin (profilointi), asiakkaalla on milloin tahansa oikeus kielt\u00e4\u00e4 henkil\u00f6tietojensa alkuper\u00e4inen ja sen j\u00e4lkeinen k\u00e4sittely ja my\u00f6s suoramarkkinointiin liittyv\u00e4n profiilianalyysin tekeminen ilmoittamalla siit\u00e4 asiakaspalveluun s\u00e4hk\u00f6postitse (<\/span><i><span style=\"font-weight: 400;\">kyseinen kielto pit\u00e4\u00e4 esitt\u00e4\u00e4 selke\u00e4sti ja erill\u00e4\u00e4n muista mahdollisista tiedoista<\/span><\/i><span style=\"font-weight: 400;\">). Monger Baltic O\u00dc vastaa henkil\u00f6tietojen k\u00e4sittelyst\u00e4, maksujen suorittamiseen tarvittavat henkil\u00f6tiedot Monger Baltic O\u00dc v\u00e4litt\u00e4\u00e4 UAB Paysera LT:lle, joka on niiden valtuutettu k\u00e4sittelij\u00e4.<\/span><\/p>\n<p><b>Kiistojen ratkaiseminen<\/b><\/p>\n<p><span style=\"font-weight: 400;\">Henkil\u00f6tietojen k\u00e4sittelyyn liittyv\u00e4t kiistat ratkaistaan asiakaspalvelumme v\u00e4lityksell\u00e4 info@monger.ee. Valvova viranomainen on Viron tietosuojan tarkastuslaitos (Eesti Andmekaitse Inspektsioon) (<\/span><a href=\"mailto:info@aki.ee\"><span style=\"font-weight: 400;\">info@aki.ee<\/span><\/a><span style=\"font-weight: 400;\">).<\/span><\/p>\n<h1><\/h1>\n<h2><span style=\"font-weight: 400;\">Ev\u00e4steet ja pikselit<\/span><\/h2>\n<p><span style=\"font-weight: 400;\">Ev\u00e4ste on pieni tekstitiedosto, joka tallentuu k\u00e4ytt\u00e4j\u00e4n laitteeseen t\u00e4m\u00e4n k\u00e4ytt\u00e4ess\u00e4 verkkosivustoa, ja jonka avulla sivusto muistaa k\u00e4ytt\u00e4j\u00e4n mieltymykset, esim. fonttikoon ja kielen, k\u00e4ytetyn laitteen ja vierailutilastot.<\/span><\/p>\n<p><span style=\"font-weight: 400;\">Kaikki selaimet sallivat oletusarvoisesti ev\u00e4steet, mutta selaimen asetuksia voi yleens\u00e4 muuttaa niin, ett\u00e4 selain joko kielt\u00e4\u00e4 ev\u00e4steet kokonaan, est\u00e4\u00e4 kolmannen osapuolen ev\u00e4steet tai ilmoittaa k\u00e4ytt\u00e4j\u00e4lle jokaisesta l\u00e4hetetyst\u00e4 ev\u00e4steest\u00e4.<\/span><\/p>\n<p><span style=\"font-weight: 400;\">T\u00e4m\u00e4 sivusto l\u00e4hett\u00e4\u00e4 k\u00e4ytt\u00e4jien tietokoneisiin ja mobiililaitteisiin pieni\u00e4 tiedostoja (ev\u00e4steit\u00e4), joita tarvitaan verkkosivuston toimintaan ja anonyymin verkkok\u00e4ytt\u00e4ytymisanalyysin tekemiseen.<\/span><\/p>\n<p><span style=\"font-weight: 400;\">Pikselit ovat pieni\u00e4 verkkosivun koodinp\u00e4tki\u00e4, joiden avulla verkkosivut lukevat ja asentavat ev\u00e4steit\u00e4. Pikselit k\u00e4ynnistyv\u00e4t, kun k\u00e4ytt\u00e4j\u00e4 avaa s\u00e4hk\u00f6postin tai tulee verkkosivulle, mink\u00e4 j\u00e4lkeen ladataan kolmannen osapuolen ev\u00e4steet tai rekister\u00f6id\u00e4\u00e4n tieto siit\u00e4, ett\u00e4 k\u00e4ytt\u00e4j\u00e4 on avannut s\u00e4hk\u00f6postiviestin.<\/span><\/p>\n<ul>\n<li style=\"font-weight: 400;\"><span style=\"font-weight: 400;\">Ker\u00e4\u00e4mme anonyymeja verkkotilastoja ja analysoimme niiden avulla sit\u00e4, miten k\u00e4ytt\u00e4j\u00e4t verkkosivullamme liikkuvat. T\u00e4h\u00e4n k\u00e4yt\u00e4mme Google Analyticsi\u00e4, joka k\u00e4sittelee tietoja anonyymisti eik\u00e4 ker\u00e4\u00e4 tai k\u00e4sittele henkil\u00f6tietoja.<\/span><\/li>\n<li style=\"font-weight: 400;\"><span style=\"font-weight: 400;\">Ker\u00e4\u00e4mme anonyymeja verkkotilastoja ja analysoimme niiden avulla sit\u00e4, miten k\u00e4ytt\u00e4j\u00e4t verkkosivuamme k\u00e4ytt\u00e4v\u00e4t. T\u00e4h\u00e4n k\u00e4yt\u00e4mme Hotjaria, joka k\u00e4sittelee tietoja anonyymisti. T\u00e4m\u00e4 parantaa kotisivumme k\u00e4ytt\u00e4j\u00e4kokemusta.<\/span><\/li>\n<\/ul>\n<p><span style=\"font-weight: 400;\">Sivullemme on lis\u00e4tty Facebookin pikseli, ja jos ette halua n\u00e4hd\u00e4 sivustomme mainoksia Facebookissa, voitte kielt\u00e4\u00e4 ne t\u00e4\u00e4ll\u00e4:<\/span><a href=\"https:\/\/www.facebook.com\/ads\/preferences\"><span style=\"font-weight: 400;\">https:\/\/www.facebook.com\/ads\/preferences<\/span><\/a><span style=\"font-weight: 400;\"> klikkaamalla \u201cMainostajat, joiden kanssa olet ollut vuorovaikutuksessa\u201d.<\/span><\/p>\n","protected":false},"excerpt":{"rendered":"<p>Yksityisyysk\u00e4yt\u00e4nt\u00f6 Verkkokaupan monger.ee\/kttape henkil\u00f6tiedoista vastaava k\u00e4sittelij\u00e4 on Monger Baltic O\u00dc, Y-tunnus 11813309, osoitteessa Tuukri 11, 10120 Tallinna, Viro, puh. +&#8230;<\/p>\n","protected":false},"author":1,"featured_media":0,"parent":1853,"menu_order":133,"comment_status":"closed","ping_status":"closed","template":"","meta":{"_acf_changed":false,"footnotes":""},"class_list":["post-1902","page","type-page","status-publish","hentry"],"acf":[],"yoast_head":"<!-- This site is optimized with the Yoast SEO Premium plugin v23.4 (Yoast SEO v27.3) - https:\/\/yoast.com\/product\/yoast-seo-premium-wordpress\/ -->\n<title>YKSITYISYYSK\u00c4YT\u00c4NT\u00d6 - KT Tape Baltics<\/title>\n<meta name=\"robots\" content=\"index, follow, max-snippet:-1, max-image-preview:large, max-video-preview:-1\" \/>\n<link rel=\"canonical\" href=\"http:\/\/kttape.ee\/fi\/tietoa-asiakkaalle\/yksityisyyskaytanto\/\" \/>\n<meta property=\"og:locale\" content=\"fi_FI\" \/>\n<meta property=\"og:type\" content=\"article\" \/>\n<meta property=\"og:title\" content=\"YKSITYISYYSK\u00c4YT\u00c4NT\u00d6\" \/>\n<meta property=\"og:description\" content=\"Yksityisyysk\u00e4yt\u00e4nt\u00f6 Verkkokaupan monger.ee\/kttape henkil\u00f6tiedoista vastaava k\u00e4sittelij\u00e4 on Monger Baltic O\u00dc, Y-tunnus 11813309, osoitteessa Tuukri 11,\" \/>\n<meta property=\"og:url\" content=\"http:\/\/kttape.ee\/fi\/tietoa-asiakkaalle\/yksityisyyskaytanto\/\" \/>\n<meta property=\"og:site_name\" content=\"KT Tape Baltics\" \/>\n<meta property=\"article:publisher\" content=\"https:\/\/www.facebook.com\/kttapeeesti\" \/>\n<meta property=\"article:modified_time\" content=\"2019-07-05T09:35:18+00:00\" \/>\n<meta name=\"twitter:card\" content=\"summary_large_image\" \/>\n<meta name=\"twitter:label1\" content=\"Est. reading time\" \/>\n\t<meta name=\"twitter:data1\" content=\"5 minutes\" \/>\n<script type=\"application\/ld+json\" class=\"yoast-schema-graph\">{\"@context\":\"https:\\\/\\\/schema.org\",\"@graph\":[{\"@type\":\"WebPage\",\"@id\":\"https:\\\/\\\/kttape.ee\\\/fi\\\/tietoa-asiakkaalle\\\/yksityisyyskaytanto\\\/\",\"url\":\"http:\\\/\\\/kttape.ee\\\/fi\\\/tietoa-asiakkaalle\\\/yksityisyyskaytanto\\\/\",\"name\":\"YKSITYISYYSK\u00c4YT\u00c4NT\u00d6 - KT Tape Baltics\",\"isPartOf\":{\"@id\":\"https:\\\/\\\/kttape.ee\\\/fi\\\/#website\"},\"datePublished\":\"2017-05-24T10:27:05+00:00\",\"dateModified\":\"2019-07-05T09:35:18+00:00\",\"breadcrumb\":{\"@id\":\"http:\\\/\\\/kttape.ee\\\/fi\\\/tietoa-asiakkaalle\\\/yksityisyyskaytanto\\\/#breadcrumb\"},\"inLanguage\":\"fi-FI\",\"potentialAction\":[{\"@type\":\"ReadAction\",\"target\":[\"http:\\\/\\\/kttape.ee\\\/fi\\\/tietoa-asiakkaalle\\\/yksityisyyskaytanto\\\/\"]}]},{\"@type\":\"BreadcrumbList\",\"@id\":\"http:\\\/\\\/kttape.ee\\\/fi\\\/tietoa-asiakkaalle\\\/yksityisyyskaytanto\\\/#breadcrumb\",\"itemListElement\":[{\"@type\":\"ListItem\",\"position\":1,\"name\":\"Home\",\"item\":\"https:\\\/\\\/kttape.ee\\\/fi\\\/\"},{\"@type\":\"ListItem\",\"position\":2,\"name\":\"Tietoa asiakkaalle\",\"item\":\"https:\\\/\\\/kttape.ee\\\/fi\\\/tietoa-asiakkaalle\\\/\"},{\"@type\":\"ListItem\",\"position\":3,\"name\":\"YKSITYISYYSK\u00c4YT\u00c4NT\u00d6\"}]},{\"@type\":\"WebSite\",\"@id\":\"https:\\\/\\\/kttape.ee\\\/fi\\\/#website\",\"url\":\"https:\\\/\\\/kttape.ee\\\/fi\\\/\",\"name\":\"KT TAPE\",\"description\":\"health and sport products\",\"publisher\":{\"@id\":\"https:\\\/\\\/kttape.ee\\\/fi\\\/#organization\"},\"alternateName\":\"kinesioteip, kinesioloogiline teip, kt teip\",\"potentialAction\":[{\"@type\":\"SearchAction\",\"target\":{\"@type\":\"EntryPoint\",\"urlTemplate\":\"https:\\\/\\\/kttape.ee\\\/fi\\\/?s={search_term_string}\"},\"query-input\":{\"@type\":\"PropertyValueSpecification\",\"valueRequired\":true,\"valueName\":\"search_term_string\"}}],\"inLanguage\":\"fi-FI\"},{\"@type\":\"Organization\",\"@id\":\"https:\\\/\\\/kttape.ee\\\/fi\\\/#organization\",\"name\":\"Monger Baltic O\u00dc\",\"alternateName\":\"KT TAPE\",\"url\":\"https:\\\/\\\/kttape.ee\\\/fi\\\/\",\"logo\":{\"@type\":\"ImageObject\",\"inLanguage\":\"fi-FI\",\"@id\":\"https:\\\/\\\/kttape.ee\\\/fi\\\/#\\\/schema\\\/logo\\\/image\\\/\",\"url\":\"http:\\\/\\\/kttape.ee\\\/wp-content\\\/uploads\\\/2018\\\/11\\\/logo-monger-white-1.png\",\"contentUrl\":\"http:\\\/\\\/kttape.ee\\\/wp-content\\\/uploads\\\/2018\\\/11\\\/logo-monger-white-1.png\",\"width\":826,\"height\":532,\"caption\":\"Monger Baltic O\u00dc\"},\"image\":{\"@id\":\"https:\\\/\\\/kttape.ee\\\/fi\\\/#\\\/schema\\\/logo\\\/image\\\/\"},\"sameAs\":[\"https:\\\/\\\/www.facebook.com\\\/kttapeeesti\",\"https:\\\/\\\/www.instagram.com\\\/kttape.eesti\\\/\"]}]}<\/script>\n<!-- \/ Yoast SEO Premium plugin. -->","yoast_head_json":{"title":"YKSITYISYYSK\u00c4YT\u00c4NT\u00d6 - KT Tape Baltics","robots":{"index":"index","follow":"follow","max-snippet":"max-snippet:-1","max-image-preview":"max-image-preview:large","max-video-preview":"max-video-preview:-1"},"canonical":"http:\/\/kttape.ee\/fi\/tietoa-asiakkaalle\/yksityisyyskaytanto\/","og_locale":"fi_FI","og_type":"article","og_title":"YKSITYISYYSK\u00c4YT\u00c4NT\u00d6","og_description":"Yksityisyysk\u00e4yt\u00e4nt\u00f6 Verkkokaupan monger.ee\/kttape henkil\u00f6tiedoista vastaava k\u00e4sittelij\u00e4 on Monger Baltic O\u00dc, Y-tunnus 11813309, osoitteessa Tuukri 11,","og_url":"http:\/\/kttape.ee\/fi\/tietoa-asiakkaalle\/yksityisyyskaytanto\/","og_site_name":"KT Tape Baltics","article_publisher":"https:\/\/www.facebook.com\/kttapeeesti","article_modified_time":"2019-07-05T09:35:18+00:00","twitter_card":"summary_large_image","twitter_misc":{"Est. reading time":"5 minutes"},"schema":{"@context":"https:\/\/schema.org","@graph":[{"@type":"WebPage","@id":"https:\/\/kttape.ee\/fi\/tietoa-asiakkaalle\/yksityisyyskaytanto\/","url":"http:\/\/kttape.ee\/fi\/tietoa-asiakkaalle\/yksityisyyskaytanto\/","name":"YKSITYISYYSK\u00c4YT\u00c4NT\u00d6 - KT Tape Baltics","isPartOf":{"@id":"https:\/\/kttape.ee\/fi\/#website"},"datePublished":"2017-05-24T10:27:05+00:00","dateModified":"2019-07-05T09:35:18+00:00","breadcrumb":{"@id":"http:\/\/kttape.ee\/fi\/tietoa-asiakkaalle\/yksityisyyskaytanto\/#breadcrumb"},"inLanguage":"fi-FI","potentialAction":[{"@type":"ReadAction","target":["http:\/\/kttape.ee\/fi\/tietoa-asiakkaalle\/yksityisyyskaytanto\/"]}]},{"@type":"BreadcrumbList","@id":"http:\/\/kttape.ee\/fi\/tietoa-asiakkaalle\/yksityisyyskaytanto\/#breadcrumb","itemListElement":[{"@type":"ListItem","position":1,"name":"Home","item":"https:\/\/kttape.ee\/fi\/"},{"@type":"ListItem","position":2,"name":"Tietoa asiakkaalle","item":"https:\/\/kttape.ee\/fi\/tietoa-asiakkaalle\/"},{"@type":"ListItem","position":3,"name":"YKSITYISYYSK\u00c4YT\u00c4NT\u00d6"}]},{"@type":"WebSite","@id":"https:\/\/kttape.ee\/fi\/#website","url":"https:\/\/kttape.ee\/fi\/","name":"KT TAPE","description":"health and sport products","publisher":{"@id":"https:\/\/kttape.ee\/fi\/#organization"},"alternateName":"kinesioteip, kinesioloogiline teip, kt teip","potentialAction":[{"@type":"SearchAction","target":{"@type":"EntryPoint","urlTemplate":"https:\/\/kttape.ee\/fi\/?s={search_term_string}"},"query-input":{"@type":"PropertyValueSpecification","valueRequired":true,"valueName":"search_term_string"}}],"inLanguage":"fi-FI"},{"@type":"Organization","@id":"https:\/\/kttape.ee\/fi\/#organization","name":"Monger Baltic O\u00dc","alternateName":"KT TAPE","url":"https:\/\/kttape.ee\/fi\/","logo":{"@type":"ImageObject","inLanguage":"fi-FI","@id":"https:\/\/kttape.ee\/fi\/#\/schema\/logo\/image\/","url":"http:\/\/kttape.ee\/wp-content\/uploads\/2018\/11\/logo-monger-white-1.png","contentUrl":"http:\/\/kttape.ee\/wp-content\/uploads\/2018\/11\/logo-monger-white-1.png","width":826,"height":532,"caption":"Monger Baltic O\u00dc"},"image":{"@id":"https:\/\/kttape.ee\/fi\/#\/schema\/logo\/image\/"},"sameAs":["https:\/\/www.facebook.com\/kttapeeesti","https:\/\/www.instagram.com\/kttape.eesti\/"]}]}},"_links":{"self":[{"href":"https:\/\/kttape.ee\/fi\/wp-json\/wp\/v2\/pages\/1902","targetHints":{"allow":["GET"]}}],"collection":[{"href":"https:\/\/kttape.ee\/fi\/wp-json\/wp\/v2\/pages"}],"about":[{"href":"https:\/\/kttape.ee\/fi\/wp-json\/wp\/v2\/types\/page"}],"author":[{"embeddable":true,"href":"https:\/\/kttape.ee\/fi\/wp-json\/wp\/v2\/users\/1"}],"replies":[{"embeddable":true,"href":"https:\/\/kttape.ee\/fi\/wp-json\/wp\/v2\/comments?post=1902"}],"version-history":[{"count":0,"href":"https:\/\/kttape.ee\/fi\/wp-json\/wp\/v2\/pages\/1902\/revisions"}],"up":[{"embeddable":true,"href":"https:\/\/kttape.ee\/fi\/wp-json\/wp\/v2\/pages\/1853"}],"wp:attachment":[{"href":"https:\/\/kttape.ee\/fi\/wp-json\/wp\/v2\/media?parent=1902"}],"curies":[{"name":"wp","href":"https:\/\/api.w.org\/{rel}","templated":true}]}}