{"id":1929,"date":"2017-05-24T13:28:31","date_gmt":"2017-05-24T10:28:31","guid":{"rendered":"https:\/\/project.dreamo.ee\/monger\/kttape\/tietoa-asiakkaalle\/rahvusvahelised-tellimused\/"},"modified":"2019-07-05T12:36:15","modified_gmt":"2019-07-05T09:36:15","slug":"kansainvalinen-tilaukset","status":"publish","type":"page","link":"https:\/\/kttape.ee\/fi\/tietoa-asiakkaalle\/kansainvalinen-tilaukset\/","title":{"rendered":"Kansainv\u00e4linen tilaukset"},"content":{"rendered":"<h1>Kansainv\u00e4linen tilaukset<\/h1>\n<p>Kaikki tilaukset Virosta, Latviasta ja Liettuasta annetaan postin kuljettavaksi tilausta seuraavana arkip\u00e4iv\u00e4n\u00e4 ja yleens\u00e4 asiakas saa tilaamansa tavaran jo p\u00e4iv\u00e4n kuluessa.<\/p>\n<p>Tilaukset Ven\u00e4j\u00e4lt\u00e4, Ukrainasta ja Valko-Ven\u00e4j\u00e4lt\u00e4 toimitetaan asiakkaalle yhteisty\u00f6ss\u00e4 Eesti Postin kanssa ja toimitusaika on p\u00e4\u00e4s\u00e4\u00e4nt\u00f6isesti 7\u201314 p\u00e4iv\u00e4\u00e4, riippuen tilaajan olinpaikasta.<br \/>\nTilaukset Suomesta toimitetaan asiakkaalle yhteisty\u00f6ss\u00e4 Smartpostin tai Eesti Postin kanssa. Tilauksen toimitusaika Helsingin alueella on 2\u20133 p\u00e4iv\u00e4\u00e4, muualla Suomessa 3\u20135 p\u00e4iv\u00e4\u00e4.<br \/>\nKansainv\u00e4liset tilaukset t\u00e4ytet\u00e4\u00e4n heti sen j\u00e4lkeen kun verkkokaupalle on v\u00e4littynyt tieto maksusta.<\/p>\n<p>Kaikkia mahdollisia kysymyksi\u00e4 ja ehdotuksia k\u00e4sittelemme arkisin, maanantaista perjantaihin. L\u00e4hett\u00e4k\u00e4\u00e4 viestinne osoitteeseen: info@kt-tape.ee<\/p>\n","protected":false},"excerpt":{"rendered":"<p>Kansainv\u00e4linen tilaukset Kaikki tilaukset Virosta, Latviasta ja Liettuasta annetaan postin kuljettavaksi tilausta seuraavana arkip\u00e4iv\u00e4n\u00e4 ja yleens\u00e4 asiakas saa tilaamansa tavaran&#8230;<\/p>\n","protected":false},"author":1,"featured_media":0,"parent":1853,"menu_order":142,"comment_status":"closed","ping_status":"closed","template":"","meta":{"_acf_changed":false,"footnotes":""},"class_list":["post-1929","page","type-page","status-publish","hentry"],"acf":[],"yoast_head":"<!-- This site is optimized with the Yoast SEO Premium plugin v23.4 (Yoast SEO v27.3) - https:\/\/yoast.com\/product\/yoast-seo-premium-wordpress\/ -->\n<title>Kansainv\u00e4linen tilaukset - KT Tape Baltics<\/title>\n<meta name=\"robots\" content=\"index, follow, max-snippet:-1, max-image-preview:large, max-video-preview:-1\" \/>\n<link rel=\"canonical\" href=\"http:\/\/kttape.ee\/fi\/tietoa-asiakkaalle\/kansainvalinen-tilaukset\/\" \/>\n<meta property=\"og:locale\" content=\"fi_FI\" \/>\n<meta property=\"og:type\" content=\"article\" \/>\n<meta property=\"og:title\" content=\"Kansainv\u00e4linen tilaukset\" \/>\n<meta property=\"og:description\" content=\"Kansainv\u00e4linen tilaukset Kaikki tilaukset Virosta, Latviasta ja Liettuasta annetaan postin kuljettavaksi tilausta seuraavana arkip\u00e4iv\u00e4n\u00e4 ja yleens\u00e4\" \/>\n<meta property=\"og:url\" content=\"http:\/\/kttape.ee\/fi\/tietoa-asiakkaalle\/kansainvalinen-tilaukset\/\" \/>\n<meta property=\"og:site_name\" content=\"KT Tape Baltics\" \/>\n<meta property=\"article:publisher\" content=\"https:\/\/www.facebook.com\/kttapeeesti\" \/>\n<meta property=\"article:modified_time\" content=\"2019-07-05T09:36:15+00:00\" \/>\n<meta name=\"twitter:card\" content=\"summary_large_image\" \/>\n<meta name=\"twitter:label1\" content=\"Est. reading time\" \/>\n\t<meta name=\"twitter:data1\" content=\"1 minute\" \/>\n<script type=\"application\/ld+json\" class=\"yoast-schema-graph\">{\"@context\":\"https:\\\/\\\/schema.org\",\"@graph\":[{\"@type\":\"WebPage\",\"@id\":\"https:\\\/\\\/kttape.ee\\\/fi\\\/tietoa-asiakkaalle\\\/kansainvalinen-tilaukset\\\/\",\"url\":\"http:\\\/\\\/kttape.ee\\\/fi\\\/tietoa-asiakkaalle\\\/kansainvalinen-tilaukset\\\/\",\"name\":\"Kansainv\u00e4linen tilaukset - KT Tape Baltics\",\"isPartOf\":{\"@id\":\"https:\\\/\\\/kttape.ee\\\/fi\\\/#website\"},\"datePublished\":\"2017-05-24T10:28:31+00:00\",\"dateModified\":\"2019-07-05T09:36:15+00:00\",\"breadcrumb\":{\"@id\":\"http:\\\/\\\/kttape.ee\\\/fi\\\/tietoa-asiakkaalle\\\/kansainvalinen-tilaukset\\\/#breadcrumb\"},\"inLanguage\":\"fi-FI\",\"potentialAction\":[{\"@type\":\"ReadAction\",\"target\":[\"http:\\\/\\\/kttape.ee\\\/fi\\\/tietoa-asiakkaalle\\\/kansainvalinen-tilaukset\\\/\"]}]},{\"@type\":\"BreadcrumbList\",\"@id\":\"http:\\\/\\\/kttape.ee\\\/fi\\\/tietoa-asiakkaalle\\\/kansainvalinen-tilaukset\\\/#breadcrumb\",\"itemListElement\":[{\"@type\":\"ListItem\",\"position\":1,\"name\":\"Home\",\"item\":\"https:\\\/\\\/kttape.ee\\\/fi\\\/\"},{\"@type\":\"ListItem\",\"position\":2,\"name\":\"Tietoa asiakkaalle\",\"item\":\"https:\\\/\\\/kttape.ee\\\/fi\\\/tietoa-asiakkaalle\\\/\"},{\"@type\":\"ListItem\",\"position\":3,\"name\":\"Kansainv\u00e4linen tilaukset\"}]},{\"@type\":\"WebSite\",\"@id\":\"https:\\\/\\\/kttape.ee\\\/fi\\\/#website\",\"url\":\"https:\\\/\\\/kttape.ee\\\/fi\\\/\",\"name\":\"KT TAPE\",\"description\":\"health and sport products\",\"publisher\":{\"@id\":\"https:\\\/\\\/kttape.ee\\\/fi\\\/#organization\"},\"alternateName\":\"kinesioteip, kinesioloogiline teip, kt teip\",\"potentialAction\":[{\"@type\":\"SearchAction\",\"target\":{\"@type\":\"EntryPoint\",\"urlTemplate\":\"https:\\\/\\\/kttape.ee\\\/fi\\\/?s={search_term_string}\"},\"query-input\":{\"@type\":\"PropertyValueSpecification\",\"valueRequired\":true,\"valueName\":\"search_term_string\"}}],\"inLanguage\":\"fi-FI\"},{\"@type\":\"Organization\",\"@id\":\"https:\\\/\\\/kttape.ee\\\/fi\\\/#organization\",\"name\":\"Monger Baltic O\u00dc\",\"alternateName\":\"KT TAPE\",\"url\":\"https:\\\/\\\/kttape.ee\\\/fi\\\/\",\"logo\":{\"@type\":\"ImageObject\",\"inLanguage\":\"fi-FI\",\"@id\":\"https:\\\/\\\/kttape.ee\\\/fi\\\/#\\\/schema\\\/logo\\\/image\\\/\",\"url\":\"http:\\\/\\\/kttape.ee\\\/wp-content\\\/uploads\\\/2018\\\/11\\\/logo-monger-white-1.png\",\"contentUrl\":\"http:\\\/\\\/kttape.ee\\\/wp-content\\\/uploads\\\/2018\\\/11\\\/logo-monger-white-1.png\",\"width\":826,\"height\":532,\"caption\":\"Monger Baltic O\u00dc\"},\"image\":{\"@id\":\"https:\\\/\\\/kttape.ee\\\/fi\\\/#\\\/schema\\\/logo\\\/image\\\/\"},\"sameAs\":[\"https:\\\/\\\/www.facebook.com\\\/kttapeeesti\",\"https:\\\/\\\/www.instagram.com\\\/kttape.eesti\\\/\"]}]}<\/script>\n<!-- \/ Yoast SEO Premium plugin. -->","yoast_head_json":{"title":"Kansainv\u00e4linen tilaukset - KT Tape Baltics","robots":{"index":"index","follow":"follow","max-snippet":"max-snippet:-1","max-image-preview":"max-image-preview:large","max-video-preview":"max-video-preview:-1"},"canonical":"http:\/\/kttape.ee\/fi\/tietoa-asiakkaalle\/kansainvalinen-tilaukset\/","og_locale":"fi_FI","og_type":"article","og_title":"Kansainv\u00e4linen tilaukset","og_description":"Kansainv\u00e4linen tilaukset Kaikki tilaukset Virosta, Latviasta ja Liettuasta annetaan postin kuljettavaksi tilausta seuraavana arkip\u00e4iv\u00e4n\u00e4 ja yleens\u00e4","og_url":"http:\/\/kttape.ee\/fi\/tietoa-asiakkaalle\/kansainvalinen-tilaukset\/","og_site_name":"KT Tape Baltics","article_publisher":"https:\/\/www.facebook.com\/kttapeeesti","article_modified_time":"2019-07-05T09:36:15+00:00","twitter_card":"summary_large_image","twitter_misc":{"Est. reading time":"1 minute"},"schema":{"@context":"https:\/\/schema.org","@graph":[{"@type":"WebPage","@id":"https:\/\/kttape.ee\/fi\/tietoa-asiakkaalle\/kansainvalinen-tilaukset\/","url":"http:\/\/kttape.ee\/fi\/tietoa-asiakkaalle\/kansainvalinen-tilaukset\/","name":"Kansainv\u00e4linen tilaukset - KT Tape Baltics","isPartOf":{"@id":"https:\/\/kttape.ee\/fi\/#website"},"datePublished":"2017-05-24T10:28:31+00:00","dateModified":"2019-07-05T09:36:15+00:00","breadcrumb":{"@id":"http:\/\/kttape.ee\/fi\/tietoa-asiakkaalle\/kansainvalinen-tilaukset\/#breadcrumb"},"inLanguage":"fi-FI","potentialAction":[{"@type":"ReadAction","target":["http:\/\/kttape.ee\/fi\/tietoa-asiakkaalle\/kansainvalinen-tilaukset\/"]}]},{"@type":"BreadcrumbList","@id":"http:\/\/kttape.ee\/fi\/tietoa-asiakkaalle\/kansainvalinen-tilaukset\/#breadcrumb","itemListElement":[{"@type":"ListItem","position":1,"name":"Home","item":"https:\/\/kttape.ee\/fi\/"},{"@type":"ListItem","position":2,"name":"Tietoa asiakkaalle","item":"https:\/\/kttape.ee\/fi\/tietoa-asiakkaalle\/"},{"@type":"ListItem","position":3,"name":"Kansainv\u00e4linen tilaukset"}]},{"@type":"WebSite","@id":"https:\/\/kttape.ee\/fi\/#website","url":"https:\/\/kttape.ee\/fi\/","name":"KT TAPE","description":"health and sport products","publisher":{"@id":"https:\/\/kttape.ee\/fi\/#organization"},"alternateName":"kinesioteip, kinesioloogiline teip, kt teip","potentialAction":[{"@type":"SearchAction","target":{"@type":"EntryPoint","urlTemplate":"https:\/\/kttape.ee\/fi\/?s={search_term_string}"},"query-input":{"@type":"PropertyValueSpecification","valueRequired":true,"valueName":"search_term_string"}}],"inLanguage":"fi-FI"},{"@type":"Organization","@id":"https:\/\/kttape.ee\/fi\/#organization","name":"Monger Baltic O\u00dc","alternateName":"KT TAPE","url":"https:\/\/kttape.ee\/fi\/","logo":{"@type":"ImageObject","inLanguage":"fi-FI","@id":"https:\/\/kttape.ee\/fi\/#\/schema\/logo\/image\/","url":"http:\/\/kttape.ee\/wp-content\/uploads\/2018\/11\/logo-monger-white-1.png","contentUrl":"http:\/\/kttape.ee\/wp-content\/uploads\/2018\/11\/logo-monger-white-1.png","width":826,"height":532,"caption":"Monger Baltic O\u00dc"},"image":{"@id":"https:\/\/kttape.ee\/fi\/#\/schema\/logo\/image\/"},"sameAs":["https:\/\/www.facebook.com\/kttapeeesti","https:\/\/www.instagram.com\/kttape.eesti\/"]}]}},"_links":{"self":[{"href":"https:\/\/kttape.ee\/fi\/wp-json\/wp\/v2\/pages\/1929","targetHints":{"allow":["GET"]}}],"collection":[{"href":"https:\/\/kttape.ee\/fi\/wp-json\/wp\/v2\/pages"}],"about":[{"href":"https:\/\/kttape.ee\/fi\/wp-json\/wp\/v2\/types\/page"}],"author":[{"embeddable":true,"href":"https:\/\/kttape.ee\/fi\/wp-json\/wp\/v2\/users\/1"}],"replies":[{"embeddable":true,"href":"https:\/\/kttape.ee\/fi\/wp-json\/wp\/v2\/comments?post=1929"}],"version-history":[{"count":0,"href":"https:\/\/kttape.ee\/fi\/wp-json\/wp\/v2\/pages\/1929\/revisions"}],"up":[{"embeddable":true,"href":"https:\/\/kttape.ee\/fi\/wp-json\/wp\/v2\/pages\/1853"}],"wp:attachment":[{"href":"https:\/\/kttape.ee\/fi\/wp-json\/wp\/v2\/media?parent=1929"}],"curies":[{"name":"wp","href":"https:\/\/api.w.org\/{rel}","templated":true}]}}