{"id":1350,"date":"2017-06-12T11:48:09","date_gmt":"2017-06-12T08:48:09","guid":{"rendered":"https:\/\/project.dreamo.ee\/monger\/kttape\/product\/kt-tape-5m\/"},"modified":"2019-07-05T17:19:55","modified_gmt":"2019-07-05T14:19:55","slug":"kt-tape-5m","status":"publish","type":"product","link":"https:\/\/kttape.ee\/fi\/product\/kt-tape-5m\/","title":{"rendered":"KT TAPE 5M"},"content":{"rendered":"<p>PUUVILLAINEN LEIKKAAMATON KINESIOTEIPPI<\/p>\n<p>KT Tape on elastinen ja ilmaa l\u00e4p\u00e4isev\u00e4 teippi, joka on valmistettu ensiluokkaisesta puuvillasta ja varustettu ei-allergisella vedenpit\u00e4v\u00e4ll\u00e4 liima-aineella. Se on tarkoitettu l\u00e4hinn\u00e4 lihasten, nivelten ja j\u00e4nteiden vakauden tukemiseksi ja liikkuvuuden lis\u00e4\u00e4miseksi. V\u00e4hent\u00e4\u00e4 v\u00e4symyksen, j\u00e4nnityksen, tulehduksen ym. aiheuttamaa lihaskipua ja edist\u00e4\u00e4 merkitt\u00e4v\u00e4sti palautumista. Stimuloi lymfaj\u00e4rjestelm\u00e4\u00e4 ja parantaa verenkiertoa. Auttaa korjaamaan nivelten asentoa ja vakautta. Yhdess\u00e4 rullassa on 6,1m teippipalaa.<\/p>\n","protected":false},"excerpt":{"rendered":"<p>PUUVILLAINEN LEIKKAAMATON KINESIOTEIPPI KT Tape on elastinen ja ilmaa l\u00e4p\u00e4isev\u00e4 teippi, joka on valmistettu ensiluokkaisesta puuvillasta ja varustettu ei-allergisella vedenpit\u00e4v\u00e4ll\u00e4&#8230;<\/p>\n","protected":false},"featured_media":2085,"template":"","meta":{"_acf_changed":false},"product_brand":[],"product_cat":[66,127],"product_tag":[],"class_list":{"0":"post-1350","1":"product","2":"type-product","3":"status-publish","4":"has-post-thumbnail","6":"product_cat-puuvillanen","7":"product_cat-leikkaamaton-pieni-rulla","9":"first","10":"instock","11":"taxable","12":"shipping-taxable","13":"purchasable","14":"product-type-variable"},"acf":[],"yoast_head":"<!-- This site is optimized with the Yoast SEO Premium plugin v23.4 (Yoast SEO v27.3) - https:\/\/yoast.com\/product\/yoast-seo-premium-wordpress\/ -->\n<title>KT TAPE 5M - KT Tape Baltics<\/title>\n<meta name=\"robots\" content=\"index, follow, max-snippet:-1, max-image-preview:large, max-video-preview:-1\" \/>\n<link rel=\"canonical\" href=\"https:\/\/kttape.ee\/fi\/product\/kt-tape-5m\/\" \/>\n<meta property=\"og:locale\" content=\"fi_FI\" \/>\n<meta property=\"og:type\" content=\"article\" \/>\n<meta property=\"og:title\" content=\"KT TAPE 5M\" \/>\n<meta property=\"og:description\" content=\"PUUVILLAINEN LEIKKAAMATON KINESIOTEIPPI KT Tape on elastinen ja ilmaa l\u00e4p\u00e4isev\u00e4 teippi, joka on valmistettu ensiluokkaisesta puuvillasta ja varustettu\" \/>\n<meta property=\"og:url\" content=\"https:\/\/kttape.ee\/fi\/product\/kt-tape-5m\/\" \/>\n<meta property=\"og:site_name\" content=\"KT Tape Baltics\" \/>\n<meta property=\"article:publisher\" content=\"https:\/\/www.facebook.com\/kttapeeesti\" \/>\n<meta property=\"article:modified_time\" content=\"2019-07-05T14:19:55+00:00\" \/>\n<meta property=\"og:image\" content=\"https:\/\/kttape.ee\/wp-content\/uploads\/2017\/06\/Pink-851144005693.jpg\" \/>\n\t<meta property=\"og:image:width\" content=\"1024\" \/>\n\t<meta property=\"og:image:height\" content=\"1024\" \/>\n\t<meta property=\"og:image:type\" content=\"image\/jpeg\" \/>\n<meta name=\"twitter:card\" content=\"summary_large_image\" \/>\n<meta name=\"twitter:label1\" content=\"Availability\" \/>\n\t<meta name=\"twitter:data1\" content=\"In stock\" \/>\n<script type=\"application\/ld+json\" class=\"yoast-schema-graph\">{\"@context\":\"https:\\\/\\\/schema.org\",\"@graph\":[{\"@type\":\"WebPage\",\"@id\":\"https:\\\/\\\/kttape.ee\\\/fi\\\/product\\\/kt-tape-5m\\\/\",\"url\":\"https:\\\/\\\/kttape.ee\\\/fi\\\/product\\\/kt-tape-5m\\\/\",\"name\":\"KT TAPE 5M - KT Tape Baltics\",\"isPartOf\":{\"@id\":\"https:\\\/\\\/kttape.ee\\\/fi\\\/#website\"},\"primaryImageOfPage\":{\"@id\":\"https:\\\/\\\/kttape.ee\\\/fi\\\/product\\\/kt-tape-5m\\\/#primaryimage\"},\"image\":{\"@id\":\"https:\\\/\\\/kttape.ee\\\/fi\\\/product\\\/kt-tape-5m\\\/#primaryimage\"},\"thumbnailUrl\":\"https:\\\/\\\/kttape.ee\\\/wp-content\\\/uploads\\\/2017\\\/06\\\/Pink-851144005693-jpg.webp\",\"datePublished\":\"2017-06-12T08:48:09+00:00\",\"dateModified\":\"2019-07-05T14:19:55+00:00\",\"breadcrumb\":{\"@id\":\"https:\\\/\\\/kttape.ee\\\/fi\\\/product\\\/kt-tape-5m\\\/#breadcrumb\"},\"inLanguage\":\"fi-FI\",\"potentialAction\":[{\"@type\":\"ReadAction\",\"target\":[\"https:\\\/\\\/kttape.ee\\\/fi\\\/product\\\/kt-tape-5m\\\/\"]}]},{\"@type\":\"ImageObject\",\"inLanguage\":\"fi-FI\",\"@id\":\"https:\\\/\\\/kttape.ee\\\/fi\\\/product\\\/kt-tape-5m\\\/#primaryimage\",\"url\":\"https:\\\/\\\/kttape.ee\\\/wp-content\\\/uploads\\\/2017\\\/06\\\/Pink-851144005693-jpg.webp\",\"contentUrl\":\"https:\\\/\\\/kttape.ee\\\/wp-content\\\/uploads\\\/2017\\\/06\\\/Pink-851144005693-jpg.webp\",\"width\":1024,\"height\":1024,\"caption\":\"kinesiology tape, kinesioloogiline teip, puuvillane\"},{\"@type\":\"BreadcrumbList\",\"@id\":\"https:\\\/\\\/kttape.ee\\\/fi\\\/product\\\/kt-tape-5m\\\/#breadcrumb\",\"itemListElement\":[{\"@type\":\"ListItem\",\"position\":1,\"name\":\"Home\",\"item\":\"https:\\\/\\\/kttape.ee\\\/fi\\\/\"},{\"@type\":\"ListItem\",\"position\":2,\"name\":\"Tuotteet\",\"item\":\"https:\\\/\\\/kttape.ee\\\/fi\\\/tuotteet\\\/\"},{\"@type\":\"ListItem\",\"position\":3,\"name\":\"KT TAPE 5M\"}]},{\"@type\":\"WebSite\",\"@id\":\"https:\\\/\\\/kttape.ee\\\/fi\\\/#website\",\"url\":\"https:\\\/\\\/kttape.ee\\\/fi\\\/\",\"name\":\"KT TAPE\",\"description\":\"health and sport products\",\"publisher\":{\"@id\":\"https:\\\/\\\/kttape.ee\\\/fi\\\/#organization\"},\"alternateName\":\"kinesioteip, kinesioloogiline teip, kt teip\",\"potentialAction\":[{\"@type\":\"SearchAction\",\"target\":{\"@type\":\"EntryPoint\",\"urlTemplate\":\"https:\\\/\\\/kttape.ee\\\/fi\\\/?s={search_term_string}\"},\"query-input\":{\"@type\":\"PropertyValueSpecification\",\"valueRequired\":true,\"valueName\":\"search_term_string\"}}],\"inLanguage\":\"fi-FI\"},{\"@type\":\"Organization\",\"@id\":\"https:\\\/\\\/kttape.ee\\\/fi\\\/#organization\",\"name\":\"Monger Baltic O\u00dc\",\"alternateName\":\"KT TAPE\",\"url\":\"https:\\\/\\\/kttape.ee\\\/fi\\\/\",\"logo\":{\"@type\":\"ImageObject\",\"inLanguage\":\"fi-FI\",\"@id\":\"https:\\\/\\\/kttape.ee\\\/fi\\\/#\\\/schema\\\/logo\\\/image\\\/\",\"url\":\"http:\\\/\\\/kttape.ee\\\/wp-content\\\/uploads\\\/2018\\\/11\\\/logo-monger-white-1.png\",\"contentUrl\":\"http:\\\/\\\/kttape.ee\\\/wp-content\\\/uploads\\\/2018\\\/11\\\/logo-monger-white-1.png\",\"width\":826,\"height\":532,\"caption\":\"Monger Baltic O\u00dc\"},\"image\":{\"@id\":\"https:\\\/\\\/kttape.ee\\\/fi\\\/#\\\/schema\\\/logo\\\/image\\\/\"},\"sameAs\":[\"https:\\\/\\\/www.facebook.com\\\/kttapeeesti\",\"https:\\\/\\\/www.instagram.com\\\/kttape.eesti\\\/\"]}]}<\/script>\n<meta property=\"og:availability\" content=\"instock\" \/>\n<meta property=\"product:availability\" content=\"instock\" \/>\n<meta property=\"product:condition\" content=\"new\" \/>\n<!-- \/ Yoast SEO Premium plugin. -->","yoast_head_json":{"title":"KT TAPE 5M - KT Tape Baltics","robots":{"index":"index","follow":"follow","max-snippet":"max-snippet:-1","max-image-preview":"max-image-preview:large","max-video-preview":"max-video-preview:-1"},"canonical":"https:\/\/kttape.ee\/fi\/product\/kt-tape-5m\/","og_locale":"fi_FI","og_type":"article","og_title":"KT TAPE 5M","og_description":"PUUVILLAINEN LEIKKAAMATON KINESIOTEIPPI KT Tape on elastinen ja ilmaa l\u00e4p\u00e4isev\u00e4 teippi, joka on valmistettu ensiluokkaisesta puuvillasta ja varustettu","og_url":"https:\/\/kttape.ee\/fi\/product\/kt-tape-5m\/","og_site_name":"KT Tape Baltics","article_publisher":"https:\/\/www.facebook.com\/kttapeeesti","article_modified_time":"2019-07-05T14:19:55+00:00","og_image":[{"width":1024,"height":1024,"url":"https:\/\/kttape.ee\/wp-content\/uploads\/2017\/06\/Pink-851144005693.jpg","type":"image\/jpeg"}],"twitter_card":"summary_large_image","twitter_misc":{"Availability":"In stock"},"schema":{"@context":"https:\/\/schema.org","@graph":[{"@type":"WebPage","@id":"https:\/\/kttape.ee\/fi\/product\/kt-tape-5m\/","url":"https:\/\/kttape.ee\/fi\/product\/kt-tape-5m\/","name":"KT TAPE 5M - KT Tape Baltics","isPartOf":{"@id":"https:\/\/kttape.ee\/fi\/#website"},"primaryImageOfPage":{"@id":"https:\/\/kttape.ee\/fi\/product\/kt-tape-5m\/#primaryimage"},"image":{"@id":"https:\/\/kttape.ee\/fi\/product\/kt-tape-5m\/#primaryimage"},"thumbnailUrl":"https:\/\/kttape.ee\/wp-content\/uploads\/2017\/06\/Pink-851144005693-jpg.webp","datePublished":"2017-06-12T08:48:09+00:00","dateModified":"2019-07-05T14:19:55+00:00","breadcrumb":{"@id":"https:\/\/kttape.ee\/fi\/product\/kt-tape-5m\/#breadcrumb"},"inLanguage":"fi-FI","potentialAction":[{"@type":"ReadAction","target":["https:\/\/kttape.ee\/fi\/product\/kt-tape-5m\/"]}]},{"@type":"ImageObject","inLanguage":"fi-FI","@id":"https:\/\/kttape.ee\/fi\/product\/kt-tape-5m\/#primaryimage","url":"https:\/\/kttape.ee\/wp-content\/uploads\/2017\/06\/Pink-851144005693-jpg.webp","contentUrl":"https:\/\/kttape.ee\/wp-content\/uploads\/2017\/06\/Pink-851144005693-jpg.webp","width":1024,"height":1024,"caption":"kinesiology tape, kinesioloogiline teip, puuvillane"},{"@type":"BreadcrumbList","@id":"https:\/\/kttape.ee\/fi\/product\/kt-tape-5m\/#breadcrumb","itemListElement":[{"@type":"ListItem","position":1,"name":"Home","item":"https:\/\/kttape.ee\/fi\/"},{"@type":"ListItem","position":2,"name":"Tuotteet","item":"https:\/\/kttape.ee\/fi\/tuotteet\/"},{"@type":"ListItem","position":3,"name":"KT TAPE 5M"}]},{"@type":"WebSite","@id":"https:\/\/kttape.ee\/fi\/#website","url":"https:\/\/kttape.ee\/fi\/","name":"KT TAPE","description":"health and sport products","publisher":{"@id":"https:\/\/kttape.ee\/fi\/#organization"},"alternateName":"kinesioteip, kinesioloogiline teip, kt teip","potentialAction":[{"@type":"SearchAction","target":{"@type":"EntryPoint","urlTemplate":"https:\/\/kttape.ee\/fi\/?s={search_term_string}"},"query-input":{"@type":"PropertyValueSpecification","valueRequired":true,"valueName":"search_term_string"}}],"inLanguage":"fi-FI"},{"@type":"Organization","@id":"https:\/\/kttape.ee\/fi\/#organization","name":"Monger Baltic O\u00dc","alternateName":"KT TAPE","url":"https:\/\/kttape.ee\/fi\/","logo":{"@type":"ImageObject","inLanguage":"fi-FI","@id":"https:\/\/kttape.ee\/fi\/#\/schema\/logo\/image\/","url":"http:\/\/kttape.ee\/wp-content\/uploads\/2018\/11\/logo-monger-white-1.png","contentUrl":"http:\/\/kttape.ee\/wp-content\/uploads\/2018\/11\/logo-monger-white-1.png","width":826,"height":532,"caption":"Monger Baltic O\u00dc"},"image":{"@id":"https:\/\/kttape.ee\/fi\/#\/schema\/logo\/image\/"},"sameAs":["https:\/\/www.facebook.com\/kttapeeesti","https:\/\/www.instagram.com\/kttape.eesti\/"]}]},"og_availability":"instock","product_availability":"instock","product_condition":"new"},"_links":{"self":[{"href":"https:\/\/kttape.ee\/fi\/wp-json\/wp\/v2\/product\/1350","targetHints":{"allow":["GET"]}}],"collection":[{"href":"https:\/\/kttape.ee\/fi\/wp-json\/wp\/v2\/product"}],"about":[{"href":"https:\/\/kttape.ee\/fi\/wp-json\/wp\/v2\/types\/product"}],"wp:featuredmedia":[{"embeddable":true,"href":"https:\/\/kttape.ee\/fi\/wp-json\/wp\/v2\/media\/2085"}],"wp:attachment":[{"href":"https:\/\/kttape.ee\/fi\/wp-json\/wp\/v2\/media?parent=1350"}],"wp:term":[{"taxonomy":"product_brand","embeddable":true,"href":"https:\/\/kttape.ee\/fi\/wp-json\/wp\/v2\/product_brand?post=1350"},{"taxonomy":"product_cat","embeddable":true,"href":"https:\/\/kttape.ee\/fi\/wp-json\/wp\/v2\/product_cat?post=1350"},{"taxonomy":"product_tag","embeddable":true,"href":"https:\/\/kttape.ee\/fi\/wp-json\/wp\/v2\/product_tag?post=1350"}],"curies":[{"name":"wp","href":"https:\/\/api.w.org\/{rel}","templated":true}]}}