{"id":6574,"date":"2023-08-28T17:12:49","date_gmt":"2023-08-28T14:12:49","guid":{"rendered":"https:\/\/kttape.ee\/product\/kt-health-ice-sleeve\/"},"modified":"2023-09-22T10:54:22","modified_gmt":"2023-09-22T07:54:22","slug":"kt-health-ice-sleeve","status":"publish","type":"product","link":"https:\/\/kttape.ee\/fi\/product\/kt-health-ice-sleeve\/","title":{"rendered":"KT HEALTH ICE SLEEVE | K\u00dcLM M\u00c4HIS"},"content":{"rendered":"<p>KT Health ICE SLEEVE ehk k\u00fclm m\u00e4his on suurep\u00e4rane lahendus, kui otsid nii k\u00fclmaravi kui ka paindlikku kompressiooni valulikele lihastele ja liigestele. T\u00e4nu innovaatilisele disainile, mis vormub ideaalselt \u00fcmber k\u00fc\u00fcnarnukkide, p\u00f5lvede ja teiste liigeste, v\u00f5imaldab k\u00fclm m\u00e4his sulle kuni 20 minutit terapeutilist k\u00fclmaravi, pakkudes samas kerget kompressiooni.<\/p>\n<p>See on t\u00e4iuslik valik jooksjatele, ratturitele ja k\u00f5igile, kes otsivad leevendust valulikele liigestele. K\u00fclm m\u00e4his aitab sul j\u00e4tkata liikumist. Kaasasolev isoleeritud reisikott v\u00f5imaldab sul oma s\u00fcgavk\u00fclmiku &#8220;kaasa v\u00f5tta&#8221; ja hoiab m\u00e4hise kasutamisvalmis p\u00e4rast pikki treeninguid j\u00f5usaalis. Head aega, lekkivad j\u00e4\u00e4pakid &#8211; KT Recovery+ k\u00fclm m\u00e4his teeb su elu mugavamaks!<\/p>\n<p><strong>Peamised omadused:<\/strong><\/p>\n<ul>\n<li>360\u00b0 jahutus h\u00f5lbustab valu ja paistetuse leevendamist otse liigestel.<\/li>\n<li>V\u00f5ib asetada otse nahale &#8211; tagab k\u00fclma efektiivse \u00fclekandumise m\u00e4hisest valutavatele lihastele ja liigestele.<\/li>\n<li>Pakub mugavat, kerget kompressiooni jahutamise ajal.<\/li>\n<li>Loodud kasutamiseks k\u00fc\u00fcnarnukkidel ja p\u00f5lvedel \u2013 kaks k\u00f5ige sagedamini esinevat valulikkuse ja paistetuse kohta.<\/li>\n<li>Pehmest mikrokiust kangas on nahas\u00f5bralik ja kohandub kehaga, pakkudes k\u00fclmaravi just seal, kus seda vajatakse.<\/li>\n<li>P\u00fcsib alati paindlik.<\/li>\n<li>Sobib igasse kodusesse s\u00fcgavk\u00fclma. Hoiusta seda s\u00fcgavk\u00fclmas nii kaua kui soovid ja k\u00fclmaravi on alati k\u00e4ep\u00e4rast, kui seda vajad.<\/li>\n<li>Isoleeritud reisikott (kaasas) hoiab m\u00e4his jahedana ka liikvel olles, muutes k\u00fclmaravi p\u00e4rast j\u00f5usaalitreeningut veelgi mugavamaks.<\/li>\n<\/ul>\n<p>Iga inimene on erinev, seega kindlasti kontrolli praktilist suuruste juhendit, et leida endale sobiv manikas. KT k\u00fclma m\u00e4his on saadaval kahes suuruses, et leida iga kasutuskorra jaoks parim sobivus.<\/p>\n","protected":false},"excerpt":{"rendered":"<p>KT Health K\u00dcLM M\u00c4HIS on sinu ideaalne kaaslane valulike lihaste ja liigeste leevendamiseks, pakkudes nii k\u00fclmaravi kui ka kerget kompressiooni.<\/p>\n<ul>\n<li>Loodud spetsiaalselt k\u00fc\u00fcnarnukkidele ja p\u00f5lvedele, kaks k\u00f5ige sagedamini valutavat piirkonda.<\/li>\n<li>T\u00e4nu oma ainulaadsele disainile ja pehmele mikrokiust kangale, on see nahas\u00f5bralik ja kohandub suurep\u00e4raselt keha kontuuridega, pakkudes otsest 360\u00b0 jahutust.<\/li>\n<li>K\u00fclm m\u00e4his on alati valmis kasutamiseks, s\u00e4ilitades oma paindlikkuse isegi s\u00fcgavk\u00fclmas.<\/li>\n<li>Komplektis on ka isoleeritud reisikott, mis hoiab m\u00e4hise ka liikvel olles jahedana.<\/li>\n<li>Saadaval kahes suuruses, et tagada parim sobivus iga kasutaja jaoks.<\/li>\n<\/ul>\n","protected":false},"featured_media":6554,"template":"","meta":{"_acf_changed":false},"product_brand":[],"product_cat":[146,251],"product_tag":[],"class_list":{"0":"post-6574","1":"product","2":"type-product","3":"status-publish","4":"has-post-thumbnail","6":"product_cat-muita-tuotteita","7":"product_cat-uudet-tuotteet","9":"first","10":"instock","11":"taxable","12":"shipping-taxable","13":"purchasable","14":"product-type-variable"},"acf":[],"yoast_head":"<!-- This site is optimized with the Yoast SEO Premium plugin v23.4 (Yoast SEO v27.3) - https:\/\/yoast.com\/product\/yoast-seo-premium-wordpress\/ -->\n<title>KT HEALTH ICE SLEEVE | K\u00dcLM M\u00c4HIS - KT Tape Baltics<\/title>\n<meta name=\"description\" content=\"KT Health K\u00fclm m\u00e4his - sinu uus lemmikabivahend valulike lihaste ja liigeste leevendamiseks. Pakub otsest 360\u00b0 jahutust ja kerget kompressiooni.\" \/>\n<meta name=\"robots\" content=\"index, follow, max-snippet:-1, max-image-preview:large, max-video-preview:-1\" \/>\n<link rel=\"canonical\" href=\"https:\/\/kttape.ee\/fi\/product\/kt-health-ice-sleeve\/\" \/>\n<meta property=\"og:locale\" content=\"fi_FI\" \/>\n<meta property=\"og:type\" content=\"article\" \/>\n<meta property=\"og:title\" content=\"KT HEALTH ICE SLEEVE | K\u00dcLM M\u00c4HIS\" \/>\n<meta property=\"og:description\" content=\"KT Health K\u00dcLM M\u00c4HIS on sinu ideaalne kaaslane valulike lihaste ja liigeste leevendamiseks, pakkudes nii k\u00fclmaravi kui ka kerget kompressiooni.   Loodud spetsiaalselt k\u00fc\u00fcnarnukkidele ja p\u00f5lvedele, kaks k\u00f5ige sagedamini valutavat piirkonda.  T\u00e4nu oma ainulaadsele disainile ja pehmele mikrokiust kangale, on see nahas\u00f5bralik ja kohandub suurep\u00e4raselt keha kontuuridega, pakkudes otsest 360\u00b0 jahutust.  K\u00fclm m\u00e4his on alati valmis kasutamiseks, s\u00e4ilitades oma paindlikkuse isegi s\u00fcgavk\u00fclmas.  Komplektis on ka isoleeritud reisikott, mis hoiab m\u00e4hise ka liikvel olles jahedana.  Saadaval kahes suuruses, et tagada parim sobivus iga kasutaja jaoks.\" \/>\n<meta property=\"og:url\" content=\"https:\/\/kttape.ee\/fi\/product\/kt-health-ice-sleeve\/\" \/>\n<meta property=\"og:site_name\" content=\"KT Tape Baltics\" \/>\n<meta property=\"article:publisher\" content=\"https:\/\/www.facebook.com\/kttapeeesti\" \/>\n<meta property=\"article:modified_time\" content=\"2023-09-22T07:54:22+00:00\" \/>\n<meta property=\"og:image\" content=\"https:\/\/kttape.ee\/wp-content\/uploads\/2023\/08\/Ice_sleeve_SM_MD.jpg\" \/>\n\t<meta property=\"og:image:width\" content=\"2000\" \/>\n\t<meta property=\"og:image:height\" content=\"2000\" \/>\n\t<meta property=\"og:image:type\" content=\"image\/jpeg\" \/>\n<meta name=\"twitter:card\" content=\"summary_large_image\" \/>\n<meta name=\"twitter:label1\" content=\"Availability\" \/>\n\t<meta name=\"twitter:data1\" content=\"In stock\" \/>\n<script type=\"application\/ld+json\" class=\"yoast-schema-graph\">{\"@context\":\"https:\\\/\\\/schema.org\",\"@graph\":[{\"@type\":\"WebPage\",\"@id\":\"https:\\\/\\\/kttape.ee\\\/fi\\\/product\\\/kt-health-ice-sleeve\\\/\",\"url\":\"https:\\\/\\\/kttape.ee\\\/fi\\\/product\\\/kt-health-ice-sleeve\\\/\",\"name\":\"KT HEALTH ICE SLEEVE | K\u00dcLM M\u00c4HIS - KT Tape Baltics\",\"isPartOf\":{\"@id\":\"https:\\\/\\\/kttape.ee\\\/fi\\\/#website\"},\"primaryImageOfPage\":{\"@id\":\"https:\\\/\\\/kttape.ee\\\/fi\\\/product\\\/kt-health-ice-sleeve\\\/#primaryimage\"},\"image\":{\"@id\":\"https:\\\/\\\/kttape.ee\\\/fi\\\/product\\\/kt-health-ice-sleeve\\\/#primaryimage\"},\"thumbnailUrl\":\"https:\\\/\\\/kttape.ee\\\/wp-content\\\/uploads\\\/2023\\\/08\\\/Ice_sleeve_SM_MD-jpg.webp\",\"datePublished\":\"2023-08-28T14:12:49+00:00\",\"dateModified\":\"2023-09-22T07:54:22+00:00\",\"description\":\"KT Health K\u00fclm m\u00e4his - sinu uus lemmikabivahend valulike lihaste ja liigeste leevendamiseks. Pakub otsest 360\u00b0 jahutust ja kerget kompressiooni.\",\"breadcrumb\":{\"@id\":\"https:\\\/\\\/kttape.ee\\\/fi\\\/product\\\/kt-health-ice-sleeve\\\/#breadcrumb\"},\"inLanguage\":\"fi-FI\",\"potentialAction\":[{\"@type\":\"ReadAction\",\"target\":[\"https:\\\/\\\/kttape.ee\\\/fi\\\/product\\\/kt-health-ice-sleeve\\\/\"]}]},{\"@type\":\"ImageObject\",\"inLanguage\":\"fi-FI\",\"@id\":\"https:\\\/\\\/kttape.ee\\\/fi\\\/product\\\/kt-health-ice-sleeve\\\/#primaryimage\",\"url\":\"https:\\\/\\\/kttape.ee\\\/wp-content\\\/uploads\\\/2023\\\/08\\\/Ice_sleeve_SM_MD-jpg.webp\",\"contentUrl\":\"https:\\\/\\\/kttape.ee\\\/wp-content\\\/uploads\\\/2023\\\/08\\\/Ice_sleeve_SM_MD-jpg.webp\",\"width\":2000,\"height\":2000,\"caption\":\"ice sleeve, k\u00fclm m\u00e4his\"},{\"@type\":\"BreadcrumbList\",\"@id\":\"https:\\\/\\\/kttape.ee\\\/fi\\\/product\\\/kt-health-ice-sleeve\\\/#breadcrumb\",\"itemListElement\":[{\"@type\":\"ListItem\",\"position\":1,\"name\":\"Home\",\"item\":\"https:\\\/\\\/kttape.ee\\\/fi\\\/\"},{\"@type\":\"ListItem\",\"position\":2,\"name\":\"Tuotteet\",\"item\":\"https:\\\/\\\/kttape.ee\\\/fi\\\/tuotteet\\\/\"},{\"@type\":\"ListItem\",\"position\":3,\"name\":\"KT HEALTH ICE SLEEVE | K\u00dcLM M\u00c4HIS\"}]},{\"@type\":\"WebSite\",\"@id\":\"https:\\\/\\\/kttape.ee\\\/fi\\\/#website\",\"url\":\"https:\\\/\\\/kttape.ee\\\/fi\\\/\",\"name\":\"KT TAPE\",\"description\":\"health and sport products\",\"publisher\":{\"@id\":\"https:\\\/\\\/kttape.ee\\\/fi\\\/#organization\"},\"alternateName\":\"kinesioteip, kinesioloogiline teip, kt teip\",\"potentialAction\":[{\"@type\":\"SearchAction\",\"target\":{\"@type\":\"EntryPoint\",\"urlTemplate\":\"https:\\\/\\\/kttape.ee\\\/fi\\\/?s={search_term_string}\"},\"query-input\":{\"@type\":\"PropertyValueSpecification\",\"valueRequired\":true,\"valueName\":\"search_term_string\"}}],\"inLanguage\":\"fi-FI\"},{\"@type\":\"Organization\",\"@id\":\"https:\\\/\\\/kttape.ee\\\/fi\\\/#organization\",\"name\":\"Monger Baltic O\u00dc\",\"alternateName\":\"KT TAPE\",\"url\":\"https:\\\/\\\/kttape.ee\\\/fi\\\/\",\"logo\":{\"@type\":\"ImageObject\",\"inLanguage\":\"fi-FI\",\"@id\":\"https:\\\/\\\/kttape.ee\\\/fi\\\/#\\\/schema\\\/logo\\\/image\\\/\",\"url\":\"http:\\\/\\\/kttape.ee\\\/wp-content\\\/uploads\\\/2018\\\/11\\\/logo-monger-white-1.png\",\"contentUrl\":\"http:\\\/\\\/kttape.ee\\\/wp-content\\\/uploads\\\/2018\\\/11\\\/logo-monger-white-1.png\",\"width\":826,\"height\":532,\"caption\":\"Monger Baltic O\u00dc\"},\"image\":{\"@id\":\"https:\\\/\\\/kttape.ee\\\/fi\\\/#\\\/schema\\\/logo\\\/image\\\/\"},\"sameAs\":[\"https:\\\/\\\/www.facebook.com\\\/kttapeeesti\",\"https:\\\/\\\/www.instagram.com\\\/kttape.eesti\\\/\"]}]}<\/script>\n<meta property=\"og:availability\" content=\"instock\" \/>\n<meta property=\"product:availability\" content=\"instock\" \/>\n<meta property=\"product:condition\" content=\"new\" \/>\n<!-- \/ Yoast SEO Premium plugin. -->","yoast_head_json":{"title":"KT HEALTH ICE SLEEVE | K\u00dcLM M\u00c4HIS - KT Tape Baltics","description":"KT Health K\u00fclm m\u00e4his - sinu uus lemmikabivahend valulike lihaste ja liigeste leevendamiseks. Pakub otsest 360\u00b0 jahutust ja kerget kompressiooni.","robots":{"index":"index","follow":"follow","max-snippet":"max-snippet:-1","max-image-preview":"max-image-preview:large","max-video-preview":"max-video-preview:-1"},"canonical":"https:\/\/kttape.ee\/fi\/product\/kt-health-ice-sleeve\/","og_locale":"fi_FI","og_type":"article","og_title":"KT HEALTH ICE SLEEVE | K\u00dcLM M\u00c4HIS","og_description":"KT Health K\u00dcLM M\u00c4HIS on sinu ideaalne kaaslane valulike lihaste ja liigeste leevendamiseks, pakkudes nii k\u00fclmaravi kui ka kerget kompressiooni.   Loodud spetsiaalselt k\u00fc\u00fcnarnukkidele ja p\u00f5lvedele, kaks k\u00f5ige sagedamini valutavat piirkonda.  T\u00e4nu oma ainulaadsele disainile ja pehmele mikrokiust kangale, on see nahas\u00f5bralik ja kohandub suurep\u00e4raselt keha kontuuridega, pakkudes otsest 360\u00b0 jahutust.  K\u00fclm m\u00e4his on alati valmis kasutamiseks, s\u00e4ilitades oma paindlikkuse isegi s\u00fcgavk\u00fclmas.  Komplektis on ka isoleeritud reisikott, mis hoiab m\u00e4hise ka liikvel olles jahedana.  Saadaval kahes suuruses, et tagada parim sobivus iga kasutaja jaoks.","og_url":"https:\/\/kttape.ee\/fi\/product\/kt-health-ice-sleeve\/","og_site_name":"KT Tape Baltics","article_publisher":"https:\/\/www.facebook.com\/kttapeeesti","article_modified_time":"2023-09-22T07:54:22+00:00","og_image":[{"width":2000,"height":2000,"url":"https:\/\/kttape.ee\/wp-content\/uploads\/2023\/08\/Ice_sleeve_SM_MD.jpg","type":"image\/jpeg"}],"twitter_card":"summary_large_image","twitter_misc":{"Availability":"In stock"},"schema":{"@context":"https:\/\/schema.org","@graph":[{"@type":"WebPage","@id":"https:\/\/kttape.ee\/fi\/product\/kt-health-ice-sleeve\/","url":"https:\/\/kttape.ee\/fi\/product\/kt-health-ice-sleeve\/","name":"KT HEALTH ICE SLEEVE | K\u00dcLM M\u00c4HIS - KT Tape Baltics","isPartOf":{"@id":"https:\/\/kttape.ee\/fi\/#website"},"primaryImageOfPage":{"@id":"https:\/\/kttape.ee\/fi\/product\/kt-health-ice-sleeve\/#primaryimage"},"image":{"@id":"https:\/\/kttape.ee\/fi\/product\/kt-health-ice-sleeve\/#primaryimage"},"thumbnailUrl":"https:\/\/kttape.ee\/wp-content\/uploads\/2023\/08\/Ice_sleeve_SM_MD-jpg.webp","datePublished":"2023-08-28T14:12:49+00:00","dateModified":"2023-09-22T07:54:22+00:00","description":"KT Health K\u00fclm m\u00e4his - sinu uus lemmikabivahend valulike lihaste ja liigeste leevendamiseks. Pakub otsest 360\u00b0 jahutust ja kerget kompressiooni.","breadcrumb":{"@id":"https:\/\/kttape.ee\/fi\/product\/kt-health-ice-sleeve\/#breadcrumb"},"inLanguage":"fi-FI","potentialAction":[{"@type":"ReadAction","target":["https:\/\/kttape.ee\/fi\/product\/kt-health-ice-sleeve\/"]}]},{"@type":"ImageObject","inLanguage":"fi-FI","@id":"https:\/\/kttape.ee\/fi\/product\/kt-health-ice-sleeve\/#primaryimage","url":"https:\/\/kttape.ee\/wp-content\/uploads\/2023\/08\/Ice_sleeve_SM_MD-jpg.webp","contentUrl":"https:\/\/kttape.ee\/wp-content\/uploads\/2023\/08\/Ice_sleeve_SM_MD-jpg.webp","width":2000,"height":2000,"caption":"ice sleeve, k\u00fclm m\u00e4his"},{"@type":"BreadcrumbList","@id":"https:\/\/kttape.ee\/fi\/product\/kt-health-ice-sleeve\/#breadcrumb","itemListElement":[{"@type":"ListItem","position":1,"name":"Home","item":"https:\/\/kttape.ee\/fi\/"},{"@type":"ListItem","position":2,"name":"Tuotteet","item":"https:\/\/kttape.ee\/fi\/tuotteet\/"},{"@type":"ListItem","position":3,"name":"KT HEALTH ICE SLEEVE | K\u00dcLM M\u00c4HIS"}]},{"@type":"WebSite","@id":"https:\/\/kttape.ee\/fi\/#website","url":"https:\/\/kttape.ee\/fi\/","name":"KT TAPE","description":"health and sport products","publisher":{"@id":"https:\/\/kttape.ee\/fi\/#organization"},"alternateName":"kinesioteip, kinesioloogiline teip, kt teip","potentialAction":[{"@type":"SearchAction","target":{"@type":"EntryPoint","urlTemplate":"https:\/\/kttape.ee\/fi\/?s={search_term_string}"},"query-input":{"@type":"PropertyValueSpecification","valueRequired":true,"valueName":"search_term_string"}}],"inLanguage":"fi-FI"},{"@type":"Organization","@id":"https:\/\/kttape.ee\/fi\/#organization","name":"Monger Baltic O\u00dc","alternateName":"KT TAPE","url":"https:\/\/kttape.ee\/fi\/","logo":{"@type":"ImageObject","inLanguage":"fi-FI","@id":"https:\/\/kttape.ee\/fi\/#\/schema\/logo\/image\/","url":"http:\/\/kttape.ee\/wp-content\/uploads\/2018\/11\/logo-monger-white-1.png","contentUrl":"http:\/\/kttape.ee\/wp-content\/uploads\/2018\/11\/logo-monger-white-1.png","width":826,"height":532,"caption":"Monger Baltic O\u00dc"},"image":{"@id":"https:\/\/kttape.ee\/fi\/#\/schema\/logo\/image\/"},"sameAs":["https:\/\/www.facebook.com\/kttapeeesti","https:\/\/www.instagram.com\/kttape.eesti\/"]}]},"og_availability":"instock","product_availability":"instock","product_condition":"new"},"_links":{"self":[{"href":"https:\/\/kttape.ee\/fi\/wp-json\/wp\/v2\/product\/6574","targetHints":{"allow":["GET"]}}],"collection":[{"href":"https:\/\/kttape.ee\/fi\/wp-json\/wp\/v2\/product"}],"about":[{"href":"https:\/\/kttape.ee\/fi\/wp-json\/wp\/v2\/types\/product"}],"wp:featuredmedia":[{"embeddable":true,"href":"https:\/\/kttape.ee\/fi\/wp-json\/wp\/v2\/media\/6554"}],"wp:attachment":[{"href":"https:\/\/kttape.ee\/fi\/wp-json\/wp\/v2\/media?parent=6574"}],"wp:term":[{"taxonomy":"product_brand","embeddable":true,"href":"https:\/\/kttape.ee\/fi\/wp-json\/wp\/v2\/product_brand?post=6574"},{"taxonomy":"product_cat","embeddable":true,"href":"https:\/\/kttape.ee\/fi\/wp-json\/wp\/v2\/product_cat?post=6574"},{"taxonomy":"product_tag","embeddable":true,"href":"https:\/\/kttape.ee\/fi\/wp-json\/wp\/v2\/product_tag?post=6574"}],"curies":[{"name":"wp","href":"https:\/\/api.w.org\/{rel}","templated":true}]}}