{"id":1503,"date":"2017-06-12T16:25:00","date_gmt":"2017-06-12T13:25:00","guid":{"rendered":"https:\/\/project.dreamo.ee\/monger\/kttape\/?page_id=1503\/"},"modified":"2019-07-09T17:34:23","modified_gmt":"2019-07-09T14:34:23","slug":"kas-tai-yra-kinezinis-pleistras","status":"publish","type":"page","link":"https:\/\/kttape.ee\/lt\/kas-tai-yra-kinezinis-pleistras\/","title":{"rendered":"Kas tai yra kinezinis pleistras?"},"content":{"rendered":"<h1>Kas tai yra kinezinis pleistras?<\/h1>\n<p>Jei J\u016bs treniruojat\u0117s pirmajam savo maratonui, kad laim\u0117tum\u0117te dar vien\u0105 aukso medal\u012f, arba tiesiog intensyviam sporto renginiui, tai puikiai \u017einote, kad niekas taip J\u016bs\u0173 nepristabdys kaip trauma.<\/p>\n<p>J\u016bs visada galite vartoti skausm\u0105 mal\u0161inan\u010dius vaistus ar tiesiog likti nuo\u0161alyje, ta\u010diau tai n\u0117ra i\u0161eitis, tuo labiau, kad vartojami analgetikai gali b\u016bti pavojingi. J\u016bs galite u\u017esiver\u017eti sportin\u012f tvarst\u012f, ta\u010diau jis ribos jud\u0117jimo laisv\u0119 ir bus nepatogus<\/p>\n<h2>Geriausias kinezinis pleistras!<\/h2>\n<p>Laimei, yra alternatyva, klini\u0161kai i\u0161bandyta sportinink\u0173 ir patvirtinta milijon\u0173 \u017emoni\u0173. Tai \u2013kinezinis pleistras. J\u012f patogu ir lengva naudoti ir profilaktikai, ir daugeliui traum\u0173 gydyti: skausmui keliuose, blauzdikaulio streso sindromui, tenisininko alk\u016bnei ir t.t.<\/p>\n<h2>Kaip tai veikia?<\/h2>\n<p>Tarkime, J\u016bs k\u0105 tik po treniruot\u0117s ir Jums labai skauda nugar\u0105. Kinezinis pleistras suma\u017eins skausm\u0105 ir \u012ftamp\u0105, gerins kraujotak\u0105 ir limfos tek\u0117jim\u0105, pagreitins gijim\u0105.<br \/>\nArba, pavyzd\u017eiui, b\u0117gant i\u0161niro kelis ir dabar skauda b\u0117gant ar lipant laiptais. Kinezinis pleistras prilaikys pa\u017eeist\u0105 s\u0105nar\u012f. Pleistras jau i\u0161 anksto padalytas, patogu j\u012f i\u0161 karto i\u0161 d\u0117\u017eut\u0117s klijuoti reikiamoje vietoje.<\/p>\n<p>Tiesiog sekite instrukcijos nurodymais, klijuokite \u2013 ir J\u016bs v\u0117l b\u016bsite pasireng\u0119 sportuoti.<\/p>\n<p><img data-dominant-color=\"403f3d\" data-has-transparency=\"false\" style=\"--dominant-color: #403f3d;\" loading=\"lazy\" decoding=\"async\" class=\"alignnone wp-image-4076 not-transparent\" src=\"http:\/\/kttape.ee\/wp-content\/uploads\/2019\/01\/CottonORsyntheticGraphic-N1-300x98.png\" alt=\"\" width=\"582\" height=\"190\" \/><\/p>\n","protected":false},"excerpt":{"rendered":"<p>Kas tai yra kinezinis pleistras? Jei J\u016bs treniruojat\u0117s pirmajam savo maratonui, kad laim\u0117tum\u0117te dar vien\u0105 aukso medal\u012f, arba tiesiog intensyviam&#8230;<\/p>\n","protected":false},"author":1,"featured_media":6041,"parent":0,"menu_order":21,"comment_status":"closed","ping_status":"closed","template":"","meta":{"_acf_changed":false,"footnotes":""},"class_list":["post-1503","page","type-page","status-publish","has-post-thumbnail","hentry"],"acf":[],"yoast_head":"<!-- This site is optimized with the Yoast SEO Premium plugin v23.4 (Yoast SEO v27.3) - https:\/\/yoast.com\/product\/yoast-seo-premium-wordpress\/ -->\n<title>Kas tai yra kinezinis pleistras? - kinesioloogilise teibi l\u00fchitutvustus<\/title>\n<meta name=\"description\" content=\"kt tape, kttape, kinesioloogiline teip, kinesioteip, sporditeip, elastiline teip, k-tape, k tape, kt teip, teipimine, vigastus, ravi\" \/>\n<meta name=\"robots\" content=\"index, follow, max-snippet:-1, max-image-preview:large, max-video-preview:-1\" \/>\n<link rel=\"canonical\" href=\"http:\/\/kttape.ee\/lt\/kas-tai-yra-kinezinis-pleistras\/\" \/>\n<meta property=\"og:locale\" content=\"lt_LT\" \/>\n<meta property=\"og:type\" content=\"article\" \/>\n<meta property=\"og:title\" content=\"Kas tai yra kinezinis pleistras?\" \/>\n<meta property=\"og:description\" content=\"Kas tai yra kinezinis pleistras? Jei J\u016bs treniruojat\u0117s pirmajam savo maratonui, kad laim\u0117tum\u0117te dar vien\u0105 aukso medal\u012f, arba tiesiog intensyviam sporto\" \/>\n<meta property=\"og:url\" content=\"http:\/\/kttape.ee\/lt\/kas-tai-yra-kinezinis-pleistras\/\" \/>\n<meta property=\"og:site_name\" content=\"KT Tape Baltics\" \/>\n<meta property=\"article:publisher\" content=\"https:\/\/www.facebook.com\/kttapeeesti\" \/>\n<meta property=\"article:modified_time\" content=\"2019-07-09T14:34:23+00:00\" \/>\n<meta property=\"og:image\" content=\"http:\/\/kttape.ee\/wp-content\/uploads\/2019\/01\/CottonORsyntheticGraphic-N1-300x98.png\" \/>\n<meta name=\"twitter:card\" content=\"summary_large_image\" \/>\n<meta name=\"twitter:label1\" content=\"Est. reading time\" \/>\n\t<meta name=\"twitter:data1\" content=\"1 minut\u0117\" \/>\n<script type=\"application\/ld+json\" class=\"yoast-schema-graph\">{\"@context\":\"https:\\\/\\\/schema.org\",\"@graph\":[{\"@type\":\"WebPage\",\"@id\":\"https:\\\/\\\/kttape.ee\\\/lt\\\/kas-tai-yra-kinezinis-pleistras\\\/\",\"url\":\"http:\\\/\\\/kttape.ee\\\/lt\\\/kas-tai-yra-kinezinis-pleistras\\\/\",\"name\":\"Kas tai yra kinezinis pleistras? - kinesioloogilise teibi l\u00fchitutvustus\",\"isPartOf\":{\"@id\":\"https:\\\/\\\/kttape.ee\\\/lt\\\/#website\"},\"primaryImageOfPage\":{\"@id\":\"http:\\\/\\\/kttape.ee\\\/lt\\\/kas-tai-yra-kinezinis-pleistras\\\/#primaryimage\"},\"image\":{\"@id\":\"http:\\\/\\\/kttape.ee\\\/lt\\\/kas-tai-yra-kinezinis-pleistras\\\/#primaryimage\"},\"thumbnailUrl\":\"https:\\\/\\\/kttape.ee\\\/wp-content\\\/uploads\\\/2023\\\/06\\\/Swim-banner-jpeg.webp\",\"datePublished\":\"2017-06-12T13:25:00+00:00\",\"dateModified\":\"2019-07-09T14:34:23+00:00\",\"description\":\"kt tape, kttape, kinesioloogiline teip, kinesioteip, sporditeip, elastiline teip, k-tape, k tape, kt teip, teipimine, vigastus, ravi\",\"breadcrumb\":{\"@id\":\"http:\\\/\\\/kttape.ee\\\/lt\\\/kas-tai-yra-kinezinis-pleistras\\\/#breadcrumb\"},\"inLanguage\":\"lt-LT\",\"potentialAction\":[{\"@type\":\"ReadAction\",\"target\":[\"http:\\\/\\\/kttape.ee\\\/lt\\\/kas-tai-yra-kinezinis-pleistras\\\/\"]}]},{\"@type\":\"ImageObject\",\"inLanguage\":\"lt-LT\",\"@id\":\"http:\\\/\\\/kttape.ee\\\/lt\\\/kas-tai-yra-kinezinis-pleistras\\\/#primaryimage\",\"url\":\"https:\\\/\\\/kttape.ee\\\/wp-content\\\/uploads\\\/2023\\\/06\\\/Swim-banner-jpeg.webp\",\"contentUrl\":\"https:\\\/\\\/kttape.ee\\\/wp-content\\\/uploads\\\/2023\\\/06\\\/Swim-banner-jpeg.webp\",\"width\":970,\"height\":250},{\"@type\":\"BreadcrumbList\",\"@id\":\"http:\\\/\\\/kttape.ee\\\/lt\\\/kas-tai-yra-kinezinis-pleistras\\\/#breadcrumb\",\"itemListElement\":[{\"@type\":\"ListItem\",\"position\":1,\"name\":\"Home\",\"item\":\"https:\\\/\\\/kttape.ee\\\/lt\\\/\"},{\"@type\":\"ListItem\",\"position\":2,\"name\":\"Kas tai yra kinezinis pleistras?\"}]},{\"@type\":\"WebSite\",\"@id\":\"https:\\\/\\\/kttape.ee\\\/lt\\\/#website\",\"url\":\"https:\\\/\\\/kttape.ee\\\/lt\\\/\",\"name\":\"KT TAPE\",\"description\":\"Sveikatos ir sporto prek\u0117s\",\"publisher\":{\"@id\":\"https:\\\/\\\/kttape.ee\\\/lt\\\/#organization\"},\"alternateName\":\"kinesioteip, kinesioloogiline teip, kt teip\",\"potentialAction\":[{\"@type\":\"SearchAction\",\"target\":{\"@type\":\"EntryPoint\",\"urlTemplate\":\"https:\\\/\\\/kttape.ee\\\/lt\\\/?s={search_term_string}\"},\"query-input\":{\"@type\":\"PropertyValueSpecification\",\"valueRequired\":true,\"valueName\":\"search_term_string\"}}],\"inLanguage\":\"lt-LT\"},{\"@type\":\"Organization\",\"@id\":\"https:\\\/\\\/kttape.ee\\\/lt\\\/#organization\",\"name\":\"Monger Baltic O\u00dc\",\"alternateName\":\"KT TAPE\",\"url\":\"https:\\\/\\\/kttape.ee\\\/lt\\\/\",\"logo\":{\"@type\":\"ImageObject\",\"inLanguage\":\"lt-LT\",\"@id\":\"https:\\\/\\\/kttape.ee\\\/lt\\\/#\\\/schema\\\/logo\\\/image\\\/\",\"url\":\"http:\\\/\\\/kttape.ee\\\/wp-content\\\/uploads\\\/2018\\\/11\\\/logo-monger-white-1.png\",\"contentUrl\":\"http:\\\/\\\/kttape.ee\\\/wp-content\\\/uploads\\\/2018\\\/11\\\/logo-monger-white-1.png\",\"width\":826,\"height\":532,\"caption\":\"Monger Baltic O\u00dc\"},\"image\":{\"@id\":\"https:\\\/\\\/kttape.ee\\\/lt\\\/#\\\/schema\\\/logo\\\/image\\\/\"},\"sameAs\":[\"https:\\\/\\\/www.facebook.com\\\/kttapeeesti\",\"https:\\\/\\\/www.instagram.com\\\/kttape.eesti\\\/\"]}]}<\/script>\n<!-- \/ Yoast SEO Premium plugin. -->","yoast_head_json":{"title":"Kas tai yra kinezinis pleistras? - kinesioloogilise teibi l\u00fchitutvustus","description":"kt tape, kttape, kinesioloogiline teip, kinesioteip, sporditeip, elastiline teip, k-tape, k tape, kt teip, teipimine, vigastus, ravi","robots":{"index":"index","follow":"follow","max-snippet":"max-snippet:-1","max-image-preview":"max-image-preview:large","max-video-preview":"max-video-preview:-1"},"canonical":"http:\/\/kttape.ee\/lt\/kas-tai-yra-kinezinis-pleistras\/","og_locale":"lt_LT","og_type":"article","og_title":"Kas tai yra kinezinis pleistras?","og_description":"Kas tai yra kinezinis pleistras? Jei J\u016bs treniruojat\u0117s pirmajam savo maratonui, kad laim\u0117tum\u0117te dar vien\u0105 aukso medal\u012f, arba tiesiog intensyviam sporto","og_url":"http:\/\/kttape.ee\/lt\/kas-tai-yra-kinezinis-pleistras\/","og_site_name":"KT Tape Baltics","article_publisher":"https:\/\/www.facebook.com\/kttapeeesti","article_modified_time":"2019-07-09T14:34:23+00:00","og_image":[{"url":"http:\/\/kttape.ee\/wp-content\/uploads\/2019\/01\/CottonORsyntheticGraphic-N1-300x98.png","type":"","width":"","height":""}],"twitter_card":"summary_large_image","twitter_misc":{"Est. reading time":"1 minut\u0117"},"schema":{"@context":"https:\/\/schema.org","@graph":[{"@type":"WebPage","@id":"https:\/\/kttape.ee\/lt\/kas-tai-yra-kinezinis-pleistras\/","url":"http:\/\/kttape.ee\/lt\/kas-tai-yra-kinezinis-pleistras\/","name":"Kas tai yra kinezinis pleistras? - kinesioloogilise teibi l\u00fchitutvustus","isPartOf":{"@id":"https:\/\/kttape.ee\/lt\/#website"},"primaryImageOfPage":{"@id":"http:\/\/kttape.ee\/lt\/kas-tai-yra-kinezinis-pleistras\/#primaryimage"},"image":{"@id":"http:\/\/kttape.ee\/lt\/kas-tai-yra-kinezinis-pleistras\/#primaryimage"},"thumbnailUrl":"https:\/\/kttape.ee\/wp-content\/uploads\/2023\/06\/Swim-banner-jpeg.webp","datePublished":"2017-06-12T13:25:00+00:00","dateModified":"2019-07-09T14:34:23+00:00","description":"kt tape, kttape, kinesioloogiline teip, kinesioteip, sporditeip, elastiline teip, k-tape, k tape, kt teip, teipimine, vigastus, ravi","breadcrumb":{"@id":"http:\/\/kttape.ee\/lt\/kas-tai-yra-kinezinis-pleistras\/#breadcrumb"},"inLanguage":"lt-LT","potentialAction":[{"@type":"ReadAction","target":["http:\/\/kttape.ee\/lt\/kas-tai-yra-kinezinis-pleistras\/"]}]},{"@type":"ImageObject","inLanguage":"lt-LT","@id":"http:\/\/kttape.ee\/lt\/kas-tai-yra-kinezinis-pleistras\/#primaryimage","url":"https:\/\/kttape.ee\/wp-content\/uploads\/2023\/06\/Swim-banner-jpeg.webp","contentUrl":"https:\/\/kttape.ee\/wp-content\/uploads\/2023\/06\/Swim-banner-jpeg.webp","width":970,"height":250},{"@type":"BreadcrumbList","@id":"http:\/\/kttape.ee\/lt\/kas-tai-yra-kinezinis-pleistras\/#breadcrumb","itemListElement":[{"@type":"ListItem","position":1,"name":"Home","item":"https:\/\/kttape.ee\/lt\/"},{"@type":"ListItem","position":2,"name":"Kas tai yra kinezinis pleistras?"}]},{"@type":"WebSite","@id":"https:\/\/kttape.ee\/lt\/#website","url":"https:\/\/kttape.ee\/lt\/","name":"KT TAPE","description":"Sveikatos ir sporto prek\u0117s","publisher":{"@id":"https:\/\/kttape.ee\/lt\/#organization"},"alternateName":"kinesioteip, kinesioloogiline teip, kt teip","potentialAction":[{"@type":"SearchAction","target":{"@type":"EntryPoint","urlTemplate":"https:\/\/kttape.ee\/lt\/?s={search_term_string}"},"query-input":{"@type":"PropertyValueSpecification","valueRequired":true,"valueName":"search_term_string"}}],"inLanguage":"lt-LT"},{"@type":"Organization","@id":"https:\/\/kttape.ee\/lt\/#organization","name":"Monger Baltic O\u00dc","alternateName":"KT TAPE","url":"https:\/\/kttape.ee\/lt\/","logo":{"@type":"ImageObject","inLanguage":"lt-LT","@id":"https:\/\/kttape.ee\/lt\/#\/schema\/logo\/image\/","url":"http:\/\/kttape.ee\/wp-content\/uploads\/2018\/11\/logo-monger-white-1.png","contentUrl":"http:\/\/kttape.ee\/wp-content\/uploads\/2018\/11\/logo-monger-white-1.png","width":826,"height":532,"caption":"Monger Baltic O\u00dc"},"image":{"@id":"https:\/\/kttape.ee\/lt\/#\/schema\/logo\/image\/"},"sameAs":["https:\/\/www.facebook.com\/kttapeeesti","https:\/\/www.instagram.com\/kttape.eesti\/"]}]}},"_links":{"self":[{"href":"https:\/\/kttape.ee\/lt\/wp-json\/wp\/v2\/pages\/1503","targetHints":{"allow":["GET"]}}],"collection":[{"href":"https:\/\/kttape.ee\/lt\/wp-json\/wp\/v2\/pages"}],"about":[{"href":"https:\/\/kttape.ee\/lt\/wp-json\/wp\/v2\/types\/page"}],"author":[{"embeddable":true,"href":"https:\/\/kttape.ee\/lt\/wp-json\/wp\/v2\/users\/1"}],"replies":[{"embeddable":true,"href":"https:\/\/kttape.ee\/lt\/wp-json\/wp\/v2\/comments?post=1503"}],"version-history":[{"count":0,"href":"https:\/\/kttape.ee\/lt\/wp-json\/wp\/v2\/pages\/1503\/revisions"}],"wp:featuredmedia":[{"embeddable":true,"href":"https:\/\/kttape.ee\/lt\/wp-json\/wp\/v2\/media\/6041"}],"wp:attachment":[{"href":"https:\/\/kttape.ee\/lt\/wp-json\/wp\/v2\/media?parent=1503"}],"curies":[{"name":"wp","href":"https:\/\/api.w.org\/{rel}","templated":true}]}}