{"id":1522,"date":"2017-05-24T11:24:14","date_gmt":"2017-05-24T08:24:14","guid":{"rendered":"https:\/\/project.dreamo.ee\/monger\/kttape\/kas-tai-yra-kinezinis-pleistras\/kt-tape-pro\/"},"modified":"2017-06-13T14:07:45","modified_gmt":"2017-06-13T11:07:45","slug":"kt-tape-pro","status":"publish","type":"page","link":"https:\/\/kttape.ee\/lt\/kas-tai-yra-kinezinis-pleistras\/kt-tape-pro\/","title":{"rendered":"KT Tape PRO"},"content":{"rendered":"<h1>KT TAPE PRO<\/h1>\n<h2>Revoliucin\u0117 naujov\u0117<\/h2>\n<p>KT PRO pleistras laikosi ilgiau, klijuojasi geriau, kaip niekada anks\u010diau geriau palaiko audin\u012f.<\/p>\n<p>Sportininkai jau met\u0173 metus naudoja KT pleistrus skausmui mal\u0161inti ir grei\u010diau atsigauti po traum\u0173. At\u0117jo laikas i\u0161bandyti naujus profesionalius KT PRO pleistrus. Tai pirmi ir vieninteliai pasaulyje visi\u0161kai sintetiniai KT pleistrai, padedantys, esant raumen\u0173, s\u0105nari\u0173 ar sausgysli\u0173 traumoms. KT PRO pleistrai i\u0161 elastinio sintetinio pluo\u0161to ma\u017eina skausm\u0105, kad galim\u0105 b\u016bt\u0173 vis\u0105 d\u0117mes\u012f sutelkti \u012f treniruotes ar var\u017eybas. I\u0161vardysime kai kurias savybes, kuo skiriasi KT PRO pleistrai nuo \u012fprast\u0173 medvilnini\u0173 KT pleistr\u0173.<\/p>\n<h2>Stipr\u016bs klijai<\/h2>\n<p>KT PRO pleistrai gali atlaikyti at\u0161iauriausias oro s\u0105lygas. Jie laikosi vis\u0105 savait\u0119, nepriklausomai nuo oro s\u0105lyg\u0173: ar b\u016bt\u0173 \u0161alta, ar dr\u0117gna. Dr\u0105siai galite eiti su jais \u012f basein\u0105 arba du\u0161\u0105. KT PRO pleistr\u0173 paslaptis gl\u016bdi \u201eSecondSkin\u201c klij\u0173 technologijoje.<\/p>\n<h2>Geresnis palaikymas<\/h2>\n<p>Kaip jau \u017einote, maksimaliai i\u0161tvermei reikalinga vidin\u0117 j\u0117ga. \u0160i taisykl\u0117 galioja ir KT PRO pleistrams. Vidin\u0117 \u0161i\u0173 pleistr\u0173 j\u0117ga neturi sau lygi\u0173. Elastinis ir sintetinis KT PRO pleistras atlieka savo paskirt\u012f s\u0117kmingai ir nepailstamai.<\/p>\n<h2>Laikosi 2 kartus ilgiau<\/h2>\n<p>D\u0117l savo tvirtos elastin\u0117s \u0161erdies i\u0161laiko elastingum\u0105 daug ilgiau nei medvilninis KT pleistras. Tai rei\u0161kia, kad KT PRO pleistras u\u017etikrina param\u0105 per vis\u0105 treniruot\u0119. Kaip ir profesionalus sportininkas \u0161ie pleistrai siekia j\u0117gos ir i\u0161tverm\u0117s tikslo. Be to, KT PRO pleistrai yra atspar\u016bs vandeniui. Tad skirtingai nuo KT medvilnini\u0173 pleistr\u0173, su KT PRO pleistrais galima maudytis du\u0161e, baseine ar j\u016broje. \u0160ie pleistrai tikrai bus populiar\u016bs tarp triatlono dalyvi\u0173, plaukik\u0173, banglentinink\u0173 ir j\u016breivi\u0173.elastic<\/p>\n<h2>100 proc. sintetinis mikropluo\u0161tas<\/h2>\n<p>Sintetinis mikropluo\u0161tas greitai d\u017ei\u016bsta, yra antimikrobinis, o tai leid\u017eia i\u0161vengti nemalonaus kvapo, net d\u0117vint pleistr\u0105 vis\u0105 savait\u0119.<\/p>\n<p>&nbsp;<\/p>\n","protected":false},"excerpt":{"rendered":"<p>KT TAPE PRO Revoliucin\u0117 naujov\u0117 KT PRO pleistras laikosi ilgiau, klijuojasi geriau, kaip niekada anks\u010diau geriau palaiko audin\u012f. Sportininkai jau&#8230;<\/p>\n","protected":false},"author":1,"featured_media":0,"parent":1503,"menu_order":36,"comment_status":"closed","ping_status":"closed","template":"template-contact.php","meta":{"_acf_changed":false,"footnotes":""},"class_list":["post-1522","page","type-page","status-publish","hentry"],"acf":[],"yoast_head":"<!-- This site is optimized with the Yoast SEO Premium plugin v23.4 (Yoast SEO v27.3) - https:\/\/yoast.com\/product\/yoast-seo-premium-wordpress\/ -->\n<title>KT Tape PRO - KT Tape Baltics<\/title>\n<meta name=\"robots\" content=\"index, follow, max-snippet:-1, max-image-preview:large, max-video-preview:-1\" \/>\n<link rel=\"canonical\" href=\"https:\/\/kttape.ee\/lt\/kas-tai-yra-kinezinis-pleistras\/kt-tape-pro\/\" \/>\n<meta property=\"og:locale\" content=\"lt_LT\" \/>\n<meta property=\"og:type\" content=\"article\" \/>\n<meta property=\"og:title\" content=\"KT Tape PRO\" \/>\n<meta property=\"og:description\" content=\"KT TAPE PRO Revoliucin\u0117 naujov\u0117 KT PRO pleistras laikosi ilgiau, klijuojasi geriau, kaip niekada anks\u010diau geriau palaiko audin\u012f. Sportininkai jau met\u0173\" \/>\n<meta property=\"og:url\" content=\"https:\/\/kttape.ee\/lt\/kas-tai-yra-kinezinis-pleistras\/kt-tape-pro\/\" \/>\n<meta property=\"og:site_name\" content=\"KT Tape Baltics\" \/>\n<meta property=\"article:publisher\" content=\"https:\/\/www.facebook.com\/kttapeeesti\" \/>\n<meta property=\"article:modified_time\" content=\"2017-06-13T11:07:45+00:00\" \/>\n<meta name=\"twitter:card\" content=\"summary_large_image\" \/>\n<meta name=\"twitter:label1\" content=\"Est. reading time\" \/>\n\t<meta name=\"twitter:data1\" content=\"2 minut\u0117s\" \/>\n<script type=\"application\/ld+json\" class=\"yoast-schema-graph\">{\"@context\":\"https:\\\/\\\/schema.org\",\"@graph\":[{\"@type\":\"WebPage\",\"@id\":\"https:\\\/\\\/kttape.ee\\\/lt\\\/kas-tai-yra-kinezinis-pleistras\\\/kt-tape-pro\\\/\",\"url\":\"https:\\\/\\\/kttape.ee\\\/lt\\\/kas-tai-yra-kinezinis-pleistras\\\/kt-tape-pro\\\/\",\"name\":\"KT Tape PRO - KT Tape Baltics\",\"isPartOf\":{\"@id\":\"https:\\\/\\\/kttape.ee\\\/lt\\\/#website\"},\"datePublished\":\"2017-05-24T08:24:14+00:00\",\"dateModified\":\"2017-06-13T11:07:45+00:00\",\"breadcrumb\":{\"@id\":\"https:\\\/\\\/kttape.ee\\\/lt\\\/kas-tai-yra-kinezinis-pleistras\\\/kt-tape-pro\\\/#breadcrumb\"},\"inLanguage\":\"lt-LT\",\"potentialAction\":[{\"@type\":\"ReadAction\",\"target\":[\"https:\\\/\\\/kttape.ee\\\/lt\\\/kas-tai-yra-kinezinis-pleistras\\\/kt-tape-pro\\\/\"]}]},{\"@type\":\"BreadcrumbList\",\"@id\":\"https:\\\/\\\/kttape.ee\\\/lt\\\/kas-tai-yra-kinezinis-pleistras\\\/kt-tape-pro\\\/#breadcrumb\",\"itemListElement\":[{\"@type\":\"ListItem\",\"position\":1,\"name\":\"Home\",\"item\":\"https:\\\/\\\/kttape.ee\\\/lt\\\/\"},{\"@type\":\"ListItem\",\"position\":2,\"name\":\"Kas tai yra kinezinis pleistras?\",\"item\":\"https:\\\/\\\/kttape.ee\\\/lt\\\/kas-tai-yra-kinezinis-pleistras\\\/\"},{\"@type\":\"ListItem\",\"position\":3,\"name\":\"KT Tape PRO\"}]},{\"@type\":\"WebSite\",\"@id\":\"https:\\\/\\\/kttape.ee\\\/lt\\\/#website\",\"url\":\"https:\\\/\\\/kttape.ee\\\/lt\\\/\",\"name\":\"KT TAPE\",\"description\":\"Sveikatos ir sporto prek\u0117s\",\"publisher\":{\"@id\":\"https:\\\/\\\/kttape.ee\\\/lt\\\/#organization\"},\"alternateName\":\"kinesioteip, kinesioloogiline teip, kt teip\",\"potentialAction\":[{\"@type\":\"SearchAction\",\"target\":{\"@type\":\"EntryPoint\",\"urlTemplate\":\"https:\\\/\\\/kttape.ee\\\/lt\\\/?s={search_term_string}\"},\"query-input\":{\"@type\":\"PropertyValueSpecification\",\"valueRequired\":true,\"valueName\":\"search_term_string\"}}],\"inLanguage\":\"lt-LT\"},{\"@type\":\"Organization\",\"@id\":\"https:\\\/\\\/kttape.ee\\\/lt\\\/#organization\",\"name\":\"Monger Baltic O\u00dc\",\"alternateName\":\"KT TAPE\",\"url\":\"https:\\\/\\\/kttape.ee\\\/lt\\\/\",\"logo\":{\"@type\":\"ImageObject\",\"inLanguage\":\"lt-LT\",\"@id\":\"https:\\\/\\\/kttape.ee\\\/lt\\\/#\\\/schema\\\/logo\\\/image\\\/\",\"url\":\"http:\\\/\\\/kttape.ee\\\/wp-content\\\/uploads\\\/2018\\\/11\\\/logo-monger-white-1.png\",\"contentUrl\":\"http:\\\/\\\/kttape.ee\\\/wp-content\\\/uploads\\\/2018\\\/11\\\/logo-monger-white-1.png\",\"width\":826,\"height\":532,\"caption\":\"Monger Baltic O\u00dc\"},\"image\":{\"@id\":\"https:\\\/\\\/kttape.ee\\\/lt\\\/#\\\/schema\\\/logo\\\/image\\\/\"},\"sameAs\":[\"https:\\\/\\\/www.facebook.com\\\/kttapeeesti\",\"https:\\\/\\\/www.instagram.com\\\/kttape.eesti\\\/\"]}]}<\/script>\n<!-- \/ Yoast SEO Premium plugin. -->","yoast_head_json":{"title":"KT Tape PRO - KT Tape Baltics","robots":{"index":"index","follow":"follow","max-snippet":"max-snippet:-1","max-image-preview":"max-image-preview:large","max-video-preview":"max-video-preview:-1"},"canonical":"https:\/\/kttape.ee\/lt\/kas-tai-yra-kinezinis-pleistras\/kt-tape-pro\/","og_locale":"lt_LT","og_type":"article","og_title":"KT Tape PRO","og_description":"KT TAPE PRO Revoliucin\u0117 naujov\u0117 KT PRO pleistras laikosi ilgiau, klijuojasi geriau, kaip niekada anks\u010diau geriau palaiko audin\u012f. Sportininkai jau met\u0173","og_url":"https:\/\/kttape.ee\/lt\/kas-tai-yra-kinezinis-pleistras\/kt-tape-pro\/","og_site_name":"KT Tape Baltics","article_publisher":"https:\/\/www.facebook.com\/kttapeeesti","article_modified_time":"2017-06-13T11:07:45+00:00","twitter_card":"summary_large_image","twitter_misc":{"Est. reading time":"2 minut\u0117s"},"schema":{"@context":"https:\/\/schema.org","@graph":[{"@type":"WebPage","@id":"https:\/\/kttape.ee\/lt\/kas-tai-yra-kinezinis-pleistras\/kt-tape-pro\/","url":"https:\/\/kttape.ee\/lt\/kas-tai-yra-kinezinis-pleistras\/kt-tape-pro\/","name":"KT Tape PRO - KT Tape Baltics","isPartOf":{"@id":"https:\/\/kttape.ee\/lt\/#website"},"datePublished":"2017-05-24T08:24:14+00:00","dateModified":"2017-06-13T11:07:45+00:00","breadcrumb":{"@id":"https:\/\/kttape.ee\/lt\/kas-tai-yra-kinezinis-pleistras\/kt-tape-pro\/#breadcrumb"},"inLanguage":"lt-LT","potentialAction":[{"@type":"ReadAction","target":["https:\/\/kttape.ee\/lt\/kas-tai-yra-kinezinis-pleistras\/kt-tape-pro\/"]}]},{"@type":"BreadcrumbList","@id":"https:\/\/kttape.ee\/lt\/kas-tai-yra-kinezinis-pleistras\/kt-tape-pro\/#breadcrumb","itemListElement":[{"@type":"ListItem","position":1,"name":"Home","item":"https:\/\/kttape.ee\/lt\/"},{"@type":"ListItem","position":2,"name":"Kas tai yra kinezinis pleistras?","item":"https:\/\/kttape.ee\/lt\/kas-tai-yra-kinezinis-pleistras\/"},{"@type":"ListItem","position":3,"name":"KT Tape PRO"}]},{"@type":"WebSite","@id":"https:\/\/kttape.ee\/lt\/#website","url":"https:\/\/kttape.ee\/lt\/","name":"KT TAPE","description":"Sveikatos ir sporto prek\u0117s","publisher":{"@id":"https:\/\/kttape.ee\/lt\/#organization"},"alternateName":"kinesioteip, kinesioloogiline teip, kt teip","potentialAction":[{"@type":"SearchAction","target":{"@type":"EntryPoint","urlTemplate":"https:\/\/kttape.ee\/lt\/?s={search_term_string}"},"query-input":{"@type":"PropertyValueSpecification","valueRequired":true,"valueName":"search_term_string"}}],"inLanguage":"lt-LT"},{"@type":"Organization","@id":"https:\/\/kttape.ee\/lt\/#organization","name":"Monger Baltic O\u00dc","alternateName":"KT TAPE","url":"https:\/\/kttape.ee\/lt\/","logo":{"@type":"ImageObject","inLanguage":"lt-LT","@id":"https:\/\/kttape.ee\/lt\/#\/schema\/logo\/image\/","url":"http:\/\/kttape.ee\/wp-content\/uploads\/2018\/11\/logo-monger-white-1.png","contentUrl":"http:\/\/kttape.ee\/wp-content\/uploads\/2018\/11\/logo-monger-white-1.png","width":826,"height":532,"caption":"Monger Baltic O\u00dc"},"image":{"@id":"https:\/\/kttape.ee\/lt\/#\/schema\/logo\/image\/"},"sameAs":["https:\/\/www.facebook.com\/kttapeeesti","https:\/\/www.instagram.com\/kttape.eesti\/"]}]}},"_links":{"self":[{"href":"https:\/\/kttape.ee\/lt\/wp-json\/wp\/v2\/pages\/1522","targetHints":{"allow":["GET"]}}],"collection":[{"href":"https:\/\/kttape.ee\/lt\/wp-json\/wp\/v2\/pages"}],"about":[{"href":"https:\/\/kttape.ee\/lt\/wp-json\/wp\/v2\/types\/page"}],"author":[{"embeddable":true,"href":"https:\/\/kttape.ee\/lt\/wp-json\/wp\/v2\/users\/1"}],"replies":[{"embeddable":true,"href":"https:\/\/kttape.ee\/lt\/wp-json\/wp\/v2\/comments?post=1522"}],"version-history":[{"count":0,"href":"https:\/\/kttape.ee\/lt\/wp-json\/wp\/v2\/pages\/1522\/revisions"}],"up":[{"embeddable":true,"href":"https:\/\/kttape.ee\/lt\/wp-json\/wp\/v2\/pages\/1503"}],"wp:attachment":[{"href":"https:\/\/kttape.ee\/lt\/wp-json\/wp\/v2\/media?parent=1522"}],"curies":[{"name":"wp","href":"https:\/\/api.w.org\/{rel}","templated":true}]}}