{"id":1567,"date":"2017-05-24T11:35:07","date_gmt":"2017-05-24T08:35:07","guid":{"rendered":"https:\/\/project.dreamo.ee\/monger\/kttape\/kas-tai-yra-kinezinis-pleistras\/meditsiiniline-info\/"},"modified":"2017-06-13T15:56:43","modified_gmt":"2017-06-13T12:56:43","slug":"medicinine-informacija","status":"publish","type":"page","link":"https:\/\/kttape.ee\/lt\/kas-tai-yra-kinezinis-pleistras\/medicinine-informacija\/","title":{"rendered":"Medicinin\u0117 informacija"},"content":{"rendered":"<h1>Medicinin\u0117 informacija<\/h1>\n<p>Kinezinis pleistras yra laidus orui, nepralaidus vandeniui, tempiasi \u012f ilg\u012f. KT pleistr\u0105 \u012fvairiais tikslais naudoja gydytojai, kineziterapeutai, chiropraktikai, treneriai ir daugelis kit\u0173 sveikatos prie\u017ei\u016bros specialist\u0173.<\/p>\n<p>KT pleistras naudojamas:<\/p>\n<ul>\n<li>Siekiant gerinti raumen\u0173 ir s\u0105nari\u0173 funkcijas<\/li>\n<li>Biologiniam gr\u012f\u017etamajam ry\u0161iui<\/li>\n<li>Aktyvinant kraujo apytak\u0105 ir limfos tek\u0117jim\u0105.<\/li>\n<\/ul>\n<p>KT PRO pleistras skirtas gydytojams, kurie tikisi i\u0161 KT pleistro ka\u017eko daugiau. \u0160is pleistras yra kokybi\u0161kesnis, jo viename ritin\u0117lyje yra 20 proc. daugiau ir su patvariais klijais. KT PRO pleistras patobulintas klijais pagal \u201eStep Frequency\u201c (SF) technologij\u0105. \u0160ie klijai yra 25 proc. stipresni, tod\u0117l ilgiau i\u0161silaiko netgi vandenyje.<\/p>\n<p>KT pleistr\u0105 galima naudoti kaip paprast\u0105 balt\u0105 sportin\u012f pleistr\u0105 ir, naudojant \u201eMcConnelli\u201c technik\u0105, klijuoti dal\u012f arba vis\u0105 \u012f norim\u0105 k\u016bno plot\u0105. Be to, yra ir kit\u0173 papildom\u0173 funkcij\u0173 bei privalum\u0173. Kokybi\u0161kas KT pleistras yra patvaresnis ir gali b\u016bti naudojamas kur kas \u012fvairiau nei \u012fprastas sportinis pleistras.<\/p>\n<p>Skirtingai nei \u012fprastas pleistras ritin\u0117lyje, KT PRO pleistras sukarpytas juostel\u0117mis \u2013 tai taupo J\u016bs\u0173 laik\u0105 ir nevar\u017eo judesi\u0173. 25 cm ilgio juosteles lengva atpl\u0117\u0161ti nuo viso KT PRO pleistro ritin\u0117lio, ir galite naudoti tiek I juostel\u0119, tiek ir Y juostel\u0119. Pasak gydytoj\u0173, esant klinikiniams atvejams, 90 proc. naudojama sukarpyta juostel\u0117, pasak pacient\u0173, j\u0105 patogiau ir lengviau naudoti.<\/p>\n<p>Kinezinio pleistro klijavimo metodas jau 30 met\u0173 naudojamas Azijoje ir Europoje, Amerikoje tapo populiarus XX am\u017eiaus pabaigoje. KT pleistras pasaulin\u012f pripa\u017einim\u0105 peln\u0117 2008-aisias metais per Olimpines \u017eaidynes Pekine.<\/p>\n<h2>Savyb\u0117s<\/h2>\n<ul>\n<li>Atskiros juostel\u0117s arba klasikiniai ritin\u0117liai<\/li>\n<li>20 proc. daugiau pleistro ritin\u0117lyje<\/li>\n<li>U\u017eklijavus rekomenduojamas naudojimo laikas \u2013 5 dienos<\/li>\n<li>100 proc. medviln\u0117<\/li>\n<li>Sud\u0117tyje n\u0117ra latekso<\/li>\n<li>Laidus orui<\/li>\n<li>Neper\u0161lampamas<\/li>\n<li>Greita ir paprasta naudoti<\/li>\n<li>KT pleistras su \u201eStep Frequency\u201c (SF) klijais labai patvarus ir patogus naudoti<\/li>\n<li>Gerina odos elastingum\u0105<\/li>\n<li>Tvirtesnis ir \u012fvairesnis nei tradiciniai sportiniai pleistrai<\/li>\n<li>Galima \u012fsigyti \u012fvairi\u0173 spalv\u0173: juodos, m\u0117lynos, ro\u017ein\u0117s, rusvai pilkos<\/li>\n<\/ul>\n","protected":false},"excerpt":{"rendered":"<p>Medicinin\u0117 informacija Kinezinis pleistras yra laidus orui, nepralaidus vandeniui, tempiasi \u012f ilg\u012f. KT pleistr\u0105 \u012fvairiais tikslais naudoja gydytojai, kineziterapeutai, chiropraktikai,&#8230;<\/p>\n","protected":false},"author":1,"featured_media":0,"parent":1503,"menu_order":27,"comment_status":"closed","ping_status":"closed","template":"","meta":{"_acf_changed":false,"footnotes":""},"class_list":["post-1567","page","type-page","status-publish","hentry"],"acf":[],"yoast_head":"<!-- This site is optimized with the Yoast SEO Premium plugin v23.4 (Yoast SEO v27.3) - https:\/\/yoast.com\/product\/yoast-seo-premium-wordpress\/ -->\n<title>Medicinin\u0117 informacija - KT Tape Baltics<\/title>\n<meta name=\"robots\" content=\"index, follow, max-snippet:-1, max-image-preview:large, max-video-preview:-1\" \/>\n<link rel=\"canonical\" href=\"https:\/\/kttape.ee\/lt\/kas-tai-yra-kinezinis-pleistras\/medicinine-informacija\/\" \/>\n<meta property=\"og:locale\" content=\"lt_LT\" \/>\n<meta property=\"og:type\" content=\"article\" \/>\n<meta property=\"og:title\" content=\"Medicinin\u0117 informacija\" \/>\n<meta property=\"og:description\" content=\"Medicinin\u0117 informacija Kinezinis pleistras yra laidus orui, nepralaidus vandeniui, tempiasi \u012f ilg\u012f. KT pleistr\u0105 \u012fvairiais tikslais naudoja gydytojai,\" \/>\n<meta property=\"og:url\" content=\"https:\/\/kttape.ee\/lt\/kas-tai-yra-kinezinis-pleistras\/medicinine-informacija\/\" \/>\n<meta property=\"og:site_name\" content=\"KT Tape Baltics\" \/>\n<meta property=\"article:publisher\" content=\"https:\/\/www.facebook.com\/kttapeeesti\" \/>\n<meta property=\"article:modified_time\" content=\"2017-06-13T12:56:43+00:00\" \/>\n<meta name=\"twitter:card\" content=\"summary_large_image\" \/>\n<meta name=\"twitter:label1\" content=\"Est. reading time\" \/>\n\t<meta name=\"twitter:data1\" content=\"2 minut\u0117s\" \/>\n<script type=\"application\/ld+json\" class=\"yoast-schema-graph\">{\"@context\":\"https:\\\/\\\/schema.org\",\"@graph\":[{\"@type\":\"WebPage\",\"@id\":\"https:\\\/\\\/kttape.ee\\\/lt\\\/kas-tai-yra-kinezinis-pleistras\\\/medicinine-informacija\\\/\",\"url\":\"https:\\\/\\\/kttape.ee\\\/lt\\\/kas-tai-yra-kinezinis-pleistras\\\/medicinine-informacija\\\/\",\"name\":\"Medicinin\u0117 informacija - KT Tape Baltics\",\"isPartOf\":{\"@id\":\"https:\\\/\\\/kttape.ee\\\/lt\\\/#website\"},\"datePublished\":\"2017-05-24T08:35:07+00:00\",\"dateModified\":\"2017-06-13T12:56:43+00:00\",\"breadcrumb\":{\"@id\":\"https:\\\/\\\/kttape.ee\\\/lt\\\/kas-tai-yra-kinezinis-pleistras\\\/medicinine-informacija\\\/#breadcrumb\"},\"inLanguage\":\"lt-LT\",\"potentialAction\":[{\"@type\":\"ReadAction\",\"target\":[\"https:\\\/\\\/kttape.ee\\\/lt\\\/kas-tai-yra-kinezinis-pleistras\\\/medicinine-informacija\\\/\"]}]},{\"@type\":\"BreadcrumbList\",\"@id\":\"https:\\\/\\\/kttape.ee\\\/lt\\\/kas-tai-yra-kinezinis-pleistras\\\/medicinine-informacija\\\/#breadcrumb\",\"itemListElement\":[{\"@type\":\"ListItem\",\"position\":1,\"name\":\"Home\",\"item\":\"https:\\\/\\\/kttape.ee\\\/lt\\\/\"},{\"@type\":\"ListItem\",\"position\":2,\"name\":\"Kas tai yra kinezinis pleistras?\",\"item\":\"https:\\\/\\\/kttape.ee\\\/lt\\\/kas-tai-yra-kinezinis-pleistras\\\/\"},{\"@type\":\"ListItem\",\"position\":3,\"name\":\"Medicinin\u0117 informacija\"}]},{\"@type\":\"WebSite\",\"@id\":\"https:\\\/\\\/kttape.ee\\\/lt\\\/#website\",\"url\":\"https:\\\/\\\/kttape.ee\\\/lt\\\/\",\"name\":\"KT TAPE\",\"description\":\"Sveikatos ir sporto prek\u0117s\",\"publisher\":{\"@id\":\"https:\\\/\\\/kttape.ee\\\/lt\\\/#organization\"},\"alternateName\":\"kinesioteip, kinesioloogiline teip, kt teip\",\"potentialAction\":[{\"@type\":\"SearchAction\",\"target\":{\"@type\":\"EntryPoint\",\"urlTemplate\":\"https:\\\/\\\/kttape.ee\\\/lt\\\/?s={search_term_string}\"},\"query-input\":{\"@type\":\"PropertyValueSpecification\",\"valueRequired\":true,\"valueName\":\"search_term_string\"}}],\"inLanguage\":\"lt-LT\"},{\"@type\":\"Organization\",\"@id\":\"https:\\\/\\\/kttape.ee\\\/lt\\\/#organization\",\"name\":\"Monger Baltic O\u00dc\",\"alternateName\":\"KT TAPE\",\"url\":\"https:\\\/\\\/kttape.ee\\\/lt\\\/\",\"logo\":{\"@type\":\"ImageObject\",\"inLanguage\":\"lt-LT\",\"@id\":\"https:\\\/\\\/kttape.ee\\\/lt\\\/#\\\/schema\\\/logo\\\/image\\\/\",\"url\":\"http:\\\/\\\/kttape.ee\\\/wp-content\\\/uploads\\\/2018\\\/11\\\/logo-monger-white-1.png\",\"contentUrl\":\"http:\\\/\\\/kttape.ee\\\/wp-content\\\/uploads\\\/2018\\\/11\\\/logo-monger-white-1.png\",\"width\":826,\"height\":532,\"caption\":\"Monger Baltic O\u00dc\"},\"image\":{\"@id\":\"https:\\\/\\\/kttape.ee\\\/lt\\\/#\\\/schema\\\/logo\\\/image\\\/\"},\"sameAs\":[\"https:\\\/\\\/www.facebook.com\\\/kttapeeesti\",\"https:\\\/\\\/www.instagram.com\\\/kttape.eesti\\\/\"]}]}<\/script>\n<!-- \/ Yoast SEO Premium plugin. -->","yoast_head_json":{"title":"Medicinin\u0117 informacija - KT Tape Baltics","robots":{"index":"index","follow":"follow","max-snippet":"max-snippet:-1","max-image-preview":"max-image-preview:large","max-video-preview":"max-video-preview:-1"},"canonical":"https:\/\/kttape.ee\/lt\/kas-tai-yra-kinezinis-pleistras\/medicinine-informacija\/","og_locale":"lt_LT","og_type":"article","og_title":"Medicinin\u0117 informacija","og_description":"Medicinin\u0117 informacija Kinezinis pleistras yra laidus orui, nepralaidus vandeniui, tempiasi \u012f ilg\u012f. KT pleistr\u0105 \u012fvairiais tikslais naudoja gydytojai,","og_url":"https:\/\/kttape.ee\/lt\/kas-tai-yra-kinezinis-pleistras\/medicinine-informacija\/","og_site_name":"KT Tape Baltics","article_publisher":"https:\/\/www.facebook.com\/kttapeeesti","article_modified_time":"2017-06-13T12:56:43+00:00","twitter_card":"summary_large_image","twitter_misc":{"Est. reading time":"2 minut\u0117s"},"schema":{"@context":"https:\/\/schema.org","@graph":[{"@type":"WebPage","@id":"https:\/\/kttape.ee\/lt\/kas-tai-yra-kinezinis-pleistras\/medicinine-informacija\/","url":"https:\/\/kttape.ee\/lt\/kas-tai-yra-kinezinis-pleistras\/medicinine-informacija\/","name":"Medicinin\u0117 informacija - KT Tape Baltics","isPartOf":{"@id":"https:\/\/kttape.ee\/lt\/#website"},"datePublished":"2017-05-24T08:35:07+00:00","dateModified":"2017-06-13T12:56:43+00:00","breadcrumb":{"@id":"https:\/\/kttape.ee\/lt\/kas-tai-yra-kinezinis-pleistras\/medicinine-informacija\/#breadcrumb"},"inLanguage":"lt-LT","potentialAction":[{"@type":"ReadAction","target":["https:\/\/kttape.ee\/lt\/kas-tai-yra-kinezinis-pleistras\/medicinine-informacija\/"]}]},{"@type":"BreadcrumbList","@id":"https:\/\/kttape.ee\/lt\/kas-tai-yra-kinezinis-pleistras\/medicinine-informacija\/#breadcrumb","itemListElement":[{"@type":"ListItem","position":1,"name":"Home","item":"https:\/\/kttape.ee\/lt\/"},{"@type":"ListItem","position":2,"name":"Kas tai yra kinezinis pleistras?","item":"https:\/\/kttape.ee\/lt\/kas-tai-yra-kinezinis-pleistras\/"},{"@type":"ListItem","position":3,"name":"Medicinin\u0117 informacija"}]},{"@type":"WebSite","@id":"https:\/\/kttape.ee\/lt\/#website","url":"https:\/\/kttape.ee\/lt\/","name":"KT TAPE","description":"Sveikatos ir sporto prek\u0117s","publisher":{"@id":"https:\/\/kttape.ee\/lt\/#organization"},"alternateName":"kinesioteip, kinesioloogiline teip, kt teip","potentialAction":[{"@type":"SearchAction","target":{"@type":"EntryPoint","urlTemplate":"https:\/\/kttape.ee\/lt\/?s={search_term_string}"},"query-input":{"@type":"PropertyValueSpecification","valueRequired":true,"valueName":"search_term_string"}}],"inLanguage":"lt-LT"},{"@type":"Organization","@id":"https:\/\/kttape.ee\/lt\/#organization","name":"Monger Baltic O\u00dc","alternateName":"KT TAPE","url":"https:\/\/kttape.ee\/lt\/","logo":{"@type":"ImageObject","inLanguage":"lt-LT","@id":"https:\/\/kttape.ee\/lt\/#\/schema\/logo\/image\/","url":"http:\/\/kttape.ee\/wp-content\/uploads\/2018\/11\/logo-monger-white-1.png","contentUrl":"http:\/\/kttape.ee\/wp-content\/uploads\/2018\/11\/logo-monger-white-1.png","width":826,"height":532,"caption":"Monger Baltic O\u00dc"},"image":{"@id":"https:\/\/kttape.ee\/lt\/#\/schema\/logo\/image\/"},"sameAs":["https:\/\/www.facebook.com\/kttapeeesti","https:\/\/www.instagram.com\/kttape.eesti\/"]}]}},"_links":{"self":[{"href":"https:\/\/kttape.ee\/lt\/wp-json\/wp\/v2\/pages\/1567","targetHints":{"allow":["GET"]}}],"collection":[{"href":"https:\/\/kttape.ee\/lt\/wp-json\/wp\/v2\/pages"}],"about":[{"href":"https:\/\/kttape.ee\/lt\/wp-json\/wp\/v2\/types\/page"}],"author":[{"embeddable":true,"href":"https:\/\/kttape.ee\/lt\/wp-json\/wp\/v2\/users\/1"}],"replies":[{"embeddable":true,"href":"https:\/\/kttape.ee\/lt\/wp-json\/wp\/v2\/comments?post=1567"}],"version-history":[{"count":0,"href":"https:\/\/kttape.ee\/lt\/wp-json\/wp\/v2\/pages\/1567\/revisions"}],"up":[{"embeddable":true,"href":"https:\/\/kttape.ee\/lt\/wp-json\/wp\/v2\/pages\/1503"}],"wp:attachment":[{"href":"https:\/\/kttape.ee\/lt\/wp-json\/wp\/v2\/media?parent=1567"}],"curies":[{"name":"wp","href":"https:\/\/api.w.org\/{rel}","templated":true}]}}