{"id":1586,"date":"2017-05-24T11:44:41","date_gmt":"2017-05-24T08:44:41","guid":{"rendered":"https:\/\/project.dreamo.ee\/monger\/kttape\/kas-tai-yra-kinezinis-pleistras\/korduvad-kusimused\/"},"modified":"2017-06-13T15:48:10","modified_gmt":"2017-06-13T12:48:10","slug":"duk","status":"publish","type":"page","link":"https:\/\/kttape.ee\/lt\/kas-tai-yra-kinezinis-pleistras\/duk\/","title":{"rendered":"DUK"},"content":{"rendered":"<h1>DUK<\/h1>\n<h2>Kas tai yra kinezinis?<\/h2>\n<p>Kinezini\u0173 pleistr\u0173 klijavimo metodas naudojamas reabilitacijoje. Jis skatina nat\u016bral\u0173 gijimo proces\u0105, palaiko ir stabilizuoja raumenis ir s\u0105narius, neapribojant j\u0173 jud\u0117jimo. Pleistr\u0173 klijavimas veikia mink\u0161tuosius audinius ir prailgina manualin\u0117s terapijos poveik\u012f.<\/p>\n<h2>Kuo skiriasi skirting\u0173 spalv\u0173 KT pleistrai?<\/h2>\n<p>N\u0117ra jokio skirtumo. Tiesiog yra galimyb\u0117 rinktis i\u0161 keli\u0173 spalvini\u0173 gam\u0173. Vis\u0173 spalv\u0173 KT pleistr\u0173 klijai yra vienodi ir n\u0117ra jokio skirtumo, kurios spalvos KT pleistr\u0105 naudoti. Skirtingas spalvas patogu naudoti, klijuojant kelis KT pleistrus tuo pa\u010diu metu.<\/p>\n<h2>Ar reik\u0117t\u0173 naudoti KT pleistrus prie\u0161 rungtynes ar treniruotes?<\/h2>\n<p>Jei turite koki\u0173 nors sveikatos problem\u0173, ar jums reikia papildomo stabilumo, visada patariama KT pleistrus klijuoti prie\u0161 rungtynes ar treniruotes.<\/p>\n<h2>Kaip ilgai KT pleistrai laikosi?<\/h2>\n<p>KT pleistrai laikosi kelet\u0105 dien\u0173. Rekomenduojama pritvirtintus pleistrus ne\u0161ioti ne ilgiau kaip 5 dienas. I\u0161 esm\u0117s tai priklauso nuo to, kur KT pleistras priklijuotas. Pavyzd\u017eiui, jei pleistras pritvirtintas prie kelio ar blauzdos, jis paprastai laikosi 2\u20133 dienas. Ant pe\u010di\u0173 ar nugaros pleistrai laikosi gerokai ilgiau.<\/p>\n<h2>Ar 25 cm KT pleistras tinka visais atvejais?<\/h2>\n<p>25 cm KT pleistras naudojamas 90 proc. klinikini\u0173 atvej\u0173. Dauguma sveikatos prie\u017ei\u016bros specialist\u0173 labai retai naudoja ilgesnius pleistrus. Jeigu Jums reikia trumpesni\u0173 pleistr\u0173, tokiu atveju galima 25 cm KT pleistrus tiesiog perkirpti per pus\u0119 arba sukarpyti norimo dyd\u017eio gabal\u0117liais.<\/p>\n<h2>Ar gali pakenkti netinkamai priklijuotas KT pleistras?<\/h2>\n<p>Ne\u012fmanoma pakenkti sveikatai, naudojant KT pleistrus, skirtingai nuo kit\u0173 produkt\u0173 (ypa\u010d vaist\u0173), skirt\u0173 gydyti sportines traumas. Netinkamai priklijuotas KT pleistras nepadarys nei \u017ealos, nei naudos.<\/p>\n<h2>Ar tinka KT pleistras, esant stresiniams kaul\u0173 l\u016b\u017eiams?<\/h2>\n<p>KT pleistras nepadeda, esant stresiniams kaul\u0173 l\u016b\u017eiams. Jei priklijuotas KT pleistras nepadeda, b\u016btina nedelsiant kreiptis \u012f gydytoj\u0105. Skausmo prie\u017eastis gali b\u016bti l\u016b\u017e\u0119s kaulas!<\/p>\n","protected":false},"excerpt":{"rendered":"<p>DUK Kas tai yra kinezinis? Kinezini\u0173 pleistr\u0173 klijavimo metodas naudojamas reabilitacijoje. Jis skatina nat\u016bral\u0173 gijimo proces\u0105, palaiko ir stabilizuoja raumenis&#8230;<\/p>\n","protected":false},"author":1,"featured_media":0,"parent":1503,"menu_order":42,"comment_status":"closed","ping_status":"closed","template":"","meta":{"_acf_changed":false,"footnotes":""},"class_list":["post-1586","page","type-page","status-publish","hentry"],"acf":[],"yoast_head":"<!-- This site is optimized with the Yoast SEO Premium plugin v23.4 (Yoast SEO v27.3) - https:\/\/yoast.com\/product\/yoast-seo-premium-wordpress\/ -->\n<title>DUK - KT Tape Baltics<\/title>\n<meta name=\"description\" content=\"Siit leiate vastused enim esitatud k\u00fcsimustele kinesioloogilise teibi ja teipimise kohta. Samuti konkreetselt KT Tape kohta.\" \/>\n<meta name=\"robots\" content=\"index, follow, max-snippet:-1, max-image-preview:large, max-video-preview:-1\" \/>\n<link rel=\"canonical\" href=\"https:\/\/kttape.ee\/lt\/kas-tai-yra-kinezinis-pleistras\/duk\/\" \/>\n<meta property=\"og:locale\" content=\"lt_LT\" \/>\n<meta property=\"og:type\" content=\"article\" \/>\n<meta property=\"og:title\" content=\"DUK\" \/>\n<meta property=\"og:description\" content=\"DUK Kas tai yra kinezinis? Kinezini\u0173 pleistr\u0173 klijavimo metodas naudojamas reabilitacijoje. Jis skatina nat\u016bral\u0173 gijimo proces\u0105, palaiko ir stabilizuoja\" \/>\n<meta property=\"og:url\" content=\"https:\/\/kttape.ee\/lt\/kas-tai-yra-kinezinis-pleistras\/duk\/\" \/>\n<meta property=\"og:site_name\" content=\"KT Tape Baltics\" \/>\n<meta property=\"article:publisher\" content=\"https:\/\/www.facebook.com\/kttapeeesti\" \/>\n<meta property=\"article:modified_time\" content=\"2017-06-13T12:48:10+00:00\" \/>\n<meta name=\"twitter:card\" content=\"summary_large_image\" \/>\n<meta name=\"twitter:label1\" content=\"Est. reading time\" \/>\n\t<meta name=\"twitter:data1\" content=\"1 minut\u0117\" \/>\n<script type=\"application\/ld+json\" class=\"yoast-schema-graph\">{\"@context\":\"https:\\\/\\\/schema.org\",\"@graph\":[{\"@type\":\"WebPage\",\"@id\":\"https:\\\/\\\/kttape.ee\\\/lt\\\/kas-tai-yra-kinezinis-pleistras\\\/duk\\\/\",\"url\":\"https:\\\/\\\/kttape.ee\\\/lt\\\/kas-tai-yra-kinezinis-pleistras\\\/duk\\\/\",\"name\":\"DUK - KT Tape Baltics\",\"isPartOf\":{\"@id\":\"https:\\\/\\\/kttape.ee\\\/lt\\\/#website\"},\"datePublished\":\"2017-05-24T08:44:41+00:00\",\"dateModified\":\"2017-06-13T12:48:10+00:00\",\"description\":\"Siit leiate vastused enim esitatud k\u00fcsimustele kinesioloogilise teibi ja teipimise kohta. Samuti konkreetselt KT Tape kohta.\",\"breadcrumb\":{\"@id\":\"https:\\\/\\\/kttape.ee\\\/lt\\\/kas-tai-yra-kinezinis-pleistras\\\/duk\\\/#breadcrumb\"},\"inLanguage\":\"lt-LT\",\"potentialAction\":[{\"@type\":\"ReadAction\",\"target\":[\"https:\\\/\\\/kttape.ee\\\/lt\\\/kas-tai-yra-kinezinis-pleistras\\\/duk\\\/\"]}]},{\"@type\":\"BreadcrumbList\",\"@id\":\"https:\\\/\\\/kttape.ee\\\/lt\\\/kas-tai-yra-kinezinis-pleistras\\\/duk\\\/#breadcrumb\",\"itemListElement\":[{\"@type\":\"ListItem\",\"position\":1,\"name\":\"Home\",\"item\":\"https:\\\/\\\/kttape.ee\\\/lt\\\/\"},{\"@type\":\"ListItem\",\"position\":2,\"name\":\"Kas tai yra kinezinis pleistras?\",\"item\":\"https:\\\/\\\/kttape.ee\\\/lt\\\/kas-tai-yra-kinezinis-pleistras\\\/\"},{\"@type\":\"ListItem\",\"position\":3,\"name\":\"DUK\"}]},{\"@type\":\"WebSite\",\"@id\":\"https:\\\/\\\/kttape.ee\\\/lt\\\/#website\",\"url\":\"https:\\\/\\\/kttape.ee\\\/lt\\\/\",\"name\":\"KT TAPE\",\"description\":\"Sveikatos ir sporto prek\u0117s\",\"publisher\":{\"@id\":\"https:\\\/\\\/kttape.ee\\\/lt\\\/#organization\"},\"alternateName\":\"kinesioteip, kinesioloogiline teip, kt teip\",\"potentialAction\":[{\"@type\":\"SearchAction\",\"target\":{\"@type\":\"EntryPoint\",\"urlTemplate\":\"https:\\\/\\\/kttape.ee\\\/lt\\\/?s={search_term_string}\"},\"query-input\":{\"@type\":\"PropertyValueSpecification\",\"valueRequired\":true,\"valueName\":\"search_term_string\"}}],\"inLanguage\":\"lt-LT\"},{\"@type\":\"Organization\",\"@id\":\"https:\\\/\\\/kttape.ee\\\/lt\\\/#organization\",\"name\":\"Monger Baltic O\u00dc\",\"alternateName\":\"KT TAPE\",\"url\":\"https:\\\/\\\/kttape.ee\\\/lt\\\/\",\"logo\":{\"@type\":\"ImageObject\",\"inLanguage\":\"lt-LT\",\"@id\":\"https:\\\/\\\/kttape.ee\\\/lt\\\/#\\\/schema\\\/logo\\\/image\\\/\",\"url\":\"http:\\\/\\\/kttape.ee\\\/wp-content\\\/uploads\\\/2018\\\/11\\\/logo-monger-white-1.png\",\"contentUrl\":\"http:\\\/\\\/kttape.ee\\\/wp-content\\\/uploads\\\/2018\\\/11\\\/logo-monger-white-1.png\",\"width\":826,\"height\":532,\"caption\":\"Monger Baltic O\u00dc\"},\"image\":{\"@id\":\"https:\\\/\\\/kttape.ee\\\/lt\\\/#\\\/schema\\\/logo\\\/image\\\/\"},\"sameAs\":[\"https:\\\/\\\/www.facebook.com\\\/kttapeeesti\",\"https:\\\/\\\/www.instagram.com\\\/kttape.eesti\\\/\"]}]}<\/script>\n<!-- \/ Yoast SEO Premium plugin. -->","yoast_head_json":{"title":"DUK - KT Tape Baltics","description":"Siit leiate vastused enim esitatud k\u00fcsimustele kinesioloogilise teibi ja teipimise kohta. Samuti konkreetselt KT Tape kohta.","robots":{"index":"index","follow":"follow","max-snippet":"max-snippet:-1","max-image-preview":"max-image-preview:large","max-video-preview":"max-video-preview:-1"},"canonical":"https:\/\/kttape.ee\/lt\/kas-tai-yra-kinezinis-pleistras\/duk\/","og_locale":"lt_LT","og_type":"article","og_title":"DUK","og_description":"DUK Kas tai yra kinezinis? Kinezini\u0173 pleistr\u0173 klijavimo metodas naudojamas reabilitacijoje. Jis skatina nat\u016bral\u0173 gijimo proces\u0105, palaiko ir stabilizuoja","og_url":"https:\/\/kttape.ee\/lt\/kas-tai-yra-kinezinis-pleistras\/duk\/","og_site_name":"KT Tape Baltics","article_publisher":"https:\/\/www.facebook.com\/kttapeeesti","article_modified_time":"2017-06-13T12:48:10+00:00","twitter_card":"summary_large_image","twitter_misc":{"Est. reading time":"1 minut\u0117"},"schema":{"@context":"https:\/\/schema.org","@graph":[{"@type":"WebPage","@id":"https:\/\/kttape.ee\/lt\/kas-tai-yra-kinezinis-pleistras\/duk\/","url":"https:\/\/kttape.ee\/lt\/kas-tai-yra-kinezinis-pleistras\/duk\/","name":"DUK - KT Tape Baltics","isPartOf":{"@id":"https:\/\/kttape.ee\/lt\/#website"},"datePublished":"2017-05-24T08:44:41+00:00","dateModified":"2017-06-13T12:48:10+00:00","description":"Siit leiate vastused enim esitatud k\u00fcsimustele kinesioloogilise teibi ja teipimise kohta. Samuti konkreetselt KT Tape kohta.","breadcrumb":{"@id":"https:\/\/kttape.ee\/lt\/kas-tai-yra-kinezinis-pleistras\/duk\/#breadcrumb"},"inLanguage":"lt-LT","potentialAction":[{"@type":"ReadAction","target":["https:\/\/kttape.ee\/lt\/kas-tai-yra-kinezinis-pleistras\/duk\/"]}]},{"@type":"BreadcrumbList","@id":"https:\/\/kttape.ee\/lt\/kas-tai-yra-kinezinis-pleistras\/duk\/#breadcrumb","itemListElement":[{"@type":"ListItem","position":1,"name":"Home","item":"https:\/\/kttape.ee\/lt\/"},{"@type":"ListItem","position":2,"name":"Kas tai yra kinezinis pleistras?","item":"https:\/\/kttape.ee\/lt\/kas-tai-yra-kinezinis-pleistras\/"},{"@type":"ListItem","position":3,"name":"DUK"}]},{"@type":"WebSite","@id":"https:\/\/kttape.ee\/lt\/#website","url":"https:\/\/kttape.ee\/lt\/","name":"KT TAPE","description":"Sveikatos ir sporto prek\u0117s","publisher":{"@id":"https:\/\/kttape.ee\/lt\/#organization"},"alternateName":"kinesioteip, kinesioloogiline teip, kt teip","potentialAction":[{"@type":"SearchAction","target":{"@type":"EntryPoint","urlTemplate":"https:\/\/kttape.ee\/lt\/?s={search_term_string}"},"query-input":{"@type":"PropertyValueSpecification","valueRequired":true,"valueName":"search_term_string"}}],"inLanguage":"lt-LT"},{"@type":"Organization","@id":"https:\/\/kttape.ee\/lt\/#organization","name":"Monger Baltic O\u00dc","alternateName":"KT TAPE","url":"https:\/\/kttape.ee\/lt\/","logo":{"@type":"ImageObject","inLanguage":"lt-LT","@id":"https:\/\/kttape.ee\/lt\/#\/schema\/logo\/image\/","url":"http:\/\/kttape.ee\/wp-content\/uploads\/2018\/11\/logo-monger-white-1.png","contentUrl":"http:\/\/kttape.ee\/wp-content\/uploads\/2018\/11\/logo-monger-white-1.png","width":826,"height":532,"caption":"Monger Baltic O\u00dc"},"image":{"@id":"https:\/\/kttape.ee\/lt\/#\/schema\/logo\/image\/"},"sameAs":["https:\/\/www.facebook.com\/kttapeeesti","https:\/\/www.instagram.com\/kttape.eesti\/"]}]}},"_links":{"self":[{"href":"https:\/\/kttape.ee\/lt\/wp-json\/wp\/v2\/pages\/1586","targetHints":{"allow":["GET"]}}],"collection":[{"href":"https:\/\/kttape.ee\/lt\/wp-json\/wp\/v2\/pages"}],"about":[{"href":"https:\/\/kttape.ee\/lt\/wp-json\/wp\/v2\/types\/page"}],"author":[{"embeddable":true,"href":"https:\/\/kttape.ee\/lt\/wp-json\/wp\/v2\/users\/1"}],"replies":[{"embeddable":true,"href":"https:\/\/kttape.ee\/lt\/wp-json\/wp\/v2\/comments?post=1586"}],"version-history":[{"count":0,"href":"https:\/\/kttape.ee\/lt\/wp-json\/wp\/v2\/pages\/1586\/revisions"}],"up":[{"embeddable":true,"href":"https:\/\/kttape.ee\/lt\/wp-json\/wp\/v2\/pages\/1503"}],"wp:attachment":[{"href":"https:\/\/kttape.ee\/lt\/wp-json\/wp\/v2\/media?parent=1586"}],"curies":[{"name":"wp","href":"https:\/\/api.w.org\/{rel}","templated":true}]}}