{"id":1783,"date":"2017-05-24T12:59:10","date_gmt":"2017-05-24T09:59:10","guid":{"rendered":"https:\/\/project.dreamo.ee\/monger\/kttape\/instrukcijos\/teibi-pusivus\/"},"modified":"2019-07-06T16:06:02","modified_gmt":"2019-07-06T13:06:02","slug":"kt-instrukcija","status":"publish","type":"page","link":"https:\/\/kttape.ee\/lt\/instrukcijos\/kt-instrukcija\/","title":{"rendered":"KT Instrukcija"},"content":{"rendered":"<h1>KT Instrukcija<\/h1>\n<p>KT pleistras yra naujas revoliucinis b\u016bdas gydyti sportines traumas. KT pleistras yra pagamintas taip, kad gerai prisiklijuot\u0173 prie odos ir b\u016bt\u0173 jai draugi\u0161kas. Priklausomai nuo to, kur klijuosite pleistr\u0105, jis laikysis nuo 2 iki 7 dien\u0173. \u0160is trumpas vadovas pad\u0117s Jums s\u0117kmingai pritaikyti ir naudoti KT pleistr\u0105. S\u0117km\u0117s! B\u016bkite aktyv\u016bs su KT pleistrais! Nor\u0117dami pasiekti geriausius rezultatus, pasinaudokite \u0161iais patarimais:<\/p>\n<ol>\n<li>U\u017dSIKLIJUOKITE, PRIE\u0160 PRAD\u0116DAMI AKTYVI\u0104 VEIKL\u0104. U\u017esiklijuokite pleistr\u0105 prie\u0161 valand\u0105 iki aktyvios veiklos.<\/li>\n<li>ODOS PARUO\u0160IMAS. Nuvalykite nuo odos purv\u0105, dr\u0117gm\u0119, aliej\u0173, krem\u0105, patrinkite j\u0105 spiritu. Jei ant tos vietos, ant kurios ketinate klijuoti pleistr\u0105, yra plaukeli\u0173, rekomenduojame juos patrumpinti arba visai nuskusti.<\/li>\n<li>KLIJAVIMAS. Prie\u0161 u\u017ededant pleistr\u0105, beveik visada reikia audin\u012f arba k\u016bno dal\u012f i\u0161tempti. Vaizdo med\u017eiagoje ir kitose instrukcijose to dar n\u0117ra parodyta (kol kas), bet j\u016bs turite \u012fsitikinti, kad klijuojamoje vietoje oda bus lygi.<\/li>\n<li>KIEK I\u0160TEMPTI PLEISTR\u0104? Sekite instrukcijomis ir \u017ei\u016br\u0117kite vaizdo med\u017eiag\u0105, kiek i\u0161sitempia pleistro ruo\u017eeliai. Nei\u0161tempkyte pleistro gal\u0173! Ra\u0161ome \u0161auktuk\u0105, nes netgi tie, kas jau ilg\u0105 laik\u0105 naudoja KT pleistrus, vis dar daro \u0161i\u0105 klaid\u0105. Pleistro galiukus klijuokite laisvai, j\u0173 nei\u0161tempiant.<\/li>\n<li>PLEISTRO GALIUKAI. Pleistro galiukai turi b\u016bti klijuojami tik ant odos. Naudojant kelis KT pleistrus, j\u0173 galiukai neturi b\u016bti klijuojami vienas ant kito. Jei pleistr\u0105 kirpsite, b\u016btinai suapvalinkite pleistro galiukus. Pleistras, kuris i\u0161 anksto sukarpytas juostelemis, jau yra su suapvalintais kra\u0161tais.<\/li>\n<li>AKTYVINKITE KLIJUS. Priklijav\u0119 pleistr\u0105, j\u012f patrinkite \u2013 taip su\u0161ildysite ir suaktyvinsite klijus. Jei turite problem\u0173 su nesiklijuojan\u010diais pleistro galiukais, tik\u0117tina, kad nesilaik\u0117te anks\u010diau i\u0161vardyt\u0173 nurodym\u0173: yra per daug i\u0161tempti pleistro galiukai arba pats pleistras klijuojant.<\/li>\n<li>NEPL\u0116\u0160KITE. \u0160velniai pa\u0161alinkite pleistr\u0105 nuo odos, prireikus naudokite k\u016bdikiams skirt\u0105 aliej\u0173.<\/li>\n<\/ol>\n","protected":false},"excerpt":{"rendered":"<p>KT Instrukcija KT pleistras yra naujas revoliucinis b\u016bdas gydyti sportines traumas. KT pleistras yra pagamintas taip, kad gerai prisiklijuot\u0173 prie&#8230;<\/p>\n","protected":false},"author":1,"featured_media":0,"parent":1653,"menu_order":111,"comment_status":"closed","ping_status":"closed","template":"template-contact.php","meta":{"_acf_changed":false,"footnotes":""},"class_list":["post-1783","page","type-page","status-publish","hentry"],"acf":[],"yoast_head":"<!-- This site is optimized with the Yoast SEO Premium plugin v23.4 (Yoast SEO v27.3) - https:\/\/yoast.com\/product\/yoast-seo-premium-wordpress\/ -->\n<title>KT Instrukcija - KT Tape Baltics<\/title>\n<meta name=\"robots\" content=\"index, follow, max-snippet:-1, max-image-preview:large, max-video-preview:-1\" \/>\n<link rel=\"canonical\" href=\"http:\/\/kttape.ee\/lt\/instrukcijos\/kt-instrukcija\/\" \/>\n<meta property=\"og:locale\" content=\"lt_LT\" \/>\n<meta property=\"og:type\" content=\"article\" \/>\n<meta property=\"og:title\" content=\"KT Instrukcija\" \/>\n<meta property=\"og:description\" content=\"KT Instrukcija KT pleistras yra naujas revoliucinis b\u016bdas gydyti sportines traumas. KT pleistras yra pagamintas taip, kad gerai prisiklijuot\u0173 prie odos ir\" \/>\n<meta property=\"og:url\" content=\"http:\/\/kttape.ee\/lt\/instrukcijos\/kt-instrukcija\/\" \/>\n<meta property=\"og:site_name\" content=\"KT Tape Baltics\" \/>\n<meta property=\"article:publisher\" content=\"https:\/\/www.facebook.com\/kttapeeesti\" \/>\n<meta property=\"article:modified_time\" content=\"2019-07-06T13:06:02+00:00\" \/>\n<meta name=\"twitter:card\" content=\"summary_large_image\" \/>\n<meta name=\"twitter:label1\" content=\"Est. reading time\" \/>\n\t<meta name=\"twitter:data1\" content=\"2 minut\u0117s\" \/>\n<script type=\"application\/ld+json\" class=\"yoast-schema-graph\">{\"@context\":\"https:\\\/\\\/schema.org\",\"@graph\":[{\"@type\":\"WebPage\",\"@id\":\"https:\\\/\\\/kttape.ee\\\/lt\\\/instrukcijos\\\/kt-instrukcija\\\/\",\"url\":\"http:\\\/\\\/kttape.ee\\\/lt\\\/instrukcijos\\\/kt-instrukcija\\\/\",\"name\":\"KT Instrukcija - KT Tape Baltics\",\"isPartOf\":{\"@id\":\"https:\\\/\\\/kttape.ee\\\/lt\\\/#website\"},\"datePublished\":\"2017-05-24T09:59:10+00:00\",\"dateModified\":\"2019-07-06T13:06:02+00:00\",\"breadcrumb\":{\"@id\":\"http:\\\/\\\/kttape.ee\\\/lt\\\/instrukcijos\\\/kt-instrukcija\\\/#breadcrumb\"},\"inLanguage\":\"lt-LT\",\"potentialAction\":[{\"@type\":\"ReadAction\",\"target\":[\"http:\\\/\\\/kttape.ee\\\/lt\\\/instrukcijos\\\/kt-instrukcija\\\/\"]}]},{\"@type\":\"BreadcrumbList\",\"@id\":\"http:\\\/\\\/kttape.ee\\\/lt\\\/instrukcijos\\\/kt-instrukcija\\\/#breadcrumb\",\"itemListElement\":[{\"@type\":\"ListItem\",\"position\":1,\"name\":\"Home\",\"item\":\"https:\\\/\\\/kttape.ee\\\/lt\\\/\"},{\"@type\":\"ListItem\",\"position\":2,\"name\":\"Instrukcijos\",\"item\":\"https:\\\/\\\/kttape.ee\\\/lt\\\/instrukcijos\\\/\"},{\"@type\":\"ListItem\",\"position\":3,\"name\":\"KT Instrukcija\"}]},{\"@type\":\"WebSite\",\"@id\":\"https:\\\/\\\/kttape.ee\\\/lt\\\/#website\",\"url\":\"https:\\\/\\\/kttape.ee\\\/lt\\\/\",\"name\":\"KT TAPE\",\"description\":\"Sveikatos ir sporto prek\u0117s\",\"publisher\":{\"@id\":\"https:\\\/\\\/kttape.ee\\\/lt\\\/#organization\"},\"alternateName\":\"kinesioteip, kinesioloogiline teip, kt teip\",\"potentialAction\":[{\"@type\":\"SearchAction\",\"target\":{\"@type\":\"EntryPoint\",\"urlTemplate\":\"https:\\\/\\\/kttape.ee\\\/lt\\\/?s={search_term_string}\"},\"query-input\":{\"@type\":\"PropertyValueSpecification\",\"valueRequired\":true,\"valueName\":\"search_term_string\"}}],\"inLanguage\":\"lt-LT\"},{\"@type\":\"Organization\",\"@id\":\"https:\\\/\\\/kttape.ee\\\/lt\\\/#organization\",\"name\":\"Monger Baltic O\u00dc\",\"alternateName\":\"KT TAPE\",\"url\":\"https:\\\/\\\/kttape.ee\\\/lt\\\/\",\"logo\":{\"@type\":\"ImageObject\",\"inLanguage\":\"lt-LT\",\"@id\":\"https:\\\/\\\/kttape.ee\\\/lt\\\/#\\\/schema\\\/logo\\\/image\\\/\",\"url\":\"http:\\\/\\\/kttape.ee\\\/wp-content\\\/uploads\\\/2018\\\/11\\\/logo-monger-white-1.png\",\"contentUrl\":\"http:\\\/\\\/kttape.ee\\\/wp-content\\\/uploads\\\/2018\\\/11\\\/logo-monger-white-1.png\",\"width\":826,\"height\":532,\"caption\":\"Monger Baltic O\u00dc\"},\"image\":{\"@id\":\"https:\\\/\\\/kttape.ee\\\/lt\\\/#\\\/schema\\\/logo\\\/image\\\/\"},\"sameAs\":[\"https:\\\/\\\/www.facebook.com\\\/kttapeeesti\",\"https:\\\/\\\/www.instagram.com\\\/kttape.eesti\\\/\"]}]}<\/script>\n<!-- \/ Yoast SEO Premium plugin. -->","yoast_head_json":{"title":"KT Instrukcija - KT Tape Baltics","robots":{"index":"index","follow":"follow","max-snippet":"max-snippet:-1","max-image-preview":"max-image-preview:large","max-video-preview":"max-video-preview:-1"},"canonical":"http:\/\/kttape.ee\/lt\/instrukcijos\/kt-instrukcija\/","og_locale":"lt_LT","og_type":"article","og_title":"KT Instrukcija","og_description":"KT Instrukcija KT pleistras yra naujas revoliucinis b\u016bdas gydyti sportines traumas. KT pleistras yra pagamintas taip, kad gerai prisiklijuot\u0173 prie odos ir","og_url":"http:\/\/kttape.ee\/lt\/instrukcijos\/kt-instrukcija\/","og_site_name":"KT Tape Baltics","article_publisher":"https:\/\/www.facebook.com\/kttapeeesti","article_modified_time":"2019-07-06T13:06:02+00:00","twitter_card":"summary_large_image","twitter_misc":{"Est. reading time":"2 minut\u0117s"},"schema":{"@context":"https:\/\/schema.org","@graph":[{"@type":"WebPage","@id":"https:\/\/kttape.ee\/lt\/instrukcijos\/kt-instrukcija\/","url":"http:\/\/kttape.ee\/lt\/instrukcijos\/kt-instrukcija\/","name":"KT Instrukcija - KT Tape Baltics","isPartOf":{"@id":"https:\/\/kttape.ee\/lt\/#website"},"datePublished":"2017-05-24T09:59:10+00:00","dateModified":"2019-07-06T13:06:02+00:00","breadcrumb":{"@id":"http:\/\/kttape.ee\/lt\/instrukcijos\/kt-instrukcija\/#breadcrumb"},"inLanguage":"lt-LT","potentialAction":[{"@type":"ReadAction","target":["http:\/\/kttape.ee\/lt\/instrukcijos\/kt-instrukcija\/"]}]},{"@type":"BreadcrumbList","@id":"http:\/\/kttape.ee\/lt\/instrukcijos\/kt-instrukcija\/#breadcrumb","itemListElement":[{"@type":"ListItem","position":1,"name":"Home","item":"https:\/\/kttape.ee\/lt\/"},{"@type":"ListItem","position":2,"name":"Instrukcijos","item":"https:\/\/kttape.ee\/lt\/instrukcijos\/"},{"@type":"ListItem","position":3,"name":"KT Instrukcija"}]},{"@type":"WebSite","@id":"https:\/\/kttape.ee\/lt\/#website","url":"https:\/\/kttape.ee\/lt\/","name":"KT TAPE","description":"Sveikatos ir sporto prek\u0117s","publisher":{"@id":"https:\/\/kttape.ee\/lt\/#organization"},"alternateName":"kinesioteip, kinesioloogiline teip, kt teip","potentialAction":[{"@type":"SearchAction","target":{"@type":"EntryPoint","urlTemplate":"https:\/\/kttape.ee\/lt\/?s={search_term_string}"},"query-input":{"@type":"PropertyValueSpecification","valueRequired":true,"valueName":"search_term_string"}}],"inLanguage":"lt-LT"},{"@type":"Organization","@id":"https:\/\/kttape.ee\/lt\/#organization","name":"Monger Baltic O\u00dc","alternateName":"KT TAPE","url":"https:\/\/kttape.ee\/lt\/","logo":{"@type":"ImageObject","inLanguage":"lt-LT","@id":"https:\/\/kttape.ee\/lt\/#\/schema\/logo\/image\/","url":"http:\/\/kttape.ee\/wp-content\/uploads\/2018\/11\/logo-monger-white-1.png","contentUrl":"http:\/\/kttape.ee\/wp-content\/uploads\/2018\/11\/logo-monger-white-1.png","width":826,"height":532,"caption":"Monger Baltic O\u00dc"},"image":{"@id":"https:\/\/kttape.ee\/lt\/#\/schema\/logo\/image\/"},"sameAs":["https:\/\/www.facebook.com\/kttapeeesti","https:\/\/www.instagram.com\/kttape.eesti\/"]}]}},"_links":{"self":[{"href":"https:\/\/kttape.ee\/lt\/wp-json\/wp\/v2\/pages\/1783","targetHints":{"allow":["GET"]}}],"collection":[{"href":"https:\/\/kttape.ee\/lt\/wp-json\/wp\/v2\/pages"}],"about":[{"href":"https:\/\/kttape.ee\/lt\/wp-json\/wp\/v2\/types\/page"}],"author":[{"embeddable":true,"href":"https:\/\/kttape.ee\/lt\/wp-json\/wp\/v2\/users\/1"}],"replies":[{"embeddable":true,"href":"https:\/\/kttape.ee\/lt\/wp-json\/wp\/v2\/comments?post=1783"}],"version-history":[{"count":0,"href":"https:\/\/kttape.ee\/lt\/wp-json\/wp\/v2\/pages\/1783\/revisions"}],"up":[{"embeddable":true,"href":"https:\/\/kttape.ee\/lt\/wp-json\/wp\/v2\/pages\/1653"}],"wp:attachment":[{"href":"https:\/\/kttape.ee\/lt\/wp-json\/wp\/v2\/media?parent=1783"}],"curies":[{"name":"wp","href":"https:\/\/api.w.org\/{rel}","templated":true}]}}