{"id":1855,"date":"2017-05-10T12:16:25","date_gmt":"2017-05-10T09:16:25","guid":{"rendered":"https:\/\/project.dreamo.ee\/monger\/kttape\/kliendiinfo\/"},"modified":"2017-06-13T19:25:19","modified_gmt":"2017-06-13T16:25:19","slug":"pagalba-klientui","status":"publish","type":"page","link":"https:\/\/kttape.ee\/lt\/pagalba-klientui\/","title":{"rendered":"Pagalba klientui"},"content":{"rendered":"<h1>Pagalba klientui<\/h1>\n<p>Pirkti m\u016bs\u0173 interneto parduotuv\u0117je yra paprasta ir lengva. I\u0161sirink\u0119 Jums patinkan\u010di\u0105 prek\u0119, spustel\u0117kite \u201e\u012ed\u0117ti \u012f krep\u0161el\u012f\u201c \u2013 prek\u0117 bus automati\u0161kai \u012ftraukta \u012f j\u016bs\u0173 pirkini\u0173 s\u0105ra\u0161\u0105. Galite ir toliau rinktis prekes m\u016bs\u0173 interneto parduotuv\u0117je, \u012fd\u0117dami \u012f krep\u0161el\u012f tiek preki\u0173, kiek Jums reikia. Pasirink\u0119 visas Jus dominan\u010dias prekes, pateikite u\u017esakym\u0105. Spustel\u0117kite \u201ePirkini\u0173 s\u0105ra\u0161as\u201c. Jame galite dar kartel\u012f per\u017ei\u016br\u0117ti visas pasirinktas prekes, keisti preki\u0173 kiek\u012f ar pa\u0161alinti prek\u0119 i\u0161 u\u017esakymo. \u012eveskite savo duomenis. Sekite instrukcijomis, pasirinkite pristatymo ir apmok\u0117jimo b\u016bd\u0105.<\/p>\n<h2>Apmok\u0117jimo b\u016bdai<\/h2>\n<p>Kreditin\u0117 kortel\u0117 (\u201eVisa\u201c, \u201eMasterCard\u201c) Po u\u017esakymo patvirtinimo b\u016bsite nukreipti \u012f saugi\u0105 apmok\u0117jimo internetu aplink\u0105, u\u017etikrinan\u010di\u0105, kad perduodama informacija nebus \u0161ifruojama ar kei\u010diama. SSL protokolo d\u0117ka duomenis internetu bus perduoti itin saugiai. \u201eVisa\u201c kortel\u0117ms saug\u0173 atsiskaitym\u0105 internetu u\u017etikrina tarptautin\u0117 saugumo programa \u201eVerified by Visa\u201c, o \u201e MasterCard\u201c kortel\u0117ms \u2013 \u201eMasterCard SecureCode\u201c. Mok\u0117jimas bus suformuotas automati\u0161kai.<\/p>\n<h2>Pristatymas<\/h2>\n<p>Visi u\u017esakymai i\u0161siun\u010diami darbo dienomis per 24 valandas po u\u017esakymo patvirtinimo. Jei u\u017esakymo \u012fvykdymui reikalingas kliento u\u017esakymo patvirtinimas, u\u017esakymas bus vykdomas, gavus kliento patvirtinim\u0105 (elektroniniu pa\u0161tu arba telefonu). U\u017esakymai, atlikti \u0161e\u0161tadien\u012f, sekmadien\u012f ar \u0161ven\u010di\u0173 dienomis, bus vykdomi darbo dienomis per 24 valandas. U\u017esakius bus i\u0161si\u0173stas u\u017esakymo patvirtinimas elektroniniu pa\u0161tu.<\/p>\n<h2>Ne\u012fvykdyti u\u017esakymai ir i\u0161parduotos prek\u0117s<\/h2>\n<p>Elektroniniu pa\u0161tu gausite prane\u0161im\u0105, jei J\u016bs\u0173 u\u017esakytos prek\u0117s \u0161iuo metu neturime sand\u0117lyje arba ji jau i\u0161parduota.<\/p>\n","protected":false},"excerpt":{"rendered":"<p>Pagalba klientui Pirkti m\u016bs\u0173 interneto parduotuv\u0117je yra paprasta ir lengva. I\u0161sirink\u0119 Jums patinkan\u010di\u0105 prek\u0119, spustel\u0117kite \u201e\u012ed\u0117ti \u012f krep\u0161el\u012f\u201c \u2013 prek\u0117&#8230;<\/p>\n","protected":false},"author":1,"featured_media":0,"parent":0,"menu_order":120,"comment_status":"closed","ping_status":"closed","template":"","meta":{"_acf_changed":false,"footnotes":""},"class_list":["post-1855","page","type-page","status-publish","hentry"],"acf":[],"yoast_head":"<!-- This site is optimized with the Yoast SEO Premium plugin v23.4 (Yoast SEO v27.3) - https:\/\/yoast.com\/product\/yoast-seo-premium-wordpress\/ -->\n<title>Pagalba klientui - KT Tape Baltics<\/title>\n<meta name=\"robots\" content=\"index, follow, max-snippet:-1, max-image-preview:large, max-video-preview:-1\" \/>\n<link rel=\"canonical\" href=\"https:\/\/kttape.ee\/lt\/pagalba-klientui\/\" \/>\n<meta property=\"og:locale\" content=\"lt_LT\" \/>\n<meta property=\"og:type\" content=\"article\" \/>\n<meta property=\"og:title\" content=\"Pagalba klientui\" \/>\n<meta property=\"og:description\" content=\"Pagalba klientui Pirkti m\u016bs\u0173 interneto parduotuv\u0117je yra paprasta ir lengva. I\u0161sirink\u0119 Jums patinkan\u010di\u0105 prek\u0119, spustel\u0117kite \u201e\u012ed\u0117ti \u012f krep\u0161el\u012f\u201c \u2013 prek\u0117 bus\" \/>\n<meta property=\"og:url\" content=\"https:\/\/kttape.ee\/lt\/pagalba-klientui\/\" \/>\n<meta property=\"og:site_name\" content=\"KT Tape Baltics\" \/>\n<meta property=\"article:publisher\" content=\"https:\/\/www.facebook.com\/kttapeeesti\" \/>\n<meta property=\"article:modified_time\" content=\"2017-06-13T16:25:19+00:00\" \/>\n<meta name=\"twitter:card\" content=\"summary_large_image\" \/>\n<meta name=\"twitter:label1\" content=\"Est. reading time\" \/>\n\t<meta name=\"twitter:data1\" content=\"1 minut\u0117\" \/>\n<script type=\"application\/ld+json\" class=\"yoast-schema-graph\">{\"@context\":\"https:\\\/\\\/schema.org\",\"@graph\":[{\"@type\":\"WebPage\",\"@id\":\"https:\\\/\\\/kttape.ee\\\/lt\\\/pagalba-klientui\\\/\",\"url\":\"https:\\\/\\\/kttape.ee\\\/lt\\\/pagalba-klientui\\\/\",\"name\":\"Pagalba klientui - KT Tape Baltics\",\"isPartOf\":{\"@id\":\"https:\\\/\\\/kttape.ee\\\/lt\\\/#website\"},\"datePublished\":\"2017-05-10T09:16:25+00:00\",\"dateModified\":\"2017-06-13T16:25:19+00:00\",\"breadcrumb\":{\"@id\":\"https:\\\/\\\/kttape.ee\\\/lt\\\/pagalba-klientui\\\/#breadcrumb\"},\"inLanguage\":\"lt-LT\",\"potentialAction\":[{\"@type\":\"ReadAction\",\"target\":[\"https:\\\/\\\/kttape.ee\\\/lt\\\/pagalba-klientui\\\/\"]}]},{\"@type\":\"BreadcrumbList\",\"@id\":\"https:\\\/\\\/kttape.ee\\\/lt\\\/pagalba-klientui\\\/#breadcrumb\",\"itemListElement\":[{\"@type\":\"ListItem\",\"position\":1,\"name\":\"Home\",\"item\":\"https:\\\/\\\/kttape.ee\\\/lt\\\/\"},{\"@type\":\"ListItem\",\"position\":2,\"name\":\"Pagalba klientui\"}]},{\"@type\":\"WebSite\",\"@id\":\"https:\\\/\\\/kttape.ee\\\/lt\\\/#website\",\"url\":\"https:\\\/\\\/kttape.ee\\\/lt\\\/\",\"name\":\"KT TAPE\",\"description\":\"Sveikatos ir sporto prek\u0117s\",\"publisher\":{\"@id\":\"https:\\\/\\\/kttape.ee\\\/lt\\\/#organization\"},\"alternateName\":\"kinesioteip, kinesioloogiline teip, kt teip\",\"potentialAction\":[{\"@type\":\"SearchAction\",\"target\":{\"@type\":\"EntryPoint\",\"urlTemplate\":\"https:\\\/\\\/kttape.ee\\\/lt\\\/?s={search_term_string}\"},\"query-input\":{\"@type\":\"PropertyValueSpecification\",\"valueRequired\":true,\"valueName\":\"search_term_string\"}}],\"inLanguage\":\"lt-LT\"},{\"@type\":\"Organization\",\"@id\":\"https:\\\/\\\/kttape.ee\\\/lt\\\/#organization\",\"name\":\"Monger Baltic O\u00dc\",\"alternateName\":\"KT TAPE\",\"url\":\"https:\\\/\\\/kttape.ee\\\/lt\\\/\",\"logo\":{\"@type\":\"ImageObject\",\"inLanguage\":\"lt-LT\",\"@id\":\"https:\\\/\\\/kttape.ee\\\/lt\\\/#\\\/schema\\\/logo\\\/image\\\/\",\"url\":\"http:\\\/\\\/kttape.ee\\\/wp-content\\\/uploads\\\/2018\\\/11\\\/logo-monger-white-1.png\",\"contentUrl\":\"http:\\\/\\\/kttape.ee\\\/wp-content\\\/uploads\\\/2018\\\/11\\\/logo-monger-white-1.png\",\"width\":826,\"height\":532,\"caption\":\"Monger Baltic O\u00dc\"},\"image\":{\"@id\":\"https:\\\/\\\/kttape.ee\\\/lt\\\/#\\\/schema\\\/logo\\\/image\\\/\"},\"sameAs\":[\"https:\\\/\\\/www.facebook.com\\\/kttapeeesti\",\"https:\\\/\\\/www.instagram.com\\\/kttape.eesti\\\/\"]}]}<\/script>\n<!-- \/ Yoast SEO Premium plugin. -->","yoast_head_json":{"title":"Pagalba klientui - KT Tape Baltics","robots":{"index":"index","follow":"follow","max-snippet":"max-snippet:-1","max-image-preview":"max-image-preview:large","max-video-preview":"max-video-preview:-1"},"canonical":"https:\/\/kttape.ee\/lt\/pagalba-klientui\/","og_locale":"lt_LT","og_type":"article","og_title":"Pagalba klientui","og_description":"Pagalba klientui Pirkti m\u016bs\u0173 interneto parduotuv\u0117je yra paprasta ir lengva. I\u0161sirink\u0119 Jums patinkan\u010di\u0105 prek\u0119, spustel\u0117kite \u201e\u012ed\u0117ti \u012f krep\u0161el\u012f\u201c \u2013 prek\u0117 bus","og_url":"https:\/\/kttape.ee\/lt\/pagalba-klientui\/","og_site_name":"KT Tape Baltics","article_publisher":"https:\/\/www.facebook.com\/kttapeeesti","article_modified_time":"2017-06-13T16:25:19+00:00","twitter_card":"summary_large_image","twitter_misc":{"Est. reading time":"1 minut\u0117"},"schema":{"@context":"https:\/\/schema.org","@graph":[{"@type":"WebPage","@id":"https:\/\/kttape.ee\/lt\/pagalba-klientui\/","url":"https:\/\/kttape.ee\/lt\/pagalba-klientui\/","name":"Pagalba klientui - KT Tape Baltics","isPartOf":{"@id":"https:\/\/kttape.ee\/lt\/#website"},"datePublished":"2017-05-10T09:16:25+00:00","dateModified":"2017-06-13T16:25:19+00:00","breadcrumb":{"@id":"https:\/\/kttape.ee\/lt\/pagalba-klientui\/#breadcrumb"},"inLanguage":"lt-LT","potentialAction":[{"@type":"ReadAction","target":["https:\/\/kttape.ee\/lt\/pagalba-klientui\/"]}]},{"@type":"BreadcrumbList","@id":"https:\/\/kttape.ee\/lt\/pagalba-klientui\/#breadcrumb","itemListElement":[{"@type":"ListItem","position":1,"name":"Home","item":"https:\/\/kttape.ee\/lt\/"},{"@type":"ListItem","position":2,"name":"Pagalba klientui"}]},{"@type":"WebSite","@id":"https:\/\/kttape.ee\/lt\/#website","url":"https:\/\/kttape.ee\/lt\/","name":"KT TAPE","description":"Sveikatos ir sporto prek\u0117s","publisher":{"@id":"https:\/\/kttape.ee\/lt\/#organization"},"alternateName":"kinesioteip, kinesioloogiline teip, kt teip","potentialAction":[{"@type":"SearchAction","target":{"@type":"EntryPoint","urlTemplate":"https:\/\/kttape.ee\/lt\/?s={search_term_string}"},"query-input":{"@type":"PropertyValueSpecification","valueRequired":true,"valueName":"search_term_string"}}],"inLanguage":"lt-LT"},{"@type":"Organization","@id":"https:\/\/kttape.ee\/lt\/#organization","name":"Monger Baltic O\u00dc","alternateName":"KT TAPE","url":"https:\/\/kttape.ee\/lt\/","logo":{"@type":"ImageObject","inLanguage":"lt-LT","@id":"https:\/\/kttape.ee\/lt\/#\/schema\/logo\/image\/","url":"http:\/\/kttape.ee\/wp-content\/uploads\/2018\/11\/logo-monger-white-1.png","contentUrl":"http:\/\/kttape.ee\/wp-content\/uploads\/2018\/11\/logo-monger-white-1.png","width":826,"height":532,"caption":"Monger Baltic O\u00dc"},"image":{"@id":"https:\/\/kttape.ee\/lt\/#\/schema\/logo\/image\/"},"sameAs":["https:\/\/www.facebook.com\/kttapeeesti","https:\/\/www.instagram.com\/kttape.eesti\/"]}]}},"_links":{"self":[{"href":"https:\/\/kttape.ee\/lt\/wp-json\/wp\/v2\/pages\/1855","targetHints":{"allow":["GET"]}}],"collection":[{"href":"https:\/\/kttape.ee\/lt\/wp-json\/wp\/v2\/pages"}],"about":[{"href":"https:\/\/kttape.ee\/lt\/wp-json\/wp\/v2\/types\/page"}],"author":[{"embeddable":true,"href":"https:\/\/kttape.ee\/lt\/wp-json\/wp\/v2\/users\/1"}],"replies":[{"embeddable":true,"href":"https:\/\/kttape.ee\/lt\/wp-json\/wp\/v2\/comments?post=1855"}],"version-history":[{"count":0,"href":"https:\/\/kttape.ee\/lt\/wp-json\/wp\/v2\/pages\/1855\/revisions"}],"wp:attachment":[{"href":"https:\/\/kttape.ee\/lt\/wp-json\/wp\/v2\/media?parent=1855"}],"curies":[{"name":"wp","href":"https:\/\/api.w.org\/{rel}","templated":true}]}}