{"id":1880,"date":"2017-05-24T13:26:17","date_gmt":"2017-05-24T10:26:17","guid":{"rendered":"https:\/\/project.dreamo.ee\/monger\/kttape\/pagalba-klientui\/kaebused-ja-tagastamine\/"},"modified":"2017-08-18T13:37:01","modified_gmt":"2017-08-18T10:37:01","slug":"grazinimas-ir-garantija","status":"publish","type":"page","link":"https:\/\/kttape.ee\/lt\/pagalba-klientui\/grazinimas-ir-garantija\/","title":{"rendered":"Gr\u0105\u017einimas ir garantija"},"content":{"rendered":"<h1>Gr\u0105\u017einimas ir garantija<\/h1>\n<p>Jei esate nepatenkinti savo pirkiniu, galite gr\u0105\u017einti prek\u0119 per 14 dien\u0173 nuo prek\u0117s gavimo dienos ir susigr\u0105\u017einti u\u017e pirkin\u012f sumok\u0117tus pinigus. Pristatymo i\u0161laidos n\u0117ra gr\u0105\u017einamos. Prie\u0161 gr\u0105\u017eindami prek\u0119, susisiekite su mumis el. pa\u0161tu info@monger.lt arba telefonu + 370 606 67 761 tam, kad gal\u0117tume Jums i\u0161siusti gr\u0105\u017einimo numer\u012f.<\/p>\n<p>Norint gr\u0105\u017einti pristatytas ir netikusias prekes, si\u016blome tai daryti per kurjer\u012f arba si\u0173sti registruotuoju pa\u0161tu. Toks gr\u0105\u017einimo b\u016bdas yra greitas ir patikimas. Jei prek\u0117 yra sugadinta pristatant, i\u0161saugokite pa\u017eeist\u0105 pakuot\u0119 ir nedelsdami informuokite mus apie tai el. pa\u0161tu. M\u016bs\u0173 si\u0173stas kurjeris patikrins prek\u0119 ir, jei ji buvo sugadinta pristatant, pakeis j\u0105 nauja.<\/p>\n<p>UAB \u201eMonger LT\u201c nepriima atgal ir nekei\u010dia preki\u0173, pirkt\u0173 parduotuv\u0117se, SPA salonuose ar kitose interneto parduotuv\u0117se. Jei J\u016bs\u0173 prek\u0117 n\u0117ra pirkta m\u016bs\u0173 interneto parduotuv\u0117je, kreipkit\u0117s \u012f t\u0105 pardav\u0117j\u0105, i\u0161 kurio \u012fsigijote prek\u0119.<\/p>\n<p>Prekes pra\u0161ome gr\u0105\u017einti adresu: UAB \u201eMonger LT\u201c, Konstitucijos pr. 23C-615, LT-08105 Vilnius. Nepamir\u0161kite prid\u0117ti pakavimo lapo, kvito, vardo, pavard\u0117s, telefono numerio, elektroninio pa\u0161to adreso ir u\u017esakymo numerio.<\/p>\n","protected":false},"excerpt":{"rendered":"<p>Gr\u0105\u017einimas ir garantija Jei esate nepatenkinti savo pirkiniu, galite gr\u0105\u017einti prek\u0119 per 14 dien\u0173 nuo prek\u0117s gavimo dienos ir susigr\u0105\u017einti&#8230;<\/p>\n","protected":false},"author":1,"featured_media":0,"parent":1855,"menu_order":122,"comment_status":"closed","ping_status":"closed","template":"","meta":{"_acf_changed":false,"footnotes":""},"class_list":["post-1880","page","type-page","status-publish","hentry"],"acf":[],"yoast_head":"<!-- This site is optimized with the Yoast SEO Premium plugin v23.4 (Yoast SEO v27.3) - https:\/\/yoast.com\/product\/yoast-seo-premium-wordpress\/ -->\n<title>Gr\u0105\u017einimas ir garantija - KT Tape Baltics<\/title>\n<meta name=\"robots\" content=\"index, follow, max-snippet:-1, max-image-preview:large, max-video-preview:-1\" \/>\n<link rel=\"canonical\" href=\"https:\/\/kttape.ee\/lt\/pagalba-klientui\/grazinimas-ir-garantija\/\" \/>\n<meta property=\"og:locale\" content=\"lt_LT\" \/>\n<meta property=\"og:type\" content=\"article\" \/>\n<meta property=\"og:title\" content=\"Gr\u0105\u017einimas ir garantija\" \/>\n<meta property=\"og:description\" content=\"Gr\u0105\u017einimas ir garantija Jei esate nepatenkinti savo pirkiniu, galite gr\u0105\u017einti prek\u0119 per 14 dien\u0173 nuo prek\u0117s gavimo dienos ir susigr\u0105\u017einti u\u017e pirkin\u012f\" \/>\n<meta property=\"og:url\" content=\"https:\/\/kttape.ee\/lt\/pagalba-klientui\/grazinimas-ir-garantija\/\" \/>\n<meta property=\"og:site_name\" content=\"KT Tape Baltics\" \/>\n<meta property=\"article:publisher\" content=\"https:\/\/www.facebook.com\/kttapeeesti\" \/>\n<meta property=\"article:modified_time\" content=\"2017-08-18T10:37:01+00:00\" \/>\n<meta name=\"twitter:card\" content=\"summary_large_image\" \/>\n<meta name=\"twitter:label1\" content=\"Est. reading time\" \/>\n\t<meta name=\"twitter:data1\" content=\"1 minut\u0117\" \/>\n<script type=\"application\/ld+json\" class=\"yoast-schema-graph\">{\"@context\":\"https:\\\/\\\/schema.org\",\"@graph\":[{\"@type\":\"WebPage\",\"@id\":\"https:\\\/\\\/kttape.ee\\\/lt\\\/pagalba-klientui\\\/grazinimas-ir-garantija\\\/\",\"url\":\"https:\\\/\\\/kttape.ee\\\/lt\\\/pagalba-klientui\\\/grazinimas-ir-garantija\\\/\",\"name\":\"Gr\u0105\u017einimas ir garantija - KT Tape Baltics\",\"isPartOf\":{\"@id\":\"https:\\\/\\\/kttape.ee\\\/lt\\\/#website\"},\"datePublished\":\"2017-05-24T10:26:17+00:00\",\"dateModified\":\"2017-08-18T10:37:01+00:00\",\"breadcrumb\":{\"@id\":\"https:\\\/\\\/kttape.ee\\\/lt\\\/pagalba-klientui\\\/grazinimas-ir-garantija\\\/#breadcrumb\"},\"inLanguage\":\"lt-LT\",\"potentialAction\":[{\"@type\":\"ReadAction\",\"target\":[\"https:\\\/\\\/kttape.ee\\\/lt\\\/pagalba-klientui\\\/grazinimas-ir-garantija\\\/\"]}]},{\"@type\":\"BreadcrumbList\",\"@id\":\"https:\\\/\\\/kttape.ee\\\/lt\\\/pagalba-klientui\\\/grazinimas-ir-garantija\\\/#breadcrumb\",\"itemListElement\":[{\"@type\":\"ListItem\",\"position\":1,\"name\":\"Home\",\"item\":\"https:\\\/\\\/kttape.ee\\\/lt\\\/\"},{\"@type\":\"ListItem\",\"position\":2,\"name\":\"Pagalba klientui\",\"item\":\"https:\\\/\\\/kttape.ee\\\/lt\\\/pagalba-klientui\\\/\"},{\"@type\":\"ListItem\",\"position\":3,\"name\":\"Gr\u0105\u017einimas ir garantija\"}]},{\"@type\":\"WebSite\",\"@id\":\"https:\\\/\\\/kttape.ee\\\/lt\\\/#website\",\"url\":\"https:\\\/\\\/kttape.ee\\\/lt\\\/\",\"name\":\"KT TAPE\",\"description\":\"Sveikatos ir sporto prek\u0117s\",\"publisher\":{\"@id\":\"https:\\\/\\\/kttape.ee\\\/lt\\\/#organization\"},\"alternateName\":\"kinesioteip, kinesioloogiline teip, kt teip\",\"potentialAction\":[{\"@type\":\"SearchAction\",\"target\":{\"@type\":\"EntryPoint\",\"urlTemplate\":\"https:\\\/\\\/kttape.ee\\\/lt\\\/?s={search_term_string}\"},\"query-input\":{\"@type\":\"PropertyValueSpecification\",\"valueRequired\":true,\"valueName\":\"search_term_string\"}}],\"inLanguage\":\"lt-LT\"},{\"@type\":\"Organization\",\"@id\":\"https:\\\/\\\/kttape.ee\\\/lt\\\/#organization\",\"name\":\"Monger Baltic O\u00dc\",\"alternateName\":\"KT TAPE\",\"url\":\"https:\\\/\\\/kttape.ee\\\/lt\\\/\",\"logo\":{\"@type\":\"ImageObject\",\"inLanguage\":\"lt-LT\",\"@id\":\"https:\\\/\\\/kttape.ee\\\/lt\\\/#\\\/schema\\\/logo\\\/image\\\/\",\"url\":\"http:\\\/\\\/kttape.ee\\\/wp-content\\\/uploads\\\/2018\\\/11\\\/logo-monger-white-1.png\",\"contentUrl\":\"http:\\\/\\\/kttape.ee\\\/wp-content\\\/uploads\\\/2018\\\/11\\\/logo-monger-white-1.png\",\"width\":826,\"height\":532,\"caption\":\"Monger Baltic O\u00dc\"},\"image\":{\"@id\":\"https:\\\/\\\/kttape.ee\\\/lt\\\/#\\\/schema\\\/logo\\\/image\\\/\"},\"sameAs\":[\"https:\\\/\\\/www.facebook.com\\\/kttapeeesti\",\"https:\\\/\\\/www.instagram.com\\\/kttape.eesti\\\/\"]}]}<\/script>\n<!-- \/ Yoast SEO Premium plugin. -->","yoast_head_json":{"title":"Gr\u0105\u017einimas ir garantija - KT Tape Baltics","robots":{"index":"index","follow":"follow","max-snippet":"max-snippet:-1","max-image-preview":"max-image-preview:large","max-video-preview":"max-video-preview:-1"},"canonical":"https:\/\/kttape.ee\/lt\/pagalba-klientui\/grazinimas-ir-garantija\/","og_locale":"lt_LT","og_type":"article","og_title":"Gr\u0105\u017einimas ir garantija","og_description":"Gr\u0105\u017einimas ir garantija Jei esate nepatenkinti savo pirkiniu, galite gr\u0105\u017einti prek\u0119 per 14 dien\u0173 nuo prek\u0117s gavimo dienos ir susigr\u0105\u017einti u\u017e pirkin\u012f","og_url":"https:\/\/kttape.ee\/lt\/pagalba-klientui\/grazinimas-ir-garantija\/","og_site_name":"KT Tape Baltics","article_publisher":"https:\/\/www.facebook.com\/kttapeeesti","article_modified_time":"2017-08-18T10:37:01+00:00","twitter_card":"summary_large_image","twitter_misc":{"Est. reading time":"1 minut\u0117"},"schema":{"@context":"https:\/\/schema.org","@graph":[{"@type":"WebPage","@id":"https:\/\/kttape.ee\/lt\/pagalba-klientui\/grazinimas-ir-garantija\/","url":"https:\/\/kttape.ee\/lt\/pagalba-klientui\/grazinimas-ir-garantija\/","name":"Gr\u0105\u017einimas ir garantija - KT Tape Baltics","isPartOf":{"@id":"https:\/\/kttape.ee\/lt\/#website"},"datePublished":"2017-05-24T10:26:17+00:00","dateModified":"2017-08-18T10:37:01+00:00","breadcrumb":{"@id":"https:\/\/kttape.ee\/lt\/pagalba-klientui\/grazinimas-ir-garantija\/#breadcrumb"},"inLanguage":"lt-LT","potentialAction":[{"@type":"ReadAction","target":["https:\/\/kttape.ee\/lt\/pagalba-klientui\/grazinimas-ir-garantija\/"]}]},{"@type":"BreadcrumbList","@id":"https:\/\/kttape.ee\/lt\/pagalba-klientui\/grazinimas-ir-garantija\/#breadcrumb","itemListElement":[{"@type":"ListItem","position":1,"name":"Home","item":"https:\/\/kttape.ee\/lt\/"},{"@type":"ListItem","position":2,"name":"Pagalba klientui","item":"https:\/\/kttape.ee\/lt\/pagalba-klientui\/"},{"@type":"ListItem","position":3,"name":"Gr\u0105\u017einimas ir garantija"}]},{"@type":"WebSite","@id":"https:\/\/kttape.ee\/lt\/#website","url":"https:\/\/kttape.ee\/lt\/","name":"KT TAPE","description":"Sveikatos ir sporto prek\u0117s","publisher":{"@id":"https:\/\/kttape.ee\/lt\/#organization"},"alternateName":"kinesioteip, kinesioloogiline teip, kt teip","potentialAction":[{"@type":"SearchAction","target":{"@type":"EntryPoint","urlTemplate":"https:\/\/kttape.ee\/lt\/?s={search_term_string}"},"query-input":{"@type":"PropertyValueSpecification","valueRequired":true,"valueName":"search_term_string"}}],"inLanguage":"lt-LT"},{"@type":"Organization","@id":"https:\/\/kttape.ee\/lt\/#organization","name":"Monger Baltic O\u00dc","alternateName":"KT TAPE","url":"https:\/\/kttape.ee\/lt\/","logo":{"@type":"ImageObject","inLanguage":"lt-LT","@id":"https:\/\/kttape.ee\/lt\/#\/schema\/logo\/image\/","url":"http:\/\/kttape.ee\/wp-content\/uploads\/2018\/11\/logo-monger-white-1.png","contentUrl":"http:\/\/kttape.ee\/wp-content\/uploads\/2018\/11\/logo-monger-white-1.png","width":826,"height":532,"caption":"Monger Baltic O\u00dc"},"image":{"@id":"https:\/\/kttape.ee\/lt\/#\/schema\/logo\/image\/"},"sameAs":["https:\/\/www.facebook.com\/kttapeeesti","https:\/\/www.instagram.com\/kttape.eesti\/"]}]}},"_links":{"self":[{"href":"https:\/\/kttape.ee\/lt\/wp-json\/wp\/v2\/pages\/1880","targetHints":{"allow":["GET"]}}],"collection":[{"href":"https:\/\/kttape.ee\/lt\/wp-json\/wp\/v2\/pages"}],"about":[{"href":"https:\/\/kttape.ee\/lt\/wp-json\/wp\/v2\/types\/page"}],"author":[{"embeddable":true,"href":"https:\/\/kttape.ee\/lt\/wp-json\/wp\/v2\/users\/1"}],"replies":[{"embeddable":true,"href":"https:\/\/kttape.ee\/lt\/wp-json\/wp\/v2\/comments?post=1880"}],"version-history":[{"count":0,"href":"https:\/\/kttape.ee\/lt\/wp-json\/wp\/v2\/pages\/1880\/revisions"}],"up":[{"embeddable":true,"href":"https:\/\/kttape.ee\/lt\/wp-json\/wp\/v2\/pages\/1855"}],"wp:attachment":[{"href":"https:\/\/kttape.ee\/lt\/wp-json\/wp\/v2\/media?parent=1880"}],"curies":[{"name":"wp","href":"https:\/\/api.w.org\/{rel}","templated":true}]}}