{"id":1904,"date":"2017-05-24T13:27:05","date_gmt":"2017-05-24T10:27:05","guid":{"rendered":"https:\/\/project.dreamo.ee\/monger\/kttape\/pagalba-klientui\/privaatsuspohimotted\/"},"modified":"2018-07-04T12:15:24","modified_gmt":"2018-07-04T09:15:24","slug":"privatumo-politika","status":"publish","type":"page","link":"https:\/\/kttape.ee\/lt\/pagalba-klientui\/privatumo-politika\/","title":{"rendered":"Privatumo politika"},"content":{"rendered":"<h1><b>PRIVATUMO POLITIKA<\/b><\/h1>\n<p><span style=\"font-weight: 400;\">Elektronin\u0117s parduotuv\u0117s monger.ee\/kttape asmens duomen\u0173 valdytojas yra Monger Baltic O\u00dc, 11813309, buvein\u0117 Tuukri 11, 10120 Talinas, Estija, tel. +372 650 6315 ir el. pa\u0161tas info@monger.ee. Atsakingasis duomen\u0173 valdytojas yra paskyr\u0119s duomen\u0173 apsaugos specialist\u0105, kurio kontaktiniai duomenys yra: tel. +372 650 6315 ir el. pa\u0161tas info@monger.ee (<\/span><i><span style=\"font-weight: 400;\">taikoma tiems, kurie yra paskyr\u0119 duomen\u0173 apsaugos specialist\u0105<\/span><\/i><span style=\"font-weight: 400;\">).<\/span><\/p>\n<p><b>Kokie asmens duomenys yra tvarkomi:<\/b><\/p>\n<ul>\n<li style=\"font-weight: 400;\"><span style=\"font-weight: 400;\">vardas, telefono numeris ir el. pa\u0161to adresas;<\/span><\/li>\n<li style=\"font-weight: 400;\"><span style=\"font-weight: 400;\">preki\u0173 pristatymo adresas;<\/span><\/li>\n<li style=\"font-weight: 400;\"><span style=\"font-weight: 400;\">banko s\u0105skaitos numeris;<\/span><\/li>\n<li style=\"font-weight: 400;\"><span style=\"font-weight: 400;\">preki\u0173 ir paslaug\u0173 kaina ir su mok\u0117jimu susij\u0119 duomenys (pirkimo istorija);<\/span><\/li>\n<li style=\"font-weight: 400;\"><span style=\"font-weight: 400;\">klient\u0173 aptarnavimo duomenys.<\/span><\/li>\n<\/ul>\n<p><b>Kokiais tikslais yra tvarkomi asmens duomenys<\/b><\/p>\n<p><span style=\"font-weight: 400;\">Asmens duomenys naudojami kliento u\u017esakym\u0173 administravimui ir preki\u0173 pristatymui.<\/span><\/p>\n<p><span style=\"font-weight: 400;\">Pirkimo istorijos duomenys (pirkimo data, prek\u0117, kiekis, kliento duomenys) naudojami pirkt\u0173 preki\u0173 ir paslaug\u0173 ap\u017evalgai sudaryti ir kliento pirkimams analizuoti.<\/span><\/p>\n<p><span style=\"font-weight: 400;\">Banko s\u0105skaitos numeris naudojamas mok\u0117jim\u0173 gr\u0105\u017einimui klientui.<\/span><\/p>\n<p><span style=\"font-weight: 400;\">Asmens duomenys, tokie kaip el. pa\u0161tas, telefono numeris, kliento vardas, tvarkomi tam, kad i\u0161spr\u0119sti su preki\u0173 ir paslaug\u0173 pirkimu susijusius klausimus (klient\u0173 aptarnavimo duomenys).<\/span><\/p>\n<p><span style=\"font-weight: 400;\">Internetin\u0117s parduotuv\u0117s naudotojo IP adresas ar kiti tinklo identifikatoriai tvarkomi internetin\u0117s parduotuv\u0117s kaip informacin\u0117s visuomen\u0117s paslaug\u0173 teikimui ir internetinio naudojimo statistikai sudaryti.<\/span><\/p>\n<p><b>Teisinis pagrindas<\/b><\/p>\n<p><span style=\"font-weight: 400;\">Asmens duomen\u0173 tvarkymas vyksta su klientu sudarytos sutarties vykdymo tikslais.<\/span><\/p>\n<p><span style=\"font-weight: 400;\">Asmens duomen\u0173 tvarkymas vyksta juridini\u0173 \u012fsipareigojim\u0173 vykdymui (pvz., buhalterin\u0117 apskaita ir vartotoj\u0173 gin\u010d\u0173 sprendimas).<\/span><\/p>\n<p><b>Pri\u0117m\u0117jai, kuriems asmens duomenys yra perduodami<\/b><\/p>\n<p><span style=\"font-weight: 400;\">Asmens duomenys perduodami elektronin\u0117s parduotuv\u0117s klient\u0173 aptarnavimo skyriui pirkim\u0173 ir pirkim\u0173 istorijos administravimo ir klient\u0173 problem\u0173 sprendimo tikslais.<\/span><\/p>\n<p><span style=\"font-weight: 400;\">Vardas, telefono numeris ir el. pa\u0161to adresas perduodami kliento pasirinktam transporto paslaug\u0173 teik\u0117jui. Jeigu tai yra kurjerio pagalba pristatomos prek\u0117s, tai be kontaktini\u0173 duomen\u0173 yra perduodamas ir kliento adresas.<\/span><\/p>\n<p><span style=\"font-weight: 400;\">Jeigu elektronin\u0117s parduotuv\u0117s buhalterin\u0119 apskait\u0105 veda paslaugos teik\u0117jas, tai asmens duomenys yra perduodami paslaugos teik\u0117jui buhalterin\u0117s apskaitos veiksmams atlikti.<\/span><\/p>\n<p><span style=\"font-weight: 400;\">Asmens duomenis galima perduoti ir informacini\u0173 technologij\u0173 paslaugos teik\u0117jams, jei tai yra reikalinga internetin\u0117s parduotuv\u0117s funkcionavimui ar duomen\u0173 saugojimui u\u017etikrinti.<\/span><\/p>\n<p><b>Saugumas ir duomen\u0173 pasiekiamumas<\/b><\/p>\n<p><span style=\"font-weight: 400;\">Asmens duomenys yra saugomi veebimajutus.ee serveriuose, kurie yra Europos S\u0105jungos valstyb\u0117s nar\u0117s ar Europos S\u0105jungos ekonomin\u0117s bendrijos valstyb\u0117 teritorijoje. Duomenys gali b\u016bti perduodami \u012f valstybes, kuri\u0173 duomen\u0173 apsaugos lygis Europos Komisijos yra \u012fvertintas pakankamu ir JAV bendrov\u0117ms, kurios yra prisijungusios prie \u201eprivatumo skydo\u201c (<\/span><i><span style=\"font-weight: 400;\">Privacy Shield<\/span><\/i><span style=\"font-weight: 400;\">).<\/span><\/p>\n<p><span style=\"font-weight: 400;\">Pri\u0117jim\u0105 prie asmens duomen\u0173 turi internetin\u0117s parduotuv\u0117s darbuotojai, kurie gali su asmens duomenimis susipa\u017einti tam, kad spr\u0119sti su internetin\u0117s parduotuv\u0117s naudojimu susijusius techninius klausimus ir teikti pagalbos klientams paslaugas.<\/span><\/p>\n<p><span style=\"font-weight: 400;\">Internetin\u0117 parduotuv\u0117 taiko aktualias fizines, organizacines ir informacin\u0117s technologijos saugos priemones, kad apsaugot\u0173 asmens duomenis nuo atsitiktinio ar neteis\u0117to sunaikinimo, dingimo, keitimo ar pri\u0117jimo prie j\u0173 be leidimo ir nuo j\u0173 paskelbimo.<\/span><\/p>\n<p><span style=\"font-weight: 400;\">Asmens duomen\u0173 perdavimas internetin\u0117s parduotuv\u0117s duomen\u0173 tvarkytojams (pvz., transporto paslaug\u0173 teik\u0117jams ir duomen\u0173 saugotojams) vyksta tarp internetin\u0117s parduotuv\u0117s ir duomen\u0173 tvarkytoj\u0173 sudarytos sutarties pagrindu. Duomen\u0173 tvarkytojai privalo u\u017etikrinti asmens duomen\u0173 tvarkymo eigoje aktualias apsaugos priemones.<\/span><\/p>\n<p><b>Susipa\u017einimas su asmens duomenimis ir j\u0173 taisymas<\/b><\/p>\n<p><span style=\"font-weight: 400;\">Su asmens duomenimis galima susipa\u017einti ir juos taisyti internetin\u0117s parduotuv\u0117s naudotojo profilyje. Jeigu pirkimas yra atliktas be naudotojo paskyros, su asmens duomenimis galima susipa\u017einti per klient\u0173 pagalbos centr\u0105.<\/span><\/p>\n<p><b>Sutikimo atsi\u0117mimas<\/b><\/p>\n<p><span style=\"font-weight: 400;\">Jeigu asmens duomen\u0173 tvarkymas vyksta gavus kliento sutikim\u0105, tai klientas turi teis\u0119 sutikim\u0105 atsiimti, informuodamas apie tai klient\u0173 pagalbos centr\u0105 el. pa\u0161tu.<\/span><\/p>\n<p><b>Saugojimas<\/b><\/p>\n<p><span style=\"font-weight: 400;\">U\u017edarius internetin\u0117s parduotuv\u0117s kliento paskyr\u0105, asmens duomenys yra i\u0161trinami, i\u0161skyrus atvejus, kai tokie duomenys yra reikalingi i\u0161saugoti buhalterinei apskaitai ar vartotoj\u0173 poreiki\u0173 sprendimui.<\/span><\/p>\n<p><span style=\"font-weight: 400;\">Jeigu internetin\u0117je parduotuv\u0117je pirkimas buvo atliktas nenaudojant kliento paskyros, pirkimo istorija yra saugoma tris metus.<\/span><\/p>\n<p><span style=\"font-weight: 400;\">Su mok\u0117jimais ir vartotojo poreikiais susijusi\u0173 gin\u010d\u0173 atveju asmens duomenys yra saugomi iki pareikalavimo \u012fvykdymo ar senaties termino pabaigos.<\/span><\/p>\n<p><span style=\"font-weight: 400;\">Buhalterijai reikalingi asmenys yra saugomi septynis metus.<\/span><\/p>\n<p><b>I\u0161trynimas<\/b><\/p>\n<p><span style=\"font-weight: 400;\">Norint, kad asmens duomenys b\u016bt\u0173 i\u0161trinti, reikia susisiekti su klient\u0173 aptarnavimo skyriumi el. pa\u0161tu. \u012e pra\u0161ym\u0105 i\u0161trinti asmens duomenis atsakymas pateikiamas ne v\u0117liau kaip per vien\u0105 m\u0117nes\u012f ir yra patikslinamas duomen\u0173 i\u0161trynimi periodas.<\/span><\/p>\n<p><b>Perk\u0117limas<\/b><\/p>\n<p><span style=\"font-weight: 400;\">El. pa\u0161tu pateikt\u0173 asmens duomen\u0173 perk\u0117limo pra\u0161ymas yra per\u017ei\u016brimas ne v\u0117liau kaip per vien\u0105 m\u0117nes\u012f. Klient\u0173 aptarnavimo skyrius nustato asmens tapatyb\u0119 ir informuoja apie kliento duomenis, kurie turi b\u016bti perkeliami.<\/span><\/p>\n<p><b>Tiesiogin\u0117s rinkodaros prane\u0161imai<\/b><\/p>\n<p><span style=\"font-weight: 400;\">El. pa\u0161to adresas ir telefono numeris yra naudojami tiesiogin\u0117s rinkodaros prane\u0161im\u0173 siuntimui, jei klientas yra suteik\u0119s atitinkam\u0105 sutikim\u0105. Jei klientas nenori gauti tiesiogin\u0117s rinkodaros prane\u0161im\u0173, reikia el. pa\u0161to i\u0161na\u0161oje pasirinkti atitinkam\u0105 nuorod\u0105 arba susisiekti su klient\u0173 aptarnavimo skyriumi.<\/span><\/p>\n<p><span style=\"font-weight: 400;\">Jei asmens duomenys yra tvarkomi tiesiogin\u0117s rinkodaros tikslais (profiliavimas), klientas bet kuriuo metu gali paprie\u0161tarauti d\u0117l jo asmens duomen\u0173 pirminio ar tolesnio apdorojimo, \u012fskaitant d\u0117l tiesiogin\u0117s rinkodaros profilio analiz\u0117s sudarymo, informuojant apie tai klient\u0173 aptarnavimo skyri\u0173 elektroniniu pa\u0161tu (<\/span><i><span style=\"font-weight: 400;\">\u0161i informacija turi b\u016bti ai\u0161kiai ir atskirai pateikta nuo bet kokios kitos informacijos<\/span><\/i><span style=\"font-weight: 400;\">) . Monger Baltic O\u00dc yra asmens duomen\u0173 valdytojas, Monger Baltic O\u00dc perduoda mok\u0117jim\u0173 atlikimui reikalingus duomenis duomen\u0173 tvarkytojui UAB Paysera LT.<\/span><\/p>\n<p><b>Gin\u010d\u0173 sprendimas<\/b><\/p>\n<p><span style=\"font-weight: 400;\">Su asmens duomen\u0173 tvarkymu susijusi\u0173 gin\u010d\u0173 sprendimas vyksta tarpininkaujant klient\u0173 aptarnavimo skyriui info@monger.ee. Prie\u017ei\u016br\u0105 vykdo Estijos Duomen\u0173 apsaugos inspekcija (<\/span><a href=\"mailto:info@aki.ee\"><span style=\"font-weight: 400;\">info@aki.ee<\/span><\/a><span style=\"font-weight: 400;\">).<\/span><\/p>\n<p>&nbsp;<\/p>\n<h2><span style=\"font-weight: 400;\">Slapukai ir pikseliai<\/span><\/h2>\n<p><span style=\"font-weight: 400;\">Slapukas yra ma\u017eas teksto failas, kuris i\u0161saugomas vartotojo \u012frenginyje kai lankot\u0117s tinklalapyje ir leid\u017eia \u012fsiminti vartotojo nuostatas, pvz., \u0161rifto dyd\u012f, bendravimo kalb\u0105, informacij\u0105 apie \u012frengin\u012f, apsilankymo statistik\u0105 ir pan.<\/span><\/p>\n<p><span style=\"font-weight: 400;\">Visose nar\u0161ykl\u0117se yra \u012fjungti slapukai, ta\u010diau nar\u0161ykl\u0117s nustatymus paprastai galima pakeisti taip, kad nar\u0161ykl\u0117 visi\u0161kai atsisakyt\u0173 slapuk\u0173, blokuot\u0173 tre\u010di\u0173j\u0173 asmen\u0173 slapukus arba prane\u0161t\u0173 vartotojui apie kiekvien\u0105 slapuk\u0105, kuris yra siun\u010diamas.<\/span><\/p>\n<p><span style=\"font-weight: 400;\">\u0160i svetain\u0117 siun\u010dia ma\u017eus failus (&#8222;slapukus&#8221;) \u012f J\u016bs\u0173 kompiuterius ir mobiliuosius \u012frenginius, kurie yra reikalingi \u0161ios svetain\u0117s veikimui ir tam, kad rinkti anonimin\u0119 \u017einiatinklio analiz\u0119.<\/span><\/p>\n<p><span style=\"font-weight: 400;\">Pikseliai yra ma\u017ei j\u016bs\u0173 svetain\u0117s kodo fragmentai, leid\u017eiantys skaityti ir \u012fdiegti svetaini\u0173 slapukus. Jie \u012fsijungia, kai vartotojas atidaro el. lai\u0161k\u0105 arba atvyksta \u012f svetain\u0119, tada atsisiun\u010diami tre\u010diosios \u0161alies slapukai ar registruojama, kad vartotojas atidar\u0117 el. lai\u0161k\u0105.<\/span><\/p>\n<ul>\n<li style=\"font-weight: 400;\"><span style=\"font-weight: 400;\">Mes renkame ir analizuojame anonimin\u0119 interneto statistik\u0105 apie tai, kaip naudotojai juda svetain\u0117je. Mes tai darome naudodamiesi &#8222;Google Analytics&#8221; programine \u012franga, kurioje duomenis analizuojame kaip anoniminius ir nerenkame asmenins duomen\u0173.<\/span><\/li>\n<li style=\"font-weight: 400;\"><span style=\"font-weight: 400;\">Mes renkame ir analizuojame anonimin\u0119 interneto statistik\u0105 apie tai, kaip naudotojai naudoja svetain\u0119. Mes tai darome naudodamiesi &#8222;Hotjar&#8221; programine \u012franga, kurioje duomenis analizuojame kaip anoniminiai. Tai gerina svetain\u0117s patogum\u0105.<\/span><\/li>\n<li style=\"font-weight: 400;\"><span style=\"font-weight: 400;\">Svetain\u0117je yra \u201eFacebook\u201c pikseli\u0173 kodas ir jei nenorite, kad \u201eFacebook\u201c b\u016bt\u0173 rodomos skelbiamos \u0161ios svetain\u0117s reklamos, galite tai i\u0161jungti \u010dia: <\/span><a href=\"https:\/\/www.facebook.com\/ads\/preferences\"><span style=\"font-weight: 400;\">https: \/\/www.facebook.com\/ads\/preferences<\/span><\/a><span style=\"font-weight: 400;\">, pa\u0161alinant \u201eReklamuotojai, su kuriais esu bendrav\u0119s&#8221;.<\/span><\/li>\n<\/ul>\n","protected":false},"excerpt":{"rendered":"<p>PRIVATUMO POLITIKA Elektronin\u0117s parduotuv\u0117s monger.ee\/kttape asmens duomen\u0173 valdytojas yra Monger Baltic O\u00dc, 11813309, buvein\u0117 Tuukri 11, 10120 Talinas, Estija, tel&#8230;.<\/p>\n","protected":false},"author":1,"featured_media":0,"parent":1855,"menu_order":133,"comment_status":"closed","ping_status":"closed","template":"","meta":{"_acf_changed":false,"footnotes":""},"class_list":["post-1904","page","type-page","status-publish","hentry"],"acf":[],"yoast_head":"<!-- This site is optimized with the Yoast SEO Premium plugin v23.4 (Yoast SEO v27.3) - https:\/\/yoast.com\/product\/yoast-seo-premium-wordpress\/ -->\n<title>Privatumo politika - KT Tape Baltics<\/title>\n<meta name=\"robots\" content=\"index, follow, max-snippet:-1, max-image-preview:large, max-video-preview:-1\" \/>\n<link rel=\"canonical\" href=\"https:\/\/kttape.ee\/lt\/pagalba-klientui\/privatumo-politika\/\" \/>\n<meta property=\"og:locale\" content=\"lt_LT\" \/>\n<meta property=\"og:type\" content=\"article\" \/>\n<meta property=\"og:title\" content=\"Privatumo politika\" \/>\n<meta property=\"og:description\" content=\"PRIVATUMO POLITIKA Elektronin\u0117s parduotuv\u0117s monger.ee\/kttape asmens duomen\u0173 valdytojas yra Monger Baltic O\u00dc, 11813309, buvein\u0117 Tuukri 11, 10120 Talinas,\" \/>\n<meta property=\"og:url\" content=\"https:\/\/kttape.ee\/lt\/pagalba-klientui\/privatumo-politika\/\" \/>\n<meta property=\"og:site_name\" content=\"KT Tape Baltics\" \/>\n<meta property=\"article:publisher\" content=\"https:\/\/www.facebook.com\/kttapeeesti\" \/>\n<meta property=\"article:modified_time\" content=\"2018-07-04T09:15:24+00:00\" \/>\n<meta name=\"twitter:card\" content=\"summary_large_image\" \/>\n<meta name=\"twitter:label1\" content=\"Est. reading time\" \/>\n\t<meta name=\"twitter:data1\" content=\"6 minut\u0117s\" \/>\n<script type=\"application\/ld+json\" class=\"yoast-schema-graph\">{\"@context\":\"https:\\\/\\\/schema.org\",\"@graph\":[{\"@type\":\"WebPage\",\"@id\":\"https:\\\/\\\/kttape.ee\\\/lt\\\/pagalba-klientui\\\/privatumo-politika\\\/\",\"url\":\"https:\\\/\\\/kttape.ee\\\/lt\\\/pagalba-klientui\\\/privatumo-politika\\\/\",\"name\":\"Privatumo politika - KT Tape Baltics\",\"isPartOf\":{\"@id\":\"https:\\\/\\\/kttape.ee\\\/lt\\\/#website\"},\"datePublished\":\"2017-05-24T10:27:05+00:00\",\"dateModified\":\"2018-07-04T09:15:24+00:00\",\"breadcrumb\":{\"@id\":\"https:\\\/\\\/kttape.ee\\\/lt\\\/pagalba-klientui\\\/privatumo-politika\\\/#breadcrumb\"},\"inLanguage\":\"lt-LT\",\"potentialAction\":[{\"@type\":\"ReadAction\",\"target\":[\"https:\\\/\\\/kttape.ee\\\/lt\\\/pagalba-klientui\\\/privatumo-politika\\\/\"]}]},{\"@type\":\"BreadcrumbList\",\"@id\":\"https:\\\/\\\/kttape.ee\\\/lt\\\/pagalba-klientui\\\/privatumo-politika\\\/#breadcrumb\",\"itemListElement\":[{\"@type\":\"ListItem\",\"position\":1,\"name\":\"Home\",\"item\":\"https:\\\/\\\/kttape.ee\\\/lt\\\/\"},{\"@type\":\"ListItem\",\"position\":2,\"name\":\"Pagalba klientui\",\"item\":\"https:\\\/\\\/kttape.ee\\\/lt\\\/pagalba-klientui\\\/\"},{\"@type\":\"ListItem\",\"position\":3,\"name\":\"Privatumo politika\"}]},{\"@type\":\"WebSite\",\"@id\":\"https:\\\/\\\/kttape.ee\\\/lt\\\/#website\",\"url\":\"https:\\\/\\\/kttape.ee\\\/lt\\\/\",\"name\":\"KT TAPE\",\"description\":\"Sveikatos ir sporto prek\u0117s\",\"publisher\":{\"@id\":\"https:\\\/\\\/kttape.ee\\\/lt\\\/#organization\"},\"alternateName\":\"kinesioteip, kinesioloogiline teip, kt teip\",\"potentialAction\":[{\"@type\":\"SearchAction\",\"target\":{\"@type\":\"EntryPoint\",\"urlTemplate\":\"https:\\\/\\\/kttape.ee\\\/lt\\\/?s={search_term_string}\"},\"query-input\":{\"@type\":\"PropertyValueSpecification\",\"valueRequired\":true,\"valueName\":\"search_term_string\"}}],\"inLanguage\":\"lt-LT\"},{\"@type\":\"Organization\",\"@id\":\"https:\\\/\\\/kttape.ee\\\/lt\\\/#organization\",\"name\":\"Monger Baltic O\u00dc\",\"alternateName\":\"KT TAPE\",\"url\":\"https:\\\/\\\/kttape.ee\\\/lt\\\/\",\"logo\":{\"@type\":\"ImageObject\",\"inLanguage\":\"lt-LT\",\"@id\":\"https:\\\/\\\/kttape.ee\\\/lt\\\/#\\\/schema\\\/logo\\\/image\\\/\",\"url\":\"http:\\\/\\\/kttape.ee\\\/wp-content\\\/uploads\\\/2018\\\/11\\\/logo-monger-white-1.png\",\"contentUrl\":\"http:\\\/\\\/kttape.ee\\\/wp-content\\\/uploads\\\/2018\\\/11\\\/logo-monger-white-1.png\",\"width\":826,\"height\":532,\"caption\":\"Monger Baltic O\u00dc\"},\"image\":{\"@id\":\"https:\\\/\\\/kttape.ee\\\/lt\\\/#\\\/schema\\\/logo\\\/image\\\/\"},\"sameAs\":[\"https:\\\/\\\/www.facebook.com\\\/kttapeeesti\",\"https:\\\/\\\/www.instagram.com\\\/kttape.eesti\\\/\"]}]}<\/script>\n<!-- \/ Yoast SEO Premium plugin. -->","yoast_head_json":{"title":"Privatumo politika - KT Tape Baltics","robots":{"index":"index","follow":"follow","max-snippet":"max-snippet:-1","max-image-preview":"max-image-preview:large","max-video-preview":"max-video-preview:-1"},"canonical":"https:\/\/kttape.ee\/lt\/pagalba-klientui\/privatumo-politika\/","og_locale":"lt_LT","og_type":"article","og_title":"Privatumo politika","og_description":"PRIVATUMO POLITIKA Elektronin\u0117s parduotuv\u0117s monger.ee\/kttape asmens duomen\u0173 valdytojas yra Monger Baltic O\u00dc, 11813309, buvein\u0117 Tuukri 11, 10120 Talinas,","og_url":"https:\/\/kttape.ee\/lt\/pagalba-klientui\/privatumo-politika\/","og_site_name":"KT Tape Baltics","article_publisher":"https:\/\/www.facebook.com\/kttapeeesti","article_modified_time":"2018-07-04T09:15:24+00:00","twitter_card":"summary_large_image","twitter_misc":{"Est. reading time":"6 minut\u0117s"},"schema":{"@context":"https:\/\/schema.org","@graph":[{"@type":"WebPage","@id":"https:\/\/kttape.ee\/lt\/pagalba-klientui\/privatumo-politika\/","url":"https:\/\/kttape.ee\/lt\/pagalba-klientui\/privatumo-politika\/","name":"Privatumo politika - KT Tape Baltics","isPartOf":{"@id":"https:\/\/kttape.ee\/lt\/#website"},"datePublished":"2017-05-24T10:27:05+00:00","dateModified":"2018-07-04T09:15:24+00:00","breadcrumb":{"@id":"https:\/\/kttape.ee\/lt\/pagalba-klientui\/privatumo-politika\/#breadcrumb"},"inLanguage":"lt-LT","potentialAction":[{"@type":"ReadAction","target":["https:\/\/kttape.ee\/lt\/pagalba-klientui\/privatumo-politika\/"]}]},{"@type":"BreadcrumbList","@id":"https:\/\/kttape.ee\/lt\/pagalba-klientui\/privatumo-politika\/#breadcrumb","itemListElement":[{"@type":"ListItem","position":1,"name":"Home","item":"https:\/\/kttape.ee\/lt\/"},{"@type":"ListItem","position":2,"name":"Pagalba klientui","item":"https:\/\/kttape.ee\/lt\/pagalba-klientui\/"},{"@type":"ListItem","position":3,"name":"Privatumo politika"}]},{"@type":"WebSite","@id":"https:\/\/kttape.ee\/lt\/#website","url":"https:\/\/kttape.ee\/lt\/","name":"KT TAPE","description":"Sveikatos ir sporto prek\u0117s","publisher":{"@id":"https:\/\/kttape.ee\/lt\/#organization"},"alternateName":"kinesioteip, kinesioloogiline teip, kt teip","potentialAction":[{"@type":"SearchAction","target":{"@type":"EntryPoint","urlTemplate":"https:\/\/kttape.ee\/lt\/?s={search_term_string}"},"query-input":{"@type":"PropertyValueSpecification","valueRequired":true,"valueName":"search_term_string"}}],"inLanguage":"lt-LT"},{"@type":"Organization","@id":"https:\/\/kttape.ee\/lt\/#organization","name":"Monger Baltic O\u00dc","alternateName":"KT TAPE","url":"https:\/\/kttape.ee\/lt\/","logo":{"@type":"ImageObject","inLanguage":"lt-LT","@id":"https:\/\/kttape.ee\/lt\/#\/schema\/logo\/image\/","url":"http:\/\/kttape.ee\/wp-content\/uploads\/2018\/11\/logo-monger-white-1.png","contentUrl":"http:\/\/kttape.ee\/wp-content\/uploads\/2018\/11\/logo-monger-white-1.png","width":826,"height":532,"caption":"Monger Baltic O\u00dc"},"image":{"@id":"https:\/\/kttape.ee\/lt\/#\/schema\/logo\/image\/"},"sameAs":["https:\/\/www.facebook.com\/kttapeeesti","https:\/\/www.instagram.com\/kttape.eesti\/"]}]}},"_links":{"self":[{"href":"https:\/\/kttape.ee\/lt\/wp-json\/wp\/v2\/pages\/1904","targetHints":{"allow":["GET"]}}],"collection":[{"href":"https:\/\/kttape.ee\/lt\/wp-json\/wp\/v2\/pages"}],"about":[{"href":"https:\/\/kttape.ee\/lt\/wp-json\/wp\/v2\/types\/page"}],"author":[{"embeddable":true,"href":"https:\/\/kttape.ee\/lt\/wp-json\/wp\/v2\/users\/1"}],"replies":[{"embeddable":true,"href":"https:\/\/kttape.ee\/lt\/wp-json\/wp\/v2\/comments?post=1904"}],"version-history":[{"count":0,"href":"https:\/\/kttape.ee\/lt\/wp-json\/wp\/v2\/pages\/1904\/revisions"}],"up":[{"embeddable":true,"href":"https:\/\/kttape.ee\/lt\/wp-json\/wp\/v2\/pages\/1855"}],"wp:attachment":[{"href":"https:\/\/kttape.ee\/lt\/wp-json\/wp\/v2\/media?parent=1904"}],"curies":[{"name":"wp","href":"https:\/\/api.w.org\/{rel}","templated":true}]}}