{"id":1931,"date":"2017-05-24T13:28:31","date_gmt":"2017-05-24T10:28:31","guid":{"rendered":"https:\/\/project.dreamo.ee\/monger\/kttape\/pagalba-klientui\/rahvusvahelised-tellimused\/"},"modified":"2017-06-13T20:33:52","modified_gmt":"2017-06-13T17:33:52","slug":"tarptautiniai-uzsakymai","status":"publish","type":"page","link":"https:\/\/kttape.ee\/lt\/pagalba-klientui\/tarptautiniai-uzsakymai\/","title":{"rendered":"Tarptautiniai u\u017esakymai"},"content":{"rendered":"<h1>Tarptautiniai u\u017esakymai<\/h1>\n<p>U\u017esakymai i\u0161 Estijos, Latvijos ir Lietuvos i\u0161siun\u010diami kit\u0105 darbo dien\u0105. \u012eprastai prek\u0117s pristatomos per 1-2 darbo dienas.<\/p>\n<p>U\u017esakymai i\u0161 Rusijos, Ukrainos ir Baltarusijos pristatomi bendradarbiaujant su AB \u201eLietuvos pa\u0161tas\u201c. \u012eprastai pristatoma per 7-14 darbo dien\u0173 (priklauso nuo vietov\u0117s \u012f kuri\u0105 turi b\u016bti pristatytos prek\u0117s).<br \/>\nU\u017esakymai i\u0161 Suomijos yra pristatomi bendradarbiaujant su SmartPOST ir Eesti Post. Pristatymas \u012f Helsink\u012f trunka 2-3 dienas, \u012f kitus Suomijos miestus \u2013 3-5 dienas.<\/p>\n<p>Tarptautiniai u\u017esakymai i\u0161siun\u010diami t\u0105 pa\u010di\u0105 arba kit\u0105 darbo dien\u0105 i\u0161 karto po u\u017esakymo apmok\u0117jimo.<\/p>\n<p>Turite klausim\u0173? Norite su mumis susisiekti? Reikia at\u0161aukti arba pakeisti u\u017esakym\u0105, patikrinti u\u017esakymo b\u016bsen\u0105? Esame pasireng\u0119 Jums pad\u0117ti. Maloniai kvie\u010diame su mumis susisiekti darbo dienomis nuo pirmadienio iki penktadienio el. pa\u0161tu info@monger.lt arba paskambinti +370 606 67761.<\/p>\n","protected":false},"excerpt":{"rendered":"<p>Tarptautiniai u\u017esakymai U\u017esakymai i\u0161 Estijos, Latvijos ir Lietuvos i\u0161siun\u010diami kit\u0105 darbo dien\u0105. \u012eprastai prek\u0117s pristatomos per 1-2 darbo dienas. U\u017esakymai&#8230;<\/p>\n","protected":false},"author":1,"featured_media":0,"parent":1855,"menu_order":145,"comment_status":"closed","ping_status":"closed","template":"","meta":{"_acf_changed":false,"footnotes":""},"class_list":["post-1931","page","type-page","status-publish","hentry"],"acf":[],"yoast_head":"<!-- This site is optimized with the Yoast SEO Premium plugin v23.4 (Yoast SEO v27.3) - https:\/\/yoast.com\/product\/yoast-seo-premium-wordpress\/ -->\n<title>Tarptautiniai u\u017esakymai - KT Tape Baltics<\/title>\n<meta name=\"robots\" content=\"index, follow, max-snippet:-1, max-image-preview:large, max-video-preview:-1\" \/>\n<link rel=\"canonical\" href=\"https:\/\/kttape.ee\/lt\/pagalba-klientui\/tarptautiniai-uzsakymai\/\" \/>\n<meta property=\"og:locale\" content=\"lt_LT\" \/>\n<meta property=\"og:type\" content=\"article\" \/>\n<meta property=\"og:title\" content=\"Tarptautiniai u\u017esakymai\" \/>\n<meta property=\"og:description\" content=\"Tarptautiniai u\u017esakymai U\u017esakymai i\u0161 Estijos, Latvijos ir Lietuvos i\u0161siun\u010diami kit\u0105 darbo dien\u0105. \u012eprastai prek\u0117s pristatomos per 1-2 darbo dienas.\" \/>\n<meta property=\"og:url\" content=\"https:\/\/kttape.ee\/lt\/pagalba-klientui\/tarptautiniai-uzsakymai\/\" \/>\n<meta property=\"og:site_name\" content=\"KT Tape Baltics\" \/>\n<meta property=\"article:publisher\" content=\"https:\/\/www.facebook.com\/kttapeeesti\" \/>\n<meta property=\"article:modified_time\" content=\"2017-06-13T17:33:52+00:00\" \/>\n<meta name=\"twitter:card\" content=\"summary_large_image\" \/>\n<meta name=\"twitter:label1\" content=\"Est. reading time\" \/>\n\t<meta name=\"twitter:data1\" content=\"1 minut\u0117\" \/>\n<script type=\"application\/ld+json\" class=\"yoast-schema-graph\">{\"@context\":\"https:\\\/\\\/schema.org\",\"@graph\":[{\"@type\":\"WebPage\",\"@id\":\"https:\\\/\\\/kttape.ee\\\/lt\\\/pagalba-klientui\\\/tarptautiniai-uzsakymai\\\/\",\"url\":\"https:\\\/\\\/kttape.ee\\\/lt\\\/pagalba-klientui\\\/tarptautiniai-uzsakymai\\\/\",\"name\":\"Tarptautiniai u\u017esakymai - KT Tape Baltics\",\"isPartOf\":{\"@id\":\"https:\\\/\\\/kttape.ee\\\/lt\\\/#website\"},\"datePublished\":\"2017-05-24T10:28:31+00:00\",\"dateModified\":\"2017-06-13T17:33:52+00:00\",\"breadcrumb\":{\"@id\":\"https:\\\/\\\/kttape.ee\\\/lt\\\/pagalba-klientui\\\/tarptautiniai-uzsakymai\\\/#breadcrumb\"},\"inLanguage\":\"lt-LT\",\"potentialAction\":[{\"@type\":\"ReadAction\",\"target\":[\"https:\\\/\\\/kttape.ee\\\/lt\\\/pagalba-klientui\\\/tarptautiniai-uzsakymai\\\/\"]}]},{\"@type\":\"BreadcrumbList\",\"@id\":\"https:\\\/\\\/kttape.ee\\\/lt\\\/pagalba-klientui\\\/tarptautiniai-uzsakymai\\\/#breadcrumb\",\"itemListElement\":[{\"@type\":\"ListItem\",\"position\":1,\"name\":\"Home\",\"item\":\"https:\\\/\\\/kttape.ee\\\/lt\\\/\"},{\"@type\":\"ListItem\",\"position\":2,\"name\":\"Pagalba klientui\",\"item\":\"https:\\\/\\\/kttape.ee\\\/lt\\\/pagalba-klientui\\\/\"},{\"@type\":\"ListItem\",\"position\":3,\"name\":\"Tarptautiniai u\u017esakymai\"}]},{\"@type\":\"WebSite\",\"@id\":\"https:\\\/\\\/kttape.ee\\\/lt\\\/#website\",\"url\":\"https:\\\/\\\/kttape.ee\\\/lt\\\/\",\"name\":\"KT TAPE\",\"description\":\"Sveikatos ir sporto prek\u0117s\",\"publisher\":{\"@id\":\"https:\\\/\\\/kttape.ee\\\/lt\\\/#organization\"},\"alternateName\":\"kinesioteip, kinesioloogiline teip, kt teip\",\"potentialAction\":[{\"@type\":\"SearchAction\",\"target\":{\"@type\":\"EntryPoint\",\"urlTemplate\":\"https:\\\/\\\/kttape.ee\\\/lt\\\/?s={search_term_string}\"},\"query-input\":{\"@type\":\"PropertyValueSpecification\",\"valueRequired\":true,\"valueName\":\"search_term_string\"}}],\"inLanguage\":\"lt-LT\"},{\"@type\":\"Organization\",\"@id\":\"https:\\\/\\\/kttape.ee\\\/lt\\\/#organization\",\"name\":\"Monger Baltic O\u00dc\",\"alternateName\":\"KT TAPE\",\"url\":\"https:\\\/\\\/kttape.ee\\\/lt\\\/\",\"logo\":{\"@type\":\"ImageObject\",\"inLanguage\":\"lt-LT\",\"@id\":\"https:\\\/\\\/kttape.ee\\\/lt\\\/#\\\/schema\\\/logo\\\/image\\\/\",\"url\":\"http:\\\/\\\/kttape.ee\\\/wp-content\\\/uploads\\\/2018\\\/11\\\/logo-monger-white-1.png\",\"contentUrl\":\"http:\\\/\\\/kttape.ee\\\/wp-content\\\/uploads\\\/2018\\\/11\\\/logo-monger-white-1.png\",\"width\":826,\"height\":532,\"caption\":\"Monger Baltic O\u00dc\"},\"image\":{\"@id\":\"https:\\\/\\\/kttape.ee\\\/lt\\\/#\\\/schema\\\/logo\\\/image\\\/\"},\"sameAs\":[\"https:\\\/\\\/www.facebook.com\\\/kttapeeesti\",\"https:\\\/\\\/www.instagram.com\\\/kttape.eesti\\\/\"]}]}<\/script>\n<!-- \/ Yoast SEO Premium plugin. -->","yoast_head_json":{"title":"Tarptautiniai u\u017esakymai - KT Tape Baltics","robots":{"index":"index","follow":"follow","max-snippet":"max-snippet:-1","max-image-preview":"max-image-preview:large","max-video-preview":"max-video-preview:-1"},"canonical":"https:\/\/kttape.ee\/lt\/pagalba-klientui\/tarptautiniai-uzsakymai\/","og_locale":"lt_LT","og_type":"article","og_title":"Tarptautiniai u\u017esakymai","og_description":"Tarptautiniai u\u017esakymai U\u017esakymai i\u0161 Estijos, Latvijos ir Lietuvos i\u0161siun\u010diami kit\u0105 darbo dien\u0105. \u012eprastai prek\u0117s pristatomos per 1-2 darbo dienas.","og_url":"https:\/\/kttape.ee\/lt\/pagalba-klientui\/tarptautiniai-uzsakymai\/","og_site_name":"KT Tape Baltics","article_publisher":"https:\/\/www.facebook.com\/kttapeeesti","article_modified_time":"2017-06-13T17:33:52+00:00","twitter_card":"summary_large_image","twitter_misc":{"Est. reading time":"1 minut\u0117"},"schema":{"@context":"https:\/\/schema.org","@graph":[{"@type":"WebPage","@id":"https:\/\/kttape.ee\/lt\/pagalba-klientui\/tarptautiniai-uzsakymai\/","url":"https:\/\/kttape.ee\/lt\/pagalba-klientui\/tarptautiniai-uzsakymai\/","name":"Tarptautiniai u\u017esakymai - KT Tape Baltics","isPartOf":{"@id":"https:\/\/kttape.ee\/lt\/#website"},"datePublished":"2017-05-24T10:28:31+00:00","dateModified":"2017-06-13T17:33:52+00:00","breadcrumb":{"@id":"https:\/\/kttape.ee\/lt\/pagalba-klientui\/tarptautiniai-uzsakymai\/#breadcrumb"},"inLanguage":"lt-LT","potentialAction":[{"@type":"ReadAction","target":["https:\/\/kttape.ee\/lt\/pagalba-klientui\/tarptautiniai-uzsakymai\/"]}]},{"@type":"BreadcrumbList","@id":"https:\/\/kttape.ee\/lt\/pagalba-klientui\/tarptautiniai-uzsakymai\/#breadcrumb","itemListElement":[{"@type":"ListItem","position":1,"name":"Home","item":"https:\/\/kttape.ee\/lt\/"},{"@type":"ListItem","position":2,"name":"Pagalba klientui","item":"https:\/\/kttape.ee\/lt\/pagalba-klientui\/"},{"@type":"ListItem","position":3,"name":"Tarptautiniai u\u017esakymai"}]},{"@type":"WebSite","@id":"https:\/\/kttape.ee\/lt\/#website","url":"https:\/\/kttape.ee\/lt\/","name":"KT TAPE","description":"Sveikatos ir sporto prek\u0117s","publisher":{"@id":"https:\/\/kttape.ee\/lt\/#organization"},"alternateName":"kinesioteip, kinesioloogiline teip, kt teip","potentialAction":[{"@type":"SearchAction","target":{"@type":"EntryPoint","urlTemplate":"https:\/\/kttape.ee\/lt\/?s={search_term_string}"},"query-input":{"@type":"PropertyValueSpecification","valueRequired":true,"valueName":"search_term_string"}}],"inLanguage":"lt-LT"},{"@type":"Organization","@id":"https:\/\/kttape.ee\/lt\/#organization","name":"Monger Baltic O\u00dc","alternateName":"KT TAPE","url":"https:\/\/kttape.ee\/lt\/","logo":{"@type":"ImageObject","inLanguage":"lt-LT","@id":"https:\/\/kttape.ee\/lt\/#\/schema\/logo\/image\/","url":"http:\/\/kttape.ee\/wp-content\/uploads\/2018\/11\/logo-monger-white-1.png","contentUrl":"http:\/\/kttape.ee\/wp-content\/uploads\/2018\/11\/logo-monger-white-1.png","width":826,"height":532,"caption":"Monger Baltic O\u00dc"},"image":{"@id":"https:\/\/kttape.ee\/lt\/#\/schema\/logo\/image\/"},"sameAs":["https:\/\/www.facebook.com\/kttapeeesti","https:\/\/www.instagram.com\/kttape.eesti\/"]}]}},"_links":{"self":[{"href":"https:\/\/kttape.ee\/lt\/wp-json\/wp\/v2\/pages\/1931","targetHints":{"allow":["GET"]}}],"collection":[{"href":"https:\/\/kttape.ee\/lt\/wp-json\/wp\/v2\/pages"}],"about":[{"href":"https:\/\/kttape.ee\/lt\/wp-json\/wp\/v2\/types\/page"}],"author":[{"embeddable":true,"href":"https:\/\/kttape.ee\/lt\/wp-json\/wp\/v2\/users\/1"}],"replies":[{"embeddable":true,"href":"https:\/\/kttape.ee\/lt\/wp-json\/wp\/v2\/comments?post=1931"}],"version-history":[{"count":0,"href":"https:\/\/kttape.ee\/lt\/wp-json\/wp\/v2\/pages\/1931\/revisions"}],"up":[{"embeddable":true,"href":"https:\/\/kttape.ee\/lt\/wp-json\/wp\/v2\/pages\/1855"}],"wp:attachment":[{"href":"https:\/\/kttape.ee\/lt\/wp-json\/wp\/v2\/media?parent=1931"}],"curies":[{"name":"wp","href":"https:\/\/api.w.org\/{rel}","templated":true}]}}