{"id":1975,"date":"2017-05-10T12:16:41","date_gmt":"2017-05-10T09:16:41","guid":{"rendered":"https:\/\/project.dreamo.ee\/monger\/kttape\/kontakt\/"},"modified":"2017-08-18T13:46:51","modified_gmt":"2017-08-18T10:46:51","slug":"susisiekite-su-mumis","status":"publish","type":"page","link":"https:\/\/kttape.ee\/lt\/susisiekite-su-mumis\/","title":{"rendered":"Susisiekite su mumis"},"content":{"rendered":"<h1>Susisiekite su mumis<\/h1>\n<p>Turite klausim\u0173? Norite su mumis susisiekti? Reikia at\u0161aukti arba pakeisti u\u017esakym\u0105, patikrinti u\u017esakymo b\u016bsen\u0105? Esame pasireng\u0119 Jums pad\u0117ti. Maloniai kvie\u010diame su mumis susisiekti el. pa\u0161tu arba paskambinti.<\/p>\n<h2>Platintojas Baltijos \u0161alyse ir atstovas Estijoje:<\/h2>\n<p>Monger Baltic O\u00dc<br \/>\nEl. p. info@monger.ee<br \/>\nTel. +372 650 6315<br \/>\nTuukri 11 10120 Tallinn, Estija<\/p>\n<h2>Atstovas Latvijoje:<\/h2>\n<p>SIA Monger LV<br \/>\nEl. p. info@monger.lv<br \/>\nMob. +371 270 00 426<br \/>\nPriezu iela 10 LV-3004 Jelgava, Latvija<\/p>\n<h2>Atstovas Lietuvoje:<\/h2>\n<p>UAB \u201cMonger LT\u201d<br \/>\nEl. p. info@monger.lt<br \/>\nMob. +370 606 67 761<br \/>\nKonstitucijos pr. 23C-615 LT-08105 Vilnius, Lietuva<\/p>\n","protected":false},"excerpt":{"rendered":"<p>Susisiekite su mumis Turite klausim\u0173? Norite su mumis susisiekti? Reikia at\u0161aukti arba pakeisti u\u017esakym\u0105, patikrinti u\u017esakymo b\u016bsen\u0105? Esame pasireng\u0119 Jums&#8230;<\/p>\n","protected":false},"author":1,"featured_media":0,"parent":0,"menu_order":149,"comment_status":"closed","ping_status":"closed","template":"template-contact.php","meta":{"_acf_changed":false,"footnotes":""},"class_list":["post-1975","page","type-page","status-publish","hentry"],"acf":[],"yoast_head":"<!-- This site is optimized with the Yoast SEO Premium plugin v27.2 (Yoast SEO v27.4) - https:\/\/yoast.com\/product\/yoast-seo-premium-wordpress\/ -->\n<title>Susisiekite su mumis - KT Tape Baltics<\/title>\n<meta name=\"robots\" content=\"index, follow, max-snippet:-1, max-image-preview:large, max-video-preview:-1\" \/>\n<link rel=\"canonical\" href=\"https:\/\/kttape.ee\/lt\/susisiekite-su-mumis\/\" \/>\n<meta property=\"og:locale\" content=\"lt_LT\" \/>\n<meta property=\"og:type\" content=\"article\" \/>\n<meta property=\"og:title\" content=\"Susisiekite su mumis\" \/>\n<meta property=\"og:description\" content=\"Susisiekite su mumis Turite klausim\u0173? Norite su mumis susisiekti? Reikia at\u0161aukti arba pakeisti u\u017esakym\u0105, patikrinti u\u017esakymo b\u016bsen\u0105? Esame pasireng\u0119 Jums\" \/>\n<meta property=\"og:url\" content=\"https:\/\/kttape.ee\/lt\/susisiekite-su-mumis\/\" \/>\n<meta property=\"og:site_name\" content=\"KT Tape Baltics\" \/>\n<meta property=\"article:publisher\" content=\"https:\/\/www.facebook.com\/kttapeeesti\" \/>\n<meta property=\"article:modified_time\" content=\"2017-08-18T10:46:51+00:00\" \/>\n<meta name=\"twitter:card\" content=\"summary_large_image\" \/>\n<script type=\"application\/ld+json\" class=\"yoast-schema-graph\">{\"@context\":\"https:\\\/\\\/schema.org\",\"@graph\":[{\"@type\":\"WebPage\",\"@id\":\"https:\\\/\\\/kttape.ee\\\/lt\\\/susisiekite-su-mumis\\\/\",\"url\":\"https:\\\/\\\/kttape.ee\\\/lt\\\/susisiekite-su-mumis\\\/\",\"name\":\"Susisiekite su mumis - KT Tape Baltics\",\"isPartOf\":{\"@id\":\"https:\\\/\\\/kttape.ee\\\/lt\\\/#website\"},\"datePublished\":\"2017-05-10T09:16:41+00:00\",\"dateModified\":\"2017-08-18T10:46:51+00:00\",\"breadcrumb\":{\"@id\":\"https:\\\/\\\/kttape.ee\\\/lt\\\/susisiekite-su-mumis\\\/#breadcrumb\"},\"inLanguage\":\"lt-LT\",\"potentialAction\":[{\"@type\":\"ReadAction\",\"target\":[\"https:\\\/\\\/kttape.ee\\\/lt\\\/susisiekite-su-mumis\\\/\"]}]},{\"@type\":\"BreadcrumbList\",\"@id\":\"https:\\\/\\\/kttape.ee\\\/lt\\\/susisiekite-su-mumis\\\/#breadcrumb\",\"itemListElement\":[{\"@type\":\"ListItem\",\"position\":1,\"name\":\"Home\",\"item\":\"https:\\\/\\\/kttape.ee\\\/lt\\\/\"},{\"@type\":\"ListItem\",\"position\":2,\"name\":\"Susisiekite su mumis\"}]},{\"@type\":\"WebSite\",\"@id\":\"https:\\\/\\\/kttape.ee\\\/lt\\\/#website\",\"url\":\"https:\\\/\\\/kttape.ee\\\/lt\\\/\",\"name\":\"KT TAPE\",\"description\":\"Sveikatos ir sporto prek\u0117s\",\"publisher\":{\"@id\":\"https:\\\/\\\/kttape.ee\\\/lt\\\/#organization\"},\"alternateName\":\"kinesioteip, kinesioloogiline teip, kt teip\",\"potentialAction\":[{\"@type\":\"SearchAction\",\"target\":{\"@type\":\"EntryPoint\",\"urlTemplate\":\"https:\\\/\\\/kttape.ee\\\/lt\\\/?s={search_term_string}\"},\"query-input\":{\"@type\":\"PropertyValueSpecification\",\"valueRequired\":true,\"valueName\":\"search_term_string\"}}],\"inLanguage\":\"lt-LT\"},{\"@type\":\"Organization\",\"@id\":\"https:\\\/\\\/kttape.ee\\\/lt\\\/#organization\",\"name\":\"Monger Baltic O\u00dc\",\"alternateName\":\"KT TAPE\",\"url\":\"https:\\\/\\\/kttape.ee\\\/lt\\\/\",\"logo\":{\"@type\":\"ImageObject\",\"inLanguage\":\"lt-LT\",\"@id\":\"https:\\\/\\\/kttape.ee\\\/lt\\\/#\\\/schema\\\/logo\\\/image\\\/\",\"url\":\"http:\\\/\\\/kttape.ee\\\/wp-content\\\/uploads\\\/2018\\\/11\\\/logo-monger-white-1.png\",\"contentUrl\":\"http:\\\/\\\/kttape.ee\\\/wp-content\\\/uploads\\\/2018\\\/11\\\/logo-monger-white-1.png\",\"width\":826,\"height\":532,\"caption\":\"Monger Baltic O\u00dc\"},\"image\":{\"@id\":\"https:\\\/\\\/kttape.ee\\\/lt\\\/#\\\/schema\\\/logo\\\/image\\\/\"},\"sameAs\":[\"https:\\\/\\\/www.facebook.com\\\/kttapeeesti\",\"https:\\\/\\\/www.instagram.com\\\/kttape.eesti\\\/\"]}]}<\/script>\n<!-- \/ Yoast SEO Premium plugin. -->","yoast_head_json":{"title":"Susisiekite su mumis - KT Tape Baltics","robots":{"index":"index","follow":"follow","max-snippet":"max-snippet:-1","max-image-preview":"max-image-preview:large","max-video-preview":"max-video-preview:-1"},"canonical":"https:\/\/kttape.ee\/lt\/susisiekite-su-mumis\/","og_locale":"lt_LT","og_type":"article","og_title":"Susisiekite su mumis","og_description":"Susisiekite su mumis Turite klausim\u0173? Norite su mumis susisiekti? Reikia at\u0161aukti arba pakeisti u\u017esakym\u0105, patikrinti u\u017esakymo b\u016bsen\u0105? Esame pasireng\u0119 Jums","og_url":"https:\/\/kttape.ee\/lt\/susisiekite-su-mumis\/","og_site_name":"KT Tape Baltics","article_publisher":"https:\/\/www.facebook.com\/kttapeeesti","article_modified_time":"2017-08-18T10:46:51+00:00","twitter_card":"summary_large_image","schema":{"@context":"https:\/\/schema.org","@graph":[{"@type":"WebPage","@id":"https:\/\/kttape.ee\/lt\/susisiekite-su-mumis\/","url":"https:\/\/kttape.ee\/lt\/susisiekite-su-mumis\/","name":"Susisiekite su mumis - KT Tape Baltics","isPartOf":{"@id":"https:\/\/kttape.ee\/lt\/#website"},"datePublished":"2017-05-10T09:16:41+00:00","dateModified":"2017-08-18T10:46:51+00:00","breadcrumb":{"@id":"https:\/\/kttape.ee\/lt\/susisiekite-su-mumis\/#breadcrumb"},"inLanguage":"lt-LT","potentialAction":[{"@type":"ReadAction","target":["https:\/\/kttape.ee\/lt\/susisiekite-su-mumis\/"]}]},{"@type":"BreadcrumbList","@id":"https:\/\/kttape.ee\/lt\/susisiekite-su-mumis\/#breadcrumb","itemListElement":[{"@type":"ListItem","position":1,"name":"Home","item":"https:\/\/kttape.ee\/lt\/"},{"@type":"ListItem","position":2,"name":"Susisiekite su mumis"}]},{"@type":"WebSite","@id":"https:\/\/kttape.ee\/lt\/#website","url":"https:\/\/kttape.ee\/lt\/","name":"KT TAPE","description":"Sveikatos ir sporto prek\u0117s","publisher":{"@id":"https:\/\/kttape.ee\/lt\/#organization"},"alternateName":"kinesioteip, kinesioloogiline teip, kt teip","potentialAction":[{"@type":"SearchAction","target":{"@type":"EntryPoint","urlTemplate":"https:\/\/kttape.ee\/lt\/?s={search_term_string}"},"query-input":{"@type":"PropertyValueSpecification","valueRequired":true,"valueName":"search_term_string"}}],"inLanguage":"lt-LT"},{"@type":"Organization","@id":"https:\/\/kttape.ee\/lt\/#organization","name":"Monger Baltic O\u00dc","alternateName":"KT TAPE","url":"https:\/\/kttape.ee\/lt\/","logo":{"@type":"ImageObject","inLanguage":"lt-LT","@id":"https:\/\/kttape.ee\/lt\/#\/schema\/logo\/image\/","url":"http:\/\/kttape.ee\/wp-content\/uploads\/2018\/11\/logo-monger-white-1.png","contentUrl":"http:\/\/kttape.ee\/wp-content\/uploads\/2018\/11\/logo-monger-white-1.png","width":826,"height":532,"caption":"Monger Baltic O\u00dc"},"image":{"@id":"https:\/\/kttape.ee\/lt\/#\/schema\/logo\/image\/"},"sameAs":["https:\/\/www.facebook.com\/kttapeeesti","https:\/\/www.instagram.com\/kttape.eesti\/"]}]}},"_links":{"self":[{"href":"https:\/\/kttape.ee\/lt\/wp-json\/wp\/v2\/pages\/1975","targetHints":{"allow":["GET"]}}],"collection":[{"href":"https:\/\/kttape.ee\/lt\/wp-json\/wp\/v2\/pages"}],"about":[{"href":"https:\/\/kttape.ee\/lt\/wp-json\/wp\/v2\/types\/page"}],"author":[{"embeddable":true,"href":"https:\/\/kttape.ee\/lt\/wp-json\/wp\/v2\/users\/1"}],"replies":[{"embeddable":true,"href":"https:\/\/kttape.ee\/lt\/wp-json\/wp\/v2\/comments?post=1975"}],"version-history":[{"count":0,"href":"https:\/\/kttape.ee\/lt\/wp-json\/wp\/v2\/pages\/1975\/revisions"}],"wp:attachment":[{"href":"https:\/\/kttape.ee\/lt\/wp-json\/wp\/v2\/media?parent=1975"}],"curies":[{"name":"wp","href":"https:\/\/api.w.org\/{rel}","templated":true}]}}