{"id":49,"date":"2017-05-10T12:32:48","date_gmt":"2017-05-10T09:32:48","guid":{"rendered":"https:\/\/project.dreamo.ee\/monger\/kttape\/cart-2\/"},"modified":"2023-12-04T12:28:51","modified_gmt":"2023-12-04T10:28:51","slug":"pirkiniu-sarasas","status":"publish","type":"page","link":"https:\/\/kttape.ee\/lt\/pirkiniu-sarasas\/","title":{"rendered":"Pirkini\u0173 s\u0105ra\u0161as"},"content":{"rendered":"\n<div id=\"block_827e1b53713f622bd00fa7f351ea13e3\" class=\"kt-banner\" aria-hidden=\"true\">\n\n  <div class=\"wrap\">\n    <div class=\"kt-banner-wrap\">\n      <h1>Pirkini\u0173 s\u0105ra\u0161as<\/h1>            \n\n      \n    <\/div>\n  <\/div>\n\n  <style media=\"screen\">\n      #block_827e1b53713f622bd00fa7f351ea13e3 .kt-banner-wrap {\n      color: #ffffff;\n    }\n                    #block_827e1b53713f622bd00fa7f351ea13e3 {\n        background-image: linear-gradient(to right, rgba(0,0,0,0.6) 0%, rgba(0,0,0,0.4) 50%, rgba(0,0,0,0.6) 100%), url('https:\/\/kttape.ee\/wp-content\/uploads\/2023\/08\/kttape-video-bg.webp');\n        min-height: 300px;\n      }\n          #block_827e1b53713f622bd00fa7f351ea13e3 .wrap {\n      justify-content: space-around;\n    }\n    #block_827e1b53713f622bd00fa7f351ea13e3 .kt-banner-wrap {\n      text-align: center;\n    }\n        @media (max-width: 1400px) {\n      #block_827e1b53713f622bd00fa7f351ea13e3 {\n        min-height: 250px;\n      }\n    }\n    @media (max-width: 500px) {\n      #block_827e1b53713f622bd00fa7f351ea13e3 {\n        min-height: 200px;\n      }\n    }\n  <\/style>\n<\/div>\n\n\n\n<div id=\"block_373d9288b3c6c3248db308e74ff17a9b\" class=\"wp-block-spacer-custom\" aria-hidden=\"true\">\n\n<style media=\"screen\">\n  #block_373d9288b3c6c3248db308e74ff17a9b{\n    clear: both;\n    height: 96px;\n  }\n  @media(max-width: 800px){\n    #block_373d9288b3c6c3248db308e74ff17a9b{\n      height: 48px;\n    }\n  }\n<\/style>\n<\/div>\n\n\n\n<div id=\"block_9b12c9a71187c8307ed115ba9d9b5e4a\" class=\"kt-textblock\" aria-hidden=\"true\">\n\n  <div class=\"wrap\">\n    <div class=\"woocommerce\"><div class=\"woocommerce-notices-wrapper\"><\/div><div class=\"wc-empty-cart-message\">\n\t<div class=\"cart-empty woocommerce-info\" role=\"status\">\n\t\tKrep\u0161elis dar tu\u0161\u010dias.\t<\/div>\n<\/div>\t<p class=\"return-to-shop\">\n\t\t<a class=\"button wc-backward\" href=\"https:\/\/kttape.ee\/lt\/prekes\/\">\n\t\t\tGr\u012f\u017eti \u012f parduotuv\u0119\t\t<\/a>\n\t<\/p>\n<\/div>\n  <\/div>\n\n<\/div>\n","protected":false},"excerpt":{"rendered":"","protected":false},"author":1,"featured_media":0,"parent":0,"menu_order":55,"comment_status":"closed","ping_status":"closed","template":"","meta":{"_acf_changed":false,"footnotes":""},"class_list":["post-49","page","type-page","status-publish","hentry"],"acf":[],"yoast_head":"<!-- This site is optimized with the Yoast SEO Premium plugin v23.4 (Yoast SEO v27.3) - https:\/\/yoast.com\/product\/yoast-seo-premium-wordpress\/ -->\n<title>Pirkini\u0173 s\u0105ra\u0161as - KT Tape Baltics<\/title>\n<meta name=\"robots\" content=\"index, follow, max-snippet:-1, max-image-preview:large, max-video-preview:-1\" \/>\n<link rel=\"canonical\" href=\"https:\/\/kttape.ee\/lt\/pirkiniu-sarasas\/\" \/>\n<meta property=\"og:locale\" content=\"lt_LT\" \/>\n<meta property=\"og:type\" content=\"article\" \/>\n<meta property=\"og:title\" content=\"Pirkini\u0173 s\u0105ra\u0161as\" \/>\n<meta property=\"og:url\" content=\"https:\/\/kttape.ee\/lt\/pirkiniu-sarasas\/\" \/>\n<meta property=\"og:site_name\" content=\"KT Tape Baltics\" \/>\n<meta property=\"article:publisher\" content=\"https:\/\/www.facebook.com\/kttapeeesti\" \/>\n<meta property=\"article:modified_time\" content=\"2023-12-04T10:28:51+00:00\" \/>\n<meta name=\"twitter:card\" content=\"summary_large_image\" \/>\n<script type=\"application\/ld+json\" class=\"yoast-schema-graph\">{\"@context\":\"https:\\\/\\\/schema.org\",\"@graph\":[{\"@type\":\"WebPage\",\"@id\":\"https:\\\/\\\/kttape.ee\\\/lt\\\/pirkiniu-sarasas\\\/\",\"url\":\"https:\\\/\\\/kttape.ee\\\/lt\\\/pirkiniu-sarasas\\\/\",\"name\":\"Pirkini\u0173 s\u0105ra\u0161as - KT Tape Baltics\",\"isPartOf\":{\"@id\":\"https:\\\/\\\/kttape.ee\\\/lt\\\/#website\"},\"datePublished\":\"2017-05-10T09:32:48+00:00\",\"dateModified\":\"2023-12-04T10:28:51+00:00\",\"breadcrumb\":{\"@id\":\"https:\\\/\\\/kttape.ee\\\/lt\\\/pirkiniu-sarasas\\\/#breadcrumb\"},\"inLanguage\":\"lt-LT\",\"potentialAction\":[{\"@type\":\"ReadAction\",\"target\":[\"https:\\\/\\\/kttape.ee\\\/lt\\\/pirkiniu-sarasas\\\/\"]}]},{\"@type\":\"BreadcrumbList\",\"@id\":\"https:\\\/\\\/kttape.ee\\\/lt\\\/pirkiniu-sarasas\\\/#breadcrumb\",\"itemListElement\":[{\"@type\":\"ListItem\",\"position\":1,\"name\":\"Home\",\"item\":\"https:\\\/\\\/kttape.ee\\\/lt\\\/\"},{\"@type\":\"ListItem\",\"position\":2,\"name\":\"Pirkini\u0173 s\u0105ra\u0161as\"}]},{\"@type\":\"WebSite\",\"@id\":\"https:\\\/\\\/kttape.ee\\\/lt\\\/#website\",\"url\":\"https:\\\/\\\/kttape.ee\\\/lt\\\/\",\"name\":\"KT TAPE\",\"description\":\"Sveikatos ir sporto prek\u0117s\",\"publisher\":{\"@id\":\"https:\\\/\\\/kttape.ee\\\/lt\\\/#organization\"},\"alternateName\":\"kinesioteip, kinesioloogiline teip, kt teip\",\"potentialAction\":[{\"@type\":\"SearchAction\",\"target\":{\"@type\":\"EntryPoint\",\"urlTemplate\":\"https:\\\/\\\/kttape.ee\\\/lt\\\/?s={search_term_string}\"},\"query-input\":{\"@type\":\"PropertyValueSpecification\",\"valueRequired\":true,\"valueName\":\"search_term_string\"}}],\"inLanguage\":\"lt-LT\"},{\"@type\":\"Organization\",\"@id\":\"https:\\\/\\\/kttape.ee\\\/lt\\\/#organization\",\"name\":\"Monger Baltic O\u00dc\",\"alternateName\":\"KT TAPE\",\"url\":\"https:\\\/\\\/kttape.ee\\\/lt\\\/\",\"logo\":{\"@type\":\"ImageObject\",\"inLanguage\":\"lt-LT\",\"@id\":\"https:\\\/\\\/kttape.ee\\\/lt\\\/#\\\/schema\\\/logo\\\/image\\\/\",\"url\":\"http:\\\/\\\/kttape.ee\\\/wp-content\\\/uploads\\\/2018\\\/11\\\/logo-monger-white-1.png\",\"contentUrl\":\"http:\\\/\\\/kttape.ee\\\/wp-content\\\/uploads\\\/2018\\\/11\\\/logo-monger-white-1.png\",\"width\":826,\"height\":532,\"caption\":\"Monger Baltic O\u00dc\"},\"image\":{\"@id\":\"https:\\\/\\\/kttape.ee\\\/lt\\\/#\\\/schema\\\/logo\\\/image\\\/\"},\"sameAs\":[\"https:\\\/\\\/www.facebook.com\\\/kttapeeesti\",\"https:\\\/\\\/www.instagram.com\\\/kttape.eesti\\\/\"]}]}<\/script>\n<!-- \/ Yoast SEO Premium plugin. -->","yoast_head_json":{"title":"Pirkini\u0173 s\u0105ra\u0161as - KT Tape Baltics","robots":{"index":"index","follow":"follow","max-snippet":"max-snippet:-1","max-image-preview":"max-image-preview:large","max-video-preview":"max-video-preview:-1"},"canonical":"https:\/\/kttape.ee\/lt\/pirkiniu-sarasas\/","og_locale":"lt_LT","og_type":"article","og_title":"Pirkini\u0173 s\u0105ra\u0161as","og_url":"https:\/\/kttape.ee\/lt\/pirkiniu-sarasas\/","og_site_name":"KT Tape Baltics","article_publisher":"https:\/\/www.facebook.com\/kttapeeesti","article_modified_time":"2023-12-04T10:28:51+00:00","twitter_card":"summary_large_image","schema":{"@context":"https:\/\/schema.org","@graph":[{"@type":"WebPage","@id":"https:\/\/kttape.ee\/lt\/pirkiniu-sarasas\/","url":"https:\/\/kttape.ee\/lt\/pirkiniu-sarasas\/","name":"Pirkini\u0173 s\u0105ra\u0161as - KT Tape Baltics","isPartOf":{"@id":"https:\/\/kttape.ee\/lt\/#website"},"datePublished":"2017-05-10T09:32:48+00:00","dateModified":"2023-12-04T10:28:51+00:00","breadcrumb":{"@id":"https:\/\/kttape.ee\/lt\/pirkiniu-sarasas\/#breadcrumb"},"inLanguage":"lt-LT","potentialAction":[{"@type":"ReadAction","target":["https:\/\/kttape.ee\/lt\/pirkiniu-sarasas\/"]}]},{"@type":"BreadcrumbList","@id":"https:\/\/kttape.ee\/lt\/pirkiniu-sarasas\/#breadcrumb","itemListElement":[{"@type":"ListItem","position":1,"name":"Home","item":"https:\/\/kttape.ee\/lt\/"},{"@type":"ListItem","position":2,"name":"Pirkini\u0173 s\u0105ra\u0161as"}]},{"@type":"WebSite","@id":"https:\/\/kttape.ee\/lt\/#website","url":"https:\/\/kttape.ee\/lt\/","name":"KT TAPE","description":"Sveikatos ir sporto prek\u0117s","publisher":{"@id":"https:\/\/kttape.ee\/lt\/#organization"},"alternateName":"kinesioteip, kinesioloogiline teip, kt teip","potentialAction":[{"@type":"SearchAction","target":{"@type":"EntryPoint","urlTemplate":"https:\/\/kttape.ee\/lt\/?s={search_term_string}"},"query-input":{"@type":"PropertyValueSpecification","valueRequired":true,"valueName":"search_term_string"}}],"inLanguage":"lt-LT"},{"@type":"Organization","@id":"https:\/\/kttape.ee\/lt\/#organization","name":"Monger Baltic O\u00dc","alternateName":"KT TAPE","url":"https:\/\/kttape.ee\/lt\/","logo":{"@type":"ImageObject","inLanguage":"lt-LT","@id":"https:\/\/kttape.ee\/lt\/#\/schema\/logo\/image\/","url":"http:\/\/kttape.ee\/wp-content\/uploads\/2018\/11\/logo-monger-white-1.png","contentUrl":"http:\/\/kttape.ee\/wp-content\/uploads\/2018\/11\/logo-monger-white-1.png","width":826,"height":532,"caption":"Monger Baltic O\u00dc"},"image":{"@id":"https:\/\/kttape.ee\/lt\/#\/schema\/logo\/image\/"},"sameAs":["https:\/\/www.facebook.com\/kttapeeesti","https:\/\/www.instagram.com\/kttape.eesti\/"]}]}},"_links":{"self":[{"href":"https:\/\/kttape.ee\/lt\/wp-json\/wp\/v2\/pages\/49","targetHints":{"allow":["GET"]}}],"collection":[{"href":"https:\/\/kttape.ee\/lt\/wp-json\/wp\/v2\/pages"}],"about":[{"href":"https:\/\/kttape.ee\/lt\/wp-json\/wp\/v2\/types\/page"}],"author":[{"embeddable":true,"href":"https:\/\/kttape.ee\/lt\/wp-json\/wp\/v2\/users\/1"}],"replies":[{"embeddable":true,"href":"https:\/\/kttape.ee\/lt\/wp-json\/wp\/v2\/comments?post=49"}],"version-history":[{"count":0,"href":"https:\/\/kttape.ee\/lt\/wp-json\/wp\/v2\/pages\/49\/revisions"}],"wp:attachment":[{"href":"https:\/\/kttape.ee\/lt\/wp-json\/wp\/v2\/media?parent=49"}],"curies":[{"name":"wp","href":"https:\/\/api.w.org\/{rel}","templated":true}]}}