{"id":5871,"date":"2023-04-26T13:25:53","date_gmt":"2023-04-26T10:25:53","guid":{"rendered":"https:\/\/kttape.ee\/sooduspakkumised\/"},"modified":"2023-05-03T12:24:15","modified_gmt":"2023-05-03T09:24:15","slug":"sale","status":"publish","type":"page","link":"https:\/\/kttape.ee\/lt\/sale\/","title":{"rendered":"Sale"},"content":{"rendered":"\n<h1 class=\"wp-block-heading has-text-align-center\" id=\"h-sale\">I\u0161pardavimo produktai<\/h1>\n\n<div class=\"woocommerce columns-4 \"><ul class=\"products columns-4\">\n<li class=\"product type-product post-6954 status-publish first instock product_cat-maaramata-lt product_cat-naujos-prekes has-post-thumbnail sale featured taxable shipping-taxable purchasable product-type-simple\">\n\t<a href=\"https:\/\/kttape.ee\/lt\/product\/pro-lit-eelloigatud\/\" class=\"woocommerce-LoopProduct-link woocommerce-loop-product__link\">\n\t<span class=\"onsale\">Akcija!<\/span>\n\t<img loading=\"lazy\" decoding=\"async\" width=\"300\" height=\"300\" src=\"https:\/\/kttape.ee\/wp-content\/uploads\/2024\/01\/KTTape-1000x1000-Kollane-LIT-kleeps-1-300x300.webp\" class=\"attachment-woocommerce_thumbnail size-woocommerce_thumbnail not-transparent\" alt=\"KT TAPE PRO EXTEREME LIETUVA\" srcset=\"https:\/\/kttape.ee\/wp-content\/uploads\/2024\/01\/KTTape-1000x1000-Kollane-LIT-kleeps-1-300x300.webp 300w, https:\/\/kttape.ee\/wp-content\/uploads\/2024\/01\/KTTape-1000x1000-Kollane-LIT-kleeps-1-600x600.webp 600w, https:\/\/kttape.ee\/wp-content\/uploads\/2024\/01\/KTTape-1000x1000-Kollane-LIT-kleeps-1-768x768.webp 768w, https:\/\/kttape.ee\/wp-content\/uploads\/2024\/01\/KTTape-1000x1000-Kollane-LIT-kleeps-1-400x400.webp 400w, https:\/\/kttape.ee\/wp-content\/uploads\/2024\/01\/KTTape-1000x1000-Kollane-LIT-kleeps-1-100x100.webp 100w, https:\/\/kttape.ee\/wp-content\/uploads\/2024\/01\/KTTape-1000x1000-Kollane-LIT-kleeps-1-jpg.webp 1000w\" sizes=\"auto, (max-width: 300px) 100vw, 300px\" data-has-transparency=\"false\" data-dominant-color=\"eeeac4\" style=\"--dominant-color: #eeeac4;\" \/><h2 class=\"woocommerce-loop-product__title\">KT TAPE PRO EXTEREME LIETUVA<\/h2>\n\t<span class=\"price\"><del aria-hidden=\"true\"><span class=\"woocommerce-Price-amount amount\"><bdi>23,00&nbsp;<span class=\"woocommerce-Price-currencySymbol\">&euro;<\/span><\/bdi><\/span><\/del> <span class=\"screen-reader-text\">Original price was: 23,00&nbsp;&euro;.<\/span><ins aria-hidden=\"true\"><span class=\"woocommerce-Price-amount amount\"><bdi>19,00&nbsp;<span class=\"woocommerce-Price-currencySymbol\">&euro;<\/span><\/bdi><\/span><\/ins><span class=\"screen-reader-text\">Current price is: 19,00&nbsp;&euro;.<\/span><\/span>\n<\/a><a href=\"\/lt\/wp-json\/wp\/v2\/pages\/5871?add-to-cart=6954\" aria-describedby=\"woocommerce_loop_add_to_cart_link_describedby_6954\" data-quantity=\"1\" class=\"button product_type_simple add_to_cart_button ajax_add_to_cart\" data-product_id=\"6954\" data-product_sku=\"\" aria-label=\"Add to cart: &ldquo;KT TAPE PRO EXTEREME LIETUVA&rdquo;\" rel=\"nofollow\" data-success_message=\"&ldquo;KT TAPE PRO EXTEREME LIETUVA&rdquo; has been added to your cart\" role=\"button\">\u012e krep\u0161el\u012f<\/a>\t<span id=\"woocommerce_loop_add_to_cart_link_describedby_6954\" class=\"screen-reader-text\">\n\t\t\t<\/span>\n<span class=\"gtm4wp_productdata\" style=\"display:none; visibility:hidden;\" data-gtm4wp_product_data=\"{&quot;internal_id&quot;:6954,&quot;item_id&quot;:6954,&quot;item_name&quot;:&quot;KT TAPE PRO EXTEREME LIETUVA&quot;,&quot;sku&quot;:6954,&quot;price&quot;:19,&quot;stocklevel&quot;:null,&quot;stockstatus&quot;:&quot;instock&quot;,&quot;google_business_vertical&quot;:&quot;retail&quot;,&quot;item_category&quot;:&quot;M\\u00e4\\u00e4ramata&quot;,&quot;id&quot;:6954,&quot;productlink&quot;:&quot;https:\\\/\\\/kttape.ee\\\/lt\\\/product\\\/pro-lit-eelloigatud\\\/&quot;,&quot;item_list_name&quot;:&quot;Sale Products&quot;,&quot;index&quot;:1,&quot;product_type&quot;:&quot;simple&quot;,&quot;item_brand&quot;:&quot;&quot;}\"><\/span><\/li>\n<li class=\"product type-product post-1259 status-publish instock product_cat-kt-pro-pleistras-sintetinis product_cat-mazas-ritinelis-lt has-post-thumbnail sale taxable shipping-taxable purchasable product-type-variable\">\n\t<a href=\"https:\/\/kttape.ee\/lt\/product\/kt-tape-pro-neon-uncut-16ft49m\/\" class=\"woocommerce-LoopProduct-link woocommerce-loop-product__link\">\n\t<span class=\"onsale\">Akcija!<\/span>\n\t<img loading=\"lazy\" decoding=\"async\" width=\"300\" height=\"300\" src=\"https:\/\/kttape.ee\/wp-content\/uploads\/2017\/06\/Black-Uncut857879003096-300x300.webp\" class=\"attachment-woocommerce_thumbnail size-woocommerce_thumbnail not-transparent\" alt=\"pro eell\u00f5igatud teip\" srcset=\"https:\/\/kttape.ee\/wp-content\/uploads\/2017\/06\/Black-Uncut857879003096-300x300.webp 300w, https:\/\/kttape.ee\/wp-content\/uploads\/2017\/06\/Black-Uncut857879003096-600x600.webp 600w, https:\/\/kttape.ee\/wp-content\/uploads\/2017\/06\/Black-Uncut857879003096-768x768.webp 768w, https:\/\/kttape.ee\/wp-content\/uploads\/2017\/06\/Black-Uncut857879003096-400x400.webp 400w, https:\/\/kttape.ee\/wp-content\/uploads\/2017\/06\/Black-Uncut857879003096-100x100.webp 100w, https:\/\/kttape.ee\/wp-content\/uploads\/2017\/06\/Black-Uncut857879003096-jpg.webp 1024w\" sizes=\"auto, (max-width: 300px) 100vw, 300px\" data-has-transparency=\"false\" data-dominant-color=\"c7b2a7\" style=\"--dominant-color: #c7b2a7;\" \/><h2 class=\"woocommerce-loop-product__title\">KT TAPE PRO NEON UNCUT 16FT\/4,9M<\/h2>\n\t<span class=\"price\"><span class=\"woocommerce-Price-amount amount\" aria-hidden=\"true\"><bdi>18,00&nbsp;<span class=\"woocommerce-Price-currencySymbol\">&euro;<\/span><\/bdi><\/span> <span aria-hidden=\"true\">&ndash;<\/span> <span class=\"woocommerce-Price-amount amount\" aria-hidden=\"true\"><bdi>21,00&nbsp;<span class=\"woocommerce-Price-currencySymbol\">&euro;<\/span><\/bdi><\/span><span class=\"screen-reader-text\">Price range: 18,00&nbsp;&euro; through 21,00&nbsp;&euro;<\/span><\/span>\n<\/a><a href=\"https:\/\/kttape.ee\/lt\/product\/kt-tape-pro-neon-uncut-16ft49m\/\" aria-describedby=\"woocommerce_loop_add_to_cart_link_describedby_1259\" data-quantity=\"1\" class=\"button product_type_variable add_to_cart_button\" data-product_id=\"1259\" data-product_sku=\"\" aria-label=\"Pasirinkti savybes: &ldquo;KT TAPE PRO NEON UNCUT 16FT\/4,9M&rdquo;\" rel=\"nofollow\">Pasirinkti savybes<\/a>\t<span id=\"woocommerce_loop_add_to_cart_link_describedby_1259\" class=\"screen-reader-text\">\n\t\tThis product has multiple variants. The options may be chosen on the product page\t<\/span>\n<span class=\"gtm4wp_productdata\" style=\"display:none; visibility:hidden;\" data-gtm4wp_product_data=\"{&quot;internal_id&quot;:1259,&quot;item_id&quot;:1259,&quot;item_name&quot;:&quot;KT TAPE PRO NEON UNCUT 16FT\\\/4,9M&quot;,&quot;sku&quot;:1259,&quot;price&quot;:21,&quot;stocklevel&quot;:null,&quot;stockstatus&quot;:&quot;instock&quot;,&quot;google_business_vertical&quot;:&quot;retail&quot;,&quot;item_category&quot;:&quot;Ma\\u017eas ritin\\u0117lis&quot;,&quot;id&quot;:1259,&quot;productlink&quot;:&quot;https:\\\/\\\/kttape.ee\\\/lt\\\/product\\\/kt-tape-pro-neon-uncut-16ft49m\\\/&quot;,&quot;item_list_name&quot;:&quot;Sale Products&quot;,&quot;index&quot;:2,&quot;product_type&quot;:&quot;variable&quot;,&quot;item_brand&quot;:&quot;&quot;}\"><\/span><\/li>\n<li class=\"product type-product post-2935 status-publish instock product_cat-kitos-prekes product_cat-kt-pro-pleistras-sintetinis product_cat-mazas-ritinelis-padalytas-juostelemis-lt product_cat-naujos-prekes has-post-thumbnail sale featured taxable shipping-taxable purchasable product-type-simple\">\n\t<a href=\"https:\/\/kttape.ee\/lt\/product\/pro-est-padalytas-juostelemis\/\" class=\"woocommerce-LoopProduct-link woocommerce-loop-product__link\">\n\t<span class=\"onsale\">Akcija!<\/span>\n\t<img loading=\"lazy\" decoding=\"async\" width=\"300\" height=\"300\" src=\"https:\/\/kttape.ee\/wp-content\/uploads\/2024\/01\/KTTape-1000x1000-Sinine-EST-rull-300x300.webp\" class=\"attachment-woocommerce_thumbnail size-woocommerce_thumbnail not-transparent\" alt=\"PRO EST padalytas juostel\u0117mis\" srcset=\"https:\/\/kttape.ee\/wp-content\/uploads\/2024\/01\/KTTape-1000x1000-Sinine-EST-rull-300x300.webp 300w, https:\/\/kttape.ee\/wp-content\/uploads\/2024\/01\/KTTape-1000x1000-Sinine-EST-rull-600x600.webp 600w, https:\/\/kttape.ee\/wp-content\/uploads\/2024\/01\/KTTape-1000x1000-Sinine-EST-rull-768x768.webp 768w, https:\/\/kttape.ee\/wp-content\/uploads\/2024\/01\/KTTape-1000x1000-Sinine-EST-rull-400x400.webp 400w, https:\/\/kttape.ee\/wp-content\/uploads\/2024\/01\/KTTape-1000x1000-Sinine-EST-rull-100x100.webp 100w, https:\/\/kttape.ee\/wp-content\/uploads\/2024\/01\/KTTape-1000x1000-Sinine-EST-rull-jpg.webp 1000w\" sizes=\"auto, (max-width: 300px) 100vw, 300px\" data-has-transparency=\"false\" data-dominant-color=\"cfdff0\" style=\"--dominant-color: #cfdff0;\" \/><h2 class=\"woocommerce-loop-product__title\">PRO EST padalytas juostel\u0117mis<\/h2>\n\t<span class=\"price\"><del aria-hidden=\"true\"><span class=\"woocommerce-Price-amount amount\"><bdi>23,00&nbsp;<span class=\"woocommerce-Price-currencySymbol\">&euro;<\/span><\/bdi><\/span><\/del> <span class=\"screen-reader-text\">Original price was: 23,00&nbsp;&euro;.<\/span><ins aria-hidden=\"true\"><span class=\"woocommerce-Price-amount amount\"><bdi>17,00&nbsp;<span class=\"woocommerce-Price-currencySymbol\">&euro;<\/span><\/bdi><\/span><\/ins><span class=\"screen-reader-text\">Current price is: 17,00&nbsp;&euro;.<\/span><\/span>\n<\/a><a href=\"\/lt\/wp-json\/wp\/v2\/pages\/5871?add-to-cart=2935\" aria-describedby=\"woocommerce_loop_add_to_cart_link_describedby_2935\" data-quantity=\"1\" class=\"button product_type_simple add_to_cart_button ajax_add_to_cart\" data-product_id=\"2935\" data-product_sku=\"\" aria-label=\"Add to cart: &ldquo;PRO EST padalytas juostel\u0117mis&rdquo;\" rel=\"nofollow\" data-success_message=\"&ldquo;PRO EST padalytas juostel\u0117mis&rdquo; has been added to your cart\" role=\"button\">\u012e krep\u0161el\u012f<\/a>\t<span id=\"woocommerce_loop_add_to_cart_link_describedby_2935\" class=\"screen-reader-text\">\n\t\t\t<\/span>\n<span class=\"gtm4wp_productdata\" style=\"display:none; visibility:hidden;\" data-gtm4wp_product_data=\"{&quot;internal_id&quot;:2935,&quot;item_id&quot;:2935,&quot;item_name&quot;:&quot;PRO EST padalytas juostel\\u0117mis&quot;,&quot;sku&quot;:2935,&quot;price&quot;:17,&quot;stocklevel&quot;:null,&quot;stockstatus&quot;:&quot;instock&quot;,&quot;google_business_vertical&quot;:&quot;retail&quot;,&quot;item_category&quot;:&quot;Ma\\u017eas ritin\\u0117lis (padalytas juostel\\u0117mis)&quot;,&quot;id&quot;:2935,&quot;productlink&quot;:&quot;https:\\\/\\\/kttape.ee\\\/lt\\\/product\\\/pro-est-padalytas-juostelemis\\\/&quot;,&quot;item_list_name&quot;:&quot;Sale Products&quot;,&quot;index&quot;:3,&quot;product_type&quot;:&quot;simple&quot;,&quot;item_brand&quot;:&quot;&quot;}\"><\/span><\/li>\n<li class=\"product type-product post-6959 status-publish last instock product_cat-maaramata-lt product_cat-naujos-prekes has-post-thumbnail sale featured taxable shipping-taxable purchasable product-type-simple\">\n\t<a href=\"https:\/\/kttape.ee\/lt\/product\/pro-lat-eelloigatud\/\" class=\"woocommerce-LoopProduct-link woocommerce-loop-product__link\">\n\t<span class=\"onsale\">Akcija!<\/span>\n\t<img loading=\"lazy\" decoding=\"async\" width=\"300\" height=\"300\" src=\"https:\/\/kttape.ee\/wp-content\/uploads\/2024\/01\/KTTape-1000x1000-Punane-LAT-kleeps-1-300x300.webp\" class=\"attachment-woocommerce_thumbnail size-woocommerce_thumbnail not-transparent\" alt=\"PRO LAT EELL\u00d5IGATUD\" srcset=\"https:\/\/kttape.ee\/wp-content\/uploads\/2024\/01\/KTTape-1000x1000-Punane-LAT-kleeps-1-300x300.webp 300w, https:\/\/kttape.ee\/wp-content\/uploads\/2024\/01\/KTTape-1000x1000-Punane-LAT-kleeps-1-600x600.webp 600w, https:\/\/kttape.ee\/wp-content\/uploads\/2024\/01\/KTTape-1000x1000-Punane-LAT-kleeps-1-768x768.webp 768w, https:\/\/kttape.ee\/wp-content\/uploads\/2024\/01\/KTTape-1000x1000-Punane-LAT-kleeps-1-400x400.webp 400w, https:\/\/kttape.ee\/wp-content\/uploads\/2024\/01\/KTTape-1000x1000-Punane-LAT-kleeps-1-100x100.webp 100w, https:\/\/kttape.ee\/wp-content\/uploads\/2024\/01\/KTTape-1000x1000-Punane-LAT-kleeps-1-jpg.webp 1000w\" sizes=\"auto, (max-width: 300px) 100vw, 300px\" data-has-transparency=\"false\" data-dominant-color=\"dad0d2\" style=\"--dominant-color: #dad0d2;\" \/><h2 class=\"woocommerce-loop-product__title\">PRO LAT EELL\u00d5IGATUD<\/h2>\n\t<span class=\"price\"><del aria-hidden=\"true\"><span class=\"woocommerce-Price-amount amount\"><bdi>23,00&nbsp;<span class=\"woocommerce-Price-currencySymbol\">&euro;<\/span><\/bdi><\/span><\/del> <span class=\"screen-reader-text\">Original price was: 23,00&nbsp;&euro;.<\/span><ins aria-hidden=\"true\"><span class=\"woocommerce-Price-amount amount\"><bdi>19,00&nbsp;<span class=\"woocommerce-Price-currencySymbol\">&euro;<\/span><\/bdi><\/span><\/ins><span class=\"screen-reader-text\">Current price is: 19,00&nbsp;&euro;.<\/span><\/span>\n<\/a><a href=\"\/lt\/wp-json\/wp\/v2\/pages\/5871?add-to-cart=6959\" aria-describedby=\"woocommerce_loop_add_to_cart_link_describedby_6959\" data-quantity=\"1\" class=\"button product_type_simple add_to_cart_button ajax_add_to_cart\" data-product_id=\"6959\" data-product_sku=\"\" aria-label=\"Add to cart: &ldquo;PRO LAT EELL\u00d5IGATUD&rdquo;\" rel=\"nofollow\" data-success_message=\"&ldquo;PRO LAT EELL\u00d5IGATUD&rdquo; has been added to your cart\" role=\"button\">\u012e krep\u0161el\u012f<\/a>\t<span id=\"woocommerce_loop_add_to_cart_link_describedby_6959\" class=\"screen-reader-text\">\n\t\t\t<\/span>\n<span class=\"gtm4wp_productdata\" style=\"display:none; visibility:hidden;\" data-gtm4wp_product_data=\"{&quot;internal_id&quot;:6959,&quot;item_id&quot;:6959,&quot;item_name&quot;:&quot;PRO LAT EELL\\u00d5IGATUD&quot;,&quot;sku&quot;:6959,&quot;price&quot;:19,&quot;stocklevel&quot;:null,&quot;stockstatus&quot;:&quot;instock&quot;,&quot;google_business_vertical&quot;:&quot;retail&quot;,&quot;item_category&quot;:&quot;M\\u00e4\\u00e4ramata&quot;,&quot;id&quot;:6959,&quot;productlink&quot;:&quot;https:\\\/\\\/kttape.ee\\\/lt\\\/product\\\/pro-lat-eelloigatud\\\/&quot;,&quot;item_list_name&quot;:&quot;Sale Products&quot;,&quot;index&quot;:4,&quot;product_type&quot;:&quot;simple&quot;,&quot;item_brand&quot;:&quot;&quot;}\"><\/span><\/li>\n<\/ul>\n<\/div>\n","protected":false},"excerpt":{"rendered":"<p>I\u0161pardavimo produktai<\/p>\n","protected":false},"author":1,"featured_media":0,"parent":0,"menu_order":1,"comment_status":"closed","ping_status":"closed","template":"","meta":{"_acf_changed":false,"footnotes":""},"class_list":["post-5871","page","type-page","status-publish","hentry"],"acf":[],"yoast_head":"<!-- This site is optimized with the Yoast SEO Premium plugin v23.4 (Yoast SEO v27.3) - https:\/\/yoast.com\/product\/yoast-seo-premium-wordpress\/ -->\n<title>Sale - KT Tape Baltics<\/title>\n<meta name=\"robots\" content=\"index, follow, max-snippet:-1, max-image-preview:large, max-video-preview:-1\" \/>\n<link rel=\"canonical\" href=\"https:\/\/kttape.ee\/lt\/sale\/\" \/>\n<meta property=\"og:locale\" content=\"lt_LT\" \/>\n<meta property=\"og:type\" content=\"article\" \/>\n<meta property=\"og:title\" content=\"Sale\" \/>\n<meta property=\"og:description\" content=\"I\u0161pardavimo produktai\" \/>\n<meta property=\"og:url\" content=\"https:\/\/kttape.ee\/lt\/sale\/\" \/>\n<meta property=\"og:site_name\" content=\"KT Tape Baltics\" \/>\n<meta property=\"article:publisher\" content=\"https:\/\/www.facebook.com\/kttapeeesti\" \/>\n<meta property=\"article:modified_time\" content=\"2023-05-03T09:24:15+00:00\" \/>\n<meta name=\"twitter:card\" content=\"summary_large_image\" \/>\n<meta name=\"twitter:label1\" content=\"Est. reading time\" \/>\n\t<meta name=\"twitter:data1\" content=\"1 minut\u0117\" \/>\n<script type=\"application\/ld+json\" class=\"yoast-schema-graph\">{\"@context\":\"https:\\\/\\\/schema.org\",\"@graph\":[{\"@type\":\"WebPage\",\"@id\":\"https:\\\/\\\/kttape.ee\\\/lt\\\/sale\\\/\",\"url\":\"https:\\\/\\\/kttape.ee\\\/lt\\\/sale\\\/\",\"name\":\"Sale - KT Tape Baltics\",\"isPartOf\":{\"@id\":\"https:\\\/\\\/kttape.ee\\\/lt\\\/#website\"},\"datePublished\":\"2023-04-26T10:25:53+00:00\",\"dateModified\":\"2023-05-03T09:24:15+00:00\",\"breadcrumb\":{\"@id\":\"https:\\\/\\\/kttape.ee\\\/lt\\\/sale\\\/#breadcrumb\"},\"inLanguage\":\"lt-LT\",\"potentialAction\":[{\"@type\":\"ReadAction\",\"target\":[\"https:\\\/\\\/kttape.ee\\\/lt\\\/sale\\\/\"]}]},{\"@type\":\"BreadcrumbList\",\"@id\":\"https:\\\/\\\/kttape.ee\\\/lt\\\/sale\\\/#breadcrumb\",\"itemListElement\":[{\"@type\":\"ListItem\",\"position\":1,\"name\":\"Home\",\"item\":\"https:\\\/\\\/kttape.ee\\\/lt\\\/\"},{\"@type\":\"ListItem\",\"position\":2,\"name\":\"Sale\"}]},{\"@type\":\"WebSite\",\"@id\":\"https:\\\/\\\/kttape.ee\\\/lt\\\/#website\",\"url\":\"https:\\\/\\\/kttape.ee\\\/lt\\\/\",\"name\":\"KT TAPE\",\"description\":\"Sveikatos ir sporto prek\u0117s\",\"publisher\":{\"@id\":\"https:\\\/\\\/kttape.ee\\\/lt\\\/#organization\"},\"alternateName\":\"kinesioteip, kinesioloogiline teip, kt teip\",\"potentialAction\":[{\"@type\":\"SearchAction\",\"target\":{\"@type\":\"EntryPoint\",\"urlTemplate\":\"https:\\\/\\\/kttape.ee\\\/lt\\\/?s={search_term_string}\"},\"query-input\":{\"@type\":\"PropertyValueSpecification\",\"valueRequired\":true,\"valueName\":\"search_term_string\"}}],\"inLanguage\":\"lt-LT\"},{\"@type\":\"Organization\",\"@id\":\"https:\\\/\\\/kttape.ee\\\/lt\\\/#organization\",\"name\":\"Monger Baltic O\u00dc\",\"alternateName\":\"KT TAPE\",\"url\":\"https:\\\/\\\/kttape.ee\\\/lt\\\/\",\"logo\":{\"@type\":\"ImageObject\",\"inLanguage\":\"lt-LT\",\"@id\":\"https:\\\/\\\/kttape.ee\\\/lt\\\/#\\\/schema\\\/logo\\\/image\\\/\",\"url\":\"http:\\\/\\\/kttape.ee\\\/wp-content\\\/uploads\\\/2018\\\/11\\\/logo-monger-white-1.png\",\"contentUrl\":\"http:\\\/\\\/kttape.ee\\\/wp-content\\\/uploads\\\/2018\\\/11\\\/logo-monger-white-1.png\",\"width\":826,\"height\":532,\"caption\":\"Monger Baltic O\u00dc\"},\"image\":{\"@id\":\"https:\\\/\\\/kttape.ee\\\/lt\\\/#\\\/schema\\\/logo\\\/image\\\/\"},\"sameAs\":[\"https:\\\/\\\/www.facebook.com\\\/kttapeeesti\",\"https:\\\/\\\/www.instagram.com\\\/kttape.eesti\\\/\"]}]}<\/script>\n<!-- \/ Yoast SEO Premium plugin. -->","yoast_head_json":{"title":"Sale - KT Tape Baltics","robots":{"index":"index","follow":"follow","max-snippet":"max-snippet:-1","max-image-preview":"max-image-preview:large","max-video-preview":"max-video-preview:-1"},"canonical":"https:\/\/kttape.ee\/lt\/sale\/","og_locale":"lt_LT","og_type":"article","og_title":"Sale","og_description":"I\u0161pardavimo produktai","og_url":"https:\/\/kttape.ee\/lt\/sale\/","og_site_name":"KT Tape Baltics","article_publisher":"https:\/\/www.facebook.com\/kttapeeesti","article_modified_time":"2023-05-03T09:24:15+00:00","twitter_card":"summary_large_image","twitter_misc":{"Est. reading time":"1 minut\u0117"},"schema":{"@context":"https:\/\/schema.org","@graph":[{"@type":"WebPage","@id":"https:\/\/kttape.ee\/lt\/sale\/","url":"https:\/\/kttape.ee\/lt\/sale\/","name":"Sale - KT Tape Baltics","isPartOf":{"@id":"https:\/\/kttape.ee\/lt\/#website"},"datePublished":"2023-04-26T10:25:53+00:00","dateModified":"2023-05-03T09:24:15+00:00","breadcrumb":{"@id":"https:\/\/kttape.ee\/lt\/sale\/#breadcrumb"},"inLanguage":"lt-LT","potentialAction":[{"@type":"ReadAction","target":["https:\/\/kttape.ee\/lt\/sale\/"]}]},{"@type":"BreadcrumbList","@id":"https:\/\/kttape.ee\/lt\/sale\/#breadcrumb","itemListElement":[{"@type":"ListItem","position":1,"name":"Home","item":"https:\/\/kttape.ee\/lt\/"},{"@type":"ListItem","position":2,"name":"Sale"}]},{"@type":"WebSite","@id":"https:\/\/kttape.ee\/lt\/#website","url":"https:\/\/kttape.ee\/lt\/","name":"KT TAPE","description":"Sveikatos ir sporto prek\u0117s","publisher":{"@id":"https:\/\/kttape.ee\/lt\/#organization"},"alternateName":"kinesioteip, kinesioloogiline teip, kt teip","potentialAction":[{"@type":"SearchAction","target":{"@type":"EntryPoint","urlTemplate":"https:\/\/kttape.ee\/lt\/?s={search_term_string}"},"query-input":{"@type":"PropertyValueSpecification","valueRequired":true,"valueName":"search_term_string"}}],"inLanguage":"lt-LT"},{"@type":"Organization","@id":"https:\/\/kttape.ee\/lt\/#organization","name":"Monger Baltic O\u00dc","alternateName":"KT TAPE","url":"https:\/\/kttape.ee\/lt\/","logo":{"@type":"ImageObject","inLanguage":"lt-LT","@id":"https:\/\/kttape.ee\/lt\/#\/schema\/logo\/image\/","url":"http:\/\/kttape.ee\/wp-content\/uploads\/2018\/11\/logo-monger-white-1.png","contentUrl":"http:\/\/kttape.ee\/wp-content\/uploads\/2018\/11\/logo-monger-white-1.png","width":826,"height":532,"caption":"Monger Baltic O\u00dc"},"image":{"@id":"https:\/\/kttape.ee\/lt\/#\/schema\/logo\/image\/"},"sameAs":["https:\/\/www.facebook.com\/kttapeeesti","https:\/\/www.instagram.com\/kttape.eesti\/"]}]}},"_links":{"self":[{"href":"https:\/\/kttape.ee\/lt\/wp-json\/wp\/v2\/pages\/5871","targetHints":{"allow":["GET"]}}],"collection":[{"href":"https:\/\/kttape.ee\/lt\/wp-json\/wp\/v2\/pages"}],"about":[{"href":"https:\/\/kttape.ee\/lt\/wp-json\/wp\/v2\/types\/page"}],"author":[{"embeddable":true,"href":"https:\/\/kttape.ee\/lt\/wp-json\/wp\/v2\/users\/1"}],"replies":[{"embeddable":true,"href":"https:\/\/kttape.ee\/lt\/wp-json\/wp\/v2\/comments?post=5871"}],"version-history":[{"count":0,"href":"https:\/\/kttape.ee\/lt\/wp-json\/wp\/v2\/pages\/5871\/revisions"}],"wp:attachment":[{"href":"https:\/\/kttape.ee\/lt\/wp-json\/wp\/v2\/media?parent=5871"}],"curies":[{"name":"wp","href":"https:\/\/api.w.org\/{rel}","templated":true}]}}