{"id":1185,"date":"2017-06-12T12:16:49","date_gmt":"2017-06-12T09:16:49","guid":{"rendered":"https:\/\/project.dreamo.ee\/monger\/kttape\/product\/kt-tape-pro-3-teipi\/"},"modified":"2019-07-08T15:56:15","modified_gmt":"2019-07-08T12:56:15","slug":"kt-tape-pro-fast-pack","status":"publish","type":"product","link":"https:\/\/kttape.ee\/lt\/product\/kt-tape-pro-fast-pack\/","title":{"rendered":"KT TAPE PRO FAST PACK"},"content":{"rendered":"<p>SINTETIN\u0116S KINEZINIO PLEISTRO JUOSTEL\u0116S &#8211; 3 VNT.<\/p>\n<p>KT pleistras \u2013 elastinga ir kv\u0117puojanti kinezin\u0117 juosta, pagaminta i\u0161 auk\u0161tos kokyb\u0117s sintetinio pluo\u0161to su antialerginiais ir vandeniui atspariais klijais. Pleistras tinka palaikyti raumen\u0173, s\u0105nari\u0173 ir sausgysli\u0173 stabilum\u0105 ir pagerinti j\u0173 mobilum\u0105. Ma\u017eina raumen\u0173 skausmus, esant nuovargiui, stresui ir (arba) u\u017edegimui, skatina greitesn\u012f gijim\u0105. Aktyvina limfos tek\u0117jim\u0105 ir kraujo apytak\u0105. Padeda i\u0161laikyti esam\u0105 s\u0105nari\u0173 pad\u0117t\u012f ir u\u017etikrina stabil\u0173 sutvirtinim\u0105. Pakuot\u0117je yra trys 25 cm ilgio kinezinio pleistro juostel\u0117s.<\/p>\n","protected":false},"excerpt":{"rendered":"<p>SINTETIN\u0116S KINEZINIO PLEISTRO JUOSTEL\u0116S &#8211; 3 VNT. KT pleistras \u2013 elastinga ir kv\u0117puojanti kinezin\u0117 juosta, pagaminta i\u0161 auk\u0161tos kokyb\u0117s sintetinio&#8230;<\/p>\n","protected":false},"featured_media":2432,"template":"","meta":{"_acf_changed":false},"product_brand":[],"product_cat":[153,178],"product_tag":[314],"class_list":{"0":"post-1185","1":"product","2":"type-product","3":"status-publish","4":"has-post-thumbnail","6":"product_cat-kt-pro-pleistras-sintetinis","7":"product_cat-pakuote","8":"product_tag-kt-tape-lt","10":"first","11":"instock","12":"taxable","13":"shipping-taxable","14":"purchasable","15":"product-type-variable"},"acf":[],"yoast_head":"<!-- This site is optimized with the Yoast SEO Premium plugin v27.2 (Yoast SEO v27.4) - https:\/\/yoast.com\/product\/yoast-seo-premium-wordpress\/ -->\n<title>KT TAPE PRO FAST PACK - KT Tape Baltics s\u00fcnteetiline eell\u00f5igatud teip (kiirabi)<\/title>\n<meta name=\"description\" content=\"PRO Fastpack on m\u00f5eldud kiirabina kui tervet rulli ei ole v\u00f5i ei soovita osta. Pakis on kolm 25cm pikkust eell\u00f5igatud teipi.\" \/>\n<meta name=\"robots\" content=\"index, follow, max-snippet:-1, max-image-preview:large, max-video-preview:-1\" \/>\n<link rel=\"canonical\" href=\"https:\/\/kttape.ee\/lt\/product\/kt-tape-pro-fast-pack\/\" \/>\n<meta property=\"og:locale\" content=\"lt_LT\" \/>\n<meta property=\"og:type\" content=\"article\" \/>\n<meta property=\"og:title\" content=\"KT TAPE PRO FAST PACK\" \/>\n<meta property=\"og:description\" content=\"SINTETIN\u0116S KINEZINIO PLEISTRO JUOSTEL\u0116S - 3 VNT. KT pleistras \u2013 elastinga ir kv\u0117puojanti kinezin\u0117 juosta, pagaminta i\u0161 auk\u0161tos kokyb\u0117s sintetinio pluo\u0161to\" \/>\n<meta property=\"og:url\" content=\"https:\/\/kttape.ee\/lt\/product\/kt-tape-pro-fast-pack\/\" \/>\n<meta property=\"og:site_name\" content=\"KT Tape Baltics\" \/>\n<meta property=\"article:publisher\" content=\"https:\/\/www.facebook.com\/kttapeeesti\" \/>\n<meta property=\"article:modified_time\" content=\"2019-07-08T12:56:15+00:00\" \/>\n<meta property=\"og:image\" content=\"https:\/\/kttape.ee\/wp-content\/uploads\/2017\/06\/Pink-857879003690.jpg\" \/>\n\t<meta property=\"og:image:width\" content=\"1024\" \/>\n\t<meta property=\"og:image:height\" content=\"1024\" \/>\n\t<meta property=\"og:image:type\" content=\"image\/jpeg\" \/>\n<meta name=\"twitter:card\" content=\"summary_large_image\" \/>\n<meta name=\"twitter:label1\" content=\"Availability\" \/>\n\t<meta name=\"twitter:data1\" content=\"In stock\" \/>\n<script type=\"application\/ld+json\" class=\"yoast-schema-graph\">{\"@context\":\"https:\\\/\\\/schema.org\",\"@graph\":[{\"@type\":\"WebPage\",\"@id\":\"https:\\\/\\\/kttape.ee\\\/lt\\\/product\\\/kt-tape-pro-fast-pack\\\/\",\"url\":\"https:\\\/\\\/kttape.ee\\\/lt\\\/product\\\/kt-tape-pro-fast-pack\\\/\",\"name\":\"KT TAPE PRO FAST PACK - KT Tape Baltics s\u00fcnteetiline eell\u00f5igatud teip (kiirabi)\",\"isPartOf\":{\"@id\":\"https:\\\/\\\/kttape.ee\\\/lt\\\/#website\"},\"primaryImageOfPage\":{\"@id\":\"https:\\\/\\\/kttape.ee\\\/lt\\\/product\\\/kt-tape-pro-fast-pack\\\/#primaryimage\"},\"image\":{\"@id\":\"https:\\\/\\\/kttape.ee\\\/lt\\\/product\\\/kt-tape-pro-fast-pack\\\/#primaryimage\"},\"thumbnailUrl\":\"https:\\\/\\\/kttape.ee\\\/wp-content\\\/uploads\\\/2017\\\/06\\\/Pink-857879003690-jpg.webp\",\"datePublished\":\"2017-06-12T09:16:49+00:00\",\"dateModified\":\"2019-07-08T12:56:15+00:00\",\"description\":\"PRO Fastpack on m\u00f5eldud kiirabina kui tervet rulli ei ole v\u00f5i ei soovita osta. Pakis on kolm 25cm pikkust eell\u00f5igatud teipi.\",\"breadcrumb\":{\"@id\":\"https:\\\/\\\/kttape.ee\\\/lt\\\/product\\\/kt-tape-pro-fast-pack\\\/#breadcrumb\"},\"inLanguage\":\"lt-LT\",\"potentialAction\":[{\"@type\":\"ReadAction\",\"target\":[\"https:\\\/\\\/kttape.ee\\\/lt\\\/product\\\/kt-tape-pro-fast-pack\\\/\"]}]},{\"@type\":\"ImageObject\",\"inLanguage\":\"lt-LT\",\"@id\":\"https:\\\/\\\/kttape.ee\\\/lt\\\/product\\\/kt-tape-pro-fast-pack\\\/#primaryimage\",\"url\":\"https:\\\/\\\/kttape.ee\\\/wp-content\\\/uploads\\\/2017\\\/06\\\/Pink-857879003690-jpg.webp\",\"contentUrl\":\"https:\\\/\\\/kttape.ee\\\/wp-content\\\/uploads\\\/2017\\\/06\\\/Pink-857879003690-jpg.webp\",\"width\":1024,\"height\":1024,\"caption\":\"KT Tape PRO Kiirabi pakend\"},{\"@type\":\"BreadcrumbList\",\"@id\":\"https:\\\/\\\/kttape.ee\\\/lt\\\/product\\\/kt-tape-pro-fast-pack\\\/#breadcrumb\",\"itemListElement\":[{\"@type\":\"ListItem\",\"position\":1,\"name\":\"Home\",\"item\":\"https:\\\/\\\/kttape.ee\\\/lt\\\/\"},{\"@type\":\"ListItem\",\"position\":2,\"name\":\"Prek\u0117s\",\"item\":\"https:\\\/\\\/kttape.ee\\\/lt\\\/prekes\\\/\"},{\"@type\":\"ListItem\",\"position\":3,\"name\":\"kt tape\",\"item\":\"https:\\\/\\\/kttape.ee\\\/lt\\\/tag\\\/kt-tape-lt\\\/\"},{\"@type\":\"ListItem\",\"position\":4,\"name\":\"KT TAPE PRO FAST PACK\"}]},{\"@type\":\"WebSite\",\"@id\":\"https:\\\/\\\/kttape.ee\\\/lt\\\/#website\",\"url\":\"https:\\\/\\\/kttape.ee\\\/lt\\\/\",\"name\":\"KT TAPE\",\"description\":\"Sveikatos ir sporto prek\u0117s\",\"publisher\":{\"@id\":\"https:\\\/\\\/kttape.ee\\\/lt\\\/#organization\"},\"alternateName\":\"kinesioteip, kinesioloogiline teip, kt teip\",\"potentialAction\":[{\"@type\":\"SearchAction\",\"target\":{\"@type\":\"EntryPoint\",\"urlTemplate\":\"https:\\\/\\\/kttape.ee\\\/lt\\\/?s={search_term_string}\"},\"query-input\":{\"@type\":\"PropertyValueSpecification\",\"valueRequired\":true,\"valueName\":\"search_term_string\"}}],\"inLanguage\":\"lt-LT\"},{\"@type\":\"Organization\",\"@id\":\"https:\\\/\\\/kttape.ee\\\/lt\\\/#organization\",\"name\":\"Monger Baltic O\u00dc\",\"alternateName\":\"KT TAPE\",\"url\":\"https:\\\/\\\/kttape.ee\\\/lt\\\/\",\"logo\":{\"@type\":\"ImageObject\",\"inLanguage\":\"lt-LT\",\"@id\":\"https:\\\/\\\/kttape.ee\\\/lt\\\/#\\\/schema\\\/logo\\\/image\\\/\",\"url\":\"http:\\\/\\\/kttape.ee\\\/wp-content\\\/uploads\\\/2018\\\/11\\\/logo-monger-white-1.png\",\"contentUrl\":\"http:\\\/\\\/kttape.ee\\\/wp-content\\\/uploads\\\/2018\\\/11\\\/logo-monger-white-1.png\",\"width\":826,\"height\":532,\"caption\":\"Monger Baltic O\u00dc\"},\"image\":{\"@id\":\"https:\\\/\\\/kttape.ee\\\/lt\\\/#\\\/schema\\\/logo\\\/image\\\/\"},\"sameAs\":[\"https:\\\/\\\/www.facebook.com\\\/kttapeeesti\",\"https:\\\/\\\/www.instagram.com\\\/kttape.eesti\\\/\"]}]}<\/script>\n<meta property=\"og:availability\" content=\"instock\" \/>\n<meta property=\"product:availability\" content=\"instock\" \/>\n<meta property=\"product:condition\" content=\"new\" \/>\n<!-- \/ Yoast SEO Premium plugin. -->","yoast_head_json":{"title":"KT TAPE PRO FAST PACK - KT Tape Baltics s\u00fcnteetiline eell\u00f5igatud teip (kiirabi)","description":"PRO Fastpack on m\u00f5eldud kiirabina kui tervet rulli ei ole v\u00f5i ei soovita osta. Pakis on kolm 25cm pikkust eell\u00f5igatud teipi.","robots":{"index":"index","follow":"follow","max-snippet":"max-snippet:-1","max-image-preview":"max-image-preview:large","max-video-preview":"max-video-preview:-1"},"canonical":"https:\/\/kttape.ee\/lt\/product\/kt-tape-pro-fast-pack\/","og_locale":"lt_LT","og_type":"article","og_title":"KT TAPE PRO FAST PACK","og_description":"SINTETIN\u0116S KINEZINIO PLEISTRO JUOSTEL\u0116S - 3 VNT. KT pleistras \u2013 elastinga ir kv\u0117puojanti kinezin\u0117 juosta, pagaminta i\u0161 auk\u0161tos kokyb\u0117s sintetinio pluo\u0161to","og_url":"https:\/\/kttape.ee\/lt\/product\/kt-tape-pro-fast-pack\/","og_site_name":"KT Tape Baltics","article_publisher":"https:\/\/www.facebook.com\/kttapeeesti","article_modified_time":"2019-07-08T12:56:15+00:00","og_image":[{"width":1024,"height":1024,"url":"https:\/\/kttape.ee\/wp-content\/uploads\/2017\/06\/Pink-857879003690.jpg","type":"image\/jpeg"}],"twitter_card":"summary_large_image","twitter_misc":{"Availability":"In stock"},"schema":{"@context":"https:\/\/schema.org","@graph":[{"@type":"WebPage","@id":"https:\/\/kttape.ee\/lt\/product\/kt-tape-pro-fast-pack\/","url":"https:\/\/kttape.ee\/lt\/product\/kt-tape-pro-fast-pack\/","name":"KT TAPE PRO FAST PACK - KT Tape Baltics s\u00fcnteetiline eell\u00f5igatud teip (kiirabi)","isPartOf":{"@id":"https:\/\/kttape.ee\/lt\/#website"},"primaryImageOfPage":{"@id":"https:\/\/kttape.ee\/lt\/product\/kt-tape-pro-fast-pack\/#primaryimage"},"image":{"@id":"https:\/\/kttape.ee\/lt\/product\/kt-tape-pro-fast-pack\/#primaryimage"},"thumbnailUrl":"https:\/\/kttape.ee\/wp-content\/uploads\/2017\/06\/Pink-857879003690-jpg.webp","datePublished":"2017-06-12T09:16:49+00:00","dateModified":"2019-07-08T12:56:15+00:00","description":"PRO Fastpack on m\u00f5eldud kiirabina kui tervet rulli ei ole v\u00f5i ei soovita osta. Pakis on kolm 25cm pikkust eell\u00f5igatud teipi.","breadcrumb":{"@id":"https:\/\/kttape.ee\/lt\/product\/kt-tape-pro-fast-pack\/#breadcrumb"},"inLanguage":"lt-LT","potentialAction":[{"@type":"ReadAction","target":["https:\/\/kttape.ee\/lt\/product\/kt-tape-pro-fast-pack\/"]}]},{"@type":"ImageObject","inLanguage":"lt-LT","@id":"https:\/\/kttape.ee\/lt\/product\/kt-tape-pro-fast-pack\/#primaryimage","url":"https:\/\/kttape.ee\/wp-content\/uploads\/2017\/06\/Pink-857879003690-jpg.webp","contentUrl":"https:\/\/kttape.ee\/wp-content\/uploads\/2017\/06\/Pink-857879003690-jpg.webp","width":1024,"height":1024,"caption":"KT Tape PRO Kiirabi pakend"},{"@type":"BreadcrumbList","@id":"https:\/\/kttape.ee\/lt\/product\/kt-tape-pro-fast-pack\/#breadcrumb","itemListElement":[{"@type":"ListItem","position":1,"name":"Home","item":"https:\/\/kttape.ee\/lt\/"},{"@type":"ListItem","position":2,"name":"Prek\u0117s","item":"https:\/\/kttape.ee\/lt\/prekes\/"},{"@type":"ListItem","position":3,"name":"kt tape","item":"https:\/\/kttape.ee\/lt\/tag\/kt-tape-lt\/"},{"@type":"ListItem","position":4,"name":"KT TAPE PRO FAST PACK"}]},{"@type":"WebSite","@id":"https:\/\/kttape.ee\/lt\/#website","url":"https:\/\/kttape.ee\/lt\/","name":"KT TAPE","description":"Sveikatos ir sporto prek\u0117s","publisher":{"@id":"https:\/\/kttape.ee\/lt\/#organization"},"alternateName":"kinesioteip, kinesioloogiline teip, kt teip","potentialAction":[{"@type":"SearchAction","target":{"@type":"EntryPoint","urlTemplate":"https:\/\/kttape.ee\/lt\/?s={search_term_string}"},"query-input":{"@type":"PropertyValueSpecification","valueRequired":true,"valueName":"search_term_string"}}],"inLanguage":"lt-LT"},{"@type":"Organization","@id":"https:\/\/kttape.ee\/lt\/#organization","name":"Monger Baltic O\u00dc","alternateName":"KT TAPE","url":"https:\/\/kttape.ee\/lt\/","logo":{"@type":"ImageObject","inLanguage":"lt-LT","@id":"https:\/\/kttape.ee\/lt\/#\/schema\/logo\/image\/","url":"http:\/\/kttape.ee\/wp-content\/uploads\/2018\/11\/logo-monger-white-1.png","contentUrl":"http:\/\/kttape.ee\/wp-content\/uploads\/2018\/11\/logo-monger-white-1.png","width":826,"height":532,"caption":"Monger Baltic O\u00dc"},"image":{"@id":"https:\/\/kttape.ee\/lt\/#\/schema\/logo\/image\/"},"sameAs":["https:\/\/www.facebook.com\/kttapeeesti","https:\/\/www.instagram.com\/kttape.eesti\/"]}]},"og_availability":"instock","product_availability":"instock","product_condition":"new"},"_links":{"self":[{"href":"https:\/\/kttape.ee\/lt\/wp-json\/wp\/v2\/product\/1185","targetHints":{"allow":["GET"]}}],"collection":[{"href":"https:\/\/kttape.ee\/lt\/wp-json\/wp\/v2\/product"}],"about":[{"href":"https:\/\/kttape.ee\/lt\/wp-json\/wp\/v2\/types\/product"}],"wp:featuredmedia":[{"embeddable":true,"href":"https:\/\/kttape.ee\/lt\/wp-json\/wp\/v2\/media\/2432"}],"wp:attachment":[{"href":"https:\/\/kttape.ee\/lt\/wp-json\/wp\/v2\/media?parent=1185"}],"wp:term":[{"taxonomy":"product_brand","embeddable":true,"href":"https:\/\/kttape.ee\/lt\/wp-json\/wp\/v2\/product_brand?post=1185"},{"taxonomy":"product_cat","embeddable":true,"href":"https:\/\/kttape.ee\/lt\/wp-json\/wp\/v2\/product_cat?post=1185"},{"taxonomy":"product_tag","embeddable":true,"href":"https:\/\/kttape.ee\/lt\/wp-json\/wp\/v2\/product_tag?post=1185"}],"curies":[{"name":"wp","href":"https:\/\/api.w.org\/{rel}","templated":true}]}}