{"id":1234,"date":"2017-06-12T12:10:40","date_gmt":"2017-06-12T09:10:40","guid":{"rendered":"https:\/\/project.dreamo.ee\/monger\/kttape\/product\/kt-tape-pro-neon-jumbo-precut-150-teibi-riba\/"},"modified":"2019-07-07T13:20:25","modified_gmt":"2019-07-07T10:20:25","slug":"kt-tape-pro-neon-jumbo-precut-150-juosteliu","status":"publish","type":"product","link":"https:\/\/kttape.ee\/lt\/product\/kt-tape-pro-neon-jumbo-precut-150-juosteliu\/","title":{"rendered":"KT TAPE PRO NEON JUMBO PRECUT (150 JUOSTELI\u0172)"},"content":{"rendered":"<p>PADALYTAS JUOSTEL\u0116MIS SINTETINIO PLUO\u0160TO KINEZINIS PLEISTRAS<\/p>\n<p>KT pleistras \u2013 elastinga ir kv\u0117puojanti kinezin\u0117 juosta, pagaminta i\u0161 auk\u0161tos kokyb\u0117s sintetinio pluo\u0161to su antialerginiais ir vandeniui atspariais klijais. Pleistras tinka palaikyti raumen\u0173, s\u0105nari\u0173 ir sausgysli\u0173 stabilum\u0105 ir pagerinti j\u0173 mobilum\u0105. Ma\u017eina raumen\u0173 skausmus, esant nuovargiui, stresui ir (arba) u\u017edegimui, skatina greitesn\u012f gijim\u0105. Aktyvina limfos tek\u0117jim\u0105 ir kraujo apytak\u0105. Padeda i\u0161laikyti esam\u0105 s\u0105nari\u0173 pad\u0117t\u012f ir u\u017etikrina stabil\u0173 sutvirtinim\u0105. Instrukcijos: klijuoti ant \u0161varios, sausos ir neriebios odos. Geresniam sukibimui rekomenduojama nusiskusti arba patrumpinti plaukus. Pleistras laikosi iki septyni\u0173 dien\u0173, nepraranda veiksmingumo du\u0161e, baseine. Nor\u0117dami nuimti pleistr\u0105, atsargiai tempkite j\u012f plaukeli\u0173 augimo kryptimi, \u0161velniai prispausdami prie odos.<\/p>\n","protected":false},"excerpt":{"rendered":"<p>PADALYTAS JUOSTEL\u0116MIS SINTETINIO PLUO\u0160TO KINEZINIS PLEISTRAS KT pleistras \u2013 elastinga ir kv\u0117puojanti kinezin\u0117 juosta, pagaminta i\u0161 auk\u0161tos kokyb\u0117s sintetinio pluo\u0161to&#8230;<\/p>\n","protected":false},"featured_media":2365,"template":"","meta":{"_acf_changed":false},"product_brand":[],"product_cat":[168,153],"product_tag":[],"class_list":{"0":"post-1234","1":"product","2":"type-product","3":"status-publish","4":"has-post-thumbnail","6":"product_cat-didelis-ritinelis-padalytas-juostelemis-lt","7":"product_cat-kt-pro-pleistras-sintetinis","9":"first","10":"instock","11":"taxable","12":"shipping-taxable","13":"purchasable","14":"product-type-variable"},"acf":[],"yoast_head":"<!-- This site is optimized with the Yoast SEO Premium plugin v23.4 (Yoast SEO v27.3) - https:\/\/yoast.com\/product\/yoast-seo-premium-wordpress\/ -->\n<title>KT TAPE PRO NEON JUMBO PRECUT (150 JUOSTELI\u0172) - KT Tape Baltics<\/title>\n<meta name=\"robots\" content=\"index, follow, max-snippet:-1, max-image-preview:large, max-video-preview:-1\" \/>\n<link rel=\"canonical\" href=\"https:\/\/kttape.ee\/lt\/product\/kt-tape-pro-neon-jumbo-precut-150-juosteliu\/\" \/>\n<meta property=\"og:locale\" content=\"lt_LT\" \/>\n<meta property=\"og:type\" content=\"article\" \/>\n<meta property=\"og:title\" content=\"KT TAPE PRO NEON JUMBO PRECUT (150 JUOSTELI\u0172)\" \/>\n<meta property=\"og:description\" content=\"PADALYTAS JUOSTEL\u0116MIS SINTETINIO PLUO\u0160TO KINEZINIS PLEISTRAS KT pleistras \u2013 elastinga ir kv\u0117puojanti kinezin\u0117 juosta, pagaminta i\u0161 auk\u0161tos kokyb\u0117s\" \/>\n<meta property=\"og:url\" content=\"https:\/\/kttape.ee\/lt\/product\/kt-tape-pro-neon-jumbo-precut-150-juosteliu\/\" \/>\n<meta property=\"og:site_name\" content=\"KT Tape Baltics\" \/>\n<meta property=\"article:publisher\" content=\"https:\/\/www.facebook.com\/kttapeeesti\" \/>\n<meta property=\"article:modified_time\" content=\"2019-07-07T10:20:25+00:00\" \/>\n<meta property=\"og:image\" content=\"https:\/\/kttape.ee\/wp-content\/uploads\/2017\/06\/KT_JumboPRO_Laser-Blue.jpg\" \/>\n\t<meta property=\"og:image:width\" content=\"1023\" \/>\n\t<meta property=\"og:image:height\" content=\"1024\" \/>\n\t<meta property=\"og:image:type\" content=\"image\/jpeg\" \/>\n<meta name=\"twitter:card\" content=\"summary_large_image\" \/>\n<meta name=\"twitter:label1\" content=\"Availability\" \/>\n\t<meta name=\"twitter:data1\" content=\"In stock\" \/>\n<script type=\"application\/ld+json\" class=\"yoast-schema-graph\">{\"@context\":\"https:\\\/\\\/schema.org\",\"@graph\":[{\"@type\":\"WebPage\",\"@id\":\"https:\\\/\\\/kttape.ee\\\/lt\\\/product\\\/kt-tape-pro-neon-jumbo-precut-150-juosteliu\\\/\",\"url\":\"https:\\\/\\\/kttape.ee\\\/lt\\\/product\\\/kt-tape-pro-neon-jumbo-precut-150-juosteliu\\\/\",\"name\":\"KT TAPE PRO NEON JUMBO PRECUT (150 JUOSTELI\u0172) - KT Tape Baltics\",\"isPartOf\":{\"@id\":\"https:\\\/\\\/kttape.ee\\\/lt\\\/#website\"},\"primaryImageOfPage\":{\"@id\":\"https:\\\/\\\/kttape.ee\\\/lt\\\/product\\\/kt-tape-pro-neon-jumbo-precut-150-juosteliu\\\/#primaryimage\"},\"image\":{\"@id\":\"https:\\\/\\\/kttape.ee\\\/lt\\\/product\\\/kt-tape-pro-neon-jumbo-precut-150-juosteliu\\\/#primaryimage\"},\"thumbnailUrl\":\"https:\\\/\\\/kttape.ee\\\/wp-content\\\/uploads\\\/2017\\\/06\\\/KT_JumboPRO_Laser-Blue-jpg.webp\",\"datePublished\":\"2017-06-12T09:10:40+00:00\",\"dateModified\":\"2019-07-07T10:20:25+00:00\",\"breadcrumb\":{\"@id\":\"https:\\\/\\\/kttape.ee\\\/lt\\\/product\\\/kt-tape-pro-neon-jumbo-precut-150-juosteliu\\\/#breadcrumb\"},\"inLanguage\":\"lt-LT\",\"potentialAction\":[{\"@type\":\"ReadAction\",\"target\":[\"https:\\\/\\\/kttape.ee\\\/lt\\\/product\\\/kt-tape-pro-neon-jumbo-precut-150-juosteliu\\\/\"]}]},{\"@type\":\"ImageObject\",\"inLanguage\":\"lt-LT\",\"@id\":\"https:\\\/\\\/kttape.ee\\\/lt\\\/product\\\/kt-tape-pro-neon-jumbo-precut-150-juosteliu\\\/#primaryimage\",\"url\":\"https:\\\/\\\/kttape.ee\\\/wp-content\\\/uploads\\\/2017\\\/06\\\/KT_JumboPRO_Laser-Blue-jpg.webp\",\"contentUrl\":\"https:\\\/\\\/kttape.ee\\\/wp-content\\\/uploads\\\/2017\\\/06\\\/KT_JumboPRO_Laser-Blue-jpg.webp\",\"width\":1023,\"height\":1024,\"caption\":\"KT Tape PRO Jumbo helesinine\"},{\"@type\":\"BreadcrumbList\",\"@id\":\"https:\\\/\\\/kttape.ee\\\/lt\\\/product\\\/kt-tape-pro-neon-jumbo-precut-150-juosteliu\\\/#breadcrumb\",\"itemListElement\":[{\"@type\":\"ListItem\",\"position\":1,\"name\":\"Home\",\"item\":\"https:\\\/\\\/kttape.ee\\\/lt\\\/\"},{\"@type\":\"ListItem\",\"position\":2,\"name\":\"Prek\u0117s\",\"item\":\"https:\\\/\\\/kttape.ee\\\/lt\\\/prekes\\\/\"},{\"@type\":\"ListItem\",\"position\":3,\"name\":\"KT TAPE PRO NEON JUMBO PRECUT (150 JUOSTELI\u0172)\"}]},{\"@type\":\"WebSite\",\"@id\":\"https:\\\/\\\/kttape.ee\\\/lt\\\/#website\",\"url\":\"https:\\\/\\\/kttape.ee\\\/lt\\\/\",\"name\":\"KT TAPE\",\"description\":\"Sveikatos ir sporto prek\u0117s\",\"publisher\":{\"@id\":\"https:\\\/\\\/kttape.ee\\\/lt\\\/#organization\"},\"alternateName\":\"kinesioteip, kinesioloogiline teip, kt teip\",\"potentialAction\":[{\"@type\":\"SearchAction\",\"target\":{\"@type\":\"EntryPoint\",\"urlTemplate\":\"https:\\\/\\\/kttape.ee\\\/lt\\\/?s={search_term_string}\"},\"query-input\":{\"@type\":\"PropertyValueSpecification\",\"valueRequired\":true,\"valueName\":\"search_term_string\"}}],\"inLanguage\":\"lt-LT\"},{\"@type\":\"Organization\",\"@id\":\"https:\\\/\\\/kttape.ee\\\/lt\\\/#organization\",\"name\":\"Monger Baltic O\u00dc\",\"alternateName\":\"KT TAPE\",\"url\":\"https:\\\/\\\/kttape.ee\\\/lt\\\/\",\"logo\":{\"@type\":\"ImageObject\",\"inLanguage\":\"lt-LT\",\"@id\":\"https:\\\/\\\/kttape.ee\\\/lt\\\/#\\\/schema\\\/logo\\\/image\\\/\",\"url\":\"http:\\\/\\\/kttape.ee\\\/wp-content\\\/uploads\\\/2018\\\/11\\\/logo-monger-white-1.png\",\"contentUrl\":\"http:\\\/\\\/kttape.ee\\\/wp-content\\\/uploads\\\/2018\\\/11\\\/logo-monger-white-1.png\",\"width\":826,\"height\":532,\"caption\":\"Monger Baltic O\u00dc\"},\"image\":{\"@id\":\"https:\\\/\\\/kttape.ee\\\/lt\\\/#\\\/schema\\\/logo\\\/image\\\/\"},\"sameAs\":[\"https:\\\/\\\/www.facebook.com\\\/kttapeeesti\",\"https:\\\/\\\/www.instagram.com\\\/kttape.eesti\\\/\"]}]}<\/script>\n<meta property=\"og:availability\" content=\"instock\" \/>\n<meta property=\"product:availability\" content=\"instock\" \/>\n<meta property=\"product:condition\" content=\"new\" \/>\n<!-- \/ Yoast SEO Premium plugin. -->","yoast_head_json":{"title":"KT TAPE PRO NEON JUMBO PRECUT (150 JUOSTELI\u0172) - KT Tape Baltics","robots":{"index":"index","follow":"follow","max-snippet":"max-snippet:-1","max-image-preview":"max-image-preview:large","max-video-preview":"max-video-preview:-1"},"canonical":"https:\/\/kttape.ee\/lt\/product\/kt-tape-pro-neon-jumbo-precut-150-juosteliu\/","og_locale":"lt_LT","og_type":"article","og_title":"KT TAPE PRO NEON JUMBO PRECUT (150 JUOSTELI\u0172)","og_description":"PADALYTAS JUOSTEL\u0116MIS SINTETINIO PLUO\u0160TO KINEZINIS PLEISTRAS KT pleistras \u2013 elastinga ir kv\u0117puojanti kinezin\u0117 juosta, pagaminta i\u0161 auk\u0161tos kokyb\u0117s","og_url":"https:\/\/kttape.ee\/lt\/product\/kt-tape-pro-neon-jumbo-precut-150-juosteliu\/","og_site_name":"KT Tape Baltics","article_publisher":"https:\/\/www.facebook.com\/kttapeeesti","article_modified_time":"2019-07-07T10:20:25+00:00","og_image":[{"width":1023,"height":1024,"url":"https:\/\/kttape.ee\/wp-content\/uploads\/2017\/06\/KT_JumboPRO_Laser-Blue.jpg","type":"image\/jpeg"}],"twitter_card":"summary_large_image","twitter_misc":{"Availability":"In stock"},"schema":{"@context":"https:\/\/schema.org","@graph":[{"@type":"WebPage","@id":"https:\/\/kttape.ee\/lt\/product\/kt-tape-pro-neon-jumbo-precut-150-juosteliu\/","url":"https:\/\/kttape.ee\/lt\/product\/kt-tape-pro-neon-jumbo-precut-150-juosteliu\/","name":"KT TAPE PRO NEON JUMBO PRECUT (150 JUOSTELI\u0172) - KT Tape Baltics","isPartOf":{"@id":"https:\/\/kttape.ee\/lt\/#website"},"primaryImageOfPage":{"@id":"https:\/\/kttape.ee\/lt\/product\/kt-tape-pro-neon-jumbo-precut-150-juosteliu\/#primaryimage"},"image":{"@id":"https:\/\/kttape.ee\/lt\/product\/kt-tape-pro-neon-jumbo-precut-150-juosteliu\/#primaryimage"},"thumbnailUrl":"https:\/\/kttape.ee\/wp-content\/uploads\/2017\/06\/KT_JumboPRO_Laser-Blue-jpg.webp","datePublished":"2017-06-12T09:10:40+00:00","dateModified":"2019-07-07T10:20:25+00:00","breadcrumb":{"@id":"https:\/\/kttape.ee\/lt\/product\/kt-tape-pro-neon-jumbo-precut-150-juosteliu\/#breadcrumb"},"inLanguage":"lt-LT","potentialAction":[{"@type":"ReadAction","target":["https:\/\/kttape.ee\/lt\/product\/kt-tape-pro-neon-jumbo-precut-150-juosteliu\/"]}]},{"@type":"ImageObject","inLanguage":"lt-LT","@id":"https:\/\/kttape.ee\/lt\/product\/kt-tape-pro-neon-jumbo-precut-150-juosteliu\/#primaryimage","url":"https:\/\/kttape.ee\/wp-content\/uploads\/2017\/06\/KT_JumboPRO_Laser-Blue-jpg.webp","contentUrl":"https:\/\/kttape.ee\/wp-content\/uploads\/2017\/06\/KT_JumboPRO_Laser-Blue-jpg.webp","width":1023,"height":1024,"caption":"KT Tape PRO Jumbo helesinine"},{"@type":"BreadcrumbList","@id":"https:\/\/kttape.ee\/lt\/product\/kt-tape-pro-neon-jumbo-precut-150-juosteliu\/#breadcrumb","itemListElement":[{"@type":"ListItem","position":1,"name":"Home","item":"https:\/\/kttape.ee\/lt\/"},{"@type":"ListItem","position":2,"name":"Prek\u0117s","item":"https:\/\/kttape.ee\/lt\/prekes\/"},{"@type":"ListItem","position":3,"name":"KT TAPE PRO NEON JUMBO PRECUT (150 JUOSTELI\u0172)"}]},{"@type":"WebSite","@id":"https:\/\/kttape.ee\/lt\/#website","url":"https:\/\/kttape.ee\/lt\/","name":"KT TAPE","description":"Sveikatos ir sporto prek\u0117s","publisher":{"@id":"https:\/\/kttape.ee\/lt\/#organization"},"alternateName":"kinesioteip, kinesioloogiline teip, kt teip","potentialAction":[{"@type":"SearchAction","target":{"@type":"EntryPoint","urlTemplate":"https:\/\/kttape.ee\/lt\/?s={search_term_string}"},"query-input":{"@type":"PropertyValueSpecification","valueRequired":true,"valueName":"search_term_string"}}],"inLanguage":"lt-LT"},{"@type":"Organization","@id":"https:\/\/kttape.ee\/lt\/#organization","name":"Monger Baltic O\u00dc","alternateName":"KT TAPE","url":"https:\/\/kttape.ee\/lt\/","logo":{"@type":"ImageObject","inLanguage":"lt-LT","@id":"https:\/\/kttape.ee\/lt\/#\/schema\/logo\/image\/","url":"http:\/\/kttape.ee\/wp-content\/uploads\/2018\/11\/logo-monger-white-1.png","contentUrl":"http:\/\/kttape.ee\/wp-content\/uploads\/2018\/11\/logo-monger-white-1.png","width":826,"height":532,"caption":"Monger Baltic O\u00dc"},"image":{"@id":"https:\/\/kttape.ee\/lt\/#\/schema\/logo\/image\/"},"sameAs":["https:\/\/www.facebook.com\/kttapeeesti","https:\/\/www.instagram.com\/kttape.eesti\/"]}]},"og_availability":"instock","product_availability":"instock","product_condition":"new"},"_links":{"self":[{"href":"https:\/\/kttape.ee\/lt\/wp-json\/wp\/v2\/product\/1234","targetHints":{"allow":["GET"]}}],"collection":[{"href":"https:\/\/kttape.ee\/lt\/wp-json\/wp\/v2\/product"}],"about":[{"href":"https:\/\/kttape.ee\/lt\/wp-json\/wp\/v2\/types\/product"}],"wp:featuredmedia":[{"embeddable":true,"href":"https:\/\/kttape.ee\/lt\/wp-json\/wp\/v2\/media\/2365"}],"wp:attachment":[{"href":"https:\/\/kttape.ee\/lt\/wp-json\/wp\/v2\/media?parent=1234"}],"wp:term":[{"taxonomy":"product_brand","embeddable":true,"href":"https:\/\/kttape.ee\/lt\/wp-json\/wp\/v2\/product_brand?post=1234"},{"taxonomy":"product_cat","embeddable":true,"href":"https:\/\/kttape.ee\/lt\/wp-json\/wp\/v2\/product_cat?post=1234"},{"taxonomy":"product_tag","embeddable":true,"href":"https:\/\/kttape.ee\/lt\/wp-json\/wp\/v2\/product_tag?post=1234"}],"curies":[{"name":"wp","href":"https:\/\/api.w.org\/{rel}","templated":true}]}}