{"id":1259,"date":"2017-06-12T12:06:42","date_gmt":"2017-06-12T09:06:42","guid":{"rendered":"https:\/\/project.dreamo.ee\/monger\/kttape\/product\/kt-tape-pro-neon-uncut-5m\/"},"modified":"2023-06-01T00:00:03","modified_gmt":"2023-05-31T21:00:03","slug":"kt-tape-pro-neon-uncut-16ft49m","status":"publish","type":"product","link":"https:\/\/kttape.ee\/lt\/product\/kt-tape-pro-neon-uncut-16ft49m\/","title":{"rendered":"KT TAPE PRO NEON UNCUT 16FT\/4,9M"},"content":{"rendered":"<p>SINTETINIO PLUO\u0160TO KINEZINIS PLEISTRAS<\/p>\n<p>KT pleistras \u2013 elastinga ir kv\u0117puojanti kinezin\u0117 juosta, pagaminta i\u0161 auk\u0161tos kokyb\u0117s sintetinio pluo\u0161to su antialerginiais ir vandeniui atspariais klijais. Pleistras tinka palaikyti raumen\u0173, s\u0105nari\u0173 ir sausgysli\u0173 stabilum\u0105 ir pagerinti j\u0173 mobilum\u0105. Ma\u017eina raumen\u0173 skausmus, esant nuovargiui, stresui ir (arba) u\u017edegimui, skatina greitesn\u012f gijim\u0105. Aktyvina limfos tek\u0117jim\u0105 ir kraujo apytak\u0105. Padeda i\u0161laikyti esam\u0105 s\u0105nari\u0173 pad\u0117t\u012f ir u\u017etikrina stabil\u0173 sutvirtinim\u0105. Instrukcijos: klijuoti ant \u0161varios, sausos ir neriebios odos. Geresniam sukibimui rekomenduojama nusiskusti arba patrumpinti plaukus. Pleistras laikosi iki septyni\u0173 dien\u0173, nepraranda veiksmingumo du\u0161e, baseine. Nor\u0117dami nuimti pleistr\u0105, atsargiai tempkite j\u012f plaukeli\u0173 augimo kryptimi, \u0161velniai prispausdami prie odos.<\/p>\n","protected":false},"excerpt":{"rendered":"<p>SINTETINIO PLUO\u0160TO KINEZINIS PLEISTRAS KT pleistras \u2013 elastinga ir kv\u0117puojanti kinezin\u0117 juosta, pagaminta i\u0161 auk\u0161tos kokyb\u0117s sintetinio pluo\u0161to su antialerginiais&#8230;<\/p>\n","protected":false},"featured_media":2317,"template":"","meta":{"_acf_changed":false},"product_brand":[],"product_cat":[153,163],"product_tag":[],"class_list":{"0":"post-1259","1":"product","2":"type-product","3":"status-publish","4":"has-post-thumbnail","6":"product_cat-kt-pro-pleistras-sintetinis","7":"product_cat-mazas-ritinelis-lt","9":"first","10":"instock","11":"sale","12":"taxable","13":"shipping-taxable","14":"purchasable","15":"product-type-variable"},"acf":[],"yoast_head":"<!-- This site is optimized with the Yoast SEO Premium plugin v27.2 (Yoast SEO v27.4) - https:\/\/yoast.com\/product\/yoast-seo-premium-wordpress\/ -->\n<title>KT TAPE PRO NEON UNCUT 16FT\/4,9M - KT Tape Baltics<\/title>\n<meta name=\"robots\" content=\"index, follow, max-snippet:-1, max-image-preview:large, max-video-preview:-1\" \/>\n<link rel=\"canonical\" href=\"https:\/\/kttape.ee\/lt\/product\/kt-tape-pro-neon-uncut-16ft49m\/\" \/>\n<meta property=\"og:locale\" content=\"lt_LT\" \/>\n<meta property=\"og:type\" content=\"article\" \/>\n<meta property=\"og:title\" content=\"KT TAPE PRO NEON UNCUT 16FT\/4,9M\" \/>\n<meta property=\"og:description\" content=\"SINTETINIO PLUO\u0160TO KINEZINIS PLEISTRAS KT pleistras \u2013 elastinga ir kv\u0117puojanti kinezin\u0117 juosta, pagaminta i\u0161 auk\u0161tos kokyb\u0117s sintetinio pluo\u0161to su\" \/>\n<meta property=\"og:url\" content=\"https:\/\/kttape.ee\/lt\/product\/kt-tape-pro-neon-uncut-16ft49m\/\" \/>\n<meta property=\"og:site_name\" content=\"KT Tape Baltics\" \/>\n<meta property=\"article:publisher\" content=\"https:\/\/www.facebook.com\/kttapeeesti\" \/>\n<meta property=\"article:modified_time\" content=\"2023-05-31T21:00:03+00:00\" \/>\n<meta property=\"og:image\" content=\"https:\/\/kttape.ee\/wp-content\/uploads\/2017\/06\/Black-Uncut857879003096.jpg\" \/>\n\t<meta property=\"og:image:width\" content=\"1024\" \/>\n\t<meta property=\"og:image:height\" content=\"1024\" \/>\n\t<meta property=\"og:image:type\" content=\"image\/jpeg\" \/>\n<meta name=\"twitter:card\" content=\"summary_large_image\" \/>\n<meta name=\"twitter:label1\" content=\"Availability\" \/>\n\t<meta name=\"twitter:data1\" content=\"In stock\" \/>\n<script type=\"application\/ld+json\" class=\"yoast-schema-graph\">{\"@context\":\"https:\\\/\\\/schema.org\",\"@graph\":[{\"@type\":\"WebPage\",\"@id\":\"https:\\\/\\\/kttape.ee\\\/lt\\\/product\\\/kt-tape-pro-neon-uncut-16ft49m\\\/\",\"url\":\"https:\\\/\\\/kttape.ee\\\/lt\\\/product\\\/kt-tape-pro-neon-uncut-16ft49m\\\/\",\"name\":\"KT TAPE PRO NEON UNCUT 16FT\\\/4,9M - KT Tape Baltics\",\"isPartOf\":{\"@id\":\"https:\\\/\\\/kttape.ee\\\/lt\\\/#website\"},\"primaryImageOfPage\":{\"@id\":\"https:\\\/\\\/kttape.ee\\\/lt\\\/product\\\/kt-tape-pro-neon-uncut-16ft49m\\\/#primaryimage\"},\"image\":{\"@id\":\"https:\\\/\\\/kttape.ee\\\/lt\\\/product\\\/kt-tape-pro-neon-uncut-16ft49m\\\/#primaryimage\"},\"thumbnailUrl\":\"https:\\\/\\\/kttape.ee\\\/wp-content\\\/uploads\\\/2017\\\/06\\\/Black-Uncut857879003096-jpg.webp\",\"datePublished\":\"2017-06-12T09:06:42+00:00\",\"dateModified\":\"2023-05-31T21:00:03+00:00\",\"breadcrumb\":{\"@id\":\"https:\\\/\\\/kttape.ee\\\/lt\\\/product\\\/kt-tape-pro-neon-uncut-16ft49m\\\/#breadcrumb\"},\"inLanguage\":\"lt-LT\",\"potentialAction\":[{\"@type\":\"ReadAction\",\"target\":[\"https:\\\/\\\/kttape.ee\\\/lt\\\/product\\\/kt-tape-pro-neon-uncut-16ft49m\\\/\"]}]},{\"@type\":\"ImageObject\",\"inLanguage\":\"lt-LT\",\"@id\":\"https:\\\/\\\/kttape.ee\\\/lt\\\/product\\\/kt-tape-pro-neon-uncut-16ft49m\\\/#primaryimage\",\"url\":\"https:\\\/\\\/kttape.ee\\\/wp-content\\\/uploads\\\/2017\\\/06\\\/Black-Uncut857879003096-jpg.webp\",\"contentUrl\":\"https:\\\/\\\/kttape.ee\\\/wp-content\\\/uploads\\\/2017\\\/06\\\/Black-Uncut857879003096-jpg.webp\",\"width\":1024,\"height\":1024,\"caption\":\"pro eell\u00f5igatud teip\"},{\"@type\":\"BreadcrumbList\",\"@id\":\"https:\\\/\\\/kttape.ee\\\/lt\\\/product\\\/kt-tape-pro-neon-uncut-16ft49m\\\/#breadcrumb\",\"itemListElement\":[{\"@type\":\"ListItem\",\"position\":1,\"name\":\"Home\",\"item\":\"https:\\\/\\\/kttape.ee\\\/lt\\\/\"},{\"@type\":\"ListItem\",\"position\":2,\"name\":\"Prek\u0117s\",\"item\":\"https:\\\/\\\/kttape.ee\\\/lt\\\/prekes\\\/\"},{\"@type\":\"ListItem\",\"position\":3,\"name\":\"KT TAPE PRO NEON UNCUT 16FT\\\/4,9M\"}]},{\"@type\":\"WebSite\",\"@id\":\"https:\\\/\\\/kttape.ee\\\/lt\\\/#website\",\"url\":\"https:\\\/\\\/kttape.ee\\\/lt\\\/\",\"name\":\"KT TAPE\",\"description\":\"Sveikatos ir sporto prek\u0117s\",\"publisher\":{\"@id\":\"https:\\\/\\\/kttape.ee\\\/lt\\\/#organization\"},\"alternateName\":\"kinesioteip, kinesioloogiline teip, kt teip\",\"potentialAction\":[{\"@type\":\"SearchAction\",\"target\":{\"@type\":\"EntryPoint\",\"urlTemplate\":\"https:\\\/\\\/kttape.ee\\\/lt\\\/?s={search_term_string}\"},\"query-input\":{\"@type\":\"PropertyValueSpecification\",\"valueRequired\":true,\"valueName\":\"search_term_string\"}}],\"inLanguage\":\"lt-LT\"},{\"@type\":\"Organization\",\"@id\":\"https:\\\/\\\/kttape.ee\\\/lt\\\/#organization\",\"name\":\"Monger Baltic O\u00dc\",\"alternateName\":\"KT TAPE\",\"url\":\"https:\\\/\\\/kttape.ee\\\/lt\\\/\",\"logo\":{\"@type\":\"ImageObject\",\"inLanguage\":\"lt-LT\",\"@id\":\"https:\\\/\\\/kttape.ee\\\/lt\\\/#\\\/schema\\\/logo\\\/image\\\/\",\"url\":\"http:\\\/\\\/kttape.ee\\\/wp-content\\\/uploads\\\/2018\\\/11\\\/logo-monger-white-1.png\",\"contentUrl\":\"http:\\\/\\\/kttape.ee\\\/wp-content\\\/uploads\\\/2018\\\/11\\\/logo-monger-white-1.png\",\"width\":826,\"height\":532,\"caption\":\"Monger Baltic O\u00dc\"},\"image\":{\"@id\":\"https:\\\/\\\/kttape.ee\\\/lt\\\/#\\\/schema\\\/logo\\\/image\\\/\"},\"sameAs\":[\"https:\\\/\\\/www.facebook.com\\\/kttapeeesti\",\"https:\\\/\\\/www.instagram.com\\\/kttape.eesti\\\/\"]}]}<\/script>\n<meta property=\"og:availability\" content=\"instock\" \/>\n<meta property=\"product:availability\" content=\"instock\" \/>\n<meta property=\"product:condition\" content=\"new\" \/>\n<!-- \/ Yoast SEO Premium plugin. -->","yoast_head_json":{"title":"KT TAPE PRO NEON UNCUT 16FT\/4,9M - KT Tape Baltics","robots":{"index":"index","follow":"follow","max-snippet":"max-snippet:-1","max-image-preview":"max-image-preview:large","max-video-preview":"max-video-preview:-1"},"canonical":"https:\/\/kttape.ee\/lt\/product\/kt-tape-pro-neon-uncut-16ft49m\/","og_locale":"lt_LT","og_type":"article","og_title":"KT TAPE PRO NEON UNCUT 16FT\/4,9M","og_description":"SINTETINIO PLUO\u0160TO KINEZINIS PLEISTRAS KT pleistras \u2013 elastinga ir kv\u0117puojanti kinezin\u0117 juosta, pagaminta i\u0161 auk\u0161tos kokyb\u0117s sintetinio pluo\u0161to su","og_url":"https:\/\/kttape.ee\/lt\/product\/kt-tape-pro-neon-uncut-16ft49m\/","og_site_name":"KT Tape Baltics","article_publisher":"https:\/\/www.facebook.com\/kttapeeesti","article_modified_time":"2023-05-31T21:00:03+00:00","og_image":[{"width":1024,"height":1024,"url":"https:\/\/kttape.ee\/wp-content\/uploads\/2017\/06\/Black-Uncut857879003096.jpg","type":"image\/jpeg"}],"twitter_card":"summary_large_image","twitter_misc":{"Availability":"In stock"},"schema":{"@context":"https:\/\/schema.org","@graph":[{"@type":"WebPage","@id":"https:\/\/kttape.ee\/lt\/product\/kt-tape-pro-neon-uncut-16ft49m\/","url":"https:\/\/kttape.ee\/lt\/product\/kt-tape-pro-neon-uncut-16ft49m\/","name":"KT TAPE PRO NEON UNCUT 16FT\/4,9M - KT Tape Baltics","isPartOf":{"@id":"https:\/\/kttape.ee\/lt\/#website"},"primaryImageOfPage":{"@id":"https:\/\/kttape.ee\/lt\/product\/kt-tape-pro-neon-uncut-16ft49m\/#primaryimage"},"image":{"@id":"https:\/\/kttape.ee\/lt\/product\/kt-tape-pro-neon-uncut-16ft49m\/#primaryimage"},"thumbnailUrl":"https:\/\/kttape.ee\/wp-content\/uploads\/2017\/06\/Black-Uncut857879003096-jpg.webp","datePublished":"2017-06-12T09:06:42+00:00","dateModified":"2023-05-31T21:00:03+00:00","breadcrumb":{"@id":"https:\/\/kttape.ee\/lt\/product\/kt-tape-pro-neon-uncut-16ft49m\/#breadcrumb"},"inLanguage":"lt-LT","potentialAction":[{"@type":"ReadAction","target":["https:\/\/kttape.ee\/lt\/product\/kt-tape-pro-neon-uncut-16ft49m\/"]}]},{"@type":"ImageObject","inLanguage":"lt-LT","@id":"https:\/\/kttape.ee\/lt\/product\/kt-tape-pro-neon-uncut-16ft49m\/#primaryimage","url":"https:\/\/kttape.ee\/wp-content\/uploads\/2017\/06\/Black-Uncut857879003096-jpg.webp","contentUrl":"https:\/\/kttape.ee\/wp-content\/uploads\/2017\/06\/Black-Uncut857879003096-jpg.webp","width":1024,"height":1024,"caption":"pro eell\u00f5igatud teip"},{"@type":"BreadcrumbList","@id":"https:\/\/kttape.ee\/lt\/product\/kt-tape-pro-neon-uncut-16ft49m\/#breadcrumb","itemListElement":[{"@type":"ListItem","position":1,"name":"Home","item":"https:\/\/kttape.ee\/lt\/"},{"@type":"ListItem","position":2,"name":"Prek\u0117s","item":"https:\/\/kttape.ee\/lt\/prekes\/"},{"@type":"ListItem","position":3,"name":"KT TAPE PRO NEON UNCUT 16FT\/4,9M"}]},{"@type":"WebSite","@id":"https:\/\/kttape.ee\/lt\/#website","url":"https:\/\/kttape.ee\/lt\/","name":"KT TAPE","description":"Sveikatos ir sporto prek\u0117s","publisher":{"@id":"https:\/\/kttape.ee\/lt\/#organization"},"alternateName":"kinesioteip, kinesioloogiline teip, kt teip","potentialAction":[{"@type":"SearchAction","target":{"@type":"EntryPoint","urlTemplate":"https:\/\/kttape.ee\/lt\/?s={search_term_string}"},"query-input":{"@type":"PropertyValueSpecification","valueRequired":true,"valueName":"search_term_string"}}],"inLanguage":"lt-LT"},{"@type":"Organization","@id":"https:\/\/kttape.ee\/lt\/#organization","name":"Monger Baltic O\u00dc","alternateName":"KT TAPE","url":"https:\/\/kttape.ee\/lt\/","logo":{"@type":"ImageObject","inLanguage":"lt-LT","@id":"https:\/\/kttape.ee\/lt\/#\/schema\/logo\/image\/","url":"http:\/\/kttape.ee\/wp-content\/uploads\/2018\/11\/logo-monger-white-1.png","contentUrl":"http:\/\/kttape.ee\/wp-content\/uploads\/2018\/11\/logo-monger-white-1.png","width":826,"height":532,"caption":"Monger Baltic O\u00dc"},"image":{"@id":"https:\/\/kttape.ee\/lt\/#\/schema\/logo\/image\/"},"sameAs":["https:\/\/www.facebook.com\/kttapeeesti","https:\/\/www.instagram.com\/kttape.eesti\/"]}]},"og_availability":"instock","product_availability":"instock","product_condition":"new"},"_links":{"self":[{"href":"https:\/\/kttape.ee\/lt\/wp-json\/wp\/v2\/product\/1259","targetHints":{"allow":["GET"]}}],"collection":[{"href":"https:\/\/kttape.ee\/lt\/wp-json\/wp\/v2\/product"}],"about":[{"href":"https:\/\/kttape.ee\/lt\/wp-json\/wp\/v2\/types\/product"}],"wp:featuredmedia":[{"embeddable":true,"href":"https:\/\/kttape.ee\/lt\/wp-json\/wp\/v2\/media\/2317"}],"wp:attachment":[{"href":"https:\/\/kttape.ee\/lt\/wp-json\/wp\/v2\/media?parent=1259"}],"wp:term":[{"taxonomy":"product_brand","embeddable":true,"href":"https:\/\/kttape.ee\/lt\/wp-json\/wp\/v2\/product_brand?post=1259"},{"taxonomy":"product_cat","embeddable":true,"href":"https:\/\/kttape.ee\/lt\/wp-json\/wp\/v2\/product_cat?post=1259"},{"taxonomy":"product_tag","embeddable":true,"href":"https:\/\/kttape.ee\/lt\/wp-json\/wp\/v2\/product_tag?post=1259"}],"curies":[{"name":"wp","href":"https:\/\/api.w.org\/{rel}","templated":true}]}}