{"id":1379,"date":"2017-06-12T11:56:07","date_gmt":"2017-06-12T08:56:07","guid":{"rendered":"https:\/\/project.dreamo.ee\/monger\/kttape\/product\/kt-tape-jumbo-edema-83x45cm\/"},"modified":"2019-07-08T16:23:25","modified_gmt":"2019-07-08T13:23:25","slug":"kt-tape-pro-jumbo-edema-124ft378m","status":"publish","type":"product","link":"https:\/\/kttape.ee\/lt\/product\/kt-tape-pro-jumbo-edema-124ft378m\/","title":{"rendered":"KT TAPE PRO JUMBO EDEMA 124FT\/37,8M"},"content":{"rendered":"<p>PADALYTAS JUOSTEL\u0116MIS MEDVILNINIS KINEZINIS PLEISTRAS EDEMA<\/p>\n<p>KT pleistras \u2013 elastinga ir kv\u0117puojanti kinezin\u0117 juosta, pagaminta i\u0161 auk\u0161tos kokyb\u0117s medviln\u0117s su antialerginiais ir vandeniui atspariais klijais. Pleistras tinka palaikyti raumen\u0173, s\u0105nari\u0173 ir sausgysli\u0173 stabilum\u0105 ir pagerinti j\u0173 mobilum\u0105. Ma\u017eina raumen\u0173 skausmus, esant nuovargiui, stresui ir (arba) u\u017edegimui, skatina greitesn\u012f gijim\u0105. Aktyvina limfos tek\u0117jim\u0105 ir kraujo apytak\u0105. Padeda i\u0161laikyti esam\u0105 s\u0105nari\u0173 pad\u0117t\u012f ir u\u017etikrina stabil\u0173 sutvirtinim\u0105. Instrukcijos: klijuoti ant \u0161varios, sausos ir neriebios odos. Geresniam sukibimui rekomenduojama nusiskusti arba patrumpinti plaukus. Pleistras laikosi iki penki\u0173 dien\u0173, nepraranda veiksmingumo du\u0161e, baseine. Nor\u0117dami nuimti pleistr\u0105, atsargiai tempkite j\u012f plaukeli\u0173 augimo kryptimi, \u0161velniai prispausdami prie odos.<\/p>\n","protected":false},"excerpt":{"rendered":"<p>PADALYTAS JUOSTEL\u0116MIS MEDVILNINIS KINEZINIS PLEISTRAS EDEMA KT pleistras \u2013 elastinga ir kv\u0117puojanti kinezin\u0117 juosta, pagaminta i\u0161 auk\u0161tos kokyb\u0117s medviln\u0117s su&#8230;<\/p>\n","protected":false},"featured_media":2235,"template":"","meta":{"_acf_changed":false},"product_brand":[],"product_cat":[124,84],"product_tag":[],"class_list":{"0":"post-1379","1":"product","2":"type-product","3":"status-publish","4":"has-post-thumbnail","6":"product_cat-isskirtines-prekes","7":"product_cat-kt-pleistras-medvilninis","9":"first","10":"instock","11":"taxable","12":"shipping-taxable","13":"purchasable","14":"product-type-variable"},"acf":[],"yoast_head":"<!-- This site is optimized with the Yoast SEO Premium plugin v27.2 (Yoast SEO v27.4) - https:\/\/yoast.com\/product\/yoast-seo-premium-wordpress\/ -->\n<title>KT TAPE PRO JUMBO EDEMA 124FT\/37,8M - KT Tape Baltics eell\u00f5igatud turse teip Edema<\/title>\n<meta name=\"description\" content=\"Edema (turse) teip on eell\u00f5igatud 45 cm pikkusteks ribadeks ning \u00fchte riba on omakorda v\u00f5imalik jagada viieks pralleelseks ribaks.\" \/>\n<meta name=\"robots\" content=\"index, follow, max-snippet:-1, max-image-preview:large, max-video-preview:-1\" \/>\n<link rel=\"canonical\" href=\"https:\/\/kttape.ee\/lt\/product\/kt-tape-pro-jumbo-edema-124ft378m\/\" \/>\n<meta property=\"og:locale\" content=\"lt_LT\" \/>\n<meta property=\"og:type\" content=\"article\" \/>\n<meta property=\"og:title\" content=\"KT Tape Edema teip\" \/>\n<meta property=\"og:description\" content=\"Edema teip on eell\u00f5igatud 45 cm pikkusteks ribadeks ning \u00fchte riba on omakorda v\u00f5imalik jagada viieks pralleelseks ribaks.\" \/>\n<meta property=\"og:url\" content=\"https:\/\/kttape.ee\/lt\/product\/kt-tape-pro-jumbo-edema-124ft378m\/\" \/>\n<meta property=\"og:site_name\" content=\"KT Tape Baltics\" \/>\n<meta property=\"article:publisher\" content=\"https:\/\/www.facebook.com\/kttapeeesti\" \/>\n<meta property=\"article:modified_time\" content=\"2019-07-08T13:23:25+00:00\" \/>\n<meta property=\"og:image\" content=\"https:\/\/kttape.ee\/wp-content\/uploads\/2017\/06\/Jumbo-Cotton-Edema-Beige-1.jpg\" \/>\n\t<meta property=\"og:image:width\" content=\"1024\" \/>\n\t<meta property=\"og:image:height\" content=\"1024\" \/>\n\t<meta property=\"og:image:type\" content=\"image\/jpeg\" \/>\n<meta name=\"twitter:card\" content=\"summary_large_image\" \/>\n<meta name=\"twitter:title\" content=\"KT TAPE PRO JUMBO EDEMA 124FT\/37,8M\" \/>\n<meta name=\"twitter:description\" content=\"PADALYTAS JUOSTEL\u0116MIS MEDVILNINIS KINEZINIS PLEISTRAS EDEMA KT pleistras \u2013 elastinga ir kv\u0117puojanti kinezin\u0117 juosta, pagaminta i\u0161 auk\u0161tos kokyb\u0117s\" \/>\n<meta name=\"twitter:label1\" content=\"Availability\" \/>\n\t<meta name=\"twitter:data1\" content=\"In stock\" \/>\n<script type=\"application\/ld+json\" class=\"yoast-schema-graph\">{\"@context\":\"https:\\\/\\\/schema.org\",\"@graph\":[{\"@type\":\"WebPage\",\"@id\":\"https:\\\/\\\/kttape.ee\\\/lt\\\/product\\\/kt-tape-pro-jumbo-edema-124ft378m\\\/\",\"url\":\"https:\\\/\\\/kttape.ee\\\/lt\\\/product\\\/kt-tape-pro-jumbo-edema-124ft378m\\\/\",\"name\":\"KT TAPE PRO JUMBO EDEMA 124FT\\\/37,8M - KT Tape Baltics eell\u00f5igatud turse teip Edema\",\"isPartOf\":{\"@id\":\"https:\\\/\\\/kttape.ee\\\/lt\\\/#website\"},\"primaryImageOfPage\":{\"@id\":\"https:\\\/\\\/kttape.ee\\\/lt\\\/product\\\/kt-tape-pro-jumbo-edema-124ft378m\\\/#primaryimage\"},\"image\":{\"@id\":\"https:\\\/\\\/kttape.ee\\\/lt\\\/product\\\/kt-tape-pro-jumbo-edema-124ft378m\\\/#primaryimage\"},\"thumbnailUrl\":\"https:\\\/\\\/kttape.ee\\\/wp-content\\\/uploads\\\/2017\\\/06\\\/Jumbo-Cotton-Edema-Beige-1-jpg.webp\",\"datePublished\":\"2017-06-12T08:56:07+00:00\",\"dateModified\":\"2019-07-08T13:23:25+00:00\",\"description\":\"Edema (turse) teip on eell\u00f5igatud 45 cm pikkusteks ribadeks ning \u00fchte riba on omakorda v\u00f5imalik jagada viieks pralleelseks ribaks.\",\"breadcrumb\":{\"@id\":\"https:\\\/\\\/kttape.ee\\\/lt\\\/product\\\/kt-tape-pro-jumbo-edema-124ft378m\\\/#breadcrumb\"},\"inLanguage\":\"lt-LT\",\"potentialAction\":[{\"@type\":\"ReadAction\",\"target\":[\"https:\\\/\\\/kttape.ee\\\/lt\\\/product\\\/kt-tape-pro-jumbo-edema-124ft378m\\\/\"]}]},{\"@type\":\"ImageObject\",\"inLanguage\":\"lt-LT\",\"@id\":\"https:\\\/\\\/kttape.ee\\\/lt\\\/product\\\/kt-tape-pro-jumbo-edema-124ft378m\\\/#primaryimage\",\"url\":\"https:\\\/\\\/kttape.ee\\\/wp-content\\\/uploads\\\/2017\\\/06\\\/Jumbo-Cotton-Edema-Beige-1-jpg.webp\",\"contentUrl\":\"https:\\\/\\\/kttape.ee\\\/wp-content\\\/uploads\\\/2017\\\/06\\\/Jumbo-Cotton-Edema-Beige-1-jpg.webp\",\"width\":1024,\"height\":1024,\"caption\":\"KT Tape Edema (turse)\"},{\"@type\":\"BreadcrumbList\",\"@id\":\"https:\\\/\\\/kttape.ee\\\/lt\\\/product\\\/kt-tape-pro-jumbo-edema-124ft378m\\\/#breadcrumb\",\"itemListElement\":[{\"@type\":\"ListItem\",\"position\":1,\"name\":\"Home\",\"item\":\"https:\\\/\\\/kttape.ee\\\/lt\\\/\"},{\"@type\":\"ListItem\",\"position\":2,\"name\":\"Prek\u0117s\",\"item\":\"https:\\\/\\\/kttape.ee\\\/lt\\\/prekes\\\/\"},{\"@type\":\"ListItem\",\"position\":3,\"name\":\"KT TAPE PRO JUMBO EDEMA 124FT\\\/37,8M\"}]},{\"@type\":\"WebSite\",\"@id\":\"https:\\\/\\\/kttape.ee\\\/lt\\\/#website\",\"url\":\"https:\\\/\\\/kttape.ee\\\/lt\\\/\",\"name\":\"KT TAPE\",\"description\":\"Sveikatos ir sporto prek\u0117s\",\"publisher\":{\"@id\":\"https:\\\/\\\/kttape.ee\\\/lt\\\/#organization\"},\"alternateName\":\"kinesioteip, kinesioloogiline teip, kt teip\",\"potentialAction\":[{\"@type\":\"SearchAction\",\"target\":{\"@type\":\"EntryPoint\",\"urlTemplate\":\"https:\\\/\\\/kttape.ee\\\/lt\\\/?s={search_term_string}\"},\"query-input\":{\"@type\":\"PropertyValueSpecification\",\"valueRequired\":true,\"valueName\":\"search_term_string\"}}],\"inLanguage\":\"lt-LT\"},{\"@type\":\"Organization\",\"@id\":\"https:\\\/\\\/kttape.ee\\\/lt\\\/#organization\",\"name\":\"Monger Baltic O\u00dc\",\"alternateName\":\"KT TAPE\",\"url\":\"https:\\\/\\\/kttape.ee\\\/lt\\\/\",\"logo\":{\"@type\":\"ImageObject\",\"inLanguage\":\"lt-LT\",\"@id\":\"https:\\\/\\\/kttape.ee\\\/lt\\\/#\\\/schema\\\/logo\\\/image\\\/\",\"url\":\"http:\\\/\\\/kttape.ee\\\/wp-content\\\/uploads\\\/2018\\\/11\\\/logo-monger-white-1.png\",\"contentUrl\":\"http:\\\/\\\/kttape.ee\\\/wp-content\\\/uploads\\\/2018\\\/11\\\/logo-monger-white-1.png\",\"width\":826,\"height\":532,\"caption\":\"Monger Baltic O\u00dc\"},\"image\":{\"@id\":\"https:\\\/\\\/kttape.ee\\\/lt\\\/#\\\/schema\\\/logo\\\/image\\\/\"},\"sameAs\":[\"https:\\\/\\\/www.facebook.com\\\/kttapeeesti\",\"https:\\\/\\\/www.instagram.com\\\/kttape.eesti\\\/\"]}]}<\/script>\n<meta property=\"og:availability\" content=\"instock\" \/>\n<meta property=\"product:availability\" content=\"instock\" \/>\n<meta property=\"product:condition\" content=\"new\" \/>\n<!-- \/ Yoast SEO Premium plugin. -->","yoast_head_json":{"title":"KT TAPE PRO JUMBO EDEMA 124FT\/37,8M - KT Tape Baltics eell\u00f5igatud turse teip Edema","description":"Edema (turse) teip on eell\u00f5igatud 45 cm pikkusteks ribadeks ning \u00fchte riba on omakorda v\u00f5imalik jagada viieks pralleelseks ribaks.","robots":{"index":"index","follow":"follow","max-snippet":"max-snippet:-1","max-image-preview":"max-image-preview:large","max-video-preview":"max-video-preview:-1"},"canonical":"https:\/\/kttape.ee\/lt\/product\/kt-tape-pro-jumbo-edema-124ft378m\/","og_locale":"lt_LT","og_type":"article","og_title":"KT Tape Edema teip","og_description":"Edema teip on eell\u00f5igatud 45 cm pikkusteks ribadeks ning \u00fchte riba on omakorda v\u00f5imalik jagada viieks pralleelseks ribaks.","og_url":"https:\/\/kttape.ee\/lt\/product\/kt-tape-pro-jumbo-edema-124ft378m\/","og_site_name":"KT Tape Baltics","article_publisher":"https:\/\/www.facebook.com\/kttapeeesti","article_modified_time":"2019-07-08T13:23:25+00:00","og_image":[{"width":1024,"height":1024,"url":"https:\/\/kttape.ee\/wp-content\/uploads\/2017\/06\/Jumbo-Cotton-Edema-Beige-1.jpg","type":"image\/jpeg"}],"twitter_card":"summary_large_image","twitter_title":"KT TAPE PRO JUMBO EDEMA 124FT\/37,8M","twitter_description":"PADALYTAS JUOSTEL\u0116MIS MEDVILNINIS KINEZINIS PLEISTRAS EDEMA KT pleistras \u2013 elastinga ir kv\u0117puojanti kinezin\u0117 juosta, pagaminta i\u0161 auk\u0161tos kokyb\u0117s","twitter_misc":{"Availability":"In stock"},"schema":{"@context":"https:\/\/schema.org","@graph":[{"@type":"WebPage","@id":"https:\/\/kttape.ee\/lt\/product\/kt-tape-pro-jumbo-edema-124ft378m\/","url":"https:\/\/kttape.ee\/lt\/product\/kt-tape-pro-jumbo-edema-124ft378m\/","name":"KT TAPE PRO JUMBO EDEMA 124FT\/37,8M - KT Tape Baltics eell\u00f5igatud turse teip Edema","isPartOf":{"@id":"https:\/\/kttape.ee\/lt\/#website"},"primaryImageOfPage":{"@id":"https:\/\/kttape.ee\/lt\/product\/kt-tape-pro-jumbo-edema-124ft378m\/#primaryimage"},"image":{"@id":"https:\/\/kttape.ee\/lt\/product\/kt-tape-pro-jumbo-edema-124ft378m\/#primaryimage"},"thumbnailUrl":"https:\/\/kttape.ee\/wp-content\/uploads\/2017\/06\/Jumbo-Cotton-Edema-Beige-1-jpg.webp","datePublished":"2017-06-12T08:56:07+00:00","dateModified":"2019-07-08T13:23:25+00:00","description":"Edema (turse) teip on eell\u00f5igatud 45 cm pikkusteks ribadeks ning \u00fchte riba on omakorda v\u00f5imalik jagada viieks pralleelseks ribaks.","breadcrumb":{"@id":"https:\/\/kttape.ee\/lt\/product\/kt-tape-pro-jumbo-edema-124ft378m\/#breadcrumb"},"inLanguage":"lt-LT","potentialAction":[{"@type":"ReadAction","target":["https:\/\/kttape.ee\/lt\/product\/kt-tape-pro-jumbo-edema-124ft378m\/"]}]},{"@type":"ImageObject","inLanguage":"lt-LT","@id":"https:\/\/kttape.ee\/lt\/product\/kt-tape-pro-jumbo-edema-124ft378m\/#primaryimage","url":"https:\/\/kttape.ee\/wp-content\/uploads\/2017\/06\/Jumbo-Cotton-Edema-Beige-1-jpg.webp","contentUrl":"https:\/\/kttape.ee\/wp-content\/uploads\/2017\/06\/Jumbo-Cotton-Edema-Beige-1-jpg.webp","width":1024,"height":1024,"caption":"KT Tape Edema (turse)"},{"@type":"BreadcrumbList","@id":"https:\/\/kttape.ee\/lt\/product\/kt-tape-pro-jumbo-edema-124ft378m\/#breadcrumb","itemListElement":[{"@type":"ListItem","position":1,"name":"Home","item":"https:\/\/kttape.ee\/lt\/"},{"@type":"ListItem","position":2,"name":"Prek\u0117s","item":"https:\/\/kttape.ee\/lt\/prekes\/"},{"@type":"ListItem","position":3,"name":"KT TAPE PRO JUMBO EDEMA 124FT\/37,8M"}]},{"@type":"WebSite","@id":"https:\/\/kttape.ee\/lt\/#website","url":"https:\/\/kttape.ee\/lt\/","name":"KT TAPE","description":"Sveikatos ir sporto prek\u0117s","publisher":{"@id":"https:\/\/kttape.ee\/lt\/#organization"},"alternateName":"kinesioteip, kinesioloogiline teip, kt teip","potentialAction":[{"@type":"SearchAction","target":{"@type":"EntryPoint","urlTemplate":"https:\/\/kttape.ee\/lt\/?s={search_term_string}"},"query-input":{"@type":"PropertyValueSpecification","valueRequired":true,"valueName":"search_term_string"}}],"inLanguage":"lt-LT"},{"@type":"Organization","@id":"https:\/\/kttape.ee\/lt\/#organization","name":"Monger Baltic O\u00dc","alternateName":"KT TAPE","url":"https:\/\/kttape.ee\/lt\/","logo":{"@type":"ImageObject","inLanguage":"lt-LT","@id":"https:\/\/kttape.ee\/lt\/#\/schema\/logo\/image\/","url":"http:\/\/kttape.ee\/wp-content\/uploads\/2018\/11\/logo-monger-white-1.png","contentUrl":"http:\/\/kttape.ee\/wp-content\/uploads\/2018\/11\/logo-monger-white-1.png","width":826,"height":532,"caption":"Monger Baltic O\u00dc"},"image":{"@id":"https:\/\/kttape.ee\/lt\/#\/schema\/logo\/image\/"},"sameAs":["https:\/\/www.facebook.com\/kttapeeesti","https:\/\/www.instagram.com\/kttape.eesti\/"]}]},"og_availability":"instock","product_availability":"instock","product_condition":"new"},"_links":{"self":[{"href":"https:\/\/kttape.ee\/lt\/wp-json\/wp\/v2\/product\/1379","targetHints":{"allow":["GET"]}}],"collection":[{"href":"https:\/\/kttape.ee\/lt\/wp-json\/wp\/v2\/product"}],"about":[{"href":"https:\/\/kttape.ee\/lt\/wp-json\/wp\/v2\/types\/product"}],"wp:featuredmedia":[{"embeddable":true,"href":"https:\/\/kttape.ee\/lt\/wp-json\/wp\/v2\/media\/2235"}],"wp:attachment":[{"href":"https:\/\/kttape.ee\/lt\/wp-json\/wp\/v2\/media?parent=1379"}],"wp:term":[{"taxonomy":"product_brand","embeddable":true,"href":"https:\/\/kttape.ee\/lt\/wp-json\/wp\/v2\/product_brand?post=1379"},{"taxonomy":"product_cat","embeddable":true,"href":"https:\/\/kttape.ee\/lt\/wp-json\/wp\/v2\/product_cat?post=1379"},{"taxonomy":"product_tag","embeddable":true,"href":"https:\/\/kttape.ee\/lt\/wp-json\/wp\/v2\/product_tag?post=1379"}],"curies":[{"name":"wp","href":"https:\/\/api.w.org\/{rel}","templated":true}]}}