{"id":2726,"date":"2018-02-22T16:16:42","date_gmt":"2018-02-22T14:16:42","guid":{"rendered":"http:\/\/kttape.ee\/tooted\/villi-ravi-plaaster\/"},"modified":"2023-09-06T10:18:24","modified_gmt":"2023-09-06T07:18:24","slug":"villi-ravi-plaaster","status":"publish","type":"product","link":"https:\/\/kttape.ee\/lt\/product\/villi-ravi-plaaster\/","title":{"rendered":"Villi ravi plaaster"},"content":{"rendered":"<p><strong>KT PERFOMANCE+ <\/strong>\u00a0villi ravi plaaster on <strong>KT TAPE<sup>\u00ae<\/sup><\/strong> poolt spetsiaalselt sportlastele toodetud ja disainitud toode, mida kasutatakse villide ja v\u00e4ikeste haavade raviks. Iga plaaster on valmistatud kasutades k\u00f5rgtehnoloogilist h\u00fcdrokolloid geeli, mis kohandub ideaalselt nahaga ja p\u00fcsib seal ka siis, kui oled sportlikult aktiivne. Villid ja v\u00e4ikesed haavad paranevad kuni 2x kiiremini, kui tavalist kuiva sidet kasutades ning see v\u00f5imaldab Sul kauem treenida ning saada tugevamaks. Vaata villi ravi plaastri paigaldamise instruktsioone <a href=\"https:\/\/youtu.be\/3wbADOLCH3E\">siit!<\/a> Plaaster on veekindel ja kestab kuni 7 p\u00e4eva. T\u00e4helepanu! Kasutada ainult v\u00e4lispidiselt naha peale asetades. V\u00e4ltida tuleks sattumist silma ja teistele limaskestadele. Vajadusel konsulteerige oma raviarstiga. Maaletooja: Monger Baltic O\u00dc Tuukri 11 Tallinn, <a href=\"mailto:info@monger.ee\">info@monger.ee<\/a><\/p>\n<p>Vaata ka KT Tape villi ennetamise <a href=\"http:\/\/kttape.ee\/fi\/tuotteet\/villi-ennetamise-plaaster\/http:\/\/kttape.ee\/tooted\/villi-ennetamise-plaaster\/\">plaastrit!<\/a><\/p>\n","protected":false},"excerpt":{"rendered":"<p>KT PERFOMANCE+ \u00a0villi ravi plaaster on KT TAPE\u00ae poolt spetsiaalselt sportlastele toodetud ja disainitud toode, mida kasutatakse villide ja v\u00e4ikeste&#8230;<\/p>\n","protected":false},"featured_media":2880,"template":"","meta":{"_acf_changed":false},"product_brand":[],"product_cat":[147,253],"product_tag":[],"class_list":{"0":"post-2726","1":"product","2":"type-product","3":"status-publish","4":"has-post-thumbnail","6":"product_cat-kitos-prekes","7":"product_cat-naujos-prekes","9":"first","10":"onbackorder","11":"taxable","12":"shipping-taxable","13":"purchasable","14":"product-type-simple"},"acf":[],"yoast_head":"<!-- This site is optimized with the Yoast SEO Premium plugin v23.4 (Yoast SEO v27.3) - https:\/\/yoast.com\/product\/yoast-seo-premium-wordpress\/ -->\n<title>Villi ravi plaaster - KT Tape Baltics koost\u00f6\u00f6s<\/title>\n<meta name=\"description\" content=\"KT PERFOMANCE+ \u00a0villi ravi plaaster on KT TAPE\u00ae poolt spetsiaalselt toodetud ja disainitud toode, mida kasutatakse villide ja v\u00e4ikeste haavade raviks.\" \/>\n<meta name=\"robots\" content=\"index, follow, max-snippet:-1, max-image-preview:large, max-video-preview:-1\" \/>\n<link rel=\"canonical\" href=\"https:\/\/kttape.ee\/lt\/product\/villi-ravi-plaaster\/\" \/>\n<meta property=\"og:locale\" content=\"lt_LT\" \/>\n<meta property=\"og:type\" content=\"article\" \/>\n<meta property=\"og:title\" content=\"Villi ravi plaaster\" \/>\n<meta property=\"og:description\" content=\"KT PERFOMANCE+ \u00a0villi ravi plaaster on KT TAPE\u00ae poolt spetsiaalselt sportlastele toodetud ja disainitud toode, mida kasutatakse villide ja v\u00e4ikeste\" \/>\n<meta property=\"og:url\" content=\"https:\/\/kttape.ee\/lt\/product\/villi-ravi-plaaster\/\" \/>\n<meta property=\"og:site_name\" content=\"KT Tape Baltics\" \/>\n<meta property=\"article:publisher\" content=\"https:\/\/www.facebook.com\/kttapeeesti\" \/>\n<meta property=\"article:modified_time\" content=\"2023-09-06T07:18:24+00:00\" \/>\n<meta property=\"og:image\" content=\"https:\/\/kttape.ee\/wp-content\/uploads\/2018\/05\/Blister-Treatment-Patch_Front-3-ruut-2.jpg\" \/>\n\t<meta property=\"og:image:width\" content=\"1024\" \/>\n\t<meta property=\"og:image:height\" content=\"1024\" \/>\n\t<meta property=\"og:image:type\" content=\"image\/jpeg\" \/>\n<meta name=\"twitter:card\" content=\"summary_large_image\" \/>\n<meta name=\"twitter:label1\" content=\"Price\" \/>\n\t<meta name=\"twitter:data1\" content=\"11,00&nbsp;&euro;\" \/>\n\t<meta name=\"twitter:label2\" content=\"Availability\" \/>\n\t<meta name=\"twitter:data2\" content=\"On backorder\" \/>\n<script type=\"application\/ld+json\" class=\"yoast-schema-graph\">{\"@context\":\"https:\\\/\\\/schema.org\",\"@graph\":[{\"@type\":\"WebPage\",\"@id\":\"https:\\\/\\\/kttape.ee\\\/lt\\\/product\\\/villi-ravi-plaaster\\\/\",\"url\":\"https:\\\/\\\/kttape.ee\\\/lt\\\/product\\\/villi-ravi-plaaster\\\/\",\"name\":\"Villi ravi plaaster - KT Tape Baltics koost\u00f6\u00f6s\",\"isPartOf\":{\"@id\":\"https:\\\/\\\/kttape.ee\\\/lt\\\/#website\"},\"primaryImageOfPage\":{\"@id\":\"https:\\\/\\\/kttape.ee\\\/lt\\\/product\\\/villi-ravi-plaaster\\\/#primaryimage\"},\"image\":{\"@id\":\"https:\\\/\\\/kttape.ee\\\/lt\\\/product\\\/villi-ravi-plaaster\\\/#primaryimage\"},\"thumbnailUrl\":\"https:\\\/\\\/kttape.ee\\\/wp-content\\\/uploads\\\/2018\\\/05\\\/Blister-Treatment-Patch_Front-3-ruut-2-jpg.webp\",\"datePublished\":\"2018-02-22T14:16:42+00:00\",\"dateModified\":\"2023-09-06T07:18:24+00:00\",\"description\":\"KT PERFOMANCE+ \u00a0villi ravi plaaster on KT TAPE\u00ae poolt spetsiaalselt toodetud ja disainitud toode, mida kasutatakse villide ja v\u00e4ikeste haavade raviks.\",\"breadcrumb\":{\"@id\":\"https:\\\/\\\/kttape.ee\\\/lt\\\/product\\\/villi-ravi-plaaster\\\/#breadcrumb\"},\"inLanguage\":\"lt-LT\",\"potentialAction\":[{\"@type\":\"ReadAction\",\"target\":[\"https:\\\/\\\/kttape.ee\\\/lt\\\/product\\\/villi-ravi-plaaster\\\/\"]}]},{\"@type\":\"ImageObject\",\"inLanguage\":\"lt-LT\",\"@id\":\"https:\\\/\\\/kttape.ee\\\/lt\\\/product\\\/villi-ravi-plaaster\\\/#primaryimage\",\"url\":\"https:\\\/\\\/kttape.ee\\\/wp-content\\\/uploads\\\/2018\\\/05\\\/Blister-Treatment-Patch_Front-3-ruut-2-jpg.webp\",\"contentUrl\":\"https:\\\/\\\/kttape.ee\\\/wp-content\\\/uploads\\\/2018\\\/05\\\/Blister-Treatment-Patch_Front-3-ruut-2-jpg.webp\",\"width\":1024,\"height\":1024,\"caption\":\"Treat blisters\"},{\"@type\":\"BreadcrumbList\",\"@id\":\"https:\\\/\\\/kttape.ee\\\/lt\\\/product\\\/villi-ravi-plaaster\\\/#breadcrumb\",\"itemListElement\":[{\"@type\":\"ListItem\",\"position\":1,\"name\":\"Home\",\"item\":\"https:\\\/\\\/kttape.ee\\\/lt\\\/\"},{\"@type\":\"ListItem\",\"position\":2,\"name\":\"Prek\u0117s\",\"item\":\"https:\\\/\\\/kttape.ee\\\/lt\\\/prekes\\\/\"},{\"@type\":\"ListItem\",\"position\":3,\"name\":\"Villi ravi plaaster\"}]},{\"@type\":\"WebSite\",\"@id\":\"https:\\\/\\\/kttape.ee\\\/lt\\\/#website\",\"url\":\"https:\\\/\\\/kttape.ee\\\/lt\\\/\",\"name\":\"KT TAPE\",\"description\":\"Sveikatos ir sporto prek\u0117s\",\"publisher\":{\"@id\":\"https:\\\/\\\/kttape.ee\\\/lt\\\/#organization\"},\"alternateName\":\"kinesioteip, kinesioloogiline teip, kt teip\",\"potentialAction\":[{\"@type\":\"SearchAction\",\"target\":{\"@type\":\"EntryPoint\",\"urlTemplate\":\"https:\\\/\\\/kttape.ee\\\/lt\\\/?s={search_term_string}\"},\"query-input\":{\"@type\":\"PropertyValueSpecification\",\"valueRequired\":true,\"valueName\":\"search_term_string\"}}],\"inLanguage\":\"lt-LT\"},{\"@type\":\"Organization\",\"@id\":\"https:\\\/\\\/kttape.ee\\\/lt\\\/#organization\",\"name\":\"Monger Baltic O\u00dc\",\"alternateName\":\"KT TAPE\",\"url\":\"https:\\\/\\\/kttape.ee\\\/lt\\\/\",\"logo\":{\"@type\":\"ImageObject\",\"inLanguage\":\"lt-LT\",\"@id\":\"https:\\\/\\\/kttape.ee\\\/lt\\\/#\\\/schema\\\/logo\\\/image\\\/\",\"url\":\"http:\\\/\\\/kttape.ee\\\/wp-content\\\/uploads\\\/2018\\\/11\\\/logo-monger-white-1.png\",\"contentUrl\":\"http:\\\/\\\/kttape.ee\\\/wp-content\\\/uploads\\\/2018\\\/11\\\/logo-monger-white-1.png\",\"width\":826,\"height\":532,\"caption\":\"Monger Baltic O\u00dc\"},\"image\":{\"@id\":\"https:\\\/\\\/kttape.ee\\\/lt\\\/#\\\/schema\\\/logo\\\/image\\\/\"},\"sameAs\":[\"https:\\\/\\\/www.facebook.com\\\/kttapeeesti\",\"https:\\\/\\\/www.instagram.com\\\/kttape.eesti\\\/\"]}]}<\/script>\n<meta property=\"product:price:amount\" content=\"11.00\" \/>\n<meta property=\"product:price:currency\" content=\"EUR\" \/>\n<meta property=\"og:availability\" content=\"backorder\" \/>\n<meta property=\"product:availability\" content=\"available for order\" \/>\n<meta property=\"product:condition\" content=\"new\" \/>\n<!-- \/ Yoast SEO Premium plugin. -->","yoast_head_json":{"title":"Villi ravi plaaster - KT Tape Baltics koost\u00f6\u00f6s","description":"KT PERFOMANCE+ \u00a0villi ravi plaaster on KT TAPE\u00ae poolt spetsiaalselt toodetud ja disainitud toode, mida kasutatakse villide ja v\u00e4ikeste haavade raviks.","robots":{"index":"index","follow":"follow","max-snippet":"max-snippet:-1","max-image-preview":"max-image-preview:large","max-video-preview":"max-video-preview:-1"},"canonical":"https:\/\/kttape.ee\/lt\/product\/villi-ravi-plaaster\/","og_locale":"lt_LT","og_type":"article","og_title":"Villi ravi plaaster","og_description":"KT PERFOMANCE+ \u00a0villi ravi plaaster on KT TAPE\u00ae poolt spetsiaalselt sportlastele toodetud ja disainitud toode, mida kasutatakse villide ja v\u00e4ikeste","og_url":"https:\/\/kttape.ee\/lt\/product\/villi-ravi-plaaster\/","og_site_name":"KT Tape Baltics","article_publisher":"https:\/\/www.facebook.com\/kttapeeesti","article_modified_time":"2023-09-06T07:18:24+00:00","og_image":[{"width":1024,"height":1024,"url":"https:\/\/kttape.ee\/wp-content\/uploads\/2018\/05\/Blister-Treatment-Patch_Front-3-ruut-2.jpg","type":"image\/jpeg"}],"twitter_card":"summary_large_image","twitter_misc":{"Price":"11,00&nbsp;&euro;","Availability":"On backorder"},"schema":{"@context":"https:\/\/schema.org","@graph":[{"@type":"WebPage","@id":"https:\/\/kttape.ee\/lt\/product\/villi-ravi-plaaster\/","url":"https:\/\/kttape.ee\/lt\/product\/villi-ravi-plaaster\/","name":"Villi ravi plaaster - KT Tape Baltics koost\u00f6\u00f6s","isPartOf":{"@id":"https:\/\/kttape.ee\/lt\/#website"},"primaryImageOfPage":{"@id":"https:\/\/kttape.ee\/lt\/product\/villi-ravi-plaaster\/#primaryimage"},"image":{"@id":"https:\/\/kttape.ee\/lt\/product\/villi-ravi-plaaster\/#primaryimage"},"thumbnailUrl":"https:\/\/kttape.ee\/wp-content\/uploads\/2018\/05\/Blister-Treatment-Patch_Front-3-ruut-2-jpg.webp","datePublished":"2018-02-22T14:16:42+00:00","dateModified":"2023-09-06T07:18:24+00:00","description":"KT PERFOMANCE+ \u00a0villi ravi plaaster on KT TAPE\u00ae poolt spetsiaalselt toodetud ja disainitud toode, mida kasutatakse villide ja v\u00e4ikeste haavade raviks.","breadcrumb":{"@id":"https:\/\/kttape.ee\/lt\/product\/villi-ravi-plaaster\/#breadcrumb"},"inLanguage":"lt-LT","potentialAction":[{"@type":"ReadAction","target":["https:\/\/kttape.ee\/lt\/product\/villi-ravi-plaaster\/"]}]},{"@type":"ImageObject","inLanguage":"lt-LT","@id":"https:\/\/kttape.ee\/lt\/product\/villi-ravi-plaaster\/#primaryimage","url":"https:\/\/kttape.ee\/wp-content\/uploads\/2018\/05\/Blister-Treatment-Patch_Front-3-ruut-2-jpg.webp","contentUrl":"https:\/\/kttape.ee\/wp-content\/uploads\/2018\/05\/Blister-Treatment-Patch_Front-3-ruut-2-jpg.webp","width":1024,"height":1024,"caption":"Treat blisters"},{"@type":"BreadcrumbList","@id":"https:\/\/kttape.ee\/lt\/product\/villi-ravi-plaaster\/#breadcrumb","itemListElement":[{"@type":"ListItem","position":1,"name":"Home","item":"https:\/\/kttape.ee\/lt\/"},{"@type":"ListItem","position":2,"name":"Prek\u0117s","item":"https:\/\/kttape.ee\/lt\/prekes\/"},{"@type":"ListItem","position":3,"name":"Villi ravi plaaster"}]},{"@type":"WebSite","@id":"https:\/\/kttape.ee\/lt\/#website","url":"https:\/\/kttape.ee\/lt\/","name":"KT TAPE","description":"Sveikatos ir sporto prek\u0117s","publisher":{"@id":"https:\/\/kttape.ee\/lt\/#organization"},"alternateName":"kinesioteip, kinesioloogiline teip, kt teip","potentialAction":[{"@type":"SearchAction","target":{"@type":"EntryPoint","urlTemplate":"https:\/\/kttape.ee\/lt\/?s={search_term_string}"},"query-input":{"@type":"PropertyValueSpecification","valueRequired":true,"valueName":"search_term_string"}}],"inLanguage":"lt-LT"},{"@type":"Organization","@id":"https:\/\/kttape.ee\/lt\/#organization","name":"Monger Baltic O\u00dc","alternateName":"KT TAPE","url":"https:\/\/kttape.ee\/lt\/","logo":{"@type":"ImageObject","inLanguage":"lt-LT","@id":"https:\/\/kttape.ee\/lt\/#\/schema\/logo\/image\/","url":"http:\/\/kttape.ee\/wp-content\/uploads\/2018\/11\/logo-monger-white-1.png","contentUrl":"http:\/\/kttape.ee\/wp-content\/uploads\/2018\/11\/logo-monger-white-1.png","width":826,"height":532,"caption":"Monger Baltic O\u00dc"},"image":{"@id":"https:\/\/kttape.ee\/lt\/#\/schema\/logo\/image\/"},"sameAs":["https:\/\/www.facebook.com\/kttapeeesti","https:\/\/www.instagram.com\/kttape.eesti\/"]}]},"product_price_amount":"11.00","product_price_currency":"EUR","og_availability":"backorder","product_availability":"available for order","product_condition":"new"},"_links":{"self":[{"href":"https:\/\/kttape.ee\/lt\/wp-json\/wp\/v2\/product\/2726","targetHints":{"allow":["GET"]}}],"collection":[{"href":"https:\/\/kttape.ee\/lt\/wp-json\/wp\/v2\/product"}],"about":[{"href":"https:\/\/kttape.ee\/lt\/wp-json\/wp\/v2\/types\/product"}],"wp:featuredmedia":[{"embeddable":true,"href":"https:\/\/kttape.ee\/lt\/wp-json\/wp\/v2\/media\/2880"}],"wp:attachment":[{"href":"https:\/\/kttape.ee\/lt\/wp-json\/wp\/v2\/media?parent=2726"}],"wp:term":[{"taxonomy":"product_brand","embeddable":true,"href":"https:\/\/kttape.ee\/lt\/wp-json\/wp\/v2\/product_brand?post=2726"},{"taxonomy":"product_cat","embeddable":true,"href":"https:\/\/kttape.ee\/lt\/wp-json\/wp\/v2\/product_cat?post=2726"},{"taxonomy":"product_tag","embeddable":true,"href":"https:\/\/kttape.ee\/lt\/wp-json\/wp\/v2\/product_tag?post=2726"}],"curies":[{"name":"wp","href":"https:\/\/api.w.org\/{rel}","templated":true}]}}