{"id":5744,"date":"2022-03-03T12:40:59","date_gmt":"2022-03-03T10:40:59","guid":{"rendered":"https:\/\/kttape.ee\/product\/kt-tape-pro-extreme-150-strip-10-precut\/"},"modified":"2024-06-09T12:54:14","modified_gmt":"2024-06-09T09:54:14","slug":"kt-tape-pro-extreme-150-strip-10-precut","status":"publish","type":"product","link":"https:\/\/kttape.ee\/lt\/product\/kt-tape-pro-extreme-150-strip-10-precut\/","title":{"rendered":"KT TAPE PRO EXTREME &#8211; 150 eell\u00f5igatud riba"},"content":{"rendered":"<h2>Eell\u00f5igatud KT Tape Pro Extreme \u00ae<\/h2>\n<p>Vajate tuge, mis vastu peab teie k\u00f5ige raskemale treeningule? Selleks sobib ideaalselt KT Tape Pro Extreme \u00ae<\/p>\n<p>KT Tape Pro Extreme \u00ae sisaldab eriti tugevat liimi, mis on spetsiaalselt formuleeritud, et tagada hea kleepumine ka k\u00f5ige raskemates tingimustes, sealhulgas m\u00e4rgades oludes, k\u00f5rgel temperatuuril, k\u00f5rge niiskusega v\u00f5i rasuse naha korral. See on loodud leevendama valu ja pakkuma tuge seal, kus seda vajate, j\u00e4\u00e4des paigale l\u00e4bi mitmete treeningute.*<\/p>\n<ul>\n<li>Erakordselt tugev liim v\u00f5ib vastu pidada k\u00f5ige ekstreemsematele tingimustele ja higirohketele trennidele, sh sobib kasutamikse du\u0161i all, basseinis, ookeanis<\/li>\n<li>Eell\u00f5igatud ribasid saad kasutada mitmek\u00fclgselt ja rakendada eesm\u00e4rgip\u00e4raselt valu leevendamiseks*<\/li>\n<li>KT Tape Pro Extreme\u00ae elastsus tagab kauakestva kleepuvuse ja toe valu leevendamiseks*<\/li>\n<li>Lateksivaba, h\u00fcpoallergeenne ja loodusliku kummi vaba<\/li>\n<\/ul>\n<p><strong>SOBIB KASUTAMISTEKS IGAS TINGIMUSES<\/strong><\/p>\n<p>KT Tape Pro Extreme \u00ae v\u00f5ib kanda du\u0161i all, basseinis v\u00f5i ka merevees surfates. S\u00fcnteetilised kiud kuivavad kiiresti, on vett h\u00fclgavad ja pakuvad \u00fclimat tugevust ja venivust. KT Tape Pro Extreme\u00ae sisaldab ka eriti tugevat liimi, mis p\u00fcsib paigal 4-7 p\u00e4eva.<\/p>\n<p><strong>PAREM ELASTSUS KUI PUUVILLASEL TEIBIL<\/strong><\/p>\n<p>KT Tape Pro\u00ae kiud on tugeva elastsusega, mis pakub parimat tuge lihastele, liigestele ja k\u00f5\u00f5lustele, ilma mugavust ja liikumisulatust piiramata. See eell\u00f5igatud s\u00fcnteetiline teip s\u00e4ilitab oma elastsuse palju paremini \u00fcle aja ning pakub vastupidavamat tuge kui puuvillane kinesioloogiline teip, p\u00fcsides just nii kaua kui teil seda vaja.<\/p>\n<p>KT Tape Pro Extreme \u00ae on eell\u00f5igatud ja valmis kohe kasutamiseks. Eell\u00f5igatud ribadel on \u00fcmarad nurgad, mis aitavad v\u00e4ltida servade hargnemist v\u00f5i nurkade kinnitumist riiete k\u00fclge . Iga rull sisaldab 150 eell\u00f5igatud riba, mis on 25 cm pikad ja 5 cm laiad.<\/p>\n<p>KT Tape\u00ae tooted on h\u00fcpoallergeenilised, lateksi- ja loodusliku kummi vabad! See t\u00e4hendab, et meie tooted on loodud ja arendatud nii, et sisaldaksid v\u00f5imalikult v\u00e4he aineid, mis v\u00f5iksid esile kutsuda allergilisi reaktsioone.<\/p>\n<p>Kuigi meie eesm\u00e4rk on pakkuda teile tooteid, mis ei p\u00f5hjusta \u00e4rritusi, soovitame siiski tundlikule v\u00f5i \u00e4rrituvusele kalduva naha puhul k\u00f5igepealt testida v\u00e4ikest t\u00fckki KT teipi: testimiseks kanna kinesioteip ilma venituseta tugevamale nahale, nt p\u00f5lvele v\u00f5i k\u00e4sivarrele, enne meie tootevaliku kasutamist.<\/p>\n<p><strong>*KLIINILISELT MITTE T\u00d5ESTATUD K\u00d5IGI VIGASTUSTE P\u00d5HJAL<\/strong><\/p>\n","protected":false},"excerpt":{"rendered":"<p>Erakordselt tugev liim v\u00f5ib vastu pidada k\u00f5ige ekstreemsematele tingimustele ja higirohketele trennidele, sh sobib kasutamikse du\u0161i all, basseinis, ookeanis<\/p>\n<p><strong>Iga karp sisaldab:<\/strong><\/p>\n<ul>\n<li>150 riba 100% s\u00fcnteetilist teipi erakordselt tugeva liimiga<\/li>\n<li>Juhend k\u00f5ige levinumate vigastuste jaoks*<\/li>\n<\/ul>\n","protected":false},"featured_media":5475,"template":"","meta":{"_acf_changed":false},"product_brand":[],"product_cat":[168,147,253],"product_tag":[],"class_list":{"0":"post-5744","1":"product","2":"type-product","3":"status-publish","4":"has-post-thumbnail","6":"product_cat-didelis-ritinelis-padalytas-juostelemis-lt","7":"product_cat-kitos-prekes","8":"product_cat-naujos-prekes","10":"first","11":"instock","12":"taxable","13":"shipping-taxable","14":"purchasable","15":"product-type-simple"},"acf":[],"yoast_head":"<!-- This site is optimized with the Yoast SEO Premium plugin v23.4 (Yoast SEO v27.3) - https:\/\/yoast.com\/product\/yoast-seo-premium-wordpress\/ -->\n<title>KT TAPE PRO EXTREME - 150 eell\u00f5igatud riba - KT Tape Baltics<\/title>\n<meta name=\"description\" content=\"KT Tape Pro Extreme \u00ae - tugi, mis peab vastu ka k\u00f5ige raskemale treeningule! Sobib du\u0161i all, basseinis v\u00f5i ka merevees surfates.\" \/>\n<meta name=\"robots\" content=\"index, follow, max-snippet:-1, max-image-preview:large, max-video-preview:-1\" \/>\n<link rel=\"canonical\" href=\"https:\/\/kttape.ee\/lt\/product\/kt-tape-pro-extreme-150-strip-10-precut\/\" \/>\n<meta property=\"og:locale\" content=\"lt_LT\" \/>\n<meta property=\"og:type\" content=\"article\" \/>\n<meta property=\"og:title\" content=\"KT TAPE PRO EXTREME - 150 eell\u00f5igatud riba\" \/>\n<meta property=\"og:description\" content=\"Erakordselt tugev liim v\u00f5ib vastu pidada k\u00f5ige ekstreemsematele tingimustele ja higirohketele trennidele, sh sobib kasutamikse du\u0161i all, basseinis, ookeanis  Iga karp sisaldab:   150 riba 100% s\u00fcnteetilist teipi erakordselt tugeva liimiga  Juhend k\u00f5ige levinumate vigastuste jaoks*\" \/>\n<meta property=\"og:url\" content=\"https:\/\/kttape.ee\/lt\/product\/kt-tape-pro-extreme-150-strip-10-precut\/\" \/>\n<meta property=\"og:site_name\" content=\"KT Tape Baltics\" \/>\n<meta property=\"article:publisher\" content=\"https:\/\/www.facebook.com\/kttapeeesti\" \/>\n<meta property=\"article:modified_time\" content=\"2024-06-09T09:54:14+00:00\" \/>\n<meta property=\"og:image\" content=\"https:\/\/kttape.ee\/wp-content\/uploads\/2022\/03\/Jumbo-Titan-Tan-jpeg.webp\" \/>\n\t<meta property=\"og:image:width\" content=\"1023\" \/>\n\t<meta property=\"og:image:height\" content=\"744\" \/>\n\t<meta property=\"og:image:type\" content=\"image\/jpeg\" \/>\n<meta name=\"twitter:card\" content=\"summary_large_image\" \/>\n<meta name=\"twitter:label1\" content=\"Price\" \/>\n\t<meta name=\"twitter:data1\" content=\"110,00&nbsp;&euro;\" \/>\n\t<meta name=\"twitter:label2\" content=\"Availability\" \/>\n\t<meta name=\"twitter:data2\" content=\"In stock\" \/>\n<script type=\"application\/ld+json\" class=\"yoast-schema-graph\">{\"@context\":\"https:\\\/\\\/schema.org\",\"@graph\":[{\"@type\":\"WebPage\",\"@id\":\"https:\\\/\\\/kttape.ee\\\/lt\\\/product\\\/kt-tape-pro-extreme-150-strip-10-precut\\\/\",\"url\":\"https:\\\/\\\/kttape.ee\\\/lt\\\/product\\\/kt-tape-pro-extreme-150-strip-10-precut\\\/\",\"name\":\"KT TAPE PRO EXTREME - 150 eell\u00f5igatud riba - KT Tape Baltics\",\"isPartOf\":{\"@id\":\"https:\\\/\\\/kttape.ee\\\/lt\\\/#website\"},\"primaryImageOfPage\":{\"@id\":\"https:\\\/\\\/kttape.ee\\\/lt\\\/product\\\/kt-tape-pro-extreme-150-strip-10-precut\\\/#primaryimage\"},\"image\":{\"@id\":\"https:\\\/\\\/kttape.ee\\\/lt\\\/product\\\/kt-tape-pro-extreme-150-strip-10-precut\\\/#primaryimage\"},\"thumbnailUrl\":\"https:\\\/\\\/kttape.ee\\\/wp-content\\\/uploads\\\/2022\\\/03\\\/Jumbo-Titan-Tan-jpeg.webp\",\"datePublished\":\"2022-03-03T10:40:59+00:00\",\"dateModified\":\"2024-06-09T09:54:14+00:00\",\"description\":\"KT Tape Pro Extreme \u00ae - tugi, mis peab vastu ka k\u00f5ige raskemale treeningule! Sobib du\u0161i all, basseinis v\u00f5i ka merevees surfates.\",\"breadcrumb\":{\"@id\":\"https:\\\/\\\/kttape.ee\\\/lt\\\/product\\\/kt-tape-pro-extreme-150-strip-10-precut\\\/#breadcrumb\"},\"inLanguage\":\"lt-LT\",\"potentialAction\":[{\"@type\":\"ReadAction\",\"target\":[\"https:\\\/\\\/kttape.ee\\\/lt\\\/product\\\/kt-tape-pro-extreme-150-strip-10-precut\\\/\"]}]},{\"@type\":\"ImageObject\",\"inLanguage\":\"lt-LT\",\"@id\":\"https:\\\/\\\/kttape.ee\\\/lt\\\/product\\\/kt-tape-pro-extreme-150-strip-10-precut\\\/#primaryimage\",\"url\":\"https:\\\/\\\/kttape.ee\\\/wp-content\\\/uploads\\\/2022\\\/03\\\/Jumbo-Titan-Tan-jpeg.webp\",\"contentUrl\":\"https:\\\/\\\/kttape.ee\\\/wp-content\\\/uploads\\\/2022\\\/03\\\/Jumbo-Titan-Tan-jpeg.webp\",\"width\":1023,\"height\":744,\"caption\":\"KT Tape Pro Extreme\"},{\"@type\":\"BreadcrumbList\",\"@id\":\"https:\\\/\\\/kttape.ee\\\/lt\\\/product\\\/kt-tape-pro-extreme-150-strip-10-precut\\\/#breadcrumb\",\"itemListElement\":[{\"@type\":\"ListItem\",\"position\":1,\"name\":\"Home\",\"item\":\"https:\\\/\\\/kttape.ee\\\/lt\\\/\"},{\"@type\":\"ListItem\",\"position\":2,\"name\":\"Prek\u0117s\",\"item\":\"https:\\\/\\\/kttape.ee\\\/lt\\\/prekes\\\/\"},{\"@type\":\"ListItem\",\"position\":3,\"name\":\"KT TAPE PRO EXTREME &#8211; 150 eell\u00f5igatud riba\"}]},{\"@type\":\"WebSite\",\"@id\":\"https:\\\/\\\/kttape.ee\\\/lt\\\/#website\",\"url\":\"https:\\\/\\\/kttape.ee\\\/lt\\\/\",\"name\":\"KT TAPE\",\"description\":\"Sveikatos ir sporto prek\u0117s\",\"publisher\":{\"@id\":\"https:\\\/\\\/kttape.ee\\\/lt\\\/#organization\"},\"alternateName\":\"kinesioteip, kinesioloogiline teip, kt teip\",\"potentialAction\":[{\"@type\":\"SearchAction\",\"target\":{\"@type\":\"EntryPoint\",\"urlTemplate\":\"https:\\\/\\\/kttape.ee\\\/lt\\\/?s={search_term_string}\"},\"query-input\":{\"@type\":\"PropertyValueSpecification\",\"valueRequired\":true,\"valueName\":\"search_term_string\"}}],\"inLanguage\":\"lt-LT\"},{\"@type\":\"Organization\",\"@id\":\"https:\\\/\\\/kttape.ee\\\/lt\\\/#organization\",\"name\":\"Monger Baltic O\u00dc\",\"alternateName\":\"KT TAPE\",\"url\":\"https:\\\/\\\/kttape.ee\\\/lt\\\/\",\"logo\":{\"@type\":\"ImageObject\",\"inLanguage\":\"lt-LT\",\"@id\":\"https:\\\/\\\/kttape.ee\\\/lt\\\/#\\\/schema\\\/logo\\\/image\\\/\",\"url\":\"http:\\\/\\\/kttape.ee\\\/wp-content\\\/uploads\\\/2018\\\/11\\\/logo-monger-white-1.png\",\"contentUrl\":\"http:\\\/\\\/kttape.ee\\\/wp-content\\\/uploads\\\/2018\\\/11\\\/logo-monger-white-1.png\",\"width\":826,\"height\":532,\"caption\":\"Monger Baltic O\u00dc\"},\"image\":{\"@id\":\"https:\\\/\\\/kttape.ee\\\/lt\\\/#\\\/schema\\\/logo\\\/image\\\/\"},\"sameAs\":[\"https:\\\/\\\/www.facebook.com\\\/kttapeeesti\",\"https:\\\/\\\/www.instagram.com\\\/kttape.eesti\\\/\"]}]}<\/script>\n<meta property=\"product:price:amount\" content=\"110.00\" \/>\n<meta property=\"product:price:currency\" content=\"EUR\" \/>\n<meta property=\"og:availability\" content=\"instock\" \/>\n<meta property=\"product:availability\" content=\"instock\" \/>\n<meta property=\"product:condition\" content=\"new\" \/>\n<!-- \/ Yoast SEO Premium plugin. -->","yoast_head_json":{"title":"KT TAPE PRO EXTREME - 150 eell\u00f5igatud riba - KT Tape Baltics","description":"KT Tape Pro Extreme \u00ae - tugi, mis peab vastu ka k\u00f5ige raskemale treeningule! Sobib du\u0161i all, basseinis v\u00f5i ka merevees surfates.","robots":{"index":"index","follow":"follow","max-snippet":"max-snippet:-1","max-image-preview":"max-image-preview:large","max-video-preview":"max-video-preview:-1"},"canonical":"https:\/\/kttape.ee\/lt\/product\/kt-tape-pro-extreme-150-strip-10-precut\/","og_locale":"lt_LT","og_type":"article","og_title":"KT TAPE PRO EXTREME - 150 eell\u00f5igatud riba","og_description":"Erakordselt tugev liim v\u00f5ib vastu pidada k\u00f5ige ekstreemsematele tingimustele ja higirohketele trennidele, sh sobib kasutamikse du\u0161i all, basseinis, ookeanis  Iga karp sisaldab:   150 riba 100% s\u00fcnteetilist teipi erakordselt tugeva liimiga  Juhend k\u00f5ige levinumate vigastuste jaoks*","og_url":"https:\/\/kttape.ee\/lt\/product\/kt-tape-pro-extreme-150-strip-10-precut\/","og_site_name":"KT Tape Baltics","article_publisher":"https:\/\/www.facebook.com\/kttapeeesti","article_modified_time":"2024-06-09T09:54:14+00:00","og_image":[{"width":1023,"height":744,"url":"https:\/\/kttape.ee\/wp-content\/uploads\/2022\/03\/Jumbo-Titan-Tan-jpeg.webp","type":"image\/jpeg"}],"twitter_card":"summary_large_image","twitter_misc":{"Price":"110,00&nbsp;&euro;","Availability":"In stock"},"schema":{"@context":"https:\/\/schema.org","@graph":[{"@type":"WebPage","@id":"https:\/\/kttape.ee\/lt\/product\/kt-tape-pro-extreme-150-strip-10-precut\/","url":"https:\/\/kttape.ee\/lt\/product\/kt-tape-pro-extreme-150-strip-10-precut\/","name":"KT TAPE PRO EXTREME - 150 eell\u00f5igatud riba - KT Tape Baltics","isPartOf":{"@id":"https:\/\/kttape.ee\/lt\/#website"},"primaryImageOfPage":{"@id":"https:\/\/kttape.ee\/lt\/product\/kt-tape-pro-extreme-150-strip-10-precut\/#primaryimage"},"image":{"@id":"https:\/\/kttape.ee\/lt\/product\/kt-tape-pro-extreme-150-strip-10-precut\/#primaryimage"},"thumbnailUrl":"https:\/\/kttape.ee\/wp-content\/uploads\/2022\/03\/Jumbo-Titan-Tan-jpeg.webp","datePublished":"2022-03-03T10:40:59+00:00","dateModified":"2024-06-09T09:54:14+00:00","description":"KT Tape Pro Extreme \u00ae - tugi, mis peab vastu ka k\u00f5ige raskemale treeningule! Sobib du\u0161i all, basseinis v\u00f5i ka merevees surfates.","breadcrumb":{"@id":"https:\/\/kttape.ee\/lt\/product\/kt-tape-pro-extreme-150-strip-10-precut\/#breadcrumb"},"inLanguage":"lt-LT","potentialAction":[{"@type":"ReadAction","target":["https:\/\/kttape.ee\/lt\/product\/kt-tape-pro-extreme-150-strip-10-precut\/"]}]},{"@type":"ImageObject","inLanguage":"lt-LT","@id":"https:\/\/kttape.ee\/lt\/product\/kt-tape-pro-extreme-150-strip-10-precut\/#primaryimage","url":"https:\/\/kttape.ee\/wp-content\/uploads\/2022\/03\/Jumbo-Titan-Tan-jpeg.webp","contentUrl":"https:\/\/kttape.ee\/wp-content\/uploads\/2022\/03\/Jumbo-Titan-Tan-jpeg.webp","width":1023,"height":744,"caption":"KT Tape Pro Extreme"},{"@type":"BreadcrumbList","@id":"https:\/\/kttape.ee\/lt\/product\/kt-tape-pro-extreme-150-strip-10-precut\/#breadcrumb","itemListElement":[{"@type":"ListItem","position":1,"name":"Home","item":"https:\/\/kttape.ee\/lt\/"},{"@type":"ListItem","position":2,"name":"Prek\u0117s","item":"https:\/\/kttape.ee\/lt\/prekes\/"},{"@type":"ListItem","position":3,"name":"KT TAPE PRO EXTREME &#8211; 150 eell\u00f5igatud riba"}]},{"@type":"WebSite","@id":"https:\/\/kttape.ee\/lt\/#website","url":"https:\/\/kttape.ee\/lt\/","name":"KT TAPE","description":"Sveikatos ir sporto prek\u0117s","publisher":{"@id":"https:\/\/kttape.ee\/lt\/#organization"},"alternateName":"kinesioteip, kinesioloogiline teip, kt teip","potentialAction":[{"@type":"SearchAction","target":{"@type":"EntryPoint","urlTemplate":"https:\/\/kttape.ee\/lt\/?s={search_term_string}"},"query-input":{"@type":"PropertyValueSpecification","valueRequired":true,"valueName":"search_term_string"}}],"inLanguage":"lt-LT"},{"@type":"Organization","@id":"https:\/\/kttape.ee\/lt\/#organization","name":"Monger Baltic O\u00dc","alternateName":"KT TAPE","url":"https:\/\/kttape.ee\/lt\/","logo":{"@type":"ImageObject","inLanguage":"lt-LT","@id":"https:\/\/kttape.ee\/lt\/#\/schema\/logo\/image\/","url":"http:\/\/kttape.ee\/wp-content\/uploads\/2018\/11\/logo-monger-white-1.png","contentUrl":"http:\/\/kttape.ee\/wp-content\/uploads\/2018\/11\/logo-monger-white-1.png","width":826,"height":532,"caption":"Monger Baltic O\u00dc"},"image":{"@id":"https:\/\/kttape.ee\/lt\/#\/schema\/logo\/image\/"},"sameAs":["https:\/\/www.facebook.com\/kttapeeesti","https:\/\/www.instagram.com\/kttape.eesti\/"]}]},"product_price_amount":"110.00","product_price_currency":"EUR","og_availability":"instock","product_availability":"instock","product_condition":"new"},"_links":{"self":[{"href":"https:\/\/kttape.ee\/lt\/wp-json\/wp\/v2\/product\/5744","targetHints":{"allow":["GET"]}}],"collection":[{"href":"https:\/\/kttape.ee\/lt\/wp-json\/wp\/v2\/product"}],"about":[{"href":"https:\/\/kttape.ee\/lt\/wp-json\/wp\/v2\/types\/product"}],"wp:featuredmedia":[{"embeddable":true,"href":"https:\/\/kttape.ee\/lt\/wp-json\/wp\/v2\/media\/5475"}],"wp:attachment":[{"href":"https:\/\/kttape.ee\/lt\/wp-json\/wp\/v2\/media?parent=5744"}],"wp:term":[{"taxonomy":"product_brand","embeddable":true,"href":"https:\/\/kttape.ee\/lt\/wp-json\/wp\/v2\/product_brand?post=5744"},{"taxonomy":"product_cat","embeddable":true,"href":"https:\/\/kttape.ee\/lt\/wp-json\/wp\/v2\/product_cat?post=5744"},{"taxonomy":"product_tag","embeddable":true,"href":"https:\/\/kttape.ee\/lt\/wp-json\/wp\/v2\/product_tag?post=5744"}],"curies":[{"name":"wp","href":"https:\/\/api.w.org\/{rel}","templated":true}]}}