{"id":1499,"date":"2017-06-12T16:23:21","date_gmt":"2017-06-12T13:23:21","guid":{"rendered":"https:\/\/project.dreamo.ee\/monger\/kttape\/?page_id=1499\/"},"modified":"2018-11-01T13:18:32","modified_gmt":"2018-11-01T11:18:32","slug":"kas-ir-kt-tape","status":"publish","type":"page","link":"https:\/\/kttape.ee\/lv\/kas-ir-kt-tape\/","title":{"rendered":"Kas ir KT Tape?"},"content":{"rendered":"<h1>Kas ir KT Tape?<\/h1>\n<p>Ja tren\u0113jaties savam pirmajam maratonam,\u00a0v\u0113l k\u0101dai zelta meda\u013cai vai vienk\u0101r\u0161i intens\u012bvi tren\u0113jaties, tad zin\u0101t, ka nekas \u0101trumu nesamazina vair\u0101k k\u0101 ievainojums.<\/p>\n<h2>KO J\u016aS DAR\u0100T?<\/h2>\n<p>J\u016bs vienm\u0113r varat iedzert prets\u0101pju z\u0101les vai vienk\u0101r\u0161i s\u0113d\u0113t mal\u0101, bet pado\u0161an\u0101s nav risin\u0101jums un prets\u0101pju medikamenti var b\u016bt b\u012bstami. Varb\u016bt j\u016bs m\u0113\u0123in\u0101t lietot jostu vai apt\u012bt s\u0101po\u0161o vietu ar elast\u012bgo saiti, bet \u0161ie l\u012bdzek\u013ci ir ierobe\u017eojo\u0161i, ne\u0113rti un liek jums ne visai labi izskat\u012bties.<\/p>\n<h2>IR LAB\u0100KS RISIN\u0100JUMS!<\/h2>\n<p>Par laimi ir alternat\u012bvs risin\u0101jums, kas ir kl\u012bniski apstiprin\u0101ts, uz sportistiem p\u0101rbaud\u012bts un to izmanto miljoniem cilv\u0113ku vis\u0101 pasaul\u0113. To sauc KT Tape. KT Tape ir viegls, \u0113rti lietojams, un to izmanto, lai \u0101rst\u0113tu un nov\u0113rstu simtiem bie\u017ei sastopamu ievainojumu, piem\u0113ram, ce\u013cu s\u0101pes, apak\u0161stilbu sasitumu un tenisistu elkoni jeb later\u0101lo epikondil\u012btu.<br \/>\nKT Tape ne tikai labi izskat\u0101s, bet tas nodro\u0161ina 24 stundu iedarb\u012bbu katram uzkl\u0101jumam uz vair\u0101k\u0101m dien\u0101m, turkl\u0101t to var lietot ar\u012b \u016bden\u012b.<\/p>\n<h2>DARB\u012aBAS PRINCIPS<\/h2>\n<p>Teiksim, j\u016bs esat pabeidzis savu iem\u012b\u013coto treni\u0146u un tagad muguras apak\u0161da\u013ca stipri s\u0101p. KT Tape nodro\u0161ina m\u0113r\u0137tiec\u012bgu s\u0101pju no\u0146em\u0161anu, no\u0146emot spiedienu un uzlabojot asinscirkul\u0101ciju, lai atvieglotu atg\u016b\u0161anos p\u0113c slodzes.<br \/>\nVai varb\u016bt, kad p\u0113d\u0113jo reizi skr\u0113j\u0101t, sar\u0101va celi un tagad tas s\u0101p, skrienot vai ejot pa k\u0101pn\u0113m. KT Tape nodro\u0161ina stabilit\u0101ti un atbalstu loc\u012btav\u0101m, veidojot \u0101r\u0113ju atbalsta sl\u0101ni ap loc\u012btavu. Tas jau ir sagriezts, gatavs uzkl\u0101\u0161anai, tikko iz\u0146emot no iepakojuma, t\u0101d\u0113\u013c nav nek\u0101du rai\u017eu.<\/p>\n<p>Vienk\u0101r\u0161i noskatieties instrukcijas video, uzkl\u0101jiet teipu un esat gatavs atkal sportot. UZ PRIEK\u0160U, C\u012aNIES STIPR\u0100K.<\/p>\n","protected":false},"excerpt":{"rendered":"<p>Kas ir KT Tape? Ja tren\u0113jaties savam pirmajam maratonam,\u00a0v\u0113l k\u0101dai zelta meda\u013cai vai vienk\u0101r\u0161i intens\u012bvi tren\u0113jaties, tad zin\u0101t, ka nekas&#8230;<\/p>\n","protected":false},"author":1,"featured_media":6040,"parent":0,"menu_order":21,"comment_status":"closed","ping_status":"closed","template":"","meta":{"_acf_changed":false,"footnotes":""},"class_list":["post-1499","page","type-page","status-publish","has-post-thumbnail","hentry"],"acf":[],"yoast_head":"<!-- This site is optimized with the Yoast SEO Premium plugin v27.2 (Yoast SEO v27.4) - https:\/\/yoast.com\/product\/yoast-seo-premium-wordpress\/ -->\n<title>Kas ir KT Tape? - kinesioloogilise teibi l\u00fchitutvustus<\/title>\n<meta name=\"description\" content=\"kt tape, kttape, kinesioloogiline teip, kinesioteip, sporditeip, elastiline teip, k-tape, k tape, kt teip, teipimine, vigastus, ravi\" \/>\n<meta name=\"robots\" content=\"index, follow, max-snippet:-1, max-image-preview:large, max-video-preview:-1\" \/>\n<link rel=\"canonical\" href=\"https:\/\/kttape.ee\/lv\/kas-ir-kt-tape\/\" \/>\n<meta property=\"og:locale\" content=\"lv_LV\" \/>\n<meta property=\"og:type\" content=\"article\" \/>\n<meta property=\"og:title\" content=\"Kas ir KT Tape?\" \/>\n<meta property=\"og:description\" content=\"Kas ir KT Tape? Ja tren\u0113jaties savam pirmajam maratonam,\u00a0v\u0113l k\u0101dai zelta meda\u013cai vai vienk\u0101r\u0161i intens\u012bvi tren\u0113jaties, tad zin\u0101t, ka nekas \u0101trumu\" \/>\n<meta property=\"og:url\" content=\"https:\/\/kttape.ee\/lv\/kas-ir-kt-tape\/\" \/>\n<meta property=\"og:site_name\" content=\"KT Tape Baltics\" \/>\n<meta property=\"article:publisher\" content=\"https:\/\/www.facebook.com\/kttapeeesti\" \/>\n<meta property=\"article:modified_time\" content=\"2018-11-01T11:18:32+00:00\" \/>\n<meta name=\"twitter:card\" content=\"summary_large_image\" \/>\n<meta name=\"twitter:label1\" content=\"Est. reading time\" \/>\n\t<meta name=\"twitter:data1\" content=\"2 minutes\" \/>\n<script type=\"application\/ld+json\" class=\"yoast-schema-graph\">{\"@context\":\"https:\\\/\\\/schema.org\",\"@graph\":[{\"@type\":\"WebPage\",\"@id\":\"https:\\\/\\\/kttape.ee\\\/lv\\\/kas-ir-kt-tape\\\/\",\"url\":\"https:\\\/\\\/kttape.ee\\\/lv\\\/kas-ir-kt-tape\\\/\",\"name\":\"Kas ir KT Tape? - kinesioloogilise teibi l\u00fchitutvustus\",\"isPartOf\":{\"@id\":\"https:\\\/\\\/kttape.ee\\\/lv\\\/#website\"},\"primaryImageOfPage\":{\"@id\":\"https:\\\/\\\/kttape.ee\\\/lv\\\/kas-ir-kt-tape\\\/#primaryimage\"},\"image\":{\"@id\":\"https:\\\/\\\/kttape.ee\\\/lv\\\/kas-ir-kt-tape\\\/#primaryimage\"},\"thumbnailUrl\":\"https:\\\/\\\/kttape.ee\\\/wp-content\\\/uploads\\\/2023\\\/06\\\/Swim-banner-jpeg.webp\",\"datePublished\":\"2017-06-12T13:23:21+00:00\",\"dateModified\":\"2018-11-01T11:18:32+00:00\",\"description\":\"kt tape, kttape, kinesioloogiline teip, kinesioteip, sporditeip, elastiline teip, k-tape, k tape, kt teip, teipimine, vigastus, ravi\",\"breadcrumb\":{\"@id\":\"https:\\\/\\\/kttape.ee\\\/lv\\\/kas-ir-kt-tape\\\/#breadcrumb\"},\"inLanguage\":\"lv-LV\",\"potentialAction\":[{\"@type\":\"ReadAction\",\"target\":[\"https:\\\/\\\/kttape.ee\\\/lv\\\/kas-ir-kt-tape\\\/\"]}]},{\"@type\":\"ImageObject\",\"inLanguage\":\"lv-LV\",\"@id\":\"https:\\\/\\\/kttape.ee\\\/lv\\\/kas-ir-kt-tape\\\/#primaryimage\",\"url\":\"https:\\\/\\\/kttape.ee\\\/wp-content\\\/uploads\\\/2023\\\/06\\\/Swim-banner-jpeg.webp\",\"contentUrl\":\"https:\\\/\\\/kttape.ee\\\/wp-content\\\/uploads\\\/2023\\\/06\\\/Swim-banner-jpeg.webp\",\"width\":970,\"height\":250},{\"@type\":\"BreadcrumbList\",\"@id\":\"https:\\\/\\\/kttape.ee\\\/lv\\\/kas-ir-kt-tape\\\/#breadcrumb\",\"itemListElement\":[{\"@type\":\"ListItem\",\"position\":1,\"name\":\"Home\",\"item\":\"https:\\\/\\\/kttape.ee\\\/lv\\\/\"},{\"@type\":\"ListItem\",\"position\":2,\"name\":\"Kas ir KT Tape?\"}]},{\"@type\":\"WebSite\",\"@id\":\"https:\\\/\\\/kttape.ee\\\/lv\\\/#website\",\"url\":\"https:\\\/\\\/kttape.ee\\\/lv\\\/\",\"name\":\"KT TAPE\",\"description\":\"Vesel\u012bbas un sporta produkti\",\"publisher\":{\"@id\":\"https:\\\/\\\/kttape.ee\\\/lv\\\/#organization\"},\"alternateName\":\"kinesioteip, kinesioloogiline teip, kt teip\",\"potentialAction\":[{\"@type\":\"SearchAction\",\"target\":{\"@type\":\"EntryPoint\",\"urlTemplate\":\"https:\\\/\\\/kttape.ee\\\/lv\\\/?s={search_term_string}\"},\"query-input\":{\"@type\":\"PropertyValueSpecification\",\"valueRequired\":true,\"valueName\":\"search_term_string\"}}],\"inLanguage\":\"lv-LV\"},{\"@type\":\"Organization\",\"@id\":\"https:\\\/\\\/kttape.ee\\\/lv\\\/#organization\",\"name\":\"Monger Baltic O\u00dc\",\"alternateName\":\"KT TAPE\",\"url\":\"https:\\\/\\\/kttape.ee\\\/lv\\\/\",\"logo\":{\"@type\":\"ImageObject\",\"inLanguage\":\"lv-LV\",\"@id\":\"https:\\\/\\\/kttape.ee\\\/lv\\\/#\\\/schema\\\/logo\\\/image\\\/\",\"url\":\"http:\\\/\\\/kttape.ee\\\/wp-content\\\/uploads\\\/2018\\\/11\\\/logo-monger-white-1.png\",\"contentUrl\":\"http:\\\/\\\/kttape.ee\\\/wp-content\\\/uploads\\\/2018\\\/11\\\/logo-monger-white-1.png\",\"width\":826,\"height\":532,\"caption\":\"Monger Baltic O\u00dc\"},\"image\":{\"@id\":\"https:\\\/\\\/kttape.ee\\\/lv\\\/#\\\/schema\\\/logo\\\/image\\\/\"},\"sameAs\":[\"https:\\\/\\\/www.facebook.com\\\/kttapeeesti\",\"https:\\\/\\\/www.instagram.com\\\/kttape.eesti\\\/\"]}]}<\/script>\n<!-- \/ Yoast SEO Premium plugin. -->","yoast_head_json":{"title":"Kas ir KT Tape? - kinesioloogilise teibi l\u00fchitutvustus","description":"kt tape, kttape, kinesioloogiline teip, kinesioteip, sporditeip, elastiline teip, k-tape, k tape, kt teip, teipimine, vigastus, ravi","robots":{"index":"index","follow":"follow","max-snippet":"max-snippet:-1","max-image-preview":"max-image-preview:large","max-video-preview":"max-video-preview:-1"},"canonical":"https:\/\/kttape.ee\/lv\/kas-ir-kt-tape\/","og_locale":"lv_LV","og_type":"article","og_title":"Kas ir KT Tape?","og_description":"Kas ir KT Tape? Ja tren\u0113jaties savam pirmajam maratonam,\u00a0v\u0113l k\u0101dai zelta meda\u013cai vai vienk\u0101r\u0161i intens\u012bvi tren\u0113jaties, tad zin\u0101t, ka nekas \u0101trumu","og_url":"https:\/\/kttape.ee\/lv\/kas-ir-kt-tape\/","og_site_name":"KT Tape Baltics","article_publisher":"https:\/\/www.facebook.com\/kttapeeesti","article_modified_time":"2018-11-01T11:18:32+00:00","twitter_card":"summary_large_image","twitter_misc":{"Est. reading time":"2 minutes"},"schema":{"@context":"https:\/\/schema.org","@graph":[{"@type":"WebPage","@id":"https:\/\/kttape.ee\/lv\/kas-ir-kt-tape\/","url":"https:\/\/kttape.ee\/lv\/kas-ir-kt-tape\/","name":"Kas ir KT Tape? - kinesioloogilise teibi l\u00fchitutvustus","isPartOf":{"@id":"https:\/\/kttape.ee\/lv\/#website"},"primaryImageOfPage":{"@id":"https:\/\/kttape.ee\/lv\/kas-ir-kt-tape\/#primaryimage"},"image":{"@id":"https:\/\/kttape.ee\/lv\/kas-ir-kt-tape\/#primaryimage"},"thumbnailUrl":"https:\/\/kttape.ee\/wp-content\/uploads\/2023\/06\/Swim-banner-jpeg.webp","datePublished":"2017-06-12T13:23:21+00:00","dateModified":"2018-11-01T11:18:32+00:00","description":"kt tape, kttape, kinesioloogiline teip, kinesioteip, sporditeip, elastiline teip, k-tape, k tape, kt teip, teipimine, vigastus, ravi","breadcrumb":{"@id":"https:\/\/kttape.ee\/lv\/kas-ir-kt-tape\/#breadcrumb"},"inLanguage":"lv-LV","potentialAction":[{"@type":"ReadAction","target":["https:\/\/kttape.ee\/lv\/kas-ir-kt-tape\/"]}]},{"@type":"ImageObject","inLanguage":"lv-LV","@id":"https:\/\/kttape.ee\/lv\/kas-ir-kt-tape\/#primaryimage","url":"https:\/\/kttape.ee\/wp-content\/uploads\/2023\/06\/Swim-banner-jpeg.webp","contentUrl":"https:\/\/kttape.ee\/wp-content\/uploads\/2023\/06\/Swim-banner-jpeg.webp","width":970,"height":250},{"@type":"BreadcrumbList","@id":"https:\/\/kttape.ee\/lv\/kas-ir-kt-tape\/#breadcrumb","itemListElement":[{"@type":"ListItem","position":1,"name":"Home","item":"https:\/\/kttape.ee\/lv\/"},{"@type":"ListItem","position":2,"name":"Kas ir KT Tape?"}]},{"@type":"WebSite","@id":"https:\/\/kttape.ee\/lv\/#website","url":"https:\/\/kttape.ee\/lv\/","name":"KT TAPE","description":"Vesel\u012bbas un sporta produkti","publisher":{"@id":"https:\/\/kttape.ee\/lv\/#organization"},"alternateName":"kinesioteip, kinesioloogiline teip, kt teip","potentialAction":[{"@type":"SearchAction","target":{"@type":"EntryPoint","urlTemplate":"https:\/\/kttape.ee\/lv\/?s={search_term_string}"},"query-input":{"@type":"PropertyValueSpecification","valueRequired":true,"valueName":"search_term_string"}}],"inLanguage":"lv-LV"},{"@type":"Organization","@id":"https:\/\/kttape.ee\/lv\/#organization","name":"Monger Baltic O\u00dc","alternateName":"KT TAPE","url":"https:\/\/kttape.ee\/lv\/","logo":{"@type":"ImageObject","inLanguage":"lv-LV","@id":"https:\/\/kttape.ee\/lv\/#\/schema\/logo\/image\/","url":"http:\/\/kttape.ee\/wp-content\/uploads\/2018\/11\/logo-monger-white-1.png","contentUrl":"http:\/\/kttape.ee\/wp-content\/uploads\/2018\/11\/logo-monger-white-1.png","width":826,"height":532,"caption":"Monger Baltic O\u00dc"},"image":{"@id":"https:\/\/kttape.ee\/lv\/#\/schema\/logo\/image\/"},"sameAs":["https:\/\/www.facebook.com\/kttapeeesti","https:\/\/www.instagram.com\/kttape.eesti\/"]}]}},"_links":{"self":[{"href":"https:\/\/kttape.ee\/lv\/wp-json\/wp\/v2\/pages\/1499","targetHints":{"allow":["GET"]}}],"collection":[{"href":"https:\/\/kttape.ee\/lv\/wp-json\/wp\/v2\/pages"}],"about":[{"href":"https:\/\/kttape.ee\/lv\/wp-json\/wp\/v2\/types\/page"}],"author":[{"embeddable":true,"href":"https:\/\/kttape.ee\/lv\/wp-json\/wp\/v2\/users\/1"}],"replies":[{"embeddable":true,"href":"https:\/\/kttape.ee\/lv\/wp-json\/wp\/v2\/comments?post=1499"}],"version-history":[{"count":0,"href":"https:\/\/kttape.ee\/lv\/wp-json\/wp\/v2\/pages\/1499\/revisions"}],"wp:featuredmedia":[{"embeddable":true,"href":"https:\/\/kttape.ee\/lv\/wp-json\/wp\/v2\/media\/6040"}],"wp:attachment":[{"href":"https:\/\/kttape.ee\/lv\/wp-json\/wp\/v2\/media?parent=1499"}],"curies":[{"name":"wp","href":"https:\/\/api.w.org\/{rel}","templated":true}]}}