{"id":1521,"date":"2017-05-24T11:24:14","date_gmt":"2017-05-24T08:24:14","guid":{"rendered":"https:\/\/project.dreamo.ee\/monger\/kttape\/kas-ir-kt-tape\/kt-tape-pro\/"},"modified":"2018-11-01T13:26:25","modified_gmt":"2018-11-01T11:26:25","slug":"kt-tape-pro","status":"publish","type":"page","link":"https:\/\/kttape.ee\/lv\/kas-ir-kt-tape\/kt-tape-pro\/","title":{"rendered":"KT Tape PRO"},"content":{"rendered":"<h1>KT Tape PRO<\/h1>\n<h2>AR KVALITAT\u012aVI JAUN\u0100M \u012aPA\u0160\u012aB\u0100M<\/h2>\n<p>KT Tape Pro kalpo ilg\u0101k, piel\u012bm\u0113jas lab\u0101k un atbalsta k\u0101 nekad iepriek\u0161.<\/p>\n<p>Daudzus gadus, pal\u012bdzot sportistiem \u012bstenot savu potenci\u0101lu, no\u0146emot s\u0101pes un pa\u0101trinot atg\u016b\u0161anos ievainotaj\u0101s viet\u0101s, KT Tape ir l\u012bderis! K\u0101 pasaul\u0113 pirmais un vien\u012bgais 100% sint\u0113tiskais kineziolo\u0123iskais teips KT Tape Pro nodro\u0161ina s\u0101pju no\u0146em\u0161anu un atbalstu simtiem bie\u017ei izplat\u012btu s\u0101pju un ievainojumu gad\u012bjumos, kas saist\u012bti ar musku\u013ciem, loc\u012btav\u0101m un c\u012bpsl\u0101m, turkl\u0101t iedarb\u012bba ilgst vair\u0101kas dienas. T\u0101 k\u0101 KT Tape Pro stingr\u0101k piel\u012bp un tam ir sint\u0113tiska elast\u012bg\u0101 da\u013ca, tas no\u0146em s\u0101pes, t\u0101d\u0113j\u0101di j\u016bs varat fokus\u0113ties uz m\u0113r\u0137i. Ir da\u017eas lietas, kas at\u0161\u0137ir Pro no kokvilnas kineziolo\u0123iskajiem teipiem.<\/p>\n<h2>STINGR\u0100K PIEL\u012aP<\/h2>\n<p>KT Tape Pro nep\u0101rst\u0101j darboties, pat tad, kad j\u016bs p\u0101rst\u0101jat. Izstr\u0101d\u0101ts t\u0101, lai darbotos vissmag\u0101kajos apst\u0101k\u013cos. Pro ir tik iztur\u012bgs, ka var kalpot veselu ned\u0113\u013cu, vair\u0101kus treni\u0146us, ikdienas du\u0161as, atra\u0161anos mitrum\u0101, aukstum\u0101 vai peldbasein\u0101. Tam ir patent\u0113ts SecondSkin p\u0101rkl\u0101jums, kas izcili kalpos visu paredz\u0113to termi\u0146a laiku un iesp\u0113jams pat ilg\u0101k.<\/p>\n<h2>LAB\u0100KS ATBALSTS<\/h2>\n<p>Bez \u0161aub\u0101m iek\u0161\u0113j\u0101 materi\u0101la stipr\u012bba ir galvenais faktors, lai nodro\u0161in\u0101tu labus rezult\u0101tus. Tas attiecas ar\u012b uz pa\u0161u teipu. KT Tape Pro iek\u0161\u0113j\u0101 materi\u0101la stiprumam nav konkurentu. T\u0101 pirmklas\u012bgais sint\u0113tiskais, elast\u012bgais iek\u0161\u0113jais materi\u0101ls nodro\u0161ina izcilu rezult\u0101tu un nek\u013c\u016bst va\u013c\u012bgs.<\/p>\n<h2>KALPO 2X ILG\u0100K<\/h2>\n<p>KT Tape Pro stiprais elast\u012bgais iek\u0161\u0113jais materi\u0101ls laika gait\u0101 saglab\u0101 savu elast\u012bgumu daudz lab\u0101k nek\u0101 kokvilnas kineziolo\u0123iskie teipi. Tas noz\u012bm\u0113, ka tas nodro\u0161in\u0101s stipru atbalstu, kam\u0113r vien sportojat, un pat v\u0113l ilg\u0101k. L\u012bdz\u012bgi k\u0101 stipr\u0101kie sportisti, lai pan\u0101ktu uzvaru, tas pa\u013caujas gan uz stipr\u012bbu, gan uz iztur\u012bbu.<\/p>\n<p>KT Tape Pro ir ar\u012b 100% \u016bdensiztur\u012bgs, 100% notur\u012bgs pret sviedriem, KT Tape Pro var \u0113rti lietot du\u0161\u0101, peldbasein\u0101 vai s\u0113rfojot pa lielajiem Maverikas vi\u013c\u0146iem. J\u016bs, triatl\u0113ti, peld\u0113t\u0101ji, s\u0113rfot\u0101ji un bur\u0101t\u0101ji, patie\u0161\u0101m to nov\u0113rt\u0113siet.<\/p>\n<h2>100% SINT\u0112TISK\u0100S MIKRO\u0160\u0136IEDRAS<\/h2>\n<p>Sint\u0113tisk\u0101s mikro\u0161\u0137iedras \u0101tri iz\u017e\u016bst un nodro\u0161ina izcilu svara un iztur\u012bbas attiec\u012bbu. \u0160\u012bs \u0161\u0137iedras dabiski ir antimikrobiolo\u0123iskas, kas nodro\u0161ina \u0113rtu, ilgu lieto\u0161anu bez raiz\u0113m.<\/p>\n","protected":false},"excerpt":{"rendered":"<p>KT Tape PRO AR KVALITAT\u012aVI JAUN\u0100M \u012aPA\u0160\u012aB\u0100M KT Tape Pro kalpo ilg\u0101k, piel\u012bm\u0113jas lab\u0101k un atbalsta k\u0101 nekad iepriek\u0161. Daudzus&#8230;<\/p>\n","protected":false},"author":1,"featured_media":0,"parent":1499,"menu_order":35,"comment_status":"closed","ping_status":"closed","template":"template-contact.php","meta":{"_acf_changed":false,"footnotes":""},"class_list":["post-1521","page","type-page","status-publish","hentry"],"acf":[],"yoast_head":"<!-- This site is optimized with the Yoast SEO Premium plugin v27.2 (Yoast SEO v27.4) - https:\/\/yoast.com\/product\/yoast-seo-premium-wordpress\/ -->\n<title>KT Tape PRO - KT Tape Baltics<\/title>\n<meta name=\"robots\" content=\"index, follow, max-snippet:-1, max-image-preview:large, max-video-preview:-1\" \/>\n<link rel=\"canonical\" href=\"https:\/\/kttape.ee\/lv\/kas-ir-kt-tape\/kt-tape-pro\/\" \/>\n<meta property=\"og:locale\" content=\"lv_LV\" \/>\n<meta property=\"og:type\" content=\"article\" \/>\n<meta property=\"og:title\" content=\"KT Tape PRO\" \/>\n<meta property=\"og:description\" content=\"KT Tape PRO AR KVALITAT\u012aVI JAUN\u0100M \u012aPA\u0160\u012aB\u0100M KT Tape Pro kalpo ilg\u0101k, piel\u012bm\u0113jas lab\u0101k un atbalsta k\u0101 nekad iepriek\u0161. Daudzus gadus, pal\u012bdzot sportistiem\" \/>\n<meta property=\"og:url\" content=\"https:\/\/kttape.ee\/lv\/kas-ir-kt-tape\/kt-tape-pro\/\" \/>\n<meta property=\"og:site_name\" content=\"KT Tape Baltics\" \/>\n<meta property=\"article:publisher\" content=\"https:\/\/www.facebook.com\/kttapeeesti\" \/>\n<meta property=\"article:modified_time\" content=\"2018-11-01T11:26:25+00:00\" \/>\n<meta name=\"twitter:card\" content=\"summary_large_image\" \/>\n<meta name=\"twitter:label1\" content=\"Est. reading time\" \/>\n\t<meta name=\"twitter:data1\" content=\"2 minutes\" \/>\n<script type=\"application\/ld+json\" class=\"yoast-schema-graph\">{\"@context\":\"https:\\\/\\\/schema.org\",\"@graph\":[{\"@type\":\"WebPage\",\"@id\":\"https:\\\/\\\/kttape.ee\\\/lv\\\/kas-ir-kt-tape\\\/kt-tape-pro\\\/\",\"url\":\"https:\\\/\\\/kttape.ee\\\/lv\\\/kas-ir-kt-tape\\\/kt-tape-pro\\\/\",\"name\":\"KT Tape PRO - KT Tape Baltics\",\"isPartOf\":{\"@id\":\"https:\\\/\\\/kttape.ee\\\/lv\\\/#website\"},\"datePublished\":\"2017-05-24T08:24:14+00:00\",\"dateModified\":\"2018-11-01T11:26:25+00:00\",\"breadcrumb\":{\"@id\":\"https:\\\/\\\/kttape.ee\\\/lv\\\/kas-ir-kt-tape\\\/kt-tape-pro\\\/#breadcrumb\"},\"inLanguage\":\"lv-LV\",\"potentialAction\":[{\"@type\":\"ReadAction\",\"target\":[\"https:\\\/\\\/kttape.ee\\\/lv\\\/kas-ir-kt-tape\\\/kt-tape-pro\\\/\"]}]},{\"@type\":\"BreadcrumbList\",\"@id\":\"https:\\\/\\\/kttape.ee\\\/lv\\\/kas-ir-kt-tape\\\/kt-tape-pro\\\/#breadcrumb\",\"itemListElement\":[{\"@type\":\"ListItem\",\"position\":1,\"name\":\"Home\",\"item\":\"https:\\\/\\\/kttape.ee\\\/lv\\\/\"},{\"@type\":\"ListItem\",\"position\":2,\"name\":\"Kas ir KT Tape?\",\"item\":\"https:\\\/\\\/kttape.ee\\\/lv\\\/kas-ir-kt-tape\\\/\"},{\"@type\":\"ListItem\",\"position\":3,\"name\":\"KT Tape PRO\"}]},{\"@type\":\"WebSite\",\"@id\":\"https:\\\/\\\/kttape.ee\\\/lv\\\/#website\",\"url\":\"https:\\\/\\\/kttape.ee\\\/lv\\\/\",\"name\":\"KT TAPE\",\"description\":\"Vesel\u012bbas un sporta produkti\",\"publisher\":{\"@id\":\"https:\\\/\\\/kttape.ee\\\/lv\\\/#organization\"},\"alternateName\":\"kinesioteip, kinesioloogiline teip, kt teip\",\"potentialAction\":[{\"@type\":\"SearchAction\",\"target\":{\"@type\":\"EntryPoint\",\"urlTemplate\":\"https:\\\/\\\/kttape.ee\\\/lv\\\/?s={search_term_string}\"},\"query-input\":{\"@type\":\"PropertyValueSpecification\",\"valueRequired\":true,\"valueName\":\"search_term_string\"}}],\"inLanguage\":\"lv-LV\"},{\"@type\":\"Organization\",\"@id\":\"https:\\\/\\\/kttape.ee\\\/lv\\\/#organization\",\"name\":\"Monger Baltic O\u00dc\",\"alternateName\":\"KT TAPE\",\"url\":\"https:\\\/\\\/kttape.ee\\\/lv\\\/\",\"logo\":{\"@type\":\"ImageObject\",\"inLanguage\":\"lv-LV\",\"@id\":\"https:\\\/\\\/kttape.ee\\\/lv\\\/#\\\/schema\\\/logo\\\/image\\\/\",\"url\":\"http:\\\/\\\/kttape.ee\\\/wp-content\\\/uploads\\\/2018\\\/11\\\/logo-monger-white-1.png\",\"contentUrl\":\"http:\\\/\\\/kttape.ee\\\/wp-content\\\/uploads\\\/2018\\\/11\\\/logo-monger-white-1.png\",\"width\":826,\"height\":532,\"caption\":\"Monger Baltic O\u00dc\"},\"image\":{\"@id\":\"https:\\\/\\\/kttape.ee\\\/lv\\\/#\\\/schema\\\/logo\\\/image\\\/\"},\"sameAs\":[\"https:\\\/\\\/www.facebook.com\\\/kttapeeesti\",\"https:\\\/\\\/www.instagram.com\\\/kttape.eesti\\\/\"]}]}<\/script>\n<!-- \/ Yoast SEO Premium plugin. -->","yoast_head_json":{"title":"KT Tape PRO - KT Tape Baltics","robots":{"index":"index","follow":"follow","max-snippet":"max-snippet:-1","max-image-preview":"max-image-preview:large","max-video-preview":"max-video-preview:-1"},"canonical":"https:\/\/kttape.ee\/lv\/kas-ir-kt-tape\/kt-tape-pro\/","og_locale":"lv_LV","og_type":"article","og_title":"KT Tape PRO","og_description":"KT Tape PRO AR KVALITAT\u012aVI JAUN\u0100M \u012aPA\u0160\u012aB\u0100M KT Tape Pro kalpo ilg\u0101k, piel\u012bm\u0113jas lab\u0101k un atbalsta k\u0101 nekad iepriek\u0161. Daudzus gadus, pal\u012bdzot sportistiem","og_url":"https:\/\/kttape.ee\/lv\/kas-ir-kt-tape\/kt-tape-pro\/","og_site_name":"KT Tape Baltics","article_publisher":"https:\/\/www.facebook.com\/kttapeeesti","article_modified_time":"2018-11-01T11:26:25+00:00","twitter_card":"summary_large_image","twitter_misc":{"Est. reading time":"2 minutes"},"schema":{"@context":"https:\/\/schema.org","@graph":[{"@type":"WebPage","@id":"https:\/\/kttape.ee\/lv\/kas-ir-kt-tape\/kt-tape-pro\/","url":"https:\/\/kttape.ee\/lv\/kas-ir-kt-tape\/kt-tape-pro\/","name":"KT Tape PRO - KT Tape Baltics","isPartOf":{"@id":"https:\/\/kttape.ee\/lv\/#website"},"datePublished":"2017-05-24T08:24:14+00:00","dateModified":"2018-11-01T11:26:25+00:00","breadcrumb":{"@id":"https:\/\/kttape.ee\/lv\/kas-ir-kt-tape\/kt-tape-pro\/#breadcrumb"},"inLanguage":"lv-LV","potentialAction":[{"@type":"ReadAction","target":["https:\/\/kttape.ee\/lv\/kas-ir-kt-tape\/kt-tape-pro\/"]}]},{"@type":"BreadcrumbList","@id":"https:\/\/kttape.ee\/lv\/kas-ir-kt-tape\/kt-tape-pro\/#breadcrumb","itemListElement":[{"@type":"ListItem","position":1,"name":"Home","item":"https:\/\/kttape.ee\/lv\/"},{"@type":"ListItem","position":2,"name":"Kas ir KT Tape?","item":"https:\/\/kttape.ee\/lv\/kas-ir-kt-tape\/"},{"@type":"ListItem","position":3,"name":"KT Tape PRO"}]},{"@type":"WebSite","@id":"https:\/\/kttape.ee\/lv\/#website","url":"https:\/\/kttape.ee\/lv\/","name":"KT TAPE","description":"Vesel\u012bbas un sporta produkti","publisher":{"@id":"https:\/\/kttape.ee\/lv\/#organization"},"alternateName":"kinesioteip, kinesioloogiline teip, kt teip","potentialAction":[{"@type":"SearchAction","target":{"@type":"EntryPoint","urlTemplate":"https:\/\/kttape.ee\/lv\/?s={search_term_string}"},"query-input":{"@type":"PropertyValueSpecification","valueRequired":true,"valueName":"search_term_string"}}],"inLanguage":"lv-LV"},{"@type":"Organization","@id":"https:\/\/kttape.ee\/lv\/#organization","name":"Monger Baltic O\u00dc","alternateName":"KT TAPE","url":"https:\/\/kttape.ee\/lv\/","logo":{"@type":"ImageObject","inLanguage":"lv-LV","@id":"https:\/\/kttape.ee\/lv\/#\/schema\/logo\/image\/","url":"http:\/\/kttape.ee\/wp-content\/uploads\/2018\/11\/logo-monger-white-1.png","contentUrl":"http:\/\/kttape.ee\/wp-content\/uploads\/2018\/11\/logo-monger-white-1.png","width":826,"height":532,"caption":"Monger Baltic O\u00dc"},"image":{"@id":"https:\/\/kttape.ee\/lv\/#\/schema\/logo\/image\/"},"sameAs":["https:\/\/www.facebook.com\/kttapeeesti","https:\/\/www.instagram.com\/kttape.eesti\/"]}]}},"_links":{"self":[{"href":"https:\/\/kttape.ee\/lv\/wp-json\/wp\/v2\/pages\/1521","targetHints":{"allow":["GET"]}}],"collection":[{"href":"https:\/\/kttape.ee\/lv\/wp-json\/wp\/v2\/pages"}],"about":[{"href":"https:\/\/kttape.ee\/lv\/wp-json\/wp\/v2\/types\/page"}],"author":[{"embeddable":true,"href":"https:\/\/kttape.ee\/lv\/wp-json\/wp\/v2\/users\/1"}],"replies":[{"embeddable":true,"href":"https:\/\/kttape.ee\/lv\/wp-json\/wp\/v2\/comments?post=1521"}],"version-history":[{"count":0,"href":"https:\/\/kttape.ee\/lv\/wp-json\/wp\/v2\/pages\/1521\/revisions"}],"up":[{"embeddable":true,"href":"https:\/\/kttape.ee\/lv\/wp-json\/wp\/v2\/pages\/1499"}],"wp:attachment":[{"href":"https:\/\/kttape.ee\/lv\/wp-json\/wp\/v2\/media?parent=1521"}],"curies":[{"name":"wp","href":"https:\/\/api.w.org\/{rel}","templated":true}]}}