{"id":1585,"date":"2017-05-24T11:44:41","date_gmt":"2017-05-24T08:44:41","guid":{"rendered":"https:\/\/project.dreamo.ee\/monger\/kttape\/kas-ir-kt-tape\/korduvad-kusimused\/"},"modified":"2018-11-01T13:41:59","modified_gmt":"2018-11-01T11:41:59","slug":"biezi-uzdotie-jautajumi","status":"publish","type":"page","link":"https:\/\/kttape.ee\/lv\/kas-ir-kt-tape\/biezi-uzdotie-jautajumi\/","title":{"rendered":"Bie\u017ei uzdotie jaut\u0101jumi"},"content":{"rendered":"<h1>Bie\u017ei uzdotie jaut\u0101jumi<\/h1>\n<h2>Kas ir kineziolo\u0123ija?<\/h2>\n<p>KT Tape ir sa\u012bsin\u0101jums terminam Kineziolo\u0123iski terapeitiskais teips. Tas ir stingrs elast\u012bgs sporta teips, kas samazina musku\u013cu s\u0101pes, uzlabo mobilit\u0101ti un uzlabo sportisko izpild\u012bjumu. KT Tape ir iepriek\u0161 sagriezts, t\u0101d\u0113\u013c to var \u0101tri un vienk\u0101r\u0161i uzkl\u0101t. Vienk\u0101r\u0161i nopl\u0113siet pap\u012bra sloksni un uzkl\u0101jiet teipu uz ievainot\u0101s vietas. KT Tape nodro\u0161ina atslodzi un atbalstu musku\u013ciem, loc\u012btav\u0101m un to var izmantot, lai nov\u0113rstu vai \u0101rst\u0113tu simtiem sportisku ievainojumu.<\/p>\n<h2>Kas ir komplekt\u0101cij\u0101?<\/h2>\n<ul>\n<li>20 sagrieztas str\u0113meles, kas savienotas kop\u0101 turpat piecu metru gar\u0101 rull\u012b<\/li>\n<li>Sagriezt\u0101s str\u0113meles ir gatavas uzkl\u0101\u0161anai, uzreiz iz\u0146emot no iepakojuma \u2013 NAV NEPIECIE\u0160AMA GRIE\u0160ANA<\/li>\n<li>Viens rullis pietiek apm. 10-20 lieto\u0161anas reiz\u0113m<\/li>\n<li>Parasti kalpo apm. 40-60 dienas, atkar\u012bb\u0101 no izmanto\u0161anas veida<\/li>\n<li>KT Tape var lietot peldbasein\u0101 vai du\u0161\u0101, un tas nenokrit\u012bs nost<\/li>\n<li>Ietver soli pa solim instrukcijas, k\u0101 uzkl\u0101t teipu<\/li>\n<li>Pieejam\u0101s kr\u0101sas: melns, zils, roz\u0101, b\u0113\u0161s, sarkans, za\u013c\u0161, dzeltens, j\u016bras zils, lill\u0101 un balts<\/li>\n<\/ul>\n<h2>Ieteicam\u0101s uzglab\u0101\u0161anas instrukcijas<\/h2>\n<p>Lai nodro\u0161in\u0101tu optim\u0101lu rezult\u0101tu, KT Tape ir j\u0101glab\u0101 v\u0113s\u0101, saus\u0101, labi v\u0113din\u0101m\u0101 viet\u0101. Izvairieties glab\u0101t tie\u0161\u0101 saules gaism\u0101, augst\u0101 temperat\u016br\u0101 (virs 35 gr\u0101diem p\u0113c Celsija) vai augst\u0101 mitrum\u0101 (virs 65%). Lab\u0101kais rezult\u0101ts ir pan\u0101kams, ja teipu izmanto 1 gada laik\u0101 kop\u0161 ieg\u0101des.<\/p>\n","protected":false},"excerpt":{"rendered":"<p>Bie\u017ei uzdotie jaut\u0101jumi Kas ir kineziolo\u0123ija? KT Tape ir sa\u012bsin\u0101jums terminam Kineziolo\u0123iski terapeitiskais teips. Tas ir stingrs elast\u012bgs sporta teips,&#8230;<\/p>\n","protected":false},"author":1,"featured_media":0,"parent":1499,"menu_order":42,"comment_status":"closed","ping_status":"closed","template":"","meta":{"_acf_changed":false,"footnotes":""},"class_list":["post-1585","page","type-page","status-publish","hentry"],"acf":[],"yoast_head":"<!-- This site is optimized with the Yoast SEO Premium plugin v23.4 (Yoast SEO v27.3) - https:\/\/yoast.com\/product\/yoast-seo-premium-wordpress\/ -->\n<title>Bie\u017ei uzdotie jaut\u0101jumi - KT Tape Baltics<\/title>\n<meta name=\"description\" content=\"Siit leiate vastused enim esitatud k\u00fcsimustele kinesioloogilise teibi ja teipimise kohta. Samuti konkreetselt KT Tape kohta.\" \/>\n<meta name=\"robots\" content=\"index, follow, max-snippet:-1, max-image-preview:large, max-video-preview:-1\" \/>\n<link rel=\"canonical\" href=\"https:\/\/kttape.ee\/lv\/kas-ir-kt-tape\/biezi-uzdotie-jautajumi\/\" \/>\n<meta property=\"og:locale\" content=\"lv_LV\" \/>\n<meta property=\"og:type\" content=\"article\" \/>\n<meta property=\"og:title\" content=\"Bie\u017ei uzdotie jaut\u0101jumi\" \/>\n<meta property=\"og:description\" content=\"Bie\u017ei uzdotie jaut\u0101jumi Kas ir kineziolo\u0123ija? KT Tape ir sa\u012bsin\u0101jums terminam Kineziolo\u0123iski terapeitiskais teips. Tas ir stingrs elast\u012bgs sporta teips,\" \/>\n<meta property=\"og:url\" content=\"https:\/\/kttape.ee\/lv\/kas-ir-kt-tape\/biezi-uzdotie-jautajumi\/\" \/>\n<meta property=\"og:site_name\" content=\"KT Tape Baltics\" \/>\n<meta property=\"article:publisher\" content=\"https:\/\/www.facebook.com\/kttapeeesti\" \/>\n<meta property=\"article:modified_time\" content=\"2018-11-01T11:41:59+00:00\" \/>\n<meta name=\"twitter:card\" content=\"summary_large_image\" \/>\n<meta name=\"twitter:label1\" content=\"Est. reading time\" \/>\n\t<meta name=\"twitter:data1\" content=\"1 minute\" \/>\n<script type=\"application\/ld+json\" class=\"yoast-schema-graph\">{\"@context\":\"https:\\\/\\\/schema.org\",\"@graph\":[{\"@type\":\"WebPage\",\"@id\":\"https:\\\/\\\/kttape.ee\\\/lv\\\/kas-ir-kt-tape\\\/biezi-uzdotie-jautajumi\\\/\",\"url\":\"https:\\\/\\\/kttape.ee\\\/lv\\\/kas-ir-kt-tape\\\/biezi-uzdotie-jautajumi\\\/\",\"name\":\"Bie\u017ei uzdotie jaut\u0101jumi - KT Tape Baltics\",\"isPartOf\":{\"@id\":\"https:\\\/\\\/kttape.ee\\\/lv\\\/#website\"},\"datePublished\":\"2017-05-24T08:44:41+00:00\",\"dateModified\":\"2018-11-01T11:41:59+00:00\",\"description\":\"Siit leiate vastused enim esitatud k\u00fcsimustele kinesioloogilise teibi ja teipimise kohta. Samuti konkreetselt KT Tape kohta.\",\"breadcrumb\":{\"@id\":\"https:\\\/\\\/kttape.ee\\\/lv\\\/kas-ir-kt-tape\\\/biezi-uzdotie-jautajumi\\\/#breadcrumb\"},\"inLanguage\":\"lv-LV\",\"potentialAction\":[{\"@type\":\"ReadAction\",\"target\":[\"https:\\\/\\\/kttape.ee\\\/lv\\\/kas-ir-kt-tape\\\/biezi-uzdotie-jautajumi\\\/\"]}]},{\"@type\":\"BreadcrumbList\",\"@id\":\"https:\\\/\\\/kttape.ee\\\/lv\\\/kas-ir-kt-tape\\\/biezi-uzdotie-jautajumi\\\/#breadcrumb\",\"itemListElement\":[{\"@type\":\"ListItem\",\"position\":1,\"name\":\"Home\",\"item\":\"https:\\\/\\\/kttape.ee\\\/lv\\\/\"},{\"@type\":\"ListItem\",\"position\":2,\"name\":\"Kas ir KT Tape?\",\"item\":\"https:\\\/\\\/kttape.ee\\\/lv\\\/kas-ir-kt-tape\\\/\"},{\"@type\":\"ListItem\",\"position\":3,\"name\":\"Bie\u017ei uzdotie jaut\u0101jumi\"}]},{\"@type\":\"WebSite\",\"@id\":\"https:\\\/\\\/kttape.ee\\\/lv\\\/#website\",\"url\":\"https:\\\/\\\/kttape.ee\\\/lv\\\/\",\"name\":\"KT TAPE\",\"description\":\"Vesel\u012bbas un sporta produkti\",\"publisher\":{\"@id\":\"https:\\\/\\\/kttape.ee\\\/lv\\\/#organization\"},\"alternateName\":\"kinesioteip, kinesioloogiline teip, kt teip\",\"potentialAction\":[{\"@type\":\"SearchAction\",\"target\":{\"@type\":\"EntryPoint\",\"urlTemplate\":\"https:\\\/\\\/kttape.ee\\\/lv\\\/?s={search_term_string}\"},\"query-input\":{\"@type\":\"PropertyValueSpecification\",\"valueRequired\":true,\"valueName\":\"search_term_string\"}}],\"inLanguage\":\"lv-LV\"},{\"@type\":\"Organization\",\"@id\":\"https:\\\/\\\/kttape.ee\\\/lv\\\/#organization\",\"name\":\"Monger Baltic O\u00dc\",\"alternateName\":\"KT TAPE\",\"url\":\"https:\\\/\\\/kttape.ee\\\/lv\\\/\",\"logo\":{\"@type\":\"ImageObject\",\"inLanguage\":\"lv-LV\",\"@id\":\"https:\\\/\\\/kttape.ee\\\/lv\\\/#\\\/schema\\\/logo\\\/image\\\/\",\"url\":\"http:\\\/\\\/kttape.ee\\\/wp-content\\\/uploads\\\/2018\\\/11\\\/logo-monger-white-1.png\",\"contentUrl\":\"http:\\\/\\\/kttape.ee\\\/wp-content\\\/uploads\\\/2018\\\/11\\\/logo-monger-white-1.png\",\"width\":826,\"height\":532,\"caption\":\"Monger Baltic O\u00dc\"},\"image\":{\"@id\":\"https:\\\/\\\/kttape.ee\\\/lv\\\/#\\\/schema\\\/logo\\\/image\\\/\"},\"sameAs\":[\"https:\\\/\\\/www.facebook.com\\\/kttapeeesti\",\"https:\\\/\\\/www.instagram.com\\\/kttape.eesti\\\/\"]}]}<\/script>\n<!-- \/ Yoast SEO Premium plugin. -->","yoast_head_json":{"title":"Bie\u017ei uzdotie jaut\u0101jumi - KT Tape Baltics","description":"Siit leiate vastused enim esitatud k\u00fcsimustele kinesioloogilise teibi ja teipimise kohta. Samuti konkreetselt KT Tape kohta.","robots":{"index":"index","follow":"follow","max-snippet":"max-snippet:-1","max-image-preview":"max-image-preview:large","max-video-preview":"max-video-preview:-1"},"canonical":"https:\/\/kttape.ee\/lv\/kas-ir-kt-tape\/biezi-uzdotie-jautajumi\/","og_locale":"lv_LV","og_type":"article","og_title":"Bie\u017ei uzdotie jaut\u0101jumi","og_description":"Bie\u017ei uzdotie jaut\u0101jumi Kas ir kineziolo\u0123ija? KT Tape ir sa\u012bsin\u0101jums terminam Kineziolo\u0123iski terapeitiskais teips. Tas ir stingrs elast\u012bgs sporta teips,","og_url":"https:\/\/kttape.ee\/lv\/kas-ir-kt-tape\/biezi-uzdotie-jautajumi\/","og_site_name":"KT Tape Baltics","article_publisher":"https:\/\/www.facebook.com\/kttapeeesti","article_modified_time":"2018-11-01T11:41:59+00:00","twitter_card":"summary_large_image","twitter_misc":{"Est. reading time":"1 minute"},"schema":{"@context":"https:\/\/schema.org","@graph":[{"@type":"WebPage","@id":"https:\/\/kttape.ee\/lv\/kas-ir-kt-tape\/biezi-uzdotie-jautajumi\/","url":"https:\/\/kttape.ee\/lv\/kas-ir-kt-tape\/biezi-uzdotie-jautajumi\/","name":"Bie\u017ei uzdotie jaut\u0101jumi - KT Tape Baltics","isPartOf":{"@id":"https:\/\/kttape.ee\/lv\/#website"},"datePublished":"2017-05-24T08:44:41+00:00","dateModified":"2018-11-01T11:41:59+00:00","description":"Siit leiate vastused enim esitatud k\u00fcsimustele kinesioloogilise teibi ja teipimise kohta. Samuti konkreetselt KT Tape kohta.","breadcrumb":{"@id":"https:\/\/kttape.ee\/lv\/kas-ir-kt-tape\/biezi-uzdotie-jautajumi\/#breadcrumb"},"inLanguage":"lv-LV","potentialAction":[{"@type":"ReadAction","target":["https:\/\/kttape.ee\/lv\/kas-ir-kt-tape\/biezi-uzdotie-jautajumi\/"]}]},{"@type":"BreadcrumbList","@id":"https:\/\/kttape.ee\/lv\/kas-ir-kt-tape\/biezi-uzdotie-jautajumi\/#breadcrumb","itemListElement":[{"@type":"ListItem","position":1,"name":"Home","item":"https:\/\/kttape.ee\/lv\/"},{"@type":"ListItem","position":2,"name":"Kas ir KT Tape?","item":"https:\/\/kttape.ee\/lv\/kas-ir-kt-tape\/"},{"@type":"ListItem","position":3,"name":"Bie\u017ei uzdotie jaut\u0101jumi"}]},{"@type":"WebSite","@id":"https:\/\/kttape.ee\/lv\/#website","url":"https:\/\/kttape.ee\/lv\/","name":"KT TAPE","description":"Vesel\u012bbas un sporta produkti","publisher":{"@id":"https:\/\/kttape.ee\/lv\/#organization"},"alternateName":"kinesioteip, kinesioloogiline teip, kt teip","potentialAction":[{"@type":"SearchAction","target":{"@type":"EntryPoint","urlTemplate":"https:\/\/kttape.ee\/lv\/?s={search_term_string}"},"query-input":{"@type":"PropertyValueSpecification","valueRequired":true,"valueName":"search_term_string"}}],"inLanguage":"lv-LV"},{"@type":"Organization","@id":"https:\/\/kttape.ee\/lv\/#organization","name":"Monger Baltic O\u00dc","alternateName":"KT TAPE","url":"https:\/\/kttape.ee\/lv\/","logo":{"@type":"ImageObject","inLanguage":"lv-LV","@id":"https:\/\/kttape.ee\/lv\/#\/schema\/logo\/image\/","url":"http:\/\/kttape.ee\/wp-content\/uploads\/2018\/11\/logo-monger-white-1.png","contentUrl":"http:\/\/kttape.ee\/wp-content\/uploads\/2018\/11\/logo-monger-white-1.png","width":826,"height":532,"caption":"Monger Baltic O\u00dc"},"image":{"@id":"https:\/\/kttape.ee\/lv\/#\/schema\/logo\/image\/"},"sameAs":["https:\/\/www.facebook.com\/kttapeeesti","https:\/\/www.instagram.com\/kttape.eesti\/"]}]}},"_links":{"self":[{"href":"https:\/\/kttape.ee\/lv\/wp-json\/wp\/v2\/pages\/1585","targetHints":{"allow":["GET"]}}],"collection":[{"href":"https:\/\/kttape.ee\/lv\/wp-json\/wp\/v2\/pages"}],"about":[{"href":"https:\/\/kttape.ee\/lv\/wp-json\/wp\/v2\/types\/page"}],"author":[{"embeddable":true,"href":"https:\/\/kttape.ee\/lv\/wp-json\/wp\/v2\/users\/1"}],"replies":[{"embeddable":true,"href":"https:\/\/kttape.ee\/lv\/wp-json\/wp\/v2\/comments?post=1585"}],"version-history":[{"count":0,"href":"https:\/\/kttape.ee\/lv\/wp-json\/wp\/v2\/pages\/1585\/revisions"}],"up":[{"embeddable":true,"href":"https:\/\/kttape.ee\/lv\/wp-json\/wp\/v2\/pages\/1499"}],"wp:attachment":[{"href":"https:\/\/kttape.ee\/lv\/wp-json\/wp\/v2\/media?parent=1585"}],"curies":[{"name":"wp","href":"https:\/\/api.w.org\/{rel}","templated":true}]}}