{"id":1616,"date":"2017-05-24T11:46:45","date_gmt":"2017-05-24T08:46:45","guid":{"rendered":"https:\/\/project.dreamo.ee\/monger\/kttape\/kas-ir-kt-tape\/uudised-ja-infomaterjal\/"},"modified":"2017-08-21T13:27:55","modified_gmt":"2017-08-21T10:27:55","slug":"jaunumi-un-informacija","status":"publish","type":"page","link":"https:\/\/kttape.ee\/lv\/kas-ir-kt-tape\/jaunumi-un-informacija\/","title":{"rendered":"Jaunumi un inform\u0101cija"},"content":{"rendered":"<h1>Jaunumi un inform\u0101cija<\/h1>\n<p>T\u0113ma:\u00a0<a href=\"https:\/\/monger.eu\/monger\/kttape\/wp-content\/uploads\/2017\/05\/article-taping.pdf\" target=\"_blank\" rel=\"noopener\">Kineziolo\u0123isk\u0101s teipo\u0161anas ietekme uz apak\u0161stilba aizmugur\u0113j\u0101s da\u013cas ievainojumu nov\u0113r\u0161anu triatl\u0113tiem sacens\u012bbu laik\u0101. Komandas vad\u012bt\u0101ja pieredze<\/a><\/p>\n","protected":false},"excerpt":{"rendered":"<p>Jaunumi un inform\u0101cija T\u0113ma:\u00a0Kineziolo\u0123isk\u0101s teipo\u0161anas ietekme uz apak\u0161stilba aizmugur\u0113j\u0101s da\u013cas ievainojumu nov\u0113r\u0161anu triatl\u0113tiem sacens\u012bbu laik\u0101. Komandas vad\u012bt\u0101ja pieredze<\/p>\n","protected":false},"author":1,"featured_media":0,"parent":1499,"menu_order":47,"comment_status":"closed","ping_status":"closed","template":"template-contact.php","meta":{"_acf_changed":false,"footnotes":""},"class_list":["post-1616","page","type-page","status-publish","hentry"],"acf":[],"yoast_head":"<!-- This site is optimized with the Yoast SEO Premium plugin v27.2 (Yoast SEO v27.4) - https:\/\/yoast.com\/product\/yoast-seo-premium-wordpress\/ -->\n<title>Jaunumi un inform\u0101cija - KT Tape Baltics<\/title>\n<meta name=\"robots\" content=\"index, follow, max-snippet:-1, max-image-preview:large, max-video-preview:-1\" \/>\n<link rel=\"canonical\" href=\"https:\/\/kttape.ee\/lv\/kas-ir-kt-tape\/jaunumi-un-informacija\/\" \/>\n<meta property=\"og:locale\" content=\"lv_LV\" \/>\n<meta property=\"og:type\" content=\"article\" \/>\n<meta property=\"og:title\" content=\"Jaunumi un inform\u0101cija\" \/>\n<meta property=\"og:description\" content=\"Jaunumi un inform\u0101cija T\u0113ma:\u00a0Kineziolo\u0123isk\u0101s teipo\u0161anas ietekme uz apak\u0161stilba aizmugur\u0113j\u0101s da\u013cas ievainojumu nov\u0113r\u0161anu triatl\u0113tiem sacens\u012bbu laik\u0101.\" \/>\n<meta property=\"og:url\" content=\"https:\/\/kttape.ee\/lv\/kas-ir-kt-tape\/jaunumi-un-informacija\/\" \/>\n<meta property=\"og:site_name\" content=\"KT Tape Baltics\" \/>\n<meta property=\"article:publisher\" content=\"https:\/\/www.facebook.com\/kttapeeesti\" \/>\n<meta property=\"article:modified_time\" content=\"2017-08-21T10:27:55+00:00\" \/>\n<meta name=\"twitter:card\" content=\"summary_large_image\" \/>\n<script type=\"application\/ld+json\" class=\"yoast-schema-graph\">{\"@context\":\"https:\\\/\\\/schema.org\",\"@graph\":[{\"@type\":\"WebPage\",\"@id\":\"https:\\\/\\\/kttape.ee\\\/lv\\\/kas-ir-kt-tape\\\/jaunumi-un-informacija\\\/\",\"url\":\"https:\\\/\\\/kttape.ee\\\/lv\\\/kas-ir-kt-tape\\\/jaunumi-un-informacija\\\/\",\"name\":\"Jaunumi un inform\u0101cija - KT Tape Baltics\",\"isPartOf\":{\"@id\":\"https:\\\/\\\/kttape.ee\\\/lv\\\/#website\"},\"datePublished\":\"2017-05-24T08:46:45+00:00\",\"dateModified\":\"2017-08-21T10:27:55+00:00\",\"breadcrumb\":{\"@id\":\"https:\\\/\\\/kttape.ee\\\/lv\\\/kas-ir-kt-tape\\\/jaunumi-un-informacija\\\/#breadcrumb\"},\"inLanguage\":\"lv-LV\",\"potentialAction\":[{\"@type\":\"ReadAction\",\"target\":[\"https:\\\/\\\/kttape.ee\\\/lv\\\/kas-ir-kt-tape\\\/jaunumi-un-informacija\\\/\"]}]},{\"@type\":\"BreadcrumbList\",\"@id\":\"https:\\\/\\\/kttape.ee\\\/lv\\\/kas-ir-kt-tape\\\/jaunumi-un-informacija\\\/#breadcrumb\",\"itemListElement\":[{\"@type\":\"ListItem\",\"position\":1,\"name\":\"Home\",\"item\":\"https:\\\/\\\/kttape.ee\\\/lv\\\/\"},{\"@type\":\"ListItem\",\"position\":2,\"name\":\"Kas ir KT Tape?\",\"item\":\"https:\\\/\\\/kttape.ee\\\/lv\\\/kas-ir-kt-tape\\\/\"},{\"@type\":\"ListItem\",\"position\":3,\"name\":\"Jaunumi un inform\u0101cija\"}]},{\"@type\":\"WebSite\",\"@id\":\"https:\\\/\\\/kttape.ee\\\/lv\\\/#website\",\"url\":\"https:\\\/\\\/kttape.ee\\\/lv\\\/\",\"name\":\"KT TAPE\",\"description\":\"Vesel\u012bbas un sporta produkti\",\"publisher\":{\"@id\":\"https:\\\/\\\/kttape.ee\\\/lv\\\/#organization\"},\"alternateName\":\"kinesioteip, kinesioloogiline teip, kt teip\",\"potentialAction\":[{\"@type\":\"SearchAction\",\"target\":{\"@type\":\"EntryPoint\",\"urlTemplate\":\"https:\\\/\\\/kttape.ee\\\/lv\\\/?s={search_term_string}\"},\"query-input\":{\"@type\":\"PropertyValueSpecification\",\"valueRequired\":true,\"valueName\":\"search_term_string\"}}],\"inLanguage\":\"lv-LV\"},{\"@type\":\"Organization\",\"@id\":\"https:\\\/\\\/kttape.ee\\\/lv\\\/#organization\",\"name\":\"Monger Baltic O\u00dc\",\"alternateName\":\"KT TAPE\",\"url\":\"https:\\\/\\\/kttape.ee\\\/lv\\\/\",\"logo\":{\"@type\":\"ImageObject\",\"inLanguage\":\"lv-LV\",\"@id\":\"https:\\\/\\\/kttape.ee\\\/lv\\\/#\\\/schema\\\/logo\\\/image\\\/\",\"url\":\"http:\\\/\\\/kttape.ee\\\/wp-content\\\/uploads\\\/2018\\\/11\\\/logo-monger-white-1.png\",\"contentUrl\":\"http:\\\/\\\/kttape.ee\\\/wp-content\\\/uploads\\\/2018\\\/11\\\/logo-monger-white-1.png\",\"width\":826,\"height\":532,\"caption\":\"Monger Baltic O\u00dc\"},\"image\":{\"@id\":\"https:\\\/\\\/kttape.ee\\\/lv\\\/#\\\/schema\\\/logo\\\/image\\\/\"},\"sameAs\":[\"https:\\\/\\\/www.facebook.com\\\/kttapeeesti\",\"https:\\\/\\\/www.instagram.com\\\/kttape.eesti\\\/\"]}]}<\/script>\n<!-- \/ Yoast SEO Premium plugin. -->","yoast_head_json":{"title":"Jaunumi un inform\u0101cija - KT Tape Baltics","robots":{"index":"index","follow":"follow","max-snippet":"max-snippet:-1","max-image-preview":"max-image-preview:large","max-video-preview":"max-video-preview:-1"},"canonical":"https:\/\/kttape.ee\/lv\/kas-ir-kt-tape\/jaunumi-un-informacija\/","og_locale":"lv_LV","og_type":"article","og_title":"Jaunumi un inform\u0101cija","og_description":"Jaunumi un inform\u0101cija T\u0113ma:\u00a0Kineziolo\u0123isk\u0101s teipo\u0161anas ietekme uz apak\u0161stilba aizmugur\u0113j\u0101s da\u013cas ievainojumu nov\u0113r\u0161anu triatl\u0113tiem sacens\u012bbu laik\u0101.","og_url":"https:\/\/kttape.ee\/lv\/kas-ir-kt-tape\/jaunumi-un-informacija\/","og_site_name":"KT Tape Baltics","article_publisher":"https:\/\/www.facebook.com\/kttapeeesti","article_modified_time":"2017-08-21T10:27:55+00:00","twitter_card":"summary_large_image","schema":{"@context":"https:\/\/schema.org","@graph":[{"@type":"WebPage","@id":"https:\/\/kttape.ee\/lv\/kas-ir-kt-tape\/jaunumi-un-informacija\/","url":"https:\/\/kttape.ee\/lv\/kas-ir-kt-tape\/jaunumi-un-informacija\/","name":"Jaunumi un inform\u0101cija - KT Tape Baltics","isPartOf":{"@id":"https:\/\/kttape.ee\/lv\/#website"},"datePublished":"2017-05-24T08:46:45+00:00","dateModified":"2017-08-21T10:27:55+00:00","breadcrumb":{"@id":"https:\/\/kttape.ee\/lv\/kas-ir-kt-tape\/jaunumi-un-informacija\/#breadcrumb"},"inLanguage":"lv-LV","potentialAction":[{"@type":"ReadAction","target":["https:\/\/kttape.ee\/lv\/kas-ir-kt-tape\/jaunumi-un-informacija\/"]}]},{"@type":"BreadcrumbList","@id":"https:\/\/kttape.ee\/lv\/kas-ir-kt-tape\/jaunumi-un-informacija\/#breadcrumb","itemListElement":[{"@type":"ListItem","position":1,"name":"Home","item":"https:\/\/kttape.ee\/lv\/"},{"@type":"ListItem","position":2,"name":"Kas ir KT Tape?","item":"https:\/\/kttape.ee\/lv\/kas-ir-kt-tape\/"},{"@type":"ListItem","position":3,"name":"Jaunumi un inform\u0101cija"}]},{"@type":"WebSite","@id":"https:\/\/kttape.ee\/lv\/#website","url":"https:\/\/kttape.ee\/lv\/","name":"KT TAPE","description":"Vesel\u012bbas un sporta produkti","publisher":{"@id":"https:\/\/kttape.ee\/lv\/#organization"},"alternateName":"kinesioteip, kinesioloogiline teip, kt teip","potentialAction":[{"@type":"SearchAction","target":{"@type":"EntryPoint","urlTemplate":"https:\/\/kttape.ee\/lv\/?s={search_term_string}"},"query-input":{"@type":"PropertyValueSpecification","valueRequired":true,"valueName":"search_term_string"}}],"inLanguage":"lv-LV"},{"@type":"Organization","@id":"https:\/\/kttape.ee\/lv\/#organization","name":"Monger Baltic O\u00dc","alternateName":"KT TAPE","url":"https:\/\/kttape.ee\/lv\/","logo":{"@type":"ImageObject","inLanguage":"lv-LV","@id":"https:\/\/kttape.ee\/lv\/#\/schema\/logo\/image\/","url":"http:\/\/kttape.ee\/wp-content\/uploads\/2018\/11\/logo-monger-white-1.png","contentUrl":"http:\/\/kttape.ee\/wp-content\/uploads\/2018\/11\/logo-monger-white-1.png","width":826,"height":532,"caption":"Monger Baltic O\u00dc"},"image":{"@id":"https:\/\/kttape.ee\/lv\/#\/schema\/logo\/image\/"},"sameAs":["https:\/\/www.facebook.com\/kttapeeesti","https:\/\/www.instagram.com\/kttape.eesti\/"]}]}},"_links":{"self":[{"href":"https:\/\/kttape.ee\/lv\/wp-json\/wp\/v2\/pages\/1616","targetHints":{"allow":["GET"]}}],"collection":[{"href":"https:\/\/kttape.ee\/lv\/wp-json\/wp\/v2\/pages"}],"about":[{"href":"https:\/\/kttape.ee\/lv\/wp-json\/wp\/v2\/types\/page"}],"author":[{"embeddable":true,"href":"https:\/\/kttape.ee\/lv\/wp-json\/wp\/v2\/users\/1"}],"replies":[{"embeddable":true,"href":"https:\/\/kttape.ee\/lv\/wp-json\/wp\/v2\/comments?post=1616"}],"version-history":[{"count":0,"href":"https:\/\/kttape.ee\/lv\/wp-json\/wp\/v2\/pages\/1616\/revisions"}],"up":[{"embeddable":true,"href":"https:\/\/kttape.ee\/lv\/wp-json\/wp\/v2\/pages\/1499"}],"wp:attachment":[{"href":"https:\/\/kttape.ee\/lv\/wp-json\/wp\/v2\/media?parent=1616"}],"curies":[{"name":"wp","href":"https:\/\/api.w.org\/{rel}","templated":true}]}}