{"id":1854,"date":"2017-05-10T12:16:25","date_gmt":"2017-05-10T09:16:25","guid":{"rendered":"https:\/\/project.dreamo.ee\/monger\/kttape\/kliendiinfo\/"},"modified":"2019-01-03T16:22:40","modified_gmt":"2019-01-03T14:22:40","slug":"klientu-apkalposana","status":"publish","type":"page","link":"https:\/\/kttape.ee\/lv\/klientu-apkalposana\/","title":{"rendered":"Klientu apkalpo\u0161ana"},"content":{"rendered":"<h1>Veikt pas\u016bt\u012bjumu<\/h1>\n<h2>K\u0101 pirkt internetveikal\u0101?<\/h2>\n<p>Nopirkt KT Tape produkciju internetveikal\u0101 ir viegli un \u0101tri. Izv\u0113lieties sev t\u012bkam\u0101ko produktu, noklik\u0161\u0137iniet uz &#8220;Ielikt iepirkumu groz\u0101&#8221;, preces tiks autom\u0101tiski nos\u016bt\u012btas uz J\u016bsu iepirkumu grozu. Tad j\u016bs varat turpin\u0101t izv\u0113l\u0113ties preces no internetveikala, pievienojot t\u0101s grozam, cik v\u0113laties. Kad esat pabeidzis savu izv\u0113li, Jusm j\u0101noform\u0113 pas\u016bt\u012bjums. Noklik\u0161\u0137iniet uz &#8220;Iepirkumu groza&#8221;, kur\u0101 varat main\u012bt pre\u010du daudzumu vai iz\u0146emt preces no pas\u016bt\u012bjuma. Ievadiet savus datus. Sekojiet instrukcij\u0101m, lai izv\u0113l\u0113tos pieg\u0101des un apmaksas veidu.<\/p>\n<h2>Maks\u0101\u0161anas veidi<\/h2>\n<p>Skaidr\u0101 naud\u0101, preci iz\u0146emot SIA Monger LV biroj\u0101.<\/p>\n<p>Ar bankas p\u0101rskait\u012bjumu p\u0113c r\u0113\u0137ina sa\u0146em\u0161anas.<\/p>\n<p>Ar kred\u012btkarti (Visa, MasterCard) P\u0113c pas\u016bt\u012bjuma apstiprin\u0101\u0161anas J\u016bs tiksiet novirz\u012bts uz dro\u0161u apmaksas tie\u0161saistes vidi, kur J\u016bs pabeigsiet maks\u0101jumu. Tiks izmantots SSL dro\u0161\u012bbas protokols un MasterCard SecureCode un Verified by Visa dro\u0161\u012bbas programmas, lai nodro\u0161in\u0101tu, ka nos\u016bt\u012bt\u0101 inform\u0101cija netiks p\u0101rtverta vai main\u012bta.<\/p>\n<h2>Pieg\u0101de<\/h2>\n<p>Visi pas\u016bt\u012bjumi tiek nos\u016bt\u012bti 24 stundu laik\u0101 darba dien\u0101s p\u0113c pas\u016bt\u012bjuma apstiprin\u0101juma. Gad\u012bjum\u0101, ja pas\u016bt\u012bjuma izpildei nepiecie\u0161ams klienta pazi\u0146ojums vai apstiprin\u0101jums, pas\u016bt\u012bjuma apstr\u0101de turpin\u0101sies p\u0113c apstiprin\u0101juma sa\u0146em\u0161anas (pa t\u0101lruni vai e-pastu). Sestdien\u0101s un sv\u0113tdien\u0101s veiktos pas\u016bt\u012bjumus noform\u0113sim n\u0101kamaj\u0101 darba dien\u0101 24 stundu laik\u0101. P\u0113c pas\u016bt\u012bjuma apstiprin\u0101\u0161anas uz J\u016bsu e-pastu tiks nos\u016bt\u012bts pirkuma apstiprin\u0101jums.<\/p>\n<p>Pre\u010du pieg\u0101de var notikt \u0161\u0101dos veidos:<\/p>\n<ol>\n<li>J\u016bs preces pa\u0146emat pats pie p\u0101rst\u0101vja Jelgav\u0101, Prie\u017eu iel\u0101 10, iepriek\u0161 piezvanot pa t\u0101lruni 27000426 un vienojoties par pre\u010du sa\u0146em\u0161anas laiku;<\/li>\n<li>ar Latvijas Pasta starpniec\u012bbu uz jebkuru pasta noda\u013cu Latvij\u0101;<\/li>\n<li>Omniva pakom\u0101tos. Omniva ir s\u016bt\u012bjumu termin\u0101lis-pakom\u0101ts, un iepaz\u012bties ar to un t\u0101 atra\u0161an\u0101s viet\u0101m varat m\u0101jas lap\u0101\u00a0https:\/\/www.omniva.lv\/privats\/adreses;<\/li>\n<li>Pasta Stacijas termin\u0101l\u012b. Pasta Stacija ir pa\u0161apkalpo\u0161an\u0101s pasta iek\u0101rta s\u016bt\u012bjumu sa\u0146em\u0161anai un nos\u016bt\u012b\u0161anai. Iepaz\u012bties ar to un t\u0101 atra\u0161an\u0101s viet\u0101m varat m\u0101jas lap\u0101\u00a0https:\/\/suti.pastastacija.lv\/lv\/terminali\/<\/li>\n<\/ol>\n<h2>Neizpild\u012btie pas\u016bt\u012bjumi un izp\u0101rdot\u0101s preces<\/h2>\n<p>Uz J\u016bsu e-pastu pien\u0101ks pazi\u0146ojums, ja J\u016bs b\u016bsiet pas\u016bt\u012bjis preci, kura ir izp\u0101rdota.<\/p>\n","protected":false},"excerpt":{"rendered":"<p>Veikt pas\u016bt\u012bjumu K\u0101 pirkt internetveikal\u0101? Nopirkt KT Tape produkciju internetveikal\u0101 ir viegli un \u0101tri. Izv\u0113lieties sev t\u012bkam\u0101ko produktu, noklik\u0161\u0137iniet uz&#8230;<\/p>\n","protected":false},"author":1,"featured_media":0,"parent":0,"menu_order":119,"comment_status":"closed","ping_status":"closed","template":"","meta":{"_acf_changed":false,"footnotes":""},"class_list":["post-1854","page","type-page","status-publish","hentry"],"acf":[],"yoast_head":"<!-- This site is optimized with the Yoast SEO Premium plugin v27.2 (Yoast SEO v27.5) - https:\/\/yoast.com\/product\/yoast-seo-premium-wordpress\/ -->\n<title>Klientu apkalpo\u0161ana - KT Tape Baltics<\/title>\n<meta name=\"robots\" content=\"index, follow, max-snippet:-1, max-image-preview:large, max-video-preview:-1\" \/>\n<link rel=\"canonical\" href=\"https:\/\/kttape.ee\/lv\/klientu-apkalposana\/\" \/>\n<meta property=\"og:locale\" content=\"lv_LV\" \/>\n<meta property=\"og:type\" content=\"article\" \/>\n<meta property=\"og:title\" content=\"Klientu apkalpo\u0161ana\" \/>\n<meta property=\"og:description\" content=\"Veikt pas\u016bt\u012bjumu K\u0101 pirkt internetveikal\u0101? Nopirkt KT Tape produkciju internetveikal\u0101 ir viegli un \u0101tri. Izv\u0113lieties sev t\u012bkam\u0101ko produktu, noklik\u0161\u0137iniet\" \/>\n<meta property=\"og:url\" content=\"https:\/\/kttape.ee\/lv\/klientu-apkalposana\/\" \/>\n<meta property=\"og:site_name\" content=\"KT Tape Baltics\" \/>\n<meta property=\"article:publisher\" content=\"https:\/\/www.facebook.com\/kttapeeesti\" \/>\n<meta property=\"article:modified_time\" content=\"2019-01-03T14:22:40+00:00\" \/>\n<meta name=\"twitter:card\" content=\"summary_large_image\" \/>\n<meta name=\"twitter:label1\" content=\"Est. reading time\" \/>\n\t<meta name=\"twitter:data1\" content=\"2 minutes\" \/>\n<script type=\"application\/ld+json\" class=\"yoast-schema-graph\">{\"@context\":\"https:\\\/\\\/schema.org\",\"@graph\":[{\"@type\":\"WebPage\",\"@id\":\"https:\\\/\\\/kttape.ee\\\/lv\\\/klientu-apkalposana\\\/\",\"url\":\"https:\\\/\\\/kttape.ee\\\/lv\\\/klientu-apkalposana\\\/\",\"name\":\"Klientu apkalpo\u0161ana - KT Tape Baltics\",\"isPartOf\":{\"@id\":\"https:\\\/\\\/kttape.ee\\\/lv\\\/#website\"},\"datePublished\":\"2017-05-10T09:16:25+00:00\",\"dateModified\":\"2019-01-03T14:22:40+00:00\",\"breadcrumb\":{\"@id\":\"https:\\\/\\\/kttape.ee\\\/lv\\\/klientu-apkalposana\\\/#breadcrumb\"},\"inLanguage\":\"lv-LV\",\"potentialAction\":[{\"@type\":\"ReadAction\",\"target\":[\"https:\\\/\\\/kttape.ee\\\/lv\\\/klientu-apkalposana\\\/\"]}]},{\"@type\":\"BreadcrumbList\",\"@id\":\"https:\\\/\\\/kttape.ee\\\/lv\\\/klientu-apkalposana\\\/#breadcrumb\",\"itemListElement\":[{\"@type\":\"ListItem\",\"position\":1,\"name\":\"Home\",\"item\":\"https:\\\/\\\/kttape.ee\\\/lv\\\/\"},{\"@type\":\"ListItem\",\"position\":2,\"name\":\"Klientu apkalpo\u0161ana\"}]},{\"@type\":\"WebSite\",\"@id\":\"https:\\\/\\\/kttape.ee\\\/lv\\\/#website\",\"url\":\"https:\\\/\\\/kttape.ee\\\/lv\\\/\",\"name\":\"KT TAPE\",\"description\":\"Vesel\u012bbas un sporta produkti\",\"publisher\":{\"@id\":\"https:\\\/\\\/kttape.ee\\\/lv\\\/#organization\"},\"alternateName\":\"kinesioteip, kinesioloogiline teip, kt teip\",\"potentialAction\":[{\"@type\":\"SearchAction\",\"target\":{\"@type\":\"EntryPoint\",\"urlTemplate\":\"https:\\\/\\\/kttape.ee\\\/lv\\\/?s={search_term_string}\"},\"query-input\":{\"@type\":\"PropertyValueSpecification\",\"valueRequired\":true,\"valueName\":\"search_term_string\"}}],\"inLanguage\":\"lv-LV\"},{\"@type\":\"Organization\",\"@id\":\"https:\\\/\\\/kttape.ee\\\/lv\\\/#organization\",\"name\":\"Monger Baltic O\u00dc\",\"alternateName\":\"KT TAPE\",\"url\":\"https:\\\/\\\/kttape.ee\\\/lv\\\/\",\"logo\":{\"@type\":\"ImageObject\",\"inLanguage\":\"lv-LV\",\"@id\":\"https:\\\/\\\/kttape.ee\\\/lv\\\/#\\\/schema\\\/logo\\\/image\\\/\",\"url\":\"http:\\\/\\\/kttape.ee\\\/wp-content\\\/uploads\\\/2018\\\/11\\\/logo-monger-white-1.png\",\"contentUrl\":\"http:\\\/\\\/kttape.ee\\\/wp-content\\\/uploads\\\/2018\\\/11\\\/logo-monger-white-1.png\",\"width\":826,\"height\":532,\"caption\":\"Monger Baltic O\u00dc\"},\"image\":{\"@id\":\"https:\\\/\\\/kttape.ee\\\/lv\\\/#\\\/schema\\\/logo\\\/image\\\/\"},\"sameAs\":[\"https:\\\/\\\/www.facebook.com\\\/kttapeeesti\",\"https:\\\/\\\/www.instagram.com\\\/kttape.eesti\\\/\"]}]}<\/script>\n<!-- \/ Yoast SEO Premium plugin. -->","yoast_head_json":{"title":"Klientu apkalpo\u0161ana - KT Tape Baltics","robots":{"index":"index","follow":"follow","max-snippet":"max-snippet:-1","max-image-preview":"max-image-preview:large","max-video-preview":"max-video-preview:-1"},"canonical":"https:\/\/kttape.ee\/lv\/klientu-apkalposana\/","og_locale":"lv_LV","og_type":"article","og_title":"Klientu apkalpo\u0161ana","og_description":"Veikt pas\u016bt\u012bjumu K\u0101 pirkt internetveikal\u0101? Nopirkt KT Tape produkciju internetveikal\u0101 ir viegli un \u0101tri. Izv\u0113lieties sev t\u012bkam\u0101ko produktu, noklik\u0161\u0137iniet","og_url":"https:\/\/kttape.ee\/lv\/klientu-apkalposana\/","og_site_name":"KT Tape Baltics","article_publisher":"https:\/\/www.facebook.com\/kttapeeesti","article_modified_time":"2019-01-03T14:22:40+00:00","twitter_card":"summary_large_image","twitter_misc":{"Est. reading time":"2 minutes"},"schema":{"@context":"https:\/\/schema.org","@graph":[{"@type":"WebPage","@id":"https:\/\/kttape.ee\/lv\/klientu-apkalposana\/","url":"https:\/\/kttape.ee\/lv\/klientu-apkalposana\/","name":"Klientu apkalpo\u0161ana - KT Tape Baltics","isPartOf":{"@id":"https:\/\/kttape.ee\/lv\/#website"},"datePublished":"2017-05-10T09:16:25+00:00","dateModified":"2019-01-03T14:22:40+00:00","breadcrumb":{"@id":"https:\/\/kttape.ee\/lv\/klientu-apkalposana\/#breadcrumb"},"inLanguage":"lv-LV","potentialAction":[{"@type":"ReadAction","target":["https:\/\/kttape.ee\/lv\/klientu-apkalposana\/"]}]},{"@type":"BreadcrumbList","@id":"https:\/\/kttape.ee\/lv\/klientu-apkalposana\/#breadcrumb","itemListElement":[{"@type":"ListItem","position":1,"name":"Home","item":"https:\/\/kttape.ee\/lv\/"},{"@type":"ListItem","position":2,"name":"Klientu apkalpo\u0161ana"}]},{"@type":"WebSite","@id":"https:\/\/kttape.ee\/lv\/#website","url":"https:\/\/kttape.ee\/lv\/","name":"KT TAPE","description":"Vesel\u012bbas un sporta produkti","publisher":{"@id":"https:\/\/kttape.ee\/lv\/#organization"},"alternateName":"kinesioteip, kinesioloogiline teip, kt teip","potentialAction":[{"@type":"SearchAction","target":{"@type":"EntryPoint","urlTemplate":"https:\/\/kttape.ee\/lv\/?s={search_term_string}"},"query-input":{"@type":"PropertyValueSpecification","valueRequired":true,"valueName":"search_term_string"}}],"inLanguage":"lv-LV"},{"@type":"Organization","@id":"https:\/\/kttape.ee\/lv\/#organization","name":"Monger Baltic O\u00dc","alternateName":"KT TAPE","url":"https:\/\/kttape.ee\/lv\/","logo":{"@type":"ImageObject","inLanguage":"lv-LV","@id":"https:\/\/kttape.ee\/lv\/#\/schema\/logo\/image\/","url":"http:\/\/kttape.ee\/wp-content\/uploads\/2018\/11\/logo-monger-white-1.png","contentUrl":"http:\/\/kttape.ee\/wp-content\/uploads\/2018\/11\/logo-monger-white-1.png","width":826,"height":532,"caption":"Monger Baltic O\u00dc"},"image":{"@id":"https:\/\/kttape.ee\/lv\/#\/schema\/logo\/image\/"},"sameAs":["https:\/\/www.facebook.com\/kttapeeesti","https:\/\/www.instagram.com\/kttape.eesti\/"]}]}},"_links":{"self":[{"href":"https:\/\/kttape.ee\/lv\/wp-json\/wp\/v2\/pages\/1854","targetHints":{"allow":["GET"]}}],"collection":[{"href":"https:\/\/kttape.ee\/lv\/wp-json\/wp\/v2\/pages"}],"about":[{"href":"https:\/\/kttape.ee\/lv\/wp-json\/wp\/v2\/types\/page"}],"author":[{"embeddable":true,"href":"https:\/\/kttape.ee\/lv\/wp-json\/wp\/v2\/users\/1"}],"replies":[{"embeddable":true,"href":"https:\/\/kttape.ee\/lv\/wp-json\/wp\/v2\/comments?post=1854"}],"version-history":[{"count":0,"href":"https:\/\/kttape.ee\/lv\/wp-json\/wp\/v2\/pages\/1854\/revisions"}],"wp:attachment":[{"href":"https:\/\/kttape.ee\/lv\/wp-json\/wp\/v2\/media?parent=1854"}],"curies":[{"name":"wp","href":"https:\/\/api.w.org\/{rel}","templated":true}]}}