{"id":1879,"date":"2017-05-24T13:26:17","date_gmt":"2017-05-24T10:26:17","guid":{"rendered":"https:\/\/project.dreamo.ee\/monger\/kttape\/klientu-apkalposana\/kaebused-ja-tagastamine\/"},"modified":"2017-06-13T19:36:53","modified_gmt":"2017-06-13T16:36:53","slug":"sudzibas","status":"publish","type":"page","link":"https:\/\/kttape.ee\/lv\/klientu-apkalposana\/sudzibas\/","title":{"rendered":"S\u016bdz\u012bbas"},"content":{"rendered":"<h1>S\u016bdz\u012bbas<\/h1>\n<h2>Preces atgrie\u0161anas nosac\u012bjumi un garantija<\/h2>\n<p>Ja j\u016bs neesat apmierin\u0101ts ar pirkumu, J\u016bs varat atg\u0101d\u0101t atpaka\u013c preci 14 dienu laik\u0101 p\u0113c preces sa\u0146em\u0161anas, un m\u0113s jums atmaks\u0101sim pilnu preces summu. Pieg\u0101des izmaksas netiek atmaks\u0101tas. Pirms pre\u010du s\u016bt\u012b\u0161anas, l\u016bdzu, sazinieties ar mums pa e-pastu info@monger.lv vai t\u0101lruni 27000426, lai vienotos par pre\u010du atgrie\u0161anu.<\/p>\n<p>Pre\u010du s\u016bt\u012b\u0161anai atpaka\u013c iesak\u0101m izmantot kurjeru vai pasta pakalpojumus, kas nodro\u0161in\u0101tu \u0101tru un dro\u0161u pieg\u0101di. Ja preces ir boj\u0101tas pieg\u0101des laik\u0101, saglab\u0101jiet iesai\u0146ojumu un nekav\u0113joties sazinieties ar mums pa e-pastu. Kurjers preces p\u0101rbaud\u012bs un saboj\u0101t\u0101s preces tiks samain\u012btas pret jaun\u0101m.<\/p>\n<p>SIA Monger LV nepie\u0146em un nemaina preces, ko J\u016bs ieg\u0101d\u0101j\u0101ties veikal\u0101, SPA centr\u0101 vai cit\u0101 internetveikal\u0101. Ja preci, kuru J\u016bs v\u0113laties atgriezt atpaka\u013c, nepirk\u0101t \u0161aj\u0101 internetveikal\u0101, l\u016bdzu, v\u0113r\u0161aties pie p\u0101rdev\u0113ja, lai atrisin\u0101tu radu\u0161os situ\u0101ciju.<\/p>\n<p>Pre\u010du atgrie\u0161anas gad\u012bjum\u0101, l\u016bdzu, adres\u0113jiet t\u0101s:<\/p>\n<p>SIA Monger LV<br \/>\nPrie\u017eu iela 10<br \/>\nJelgava, LV-3004<br \/>\nNeaizmirstiet pievienot r\u0113\u0137inu, maks\u0101juma uzdevumu, v\u0101rdu, uzv\u0101rdu, t\u0101lru\u0146a numuru, e-pasta adresi un pas\u016bt\u012bjuma numuru!<\/p>\n","protected":false},"excerpt":{"rendered":"<p>S\u016bdz\u012bbas Preces atgrie\u0161anas nosac\u012bjumi un garantija Ja j\u016bs neesat apmierin\u0101ts ar pirkumu, J\u016bs varat atg\u0101d\u0101t atpaka\u013c preci 14 dienu laik\u0101&#8230;<\/p>\n","protected":false},"author":1,"featured_media":0,"parent":1854,"menu_order":127,"comment_status":"closed","ping_status":"closed","template":"","meta":{"_acf_changed":false,"footnotes":""},"class_list":["post-1879","page","type-page","status-publish","hentry"],"acf":[],"yoast_head":"<!-- This site is optimized with the Yoast SEO Premium plugin v27.2 (Yoast SEO v27.4) - https:\/\/yoast.com\/product\/yoast-seo-premium-wordpress\/ -->\n<title>S\u016bdz\u012bbas - KT Tape Baltics<\/title>\n<meta name=\"robots\" content=\"index, follow, max-snippet:-1, max-image-preview:large, max-video-preview:-1\" \/>\n<link rel=\"canonical\" href=\"https:\/\/kttape.ee\/lv\/klientu-apkalposana\/sudzibas\/\" \/>\n<meta property=\"og:locale\" content=\"lv_LV\" \/>\n<meta property=\"og:type\" content=\"article\" \/>\n<meta property=\"og:title\" content=\"S\u016bdz\u012bbas\" \/>\n<meta property=\"og:description\" content=\"S\u016bdz\u012bbas Preces atgrie\u0161anas nosac\u012bjumi un garantija Ja j\u016bs neesat apmierin\u0101ts ar pirkumu, J\u016bs varat atg\u0101d\u0101t atpaka\u013c preci 14 dienu laik\u0101 p\u0113c preces\" \/>\n<meta property=\"og:url\" content=\"https:\/\/kttape.ee\/lv\/klientu-apkalposana\/sudzibas\/\" \/>\n<meta property=\"og:site_name\" content=\"KT Tape Baltics\" \/>\n<meta property=\"article:publisher\" content=\"https:\/\/www.facebook.com\/kttapeeesti\" \/>\n<meta property=\"article:modified_time\" content=\"2017-06-13T16:36:53+00:00\" \/>\n<meta name=\"twitter:card\" content=\"summary_large_image\" \/>\n<meta name=\"twitter:label1\" content=\"Est. reading time\" \/>\n\t<meta name=\"twitter:data1\" content=\"1 minute\" \/>\n<script type=\"application\/ld+json\" class=\"yoast-schema-graph\">{\"@context\":\"https:\\\/\\\/schema.org\",\"@graph\":[{\"@type\":\"WebPage\",\"@id\":\"https:\\\/\\\/kttape.ee\\\/lv\\\/klientu-apkalposana\\\/sudzibas\\\/\",\"url\":\"https:\\\/\\\/kttape.ee\\\/lv\\\/klientu-apkalposana\\\/sudzibas\\\/\",\"name\":\"S\u016bdz\u012bbas - KT Tape Baltics\",\"isPartOf\":{\"@id\":\"https:\\\/\\\/kttape.ee\\\/lv\\\/#website\"},\"datePublished\":\"2017-05-24T10:26:17+00:00\",\"dateModified\":\"2017-06-13T16:36:53+00:00\",\"breadcrumb\":{\"@id\":\"https:\\\/\\\/kttape.ee\\\/lv\\\/klientu-apkalposana\\\/sudzibas\\\/#breadcrumb\"},\"inLanguage\":\"lv-LV\",\"potentialAction\":[{\"@type\":\"ReadAction\",\"target\":[\"https:\\\/\\\/kttape.ee\\\/lv\\\/klientu-apkalposana\\\/sudzibas\\\/\"]}]},{\"@type\":\"BreadcrumbList\",\"@id\":\"https:\\\/\\\/kttape.ee\\\/lv\\\/klientu-apkalposana\\\/sudzibas\\\/#breadcrumb\",\"itemListElement\":[{\"@type\":\"ListItem\",\"position\":1,\"name\":\"Home\",\"item\":\"https:\\\/\\\/kttape.ee\\\/lv\\\/\"},{\"@type\":\"ListItem\",\"position\":2,\"name\":\"Klientu apkalpo\u0161ana\",\"item\":\"https:\\\/\\\/kttape.ee\\\/lv\\\/klientu-apkalposana\\\/\"},{\"@type\":\"ListItem\",\"position\":3,\"name\":\"S\u016bdz\u012bbas\"}]},{\"@type\":\"WebSite\",\"@id\":\"https:\\\/\\\/kttape.ee\\\/lv\\\/#website\",\"url\":\"https:\\\/\\\/kttape.ee\\\/lv\\\/\",\"name\":\"KT TAPE\",\"description\":\"Vesel\u012bbas un sporta produkti\",\"publisher\":{\"@id\":\"https:\\\/\\\/kttape.ee\\\/lv\\\/#organization\"},\"alternateName\":\"kinesioteip, kinesioloogiline teip, kt teip\",\"potentialAction\":[{\"@type\":\"SearchAction\",\"target\":{\"@type\":\"EntryPoint\",\"urlTemplate\":\"https:\\\/\\\/kttape.ee\\\/lv\\\/?s={search_term_string}\"},\"query-input\":{\"@type\":\"PropertyValueSpecification\",\"valueRequired\":true,\"valueName\":\"search_term_string\"}}],\"inLanguage\":\"lv-LV\"},{\"@type\":\"Organization\",\"@id\":\"https:\\\/\\\/kttape.ee\\\/lv\\\/#organization\",\"name\":\"Monger Baltic O\u00dc\",\"alternateName\":\"KT TAPE\",\"url\":\"https:\\\/\\\/kttape.ee\\\/lv\\\/\",\"logo\":{\"@type\":\"ImageObject\",\"inLanguage\":\"lv-LV\",\"@id\":\"https:\\\/\\\/kttape.ee\\\/lv\\\/#\\\/schema\\\/logo\\\/image\\\/\",\"url\":\"http:\\\/\\\/kttape.ee\\\/wp-content\\\/uploads\\\/2018\\\/11\\\/logo-monger-white-1.png\",\"contentUrl\":\"http:\\\/\\\/kttape.ee\\\/wp-content\\\/uploads\\\/2018\\\/11\\\/logo-monger-white-1.png\",\"width\":826,\"height\":532,\"caption\":\"Monger Baltic O\u00dc\"},\"image\":{\"@id\":\"https:\\\/\\\/kttape.ee\\\/lv\\\/#\\\/schema\\\/logo\\\/image\\\/\"},\"sameAs\":[\"https:\\\/\\\/www.facebook.com\\\/kttapeeesti\",\"https:\\\/\\\/www.instagram.com\\\/kttape.eesti\\\/\"]}]}<\/script>\n<!-- \/ Yoast SEO Premium plugin. -->","yoast_head_json":{"title":"S\u016bdz\u012bbas - KT Tape Baltics","robots":{"index":"index","follow":"follow","max-snippet":"max-snippet:-1","max-image-preview":"max-image-preview:large","max-video-preview":"max-video-preview:-1"},"canonical":"https:\/\/kttape.ee\/lv\/klientu-apkalposana\/sudzibas\/","og_locale":"lv_LV","og_type":"article","og_title":"S\u016bdz\u012bbas","og_description":"S\u016bdz\u012bbas Preces atgrie\u0161anas nosac\u012bjumi un garantija Ja j\u016bs neesat apmierin\u0101ts ar pirkumu, J\u016bs varat atg\u0101d\u0101t atpaka\u013c preci 14 dienu laik\u0101 p\u0113c preces","og_url":"https:\/\/kttape.ee\/lv\/klientu-apkalposana\/sudzibas\/","og_site_name":"KT Tape Baltics","article_publisher":"https:\/\/www.facebook.com\/kttapeeesti","article_modified_time":"2017-06-13T16:36:53+00:00","twitter_card":"summary_large_image","twitter_misc":{"Est. reading time":"1 minute"},"schema":{"@context":"https:\/\/schema.org","@graph":[{"@type":"WebPage","@id":"https:\/\/kttape.ee\/lv\/klientu-apkalposana\/sudzibas\/","url":"https:\/\/kttape.ee\/lv\/klientu-apkalposana\/sudzibas\/","name":"S\u016bdz\u012bbas - KT Tape Baltics","isPartOf":{"@id":"https:\/\/kttape.ee\/lv\/#website"},"datePublished":"2017-05-24T10:26:17+00:00","dateModified":"2017-06-13T16:36:53+00:00","breadcrumb":{"@id":"https:\/\/kttape.ee\/lv\/klientu-apkalposana\/sudzibas\/#breadcrumb"},"inLanguage":"lv-LV","potentialAction":[{"@type":"ReadAction","target":["https:\/\/kttape.ee\/lv\/klientu-apkalposana\/sudzibas\/"]}]},{"@type":"BreadcrumbList","@id":"https:\/\/kttape.ee\/lv\/klientu-apkalposana\/sudzibas\/#breadcrumb","itemListElement":[{"@type":"ListItem","position":1,"name":"Home","item":"https:\/\/kttape.ee\/lv\/"},{"@type":"ListItem","position":2,"name":"Klientu apkalpo\u0161ana","item":"https:\/\/kttape.ee\/lv\/klientu-apkalposana\/"},{"@type":"ListItem","position":3,"name":"S\u016bdz\u012bbas"}]},{"@type":"WebSite","@id":"https:\/\/kttape.ee\/lv\/#website","url":"https:\/\/kttape.ee\/lv\/","name":"KT TAPE","description":"Vesel\u012bbas un sporta produkti","publisher":{"@id":"https:\/\/kttape.ee\/lv\/#organization"},"alternateName":"kinesioteip, kinesioloogiline teip, kt teip","potentialAction":[{"@type":"SearchAction","target":{"@type":"EntryPoint","urlTemplate":"https:\/\/kttape.ee\/lv\/?s={search_term_string}"},"query-input":{"@type":"PropertyValueSpecification","valueRequired":true,"valueName":"search_term_string"}}],"inLanguage":"lv-LV"},{"@type":"Organization","@id":"https:\/\/kttape.ee\/lv\/#organization","name":"Monger Baltic O\u00dc","alternateName":"KT TAPE","url":"https:\/\/kttape.ee\/lv\/","logo":{"@type":"ImageObject","inLanguage":"lv-LV","@id":"https:\/\/kttape.ee\/lv\/#\/schema\/logo\/image\/","url":"http:\/\/kttape.ee\/wp-content\/uploads\/2018\/11\/logo-monger-white-1.png","contentUrl":"http:\/\/kttape.ee\/wp-content\/uploads\/2018\/11\/logo-monger-white-1.png","width":826,"height":532,"caption":"Monger Baltic O\u00dc"},"image":{"@id":"https:\/\/kttape.ee\/lv\/#\/schema\/logo\/image\/"},"sameAs":["https:\/\/www.facebook.com\/kttapeeesti","https:\/\/www.instagram.com\/kttape.eesti\/"]}]}},"_links":{"self":[{"href":"https:\/\/kttape.ee\/lv\/wp-json\/wp\/v2\/pages\/1879","targetHints":{"allow":["GET"]}}],"collection":[{"href":"https:\/\/kttape.ee\/lv\/wp-json\/wp\/v2\/pages"}],"about":[{"href":"https:\/\/kttape.ee\/lv\/wp-json\/wp\/v2\/types\/page"}],"author":[{"embeddable":true,"href":"https:\/\/kttape.ee\/lv\/wp-json\/wp\/v2\/users\/1"}],"replies":[{"embeddable":true,"href":"https:\/\/kttape.ee\/lv\/wp-json\/wp\/v2\/comments?post=1879"}],"version-history":[{"count":0,"href":"https:\/\/kttape.ee\/lv\/wp-json\/wp\/v2\/pages\/1879\/revisions"}],"up":[{"embeddable":true,"href":"https:\/\/kttape.ee\/lv\/wp-json\/wp\/v2\/pages\/1854"}],"wp:attachment":[{"href":"https:\/\/kttape.ee\/lv\/wp-json\/wp\/v2\/media?parent=1879"}],"curies":[{"name":"wp","href":"https:\/\/api.w.org\/{rel}","templated":true}]}}