{"id":1903,"date":"2017-05-24T13:27:05","date_gmt":"2017-05-24T10:27:05","guid":{"rendered":"https:\/\/project.dreamo.ee\/monger\/kttape\/klientu-apkalposana\/privaatsuspohimotted\/"},"modified":"2018-11-01T16:13:32","modified_gmt":"2018-11-01T14:13:32","slug":"konfidencialitate","status":"publish","type":"page","link":"https:\/\/kttape.ee\/lv\/klientu-apkalposana\/konfidencialitate\/","title":{"rendered":"Konfidencialit\u0101te"},"content":{"rendered":"<h1><b>PRIV\u0100TUMA POLITIKA<\/b><\/h1>\n<p><span style=\"font-weight: 400\">Interneta veikala monger.eu\/kttape personas datu p\u0101rzinis ir \u201cMonger Baltic\u201d O\u00dc, 11813309, adrese: Tuukri 11, 10120 Tallina, Igaunija, t\u0101lr.: +372 650 6315 un e-pasts: info@monger.ee. P\u0101rzinis ir noz\u012bm\u0113jis datu aizsardz\u012bbas speci\u0101listu, kura kontaktinform\u0101cija ir sekojo\u0161a &#8211; t\u0101lrunis: +372 650 6315 un e-pasts: info@monger.ee (<\/span><i><span style=\"font-weight: 400\">attiecas uz tiem, kuriem ir noz\u012bm\u0113ts datu aizsardz\u012bbas speci\u0101lists<\/span><\/i><span style=\"font-weight: 400\">).<\/span><\/p>\n<p><b>K\u0101di personas dati tiek apstr\u0101d\u0101ti<\/b><\/p>\n<ul>\n<li style=\"font-weight: 400\"><span style=\"font-weight: 400\">v\u0101rds, t\u0101lru\u0146a numurs un e-pasta adrese;<\/span><\/li>\n<li style=\"font-weight: 400\"><span style=\"font-weight: 400\">pre\u010du pieg\u0101des adrese;<\/span><\/li>\n<li style=\"font-weight: 400\"><span style=\"font-weight: 400\">bankas konta numurs;<\/span><\/li>\n<li style=\"font-weight: 400\"><span style=\"font-weight: 400\">pre\u010du un pakalpojumu izmaksas un ar maks\u0101jumu veik\u0161anu saist\u012btie dati (pirkumu v\u0113sture);<\/span><\/li>\n<li style=\"font-weight: 400\"><span style=\"font-weight: 400\">klientu atbalsta dati.<\/span><\/li>\n<\/ul>\n<p><b>K\u0101dam m\u0113r\u0137im personas dati tiek apstr\u0101d\u0101ti<\/b><\/p>\n<p><span style=\"font-weight: 400\">Personas dati tiek izmantoti klienta pas\u016bt\u012bjumu administr\u0113\u0161anai un pre\u010du pieg\u0101dei.<\/span><\/p>\n<p><span style=\"font-weight: 400\">Pirkumu v\u0113sture (pirkuma datums, prece, daudzums, klienta dati) tiek izmantota ieg\u0101d\u0101to pre\u010du un pakalpojumu p\u0101rskata sast\u0101d\u012b\u0161anai un klienta izv\u0113\u013cu analiz\u0113\u0161anai.<\/span><\/p>\n<p><span style=\"font-weight: 400\">Bankas konta numurs tiek izmantots maks\u0101jumu atmaksas veik\u0161anai klientam.<\/span><\/p>\n<p><span style=\"font-weight: 400\">T\u0101di personas dati k\u0101 e-pasta adrese, t\u0101lru\u0146a Nr., klienta v\u0101rds tiek apstr\u0101d\u0101ti, lai atrisin\u0101tu ar pre\u010du un pakalpojumu snieg\u0161anu saist\u012btos jaut\u0101jumus (klientu atbalsts).<\/span><\/p>\n<p><span style=\"font-weight: 400\">Interneta veikala lietot\u0101ja IP adrese vai citi t\u012bkla identifikatori tiek apstr\u0101d\u0101ti interneta veikala (k\u0101 inform\u0101cijas sabiedr\u012bbas) pakalpojuma snieg\u0161anas nol\u016bk\u0101, k\u0101 ar\u012b vietnes izmanto\u0161anas statistikas veik\u0161anai.<\/span><\/p>\n<p><b>Tiesiskais pamats<\/b><\/p>\n<p><span style=\"font-weight: 400\">Personas datu apstr\u0101d\u0101\u0161ana notiek ar klientu nosl\u0113gt\u0101 l\u012bguma izpildes nol\u016bk\u0101.<\/span><\/p>\n<p><span style=\"font-weight: 400\">Personas datu apstr\u0101d\u0101\u0161ana notiek juridisko saist\u012bbu izpildes nol\u016bk\u0101 (piem\u0113ram, gr\u0101matved\u012bbai un pat\u0113r\u0113t\u0101ju str\u012bdu atrisin\u0101\u0161anai).<\/span><\/p>\n<p><b>Sa\u0146\u0113m\u0113ji, kuriem personas dati tiek nos\u016bt\u012bti<\/b><\/p>\n<p><span style=\"font-weight: 400\">Personas dati tiek nos\u016bt\u012bti interneta veikala klientu atbalstam pirkumu un pirkumu v\u0113stures administr\u0113\u0161anai un klientu probl\u0113mu atrisin\u0101\u0161anai.<\/span><\/p>\n<p><span style=\"font-weight: 400\">V\u0101rds, t\u0101lru\u0146a numurs un e-pasta adrese tiek nos\u016bt\u012bti klienta izv\u0113l\u0113tajam transporta pakalpojuma sniedz\u0113jam. Ja prece tiek pieg\u0101d\u0101ta ar kurjeru, tad l\u012bdz\u0101s kontaktinform\u0101cijai tiek nos\u016bt\u012bta ar\u012b klienta adrese.<\/span><\/p>\n<p><span style=\"font-weight: 400\">Ja interneta veikala gr\u0101matved\u012bbu veic attiec\u012bg\u0101 pakalpojuma sniedz\u0113js, tad personas dati tiek nos\u016bt\u012bti pakalpojuma sniedz\u0113jam gr\u0101matved\u012bbas veik\u0161anai.<\/span><\/p>\n<p><span style=\"font-weight: 400\">Personas dati var tikt nos\u016bt\u012bti infotehnolo\u0123ijas pakalpojumu sniedz\u0113jiem, ja tas ir nepiecie\u0161ams interneta veikala funkcionalit\u0101tes vai datu glab\u0101\u0161anas pakalpojuma nodro\u0161in\u0101\u0161anai.<\/span><\/p>\n<p><b>Dro\u0161\u012bba un piek\u013cuve datiem<\/b><\/p>\n<p><span style=\"font-weight: 400\">Personas dati tiek glab\u0101ti veebimajutus.ee serveros, kas atrodas Eiropas Savien\u012bbas vai Eiropas Ekonomisk\u0101s zonas dal\u012bbvalstu teritorij\u0101. Dati var tikt nos\u016bt\u012bti uz valst\u012bm, kuru datu aizsardz\u012bbas l\u012bmeni Eiropas Komisija ir nov\u0113rt\u0113jusi par pietiekamu, k\u0101 ar\u012b ASV uz\u0146\u0113mumiem, kuri ir pievienoju\u0161ies priv\u0101tuma vairogam (<\/span><i><span style=\"font-weight: 400\">Privacy Shield<\/span><\/i><span style=\"font-weight: 400\">).<\/span><\/p>\n<p><span style=\"font-weight: 400\">Piek\u013cuve personas datiem ir interneta veikala darbiniekiem, kuri var iepaz\u012bties ar personas datiem, lai atrisin\u0101tu ar interneta veikala izmanto\u0161anu saist\u012btus tehniskos jaut\u0101jumus, k\u0101 ar\u012b lai sniegtu klientu atbalsta pakalpojumu.<\/span><\/p>\n<p><span style=\"font-weight: 400\">Interneta veikals veic atbilsto\u0161us fiziskos, organizatoriskos un infotehniskos dro\u0161\u012bbas pas\u0101kumus, lai aizsarg\u0101tu personas datus no nejau\u0161as vai pretlikum\u012bgas izn\u012bcin\u0101\u0161anas, pazu\u0161anas, groz\u012b\u0161anas vai neat\u013cautas piek\u013cuves un atkl\u0101\u0161anas.<\/span><\/p>\n<p><span style=\"font-weight: 400\">Personas datu nos\u016bt\u012b\u0161ana interneta veikala personas datu apstr\u0101d\u0101t\u0101jiem (piem\u0113ram, transporta vai datu izvieto\u0161anas pakalpojuma sniedz\u0113jiem) notiek uz l\u012bgumu pamata, kas nosl\u0113gti starp interneta veikalu un apstr\u0101d\u0101t\u0101jiem. Apstr\u0101d\u0101t\u0101jiem, veicot personas datu apstr\u0101di, ir pien\u0101kums nodro\u0161in\u0101t atbilsto\u0161us aizsardz\u012bbas pas\u0101kumus.<\/span><\/p>\n<p><b>Iepaz\u012b\u0161an\u0101s ar personas datiem un datu labo\u0161ana<\/b><\/p>\n<p><span style=\"font-weight: 400\">Iepaz\u012bties ar personas datiem un veikt labojumus ir iesp\u0113jams interneta veikala lietot\u0101ja profil\u0101. Ja pirkums ir veikts bez lietot\u0101ja konta, tad ar personas datiem ir iesp\u0113jams iepaz\u012bties ar klientu atbalsta starpniec\u012bbu.<\/span><\/p>\n<p><b>Piekri\u0161anas atcel\u0161ana<\/b><\/p>\n<p><span style=\"font-weight: 400\">Ja personas datu apstr\u0101de notiek uz klienta piekri\u0161anas pamata, tad klientam ir ties\u012bbas piekri\u0161anu atcelt, inform\u0113jot par to klientu atbalstu ar e-pasta starpniec\u012bbu.<\/span><\/p>\n<p><b>Saglab\u0101\u0161ana<\/b><\/p>\n<p><span style=\"font-weight: 400\">L\u012bdz ar interneta veikala lietot\u0101ja konta sl\u0113g\u0161anu tiek dz\u0113sti personas dati, iz\u0146emot gad\u012bjum\u0101, ja \u0161\u0101di dati ir j\u0101saglab\u0101 gr\u0101matved\u012bbai vai pat\u0113r\u0113t\u0101ju str\u012bdu risin\u0101\u0161anai.<\/span><\/p>\n<p><span style=\"font-weight: 400\">Ja interneta veikal\u0101 pirkums ir veikts bez klienta konta, tad pirkumu v\u0113sture tiek saglab\u0101ta tr\u012bs gadus.<\/span><\/p>\n<p><span style=\"font-weight: 400\">Ar maks\u0101jumiem un pat\u0113r\u0113t\u0101ju str\u012bdiem saist\u012btu nesaska\u0146u gad\u012bjum\u0101 personas dati tiek saglab\u0101ti l\u012bdz pras\u012bbas izpildei vai l\u012bdz noilguma termi\u0146a beig\u0101m.<\/span><\/p>\n<p><span style=\"font-weight: 400\">Gr\u0101matved\u012bbai nepiecie\u0161amie personas dati tiek glab\u0101ti septi\u0146us gadus.<\/span><\/p>\n<p><b>Dz\u0113\u0161ana<\/b><\/p>\n<p><span style=\"font-weight: 400\">Personas datu dz\u0113\u0161anas gad\u012bjum\u0101 ir j\u0101grie\u017eas pie klientu atbalsta dienesta ar e-pasta starpniec\u012bbu. Uz datu dz\u0113\u0161anas pieteikumu tiek sniegta atbilde, v\u0113l\u0101kais, m\u0113ne\u0161a laik\u0101, k\u0101 ar\u012b tiek preciz\u0113ts datu dz\u0113\u0161anas periods.<\/span><\/p>\n<p><b>P\u0101rs\u016bt\u012b\u0161ana<\/b><\/p>\n<p><span style=\"font-weight: 400\">Uz personas datu p\u0101rs\u016bt\u012b\u0161anas pieteikumiem, kas iesniegti ar e-pasta starpniec\u012bbu, tiek sniegta atbilde, v\u0113l\u0101kais, m\u0113ne\u0161a laik\u0101. Klientu atbalsts p\u0101rbauda personas identit\u0101ti un pazi\u0146o par personas datiem, kuri ir p\u0101rs\u016bt\u0101mi.<\/span><\/p>\n<p><b>Tie\u0161\u0101 m\u0101rketinga pazi\u0146ojumi<\/b><\/p>\n<p><span style=\"font-weight: 400\">E-pasta adrese un t\u0101lru\u0146a numurs tiek izmantoti tie\u0161\u0101 m\u0101rketinga pazi\u0146ojumu s\u016bt\u012b\u0161anai, ja klients ir devis atbilsto\u0161u piekri\u0161anu. Ja klients nev\u0113las sa\u0146emt tie\u0161\u0101 m\u0101rketinga pazi\u0146ojumus, tad e-pasta k\u0101jen\u0113 ir j\u0101uzklik\u0161\u0137ina uz atbilsto\u0161\u0101s saites vai j\u0101sazin\u0101s ar klientu atbalstu.<\/span><\/p>\n<p><span style=\"font-weight: 400\">Ja personas dati tiek apstr\u0101d\u0101ti tie\u0161\u0101 m\u0101rketinga nol\u016bk\u0101 (profil\u0113\u0161ana), tad klientam ir ties\u012bbas iesniegt iebildumus pret savu personas datu s\u0101kotn\u0113jo un turpm\u0101ko apstr\u0101di, tai skait\u0101 pret profil\u0113\u0161anas veik\u0161anu saist\u012bb\u0101 ar tie\u0161o m\u0101rketingu, inform\u0113jot par to klientu atbalstu ar e-pasta starpniec\u012bbu (<\/span><i><span style=\"font-weight: 400\">atbilsto\u0161\u0101 inform\u0101cija ir j\u0101iesniedz skaidri un atsevi\u0161\u0137i no jebk\u0101das citas inform\u0101cijas<\/span><\/i><span style=\"font-weight: 400\">). \u201cMonger Baltic\u201d O\u00dc ir personas datu p\u0101rzinis, \u201cMonger Baltic\u201d O\u00dc nos\u016bta maks\u0101jumu veik\u0161anai nepiecie\u0161amos personas datus apstr\u0101d\u0101t\u0101jam UAB \u201cPaysera LT\u201d.<\/span><\/p>\n<p><b>Str\u012bdu iz\u0161\u0137ir\u0161ana<\/b><\/p>\n<p><span style=\"font-weight: 400\">Ar personas datu apstr\u0101di saist\u012bto str\u012bdu risin\u0101\u0161ana notiek ar klientu atbalsta starpniec\u012bbu (info@monger.ee). Uzraugo\u0161\u0101 iest\u0101de ir Igaunijas Datu aizsardz\u012bbas inspekcija (<\/span><a href=\"mailto:info@aki.ee\"><span style=\"font-weight: 400\">info@aki.ee<\/span><\/a><span style=\"font-weight: 400\">).<\/span><\/p>\n<p>&nbsp;<\/p>\n<h2><span style=\"font-weight: 400\">S\u012bkdatnes un pikse\u013ci<\/span><\/h2>\n<p><span style=\"font-weight: 400\">S\u012bkdatnes ir nelieli teksta faili, kas tiek vietnes apmekl\u0113\u0161anas laik\u0101 saglab\u0101ti lietot\u0101ja ier\u012bc\u0113 un \u013cauj atsaukt atmi\u0146\u0101 lietot\u0101ja izv\u0113les, piem\u0113ram, burtu lielumu, valodu, inform\u0101ciju par ier\u012bci, apmekl\u0113jumu statistiku u.c.<\/span><\/p>\n<p><span style=\"font-weight: 400\">Visas p\u0101rl\u016bkprogrammas p\u0113c noklus\u0113juma ir iestat\u012btas at\u013caut s\u012bkdat\u0146u saglab\u0101\u0161anu, ta\u010du parasti p\u0101rl\u016bkprogrammu iestat\u012bjumus ir iesp\u0113jams main\u012bt t\u0101, lai p\u0101rl\u016bkprogramma piln\u012bb\u0101 atteiktos no s\u012bkdatn\u0113m, lai t\u0101 blo\u0137\u0113to tre\u0161o personu s\u012bkdatnes, vai ar\u012b lai t\u0101 inform\u0113tu par katru nos\u016bt\u012bto s\u012bkdatni.<\/span><\/p>\n<p><span style=\"font-weight: 400\">Dot\u0101 m\u0101jaslapa s\u016bta j\u016bsu datoram un mobilajai ier\u012bcei nelielus failus (s\u012bkdatnes), kas ir nepiecie\u0161ami m\u0101jaslapas darb\u012bbas nodro\u0161in\u0101\u0161anai, k\u0101 ar\u012b lai v\u0101ktu anon\u012bmus datus lapas anal\u012bzes veik\u0161anai.<\/span><\/p>\n<p><span style=\"font-weight: 400\">Pikse\u013cu tagi ir nelieli vietnes koda posmi, kas \u013cauj interneta lap\u0101m nolas\u012bt un saglab\u0101t s\u012bkdatnes. Tie aktiviz\u0113jas, kad lietot\u0101js atver e-pasta v\u0113stuli vai non\u0101k interneta lap\u0101, p\u0113c k\u0101 tiek lejupl\u0101d\u0113tas tre\u0161o personu s\u012bkdatnes vai tiek piere\u0123istr\u0113ts, ka lietot\u0101js ir atv\u0113ris e-pasta v\u0113stuli.<\/span><\/p>\n<ul>\n<li style=\"font-weight: 400\"><span style=\"font-weight: 400\">M\u0113s v\u0101cam un analiz\u0113jam anon\u012bmu interneta statistiku par to, k\u0101 lietot\u0101ji navig\u0113 m\u016bsu m\u0101jaslap\u0101. \u00a0To m\u0113s dar\u0101m, izmantojot programmnodro\u0161in\u0101jumu <\/span><i><span style=\"font-weight: 400\">Google Analytics<\/span><\/i><span style=\"font-weight: 400\">, kas nodro\u0161ina datu anonimit\u0101ti un nev\u0101c un neapstr\u0101d\u0101 personu datus.<\/span><\/li>\n<li style=\"font-weight: 400\"><span style=\"font-weight: 400\">M\u0113s v\u0101cam un analiz\u0113jam anon\u012bmu interneta statistiku par to, k\u0101 lietot\u0101ji lieto m\u016bsu m\u0101jaslapu. To m\u0113s dar\u0101m, izmantojot programmnodro\u0161in\u0101jumu <\/span><i><span style=\"font-weight: 400\">Hotjar<\/span><\/i><span style=\"font-weight: 400\">, kas nodro\u0161ina datu anonimit\u0101ti. Tas uzlabo m\u0101jaslapas lieto\u0161anas \u0113rtumu.<\/span><\/li>\n<li style=\"font-weight: 400\"><span style=\"font-weight: 400\">M\u0101jaslap\u0101 tiek izmantots <\/span><i><span style=\"font-weight: 400\">Facebook pixel<\/span><\/i><span style=\"font-weight: 400\"> kods. Ja j\u016bs vairs nev\u0113laties redz\u0113t \u0161\u012bs m\u0101jaslapas rekl\u0101mu, izmantojot <\/span><i><span style=\"font-weight: 400\">Facebook<\/span><\/i><span style=\"font-weight: 400\">, tad varat no t\u0101s atteikties \u0161eit: <\/span><a href=\"https:\/\/www.facebook.com\/ads\/preferences\"><span style=\"font-weight: 400\">https:\/\/www.facebook.com\/ads\/preferences<\/span><\/a><span style=\"font-weight: 400\">, izdz\u0113\u0161ot \u201c<\/span><i><span style=\"font-weight: 400\">Advertisers you&#8217;ve interacted with<\/span><\/i><span style=\"font-weight: 400\">\u201d.<\/span><\/li>\n<\/ul>\n","protected":false},"excerpt":{"rendered":"<p>PRIV\u0100TUMA POLITIKA Interneta veikala monger.eu\/kttape personas datu p\u0101rzinis ir \u201cMonger Baltic\u201d O\u00dc, 11813309, adrese: Tuukri 11, 10120 Tallina, Igaunija, t\u0101lr.:&#8230;<\/p>\n","protected":false},"author":1,"featured_media":0,"parent":1854,"menu_order":133,"comment_status":"closed","ping_status":"closed","template":"","meta":{"_acf_changed":false,"footnotes":""},"class_list":["post-1903","page","type-page","status-publish","hentry"],"acf":[],"yoast_head":"<!-- This site is optimized with the Yoast SEO Premium plugin v27.2 (Yoast SEO v27.5) - https:\/\/yoast.com\/product\/yoast-seo-premium-wordpress\/ -->\n<title>Konfidencialit\u0101te - KT Tape Baltics<\/title>\n<meta name=\"robots\" content=\"index, follow, max-snippet:-1, max-image-preview:large, max-video-preview:-1\" \/>\n<link rel=\"canonical\" href=\"https:\/\/kttape.ee\/lv\/klientu-apkalposana\/konfidencialitate\/\" \/>\n<meta property=\"og:locale\" content=\"lv_LV\" \/>\n<meta property=\"og:type\" content=\"article\" \/>\n<meta property=\"og:title\" content=\"Konfidencialit\u0101te\" \/>\n<meta property=\"og:description\" content=\"PRIV\u0100TUMA POLITIKA Interneta veikala monger.eu\/kttape personas datu p\u0101rzinis ir \u201cMonger Baltic\u201d O\u00dc, 11813309, adrese: Tuukri 11, 10120 Tallina, Igaunija,\" \/>\n<meta property=\"og:url\" content=\"https:\/\/kttape.ee\/lv\/klientu-apkalposana\/konfidencialitate\/\" \/>\n<meta property=\"og:site_name\" content=\"KT Tape Baltics\" \/>\n<meta property=\"article:publisher\" content=\"https:\/\/www.facebook.com\/kttapeeesti\" \/>\n<meta property=\"article:modified_time\" content=\"2018-11-01T14:13:32+00:00\" \/>\n<meta name=\"twitter:card\" content=\"summary_large_image\" \/>\n<meta name=\"twitter:label1\" content=\"Est. reading time\" \/>\n\t<meta name=\"twitter:data1\" content=\"7 minutes\" \/>\n<script type=\"application\/ld+json\" class=\"yoast-schema-graph\">{\"@context\":\"https:\\\/\\\/schema.org\",\"@graph\":[{\"@type\":\"WebPage\",\"@id\":\"https:\\\/\\\/kttape.ee\\\/lv\\\/klientu-apkalposana\\\/konfidencialitate\\\/\",\"url\":\"https:\\\/\\\/kttape.ee\\\/lv\\\/klientu-apkalposana\\\/konfidencialitate\\\/\",\"name\":\"Konfidencialit\u0101te - KT Tape Baltics\",\"isPartOf\":{\"@id\":\"https:\\\/\\\/kttape.ee\\\/lv\\\/#website\"},\"datePublished\":\"2017-05-24T10:27:05+00:00\",\"dateModified\":\"2018-11-01T14:13:32+00:00\",\"breadcrumb\":{\"@id\":\"https:\\\/\\\/kttape.ee\\\/lv\\\/klientu-apkalposana\\\/konfidencialitate\\\/#breadcrumb\"},\"inLanguage\":\"lv-LV\",\"potentialAction\":[{\"@type\":\"ReadAction\",\"target\":[\"https:\\\/\\\/kttape.ee\\\/lv\\\/klientu-apkalposana\\\/konfidencialitate\\\/\"]}]},{\"@type\":\"BreadcrumbList\",\"@id\":\"https:\\\/\\\/kttape.ee\\\/lv\\\/klientu-apkalposana\\\/konfidencialitate\\\/#breadcrumb\",\"itemListElement\":[{\"@type\":\"ListItem\",\"position\":1,\"name\":\"Home\",\"item\":\"https:\\\/\\\/kttape.ee\\\/lv\\\/\"},{\"@type\":\"ListItem\",\"position\":2,\"name\":\"Klientu apkalpo\u0161ana\",\"item\":\"https:\\\/\\\/kttape.ee\\\/lv\\\/klientu-apkalposana\\\/\"},{\"@type\":\"ListItem\",\"position\":3,\"name\":\"Konfidencialit\u0101te\"}]},{\"@type\":\"WebSite\",\"@id\":\"https:\\\/\\\/kttape.ee\\\/lv\\\/#website\",\"url\":\"https:\\\/\\\/kttape.ee\\\/lv\\\/\",\"name\":\"KT TAPE\",\"description\":\"Vesel\u012bbas un sporta produkti\",\"publisher\":{\"@id\":\"https:\\\/\\\/kttape.ee\\\/lv\\\/#organization\"},\"alternateName\":\"kinesioteip, kinesioloogiline teip, kt teip\",\"potentialAction\":[{\"@type\":\"SearchAction\",\"target\":{\"@type\":\"EntryPoint\",\"urlTemplate\":\"https:\\\/\\\/kttape.ee\\\/lv\\\/?s={search_term_string}\"},\"query-input\":{\"@type\":\"PropertyValueSpecification\",\"valueRequired\":true,\"valueName\":\"search_term_string\"}}],\"inLanguage\":\"lv-LV\"},{\"@type\":\"Organization\",\"@id\":\"https:\\\/\\\/kttape.ee\\\/lv\\\/#organization\",\"name\":\"Monger Baltic O\u00dc\",\"alternateName\":\"KT TAPE\",\"url\":\"https:\\\/\\\/kttape.ee\\\/lv\\\/\",\"logo\":{\"@type\":\"ImageObject\",\"inLanguage\":\"lv-LV\",\"@id\":\"https:\\\/\\\/kttape.ee\\\/lv\\\/#\\\/schema\\\/logo\\\/image\\\/\",\"url\":\"http:\\\/\\\/kttape.ee\\\/wp-content\\\/uploads\\\/2018\\\/11\\\/logo-monger-white-1.png\",\"contentUrl\":\"http:\\\/\\\/kttape.ee\\\/wp-content\\\/uploads\\\/2018\\\/11\\\/logo-monger-white-1.png\",\"width\":826,\"height\":532,\"caption\":\"Monger Baltic O\u00dc\"},\"image\":{\"@id\":\"https:\\\/\\\/kttape.ee\\\/lv\\\/#\\\/schema\\\/logo\\\/image\\\/\"},\"sameAs\":[\"https:\\\/\\\/www.facebook.com\\\/kttapeeesti\",\"https:\\\/\\\/www.instagram.com\\\/kttape.eesti\\\/\"]}]}<\/script>\n<!-- \/ Yoast SEO Premium plugin. -->","yoast_head_json":{"title":"Konfidencialit\u0101te - KT Tape Baltics","robots":{"index":"index","follow":"follow","max-snippet":"max-snippet:-1","max-image-preview":"max-image-preview:large","max-video-preview":"max-video-preview:-1"},"canonical":"https:\/\/kttape.ee\/lv\/klientu-apkalposana\/konfidencialitate\/","og_locale":"lv_LV","og_type":"article","og_title":"Konfidencialit\u0101te","og_description":"PRIV\u0100TUMA POLITIKA Interneta veikala monger.eu\/kttape personas datu p\u0101rzinis ir \u201cMonger Baltic\u201d O\u00dc, 11813309, adrese: Tuukri 11, 10120 Tallina, Igaunija,","og_url":"https:\/\/kttape.ee\/lv\/klientu-apkalposana\/konfidencialitate\/","og_site_name":"KT Tape Baltics","article_publisher":"https:\/\/www.facebook.com\/kttapeeesti","article_modified_time":"2018-11-01T14:13:32+00:00","twitter_card":"summary_large_image","twitter_misc":{"Est. reading time":"7 minutes"},"schema":{"@context":"https:\/\/schema.org","@graph":[{"@type":"WebPage","@id":"https:\/\/kttape.ee\/lv\/klientu-apkalposana\/konfidencialitate\/","url":"https:\/\/kttape.ee\/lv\/klientu-apkalposana\/konfidencialitate\/","name":"Konfidencialit\u0101te - KT Tape Baltics","isPartOf":{"@id":"https:\/\/kttape.ee\/lv\/#website"},"datePublished":"2017-05-24T10:27:05+00:00","dateModified":"2018-11-01T14:13:32+00:00","breadcrumb":{"@id":"https:\/\/kttape.ee\/lv\/klientu-apkalposana\/konfidencialitate\/#breadcrumb"},"inLanguage":"lv-LV","potentialAction":[{"@type":"ReadAction","target":["https:\/\/kttape.ee\/lv\/klientu-apkalposana\/konfidencialitate\/"]}]},{"@type":"BreadcrumbList","@id":"https:\/\/kttape.ee\/lv\/klientu-apkalposana\/konfidencialitate\/#breadcrumb","itemListElement":[{"@type":"ListItem","position":1,"name":"Home","item":"https:\/\/kttape.ee\/lv\/"},{"@type":"ListItem","position":2,"name":"Klientu apkalpo\u0161ana","item":"https:\/\/kttape.ee\/lv\/klientu-apkalposana\/"},{"@type":"ListItem","position":3,"name":"Konfidencialit\u0101te"}]},{"@type":"WebSite","@id":"https:\/\/kttape.ee\/lv\/#website","url":"https:\/\/kttape.ee\/lv\/","name":"KT TAPE","description":"Vesel\u012bbas un sporta produkti","publisher":{"@id":"https:\/\/kttape.ee\/lv\/#organization"},"alternateName":"kinesioteip, kinesioloogiline teip, kt teip","potentialAction":[{"@type":"SearchAction","target":{"@type":"EntryPoint","urlTemplate":"https:\/\/kttape.ee\/lv\/?s={search_term_string}"},"query-input":{"@type":"PropertyValueSpecification","valueRequired":true,"valueName":"search_term_string"}}],"inLanguage":"lv-LV"},{"@type":"Organization","@id":"https:\/\/kttape.ee\/lv\/#organization","name":"Monger Baltic O\u00dc","alternateName":"KT TAPE","url":"https:\/\/kttape.ee\/lv\/","logo":{"@type":"ImageObject","inLanguage":"lv-LV","@id":"https:\/\/kttape.ee\/lv\/#\/schema\/logo\/image\/","url":"http:\/\/kttape.ee\/wp-content\/uploads\/2018\/11\/logo-monger-white-1.png","contentUrl":"http:\/\/kttape.ee\/wp-content\/uploads\/2018\/11\/logo-monger-white-1.png","width":826,"height":532,"caption":"Monger Baltic O\u00dc"},"image":{"@id":"https:\/\/kttape.ee\/lv\/#\/schema\/logo\/image\/"},"sameAs":["https:\/\/www.facebook.com\/kttapeeesti","https:\/\/www.instagram.com\/kttape.eesti\/"]}]}},"_links":{"self":[{"href":"https:\/\/kttape.ee\/lv\/wp-json\/wp\/v2\/pages\/1903","targetHints":{"allow":["GET"]}}],"collection":[{"href":"https:\/\/kttape.ee\/lv\/wp-json\/wp\/v2\/pages"}],"about":[{"href":"https:\/\/kttape.ee\/lv\/wp-json\/wp\/v2\/types\/page"}],"author":[{"embeddable":true,"href":"https:\/\/kttape.ee\/lv\/wp-json\/wp\/v2\/users\/1"}],"replies":[{"embeddable":true,"href":"https:\/\/kttape.ee\/lv\/wp-json\/wp\/v2\/comments?post=1903"}],"version-history":[{"count":0,"href":"https:\/\/kttape.ee\/lv\/wp-json\/wp\/v2\/pages\/1903\/revisions"}],"up":[{"embeddable":true,"href":"https:\/\/kttape.ee\/lv\/wp-json\/wp\/v2\/pages\/1854"}],"wp:attachment":[{"href":"https:\/\/kttape.ee\/lv\/wp-json\/wp\/v2\/media?parent=1903"}],"curies":[{"name":"wp","href":"https:\/\/api.w.org\/{rel}","templated":true}]}}