{"id":1917,"date":"2017-05-24T13:27:50","date_gmt":"2017-05-24T10:27:50","guid":{"rendered":"https:\/\/project.dreamo.ee\/monger\/kttape\/klientu-apkalposana\/ostukohad\/"},"modified":"2019-01-30T11:39:59","modified_gmt":"2019-01-30T09:39:59","slug":"pardosanas-vietas","status":"publish","type":"page","link":"https:\/\/kttape.ee\/lv\/klientu-apkalposana\/pardosanas-vietas\/","title":{"rendered":"P\u0101rdo\u0161anas vietas"},"content":{"rendered":"<h1>P\u0101rdo\u0161anas vietas<\/h1>\n<p>Visas pa\u0161apkalpo\u0161an\u0101s Euroaptiekas Latvij\u0101 &#8211;\u00a0<a href=\"https:\/\/www.euroaptieka.lv\/\">https:\/\/www.euroaptieka.lv\/<\/a><\/p>\n<p>Biroj\u0101 Prie\u017eu iel\u0101 10, Jelgav\u0101, iepriek\u0161 sazinoties pa t\u0101lr. 27000426<\/p>\n<p>E-veikals &#8211;\u00a0<a href=\"https:\/\/www.monger.eu\/kttape\/lv\/katalogs\/\">https:\/\/www.monger.eu\/kttape\/lv\/katalogs\/<\/a><\/p>\n<p><img data-dominant-color=\"b49878\" data-has-transparency=\"false\" style=\"--dominant-color: #b49878;\" loading=\"lazy\" decoding=\"async\" class=\"lazy alignnone size-medium wp-image-4122 lazy-loaded not-transparent\" src=\"https:\/\/i1.wp.com\/monger.eu\/kttape\/wp-content\/uploads\/2019\/01\/4.8-Instagram.jpg?resize=300%2C300&amp;ssl=1\" sizes=\"auto, (max-width: 300px) 100vw, 300px\" srcset=\"https:\/\/i1.wp.com\/monger.eu\/kttape\/wp-content\/uploads\/2019\/01\/4.8-Instagram.jpg?resize=300%2C300&amp;ssl=1 300w, https:\/\/i1.wp.com\/monger.eu\/kttape\/wp-content\/uploads\/2019\/01\/4.8-Instagram.jpg?resize=150%2C150&amp;ssl=1 150w, https:\/\/i1.wp.com\/monger.eu\/kttape\/wp-content\/uploads\/2019\/01\/4.8-Instagram.jpg?resize=768%2C768&amp;ssl=1 768w, https:\/\/i1.wp.com\/monger.eu\/kttape\/wp-content\/uploads\/2019\/01\/4.8-Instagram.jpg?resize=1024%2C1024&amp;ssl=1 1024w, https:\/\/i1.wp.com\/monger.eu\/kttape\/wp-content\/uploads\/2019\/01\/4.8-Instagram.jpg?resize=600%2C600&amp;ssl=1 600w, https:\/\/i1.wp.com\/monger.eu\/kttape\/wp-content\/uploads\/2019\/01\/4.8-Instagram.jpg?resize=100%2C100&amp;ssl=1 100w, https:\/\/i1.wp.com\/monger.eu\/kttape\/wp-content\/uploads\/2019\/01\/4.8-Instagram.jpg?w=1400&amp;ssl=1 1400w\" alt=\"\" width=\"300\" height=\"300\" data-attachment-id=\"4122\" data-permalink=\"http:\/\/kttape.ee\/fi\/tietoa-asiakkaalle\/ostopaikat\/4-8-instagram\/\" data-orig-file=\"https:\/\/i1.wp.com\/monger.eu\/kttape\/wp-content\/uploads\/2019\/01\/4.8-Instagram.jpg?fit=1400%2C1400&amp;ssl=1\" data-orig-size=\"1400,1400\" data-comments-opened=\"0\" data-image-meta=\"{&quot;aperture&quot;:&quot;2.2&quot;,&quot;credit&quot;:&quot;&quot;,&quot;camera&quot;:&quot;iPhone 6&quot;,&quot;caption&quot;:&quot;&quot;,&quot;created_timestamp&quot;:&quot;1458659873&quot;,&quot;copyright&quot;:&quot;&quot;,&quot;focal_length&quot;:&quot;4.15&quot;,&quot;iso&quot;:&quot;32&quot;,&quot;shutter_speed&quot;:&quot;0.0333333333333&quot;,&quot;title&quot;:&quot;&quot;,&quot;orientation&quot;:&quot;1&quot;}\" data-image-title=\"4.8 Instagram\" data-image-description=\"\" data-medium-file=\"https:\/\/i1.wp.com\/monger.eu\/kttape\/wp-content\/uploads\/2019\/01\/4.8-Instagram.jpg?fit=300%2C300&amp;ssl=1\" data-large-file=\"https:\/\/i1.wp.com\/monger.eu\/kttape\/wp-content\/uploads\/2019\/01\/4.8-Instagram.jpg?fit=1024%2C1024&amp;ssl=1\" data-lazy-type=\"image\" data-lazy-src=\"https:\/\/i1.wp.com\/monger.eu\/kttape\/wp-content\/uploads\/2019\/01\/4.8-Instagram.jpg?resize=300%2C300&amp;ssl=1\" data-lazy-srcset=\"https:\/\/i1.wp.com\/monger.eu\/kttape\/wp-content\/uploads\/2019\/01\/4.8-Instagram.jpg?resize=300%2C300&amp;ssl=1 300w, https:\/\/i1.wp.com\/monger.eu\/kttape\/wp-content\/uploads\/2019\/01\/4.8-Instagram.jpg?resize=150%2C150&amp;ssl=1 150w, https:\/\/i1.wp.com\/monger.eu\/kttape\/wp-content\/uploads\/2019\/01\/4.8-Instagram.jpg?resize=768%2C768&amp;ssl=1 768w, https:\/\/i1.wp.com\/monger.eu\/kttape\/wp-content\/uploads\/2019\/01\/4.8-Instagram.jpg?resize=1024%2C1024&amp;ssl=1 1024w, https:\/\/i1.wp.com\/monger.eu\/kttape\/wp-content\/uploads\/2019\/01\/4.8-Instagram.jpg?resize=600%2C600&amp;ssl=1 600w, https:\/\/i1.wp.com\/monger.eu\/kttape\/wp-content\/uploads\/2019\/01\/4.8-Instagram.jpg?resize=100%2C100&amp;ssl=1 100w, https:\/\/i1.wp.com\/monger.eu\/kttape\/wp-content\/uploads\/2019\/01\/4.8-Instagram.jpg?w=1400&amp;ssl=1 1400w\" data-lazy-sizes=\"(max-width: 300px) 100vw, 300px\" \/><\/p>\n","protected":false},"excerpt":{"rendered":"<p>P\u0101rdo\u0161anas vietas Visas pa\u0161apkalpo\u0161an\u0101s Euroaptiekas Latvij\u0101 &#8211;\u00a0https:\/\/www.euroaptieka.lv\/ Biroj\u0101 Prie\u017eu iel\u0101 10, Jelgav\u0101, iepriek\u0161 sazinoties pa t\u0101lr. 27000426 E-veikals &#8211;\u00a0https:\/\/www.monger.eu\/kttape\/lv\/katalogs\/<\/p>\n","protected":false},"author":1,"featured_media":0,"parent":1854,"menu_order":138,"comment_status":"closed","ping_status":"closed","template":"","meta":{"_acf_changed":false,"footnotes":""},"class_list":["post-1917","page","type-page","status-publish","hentry"],"acf":[],"yoast_head":"<!-- This site is optimized with the Yoast SEO Premium plugin v27.2 (Yoast SEO v27.4) - https:\/\/yoast.com\/product\/yoast-seo-premium-wordpress\/ -->\n<title>KT Tape Baltics P\u0101rdo\u0161anas vietas - kui soovid meie tooteid osta vaata siia<\/title>\n<meta name=\"description\" content=\"osta, e-pood, apteek, f\u00fcsioteraapiakeskus, kt tape, kiire tellimine, kohaletoomine, s\u00fcdameapteek, euroapteek, monger baltic, fusiomedica\" \/>\n<meta name=\"robots\" content=\"index, follow, max-snippet:-1, max-image-preview:large, max-video-preview:-1\" \/>\n<link rel=\"canonical\" href=\"https:\/\/kttape.ee\/lv\/klientu-apkalposana\/pardosanas-vietas\/\" \/>\n<meta property=\"og:locale\" content=\"lv_LV\" \/>\n<meta property=\"og:type\" content=\"article\" \/>\n<meta property=\"og:title\" content=\"P\u0101rdo\u0161anas vietas\" \/>\n<meta property=\"og:description\" content=\"P\u0101rdo\u0161anas vietas Visas pa\u0161apkalpo\u0161an\u0101s Euroaptiekas Latvij\u0101 -\u00a0https:\/\/www.euroaptieka.lv\/ Biroj\u0101 Prie\u017eu iel\u0101 10, Jelgav\u0101, iepriek\u0161 sazinoties pa t\u0101lr.\" \/>\n<meta property=\"og:url\" content=\"https:\/\/kttape.ee\/lv\/klientu-apkalposana\/pardosanas-vietas\/\" \/>\n<meta property=\"og:site_name\" content=\"KT Tape Baltics\" \/>\n<meta property=\"article:publisher\" content=\"https:\/\/www.facebook.com\/kttapeeesti\" \/>\n<meta property=\"article:modified_time\" content=\"2019-01-30T09:39:59+00:00\" \/>\n<meta property=\"og:image\" content=\"https:\/\/i1.wp.com\/monger.eu\/kttape\/wp-content\/uploads\/2019\/01\/4.8-Instagram.jpg?resize=300%2C300&amp;ssl=1\" \/>\n<meta name=\"twitter:card\" content=\"summary_large_image\" \/>\n<script type=\"application\/ld+json\" class=\"yoast-schema-graph\">{\"@context\":\"https:\\\/\\\/schema.org\",\"@graph\":[{\"@type\":\"WebPage\",\"@id\":\"https:\\\/\\\/kttape.ee\\\/lv\\\/klientu-apkalposana\\\/pardosanas-vietas\\\/\",\"url\":\"https:\\\/\\\/kttape.ee\\\/lv\\\/klientu-apkalposana\\\/pardosanas-vietas\\\/\",\"name\":\"KT Tape Baltics P\u0101rdo\u0161anas vietas - kui soovid meie tooteid osta vaata siia\",\"isPartOf\":{\"@id\":\"https:\\\/\\\/kttape.ee\\\/lv\\\/#website\"},\"primaryImageOfPage\":{\"@id\":\"https:\\\/\\\/kttape.ee\\\/lv\\\/klientu-apkalposana\\\/pardosanas-vietas\\\/#primaryimage\"},\"image\":{\"@id\":\"https:\\\/\\\/kttape.ee\\\/lv\\\/klientu-apkalposana\\\/pardosanas-vietas\\\/#primaryimage\"},\"thumbnailUrl\":\"https:\\\/\\\/i1.wp.com\\\/monger.eu\\\/kttape\\\/wp-content\\\/uploads\\\/2019\\\/01\\\/4.8-Instagram.jpg?resize=300%2C300&amp;ssl=1\",\"datePublished\":\"2017-05-24T10:27:50+00:00\",\"dateModified\":\"2019-01-30T09:39:59+00:00\",\"description\":\"osta, e-pood, apteek, f\u00fcsioteraapiakeskus, kt tape, kiire tellimine, kohaletoomine, s\u00fcdameapteek, euroapteek, monger baltic, fusiomedica\",\"breadcrumb\":{\"@id\":\"https:\\\/\\\/kttape.ee\\\/lv\\\/klientu-apkalposana\\\/pardosanas-vietas\\\/#breadcrumb\"},\"inLanguage\":\"lv-LV\",\"potentialAction\":[{\"@type\":\"ReadAction\",\"target\":[\"https:\\\/\\\/kttape.ee\\\/lv\\\/klientu-apkalposana\\\/pardosanas-vietas\\\/\"]}]},{\"@type\":\"ImageObject\",\"inLanguage\":\"lv-LV\",\"@id\":\"https:\\\/\\\/kttape.ee\\\/lv\\\/klientu-apkalposana\\\/pardosanas-vietas\\\/#primaryimage\",\"url\":\"https:\\\/\\\/i1.wp.com\\\/monger.eu\\\/kttape\\\/wp-content\\\/uploads\\\/2019\\\/01\\\/4.8-Instagram.jpg?resize=300%2C300&amp;ssl=1\",\"contentUrl\":\"https:\\\/\\\/i1.wp.com\\\/monger.eu\\\/kttape\\\/wp-content\\\/uploads\\\/2019\\\/01\\\/4.8-Instagram.jpg?resize=300%2C300&amp;ssl=1\"},{\"@type\":\"BreadcrumbList\",\"@id\":\"https:\\\/\\\/kttape.ee\\\/lv\\\/klientu-apkalposana\\\/pardosanas-vietas\\\/#breadcrumb\",\"itemListElement\":[{\"@type\":\"ListItem\",\"position\":1,\"name\":\"Home\",\"item\":\"https:\\\/\\\/kttape.ee\\\/lv\\\/\"},{\"@type\":\"ListItem\",\"position\":2,\"name\":\"Klientu apkalpo\u0161ana\",\"item\":\"https:\\\/\\\/kttape.ee\\\/lv\\\/klientu-apkalposana\\\/\"},{\"@type\":\"ListItem\",\"position\":3,\"name\":\"P\u0101rdo\u0161anas vietas\"}]},{\"@type\":\"WebSite\",\"@id\":\"https:\\\/\\\/kttape.ee\\\/lv\\\/#website\",\"url\":\"https:\\\/\\\/kttape.ee\\\/lv\\\/\",\"name\":\"KT TAPE\",\"description\":\"Vesel\u012bbas un sporta produkti\",\"publisher\":{\"@id\":\"https:\\\/\\\/kttape.ee\\\/lv\\\/#organization\"},\"alternateName\":\"kinesioteip, kinesioloogiline teip, kt teip\",\"potentialAction\":[{\"@type\":\"SearchAction\",\"target\":{\"@type\":\"EntryPoint\",\"urlTemplate\":\"https:\\\/\\\/kttape.ee\\\/lv\\\/?s={search_term_string}\"},\"query-input\":{\"@type\":\"PropertyValueSpecification\",\"valueRequired\":true,\"valueName\":\"search_term_string\"}}],\"inLanguage\":\"lv-LV\"},{\"@type\":\"Organization\",\"@id\":\"https:\\\/\\\/kttape.ee\\\/lv\\\/#organization\",\"name\":\"Monger Baltic O\u00dc\",\"alternateName\":\"KT TAPE\",\"url\":\"https:\\\/\\\/kttape.ee\\\/lv\\\/\",\"logo\":{\"@type\":\"ImageObject\",\"inLanguage\":\"lv-LV\",\"@id\":\"https:\\\/\\\/kttape.ee\\\/lv\\\/#\\\/schema\\\/logo\\\/image\\\/\",\"url\":\"http:\\\/\\\/kttape.ee\\\/wp-content\\\/uploads\\\/2018\\\/11\\\/logo-monger-white-1.png\",\"contentUrl\":\"http:\\\/\\\/kttape.ee\\\/wp-content\\\/uploads\\\/2018\\\/11\\\/logo-monger-white-1.png\",\"width\":826,\"height\":532,\"caption\":\"Monger Baltic O\u00dc\"},\"image\":{\"@id\":\"https:\\\/\\\/kttape.ee\\\/lv\\\/#\\\/schema\\\/logo\\\/image\\\/\"},\"sameAs\":[\"https:\\\/\\\/www.facebook.com\\\/kttapeeesti\",\"https:\\\/\\\/www.instagram.com\\\/kttape.eesti\\\/\"]}]}<\/script>\n<!-- \/ Yoast SEO Premium plugin. -->","yoast_head_json":{"title":"KT Tape Baltics P\u0101rdo\u0161anas vietas - kui soovid meie tooteid osta vaata siia","description":"osta, e-pood, apteek, f\u00fcsioteraapiakeskus, kt tape, kiire tellimine, kohaletoomine, s\u00fcdameapteek, euroapteek, monger baltic, fusiomedica","robots":{"index":"index","follow":"follow","max-snippet":"max-snippet:-1","max-image-preview":"max-image-preview:large","max-video-preview":"max-video-preview:-1"},"canonical":"https:\/\/kttape.ee\/lv\/klientu-apkalposana\/pardosanas-vietas\/","og_locale":"lv_LV","og_type":"article","og_title":"P\u0101rdo\u0161anas vietas","og_description":"P\u0101rdo\u0161anas vietas Visas pa\u0161apkalpo\u0161an\u0101s Euroaptiekas Latvij\u0101 -\u00a0https:\/\/www.euroaptieka.lv\/ Biroj\u0101 Prie\u017eu iel\u0101 10, Jelgav\u0101, iepriek\u0161 sazinoties pa t\u0101lr.","og_url":"https:\/\/kttape.ee\/lv\/klientu-apkalposana\/pardosanas-vietas\/","og_site_name":"KT Tape Baltics","article_publisher":"https:\/\/www.facebook.com\/kttapeeesti","article_modified_time":"2019-01-30T09:39:59+00:00","og_image":[{"url":"https:\/\/i1.wp.com\/monger.eu\/kttape\/wp-content\/uploads\/2019\/01\/4.8-Instagram.jpg?resize=300%2C300&amp;ssl=1","type":"","width":"","height":""}],"twitter_card":"summary_large_image","schema":{"@context":"https:\/\/schema.org","@graph":[{"@type":"WebPage","@id":"https:\/\/kttape.ee\/lv\/klientu-apkalposana\/pardosanas-vietas\/","url":"https:\/\/kttape.ee\/lv\/klientu-apkalposana\/pardosanas-vietas\/","name":"KT Tape Baltics P\u0101rdo\u0161anas vietas - kui soovid meie tooteid osta vaata siia","isPartOf":{"@id":"https:\/\/kttape.ee\/lv\/#website"},"primaryImageOfPage":{"@id":"https:\/\/kttape.ee\/lv\/klientu-apkalposana\/pardosanas-vietas\/#primaryimage"},"image":{"@id":"https:\/\/kttape.ee\/lv\/klientu-apkalposana\/pardosanas-vietas\/#primaryimage"},"thumbnailUrl":"https:\/\/i1.wp.com\/monger.eu\/kttape\/wp-content\/uploads\/2019\/01\/4.8-Instagram.jpg?resize=300%2C300&amp;ssl=1","datePublished":"2017-05-24T10:27:50+00:00","dateModified":"2019-01-30T09:39:59+00:00","description":"osta, e-pood, apteek, f\u00fcsioteraapiakeskus, kt tape, kiire tellimine, kohaletoomine, s\u00fcdameapteek, euroapteek, monger baltic, fusiomedica","breadcrumb":{"@id":"https:\/\/kttape.ee\/lv\/klientu-apkalposana\/pardosanas-vietas\/#breadcrumb"},"inLanguage":"lv-LV","potentialAction":[{"@type":"ReadAction","target":["https:\/\/kttape.ee\/lv\/klientu-apkalposana\/pardosanas-vietas\/"]}]},{"@type":"ImageObject","inLanguage":"lv-LV","@id":"https:\/\/kttape.ee\/lv\/klientu-apkalposana\/pardosanas-vietas\/#primaryimage","url":"https:\/\/i1.wp.com\/monger.eu\/kttape\/wp-content\/uploads\/2019\/01\/4.8-Instagram.jpg?resize=300%2C300&amp;ssl=1","contentUrl":"https:\/\/i1.wp.com\/monger.eu\/kttape\/wp-content\/uploads\/2019\/01\/4.8-Instagram.jpg?resize=300%2C300&amp;ssl=1"},{"@type":"BreadcrumbList","@id":"https:\/\/kttape.ee\/lv\/klientu-apkalposana\/pardosanas-vietas\/#breadcrumb","itemListElement":[{"@type":"ListItem","position":1,"name":"Home","item":"https:\/\/kttape.ee\/lv\/"},{"@type":"ListItem","position":2,"name":"Klientu apkalpo\u0161ana","item":"https:\/\/kttape.ee\/lv\/klientu-apkalposana\/"},{"@type":"ListItem","position":3,"name":"P\u0101rdo\u0161anas vietas"}]},{"@type":"WebSite","@id":"https:\/\/kttape.ee\/lv\/#website","url":"https:\/\/kttape.ee\/lv\/","name":"KT TAPE","description":"Vesel\u012bbas un sporta produkti","publisher":{"@id":"https:\/\/kttape.ee\/lv\/#organization"},"alternateName":"kinesioteip, kinesioloogiline teip, kt teip","potentialAction":[{"@type":"SearchAction","target":{"@type":"EntryPoint","urlTemplate":"https:\/\/kttape.ee\/lv\/?s={search_term_string}"},"query-input":{"@type":"PropertyValueSpecification","valueRequired":true,"valueName":"search_term_string"}}],"inLanguage":"lv-LV"},{"@type":"Organization","@id":"https:\/\/kttape.ee\/lv\/#organization","name":"Monger Baltic O\u00dc","alternateName":"KT TAPE","url":"https:\/\/kttape.ee\/lv\/","logo":{"@type":"ImageObject","inLanguage":"lv-LV","@id":"https:\/\/kttape.ee\/lv\/#\/schema\/logo\/image\/","url":"http:\/\/kttape.ee\/wp-content\/uploads\/2018\/11\/logo-monger-white-1.png","contentUrl":"http:\/\/kttape.ee\/wp-content\/uploads\/2018\/11\/logo-monger-white-1.png","width":826,"height":532,"caption":"Monger Baltic O\u00dc"},"image":{"@id":"https:\/\/kttape.ee\/lv\/#\/schema\/logo\/image\/"},"sameAs":["https:\/\/www.facebook.com\/kttapeeesti","https:\/\/www.instagram.com\/kttape.eesti\/"]}]}},"_links":{"self":[{"href":"https:\/\/kttape.ee\/lv\/wp-json\/wp\/v2\/pages\/1917","targetHints":{"allow":["GET"]}}],"collection":[{"href":"https:\/\/kttape.ee\/lv\/wp-json\/wp\/v2\/pages"}],"about":[{"href":"https:\/\/kttape.ee\/lv\/wp-json\/wp\/v2\/types\/page"}],"author":[{"embeddable":true,"href":"https:\/\/kttape.ee\/lv\/wp-json\/wp\/v2\/users\/1"}],"replies":[{"embeddable":true,"href":"https:\/\/kttape.ee\/lv\/wp-json\/wp\/v2\/comments?post=1917"}],"version-history":[{"count":0,"href":"https:\/\/kttape.ee\/lv\/wp-json\/wp\/v2\/pages\/1917\/revisions"}],"up":[{"embeddable":true,"href":"https:\/\/kttape.ee\/lv\/wp-json\/wp\/v2\/pages\/1854"}],"wp:attachment":[{"href":"https:\/\/kttape.ee\/lv\/wp-json\/wp\/v2\/media?parent=1917"}],"curies":[{"name":"wp","href":"https:\/\/api.w.org\/{rel}","templated":true}]}}