{"id":1930,"date":"2017-05-24T13:28:31","date_gmt":"2017-05-24T10:28:31","guid":{"rendered":"https:\/\/project.dreamo.ee\/monger\/kttape\/klientu-apkalposana\/rahvusvahelised-tellimused\/"},"modified":"2017-06-13T20:30:21","modified_gmt":"2017-06-13T17:30:21","slug":"starptautiskie-pasutijumi","status":"publish","type":"page","link":"https:\/\/kttape.ee\/lv\/klientu-apkalposana\/starptautiskie-pasutijumi\/","title":{"rendered":"Starptautiskie pas\u016bt\u012bjumi"},"content":{"rendered":"<h1>Starptautiskie pas\u016bt\u012bjumi<\/h1>\n<p>Visi pas\u016bt\u012bjumi, kas veikti no Igaunijas, Latvijas un Lietuvas, tiek nos\u016bt\u012bti n\u0101kam\u0101s darba dienas laik\u0101, un parasti tiek pieg\u0101d\u0101ti klientam vienu darba dienu v\u0113l\u0101k.<\/p>\n<p>Pas\u016bt\u012bjumi, kas veikti no Krievijas, Ukrainas un Baltkrievijas, tiek pieg\u0101d\u0101ti sadarb\u012bb\u0101 ar Eesti Post, un to pieg\u0101des laiks parasti ir 7-14 dienas atkar\u012bb\u0101 no klienta prec\u012bzas atra\u0161an\u0101s vietas.<br \/>\nSomijas klientu pas\u016bt\u012bjumi tiek pieg\u0101d\u0101ti sadarb\u012bb\u0101 ar SmartPost vai Eesti Post. Pieg\u0101de Helsinkos notiek 2-3 dienu laik\u0101 un p\u0101r\u0113j\u0101 Somijas teritorij\u0101 &#8211; 3-5 dienu laik\u0101.<\/p>\n<p>Starptautiskie pas\u016bt\u012bjumi tiek izs\u016bt\u012bti uzreiz p\u0113c maks\u0101juma sa\u0146em\u0161anas.<\/p>\n<p>M\u0113s labpr\u0101t atbild\u0113sim uz J\u016bsu jaut\u0101jumiem un uzklaus\u012bsim J\u016bsu ieteikumus no pirmdienas l\u012bdz piektdienai. L\u016bdzu, sazinieties ar mums info@kttape.lv!<\/p>\n","protected":false},"excerpt":{"rendered":"<p>Starptautiskie pas\u016bt\u012bjumi Visi pas\u016bt\u012bjumi, kas veikti no Igaunijas, Latvijas un Lietuvas, tiek nos\u016bt\u012bti n\u0101kam\u0101s darba dienas laik\u0101, un parasti tiek&#8230;<\/p>\n","protected":false},"author":1,"featured_media":0,"parent":1854,"menu_order":141,"comment_status":"closed","ping_status":"closed","template":"","meta":{"_acf_changed":false,"footnotes":""},"class_list":["post-1930","page","type-page","status-publish","hentry"],"acf":[],"yoast_head":"<!-- This site is optimized with the Yoast SEO Premium plugin v27.2 (Yoast SEO v27.4) - https:\/\/yoast.com\/product\/yoast-seo-premium-wordpress\/ -->\n<title>Starptautiskie pas\u016bt\u012bjumi - KT Tape Baltics<\/title>\n<meta name=\"robots\" content=\"index, follow, max-snippet:-1, max-image-preview:large, max-video-preview:-1\" \/>\n<link rel=\"canonical\" href=\"https:\/\/kttape.ee\/lv\/klientu-apkalposana\/starptautiskie-pasutijumi\/\" \/>\n<meta property=\"og:locale\" content=\"lv_LV\" \/>\n<meta property=\"og:type\" content=\"article\" \/>\n<meta property=\"og:title\" content=\"Starptautiskie pas\u016bt\u012bjumi\" \/>\n<meta property=\"og:description\" content=\"Starptautiskie pas\u016bt\u012bjumi Visi pas\u016bt\u012bjumi, kas veikti no Igaunijas, Latvijas un Lietuvas, tiek nos\u016bt\u012bti n\u0101kam\u0101s darba dienas laik\u0101, un parasti tiek\" \/>\n<meta property=\"og:url\" content=\"https:\/\/kttape.ee\/lv\/klientu-apkalposana\/starptautiskie-pasutijumi\/\" \/>\n<meta property=\"og:site_name\" content=\"KT Tape Baltics\" \/>\n<meta property=\"article:publisher\" content=\"https:\/\/www.facebook.com\/kttapeeesti\" \/>\n<meta property=\"article:modified_time\" content=\"2017-06-13T17:30:21+00:00\" \/>\n<meta name=\"twitter:card\" content=\"summary_large_image\" \/>\n<meta name=\"twitter:label1\" content=\"Est. reading time\" \/>\n\t<meta name=\"twitter:data1\" content=\"1 minute\" \/>\n<script type=\"application\/ld+json\" class=\"yoast-schema-graph\">{\"@context\":\"https:\\\/\\\/schema.org\",\"@graph\":[{\"@type\":\"WebPage\",\"@id\":\"https:\\\/\\\/kttape.ee\\\/lv\\\/klientu-apkalposana\\\/starptautiskie-pasutijumi\\\/\",\"url\":\"https:\\\/\\\/kttape.ee\\\/lv\\\/klientu-apkalposana\\\/starptautiskie-pasutijumi\\\/\",\"name\":\"Starptautiskie pas\u016bt\u012bjumi - KT Tape Baltics\",\"isPartOf\":{\"@id\":\"https:\\\/\\\/kttape.ee\\\/lv\\\/#website\"},\"datePublished\":\"2017-05-24T10:28:31+00:00\",\"dateModified\":\"2017-06-13T17:30:21+00:00\",\"breadcrumb\":{\"@id\":\"https:\\\/\\\/kttape.ee\\\/lv\\\/klientu-apkalposana\\\/starptautiskie-pasutijumi\\\/#breadcrumb\"},\"inLanguage\":\"lv-LV\",\"potentialAction\":[{\"@type\":\"ReadAction\",\"target\":[\"https:\\\/\\\/kttape.ee\\\/lv\\\/klientu-apkalposana\\\/starptautiskie-pasutijumi\\\/\"]}]},{\"@type\":\"BreadcrumbList\",\"@id\":\"https:\\\/\\\/kttape.ee\\\/lv\\\/klientu-apkalposana\\\/starptautiskie-pasutijumi\\\/#breadcrumb\",\"itemListElement\":[{\"@type\":\"ListItem\",\"position\":1,\"name\":\"Home\",\"item\":\"https:\\\/\\\/kttape.ee\\\/lv\\\/\"},{\"@type\":\"ListItem\",\"position\":2,\"name\":\"Klientu apkalpo\u0161ana\",\"item\":\"https:\\\/\\\/kttape.ee\\\/lv\\\/klientu-apkalposana\\\/\"},{\"@type\":\"ListItem\",\"position\":3,\"name\":\"Starptautiskie pas\u016bt\u012bjumi\"}]},{\"@type\":\"WebSite\",\"@id\":\"https:\\\/\\\/kttape.ee\\\/lv\\\/#website\",\"url\":\"https:\\\/\\\/kttape.ee\\\/lv\\\/\",\"name\":\"KT TAPE\",\"description\":\"Vesel\u012bbas un sporta produkti\",\"publisher\":{\"@id\":\"https:\\\/\\\/kttape.ee\\\/lv\\\/#organization\"},\"alternateName\":\"kinesioteip, kinesioloogiline teip, kt teip\",\"potentialAction\":[{\"@type\":\"SearchAction\",\"target\":{\"@type\":\"EntryPoint\",\"urlTemplate\":\"https:\\\/\\\/kttape.ee\\\/lv\\\/?s={search_term_string}\"},\"query-input\":{\"@type\":\"PropertyValueSpecification\",\"valueRequired\":true,\"valueName\":\"search_term_string\"}}],\"inLanguage\":\"lv-LV\"},{\"@type\":\"Organization\",\"@id\":\"https:\\\/\\\/kttape.ee\\\/lv\\\/#organization\",\"name\":\"Monger Baltic O\u00dc\",\"alternateName\":\"KT TAPE\",\"url\":\"https:\\\/\\\/kttape.ee\\\/lv\\\/\",\"logo\":{\"@type\":\"ImageObject\",\"inLanguage\":\"lv-LV\",\"@id\":\"https:\\\/\\\/kttape.ee\\\/lv\\\/#\\\/schema\\\/logo\\\/image\\\/\",\"url\":\"http:\\\/\\\/kttape.ee\\\/wp-content\\\/uploads\\\/2018\\\/11\\\/logo-monger-white-1.png\",\"contentUrl\":\"http:\\\/\\\/kttape.ee\\\/wp-content\\\/uploads\\\/2018\\\/11\\\/logo-monger-white-1.png\",\"width\":826,\"height\":532,\"caption\":\"Monger Baltic O\u00dc\"},\"image\":{\"@id\":\"https:\\\/\\\/kttape.ee\\\/lv\\\/#\\\/schema\\\/logo\\\/image\\\/\"},\"sameAs\":[\"https:\\\/\\\/www.facebook.com\\\/kttapeeesti\",\"https:\\\/\\\/www.instagram.com\\\/kttape.eesti\\\/\"]}]}<\/script>\n<!-- \/ Yoast SEO Premium plugin. -->","yoast_head_json":{"title":"Starptautiskie pas\u016bt\u012bjumi - KT Tape Baltics","robots":{"index":"index","follow":"follow","max-snippet":"max-snippet:-1","max-image-preview":"max-image-preview:large","max-video-preview":"max-video-preview:-1"},"canonical":"https:\/\/kttape.ee\/lv\/klientu-apkalposana\/starptautiskie-pasutijumi\/","og_locale":"lv_LV","og_type":"article","og_title":"Starptautiskie pas\u016bt\u012bjumi","og_description":"Starptautiskie pas\u016bt\u012bjumi Visi pas\u016bt\u012bjumi, kas veikti no Igaunijas, Latvijas un Lietuvas, tiek nos\u016bt\u012bti n\u0101kam\u0101s darba dienas laik\u0101, un parasti tiek","og_url":"https:\/\/kttape.ee\/lv\/klientu-apkalposana\/starptautiskie-pasutijumi\/","og_site_name":"KT Tape Baltics","article_publisher":"https:\/\/www.facebook.com\/kttapeeesti","article_modified_time":"2017-06-13T17:30:21+00:00","twitter_card":"summary_large_image","twitter_misc":{"Est. reading time":"1 minute"},"schema":{"@context":"https:\/\/schema.org","@graph":[{"@type":"WebPage","@id":"https:\/\/kttape.ee\/lv\/klientu-apkalposana\/starptautiskie-pasutijumi\/","url":"https:\/\/kttape.ee\/lv\/klientu-apkalposana\/starptautiskie-pasutijumi\/","name":"Starptautiskie pas\u016bt\u012bjumi - KT Tape Baltics","isPartOf":{"@id":"https:\/\/kttape.ee\/lv\/#website"},"datePublished":"2017-05-24T10:28:31+00:00","dateModified":"2017-06-13T17:30:21+00:00","breadcrumb":{"@id":"https:\/\/kttape.ee\/lv\/klientu-apkalposana\/starptautiskie-pasutijumi\/#breadcrumb"},"inLanguage":"lv-LV","potentialAction":[{"@type":"ReadAction","target":["https:\/\/kttape.ee\/lv\/klientu-apkalposana\/starptautiskie-pasutijumi\/"]}]},{"@type":"BreadcrumbList","@id":"https:\/\/kttape.ee\/lv\/klientu-apkalposana\/starptautiskie-pasutijumi\/#breadcrumb","itemListElement":[{"@type":"ListItem","position":1,"name":"Home","item":"https:\/\/kttape.ee\/lv\/"},{"@type":"ListItem","position":2,"name":"Klientu apkalpo\u0161ana","item":"https:\/\/kttape.ee\/lv\/klientu-apkalposana\/"},{"@type":"ListItem","position":3,"name":"Starptautiskie pas\u016bt\u012bjumi"}]},{"@type":"WebSite","@id":"https:\/\/kttape.ee\/lv\/#website","url":"https:\/\/kttape.ee\/lv\/","name":"KT TAPE","description":"Vesel\u012bbas un sporta produkti","publisher":{"@id":"https:\/\/kttape.ee\/lv\/#organization"},"alternateName":"kinesioteip, kinesioloogiline teip, kt teip","potentialAction":[{"@type":"SearchAction","target":{"@type":"EntryPoint","urlTemplate":"https:\/\/kttape.ee\/lv\/?s={search_term_string}"},"query-input":{"@type":"PropertyValueSpecification","valueRequired":true,"valueName":"search_term_string"}}],"inLanguage":"lv-LV"},{"@type":"Organization","@id":"https:\/\/kttape.ee\/lv\/#organization","name":"Monger Baltic O\u00dc","alternateName":"KT TAPE","url":"https:\/\/kttape.ee\/lv\/","logo":{"@type":"ImageObject","inLanguage":"lv-LV","@id":"https:\/\/kttape.ee\/lv\/#\/schema\/logo\/image\/","url":"http:\/\/kttape.ee\/wp-content\/uploads\/2018\/11\/logo-monger-white-1.png","contentUrl":"http:\/\/kttape.ee\/wp-content\/uploads\/2018\/11\/logo-monger-white-1.png","width":826,"height":532,"caption":"Monger Baltic O\u00dc"},"image":{"@id":"https:\/\/kttape.ee\/lv\/#\/schema\/logo\/image\/"},"sameAs":["https:\/\/www.facebook.com\/kttapeeesti","https:\/\/www.instagram.com\/kttape.eesti\/"]}]}},"_links":{"self":[{"href":"https:\/\/kttape.ee\/lv\/wp-json\/wp\/v2\/pages\/1930","targetHints":{"allow":["GET"]}}],"collection":[{"href":"https:\/\/kttape.ee\/lv\/wp-json\/wp\/v2\/pages"}],"about":[{"href":"https:\/\/kttape.ee\/lv\/wp-json\/wp\/v2\/types\/page"}],"author":[{"embeddable":true,"href":"https:\/\/kttape.ee\/lv\/wp-json\/wp\/v2\/users\/1"}],"replies":[{"embeddable":true,"href":"https:\/\/kttape.ee\/lv\/wp-json\/wp\/v2\/comments?post=1930"}],"version-history":[{"count":0,"href":"https:\/\/kttape.ee\/lv\/wp-json\/wp\/v2\/pages\/1930\/revisions"}],"up":[{"embeddable":true,"href":"https:\/\/kttape.ee\/lv\/wp-json\/wp\/v2\/pages\/1854"}],"wp:attachment":[{"href":"https:\/\/kttape.ee\/lv\/wp-json\/wp\/v2\/media?parent=1930"}],"curies":[{"name":"wp","href":"https:\/\/api.w.org\/{rel}","templated":true}]}}