{"id":1974,"date":"2017-05-10T12:16:41","date_gmt":"2017-05-10T09:16:41","guid":{"rendered":"https:\/\/project.dreamo.ee\/monger\/kttape\/kontakt\/"},"modified":"2017-06-13T20:54:48","modified_gmt":"2017-06-13T17:54:48","slug":"kontakti","status":"publish","type":"page","link":"https:\/\/kttape.ee\/lv\/kontakti\/","title":{"rendered":"Kontakti"},"content":{"rendered":"<h1>Kontakti<\/h1>\n<p>Vai Jums ir radies k\u0101ds jaut\u0101jums? Nepiecie\u0161ams, lai viet\u0113j\u0101 p\u0101rst\u0101vniec\u012bba ar Jums sazin\u0101s? Nepiecie\u0161ams main\u012bt k\u0101rt\u012bbu vai p\u0101rbaud\u012bt pas\u016bt\u012bjuma statusu? M\u0113s esam \u0161eit, lai pal\u012bdz\u0113tu. J\u016bs varat sazin\u0101ties ar mums pa e-pastu vai piezvan\u012bt mums.<\/p>\n<h2>Izplat\u012bt\u0101js Baltijas valst\u012bs un p\u0101rst\u0101vis Igaunij\u0101:<\/h2>\n<p>Monger Baltic O\u00dc<br \/>\ne-pasts: info@monger.ee<br \/>\nt\u0101lrunis: +372 650 6315<br \/>\nadrese: Tuukri 11, Tallina 10120, Igaunija<\/p>\n<h2>P\u0101rst\u0101vis Latvij\u0101:<\/h2>\n<p>SIA Monger LV<br \/>\ne-pasts: info@monger.lv<br \/>\nt\u0101lrunis: +371 270 00426<br \/>\nadrese: Prie\u017eu iela 10, Jelgava, LV-3004, Latvija<\/p>\n<h2>P\u0101rst\u0101vis Lietuv\u0101:<\/h2>\n<p>UAB \u201cMonger LT\u201d<br \/>\ne-pasts: info@monger.lt<br \/>\nt\u0101lrunis: +370 615 15 617<br \/>\nadrese: Konstitucijos pr. 23C-615 Vi\u013c\u0146a, LT-08105, Lietuva<\/p>\n","protected":false},"excerpt":{"rendered":"<p>Kontakti Vai Jums ir radies k\u0101ds jaut\u0101jums? Nepiecie\u0161ams, lai viet\u0113j\u0101 p\u0101rst\u0101vniec\u012bba ar Jums sazin\u0101s? Nepiecie\u0161ams main\u012bt k\u0101rt\u012bbu vai p\u0101rbaud\u012bt pas\u016bt\u012bjuma&#8230;<\/p>\n","protected":false},"author":1,"featured_media":0,"parent":0,"menu_order":148,"comment_status":"closed","ping_status":"closed","template":"template-contact.php","meta":{"_acf_changed":false,"footnotes":""},"class_list":["post-1974","page","type-page","status-publish","hentry"],"acf":[],"yoast_head":"<!-- This site is optimized with the Yoast SEO Premium plugin v23.4 (Yoast SEO v27.3) - https:\/\/yoast.com\/product\/yoast-seo-premium-wordpress\/ -->\n<title>Kontakti - KT Tape Baltics<\/title>\n<meta name=\"robots\" content=\"index, follow, max-snippet:-1, max-image-preview:large, max-video-preview:-1\" \/>\n<link rel=\"canonical\" href=\"https:\/\/kttape.ee\/lv\/kontakti\/\" \/>\n<meta property=\"og:locale\" content=\"lv_LV\" \/>\n<meta property=\"og:type\" content=\"article\" \/>\n<meta property=\"og:title\" content=\"Kontakti\" \/>\n<meta property=\"og:description\" content=\"Kontakti Vai Jums ir radies k\u0101ds jaut\u0101jums? Nepiecie\u0161ams, lai viet\u0113j\u0101 p\u0101rst\u0101vniec\u012bba ar Jums sazin\u0101s? Nepiecie\u0161ams main\u012bt k\u0101rt\u012bbu vai p\u0101rbaud\u012bt pas\u016bt\u012bjuma\" \/>\n<meta property=\"og:url\" content=\"https:\/\/kttape.ee\/lv\/kontakti\/\" \/>\n<meta property=\"og:site_name\" content=\"KT Tape Baltics\" \/>\n<meta property=\"article:publisher\" content=\"https:\/\/www.facebook.com\/kttapeeesti\" \/>\n<meta property=\"article:modified_time\" content=\"2017-06-13T17:54:48+00:00\" \/>\n<meta name=\"twitter:card\" content=\"summary_large_image\" \/>\n<meta name=\"twitter:label1\" content=\"Est. reading time\" \/>\n\t<meta name=\"twitter:data1\" content=\"1 minute\" \/>\n<script type=\"application\/ld+json\" class=\"yoast-schema-graph\">{\"@context\":\"https:\\\/\\\/schema.org\",\"@graph\":[{\"@type\":\"WebPage\",\"@id\":\"https:\\\/\\\/kttape.ee\\\/lv\\\/kontakti\\\/\",\"url\":\"https:\\\/\\\/kttape.ee\\\/lv\\\/kontakti\\\/\",\"name\":\"Kontakti - KT Tape Baltics\",\"isPartOf\":{\"@id\":\"https:\\\/\\\/kttape.ee\\\/lv\\\/#website\"},\"datePublished\":\"2017-05-10T09:16:41+00:00\",\"dateModified\":\"2017-06-13T17:54:48+00:00\",\"breadcrumb\":{\"@id\":\"https:\\\/\\\/kttape.ee\\\/lv\\\/kontakti\\\/#breadcrumb\"},\"inLanguage\":\"lv-LV\",\"potentialAction\":[{\"@type\":\"ReadAction\",\"target\":[\"https:\\\/\\\/kttape.ee\\\/lv\\\/kontakti\\\/\"]}]},{\"@type\":\"BreadcrumbList\",\"@id\":\"https:\\\/\\\/kttape.ee\\\/lv\\\/kontakti\\\/#breadcrumb\",\"itemListElement\":[{\"@type\":\"ListItem\",\"position\":1,\"name\":\"Home\",\"item\":\"https:\\\/\\\/kttape.ee\\\/lv\\\/\"},{\"@type\":\"ListItem\",\"position\":2,\"name\":\"Kontakti\"}]},{\"@type\":\"WebSite\",\"@id\":\"https:\\\/\\\/kttape.ee\\\/lv\\\/#website\",\"url\":\"https:\\\/\\\/kttape.ee\\\/lv\\\/\",\"name\":\"KT TAPE\",\"description\":\"Vesel\u012bbas un sporta produkti\",\"publisher\":{\"@id\":\"https:\\\/\\\/kttape.ee\\\/lv\\\/#organization\"},\"alternateName\":\"kinesioteip, kinesioloogiline teip, kt teip\",\"potentialAction\":[{\"@type\":\"SearchAction\",\"target\":{\"@type\":\"EntryPoint\",\"urlTemplate\":\"https:\\\/\\\/kttape.ee\\\/lv\\\/?s={search_term_string}\"},\"query-input\":{\"@type\":\"PropertyValueSpecification\",\"valueRequired\":true,\"valueName\":\"search_term_string\"}}],\"inLanguage\":\"lv-LV\"},{\"@type\":\"Organization\",\"@id\":\"https:\\\/\\\/kttape.ee\\\/lv\\\/#organization\",\"name\":\"Monger Baltic O\u00dc\",\"alternateName\":\"KT TAPE\",\"url\":\"https:\\\/\\\/kttape.ee\\\/lv\\\/\",\"logo\":{\"@type\":\"ImageObject\",\"inLanguage\":\"lv-LV\",\"@id\":\"https:\\\/\\\/kttape.ee\\\/lv\\\/#\\\/schema\\\/logo\\\/image\\\/\",\"url\":\"http:\\\/\\\/kttape.ee\\\/wp-content\\\/uploads\\\/2018\\\/11\\\/logo-monger-white-1.png\",\"contentUrl\":\"http:\\\/\\\/kttape.ee\\\/wp-content\\\/uploads\\\/2018\\\/11\\\/logo-monger-white-1.png\",\"width\":826,\"height\":532,\"caption\":\"Monger Baltic O\u00dc\"},\"image\":{\"@id\":\"https:\\\/\\\/kttape.ee\\\/lv\\\/#\\\/schema\\\/logo\\\/image\\\/\"},\"sameAs\":[\"https:\\\/\\\/www.facebook.com\\\/kttapeeesti\",\"https:\\\/\\\/www.instagram.com\\\/kttape.eesti\\\/\"]}]}<\/script>\n<!-- \/ Yoast SEO Premium plugin. -->","yoast_head_json":{"title":"Kontakti - KT Tape Baltics","robots":{"index":"index","follow":"follow","max-snippet":"max-snippet:-1","max-image-preview":"max-image-preview:large","max-video-preview":"max-video-preview:-1"},"canonical":"https:\/\/kttape.ee\/lv\/kontakti\/","og_locale":"lv_LV","og_type":"article","og_title":"Kontakti","og_description":"Kontakti Vai Jums ir radies k\u0101ds jaut\u0101jums? Nepiecie\u0161ams, lai viet\u0113j\u0101 p\u0101rst\u0101vniec\u012bba ar Jums sazin\u0101s? Nepiecie\u0161ams main\u012bt k\u0101rt\u012bbu vai p\u0101rbaud\u012bt pas\u016bt\u012bjuma","og_url":"https:\/\/kttape.ee\/lv\/kontakti\/","og_site_name":"KT Tape Baltics","article_publisher":"https:\/\/www.facebook.com\/kttapeeesti","article_modified_time":"2017-06-13T17:54:48+00:00","twitter_card":"summary_large_image","twitter_misc":{"Est. reading time":"1 minute"},"schema":{"@context":"https:\/\/schema.org","@graph":[{"@type":"WebPage","@id":"https:\/\/kttape.ee\/lv\/kontakti\/","url":"https:\/\/kttape.ee\/lv\/kontakti\/","name":"Kontakti - KT Tape Baltics","isPartOf":{"@id":"https:\/\/kttape.ee\/lv\/#website"},"datePublished":"2017-05-10T09:16:41+00:00","dateModified":"2017-06-13T17:54:48+00:00","breadcrumb":{"@id":"https:\/\/kttape.ee\/lv\/kontakti\/#breadcrumb"},"inLanguage":"lv-LV","potentialAction":[{"@type":"ReadAction","target":["https:\/\/kttape.ee\/lv\/kontakti\/"]}]},{"@type":"BreadcrumbList","@id":"https:\/\/kttape.ee\/lv\/kontakti\/#breadcrumb","itemListElement":[{"@type":"ListItem","position":1,"name":"Home","item":"https:\/\/kttape.ee\/lv\/"},{"@type":"ListItem","position":2,"name":"Kontakti"}]},{"@type":"WebSite","@id":"https:\/\/kttape.ee\/lv\/#website","url":"https:\/\/kttape.ee\/lv\/","name":"KT TAPE","description":"Vesel\u012bbas un sporta produkti","publisher":{"@id":"https:\/\/kttape.ee\/lv\/#organization"},"alternateName":"kinesioteip, kinesioloogiline teip, kt teip","potentialAction":[{"@type":"SearchAction","target":{"@type":"EntryPoint","urlTemplate":"https:\/\/kttape.ee\/lv\/?s={search_term_string}"},"query-input":{"@type":"PropertyValueSpecification","valueRequired":true,"valueName":"search_term_string"}}],"inLanguage":"lv-LV"},{"@type":"Organization","@id":"https:\/\/kttape.ee\/lv\/#organization","name":"Monger Baltic O\u00dc","alternateName":"KT TAPE","url":"https:\/\/kttape.ee\/lv\/","logo":{"@type":"ImageObject","inLanguage":"lv-LV","@id":"https:\/\/kttape.ee\/lv\/#\/schema\/logo\/image\/","url":"http:\/\/kttape.ee\/wp-content\/uploads\/2018\/11\/logo-monger-white-1.png","contentUrl":"http:\/\/kttape.ee\/wp-content\/uploads\/2018\/11\/logo-monger-white-1.png","width":826,"height":532,"caption":"Monger Baltic O\u00dc"},"image":{"@id":"https:\/\/kttape.ee\/lv\/#\/schema\/logo\/image\/"},"sameAs":["https:\/\/www.facebook.com\/kttapeeesti","https:\/\/www.instagram.com\/kttape.eesti\/"]}]}},"_links":{"self":[{"href":"https:\/\/kttape.ee\/lv\/wp-json\/wp\/v2\/pages\/1974","targetHints":{"allow":["GET"]}}],"collection":[{"href":"https:\/\/kttape.ee\/lv\/wp-json\/wp\/v2\/pages"}],"about":[{"href":"https:\/\/kttape.ee\/lv\/wp-json\/wp\/v2\/types\/page"}],"author":[{"embeddable":true,"href":"https:\/\/kttape.ee\/lv\/wp-json\/wp\/v2\/users\/1"}],"replies":[{"embeddable":true,"href":"https:\/\/kttape.ee\/lv\/wp-json\/wp\/v2\/comments?post=1974"}],"version-history":[{"count":0,"href":"https:\/\/kttape.ee\/lv\/wp-json\/wp\/v2\/pages\/1974\/revisions"}],"wp:attachment":[{"href":"https:\/\/kttape.ee\/lv\/wp-json\/wp\/v2\/media?parent=1974"}],"curies":[{"name":"wp","href":"https:\/\/api.w.org\/{rel}","templated":true}]}}