{"id":2904,"date":"2017-05-24T11:35:07","date_gmt":"2017-05-24T08:35:07","guid":{"rendered":"http:\/\/monger.eu\/kttape\/kas-ir-kt-tape\/meditsiiniline-info\/"},"modified":"2023-08-29T15:39:25","modified_gmt":"2023-08-29T12:39:25","slug":"kt-tape-meditsiiniline-info","status":"publish","type":"page","link":"https:\/\/kttape.ee\/lv\/kas-ir-kt-tape\/kt-tape-meditsiiniline-info\/","title":{"rendered":"Meditsiiniline info"},"content":{"rendered":"\n<div id=\"block_b7ce25d01cd6a7ebc1a9c63e459d7b8f\" class=\"kt-banner\" aria-hidden=\"true\">\n\n  <div class=\"wrap\">\n    <div class=\"kt-banner-wrap\">\n      <h1>Sporditeip &#8211; Meditsiiniline info<\/h1>            \n\n      \n    <\/div>\n  <\/div>\n\n  <style media=\"screen\">\n      #block_b7ce25d01cd6a7ebc1a9c63e459d7b8f .kt-banner-wrap {\n      color: #ffffff;\n    }\n                    #block_b7ce25d01cd6a7ebc1a9c63e459d7b8f {\n        background-image: linear-gradient(to right, rgba(255,255,255,0) 0%, rgba(255,255,255,0) 50%, rgba(255,255,255,0) 100%), url('https:\/\/kttape.ee\/wp-content\/uploads\/2019\/07\/iStock_000080918025_Small-1-scaled-2000x1448.webp');\n        min-height: 600px;\n      }\n          #block_b7ce25d01cd6a7ebc1a9c63e459d7b8f .wrap {\n      justify-content: space-around;\n    }\n    #block_b7ce25d01cd6a7ebc1a9c63e459d7b8f .kt-banner-wrap {\n      text-align: center;\n    }\n        @media (max-width: 1400px) {\n      #block_b7ce25d01cd6a7ebc1a9c63e459d7b8f {\n        min-height: 400px;\n      }\n    }\n    @media (max-width: 500px) {\n      #block_b7ce25d01cd6a7ebc1a9c63e459d7b8f {\n        min-height: 300px;\n      }\n    }\n  <\/style>\n<\/div>\n\n\n\n<div id=\"block_905bf9ad0aa4031a319b0db8caeb29df\" class=\"wp-block-spacer-custom\" aria-hidden=\"true\">\n\n<style media=\"screen\">\n  #block_905bf9ad0aa4031a319b0db8caeb29df{\n    clear: both;\n    height: 48px;\n  }\n  @media(max-width: 800px){\n    #block_905bf9ad0aa4031a319b0db8caeb29df{\n      height: 24px;\n    }\n  }\n<\/style>\n<\/div>\n\n\n\n<div id=\"block_66ef9790e9b7416a07fa2b7c76c99201\" class=\"kt-textblock\" aria-hidden=\"true\">\n\n  <div class=\"wrap\">\n    <p><strong>Sporditeip ehk <a href=\"https:\/\/kttape.ee\/mis-on-kt-tape-kinesioteip\/\">Kinesioloogiline teip<\/a> <\/strong>on \u00f5hku l\u00e4bilaskev, veekindel, pikuti veniv elastne teip. Seda kasutavad arstid, f\u00fcsioterapeudid, kiropraktikud, treenerid ja paljud teised meditsiini- ja tervishoiut\u00f6\u00f6tajad mitmel erineval otstarbel.<\/p>\n<p><strong>Sporditeibi<\/strong> ehk kinesioloogilise teibi kasutusv\u00f5imalused on v\u00e4ga laiad. Muuhulgas kasutatakse seda:<\/p>\n<ul>\n<li>Lihas- ja liigesfunktsiooni parandamiseks<\/li>\n<li>Alaseljavalu, p\u00f5lvevalu, kannak\u00f5\u00f5luse valu jt vaevuste leevendamiseks<\/li>\n<li>Vere- ja l\u00fcmfiringe aktiviseerimiseks<\/li>\n<\/ul>\n<p><a href=\"http:\/\/kttape.ee\/cat\/kt-tape-sunteetilised-pro-teibid\/\">KT Tape Pro<\/a> on m\u00f5eldud kasutajatele, kes ootavad sporditeibilt midagi veel enamat. KT Tape Pro pakub paremat tulemust ja on kvaliteetsem, kuna \u00fches teibirullis on 20% rohkem tugeva kleepainega teipi. KT Tape Pro-le on iseloomulik ka t\u00e4iustatud Step Frequency (SF) tehnoloogia ehk kleepaine, mis on tavalistest kleepainetest 25% tugevam, pakkudes seega rohkem tuge ja vastupidavust, seda isegi vees olles.<\/p>\n<p>KT Tape\u2019i on v\u00f5imalik kasutada sarnaselt nii valge sporditeibi kui ka McConnelli teipimistehnikatele, asetades selle kas osaliselt v\u00f5i t\u00e4ielikult soovitud piirkonnale. Lisaks sellele on teibil aga ka muid t\u00e4iendavaid funktsioone ja eeliseid. T\u00e4nu KT Tape\u2019i omadustele on selle kasutusv\u00f5imalused mitmekesisemad ning vastupidavus parem kui tavalistel sporditeipidel.<\/p>\n<p>Erinevalt l\u00f5ikamist vajavatest v\u00f5i piiratud kasutusv\u00f5imalustega teipidest, s\u00e4\u00e4stavad KT Tape ettel\u00f5igatud ribad arstide aega ja raha ning ei piira kuidagi teie liigutuste ulatust. 25 cm pikkusi teibiribasid on lihtne rullist rebida ning neid on v\u00f5imalik kasutada mugavalt. Arstide s\u00f5nul kasutatakse ettel\u00f5igatud ribasid 90% kliiniliste juhtumite korral ning patsientide arvates on neid mugavam kanda.<\/p>\n<p>Kinesioloogilise teipimise meetodit, mida sageli nimetatakse ka sporditeipimiseks, on kasutatud nii Aasias, Ameerikas kui ka Euroopas juba ligi neli aastak\u00fcmmet. USA-s muutus see eriti populaarseks alles 1990ndate aastate l\u00f5pus. Oma \u00fclemaailmse tuntuse saavutas KT Tape 2008. aasta Pekingi ol\u00fcmpiam\u00e4ngudel.<\/p>\n<h2>KT TAPE SPORDITEIBI OMADUSED<\/h2>\n<ul>\n<li>Ettel\u00f5igatud ribad v\u00f5i klassikalised l\u00f5ikamata rullid<\/li>\n<li>20% rohkem teipi \u00fche rulli kohta (12-26 aplikatsiooni)<\/li>\n<li>Soovituslik kandmisaeg kuni 3-5 p\u00e4eva<\/li>\n<li>100% puuvill v\u00f5i s\u00fcnteetiline (KT Tape PRO)<\/li>\n<li>Lateksivaba<\/li>\n<li>\u00d5hku l\u00e4bilaskev (puuvillane teip)<\/li>\n<li>Veekindel<\/li>\n<li>Kiire ja lihtne paigaldamine<\/li>\n<li>SF kleepainega teip on \u00e4\u00e4rmisel vastupidav ja mugav<\/li>\n<li>Parandab naha loomulikku elastsust<\/li>\n<li>Mitmek\u00fclgsemad kasutusv\u00f5imalused ja parem vastupidavus kui tavalistel sporditeipidel<\/li>\n<li>Saadaval erinevates toonides: must, sinine, roosa, bee\u017e jne<\/li>\n<\/ul>\n<p>&nbsp;<\/p>\n<h2>KORDUVAD K\u00dcSIMUSED<\/h2>\n<h3>PROPRIOTSEPTSIOON<\/h3>\n<p>KT teipi v\u00f5ib kasutada sidemetele ja k\u00f5\u00f5lustele surve avaldamiseks, et parandada propriotseptsiooni ja d\u00fcnaamilist stabiilsust. Lisaks sellele stimuleerib see mehhanoretseptoreid, parandades seega propriotseptsiooni. Sellised tehnikad on n\u00e4idustatud j\u00e4rgmistel juhtudel: h\u00fcppeliigese nihestus, mediaalsete ja lateraalsete p\u00f5lvesidemete venitus, p\u00f5lvekedra k\u00f5\u00f5lusp\u00f5letik ja palju muud.<\/p>\n<h3>FUNKTSIONAALNE KORREKTSIOON<\/h3>\n<p>KT teipi v\u00f5ib kasutada ka funktsionaalse korrektsiooni puhul, mis sensoorse ja taktiilse stimulatsiooni kaudu soodustab v\u00f5i piirab liikumist. Selline tehnika toetab ja stabiliseerib liigeseid ja lihaseid ning toimib v\u00e4ga h\u00e4sti patellofemoraalse valus\u00fcndroomi ja abaluu\/posturaalsest d\u00fcfunktsioonist tingitud takistuss\u00fcndroomi puhul.<\/p>\n<h3>LIHASTE TOETAMINE JA VALU LEEVENDAMINE<\/h3>\n<p>Elastsest materjalist KT tape sporditeip j\u00e4ljendab inimnaha elastsust ning aitab seet\u00f5ttu toetada ja sooritada liigutusi (n\u00e4iteks rippjala, lihastoonuse languse v\u00f5i \u00f5lavarre p\u00f6\u00f6rajalihaste vigastuse puhul). T\u00e4nu KT teibi elastsusele on v\u00f5imalik seda kasutada ka sidekirme manipulatsiooniks v\u00f5i korrektsiooniks. N\u00e4idustuste hulka kuuluvad n\u00e4iteks lateraalne epikond\u00fcliit ja reie sidekirme s\u00fcndroom.<\/p>\n<p>Lisaks sellele suudab KT teip taktiilse stimulatsiooni kaudu leevendada valu tuginedes t\u00f5en\u00e4oliselt valu v\u00e4ravakontrolliteooriale (gate control theory). Erinevates uuringutes on t\u00e4heldatud KT teibi t\u00f5husust \u00e4geda tservikalgia ehk kaelavalu ravis. Kinesioloogilise teipimise meetodit kasutatakse ka l\u00fcmfis\u00fcsteemi h\u00e4irete puhul. See v\u00e4hendab survet, et juhtida eksudaadid l\u00e4himasse l\u00fcmfijuhasse. Selle tulemusena v\u00e4henevad lihaspinge v\u00f5i trauma tagaj\u00e4rjel tekkinud verevalumid ning alaneb j\u00e4semete turse.<\/p>\n<h3>SOOVITUSLIKUD HOIDMISTINGIMUSED<\/h3>\n<p>Parimate tulemuste saavutamiseks tuleks KT Tape Prod hoida jahedas, kuivas ja h\u00e4sti ventileeritud kohas. V\u00e4ltida tuleks otsest p\u00e4ikesevalgust, k\u00f5rget temperatuuri (\u00fcle 35\u00ba C) ja k\u00f5rget \u00f5huniiskust (\u00fcle 65%). Parima tulemuse tagab toote kasutamine aasta jooksul p\u00e4rast ostmist.<\/p>\n<p><em>***\u00c4rge kasutage KT teipi, kui teil on diagnoositud kasvaja, sest see v\u00f5ib m\u00f5jutada meditsiinilisi raviprotsesse.<\/em><br \/>\n<em>*** Raseduse ajal \u00e4rge kasutage KT teipi k\u00f5hupiirkonnas.<\/em><\/p>\n<p>&nbsp;<\/p>\n<hr \/>\n<p><em>K\u00e4esoleval veebilehel sisaldub informatsioon on esitatud \u00fcksnes teavitamise eesm\u00e4rgil. See ei asenda arsti ega meditsiinit\u00f6\u00f6taja n\u00f5uandeid. S\u00fcgeluse, \u00e4rrituse, punetuse, tuimuse, surisemistunde v\u00f5i t\u00e4iendava valu tekkimisel eemaldage teip koheselt. \u00c4rge kasutage KT teipi, kui teil on diagnoositud kasvaja, sest see v\u00f5ib m\u00f5jutada meditsiinilisi raviprotsesse. Raseduse ajal \u00e4rge kasutage KT teipi k\u00f5hupiirkonnas.<\/em><\/p>\n<p><em>Esitatud teave ei ole m\u00f5eldud terviseprobleemi, vigastuse v\u00f5i haiguse diagnoosimiseks ega ravimiseks. Lugege hoolikalt k\u00f5iki tootega kaasasolevaid materjale. Kui teil on, v\u00f5i kui te kahtlustate, et teil on mingi meditsiiniline probleem, p\u00f6\u00f6rduge koheselt oma arsti poole. Tarbijate arvamused on esitatud \u00fcksnes teavitamise eesm\u00e4rgil. Need arvamused p\u00f5hinevad \u00fcksnes tarbijate kogemustel ning neid ei ole kontrollinud ega kinnitanud Lumos, Inc. Tulemused v\u00f5ivad s\u00f5ltuvalt kasutajast varieeruda. Tutvuge ka meie teenuste tingimuste ja privaatsusp\u00f5him\u00f5tetega.<\/em><\/p>\n  <\/div>\n\n<\/div>\n\n\n\n<div id=\"block_905bf9ad0aa4031a319b0db8caeb29df\" class=\"wp-block-spacer-custom\" aria-hidden=\"true\">\n\n<style media=\"screen\">\n  #block_905bf9ad0aa4031a319b0db8caeb29df{\n    clear: both;\n    height: 48px;\n  }\n  @media(max-width: 800px){\n    #block_905bf9ad0aa4031a319b0db8caeb29df{\n      height: 24px;\n    }\n  }\n<\/style>\n<\/div>\n\n\n\n<div id=\"block_400e5b021c9c3affafd127ef80335a17\" class=\"kt-featured-blocks\" aria-hidden=\"true\">\n  <div class=\"wrap\">\n              <div class=\"featured-blocks\">\n                  <div class=\"featured-block\" style=\"background-image:url(https:\/\/kttape.ee\/wp-content\/uploads\/2023\/08\/pro-oxygen-homepage-featured.webp)\">\n            <div class=\"featured-block-content\">\n                            <h3>TOOTED<\/h3>              <p>Tutvu KT TAPE tootevalikuga<\/p>                              <a href=\"https:\/\/kttape.ee\/tooted\/\" class=\"button\" >Vaata l\u00e4hemalt<\/a>\n                          <\/div>\n          <\/div>\n                  <div class=\"featured-block\" style=\"background-image:url(https:\/\/kttape.ee\/wp-content\/uploads\/2023\/08\/pro-homepage-featured.webp)\">\n            <div class=\"featured-block-content\">\n                            <h3>TEIPIMISJUHENDID<\/h3>              <p>Juhendid erinevate lihasgruppide teipimiseks<\/p>                              <a href=\"https:\/\/kttape.ee\/lv\/instrukcijas\/\" class=\"button\" >VAATA L\u00c4HEMALT<\/a>\n                          <\/div>\n          <\/div>\n              <\/div>\n      <\/div>\n  <style media=\"screen\">\n\n  <\/style>\n<\/div>\n","protected":false},"excerpt":{"rendered":"","protected":false},"author":1,"featured_media":0,"parent":1499,"menu_order":27,"comment_status":"closed","ping_status":"closed","template":"","meta":{"_acf_changed":false,"footnotes":""},"class_list":["post-2904","page","type-page","status-publish","hentry"],"acf":[],"yoast_head":"<!-- This site is optimized with the Yoast SEO Premium plugin v27.2 (Yoast SEO v27.4) - https:\/\/yoast.com\/product\/yoast-seo-premium-wordpress\/ -->\n<title>Meditsiiniline info | KT Tape Baltics Sporditeip ehk Kinesioloogiline Teip<\/title>\n<meta name=\"description\" content=\"Sporditeip on \u00f5hku l\u00e4bilaskev, veekindel, pikuti veniv elastne teip, mida kasutavad arstid, f\u00fcsioterapeudid, treenerid.\" \/>\n<meta name=\"robots\" content=\"index, follow, max-snippet:-1, max-image-preview:large, max-video-preview:-1\" \/>\n<link rel=\"canonical\" href=\"https:\/\/kttape.ee\/lv\/kas-ir-kt-tape\/kt-tape-meditsiiniline-info\/\" \/>\n<meta property=\"og:locale\" content=\"lv_LV\" \/>\n<meta property=\"og:type\" content=\"article\" \/>\n<meta property=\"og:title\" content=\"Meditsiiniline info\" \/>\n<meta property=\"og:url\" content=\"https:\/\/kttape.ee\/lv\/kas-ir-kt-tape\/kt-tape-meditsiiniline-info\/\" \/>\n<meta property=\"og:site_name\" content=\"KT Tape Baltics\" \/>\n<meta property=\"article:publisher\" content=\"https:\/\/www.facebook.com\/kttapeeesti\" \/>\n<meta property=\"article:modified_time\" content=\"2023-08-29T12:39:25+00:00\" \/>\n<meta name=\"twitter:card\" content=\"summary_large_image\" \/>\n<script type=\"application\/ld+json\" class=\"yoast-schema-graph\">{\"@context\":\"https:\\\/\\\/schema.org\",\"@graph\":[{\"@type\":\"WebPage\",\"@id\":\"https:\\\/\\\/kttape.ee\\\/lv\\\/kas-ir-kt-tape\\\/kt-tape-meditsiiniline-info\\\/\",\"url\":\"https:\\\/\\\/kttape.ee\\\/lv\\\/kas-ir-kt-tape\\\/kt-tape-meditsiiniline-info\\\/\",\"name\":\"Meditsiiniline info | KT Tape Baltics Sporditeip ehk Kinesioloogiline Teip\",\"isPartOf\":{\"@id\":\"https:\\\/\\\/kttape.ee\\\/lv\\\/#website\"},\"datePublished\":\"2017-05-24T08:35:07+00:00\",\"dateModified\":\"2023-08-29T12:39:25+00:00\",\"description\":\"Sporditeip on \u00f5hku l\u00e4bilaskev, veekindel, pikuti veniv elastne teip, mida kasutavad arstid, f\u00fcsioterapeudid, treenerid.\",\"breadcrumb\":{\"@id\":\"https:\\\/\\\/kttape.ee\\\/lv\\\/kas-ir-kt-tape\\\/kt-tape-meditsiiniline-info\\\/#breadcrumb\"},\"inLanguage\":\"lv-LV\",\"potentialAction\":[{\"@type\":\"ReadAction\",\"target\":[\"https:\\\/\\\/kttape.ee\\\/lv\\\/kas-ir-kt-tape\\\/kt-tape-meditsiiniline-info\\\/\"]}]},{\"@type\":\"BreadcrumbList\",\"@id\":\"https:\\\/\\\/kttape.ee\\\/lv\\\/kas-ir-kt-tape\\\/kt-tape-meditsiiniline-info\\\/#breadcrumb\",\"itemListElement\":[{\"@type\":\"ListItem\",\"position\":1,\"name\":\"Home\",\"item\":\"https:\\\/\\\/kttape.ee\\\/lv\\\/\"},{\"@type\":\"ListItem\",\"position\":2,\"name\":\"Kas ir KT Tape?\",\"item\":\"https:\\\/\\\/kttape.ee\\\/lv\\\/kas-ir-kt-tape\\\/\"},{\"@type\":\"ListItem\",\"position\":3,\"name\":\"Meditsiiniline info\"}]},{\"@type\":\"WebSite\",\"@id\":\"https:\\\/\\\/kttape.ee\\\/lv\\\/#website\",\"url\":\"https:\\\/\\\/kttape.ee\\\/lv\\\/\",\"name\":\"KT TAPE\",\"description\":\"Vesel\u012bbas un sporta produkti\",\"publisher\":{\"@id\":\"https:\\\/\\\/kttape.ee\\\/lv\\\/#organization\"},\"alternateName\":\"kinesioteip, kinesioloogiline teip, kt teip\",\"potentialAction\":[{\"@type\":\"SearchAction\",\"target\":{\"@type\":\"EntryPoint\",\"urlTemplate\":\"https:\\\/\\\/kttape.ee\\\/lv\\\/?s={search_term_string}\"},\"query-input\":{\"@type\":\"PropertyValueSpecification\",\"valueRequired\":true,\"valueName\":\"search_term_string\"}}],\"inLanguage\":\"lv-LV\"},{\"@type\":\"Organization\",\"@id\":\"https:\\\/\\\/kttape.ee\\\/lv\\\/#organization\",\"name\":\"Monger Baltic O\u00dc\",\"alternateName\":\"KT TAPE\",\"url\":\"https:\\\/\\\/kttape.ee\\\/lv\\\/\",\"logo\":{\"@type\":\"ImageObject\",\"inLanguage\":\"lv-LV\",\"@id\":\"https:\\\/\\\/kttape.ee\\\/lv\\\/#\\\/schema\\\/logo\\\/image\\\/\",\"url\":\"http:\\\/\\\/kttape.ee\\\/wp-content\\\/uploads\\\/2018\\\/11\\\/logo-monger-white-1.png\",\"contentUrl\":\"http:\\\/\\\/kttape.ee\\\/wp-content\\\/uploads\\\/2018\\\/11\\\/logo-monger-white-1.png\",\"width\":826,\"height\":532,\"caption\":\"Monger Baltic O\u00dc\"},\"image\":{\"@id\":\"https:\\\/\\\/kttape.ee\\\/lv\\\/#\\\/schema\\\/logo\\\/image\\\/\"},\"sameAs\":[\"https:\\\/\\\/www.facebook.com\\\/kttapeeesti\",\"https:\\\/\\\/www.instagram.com\\\/kttape.eesti\\\/\"]}]}<\/script>\n<!-- \/ Yoast SEO Premium plugin. -->","yoast_head_json":{"title":"Meditsiiniline info | KT Tape Baltics Sporditeip ehk Kinesioloogiline Teip","description":"Sporditeip on \u00f5hku l\u00e4bilaskev, veekindel, pikuti veniv elastne teip, mida kasutavad arstid, f\u00fcsioterapeudid, treenerid.","robots":{"index":"index","follow":"follow","max-snippet":"max-snippet:-1","max-image-preview":"max-image-preview:large","max-video-preview":"max-video-preview:-1"},"canonical":"https:\/\/kttape.ee\/lv\/kas-ir-kt-tape\/kt-tape-meditsiiniline-info\/","og_locale":"lv_LV","og_type":"article","og_title":"Meditsiiniline info","og_url":"https:\/\/kttape.ee\/lv\/kas-ir-kt-tape\/kt-tape-meditsiiniline-info\/","og_site_name":"KT Tape Baltics","article_publisher":"https:\/\/www.facebook.com\/kttapeeesti","article_modified_time":"2023-08-29T12:39:25+00:00","twitter_card":"summary_large_image","schema":{"@context":"https:\/\/schema.org","@graph":[{"@type":"WebPage","@id":"https:\/\/kttape.ee\/lv\/kas-ir-kt-tape\/kt-tape-meditsiiniline-info\/","url":"https:\/\/kttape.ee\/lv\/kas-ir-kt-tape\/kt-tape-meditsiiniline-info\/","name":"Meditsiiniline info | KT Tape Baltics Sporditeip ehk Kinesioloogiline Teip","isPartOf":{"@id":"https:\/\/kttape.ee\/lv\/#website"},"datePublished":"2017-05-24T08:35:07+00:00","dateModified":"2023-08-29T12:39:25+00:00","description":"Sporditeip on \u00f5hku l\u00e4bilaskev, veekindel, pikuti veniv elastne teip, mida kasutavad arstid, f\u00fcsioterapeudid, treenerid.","breadcrumb":{"@id":"https:\/\/kttape.ee\/lv\/kas-ir-kt-tape\/kt-tape-meditsiiniline-info\/#breadcrumb"},"inLanguage":"lv-LV","potentialAction":[{"@type":"ReadAction","target":["https:\/\/kttape.ee\/lv\/kas-ir-kt-tape\/kt-tape-meditsiiniline-info\/"]}]},{"@type":"BreadcrumbList","@id":"https:\/\/kttape.ee\/lv\/kas-ir-kt-tape\/kt-tape-meditsiiniline-info\/#breadcrumb","itemListElement":[{"@type":"ListItem","position":1,"name":"Home","item":"https:\/\/kttape.ee\/lv\/"},{"@type":"ListItem","position":2,"name":"Kas ir KT Tape?","item":"https:\/\/kttape.ee\/lv\/kas-ir-kt-tape\/"},{"@type":"ListItem","position":3,"name":"Meditsiiniline info"}]},{"@type":"WebSite","@id":"https:\/\/kttape.ee\/lv\/#website","url":"https:\/\/kttape.ee\/lv\/","name":"KT TAPE","description":"Vesel\u012bbas un sporta produkti","publisher":{"@id":"https:\/\/kttape.ee\/lv\/#organization"},"alternateName":"kinesioteip, kinesioloogiline teip, kt teip","potentialAction":[{"@type":"SearchAction","target":{"@type":"EntryPoint","urlTemplate":"https:\/\/kttape.ee\/lv\/?s={search_term_string}"},"query-input":{"@type":"PropertyValueSpecification","valueRequired":true,"valueName":"search_term_string"}}],"inLanguage":"lv-LV"},{"@type":"Organization","@id":"https:\/\/kttape.ee\/lv\/#organization","name":"Monger Baltic O\u00dc","alternateName":"KT TAPE","url":"https:\/\/kttape.ee\/lv\/","logo":{"@type":"ImageObject","inLanguage":"lv-LV","@id":"https:\/\/kttape.ee\/lv\/#\/schema\/logo\/image\/","url":"http:\/\/kttape.ee\/wp-content\/uploads\/2018\/11\/logo-monger-white-1.png","contentUrl":"http:\/\/kttape.ee\/wp-content\/uploads\/2018\/11\/logo-monger-white-1.png","width":826,"height":532,"caption":"Monger Baltic O\u00dc"},"image":{"@id":"https:\/\/kttape.ee\/lv\/#\/schema\/logo\/image\/"},"sameAs":["https:\/\/www.facebook.com\/kttapeeesti","https:\/\/www.instagram.com\/kttape.eesti\/"]}]}},"_links":{"self":[{"href":"https:\/\/kttape.ee\/lv\/wp-json\/wp\/v2\/pages\/2904","targetHints":{"allow":["GET"]}}],"collection":[{"href":"https:\/\/kttape.ee\/lv\/wp-json\/wp\/v2\/pages"}],"about":[{"href":"https:\/\/kttape.ee\/lv\/wp-json\/wp\/v2\/types\/page"}],"author":[{"embeddable":true,"href":"https:\/\/kttape.ee\/lv\/wp-json\/wp\/v2\/users\/1"}],"replies":[{"embeddable":true,"href":"https:\/\/kttape.ee\/lv\/wp-json\/wp\/v2\/comments?post=2904"}],"version-history":[{"count":0,"href":"https:\/\/kttape.ee\/lv\/wp-json\/wp\/v2\/pages\/2904\/revisions"}],"up":[{"embeddable":true,"href":"https:\/\/kttape.ee\/lv\/wp-json\/wp\/v2\/pages\/1499"}],"wp:attachment":[{"href":"https:\/\/kttape.ee\/lv\/wp-json\/wp\/v2\/media?parent=2904"}],"curies":[{"name":"wp","href":"https:\/\/api.w.org\/{rel}","templated":true}]}}