{"id":1336,"date":"2017-06-12T11:52:52","date_gmt":"2017-06-12T08:52:52","guid":{"rendered":"https:\/\/project.dreamo.ee\/monger\/kttape\/product\/kt-tape-150x25cm\/"},"modified":"2019-07-07T13:11:45","modified_gmt":"2019-07-07T10:11:45","slug":"kt-tape-jumbo-kokvilnas-150-stremeles","status":"publish","type":"product","link":"https:\/\/kttape.ee\/lv\/product\/kt-tape-jumbo-kokvilnas-150-stremeles\/","title":{"rendered":"KT TAPE JUMBO KOKVILNAS 150 STR\u0112MELES"},"content":{"rendered":"<p>IEPRIEK\u0160 SAGRIEZTS KOKVILNAS KINEZIOLO\u0122ISKAIS TEIPS, KATRA STR\u0112MELE 25 CM GARA, KOP\u0112JAIS TEIPA GARUMS 37,8 M<\/p>\n<p>KT TAPE elast\u012bgs un gaisu caurlaid\u012bgs kineziolo\u0123iskais teips no augstas kvalit\u0101tes kokvilnas ar pretaler\u0123isku un \u016bdens iztur\u012bgu l\u012bmi. Teips ir piem\u0113rots, lai stabiliz\u0113tu musku\u013cus, loc\u012btavas un c\u012bpslas un uzlabotu to kust\u012bgumu. Tas samazina musku\u013cu s\u0101pes, kas radu\u0161\u0101s noguruma, sasprindzin\u0101juma un iekaisumu d\u0113\u013c, veicina \u0101tr\u0101ku atvese\u013co\u0161anos. Stimul\u0113 limf\u0101tisko sist\u0113mu un asinsriti. Pal\u012bdz kori\u0123\u0113t loc\u012btavu st\u0101vokli un stabilit\u0101ti. Lieto\u0161anas pam\u0101c\u012bba: uzl\u012bm\u0113t uz t\u012bras, attaukotas un sausas \u0101das. Lab\u0101kai pielip\u0161anai iesak\u0101m nosk\u016bt mati\u0146us. Teips tur\u0113sies piecas dienas, nezaud\u0113jot savu efektivit\u0101ti ne du\u0161\u0101, ne basein\u0101. Lai teipu no\u0146emtu, uzman\u012bgi to velciet, izdarot spiedienu uz \u0101du.<\/p>\n","protected":false},"excerpt":{"rendered":"<p>IEPRIEK\u0160 SAGRIEZTS KOKVILNAS KINEZIOLO\u0122ISKAIS TEIPS, KATRA STR\u0112MELE 25 CM GARA, KOP\u0112JAIS TEIPA GARUMS 37,8 M KT TAPE elast\u012bgs un gaisu&#8230;<\/p>\n","protected":false},"featured_media":2215,"template":"","meta":{"_acf_changed":false},"product_brand":[],"product_cat":[75,137],"product_tag":[],"class_list":{"0":"post-1336","1":"product","2":"type-product","3":"status-publish","4":"has-post-thumbnail","6":"product_cat-kokvilnas-kineziologiskais-teips","7":"product_cat-sagriezts-lielais-iepakojums","9":"first","10":"instock","11":"taxable","12":"shipping-taxable","13":"purchasable","14":"product-type-variable"},"acf":[],"yoast_head":"<!-- This site is optimized with the Yoast SEO Premium plugin v23.4 (Yoast SEO v27.4) - https:\/\/yoast.com\/product\/yoast-seo-premium-wordpress\/ -->\n<title>KT TAPE JUMBO KOKVILNAS 150 STR\u0112MELES - KT Tape Baltics<\/title>\n<meta name=\"robots\" content=\"index, follow, max-snippet:-1, max-image-preview:large, max-video-preview:-1\" \/>\n<link rel=\"canonical\" href=\"https:\/\/kttape.ee\/lv\/product\/kt-tape-jumbo-kokvilnas-150-stremeles\/\" \/>\n<meta property=\"og:locale\" content=\"lv_LV\" \/>\n<meta property=\"og:type\" content=\"article\" \/>\n<meta property=\"og:title\" content=\"KT TAPE JUMBO KOKVILNAS 150 STR\u0112MELES\" \/>\n<meta property=\"og:description\" content=\"IEPRIEK\u0160 SAGRIEZTS KOKVILNAS KINEZIOLO\u0122ISKAIS TEIPS, KATRA STR\u0112MELE 25 CM GARA, KOP\u0112JAIS TEIPA GARUMS 37,8 M KT TAPE elast\u012bgs un gaisu caurlaid\u012bgs\" \/>\n<meta property=\"og:url\" content=\"https:\/\/kttape.ee\/lv\/product\/kt-tape-jumbo-kokvilnas-150-stremeles\/\" \/>\n<meta property=\"og:site_name\" content=\"KT Tape Baltics\" \/>\n<meta property=\"article:publisher\" content=\"https:\/\/www.facebook.com\/kttapeeesti\" \/>\n<meta property=\"article:modified_time\" content=\"2019-07-07T10:11:45+00:00\" \/>\n<meta property=\"og:image\" content=\"https:\/\/kttape.ee\/wp-content\/uploads\/2017\/06\/KT_Cotton_Jumbo_Black.jpg\" \/>\n\t<meta property=\"og:image:width\" content=\"1022\" \/>\n\t<meta property=\"og:image:height\" content=\"1024\" \/>\n\t<meta property=\"og:image:type\" content=\"image\/jpeg\" \/>\n<meta name=\"twitter:card\" content=\"summary_large_image\" \/>\n<meta name=\"twitter:label1\" content=\"Availability\" \/>\n\t<meta name=\"twitter:data1\" content=\"In stock\" \/>\n<script type=\"application\/ld+json\" class=\"yoast-schema-graph\">{\"@context\":\"https:\\\/\\\/schema.org\",\"@graph\":[{\"@type\":\"WebPage\",\"@id\":\"https:\\\/\\\/kttape.ee\\\/lv\\\/product\\\/kt-tape-jumbo-kokvilnas-150-stremeles\\\/\",\"url\":\"https:\\\/\\\/kttape.ee\\\/lv\\\/product\\\/kt-tape-jumbo-kokvilnas-150-stremeles\\\/\",\"name\":\"KT TAPE JUMBO KOKVILNAS 150 STR\u0112MELES - KT Tape Baltics\",\"isPartOf\":{\"@id\":\"https:\\\/\\\/kttape.ee\\\/lv\\\/#website\"},\"primaryImageOfPage\":{\"@id\":\"https:\\\/\\\/kttape.ee\\\/lv\\\/product\\\/kt-tape-jumbo-kokvilnas-150-stremeles\\\/#primaryimage\"},\"image\":{\"@id\":\"https:\\\/\\\/kttape.ee\\\/lv\\\/product\\\/kt-tape-jumbo-kokvilnas-150-stremeles\\\/#primaryimage\"},\"thumbnailUrl\":\"https:\\\/\\\/kttape.ee\\\/wp-content\\\/uploads\\\/2017\\\/06\\\/KT_Cotton_Jumbo_Black-jpg.webp\",\"datePublished\":\"2017-06-12T08:52:52+00:00\",\"dateModified\":\"2019-07-07T10:11:45+00:00\",\"breadcrumb\":{\"@id\":\"https:\\\/\\\/kttape.ee\\\/lv\\\/product\\\/kt-tape-jumbo-kokvilnas-150-stremeles\\\/#breadcrumb\"},\"inLanguage\":\"lv-LV\",\"potentialAction\":[{\"@type\":\"ReadAction\",\"target\":[\"https:\\\/\\\/kttape.ee\\\/lv\\\/product\\\/kt-tape-jumbo-kokvilnas-150-stremeles\\\/\"]}]},{\"@type\":\"ImageObject\",\"inLanguage\":\"lv-LV\",\"@id\":\"https:\\\/\\\/kttape.ee\\\/lv\\\/product\\\/kt-tape-jumbo-kokvilnas-150-stremeles\\\/#primaryimage\",\"url\":\"https:\\\/\\\/kttape.ee\\\/wp-content\\\/uploads\\\/2017\\\/06\\\/KT_Cotton_Jumbo_Black-jpg.webp\",\"contentUrl\":\"https:\\\/\\\/kttape.ee\\\/wp-content\\\/uploads\\\/2017\\\/06\\\/KT_Cotton_Jumbo_Black-jpg.webp\",\"width\":1022,\"height\":1024},{\"@type\":\"BreadcrumbList\",\"@id\":\"https:\\\/\\\/kttape.ee\\\/lv\\\/product\\\/kt-tape-jumbo-kokvilnas-150-stremeles\\\/#breadcrumb\",\"itemListElement\":[{\"@type\":\"ListItem\",\"position\":1,\"name\":\"Home\",\"item\":\"https:\\\/\\\/kttape.ee\\\/lv\\\/\"},{\"@type\":\"ListItem\",\"position\":2,\"name\":\"Produkti\",\"item\":\"https:\\\/\\\/kttape.ee\\\/lv\\\/katalogs\\\/\"},{\"@type\":\"ListItem\",\"position\":3,\"name\":\"KT TAPE JUMBO KOKVILNAS 150 STR\u0112MELES\"}]},{\"@type\":\"WebSite\",\"@id\":\"https:\\\/\\\/kttape.ee\\\/lv\\\/#website\",\"url\":\"https:\\\/\\\/kttape.ee\\\/lv\\\/\",\"name\":\"KT TAPE\",\"description\":\"Vesel\u012bbas un sporta produkti\",\"publisher\":{\"@id\":\"https:\\\/\\\/kttape.ee\\\/lv\\\/#organization\"},\"alternateName\":\"kinesioteip, kinesioloogiline teip, kt teip\",\"potentialAction\":[{\"@type\":\"SearchAction\",\"target\":{\"@type\":\"EntryPoint\",\"urlTemplate\":\"https:\\\/\\\/kttape.ee\\\/lv\\\/?s={search_term_string}\"},\"query-input\":{\"@type\":\"PropertyValueSpecification\",\"valueRequired\":true,\"valueName\":\"search_term_string\"}}],\"inLanguage\":\"lv-LV\"},{\"@type\":\"Organization\",\"@id\":\"https:\\\/\\\/kttape.ee\\\/lv\\\/#organization\",\"name\":\"Monger Baltic O\u00dc\",\"alternateName\":\"KT TAPE\",\"url\":\"https:\\\/\\\/kttape.ee\\\/lv\\\/\",\"logo\":{\"@type\":\"ImageObject\",\"inLanguage\":\"lv-LV\",\"@id\":\"https:\\\/\\\/kttape.ee\\\/lv\\\/#\\\/schema\\\/logo\\\/image\\\/\",\"url\":\"http:\\\/\\\/kttape.ee\\\/wp-content\\\/uploads\\\/2018\\\/11\\\/logo-monger-white-1.png\",\"contentUrl\":\"http:\\\/\\\/kttape.ee\\\/wp-content\\\/uploads\\\/2018\\\/11\\\/logo-monger-white-1.png\",\"width\":826,\"height\":532,\"caption\":\"Monger Baltic O\u00dc\"},\"image\":{\"@id\":\"https:\\\/\\\/kttape.ee\\\/lv\\\/#\\\/schema\\\/logo\\\/image\\\/\"},\"sameAs\":[\"https:\\\/\\\/www.facebook.com\\\/kttapeeesti\",\"https:\\\/\\\/www.instagram.com\\\/kttape.eesti\\\/\"]}]}<\/script>\n<meta property=\"og:availability\" content=\"instock\" \/>\n<meta property=\"product:availability\" content=\"instock\" \/>\n<meta property=\"product:condition\" content=\"new\" \/>\n<!-- \/ Yoast SEO Premium plugin. -->","yoast_head_json":{"title":"KT TAPE JUMBO KOKVILNAS 150 STR\u0112MELES - KT Tape Baltics","robots":{"index":"index","follow":"follow","max-snippet":"max-snippet:-1","max-image-preview":"max-image-preview:large","max-video-preview":"max-video-preview:-1"},"canonical":"https:\/\/kttape.ee\/lv\/product\/kt-tape-jumbo-kokvilnas-150-stremeles\/","og_locale":"lv_LV","og_type":"article","og_title":"KT TAPE JUMBO KOKVILNAS 150 STR\u0112MELES","og_description":"IEPRIEK\u0160 SAGRIEZTS KOKVILNAS KINEZIOLO\u0122ISKAIS TEIPS, KATRA STR\u0112MELE 25 CM GARA, KOP\u0112JAIS TEIPA GARUMS 37,8 M KT TAPE elast\u012bgs un gaisu caurlaid\u012bgs","og_url":"https:\/\/kttape.ee\/lv\/product\/kt-tape-jumbo-kokvilnas-150-stremeles\/","og_site_name":"KT Tape Baltics","article_publisher":"https:\/\/www.facebook.com\/kttapeeesti","article_modified_time":"2019-07-07T10:11:45+00:00","og_image":[{"width":1022,"height":1024,"url":"https:\/\/kttape.ee\/wp-content\/uploads\/2017\/06\/KT_Cotton_Jumbo_Black.jpg","type":"image\/jpeg"}],"twitter_card":"summary_large_image","twitter_misc":{"Availability":"In stock"},"schema":{"@context":"https:\/\/schema.org","@graph":[{"@type":"WebPage","@id":"https:\/\/kttape.ee\/lv\/product\/kt-tape-jumbo-kokvilnas-150-stremeles\/","url":"https:\/\/kttape.ee\/lv\/product\/kt-tape-jumbo-kokvilnas-150-stremeles\/","name":"KT TAPE JUMBO KOKVILNAS 150 STR\u0112MELES - KT Tape Baltics","isPartOf":{"@id":"https:\/\/kttape.ee\/lv\/#website"},"primaryImageOfPage":{"@id":"https:\/\/kttape.ee\/lv\/product\/kt-tape-jumbo-kokvilnas-150-stremeles\/#primaryimage"},"image":{"@id":"https:\/\/kttape.ee\/lv\/product\/kt-tape-jumbo-kokvilnas-150-stremeles\/#primaryimage"},"thumbnailUrl":"https:\/\/kttape.ee\/wp-content\/uploads\/2017\/06\/KT_Cotton_Jumbo_Black-jpg.webp","datePublished":"2017-06-12T08:52:52+00:00","dateModified":"2019-07-07T10:11:45+00:00","breadcrumb":{"@id":"https:\/\/kttape.ee\/lv\/product\/kt-tape-jumbo-kokvilnas-150-stremeles\/#breadcrumb"},"inLanguage":"lv-LV","potentialAction":[{"@type":"ReadAction","target":["https:\/\/kttape.ee\/lv\/product\/kt-tape-jumbo-kokvilnas-150-stremeles\/"]}]},{"@type":"ImageObject","inLanguage":"lv-LV","@id":"https:\/\/kttape.ee\/lv\/product\/kt-tape-jumbo-kokvilnas-150-stremeles\/#primaryimage","url":"https:\/\/kttape.ee\/wp-content\/uploads\/2017\/06\/KT_Cotton_Jumbo_Black-jpg.webp","contentUrl":"https:\/\/kttape.ee\/wp-content\/uploads\/2017\/06\/KT_Cotton_Jumbo_Black-jpg.webp","width":1022,"height":1024},{"@type":"BreadcrumbList","@id":"https:\/\/kttape.ee\/lv\/product\/kt-tape-jumbo-kokvilnas-150-stremeles\/#breadcrumb","itemListElement":[{"@type":"ListItem","position":1,"name":"Home","item":"https:\/\/kttape.ee\/lv\/"},{"@type":"ListItem","position":2,"name":"Produkti","item":"https:\/\/kttape.ee\/lv\/katalogs\/"},{"@type":"ListItem","position":3,"name":"KT TAPE JUMBO KOKVILNAS 150 STR\u0112MELES"}]},{"@type":"WebSite","@id":"https:\/\/kttape.ee\/lv\/#website","url":"https:\/\/kttape.ee\/lv\/","name":"KT TAPE","description":"Vesel\u012bbas un sporta produkti","publisher":{"@id":"https:\/\/kttape.ee\/lv\/#organization"},"alternateName":"kinesioteip, kinesioloogiline teip, kt teip","potentialAction":[{"@type":"SearchAction","target":{"@type":"EntryPoint","urlTemplate":"https:\/\/kttape.ee\/lv\/?s={search_term_string}"},"query-input":{"@type":"PropertyValueSpecification","valueRequired":true,"valueName":"search_term_string"}}],"inLanguage":"lv-LV"},{"@type":"Organization","@id":"https:\/\/kttape.ee\/lv\/#organization","name":"Monger Baltic O\u00dc","alternateName":"KT TAPE","url":"https:\/\/kttape.ee\/lv\/","logo":{"@type":"ImageObject","inLanguage":"lv-LV","@id":"https:\/\/kttape.ee\/lv\/#\/schema\/logo\/image\/","url":"http:\/\/kttape.ee\/wp-content\/uploads\/2018\/11\/logo-monger-white-1.png","contentUrl":"http:\/\/kttape.ee\/wp-content\/uploads\/2018\/11\/logo-monger-white-1.png","width":826,"height":532,"caption":"Monger Baltic O\u00dc"},"image":{"@id":"https:\/\/kttape.ee\/lv\/#\/schema\/logo\/image\/"},"sameAs":["https:\/\/www.facebook.com\/kttapeeesti","https:\/\/www.instagram.com\/kttape.eesti\/"]}]},"og_availability":"instock","product_availability":"instock","product_condition":"new"},"_links":{"self":[{"href":"https:\/\/kttape.ee\/lv\/wp-json\/wp\/v2\/product\/1336","targetHints":{"allow":["GET"]}}],"collection":[{"href":"https:\/\/kttape.ee\/lv\/wp-json\/wp\/v2\/product"}],"about":[{"href":"https:\/\/kttape.ee\/lv\/wp-json\/wp\/v2\/types\/product"}],"wp:featuredmedia":[{"embeddable":true,"href":"https:\/\/kttape.ee\/lv\/wp-json\/wp\/v2\/media\/2215"}],"wp:attachment":[{"href":"https:\/\/kttape.ee\/lv\/wp-json\/wp\/v2\/media?parent=1336"}],"wp:term":[{"taxonomy":"product_brand","embeddable":true,"href":"https:\/\/kttape.ee\/lv\/wp-json\/wp\/v2\/product_brand?post=1336"},{"taxonomy":"product_cat","embeddable":true,"href":"https:\/\/kttape.ee\/lv\/wp-json\/wp\/v2\/product_cat?post=1336"},{"taxonomy":"product_tag","embeddable":true,"href":"https:\/\/kttape.ee\/lv\/wp-json\/wp\/v2\/product_tag?post=1336"}],"curies":[{"name":"wp","href":"https:\/\/api.w.org\/{rel}","templated":true}]}}