{"id":2477,"date":"2017-06-28T13:12:30","date_gmt":"2017-06-28T10:12:30","guid":{"rendered":"https:\/\/project.dreamo.ee\/monger\/kttape\/tooted\/pro-x\/"},"modified":"2019-07-10T14:42:28","modified_gmt":"2019-07-10T11:42:28","slug":"pro-x","status":"publish","type":"product","link":"https:\/\/kttape.ee\/lv\/product\/pro-x\/","title":{"rendered":"PRO X elast\u012bgie pl\u0101ksteri"},"content":{"rendered":"<h3><strong>GALVEN\u0100S IEZ\u012aMES<\/strong><\/h3>\n<p>KT TAPE\u00ae PRO \u2122 X \u2122 ir elast\u012bgais kineziolo\u0123iskais pl\u0101ksteris, kas \u012bpa\u0161i izstr\u0101d\u0101ts, lai m\u0113r\u0137tiec\u012bgi atvieglotu musku\u013cu s\u0101pes*, p\u0101rm\u0113r\u012bgu savainojumu un ar c\u012bpsl\u0101m saist\u012btas s\u0101pes un ievainojumus. KT TAPE\u00ae PRO \u2122 X elast\u012bgie pl\u0101ksteri tika izstr\u0101d\u0101ti akt\u012bvam pat\u0113r\u0113t\u0101jam, kur\u0161 nov\u0113rt\u0113 vesel\u012bgu dz\u012bvesveidu un nev\u0113las tikt bremz\u0113ts s\u0101pju vai sare\u017e\u0123\u012btu teipo\u0161anas l\u012bm\u0113jumu d\u0113\u013c. KT TAPE\u00ae PRO \u2122 X paliks viet\u0101 vair\u0101ku gr\u016btu treni\u0146u laik\u0101 vienu l\u012bdz tr\u012bs dienas.<\/p>\n<p>Katr\u0101 kast\u012bt\u0113 ir 15 iepriek\u0161 sagriezti \u201eX\u201d veida elast\u012bgie pl\u0101ksteri. Viena cietas plastmasas kast\u012bte pal\u012bdz\u0113s saglab\u0101t pl\u0101ksterus lab\u0101 form\u0101 j\u016bsu sporta som\u0101 vai maisi\u0146\u0101. T\u0101pat iepakojum\u0101 ir iek\u013cauta vienk\u0101r\u0161a s\u0101kuma rokasgr\u0101mata ar soli-pa-solim instrukcij\u0101m visbie\u017e\u0101k sastopamaj\u0101m traum\u0101m.<\/p>\n<h3><strong>STIPR\u0100KA PIELIP\u0160ANA<\/strong><\/h3>\n<p>KT TAPE\u00ae PRO \u2122 X \u2122 ir izstr\u0101d\u0101ts, lai darbotos vissmag\u0101kajos apst\u0101k\u013cos, turas l\u012bdz 3-5 dien\u0101m, da\u017e\u0101du skr\u0113jienu laik\u0101, ikdienas du\u0161\u0101, mitrum\u0101, aukstum\u0101 vai basein\u0101. Tam ir patent\u0113ts p\u0101rkl\u0101jums, kas darbosies tik ilgi, kam\u0113r j\u016bs darbosieties, un iesp\u0113jams ilg\u0101k.<\/p>\n<h3><strong>SINT\u0112TISK\u0100S MIKRO\u0160\u0136IEDRAS<\/strong><\/h3>\n<p>KT TAPE\u00ae PRO \u2122 X \u2122 var tikt \u0113rti n\u0113s\u0101ti du\u0161\u0101, basein\u0101 vai s\u0113rfojot. J\u016bs, triatl\u0113ti, peld\u0113t\u0101ji, s\u0113rfot\u0101ji un air\u0113t\u0101ji, to noteikti nov\u0113rt\u0113siet! Sint\u0113tisk\u0101s mikro\u0161\u0137iedras ir \u0101tri \u017e\u016bsto\u0161as un nodro\u0161ina augst\u0101k\u0101s svara un iztur\u012bbas attiec\u012bbas. \u0160\u012bs \u0161\u0137iedras ar\u012b dabisk\u0101 ce\u013c\u0101 atgr\u016b\u017e mikrobus, kas nodro\u0161ina \u0113rtu un ilgsto\u0161u valk\u0101\u0161anu.<\/p>\n<h3><strong>IEPRIEK\u0160 SAGRIEZTI \u201eX\u201d VEIDA PL\u0100KSTERI<\/strong><\/h3>\n<p>KT TAPE\u00ae PRO \u2122 X \u2122 elast\u012bgie \u00a0pl\u0101ksteri ir gatavi uzlik\u0161anai t\u016bl\u012bt no iz\u0146em\u0161anas no kast\u012btes. PRO X pl\u0101ksteriem ir noapa\u013coti st\u016bri, kas pal\u012bdz nov\u0113rst to, ka st\u016bri aiz\u0137eras aiz liet\u0101m vai nober\u017eas malas. Katr\u0101 kast\u012bt\u0113 ir 15 iepriek\u0161 sagriezti pl\u0101ksteri.<\/p>\n<h3><strong>AIZSARG\u0100JO\u0160A CE\u013bOJUMA KAST\u012aTE<\/strong><\/h3>\n<p>KT TAPE\u00ae PRO \u2122 X \u2122 ir iepakoti kast\u012bt\u0113. T\u0101 ir lieliski piem\u0113rota sporta somai un simtiem citu noder\u012bgu lietu. Izmantojiet to visam, s\u0101kot no treni\u0146u piederumiem l\u012bdz veiksmes atsl\u0113g\u0101m.<\/p>\n<h3><strong>BEZ LATEKSA JUT\u012aGAI \u0100DAI<\/strong><\/h3>\n<p>KT TAPE\u00ae PRO \u2122 X \u2122 izmanto uz akrila balst\u012btu, medic\u012bniski kvalitat\u012bvu l\u012bmi, kas ir maiga \u0101dai.<\/p>\n<p>&nbsp;<\/p>\n<p>* Nav kl\u012bniski pier\u0101d\u012bts visiem ievainojumiem<\/p>\n","protected":false},"excerpt":{"rendered":"<p>GALVEN\u0100S IEZ\u012aMES KT TAPE\u00ae PRO \u2122 X \u2122 ir elast\u012bgais kineziolo\u0123iskais pl\u0101ksteris, kas \u012bpa\u0161i izstr\u0101d\u0101ts, lai m\u0113r\u0137tiec\u012bgi atvieglotu musku\u013cu s\u0101pes*,&#8230;<\/p>\n","protected":false},"featured_media":2451,"template":"","meta":{"_acf_changed":false},"product_brand":[],"product_cat":[152],"product_tag":[],"class_list":{"0":"post-2477","1":"product","2":"type-product","3":"status-publish","4":"has-post-thumbnail","6":"product_cat-kt-tape-pro-sintetiskais-kineziologiskais-teips","8":"first","9":"instock","10":"taxable","11":"shipping-taxable","12":"purchasable","13":"product-type-simple"},"acf":[],"yoast_head":"<!-- This site is optimized with the Yoast SEO Premium plugin v27.2 (Yoast SEO v27.4) - https:\/\/yoast.com\/product\/yoast-seo-premium-wordpress\/ -->\n<title>PRO X elast\u012bgie pl\u0101ksteri - KT Tape Baltics<\/title>\n<meta name=\"robots\" content=\"index, follow, max-snippet:-1, max-image-preview:large, max-video-preview:-1\" \/>\n<link rel=\"canonical\" href=\"https:\/\/kttape.ee\/lv\/product\/pro-x\/\" \/>\n<meta property=\"og:locale\" content=\"lv_LV\" \/>\n<meta property=\"og:type\" content=\"article\" \/>\n<meta property=\"og:title\" content=\"PRO X elast\u012bgie pl\u0101ksteri\" \/>\n<meta property=\"og:description\" content=\"GALVEN\u0100S IEZ\u012aMES KT TAPE\u00ae PRO \u2122 X \u2122 ir elast\u012bgais kineziolo\u0123iskais pl\u0101ksteris, kas \u012bpa\u0161i izstr\u0101d\u0101ts, lai m\u0113r\u0137tiec\u012bgi atvieglotu musku\u013cu s\u0101pes*, p\u0101rm\u0113r\u012bgu\" \/>\n<meta property=\"og:url\" content=\"https:\/\/kttape.ee\/lv\/product\/pro-x\/\" \/>\n<meta property=\"og:site_name\" content=\"KT Tape Baltics\" \/>\n<meta property=\"article:publisher\" content=\"https:\/\/www.facebook.com\/kttapeeesti\" \/>\n<meta property=\"article:modified_time\" content=\"2019-07-10T11:42:28+00:00\" \/>\n<meta property=\"og:image\" content=\"https:\/\/kttape.ee\/wp-content\/uploads\/2017\/06\/851144005785.jpg\" \/>\n\t<meta property=\"og:image:width\" content=\"1024\" \/>\n\t<meta property=\"og:image:height\" content=\"1024\" \/>\n\t<meta property=\"og:image:type\" content=\"image\/jpeg\" \/>\n<meta name=\"twitter:card\" content=\"summary_large_image\" \/>\n<meta name=\"twitter:label1\" content=\"Price\" \/>\n\t<meta name=\"twitter:data1\" content=\"21,00&nbsp;&euro;\" \/>\n\t<meta name=\"twitter:label2\" content=\"Availability\" \/>\n\t<meta name=\"twitter:data2\" content=\"In stock\" \/>\n<script type=\"application\/ld+json\" class=\"yoast-schema-graph\">{\"@context\":\"https:\\\/\\\/schema.org\",\"@graph\":[{\"@type\":\"WebPage\",\"@id\":\"https:\\\/\\\/kttape.ee\\\/lv\\\/product\\\/pro-x\\\/\",\"url\":\"https:\\\/\\\/kttape.ee\\\/lv\\\/product\\\/pro-x\\\/\",\"name\":\"PRO X elast\u012bgie pl\u0101ksteri - KT Tape Baltics\",\"isPartOf\":{\"@id\":\"https:\\\/\\\/kttape.ee\\\/lv\\\/#website\"},\"primaryImageOfPage\":{\"@id\":\"https:\\\/\\\/kttape.ee\\\/lv\\\/product\\\/pro-x\\\/#primaryimage\"},\"image\":{\"@id\":\"https:\\\/\\\/kttape.ee\\\/lv\\\/product\\\/pro-x\\\/#primaryimage\"},\"thumbnailUrl\":\"https:\\\/\\\/kttape.ee\\\/wp-content\\\/uploads\\\/2017\\\/06\\\/851144005785-jpg.webp\",\"datePublished\":\"2017-06-28T10:12:30+00:00\",\"dateModified\":\"2019-07-10T11:42:28+00:00\",\"breadcrumb\":{\"@id\":\"https:\\\/\\\/kttape.ee\\\/lv\\\/product\\\/pro-x\\\/#breadcrumb\"},\"inLanguage\":\"lv-LV\",\"potentialAction\":[{\"@type\":\"ReadAction\",\"target\":[\"https:\\\/\\\/kttape.ee\\\/lv\\\/product\\\/pro-x\\\/\"]}]},{\"@type\":\"ImageObject\",\"inLanguage\":\"lv-LV\",\"@id\":\"https:\\\/\\\/kttape.ee\\\/lv\\\/product\\\/pro-x\\\/#primaryimage\",\"url\":\"https:\\\/\\\/kttape.ee\\\/wp-content\\\/uploads\\\/2017\\\/06\\\/851144005785-jpg.webp\",\"contentUrl\":\"https:\\\/\\\/kttape.ee\\\/wp-content\\\/uploads\\\/2017\\\/06\\\/851144005785-jpg.webp\",\"width\":1024,\"height\":1024,\"caption\":\"KT TAPE PRO X\"},{\"@type\":\"BreadcrumbList\",\"@id\":\"https:\\\/\\\/kttape.ee\\\/lv\\\/product\\\/pro-x\\\/#breadcrumb\",\"itemListElement\":[{\"@type\":\"ListItem\",\"position\":1,\"name\":\"Home\",\"item\":\"https:\\\/\\\/kttape.ee\\\/lv\\\/\"},{\"@type\":\"ListItem\",\"position\":2,\"name\":\"Produkti\",\"item\":\"https:\\\/\\\/kttape.ee\\\/lv\\\/katalogs\\\/\"},{\"@type\":\"ListItem\",\"position\":3,\"name\":\"PRO X elast\u012bgie pl\u0101ksteri\"}]},{\"@type\":\"WebSite\",\"@id\":\"https:\\\/\\\/kttape.ee\\\/lv\\\/#website\",\"url\":\"https:\\\/\\\/kttape.ee\\\/lv\\\/\",\"name\":\"KT TAPE\",\"description\":\"Vesel\u012bbas un sporta produkti\",\"publisher\":{\"@id\":\"https:\\\/\\\/kttape.ee\\\/lv\\\/#organization\"},\"alternateName\":\"kinesioteip, kinesioloogiline teip, kt teip\",\"potentialAction\":[{\"@type\":\"SearchAction\",\"target\":{\"@type\":\"EntryPoint\",\"urlTemplate\":\"https:\\\/\\\/kttape.ee\\\/lv\\\/?s={search_term_string}\"},\"query-input\":{\"@type\":\"PropertyValueSpecification\",\"valueRequired\":true,\"valueName\":\"search_term_string\"}}],\"inLanguage\":\"lv-LV\"},{\"@type\":\"Organization\",\"@id\":\"https:\\\/\\\/kttape.ee\\\/lv\\\/#organization\",\"name\":\"Monger Baltic O\u00dc\",\"alternateName\":\"KT TAPE\",\"url\":\"https:\\\/\\\/kttape.ee\\\/lv\\\/\",\"logo\":{\"@type\":\"ImageObject\",\"inLanguage\":\"lv-LV\",\"@id\":\"https:\\\/\\\/kttape.ee\\\/lv\\\/#\\\/schema\\\/logo\\\/image\\\/\",\"url\":\"http:\\\/\\\/kttape.ee\\\/wp-content\\\/uploads\\\/2018\\\/11\\\/logo-monger-white-1.png\",\"contentUrl\":\"http:\\\/\\\/kttape.ee\\\/wp-content\\\/uploads\\\/2018\\\/11\\\/logo-monger-white-1.png\",\"width\":826,\"height\":532,\"caption\":\"Monger Baltic O\u00dc\"},\"image\":{\"@id\":\"https:\\\/\\\/kttape.ee\\\/lv\\\/#\\\/schema\\\/logo\\\/image\\\/\"},\"sameAs\":[\"https:\\\/\\\/www.facebook.com\\\/kttapeeesti\",\"https:\\\/\\\/www.instagram.com\\\/kttape.eesti\\\/\"]}]}<\/script>\n<meta property=\"product:price:amount\" content=\"21.00\" \/>\n<meta property=\"product:price:currency\" content=\"EUR\" \/>\n<meta property=\"og:availability\" content=\"instock\" \/>\n<meta property=\"product:availability\" content=\"instock\" \/>\n<meta property=\"product:condition\" content=\"new\" \/>\n<!-- \/ Yoast SEO Premium plugin. -->","yoast_head_json":{"title":"PRO X elast\u012bgie pl\u0101ksteri - KT Tape Baltics","robots":{"index":"index","follow":"follow","max-snippet":"max-snippet:-1","max-image-preview":"max-image-preview:large","max-video-preview":"max-video-preview:-1"},"canonical":"https:\/\/kttape.ee\/lv\/product\/pro-x\/","og_locale":"lv_LV","og_type":"article","og_title":"PRO X elast\u012bgie pl\u0101ksteri","og_description":"GALVEN\u0100S IEZ\u012aMES KT TAPE\u00ae PRO \u2122 X \u2122 ir elast\u012bgais kineziolo\u0123iskais pl\u0101ksteris, kas \u012bpa\u0161i izstr\u0101d\u0101ts, lai m\u0113r\u0137tiec\u012bgi atvieglotu musku\u013cu s\u0101pes*, p\u0101rm\u0113r\u012bgu","og_url":"https:\/\/kttape.ee\/lv\/product\/pro-x\/","og_site_name":"KT Tape Baltics","article_publisher":"https:\/\/www.facebook.com\/kttapeeesti","article_modified_time":"2019-07-10T11:42:28+00:00","og_image":[{"width":1024,"height":1024,"url":"https:\/\/kttape.ee\/wp-content\/uploads\/2017\/06\/851144005785.jpg","type":"image\/jpeg"}],"twitter_card":"summary_large_image","twitter_misc":{"Price":"21,00&nbsp;&euro;","Availability":"In stock"},"schema":{"@context":"https:\/\/schema.org","@graph":[{"@type":"WebPage","@id":"https:\/\/kttape.ee\/lv\/product\/pro-x\/","url":"https:\/\/kttape.ee\/lv\/product\/pro-x\/","name":"PRO X elast\u012bgie pl\u0101ksteri - KT Tape Baltics","isPartOf":{"@id":"https:\/\/kttape.ee\/lv\/#website"},"primaryImageOfPage":{"@id":"https:\/\/kttape.ee\/lv\/product\/pro-x\/#primaryimage"},"image":{"@id":"https:\/\/kttape.ee\/lv\/product\/pro-x\/#primaryimage"},"thumbnailUrl":"https:\/\/kttape.ee\/wp-content\/uploads\/2017\/06\/851144005785-jpg.webp","datePublished":"2017-06-28T10:12:30+00:00","dateModified":"2019-07-10T11:42:28+00:00","breadcrumb":{"@id":"https:\/\/kttape.ee\/lv\/product\/pro-x\/#breadcrumb"},"inLanguage":"lv-LV","potentialAction":[{"@type":"ReadAction","target":["https:\/\/kttape.ee\/lv\/product\/pro-x\/"]}]},{"@type":"ImageObject","inLanguage":"lv-LV","@id":"https:\/\/kttape.ee\/lv\/product\/pro-x\/#primaryimage","url":"https:\/\/kttape.ee\/wp-content\/uploads\/2017\/06\/851144005785-jpg.webp","contentUrl":"https:\/\/kttape.ee\/wp-content\/uploads\/2017\/06\/851144005785-jpg.webp","width":1024,"height":1024,"caption":"KT TAPE PRO X"},{"@type":"BreadcrumbList","@id":"https:\/\/kttape.ee\/lv\/product\/pro-x\/#breadcrumb","itemListElement":[{"@type":"ListItem","position":1,"name":"Home","item":"https:\/\/kttape.ee\/lv\/"},{"@type":"ListItem","position":2,"name":"Produkti","item":"https:\/\/kttape.ee\/lv\/katalogs\/"},{"@type":"ListItem","position":3,"name":"PRO X elast\u012bgie pl\u0101ksteri"}]},{"@type":"WebSite","@id":"https:\/\/kttape.ee\/lv\/#website","url":"https:\/\/kttape.ee\/lv\/","name":"KT TAPE","description":"Vesel\u012bbas un sporta produkti","publisher":{"@id":"https:\/\/kttape.ee\/lv\/#organization"},"alternateName":"kinesioteip, kinesioloogiline teip, kt teip","potentialAction":[{"@type":"SearchAction","target":{"@type":"EntryPoint","urlTemplate":"https:\/\/kttape.ee\/lv\/?s={search_term_string}"},"query-input":{"@type":"PropertyValueSpecification","valueRequired":true,"valueName":"search_term_string"}}],"inLanguage":"lv-LV"},{"@type":"Organization","@id":"https:\/\/kttape.ee\/lv\/#organization","name":"Monger Baltic O\u00dc","alternateName":"KT TAPE","url":"https:\/\/kttape.ee\/lv\/","logo":{"@type":"ImageObject","inLanguage":"lv-LV","@id":"https:\/\/kttape.ee\/lv\/#\/schema\/logo\/image\/","url":"http:\/\/kttape.ee\/wp-content\/uploads\/2018\/11\/logo-monger-white-1.png","contentUrl":"http:\/\/kttape.ee\/wp-content\/uploads\/2018\/11\/logo-monger-white-1.png","width":826,"height":532,"caption":"Monger Baltic O\u00dc"},"image":{"@id":"https:\/\/kttape.ee\/lv\/#\/schema\/logo\/image\/"},"sameAs":["https:\/\/www.facebook.com\/kttapeeesti","https:\/\/www.instagram.com\/kttape.eesti\/"]}]},"product_price_amount":"21.00","product_price_currency":"EUR","og_availability":"instock","product_availability":"instock","product_condition":"new"},"_links":{"self":[{"href":"https:\/\/kttape.ee\/lv\/wp-json\/wp\/v2\/product\/2477","targetHints":{"allow":["GET"]}}],"collection":[{"href":"https:\/\/kttape.ee\/lv\/wp-json\/wp\/v2\/product"}],"about":[{"href":"https:\/\/kttape.ee\/lv\/wp-json\/wp\/v2\/types\/product"}],"wp:featuredmedia":[{"embeddable":true,"href":"https:\/\/kttape.ee\/lv\/wp-json\/wp\/v2\/media\/2451"}],"wp:attachment":[{"href":"https:\/\/kttape.ee\/lv\/wp-json\/wp\/v2\/media?parent=2477"}],"wp:term":[{"taxonomy":"product_brand","embeddable":true,"href":"https:\/\/kttape.ee\/lv\/wp-json\/wp\/v2\/product_brand?post=2477"},{"taxonomy":"product_cat","embeddable":true,"href":"https:\/\/kttape.ee\/lv\/wp-json\/wp\/v2\/product_cat?post=2477"},{"taxonomy":"product_tag","embeddable":true,"href":"https:\/\/kttape.ee\/lv\/wp-json\/wp\/v2\/product_tag?post=2477"}],"curies":[{"name":"wp","href":"https:\/\/api.w.org\/{rel}","templated":true}]}}