{"id":2569,"date":"2018-02-22T15:55:45","date_gmt":"2018-02-22T13:55:45","guid":{"rendered":"http:\/\/kttape.ee\/tooted\/villi-ennetamise-plaaster\/"},"modified":"2019-07-11T12:36:27","modified_gmt":"2019-07-11T09:36:27","slug":"villi-ennetamise-plaaster","status":"publish","type":"product","link":"https:\/\/kttape.ee\/lv\/product\/villi-ennetamise-plaaster\/","title":{"rendered":"KT PERFORMANCE+ Tulznu nov\u0113r\u0161anas teips"},"content":{"rendered":"<p><strong>KT PERFORMANCE+ <\/strong>Tulznu nov\u0113r\u0161anas teips no\u00a0KT Tape<strong><sup>\u00ae<\/sup><\/strong>\u00a0ir galvenais l\u012bdzeklis, kas pal\u012bdz pret tulzn\u0101m. \u0160\u012bs augst\u0101k\u0101s kvalit\u0101tes sint\u0113tisk\u0101s neaust\u0101s auduma sloksnes ir paredz\u0113tas, lai pal\u012bdz\u0113tu nov\u0113rst ar sportistiem rakstur\u012bgus nobr\u0101zumus, piem\u0113ram, tulznas, noberzumus un jut\u012bgos punktus atl\u0113tisko treni\u0146u un sacens\u012bbu laik\u0101. Tulznu nov\u0113r\u0161anas teipam ir sp\u0113c\u012bga l\u012bme, kas pal\u012bdz tam notur\u0113ties uz vietas un viegli piel\u0101goties \u0101dai, nodro\u0161inot piln\u012bgu mobilit\u0101ti, esot akt\u012bvam.<\/p>\n<p>GALVEN\u0100S IEZ\u012aMES UN IEGUVUMI<\/p>\n<ul>\n<li>Izmantojiet, lai pal\u012bdz\u0113tu nov\u0113rst tulznu un citu ar nobr\u0101zumiem saist\u012btu sporta traumu veido\u0161anos<\/li>\n<li>\u012apa\u0161i iztur\u012bgs sint\u0113tiskais audums, kas ir notur\u012bgs pret sapl\u0113\u0161anu<\/li>\n<li>Iepriek\u0161 sagrieztas apm. 9cm sloksnes \u0113rt\u0101kai lieto\u0161anai visbie\u017e\u0101k sastopamaj\u0101s apstr\u0101des zon\u0101s<\/li>\n<li>Noapa\u013cotas malas, lai nov\u0113rstu atir\u0161anu un uzlabotu pielip\u0161anu<\/li>\n<\/ul>\n","protected":false},"excerpt":{"rendered":"<p>KT PERFORMANCE+ Tulznu nov\u0113r\u0161anas teips no\u00a0KT Tape\u00ae\u00a0ir galvenais l\u012bdzeklis, kas pal\u012bdz pret tulzn\u0101m. \u0160\u012bs augst\u0101k\u0101s kvalit\u0101tes sint\u0113tisk\u0101s neaust\u0101s auduma sloksnes&#8230;<\/p>\n","protected":false},"featured_media":3695,"template":"","meta":{"_acf_changed":false},"product_brand":[],"product_cat":[148,252],"product_tag":[],"class_list":{"0":"post-2569","1":"product","2":"type-product","3":"status-publish","4":"has-post-thumbnail","6":"product_cat-citi-produkti","7":"product_cat-jauni-produkti","9":"first","10":"instock","11":"taxable","12":"shipping-taxable","13":"purchasable","14":"product-type-variable"},"acf":[],"yoast_head":"<!-- This site is optimized with the Yoast SEO Premium plugin v27.2 (Yoast SEO v27.4) - https:\/\/yoast.com\/product\/yoast-seo-premium-wordpress\/ -->\n<title>KT PERFORMANCE+ Tulznu nov\u0113r\u0161anas teips - KT Tape Baltics esindab<\/title>\n<meta name=\"description\" content=\"KT PERFOMANCE+ villi ennetamise plaaster on KT Tape\u00ae poolt valmistatud toode, mida kasutatakse villide, marrastuste jt v\u00e4ikeste haavade ennetamiseks\" \/>\n<meta name=\"robots\" content=\"index, follow, max-snippet:-1, max-image-preview:large, max-video-preview:-1\" \/>\n<link rel=\"canonical\" href=\"https:\/\/kttape.ee\/lv\/product\/villi-ennetamise-plaaster\/\" \/>\n<meta property=\"og:locale\" content=\"lv_LV\" \/>\n<meta property=\"og:type\" content=\"article\" \/>\n<meta property=\"og:title\" content=\"KT PERFORMANCE+ Tulznu nov\u0113r\u0161anas teips\" \/>\n<meta property=\"og:description\" content=\"KT PERFORMANCE+ Tulznu nov\u0113r\u0161anas teips no\u00a0KT Tape\u00ae\u00a0ir galvenais l\u012bdzeklis, kas pal\u012bdz pret tulzn\u0101m. \u0160\u012bs augst\u0101k\u0101s kvalit\u0101tes sint\u0113tisk\u0101s neaust\u0101s auduma\" \/>\n<meta property=\"og:url\" content=\"https:\/\/kttape.ee\/lv\/product\/villi-ennetamise-plaaster\/\" \/>\n<meta property=\"og:site_name\" content=\"KT Tape Baltics\" \/>\n<meta property=\"article:publisher\" content=\"https:\/\/www.facebook.com\/kttapeeesti\" \/>\n<meta property=\"article:modified_time\" content=\"2019-07-11T09:36:27+00:00\" \/>\n<meta property=\"og:image\" content=\"https:\/\/kttape.ee\/wp-content\/uploads\/2018\/11\/Beige-Blister-Prevention-Tape-3D-Rendering_30-count.jpg\" \/>\n\t<meta property=\"og:image:width\" content=\"1024\" \/>\n\t<meta property=\"og:image:height\" content=\"861\" \/>\n\t<meta property=\"og:image:type\" content=\"image\/jpeg\" \/>\n<meta name=\"twitter:card\" content=\"summary_large_image\" \/>\n<meta name=\"twitter:label1\" content=\"Availability\" \/>\n\t<meta name=\"twitter:data1\" content=\"In stock\" \/>\n<script type=\"application\/ld+json\" class=\"yoast-schema-graph\">{\"@context\":\"https:\\\/\\\/schema.org\",\"@graph\":[{\"@type\":\"WebPage\",\"@id\":\"https:\\\/\\\/kttape.ee\\\/lv\\\/product\\\/villi-ennetamise-plaaster\\\/\",\"url\":\"https:\\\/\\\/kttape.ee\\\/lv\\\/product\\\/villi-ennetamise-plaaster\\\/\",\"name\":\"KT PERFORMANCE+ Tulznu nov\u0113r\u0161anas teips - KT Tape Baltics esindab\",\"isPartOf\":{\"@id\":\"https:\\\/\\\/kttape.ee\\\/lv\\\/#website\"},\"primaryImageOfPage\":{\"@id\":\"https:\\\/\\\/kttape.ee\\\/lv\\\/product\\\/villi-ennetamise-plaaster\\\/#primaryimage\"},\"image\":{\"@id\":\"https:\\\/\\\/kttape.ee\\\/lv\\\/product\\\/villi-ennetamise-plaaster\\\/#primaryimage\"},\"thumbnailUrl\":\"https:\\\/\\\/kttape.ee\\\/wp-content\\\/uploads\\\/2018\\\/11\\\/Beige-Blister-Prevention-Tape-3D-Rendering_30-count-jpg.webp\",\"datePublished\":\"2018-02-22T13:55:45+00:00\",\"dateModified\":\"2019-07-11T09:36:27+00:00\",\"description\":\"KT PERFOMANCE+ villi ennetamise plaaster on KT Tape\u00ae poolt valmistatud toode, mida kasutatakse villide, marrastuste jt v\u00e4ikeste haavade ennetamiseks\",\"breadcrumb\":{\"@id\":\"https:\\\/\\\/kttape.ee\\\/lv\\\/product\\\/villi-ennetamise-plaaster\\\/#breadcrumb\"},\"inLanguage\":\"lv-LV\",\"potentialAction\":[{\"@type\":\"ReadAction\",\"target\":[\"https:\\\/\\\/kttape.ee\\\/lv\\\/product\\\/villi-ennetamise-plaaster\\\/\"]}]},{\"@type\":\"ImageObject\",\"inLanguage\":\"lv-LV\",\"@id\":\"https:\\\/\\\/kttape.ee\\\/lv\\\/product\\\/villi-ennetamise-plaaster\\\/#primaryimage\",\"url\":\"https:\\\/\\\/kttape.ee\\\/wp-content\\\/uploads\\\/2018\\\/11\\\/Beige-Blister-Prevention-Tape-3D-Rendering_30-count-jpg.webp\",\"contentUrl\":\"https:\\\/\\\/kttape.ee\\\/wp-content\\\/uploads\\\/2018\\\/11\\\/Beige-Blister-Prevention-Tape-3D-Rendering_30-count-jpg.webp\",\"width\":1024,\"height\":861,\"caption\":\"Pealkiri\"},{\"@type\":\"BreadcrumbList\",\"@id\":\"https:\\\/\\\/kttape.ee\\\/lv\\\/product\\\/villi-ennetamise-plaaster\\\/#breadcrumb\",\"itemListElement\":[{\"@type\":\"ListItem\",\"position\":1,\"name\":\"Home\",\"item\":\"https:\\\/\\\/kttape.ee\\\/lv\\\/\"},{\"@type\":\"ListItem\",\"position\":2,\"name\":\"Produkti\",\"item\":\"https:\\\/\\\/kttape.ee\\\/lv\\\/katalogs\\\/\"},{\"@type\":\"ListItem\",\"position\":3,\"name\":\"KT PERFORMANCE+ Tulznu nov\u0113r\u0161anas teips\"}]},{\"@type\":\"WebSite\",\"@id\":\"https:\\\/\\\/kttape.ee\\\/lv\\\/#website\",\"url\":\"https:\\\/\\\/kttape.ee\\\/lv\\\/\",\"name\":\"KT TAPE\",\"description\":\"Vesel\u012bbas un sporta produkti\",\"publisher\":{\"@id\":\"https:\\\/\\\/kttape.ee\\\/lv\\\/#organization\"},\"alternateName\":\"kinesioteip, kinesioloogiline teip, kt teip\",\"potentialAction\":[{\"@type\":\"SearchAction\",\"target\":{\"@type\":\"EntryPoint\",\"urlTemplate\":\"https:\\\/\\\/kttape.ee\\\/lv\\\/?s={search_term_string}\"},\"query-input\":{\"@type\":\"PropertyValueSpecification\",\"valueRequired\":true,\"valueName\":\"search_term_string\"}}],\"inLanguage\":\"lv-LV\"},{\"@type\":\"Organization\",\"@id\":\"https:\\\/\\\/kttape.ee\\\/lv\\\/#organization\",\"name\":\"Monger Baltic O\u00dc\",\"alternateName\":\"KT TAPE\",\"url\":\"https:\\\/\\\/kttape.ee\\\/lv\\\/\",\"logo\":{\"@type\":\"ImageObject\",\"inLanguage\":\"lv-LV\",\"@id\":\"https:\\\/\\\/kttape.ee\\\/lv\\\/#\\\/schema\\\/logo\\\/image\\\/\",\"url\":\"http:\\\/\\\/kttape.ee\\\/wp-content\\\/uploads\\\/2018\\\/11\\\/logo-monger-white-1.png\",\"contentUrl\":\"http:\\\/\\\/kttape.ee\\\/wp-content\\\/uploads\\\/2018\\\/11\\\/logo-monger-white-1.png\",\"width\":826,\"height\":532,\"caption\":\"Monger Baltic O\u00dc\"},\"image\":{\"@id\":\"https:\\\/\\\/kttape.ee\\\/lv\\\/#\\\/schema\\\/logo\\\/image\\\/\"},\"sameAs\":[\"https:\\\/\\\/www.facebook.com\\\/kttapeeesti\",\"https:\\\/\\\/www.instagram.com\\\/kttape.eesti\\\/\"]}]}<\/script>\n<meta property=\"og:availability\" content=\"instock\" \/>\n<meta property=\"product:availability\" content=\"instock\" \/>\n<meta property=\"product:condition\" content=\"new\" \/>\n<!-- \/ Yoast SEO Premium plugin. -->","yoast_head_json":{"title":"KT PERFORMANCE+ Tulznu nov\u0113r\u0161anas teips - KT Tape Baltics esindab","description":"KT PERFOMANCE+ villi ennetamise plaaster on KT Tape\u00ae poolt valmistatud toode, mida kasutatakse villide, marrastuste jt v\u00e4ikeste haavade ennetamiseks","robots":{"index":"index","follow":"follow","max-snippet":"max-snippet:-1","max-image-preview":"max-image-preview:large","max-video-preview":"max-video-preview:-1"},"canonical":"https:\/\/kttape.ee\/lv\/product\/villi-ennetamise-plaaster\/","og_locale":"lv_LV","og_type":"article","og_title":"KT PERFORMANCE+ Tulznu nov\u0113r\u0161anas teips","og_description":"KT PERFORMANCE+ Tulznu nov\u0113r\u0161anas teips no\u00a0KT Tape\u00ae\u00a0ir galvenais l\u012bdzeklis, kas pal\u012bdz pret tulzn\u0101m. \u0160\u012bs augst\u0101k\u0101s kvalit\u0101tes sint\u0113tisk\u0101s neaust\u0101s auduma","og_url":"https:\/\/kttape.ee\/lv\/product\/villi-ennetamise-plaaster\/","og_site_name":"KT Tape Baltics","article_publisher":"https:\/\/www.facebook.com\/kttapeeesti","article_modified_time":"2019-07-11T09:36:27+00:00","og_image":[{"width":1024,"height":861,"url":"https:\/\/kttape.ee\/wp-content\/uploads\/2018\/11\/Beige-Blister-Prevention-Tape-3D-Rendering_30-count.jpg","type":"image\/jpeg"}],"twitter_card":"summary_large_image","twitter_misc":{"Availability":"In stock"},"schema":{"@context":"https:\/\/schema.org","@graph":[{"@type":"WebPage","@id":"https:\/\/kttape.ee\/lv\/product\/villi-ennetamise-plaaster\/","url":"https:\/\/kttape.ee\/lv\/product\/villi-ennetamise-plaaster\/","name":"KT PERFORMANCE+ Tulznu nov\u0113r\u0161anas teips - KT Tape Baltics esindab","isPartOf":{"@id":"https:\/\/kttape.ee\/lv\/#website"},"primaryImageOfPage":{"@id":"https:\/\/kttape.ee\/lv\/product\/villi-ennetamise-plaaster\/#primaryimage"},"image":{"@id":"https:\/\/kttape.ee\/lv\/product\/villi-ennetamise-plaaster\/#primaryimage"},"thumbnailUrl":"https:\/\/kttape.ee\/wp-content\/uploads\/2018\/11\/Beige-Blister-Prevention-Tape-3D-Rendering_30-count-jpg.webp","datePublished":"2018-02-22T13:55:45+00:00","dateModified":"2019-07-11T09:36:27+00:00","description":"KT PERFOMANCE+ villi ennetamise plaaster on KT Tape\u00ae poolt valmistatud toode, mida kasutatakse villide, marrastuste jt v\u00e4ikeste haavade ennetamiseks","breadcrumb":{"@id":"https:\/\/kttape.ee\/lv\/product\/villi-ennetamise-plaaster\/#breadcrumb"},"inLanguage":"lv-LV","potentialAction":[{"@type":"ReadAction","target":["https:\/\/kttape.ee\/lv\/product\/villi-ennetamise-plaaster\/"]}]},{"@type":"ImageObject","inLanguage":"lv-LV","@id":"https:\/\/kttape.ee\/lv\/product\/villi-ennetamise-plaaster\/#primaryimage","url":"https:\/\/kttape.ee\/wp-content\/uploads\/2018\/11\/Beige-Blister-Prevention-Tape-3D-Rendering_30-count-jpg.webp","contentUrl":"https:\/\/kttape.ee\/wp-content\/uploads\/2018\/11\/Beige-Blister-Prevention-Tape-3D-Rendering_30-count-jpg.webp","width":1024,"height":861,"caption":"Pealkiri"},{"@type":"BreadcrumbList","@id":"https:\/\/kttape.ee\/lv\/product\/villi-ennetamise-plaaster\/#breadcrumb","itemListElement":[{"@type":"ListItem","position":1,"name":"Home","item":"https:\/\/kttape.ee\/lv\/"},{"@type":"ListItem","position":2,"name":"Produkti","item":"https:\/\/kttape.ee\/lv\/katalogs\/"},{"@type":"ListItem","position":3,"name":"KT PERFORMANCE+ Tulznu nov\u0113r\u0161anas teips"}]},{"@type":"WebSite","@id":"https:\/\/kttape.ee\/lv\/#website","url":"https:\/\/kttape.ee\/lv\/","name":"KT TAPE","description":"Vesel\u012bbas un sporta produkti","publisher":{"@id":"https:\/\/kttape.ee\/lv\/#organization"},"alternateName":"kinesioteip, kinesioloogiline teip, kt teip","potentialAction":[{"@type":"SearchAction","target":{"@type":"EntryPoint","urlTemplate":"https:\/\/kttape.ee\/lv\/?s={search_term_string}"},"query-input":{"@type":"PropertyValueSpecification","valueRequired":true,"valueName":"search_term_string"}}],"inLanguage":"lv-LV"},{"@type":"Organization","@id":"https:\/\/kttape.ee\/lv\/#organization","name":"Monger Baltic O\u00dc","alternateName":"KT TAPE","url":"https:\/\/kttape.ee\/lv\/","logo":{"@type":"ImageObject","inLanguage":"lv-LV","@id":"https:\/\/kttape.ee\/lv\/#\/schema\/logo\/image\/","url":"http:\/\/kttape.ee\/wp-content\/uploads\/2018\/11\/logo-monger-white-1.png","contentUrl":"http:\/\/kttape.ee\/wp-content\/uploads\/2018\/11\/logo-monger-white-1.png","width":826,"height":532,"caption":"Monger Baltic O\u00dc"},"image":{"@id":"https:\/\/kttape.ee\/lv\/#\/schema\/logo\/image\/"},"sameAs":["https:\/\/www.facebook.com\/kttapeeesti","https:\/\/www.instagram.com\/kttape.eesti\/"]}]},"og_availability":"instock","product_availability":"instock","product_condition":"new"},"_links":{"self":[{"href":"https:\/\/kttape.ee\/lv\/wp-json\/wp\/v2\/product\/2569","targetHints":{"allow":["GET"]}}],"collection":[{"href":"https:\/\/kttape.ee\/lv\/wp-json\/wp\/v2\/product"}],"about":[{"href":"https:\/\/kttape.ee\/lv\/wp-json\/wp\/v2\/types\/product"}],"wp:featuredmedia":[{"embeddable":true,"href":"https:\/\/kttape.ee\/lv\/wp-json\/wp\/v2\/media\/3695"}],"wp:attachment":[{"href":"https:\/\/kttape.ee\/lv\/wp-json\/wp\/v2\/media?parent=2569"}],"wp:term":[{"taxonomy":"product_brand","embeddable":true,"href":"https:\/\/kttape.ee\/lv\/wp-json\/wp\/v2\/product_brand?post=2569"},{"taxonomy":"product_cat","embeddable":true,"href":"https:\/\/kttape.ee\/lv\/wp-json\/wp\/v2\/product_cat?post=2569"},{"taxonomy":"product_tag","embeddable":true,"href":"https:\/\/kttape.ee\/lv\/wp-json\/wp\/v2\/product_tag?post=2569"}],"curies":[{"name":"wp","href":"https:\/\/api.w.org\/{rel}","templated":true}]}}