{"id":2934,"date":"2018-02-21T08:02:05","date_gmt":"2018-02-21T06:02:05","guid":{"rendered":"http:\/\/monger.eu\/kttape\/tooted\/pro-est-eelloigatud\/"},"modified":"2019-09-03T12:37:40","modified_gmt":"2019-09-03T09:37:40","slug":"pro-est-eelloigatud","status":"publish","type":"product","link":"https:\/\/kttape.ee\/lv\/product\/pro-est-eelloigatud\/","title":{"rendered":"PRO EST 20 STR\u0112MELES"},"content":{"rendered":"<p>IEPRIEK\u0160 SAGRIEZTS KINEZIOLO\u0122ISKAIS TEIPS NO SINT\u0112TISK\u0100S \u0160\u0136IEDRAS, KATRA STR\u0112MELE 25 CM GARA, KOP\u0112JAIS TEIPA GARUMS 5 M<\/p>\n<p>KT TAPE PRO EST ir elast\u012bgs un gaisu caurlaid\u012bgs kineziolo\u0123iskais teips no augstas kvalit\u0101tes sint\u0113tisk\u0101s \u0161\u0137iedras ar pretaler\u0123isku un \u016bdens iztur\u012bgu l\u012bmi. Teips ir piem\u0113rots, lai stabiliz\u0113tu musku\u013cus, loc\u012btavas un c\u012bpslas un uzlabotu to kust\u012bgumu. Tas samazina musku\u013cu s\u0101pes, kas radu\u0161\u0101s noguruma, sasprindzin\u0101juma un iekaisumu d\u0113\u013c, veicina \u0101tr\u0101ku atvese\u013co\u0161anos. Stimul\u0113 limf\u0101tisko sist\u0113mu un asinsriti. Pal\u012bdz kori\u0123\u0113t loc\u012btavu st\u0101vokli un stabilit\u0101ti. Lieto\u0161anas pam\u0101c\u012bba: uzl\u012bm\u0113t uz t\u012bras, attaukotas un sausas \u0101das. Lab\u0101kai pielip\u0161anai iesak\u0101m nosk\u016bt mati\u0146us. Teips tur\u0113sies septi\u0146as dienas, nezaud\u0113jot savu efektivit\u0101ti ne du\u0161\u0101, ne basein\u0101. Lai teipu no\u0146emtu, uzman\u012bgi to velciet, izdarot spiedienu uz \u0101du.<\/p>\n","protected":false},"excerpt":{"rendered":"<p>IEPRIEK\u0160 SAGRIEZTS KINEZIOLO\u0122ISKAIS TEIPS NO SINT\u0112TISK\u0100S \u0160\u0136IEDRAS, KATRA STR\u0112MELE 25 CM GARA, KOP\u0112JAIS TEIPA GARUMS 5 M KT TAPE PRO&#8230;<\/p>\n","protected":false},"featured_media":6862,"template":"","meta":{"_acf_changed":false},"product_brand":[],"product_cat":[148,252,152,157],"product_tag":[],"class_list":{"0":"post-2934","1":"product","2":"type-product","3":"status-publish","4":"has-post-thumbnail","6":"product_cat-citi-produkti","7":"product_cat-jauni-produkti","8":"product_cat-kt-tape-pro-sintetiskais-kineziologiskais-teips","9":"product_cat-sagriezts-mazais-iepakojums-lv","11":"first","12":"instock","13":"sale","14":"featured","15":"taxable","16":"shipping-taxable","17":"purchasable","18":"product-type-simple"},"acf":[],"yoast_head":"<!-- This site is optimized with the Yoast SEO Premium plugin v27.2 (Yoast SEO v27.4) - https:\/\/yoast.com\/product\/yoast-seo-premium-wordpress\/ -->\n<title>PRO EST 20 STR\u0112MELES kinesioteip - KT Tape Baltics<\/title>\n<meta name=\"description\" content=\"PRO EST kinesioteip on spetsiaalselt kujundatud Eesti kasutajate jaoks kuna sinisele teibile on visualiseeritud valge EST logo.\" \/>\n<meta name=\"robots\" content=\"index, follow, max-snippet:-1, max-image-preview:large, max-video-preview:-1\" \/>\n<link rel=\"canonical\" href=\"https:\/\/kttape.ee\/lv\/product\/pro-est-eelloigatud\/\" \/>\n<meta property=\"og:locale\" content=\"lv_LV\" \/>\n<meta property=\"og:type\" content=\"article\" \/>\n<meta property=\"og:title\" content=\"PRO EST 20 STR\u0112MELES\" \/>\n<meta property=\"og:description\" content=\"IEPRIEK\u0160 SAGRIEZTS KINEZIOLO\u0122ISKAIS TEIPS NO SINT\u0112TISK\u0100S \u0160\u0136IEDRAS, KATRA STR\u0112MELE 25 CM GARA, KOP\u0112JAIS TEIPA GARUMS 5 M KT TAPE PRO EST ir elast\u012bgs un\" \/>\n<meta property=\"og:url\" content=\"https:\/\/kttape.ee\/lv\/product\/pro-est-eelloigatud\/\" \/>\n<meta property=\"og:site_name\" content=\"KT Tape Baltics\" \/>\n<meta property=\"article:publisher\" content=\"https:\/\/www.facebook.com\/kttapeeesti\" \/>\n<meta property=\"article:modified_time\" content=\"2019-09-03T09:37:40+00:00\" \/>\n<meta property=\"og:image\" content=\"https:\/\/kttape.ee\/wp-content\/uploads\/2018\/05\/IMG_0555-ruut-scaled.jpg\" \/>\n\t<meta property=\"og:image:width\" content=\"2560\" \/>\n\t<meta property=\"og:image:height\" content=\"2560\" \/>\n\t<meta property=\"og:image:type\" content=\"image\/jpeg\" \/>\n<meta name=\"twitter:card\" content=\"summary_large_image\" \/>\n<meta name=\"twitter:label1\" content=\"Price\" \/>\n\t<meta name=\"twitter:data1\" content=\"17,00&nbsp;&euro;\" \/>\n\t<meta name=\"twitter:label2\" content=\"Availability\" \/>\n\t<meta name=\"twitter:data2\" content=\"In stock\" \/>\n<script type=\"application\/ld+json\" class=\"yoast-schema-graph\">{\"@context\":\"https:\\\/\\\/schema.org\",\"@graph\":[{\"@type\":\"WebPage\",\"@id\":\"https:\\\/\\\/kttape.ee\\\/lv\\\/product\\\/pro-est-eelloigatud\\\/\",\"url\":\"https:\\\/\\\/kttape.ee\\\/lv\\\/product\\\/pro-est-eelloigatud\\\/\",\"name\":\"PRO EST 20 STR\u0112MELES kinesioteip - KT Tape Baltics\",\"isPartOf\":{\"@id\":\"https:\\\/\\\/kttape.ee\\\/lv\\\/#website\"},\"primaryImageOfPage\":{\"@id\":\"https:\\\/\\\/kttape.ee\\\/lv\\\/product\\\/pro-est-eelloigatud\\\/#primaryimage\"},\"image\":{\"@id\":\"https:\\\/\\\/kttape.ee\\\/lv\\\/product\\\/pro-est-eelloigatud\\\/#primaryimage\"},\"thumbnailUrl\":\"https:\\\/\\\/kttape.ee\\\/wp-content\\\/uploads\\\/2024\\\/01\\\/KTTape-1000x1000-Sinine-EST-rull-jpg.webp\",\"datePublished\":\"2018-02-21T06:02:05+00:00\",\"dateModified\":\"2019-09-03T09:37:40+00:00\",\"description\":\"PRO EST kinesioteip on spetsiaalselt kujundatud Eesti kasutajate jaoks kuna sinisele teibile on visualiseeritud valge EST logo.\",\"breadcrumb\":{\"@id\":\"https:\\\/\\\/kttape.ee\\\/lv\\\/product\\\/pro-est-eelloigatud\\\/#breadcrumb\"},\"inLanguage\":\"lv-LV\",\"potentialAction\":[{\"@type\":\"ReadAction\",\"target\":[\"https:\\\/\\\/kttape.ee\\\/lv\\\/product\\\/pro-est-eelloigatud\\\/\"]}]},{\"@type\":\"ImageObject\",\"inLanguage\":\"lv-LV\",\"@id\":\"https:\\\/\\\/kttape.ee\\\/lv\\\/product\\\/pro-est-eelloigatud\\\/#primaryimage\",\"url\":\"https:\\\/\\\/kttape.ee\\\/wp-content\\\/uploads\\\/2024\\\/01\\\/KTTape-1000x1000-Sinine-EST-rull-jpg.webp\",\"contentUrl\":\"https:\\\/\\\/kttape.ee\\\/wp-content\\\/uploads\\\/2024\\\/01\\\/KTTape-1000x1000-Sinine-EST-rull-jpg.webp\",\"width\":1000,\"height\":1000},{\"@type\":\"BreadcrumbList\",\"@id\":\"https:\\\/\\\/kttape.ee\\\/lv\\\/product\\\/pro-est-eelloigatud\\\/#breadcrumb\",\"itemListElement\":[{\"@type\":\"ListItem\",\"position\":1,\"name\":\"Home\",\"item\":\"https:\\\/\\\/kttape.ee\\\/lv\\\/\"},{\"@type\":\"ListItem\",\"position\":2,\"name\":\"Produkti\",\"item\":\"https:\\\/\\\/kttape.ee\\\/lv\\\/katalogs\\\/\"},{\"@type\":\"ListItem\",\"position\":3,\"name\":\"PRO EST 20 STR\u0112MELES\"}]},{\"@type\":\"WebSite\",\"@id\":\"https:\\\/\\\/kttape.ee\\\/lv\\\/#website\",\"url\":\"https:\\\/\\\/kttape.ee\\\/lv\\\/\",\"name\":\"KT TAPE\",\"description\":\"Vesel\u012bbas un sporta produkti\",\"publisher\":{\"@id\":\"https:\\\/\\\/kttape.ee\\\/lv\\\/#organization\"},\"alternateName\":\"kinesioteip, kinesioloogiline teip, kt teip\",\"potentialAction\":[{\"@type\":\"SearchAction\",\"target\":{\"@type\":\"EntryPoint\",\"urlTemplate\":\"https:\\\/\\\/kttape.ee\\\/lv\\\/?s={search_term_string}\"},\"query-input\":{\"@type\":\"PropertyValueSpecification\",\"valueRequired\":true,\"valueName\":\"search_term_string\"}}],\"inLanguage\":\"lv-LV\"},{\"@type\":\"Organization\",\"@id\":\"https:\\\/\\\/kttape.ee\\\/lv\\\/#organization\",\"name\":\"Monger Baltic O\u00dc\",\"alternateName\":\"KT TAPE\",\"url\":\"https:\\\/\\\/kttape.ee\\\/lv\\\/\",\"logo\":{\"@type\":\"ImageObject\",\"inLanguage\":\"lv-LV\",\"@id\":\"https:\\\/\\\/kttape.ee\\\/lv\\\/#\\\/schema\\\/logo\\\/image\\\/\",\"url\":\"http:\\\/\\\/kttape.ee\\\/wp-content\\\/uploads\\\/2018\\\/11\\\/logo-monger-white-1.png\",\"contentUrl\":\"http:\\\/\\\/kttape.ee\\\/wp-content\\\/uploads\\\/2018\\\/11\\\/logo-monger-white-1.png\",\"width\":826,\"height\":532,\"caption\":\"Monger Baltic O\u00dc\"},\"image\":{\"@id\":\"https:\\\/\\\/kttape.ee\\\/lv\\\/#\\\/schema\\\/logo\\\/image\\\/\"},\"sameAs\":[\"https:\\\/\\\/www.facebook.com\\\/kttapeeesti\",\"https:\\\/\\\/www.instagram.com\\\/kttape.eesti\\\/\"]}]}<\/script>\n<meta property=\"product:price:amount\" content=\"17.00\" \/>\n<meta property=\"product:price:currency\" content=\"EUR\" \/>\n<meta property=\"og:availability\" content=\"instock\" \/>\n<meta property=\"product:availability\" content=\"instock\" \/>\n<meta property=\"product:condition\" content=\"new\" \/>\n<!-- \/ Yoast SEO Premium plugin. -->","yoast_head_json":{"title":"PRO EST 20 STR\u0112MELES kinesioteip - KT Tape Baltics","description":"PRO EST kinesioteip on spetsiaalselt kujundatud Eesti kasutajate jaoks kuna sinisele teibile on visualiseeritud valge EST logo.","robots":{"index":"index","follow":"follow","max-snippet":"max-snippet:-1","max-image-preview":"max-image-preview:large","max-video-preview":"max-video-preview:-1"},"canonical":"https:\/\/kttape.ee\/lv\/product\/pro-est-eelloigatud\/","og_locale":"lv_LV","og_type":"article","og_title":"PRO EST 20 STR\u0112MELES","og_description":"IEPRIEK\u0160 SAGRIEZTS KINEZIOLO\u0122ISKAIS TEIPS NO SINT\u0112TISK\u0100S \u0160\u0136IEDRAS, KATRA STR\u0112MELE 25 CM GARA, KOP\u0112JAIS TEIPA GARUMS 5 M KT TAPE PRO EST ir elast\u012bgs un","og_url":"https:\/\/kttape.ee\/lv\/product\/pro-est-eelloigatud\/","og_site_name":"KT Tape Baltics","article_publisher":"https:\/\/www.facebook.com\/kttapeeesti","article_modified_time":"2019-09-03T09:37:40+00:00","og_image":[{"width":2560,"height":2560,"url":"https:\/\/kttape.ee\/wp-content\/uploads\/2018\/05\/IMG_0555-ruut-scaled.jpg","type":"image\/jpeg"}],"twitter_card":"summary_large_image","twitter_misc":{"Price":"17,00&nbsp;&euro;","Availability":"In stock"},"schema":{"@context":"https:\/\/schema.org","@graph":[{"@type":"WebPage","@id":"https:\/\/kttape.ee\/lv\/product\/pro-est-eelloigatud\/","url":"https:\/\/kttape.ee\/lv\/product\/pro-est-eelloigatud\/","name":"PRO EST 20 STR\u0112MELES kinesioteip - KT Tape Baltics","isPartOf":{"@id":"https:\/\/kttape.ee\/lv\/#website"},"primaryImageOfPage":{"@id":"https:\/\/kttape.ee\/lv\/product\/pro-est-eelloigatud\/#primaryimage"},"image":{"@id":"https:\/\/kttape.ee\/lv\/product\/pro-est-eelloigatud\/#primaryimage"},"thumbnailUrl":"https:\/\/kttape.ee\/wp-content\/uploads\/2024\/01\/KTTape-1000x1000-Sinine-EST-rull-jpg.webp","datePublished":"2018-02-21T06:02:05+00:00","dateModified":"2019-09-03T09:37:40+00:00","description":"PRO EST kinesioteip on spetsiaalselt kujundatud Eesti kasutajate jaoks kuna sinisele teibile on visualiseeritud valge EST logo.","breadcrumb":{"@id":"https:\/\/kttape.ee\/lv\/product\/pro-est-eelloigatud\/#breadcrumb"},"inLanguage":"lv-LV","potentialAction":[{"@type":"ReadAction","target":["https:\/\/kttape.ee\/lv\/product\/pro-est-eelloigatud\/"]}]},{"@type":"ImageObject","inLanguage":"lv-LV","@id":"https:\/\/kttape.ee\/lv\/product\/pro-est-eelloigatud\/#primaryimage","url":"https:\/\/kttape.ee\/wp-content\/uploads\/2024\/01\/KTTape-1000x1000-Sinine-EST-rull-jpg.webp","contentUrl":"https:\/\/kttape.ee\/wp-content\/uploads\/2024\/01\/KTTape-1000x1000-Sinine-EST-rull-jpg.webp","width":1000,"height":1000},{"@type":"BreadcrumbList","@id":"https:\/\/kttape.ee\/lv\/product\/pro-est-eelloigatud\/#breadcrumb","itemListElement":[{"@type":"ListItem","position":1,"name":"Home","item":"https:\/\/kttape.ee\/lv\/"},{"@type":"ListItem","position":2,"name":"Produkti","item":"https:\/\/kttape.ee\/lv\/katalogs\/"},{"@type":"ListItem","position":3,"name":"PRO EST 20 STR\u0112MELES"}]},{"@type":"WebSite","@id":"https:\/\/kttape.ee\/lv\/#website","url":"https:\/\/kttape.ee\/lv\/","name":"KT TAPE","description":"Vesel\u012bbas un sporta produkti","publisher":{"@id":"https:\/\/kttape.ee\/lv\/#organization"},"alternateName":"kinesioteip, kinesioloogiline teip, kt teip","potentialAction":[{"@type":"SearchAction","target":{"@type":"EntryPoint","urlTemplate":"https:\/\/kttape.ee\/lv\/?s={search_term_string}"},"query-input":{"@type":"PropertyValueSpecification","valueRequired":true,"valueName":"search_term_string"}}],"inLanguage":"lv-LV"},{"@type":"Organization","@id":"https:\/\/kttape.ee\/lv\/#organization","name":"Monger Baltic O\u00dc","alternateName":"KT TAPE","url":"https:\/\/kttape.ee\/lv\/","logo":{"@type":"ImageObject","inLanguage":"lv-LV","@id":"https:\/\/kttape.ee\/lv\/#\/schema\/logo\/image\/","url":"http:\/\/kttape.ee\/wp-content\/uploads\/2018\/11\/logo-monger-white-1.png","contentUrl":"http:\/\/kttape.ee\/wp-content\/uploads\/2018\/11\/logo-monger-white-1.png","width":826,"height":532,"caption":"Monger Baltic O\u00dc"},"image":{"@id":"https:\/\/kttape.ee\/lv\/#\/schema\/logo\/image\/"},"sameAs":["https:\/\/www.facebook.com\/kttapeeesti","https:\/\/www.instagram.com\/kttape.eesti\/"]}]},"product_price_amount":"17.00","product_price_currency":"EUR","og_availability":"instock","product_availability":"instock","product_condition":"new"},"_links":{"self":[{"href":"https:\/\/kttape.ee\/lv\/wp-json\/wp\/v2\/product\/2934","targetHints":{"allow":["GET"]}}],"collection":[{"href":"https:\/\/kttape.ee\/lv\/wp-json\/wp\/v2\/product"}],"about":[{"href":"https:\/\/kttape.ee\/lv\/wp-json\/wp\/v2\/types\/product"}],"wp:featuredmedia":[{"embeddable":true,"href":"https:\/\/kttape.ee\/lv\/wp-json\/wp\/v2\/media\/6862"}],"wp:attachment":[{"href":"https:\/\/kttape.ee\/lv\/wp-json\/wp\/v2\/media?parent=2934"}],"wp:term":[{"taxonomy":"product_brand","embeddable":true,"href":"https:\/\/kttape.ee\/lv\/wp-json\/wp\/v2\/product_brand?post=2934"},{"taxonomy":"product_cat","embeddable":true,"href":"https:\/\/kttape.ee\/lv\/wp-json\/wp\/v2\/product_cat?post=2934"},{"taxonomy":"product_tag","embeddable":true,"href":"https:\/\/kttape.ee\/lv\/wp-json\/wp\/v2\/product_tag?post=2934"}],"curies":[{"name":"wp","href":"https:\/\/api.w.org\/{rel}","templated":true}]}}