{"id":3018,"date":"2018-07-19T11:59:35","date_gmt":"2018-07-19T08:59:35","guid":{"rendered":"https:\/\/monger.eu\/kttape\/tooted\/kt-tape-gentle-tape\/"},"modified":"2019-01-25T14:32:45","modified_gmt":"2019-01-25T12:32:45","slug":"kt-tape-gentle-tape","status":"publish","type":"product","link":"https:\/\/kttape.ee\/lv\/product\/kt-tape-gentle-tape\/","title":{"rendered":"KT TAPE GENTLE TAPE (Saudz\u012bgais teips)"},"content":{"rendered":"<h3>S\u0100PO\u0160I MUSKU\u013bI, LOC\u012aTAVAS UN C\u012aPSLAS &#8211;\u00a0VARAM J\u016aS IEPRIECIN\u0100T<\/h3>\n<p>Vai nepiecie\u0161ams atbalsts, kas iztur\u0113s vair\u0101kus viegl\u0101kus treni\u0146us, bet v\u0113laties saudz\u012bgu p\u0101rkl\u0101jumu? Tad KT TAPE GENTLE teips ir paredz\u0113ts Jums. T\u0101pat k\u0101 KT TAPE ORIGINAL (Ori\u0123in\u0101lais), GENTLE (Saudz\u012bgais) teips nodro\u0161ina m\u0113r\u0137tiec\u012bgu s\u0101pju mazin\u0101\u0161anu un paliek viet\u0101 vair\u0101kus treni\u0146us l\u012bdz pat 3 dien\u0101m, izmantojot ikdienas du\u0161u, mitrumu, aukstumu, pat basein\u0101. Un tom\u0113r GENTLE teipa l\u012bme no \u0101das non\u0101k maigi.<\/p>\n<p>Katr\u0101 kast\u012bt\u0113 ir iek\u013cautas 20 iepriek\u0161 sagrieztas str\u0113meles, sat\u012btas vien\u0101 rull\u012b, un vienk\u0101r\u0161a s\u0101kuma rokasgr\u0101mata ar soli-pa-solim instrukcij\u0101m visbie\u017e\u0101k sastopamaj\u0101m traum\u0101m.<\/p>\n<h3>SAUDZ\u012aGS P\u0100RKL\u0100JUMS<\/h3>\n<p>KT TAPE GENTLE ir konstru\u0113ts t\u0101, lai tas ieder\u0113tos vissmag\u0101kaj\u0101 vid\u0113, notur\u0113tos l\u012bdz trim dien\u0101m vair\u0101kos treni\u0146os, ikdienas du\u0161\u0101s, mitrum\u0101, aukstum\u0101 vai basein\u0101. Un tie\u0161i t\u0101pat k\u0101 KT TAPE ORIGINAL, GENTLE teipam ir patent\u0113ts SecondSkin (Otr\u0101s \u0100das) p\u0101rkl\u0101jums, kas darbosies tik ilgi, kam\u0113r j\u016bs darbosieties, un iesp\u0113jams ilg\u0101k. Tiem, kuriem ir liel\u0101ka \u0101das jut\u012bba, GENTLE teips ir \u012bpa\u0161i veidots, izmantojot l\u012bmi, kas maig\u0101k atbr\u012bvojas no \u0101das.<\/p>\n<h3>NODRO\u0160INA ATBALSTU<\/h3>\n<p>KT TAPE elast\u012bgais kodols nodro\u0161ina sp\u0113c\u012bgu atbalstu musku\u013ciem, loc\u012btav\u0101m un c\u012bpsl\u0101m, neierobe\u017eojot komfortu un kust\u012bbu diapazonu.<\/p>\n<h3>ILGTSP\u0112J\u012aGAS KOKVILNAS MIKRO\u0160\u0136IEDRAS<\/h3>\n<p>KT TAPE GENTLE kokvilnas \u0161\u0137iedras ir saaustas kop\u0101 ar t\u012bklveida dizain\u0101, kas \u0113rti kustas kop\u0101 ar \u0137ermeni. T\u012bklveida dizains ir elpojo\u0161s un atbr\u012bvo mitrumu, kas ir iz\u0161\u0137iro\u0161s, lai nodro\u0161in\u0101tu ilgsto\u0161u komfortu un valk\u0101\u0161anu.<\/p>\n<h3>IEPRIEK\u0160 SAGRIEZTAS &#8220;I&#8221; VEIDA STR\u0112MELES<\/h3>\n<p>KT TAPE ir iepriek\u0161 sagriezts un gatavs izmanto\u0161anai tikl\u012bdz iz\u0146emts no kastes. Iepriek\u0161 sagriezt\u0101m str\u0113mel\u0113m ir noapa\u013coti st\u016bri, kas pal\u012bdz nov\u0113rst to, ka st\u016bri aiz\u0137eras aiz liet\u0101m vai nober\u017eas malas. Katr\u0101 rull\u012b ir divdesmit 25 cm garas &#8220;I&#8221; veida sloksnes, kas ir turpat piecus metrus gar\u0161 teips 5 cm platum\u0101.<\/p>\n<h3>PIEEJAMS B\u0112\u0160A KR\u0100S\u0100<\/h3>\n<h3>BEZ LATEKSA JUT\u012aGAI \u0100DAI<\/h3>\n<p>KT TAPE izmanto medic\u012bnisk\u0101s klases akrila b\u0101zes l\u012bmi, kas ir maiga pret \u0101du. Tas noz\u012bm\u0113, ka jums neniez\u0113s, kas bie\u017ei notiek, lietojot stiprin\u0101jumus un tradicion\u0101lo sporta teipu.<\/p>\n","protected":false},"excerpt":{"rendered":"<ul>\n<li>Saudz\u012bga l\u012bme viegl\u0101kai no\u0146em\u0161anai<\/li>\n<li>\u0112rts valk\u0101\u0161anai 1-3 dienas<\/li>\n<li>100% Kokvilnas \u0161\u0137iedras bez lateksa<\/li>\n<\/ul>\n","protected":false},"featured_media":3966,"template":"","meta":{"_acf_changed":false},"product_brand":[],"product_cat":[255,121,252,75],"product_tag":[],"class_list":{"0":"post-3018","1":"product","2":"type-product","3":"status-publish","4":"has-post-thumbnail","6":"product_cat-eelloigatud-vaike-rull-lv","7":"product_cat-ipasie-teipi","8":"product_cat-jauni-produkti","9":"product_cat-kokvilnas-kineziologiskais-teips","11":"first","12":"instock","13":"taxable","14":"shipping-taxable","15":"purchasable","16":"product-type-simple"},"acf":[],"yoast_head":"<!-- This site is optimized with the Yoast SEO Premium plugin v27.2 (Yoast SEO v27.4) - https:\/\/yoast.com\/product\/yoast-seo-premium-wordpress\/ -->\n<title>KT TAPE GENTLE TAPE (Saudz\u012bgais teips) - KT Tape Baltics<\/title>\n<meta name=\"robots\" content=\"index, follow, max-snippet:-1, max-image-preview:large, max-video-preview:-1\" \/>\n<link rel=\"canonical\" href=\"https:\/\/kttape.ee\/lv\/product\/kt-tape-gentle-tape\/\" \/>\n<meta property=\"og:locale\" content=\"lv_LV\" \/>\n<meta property=\"og:type\" content=\"article\" \/>\n<meta property=\"og:title\" content=\"KT TAPE GENTLE TAPE (Saudz\u012bgais teips)\" \/>\n<meta property=\"og:description\" content=\"Saudz\u012bga l\u012bme viegl\u0101kai no\u0146em\u0161anai  \u0112rts valk\u0101\u0161anai 1-3 dienas  100% Kokvilnas \u0161\u0137iedras bez lateksa\" \/>\n<meta property=\"og:url\" content=\"https:\/\/kttape.ee\/lv\/product\/kt-tape-gentle-tape\/\" \/>\n<meta property=\"og:site_name\" content=\"KT Tape Baltics\" \/>\n<meta property=\"article:publisher\" content=\"https:\/\/www.facebook.com\/kttapeeesti\" \/>\n<meta property=\"article:modified_time\" content=\"2019-01-25T12:32:45+00:00\" \/>\n<meta property=\"og:image\" content=\"https:\/\/kttape.ee\/wp-content\/uploads\/2018\/12\/KT_Gentle-Tape-ruut.jpg\" \/>\n\t<meta property=\"og:image:width\" content=\"1024\" \/>\n\t<meta property=\"og:image:height\" content=\"1020\" \/>\n\t<meta property=\"og:image:type\" content=\"image\/jpeg\" \/>\n<meta name=\"twitter:card\" content=\"summary_large_image\" \/>\n<meta name=\"twitter:label1\" content=\"Price\" \/>\n\t<meta name=\"twitter:data1\" content=\"14,00&nbsp;&euro;\" \/>\n\t<meta name=\"twitter:label2\" content=\"Availability\" \/>\n\t<meta name=\"twitter:data2\" content=\"In stock\" \/>\n<script type=\"application\/ld+json\" class=\"yoast-schema-graph\">{\"@context\":\"https:\\\/\\\/schema.org\",\"@graph\":[{\"@type\":\"WebPage\",\"@id\":\"https:\\\/\\\/kttape.ee\\\/lv\\\/product\\\/kt-tape-gentle-tape\\\/\",\"url\":\"https:\\\/\\\/kttape.ee\\\/lv\\\/product\\\/kt-tape-gentle-tape\\\/\",\"name\":\"KT TAPE GENTLE TAPE (Saudz\u012bgais teips) - KT Tape Baltics\",\"isPartOf\":{\"@id\":\"https:\\\/\\\/kttape.ee\\\/lv\\\/#website\"},\"primaryImageOfPage\":{\"@id\":\"https:\\\/\\\/kttape.ee\\\/lv\\\/product\\\/kt-tape-gentle-tape\\\/#primaryimage\"},\"image\":{\"@id\":\"https:\\\/\\\/kttape.ee\\\/lv\\\/product\\\/kt-tape-gentle-tape\\\/#primaryimage\"},\"thumbnailUrl\":\"https:\\\/\\\/kttape.ee\\\/wp-content\\\/uploads\\\/2018\\\/12\\\/KT_Gentle-Tape-ruut-jpg.webp\",\"datePublished\":\"2018-07-19T08:59:35+00:00\",\"dateModified\":\"2019-01-25T12:32:45+00:00\",\"breadcrumb\":{\"@id\":\"https:\\\/\\\/kttape.ee\\\/lv\\\/product\\\/kt-tape-gentle-tape\\\/#breadcrumb\"},\"inLanguage\":\"lv-LV\",\"potentialAction\":[{\"@type\":\"ReadAction\",\"target\":[\"https:\\\/\\\/kttape.ee\\\/lv\\\/product\\\/kt-tape-gentle-tape\\\/\"]}]},{\"@type\":\"ImageObject\",\"inLanguage\":\"lv-LV\",\"@id\":\"https:\\\/\\\/kttape.ee\\\/lv\\\/product\\\/kt-tape-gentle-tape\\\/#primaryimage\",\"url\":\"https:\\\/\\\/kttape.ee\\\/wp-content\\\/uploads\\\/2018\\\/12\\\/KT_Gentle-Tape-ruut-jpg.webp\",\"contentUrl\":\"https:\\\/\\\/kttape.ee\\\/wp-content\\\/uploads\\\/2018\\\/12\\\/KT_Gentle-Tape-ruut-jpg.webp\",\"width\":1024,\"height\":1020,\"caption\":\"kt tape gentle tundlikule nahale\"},{\"@type\":\"BreadcrumbList\",\"@id\":\"https:\\\/\\\/kttape.ee\\\/lv\\\/product\\\/kt-tape-gentle-tape\\\/#breadcrumb\",\"itemListElement\":[{\"@type\":\"ListItem\",\"position\":1,\"name\":\"Home\",\"item\":\"https:\\\/\\\/kttape.ee\\\/lv\\\/\"},{\"@type\":\"ListItem\",\"position\":2,\"name\":\"Produkti\",\"item\":\"https:\\\/\\\/kttape.ee\\\/lv\\\/katalogs\\\/\"},{\"@type\":\"ListItem\",\"position\":3,\"name\":\"KT TAPE GENTLE TAPE (Saudz\u012bgais teips)\"}]},{\"@type\":\"WebSite\",\"@id\":\"https:\\\/\\\/kttape.ee\\\/lv\\\/#website\",\"url\":\"https:\\\/\\\/kttape.ee\\\/lv\\\/\",\"name\":\"KT TAPE\",\"description\":\"Vesel\u012bbas un sporta produkti\",\"publisher\":{\"@id\":\"https:\\\/\\\/kttape.ee\\\/lv\\\/#organization\"},\"alternateName\":\"kinesioteip, kinesioloogiline teip, kt teip\",\"potentialAction\":[{\"@type\":\"SearchAction\",\"target\":{\"@type\":\"EntryPoint\",\"urlTemplate\":\"https:\\\/\\\/kttape.ee\\\/lv\\\/?s={search_term_string}\"},\"query-input\":{\"@type\":\"PropertyValueSpecification\",\"valueRequired\":true,\"valueName\":\"search_term_string\"}}],\"inLanguage\":\"lv-LV\"},{\"@type\":\"Organization\",\"@id\":\"https:\\\/\\\/kttape.ee\\\/lv\\\/#organization\",\"name\":\"Monger Baltic O\u00dc\",\"alternateName\":\"KT TAPE\",\"url\":\"https:\\\/\\\/kttape.ee\\\/lv\\\/\",\"logo\":{\"@type\":\"ImageObject\",\"inLanguage\":\"lv-LV\",\"@id\":\"https:\\\/\\\/kttape.ee\\\/lv\\\/#\\\/schema\\\/logo\\\/image\\\/\",\"url\":\"http:\\\/\\\/kttape.ee\\\/wp-content\\\/uploads\\\/2018\\\/11\\\/logo-monger-white-1.png\",\"contentUrl\":\"http:\\\/\\\/kttape.ee\\\/wp-content\\\/uploads\\\/2018\\\/11\\\/logo-monger-white-1.png\",\"width\":826,\"height\":532,\"caption\":\"Monger Baltic O\u00dc\"},\"image\":{\"@id\":\"https:\\\/\\\/kttape.ee\\\/lv\\\/#\\\/schema\\\/logo\\\/image\\\/\"},\"sameAs\":[\"https:\\\/\\\/www.facebook.com\\\/kttapeeesti\",\"https:\\\/\\\/www.instagram.com\\\/kttape.eesti\\\/\"]}]}<\/script>\n<meta property=\"product:price:amount\" content=\"14.00\" \/>\n<meta property=\"product:price:currency\" content=\"EUR\" \/>\n<meta property=\"og:availability\" content=\"instock\" \/>\n<meta property=\"product:availability\" content=\"instock\" \/>\n<meta property=\"product:condition\" content=\"new\" \/>\n<!-- \/ Yoast SEO Premium plugin. -->","yoast_head_json":{"title":"KT TAPE GENTLE TAPE (Saudz\u012bgais teips) - KT Tape Baltics","robots":{"index":"index","follow":"follow","max-snippet":"max-snippet:-1","max-image-preview":"max-image-preview:large","max-video-preview":"max-video-preview:-1"},"canonical":"https:\/\/kttape.ee\/lv\/product\/kt-tape-gentle-tape\/","og_locale":"lv_LV","og_type":"article","og_title":"KT TAPE GENTLE TAPE (Saudz\u012bgais teips)","og_description":"Saudz\u012bga l\u012bme viegl\u0101kai no\u0146em\u0161anai  \u0112rts valk\u0101\u0161anai 1-3 dienas  100% Kokvilnas \u0161\u0137iedras bez lateksa","og_url":"https:\/\/kttape.ee\/lv\/product\/kt-tape-gentle-tape\/","og_site_name":"KT Tape Baltics","article_publisher":"https:\/\/www.facebook.com\/kttapeeesti","article_modified_time":"2019-01-25T12:32:45+00:00","og_image":[{"width":1024,"height":1020,"url":"https:\/\/kttape.ee\/wp-content\/uploads\/2018\/12\/KT_Gentle-Tape-ruut.jpg","type":"image\/jpeg"}],"twitter_card":"summary_large_image","twitter_misc":{"Price":"14,00&nbsp;&euro;","Availability":"In stock"},"schema":{"@context":"https:\/\/schema.org","@graph":[{"@type":"WebPage","@id":"https:\/\/kttape.ee\/lv\/product\/kt-tape-gentle-tape\/","url":"https:\/\/kttape.ee\/lv\/product\/kt-tape-gentle-tape\/","name":"KT TAPE GENTLE TAPE (Saudz\u012bgais teips) - KT Tape Baltics","isPartOf":{"@id":"https:\/\/kttape.ee\/lv\/#website"},"primaryImageOfPage":{"@id":"https:\/\/kttape.ee\/lv\/product\/kt-tape-gentle-tape\/#primaryimage"},"image":{"@id":"https:\/\/kttape.ee\/lv\/product\/kt-tape-gentle-tape\/#primaryimage"},"thumbnailUrl":"https:\/\/kttape.ee\/wp-content\/uploads\/2018\/12\/KT_Gentle-Tape-ruut-jpg.webp","datePublished":"2018-07-19T08:59:35+00:00","dateModified":"2019-01-25T12:32:45+00:00","breadcrumb":{"@id":"https:\/\/kttape.ee\/lv\/product\/kt-tape-gentle-tape\/#breadcrumb"},"inLanguage":"lv-LV","potentialAction":[{"@type":"ReadAction","target":["https:\/\/kttape.ee\/lv\/product\/kt-tape-gentle-tape\/"]}]},{"@type":"ImageObject","inLanguage":"lv-LV","@id":"https:\/\/kttape.ee\/lv\/product\/kt-tape-gentle-tape\/#primaryimage","url":"https:\/\/kttape.ee\/wp-content\/uploads\/2018\/12\/KT_Gentle-Tape-ruut-jpg.webp","contentUrl":"https:\/\/kttape.ee\/wp-content\/uploads\/2018\/12\/KT_Gentle-Tape-ruut-jpg.webp","width":1024,"height":1020,"caption":"kt tape gentle tundlikule nahale"},{"@type":"BreadcrumbList","@id":"https:\/\/kttape.ee\/lv\/product\/kt-tape-gentle-tape\/#breadcrumb","itemListElement":[{"@type":"ListItem","position":1,"name":"Home","item":"https:\/\/kttape.ee\/lv\/"},{"@type":"ListItem","position":2,"name":"Produkti","item":"https:\/\/kttape.ee\/lv\/katalogs\/"},{"@type":"ListItem","position":3,"name":"KT TAPE GENTLE TAPE (Saudz\u012bgais teips)"}]},{"@type":"WebSite","@id":"https:\/\/kttape.ee\/lv\/#website","url":"https:\/\/kttape.ee\/lv\/","name":"KT TAPE","description":"Vesel\u012bbas un sporta produkti","publisher":{"@id":"https:\/\/kttape.ee\/lv\/#organization"},"alternateName":"kinesioteip, kinesioloogiline teip, kt teip","potentialAction":[{"@type":"SearchAction","target":{"@type":"EntryPoint","urlTemplate":"https:\/\/kttape.ee\/lv\/?s={search_term_string}"},"query-input":{"@type":"PropertyValueSpecification","valueRequired":true,"valueName":"search_term_string"}}],"inLanguage":"lv-LV"},{"@type":"Organization","@id":"https:\/\/kttape.ee\/lv\/#organization","name":"Monger Baltic O\u00dc","alternateName":"KT TAPE","url":"https:\/\/kttape.ee\/lv\/","logo":{"@type":"ImageObject","inLanguage":"lv-LV","@id":"https:\/\/kttape.ee\/lv\/#\/schema\/logo\/image\/","url":"http:\/\/kttape.ee\/wp-content\/uploads\/2018\/11\/logo-monger-white-1.png","contentUrl":"http:\/\/kttape.ee\/wp-content\/uploads\/2018\/11\/logo-monger-white-1.png","width":826,"height":532,"caption":"Monger Baltic O\u00dc"},"image":{"@id":"https:\/\/kttape.ee\/lv\/#\/schema\/logo\/image\/"},"sameAs":["https:\/\/www.facebook.com\/kttapeeesti","https:\/\/www.instagram.com\/kttape.eesti\/"]}]},"product_price_amount":"14.00","product_price_currency":"EUR","og_availability":"instock","product_availability":"instock","product_condition":"new"},"_links":{"self":[{"href":"https:\/\/kttape.ee\/lv\/wp-json\/wp\/v2\/product\/3018","targetHints":{"allow":["GET"]}}],"collection":[{"href":"https:\/\/kttape.ee\/lv\/wp-json\/wp\/v2\/product"}],"about":[{"href":"https:\/\/kttape.ee\/lv\/wp-json\/wp\/v2\/types\/product"}],"wp:featuredmedia":[{"embeddable":true,"href":"https:\/\/kttape.ee\/lv\/wp-json\/wp\/v2\/media\/3966"}],"wp:attachment":[{"href":"https:\/\/kttape.ee\/lv\/wp-json\/wp\/v2\/media?parent=3018"}],"wp:term":[{"taxonomy":"product_brand","embeddable":true,"href":"https:\/\/kttape.ee\/lv\/wp-json\/wp\/v2\/product_brand?post=3018"},{"taxonomy":"product_cat","embeddable":true,"href":"https:\/\/kttape.ee\/lv\/wp-json\/wp\/v2\/product_cat?post=3018"},{"taxonomy":"product_tag","embeddable":true,"href":"https:\/\/kttape.ee\/lv\/wp-json\/wp\/v2\/product_tag?post=3018"}],"curies":[{"name":"wp","href":"https:\/\/api.w.org\/{rel}","templated":true}]}}