{"id":3057,"date":"2018-09-13T11:10:24","date_gmt":"2018-09-13T08:10:24","guid":{"rendered":"https:\/\/monger.eu\/kttape\/tooted\/pro-wide\/"},"modified":"2019-01-25T14:31:07","modified_gmt":"2019-01-25T12:31:07","slug":"pro-wide","status":"publish","type":"product","link":"https:\/\/kttape.ee\/lv\/product\/pro-wide\/","title":{"rendered":"PRO WIDE (Platais)"},"content":{"rendered":"<h3>S\u0100PO\u0160I MUSKU\u013bI, LOC\u012aTAVAS UN C\u012aPSLAS-\u00a0VARAM J\u016aS IEPRIECIN\u0100T<\/h3>\n<p>Nepiecie\u0161ams atbalsts j\u016bsu muguras lejasda\u013cai vai liel\u0101k\u0101m musku\u013cu grup\u0101m, kas sp\u0113s iztur\u0113t j\u016bsu gr\u016bt\u0101ko treni\u0146u? KT TAPE\u00ae PRO WIDE \u2122 ir tas, ko treneris pas\u016bta. Tas pal\u012bdz\u0113s mazin\u0101t s\u0101pes un sniegs atbalstu tie\u0161i tur, kur tas ir nepiecie\u0161ams. * KT TAPE\u00ae PRO WIDE \u2122 paliks uzl\u012bm\u0113taj\u0101 viet\u0101 vair\u0101ku gr\u016btu treni\u0146u laik\u0101 l\u012bdz septi\u0146\u0101m dien\u0101m un iztur\u0113s vissmag\u0101kos apst\u0101k\u013cus, ieskaitot ikdienas du\u0161u, mitrumu, aukstumu, pat baseinu.<\/p>\n<p>KT TAPE\u00ae PRO WIDE \u2122 \u2122 ir izstr\u0101d\u0101ts, lai darbotos vissmag\u0101kajos apst\u0101k\u013cos. \u0160is ir vien\u012bgais 100% sint\u0113tiskais ASV z\u012bmola kinesiolo\u0123iskais teips, kas ir pastiprin\u0101ts ar sp\u0113c\u012bg\u0101ku l\u012bmi, lai j\u016bs sasniegtu visus nospraustos m\u0113r\u0137us.<\/p>\n<p>Katr\u0101 kast\u012bt\u0113 ir desmit 10 cm platas un 25 cm garas 100% sint\u0113tiskas teipa str\u0113meles, viena ciet\u0101s plastmasas p\u0101rn\u0113s\u0101jama kast\u012bte, kurai ir aizskr\u016bv\u0113jams v\u0101ci\u0146\u0161, lai j\u016bsu teips saglab\u0101tu labu formu j\u016bsu sporta som\u0101 vai maisi\u0146\u0101, k\u0101 ar\u012b vienk\u0101r\u0161a s\u0101kuma rokasgr\u0101mata ar soli-pa-solim instrukcij\u0101m visbie\u017e\u0101k sastopamaj\u0101m traum\u0101m.<\/p>\n<h3><strong>STIPR\u0100KA PIELIP\u0160ANA<\/strong><\/h3>\n<p>KT TAPE\u00ae PRO WIDE\u2122 ir izstr\u0101d\u0101ts, lai darbotos vissmag\u0101kajos apst\u0101k\u013cos, turas l\u012bdz 4-7 dien\u0101m, da\u017e\u0101du skr\u0113jienu laik\u0101, ikdienas du\u0161\u0101, mitrum\u0101, aukstum\u0101 vai basein\u0101.<strong>\u00a0<\/strong><\/p>\n<h3><strong>FANTASTISK\u0100KAIS ATBALSTS<\/strong><\/h3>\n<p>KT TAPE\u00ae PRO WIDE \u2122 ir t\u0101das pa\u0161as \u0161\u0137iedras m\u016bsu PRO \u2122 teip\u0101, kur\u0101m ir daudz elast\u012bg\u0101ks kodols, kas nodro\u0161ina lab\u0101ku atbalstu musku\u013ciem, loc\u012btav\u0101m un c\u012bpsl\u0101m, neierobe\u017eojot komfortu un kust\u012bbu diapazonu.<\/p>\n<h3><strong>ILG\u0100KA KALPO\u0160ANA<\/strong><\/h3>\n<p>KT TAPE\u00ae PRO WIDE\u2122 teipa stiprais elast\u012bgais kodols laika gait\u0101 saglab\u0101 elast\u012bbu daudz lab\u0101k nek\u0101 kokvilnas kinesiolo\u0123iskais teips. Tas noz\u012bm\u0113, ka tas sniegs stipr\u0101ku atbalstu, tik ilgi, cik tas jums nepiecie\u0161ams * un v\u0113l ilg\u0101k. T\u0101pat k\u0101 augst\u0101k\u0101s klases sportisti, tas balst\u0101s uz sp\u0113ku un iztur\u012bbu, lai paveiktu darbu.<\/p>\n<h3><strong>SINT\u0112TISK\u0100S MIKRO\u0160\u0136IEDRAS<\/strong><\/h3>\n<p>KT TAPE\u00ae PRO WIDE\u2122 var tikt \u0113rti n\u0113s\u0101ti du\u0161\u0101, basein\u0101 vai pludmal\u0113. Sint\u0113tisk\u0101s mikro\u0161\u0137iedras ir \u0101tri \u017e\u016bsto\u0161as un nodro\u0161ina augst\u0101k\u0101s svara un iztur\u012bbas attiec\u012bbas. \u0160\u012bs \u0161\u0137iedras ar\u012b dabisk\u0101 ce\u013c\u0101 atgr\u016b\u017e mikrobus, kas nodro\u0161ina piln\u012bgi noteikti \u0113rtu un ilgsto\u0161u valk\u0101\u0161anu.<\/p>\n<h3>IEPRIEK\u0160 SAGRIEZTAS STR\u0112MELES<\/h3>\n<p>KT TAPE\u00ae PRO WIDE\u2122 ir iepriek\u0161 sagriezts un gatavs izmanto\u0161anai tikl\u012bdz iz\u0146emts no kast\u012btes. Iepriek\u0161 sagriezt\u0101m str\u0113mel\u0113m ir noapa\u013coti st\u016bri, kas pal\u012bdz nov\u0113rst to, ka st\u016bri aiz\u0137eras aiz liet\u0101m vai nober\u017eas malas. Katr\u0101 rull\u012b ir desmit 10cm platas un 25 cm garas str\u0113meles.<\/p>\n<h3><strong>ATSTAROJO\u0160S DRO\u0160\u012aBAS DIZAINS<\/strong><\/h3>\n<p>Esi redzams. Esi dro\u0161s. KT TAPE\u00ae PRO WIDE \u2122 ir atstarojo\u0161i elementi, kas v\u0113l vair\u0101k papildina savas funkcijas, padarot dro\u0161\u0101ku treni\u0146u agros r\u012btos un v\u0113los vakaros.<\/p>\n<h3>BEZ LATEKSA JUT\u012aGAI \u0100DAI<\/h3>\n<p>KT TAPE\u00ae PRO WIDE\u2122 izmanto medic\u012bnisk\u0101s klases akrila b\u0101zes l\u012bmi, kas ir maiga pret \u0101du. Tas noz\u012bm\u0113, ka jums neniez\u0113s, kas bie\u017ei notiek, lietojot stiprin\u0101jumus un tradicion\u0101lo sporta teipu.<\/p>\n<p><strong>\u00a0<\/strong><\/p>\n<p>* Nav kl\u012bniski pier\u0101d\u012bts visiem l\u012bm\u0113jumiem<\/p>\n<p>* NAV KL\u012aNISKI PIER\u0100D\u012aTS VISIEM IEVAINOJUMIEM<\/p>\n","protected":false},"excerpt":{"rendered":"<p>S\u0100PO\u0160I MUSKU\u013bI, LOC\u012aTAVAS UN C\u012aPSLAS-\u00a0VARAM J\u016aS IEPRIECIN\u0100T Nepiecie\u0161ams atbalsts j\u016bsu muguras lejasda\u013cai vai liel\u0101k\u0101m musku\u013cu grup\u0101m, kas sp\u0113s iztur\u0113t j\u016bsu&#8230;<\/p>\n","protected":false},"featured_media":3052,"template":"","meta":{"_acf_changed":false},"product_brand":[],"product_cat":[148,121,252,152,157],"product_tag":[],"class_list":{"0":"post-3057","1":"product","2":"type-product","3":"status-publish","4":"has-post-thumbnail","6":"product_cat-citi-produkti","7":"product_cat-ipasie-teipi","8":"product_cat-jauni-produkti","9":"product_cat-kt-tape-pro-sintetiskais-kineziologiskais-teips","10":"product_cat-sagriezts-mazais-iepakojums-lv","12":"first","13":"instock","14":"taxable","15":"shipping-taxable","16":"purchasable","17":"product-type-simple"},"acf":[],"yoast_head":"<!-- This site is optimized with the Yoast SEO Premium plugin v27.2 (Yoast SEO v27.4) - https:\/\/yoast.com\/product\/yoast-seo-premium-wordpress\/ -->\n<title>PRO WIDE (Platais) - KT Tape Baltics<\/title>\n<meta name=\"robots\" content=\"index, follow, max-snippet:-1, max-image-preview:large, max-video-preview:-1\" \/>\n<link rel=\"canonical\" href=\"https:\/\/kttape.ee\/lv\/product\/pro-wide\/\" \/>\n<meta property=\"og:locale\" content=\"lv_LV\" \/>\n<meta property=\"og:type\" content=\"article\" \/>\n<meta property=\"og:title\" content=\"PRO WIDE (Platais)\" \/>\n<meta property=\"og:description\" content=\"S\u0100PO\u0160I MUSKU\u013bI, LOC\u012aTAVAS UN C\u012aPSLAS-\u00a0VARAM J\u016aS IEPRIECIN\u0100T Nepiecie\u0161ams atbalsts j\u016bsu muguras lejasda\u013cai vai liel\u0101k\u0101m musku\u013cu grup\u0101m, kas sp\u0113s iztur\u0113t\" \/>\n<meta property=\"og:url\" content=\"https:\/\/kttape.ee\/lv\/product\/pro-wide\/\" \/>\n<meta property=\"og:site_name\" content=\"KT Tape Baltics\" \/>\n<meta property=\"article:publisher\" content=\"https:\/\/www.facebook.com\/kttapeeesti\" \/>\n<meta property=\"article:modified_time\" content=\"2019-01-25T12:31:07+00:00\" \/>\n<meta property=\"og:image\" content=\"https:\/\/kttape.ee\/wp-content\/uploads\/2018\/09\/PRO-Wide-Tape-and-roll.jpg\" \/>\n\t<meta property=\"og:image:width\" content=\"2520\" \/>\n\t<meta property=\"og:image:height\" content=\"1608\" \/>\n\t<meta property=\"og:image:type\" content=\"image\/jpeg\" \/>\n<meta name=\"twitter:card\" content=\"summary_large_image\" \/>\n<meta name=\"twitter:label1\" content=\"Price\" \/>\n\t<meta name=\"twitter:data1\" content=\"21,00&nbsp;&euro;\" \/>\n\t<meta name=\"twitter:label2\" content=\"Availability\" \/>\n\t<meta name=\"twitter:data2\" content=\"In stock\" \/>\n<script type=\"application\/ld+json\" class=\"yoast-schema-graph\">{\"@context\":\"https:\\\/\\\/schema.org\",\"@graph\":[{\"@type\":\"WebPage\",\"@id\":\"https:\\\/\\\/kttape.ee\\\/lv\\\/product\\\/pro-wide\\\/\",\"url\":\"https:\\\/\\\/kttape.ee\\\/lv\\\/product\\\/pro-wide\\\/\",\"name\":\"PRO WIDE (Platais) - KT Tape Baltics\",\"isPartOf\":{\"@id\":\"https:\\\/\\\/kttape.ee\\\/lv\\\/#website\"},\"primaryImageOfPage\":{\"@id\":\"https:\\\/\\\/kttape.ee\\\/lv\\\/product\\\/pro-wide\\\/#primaryimage\"},\"image\":{\"@id\":\"https:\\\/\\\/kttape.ee\\\/lv\\\/product\\\/pro-wide\\\/#primaryimage\"},\"thumbnailUrl\":\"https:\\\/\\\/kttape.ee\\\/wp-content\\\/uploads\\\/2018\\\/09\\\/PRO-Wide-Tape-and-roll-jpg.webp\",\"datePublished\":\"2018-09-13T08:10:24+00:00\",\"dateModified\":\"2019-01-25T12:31:07+00:00\",\"breadcrumb\":{\"@id\":\"https:\\\/\\\/kttape.ee\\\/lv\\\/product\\\/pro-wide\\\/#breadcrumb\"},\"inLanguage\":\"lv-LV\",\"potentialAction\":[{\"@type\":\"ReadAction\",\"target\":[\"https:\\\/\\\/kttape.ee\\\/lv\\\/product\\\/pro-wide\\\/\"]}]},{\"@type\":\"ImageObject\",\"inLanguage\":\"lv-LV\",\"@id\":\"https:\\\/\\\/kttape.ee\\\/lv\\\/product\\\/pro-wide\\\/#primaryimage\",\"url\":\"https:\\\/\\\/kttape.ee\\\/wp-content\\\/uploads\\\/2018\\\/09\\\/PRO-Wide-Tape-and-roll-jpg.webp\",\"contentUrl\":\"https:\\\/\\\/kttape.ee\\\/wp-content\\\/uploads\\\/2018\\\/09\\\/PRO-Wide-Tape-and-roll-jpg.webp\",\"width\":2520,\"height\":1608,\"caption\":\"kinesioteibi m\u00fc\u00fck\"},{\"@type\":\"BreadcrumbList\",\"@id\":\"https:\\\/\\\/kttape.ee\\\/lv\\\/product\\\/pro-wide\\\/#breadcrumb\",\"itemListElement\":[{\"@type\":\"ListItem\",\"position\":1,\"name\":\"Home\",\"item\":\"https:\\\/\\\/kttape.ee\\\/lv\\\/\"},{\"@type\":\"ListItem\",\"position\":2,\"name\":\"Produkti\",\"item\":\"https:\\\/\\\/kttape.ee\\\/lv\\\/katalogs\\\/\"},{\"@type\":\"ListItem\",\"position\":3,\"name\":\"PRO WIDE (Platais)\"}]},{\"@type\":\"WebSite\",\"@id\":\"https:\\\/\\\/kttape.ee\\\/lv\\\/#website\",\"url\":\"https:\\\/\\\/kttape.ee\\\/lv\\\/\",\"name\":\"KT TAPE\",\"description\":\"Vesel\u012bbas un sporta produkti\",\"publisher\":{\"@id\":\"https:\\\/\\\/kttape.ee\\\/lv\\\/#organization\"},\"alternateName\":\"kinesioteip, kinesioloogiline teip, kt teip\",\"potentialAction\":[{\"@type\":\"SearchAction\",\"target\":{\"@type\":\"EntryPoint\",\"urlTemplate\":\"https:\\\/\\\/kttape.ee\\\/lv\\\/?s={search_term_string}\"},\"query-input\":{\"@type\":\"PropertyValueSpecification\",\"valueRequired\":true,\"valueName\":\"search_term_string\"}}],\"inLanguage\":\"lv-LV\"},{\"@type\":\"Organization\",\"@id\":\"https:\\\/\\\/kttape.ee\\\/lv\\\/#organization\",\"name\":\"Monger Baltic O\u00dc\",\"alternateName\":\"KT TAPE\",\"url\":\"https:\\\/\\\/kttape.ee\\\/lv\\\/\",\"logo\":{\"@type\":\"ImageObject\",\"inLanguage\":\"lv-LV\",\"@id\":\"https:\\\/\\\/kttape.ee\\\/lv\\\/#\\\/schema\\\/logo\\\/image\\\/\",\"url\":\"http:\\\/\\\/kttape.ee\\\/wp-content\\\/uploads\\\/2018\\\/11\\\/logo-monger-white-1.png\",\"contentUrl\":\"http:\\\/\\\/kttape.ee\\\/wp-content\\\/uploads\\\/2018\\\/11\\\/logo-monger-white-1.png\",\"width\":826,\"height\":532,\"caption\":\"Monger Baltic O\u00dc\"},\"image\":{\"@id\":\"https:\\\/\\\/kttape.ee\\\/lv\\\/#\\\/schema\\\/logo\\\/image\\\/\"},\"sameAs\":[\"https:\\\/\\\/www.facebook.com\\\/kttapeeesti\",\"https:\\\/\\\/www.instagram.com\\\/kttape.eesti\\\/\"]}]}<\/script>\n<meta property=\"product:price:amount\" content=\"21.00\" \/>\n<meta property=\"product:price:currency\" content=\"EUR\" \/>\n<meta property=\"og:availability\" content=\"instock\" \/>\n<meta property=\"product:availability\" content=\"instock\" \/>\n<meta property=\"product:condition\" content=\"new\" \/>\n<!-- \/ Yoast SEO Premium plugin. -->","yoast_head_json":{"title":"PRO WIDE (Platais) - KT Tape Baltics","robots":{"index":"index","follow":"follow","max-snippet":"max-snippet:-1","max-image-preview":"max-image-preview:large","max-video-preview":"max-video-preview:-1"},"canonical":"https:\/\/kttape.ee\/lv\/product\/pro-wide\/","og_locale":"lv_LV","og_type":"article","og_title":"PRO WIDE (Platais)","og_description":"S\u0100PO\u0160I MUSKU\u013bI, LOC\u012aTAVAS UN C\u012aPSLAS-\u00a0VARAM J\u016aS IEPRIECIN\u0100T Nepiecie\u0161ams atbalsts j\u016bsu muguras lejasda\u013cai vai liel\u0101k\u0101m musku\u013cu grup\u0101m, kas sp\u0113s iztur\u0113t","og_url":"https:\/\/kttape.ee\/lv\/product\/pro-wide\/","og_site_name":"KT Tape Baltics","article_publisher":"https:\/\/www.facebook.com\/kttapeeesti","article_modified_time":"2019-01-25T12:31:07+00:00","og_image":[{"width":2520,"height":1608,"url":"https:\/\/kttape.ee\/wp-content\/uploads\/2018\/09\/PRO-Wide-Tape-and-roll.jpg","type":"image\/jpeg"}],"twitter_card":"summary_large_image","twitter_misc":{"Price":"21,00&nbsp;&euro;","Availability":"In stock"},"schema":{"@context":"https:\/\/schema.org","@graph":[{"@type":"WebPage","@id":"https:\/\/kttape.ee\/lv\/product\/pro-wide\/","url":"https:\/\/kttape.ee\/lv\/product\/pro-wide\/","name":"PRO WIDE (Platais) - KT Tape Baltics","isPartOf":{"@id":"https:\/\/kttape.ee\/lv\/#website"},"primaryImageOfPage":{"@id":"https:\/\/kttape.ee\/lv\/product\/pro-wide\/#primaryimage"},"image":{"@id":"https:\/\/kttape.ee\/lv\/product\/pro-wide\/#primaryimage"},"thumbnailUrl":"https:\/\/kttape.ee\/wp-content\/uploads\/2018\/09\/PRO-Wide-Tape-and-roll-jpg.webp","datePublished":"2018-09-13T08:10:24+00:00","dateModified":"2019-01-25T12:31:07+00:00","breadcrumb":{"@id":"https:\/\/kttape.ee\/lv\/product\/pro-wide\/#breadcrumb"},"inLanguage":"lv-LV","potentialAction":[{"@type":"ReadAction","target":["https:\/\/kttape.ee\/lv\/product\/pro-wide\/"]}]},{"@type":"ImageObject","inLanguage":"lv-LV","@id":"https:\/\/kttape.ee\/lv\/product\/pro-wide\/#primaryimage","url":"https:\/\/kttape.ee\/wp-content\/uploads\/2018\/09\/PRO-Wide-Tape-and-roll-jpg.webp","contentUrl":"https:\/\/kttape.ee\/wp-content\/uploads\/2018\/09\/PRO-Wide-Tape-and-roll-jpg.webp","width":2520,"height":1608,"caption":"kinesioteibi m\u00fc\u00fck"},{"@type":"BreadcrumbList","@id":"https:\/\/kttape.ee\/lv\/product\/pro-wide\/#breadcrumb","itemListElement":[{"@type":"ListItem","position":1,"name":"Home","item":"https:\/\/kttape.ee\/lv\/"},{"@type":"ListItem","position":2,"name":"Produkti","item":"https:\/\/kttape.ee\/lv\/katalogs\/"},{"@type":"ListItem","position":3,"name":"PRO WIDE (Platais)"}]},{"@type":"WebSite","@id":"https:\/\/kttape.ee\/lv\/#website","url":"https:\/\/kttape.ee\/lv\/","name":"KT TAPE","description":"Vesel\u012bbas un sporta produkti","publisher":{"@id":"https:\/\/kttape.ee\/lv\/#organization"},"alternateName":"kinesioteip, kinesioloogiline teip, kt teip","potentialAction":[{"@type":"SearchAction","target":{"@type":"EntryPoint","urlTemplate":"https:\/\/kttape.ee\/lv\/?s={search_term_string}"},"query-input":{"@type":"PropertyValueSpecification","valueRequired":true,"valueName":"search_term_string"}}],"inLanguage":"lv-LV"},{"@type":"Organization","@id":"https:\/\/kttape.ee\/lv\/#organization","name":"Monger Baltic O\u00dc","alternateName":"KT TAPE","url":"https:\/\/kttape.ee\/lv\/","logo":{"@type":"ImageObject","inLanguage":"lv-LV","@id":"https:\/\/kttape.ee\/lv\/#\/schema\/logo\/image\/","url":"http:\/\/kttape.ee\/wp-content\/uploads\/2018\/11\/logo-monger-white-1.png","contentUrl":"http:\/\/kttape.ee\/wp-content\/uploads\/2018\/11\/logo-monger-white-1.png","width":826,"height":532,"caption":"Monger Baltic O\u00dc"},"image":{"@id":"https:\/\/kttape.ee\/lv\/#\/schema\/logo\/image\/"},"sameAs":["https:\/\/www.facebook.com\/kttapeeesti","https:\/\/www.instagram.com\/kttape.eesti\/"]}]},"product_price_amount":"21.00","product_price_currency":"EUR","og_availability":"instock","product_availability":"instock","product_condition":"new"},"_links":{"self":[{"href":"https:\/\/kttape.ee\/lv\/wp-json\/wp\/v2\/product\/3057","targetHints":{"allow":["GET"]}}],"collection":[{"href":"https:\/\/kttape.ee\/lv\/wp-json\/wp\/v2\/product"}],"about":[{"href":"https:\/\/kttape.ee\/lv\/wp-json\/wp\/v2\/types\/product"}],"wp:featuredmedia":[{"embeddable":true,"href":"https:\/\/kttape.ee\/lv\/wp-json\/wp\/v2\/media\/3052"}],"wp:attachment":[{"href":"https:\/\/kttape.ee\/lv\/wp-json\/wp\/v2\/media?parent=3057"}],"wp:term":[{"taxonomy":"product_brand","embeddable":true,"href":"https:\/\/kttape.ee\/lv\/wp-json\/wp\/v2\/product_brand?post=3057"},{"taxonomy":"product_cat","embeddable":true,"href":"https:\/\/kttape.ee\/lv\/wp-json\/wp\/v2\/product_cat?post=3057"},{"taxonomy":"product_tag","embeddable":true,"href":"https:\/\/kttape.ee\/lv\/wp-json\/wp\/v2\/product_tag?post=3057"}],"curies":[{"name":"wp","href":"https:\/\/api.w.org\/{rel}","templated":true}]}}