{"id":3141,"date":"2018-10-09T09:24:01","date_gmt":"2018-10-09T06:24:01","guid":{"rendered":"https:\/\/monger.eu\/kttape\/tooted\/recovery-patch\/"},"modified":"2019-01-25T14:26:00","modified_gmt":"2019-01-25T12:26:00","slug":"recovery-patch","status":"publish","type":"product","link":"https:\/\/kttape.ee\/lv\/product\/recovery-patch\/","title":{"rendered":"RECOVERY PATCH (Atjauno\u0161anas pl\u0101ksteris t\u016bskai)"},"content":{"rendered":"<h1>KT RECOVERY + RECOVERY PATCH\u2122<\/h1>\n<h3>GALVEN\u0100S IEZ\u012aMES UN IEGUVUMI<\/h3>\n<ul>\n<li>Dabisks, bez-z\u0101\u013cu veids, k\u0101 samazin\u0101t s\u0101pes un veicin\u0101t \u0101tr\u0101ku \u0101rst\u0113\u0161anu bez medikamentiem *<\/li>\n<li>\u012apa\u0161i austs dizains nodro\u0161ina gaisa caurlaid\u012bbu un var \u0113rti valk\u0101t 1-3 dienas<\/li>\n<li>Vienk\u0101r\u0161s 2 so\u013cu process \u0101trai un vienk\u0101r\u0161ai uzlik\u0161anai<\/li>\n<li>\u016adensiztur\u012bgais materi\u0101ls \u013caut iet du\u0161\u0101, un nav vajadz\u012bbas p\u0101rl\u012bm\u0113t pl\u0101ksteri<\/li>\n<li>100% dab\u012bg\u0101s kokvilnas \u0161\u0137iedras apvienojum\u0101 ar elast\u012bgo kodolu, lai nodro\u0161in\u0101tu atbalstu, neierobe\u017eojot kust\u012bbas<\/li>\n<li>Ar spiedienu aktiviz\u0113ta bez lateksa l\u012bme, lai izvair\u012btos no \u0101das kairin\u0101juma<\/li>\n<\/ul>\n<p>KT TAPE Recovery Patches (Atjauno\u0161anas pl\u0101ksterus) izmanto t\u016bskai, lai paceltu \u0101du un \u013cautu pl\u016bst limfas \u0161\u0137idrumam, t\u0101d\u0113j\u0101di \u0101tr\u0101k sadzied\u0113tu iekaisumu. Atjauno\u0161anas pl\u0101ksteri ir dro\u0161s un \u0113rts veids, k\u0101 samazin\u0101t piet\u016bkumu un iekaisumu. Vienk\u0101r\u0161i uzkl\u0101jiet atjauno\u0161anas pl\u0101ksteri uz piet\u016bkuma laukuma un tas \u0101tri s\u0101ks str\u0101d\u0101t, lai palielin\u0101tu limf\u0101tisko dren\u0101\u017eu. Lietojiet atjauno\u0161anas pl\u0101ksterus, lai atvieglotu oper\u0101cijas, medic\u012bnisk\u0101s iejauk\u0161an\u0101s un ievainojumu izrais\u012btu piet\u016bkumu vai samazin\u0101tu visp\u0101r\u0113ju piet\u016bkumu k\u0101j\u0101s, pot\u012bt\u0113s vai cit\u0101s \u0137erme\u0146a da\u013c\u0101s, kas ir pak\u013cautas iekaisumam. KT Recovery + Atjauno\u0161anas pl\u0101ksteri \u0101tr\u0101k nov\u0113r\u0161 piet\u016bkumu un limfmezglus. Tie darbojas, saudz\u012bgi pace\u013cot \u0101du un \u013caujot \u0161\u0137idrumam aizpl\u016bst no piet\u016bku\u0161\u0101s zonas caur limf\u0101tisko sist\u0113mu. Liel\u0101kiem laukumiem, lai ieg\u016btu efekt\u012bv\u0101kus rezult\u0101tus, vienlaikus izmantojiet vair\u0101kus pl\u0101ksterus, piem\u0113ram, vienu otram cie\u0161i blakus vai da\u013c\u0113ji p\u0101rkl\u0101jot.<\/p>\n<p>* Nav kl\u012bniski pier\u0101d\u012bts visiem l\u012bm\u0113jumiem.<\/p>\n<div class=\"video-container\"><iframe loading=\"lazy\" title=\"Recovery Patch\" width=\"500\" height=\"281\" src=\"https:\/\/www.youtube.com\/embed\/2J_GcH1c4Gw?feature=oembed\" frameborder=\"0\" allow=\"accelerometer; autoplay; clipboard-write; encrypted-media; gyroscope; picture-in-picture; web-share\" referrerpolicy=\"strict-origin-when-cross-origin\" allowfullscreen><\/iframe><\/div>\n<div id=\"description\" class=\"data item content\" role=\"tabpanel\">\n<div class=\"product attribute description\">\n<div class=\"value\">\n<p>&nbsp;<\/p>\n<\/div>\n<\/div>\n<\/div>\n","protected":false},"excerpt":{"rendered":"<p>KT RECOVERY + RECOVERY PATCH\u2122 GALVEN\u0100S IEZ\u012aMES UN IEGUVUMI Dabisks, bez-z\u0101\u013cu veids, k\u0101 samazin\u0101t s\u0101pes un veicin\u0101t \u0101tr\u0101ku \u0101rst\u0113\u0161anu bez&#8230;<\/p>\n","protected":false},"featured_media":3136,"template":"","meta":{"_acf_changed":false},"product_brand":[],"product_cat":[148,121],"product_tag":[],"class_list":{"0":"post-3141","1":"product","2":"type-product","3":"status-publish","4":"has-post-thumbnail","6":"product_cat-citi-produkti","7":"product_cat-ipasie-teipi","9":"first","10":"instock","11":"taxable","12":"shipping-taxable","13":"purchasable","14":"product-type-simple"},"acf":[],"yoast_head":"<!-- This site is optimized with the Yoast SEO Premium plugin v23.4 (Yoast SEO v27.3) - https:\/\/yoast.com\/product\/yoast-seo-premium-wordpress\/ -->\n<title>RECOVERY PATCH (Atjauno\u0161anas pl\u0101ksteris t\u016bskai) - KT Tape Baltics<\/title>\n<meta name=\"robots\" content=\"index, follow, max-snippet:-1, max-image-preview:large, max-video-preview:-1\" \/>\n<link rel=\"canonical\" href=\"https:\/\/kttape.ee\/lv\/product\/recovery-patch\/\" \/>\n<meta property=\"og:locale\" content=\"lv_LV\" \/>\n<meta property=\"og:type\" content=\"article\" \/>\n<meta property=\"og:title\" content=\"RECOVERY PATCH (Atjauno\u0161anas pl\u0101ksteris t\u016bskai)\" \/>\n<meta property=\"og:description\" content=\"KT RECOVERY + RECOVERY PATCH\u2122 GALVEN\u0100S IEZ\u012aMES UN IEGUVUMI Dabisks, bez-z\u0101\u013cu veids, k\u0101 samazin\u0101t s\u0101pes un veicin\u0101t \u0101tr\u0101ku \u0101rst\u0113\u0161anu bez medikamentiem *\" \/>\n<meta property=\"og:url\" content=\"https:\/\/kttape.ee\/lv\/product\/recovery-patch\/\" \/>\n<meta property=\"og:site_name\" content=\"KT Tape Baltics\" \/>\n<meta property=\"article:publisher\" content=\"https:\/\/www.facebook.com\/kttapeeesti\" \/>\n<meta property=\"article:modified_time\" content=\"2019-01-25T12:26:00+00:00\" \/>\n<meta property=\"og:image\" content=\"https:\/\/kttape.ee\/wp-content\/uploads\/2018\/10\/Front_851144005808-uus.jpg\" \/>\n\t<meta property=\"og:image:width\" content=\"1000\" \/>\n\t<meta property=\"og:image:height\" content=\"1800\" \/>\n\t<meta property=\"og:image:type\" content=\"image\/jpeg\" \/>\n<meta name=\"twitter:card\" content=\"summary_large_image\" \/>\n<meta name=\"twitter:label1\" content=\"Price\" \/>\n\t<meta name=\"twitter:data1\" content=\"10,00&nbsp;&euro;\" \/>\n\t<meta name=\"twitter:label2\" content=\"Availability\" \/>\n\t<meta name=\"twitter:data2\" content=\"In stock\" \/>\n<script type=\"application\/ld+json\" class=\"yoast-schema-graph\">{\"@context\":\"https:\\\/\\\/schema.org\",\"@graph\":[{\"@type\":\"WebPage\",\"@id\":\"https:\\\/\\\/kttape.ee\\\/lv\\\/product\\\/recovery-patch\\\/\",\"url\":\"https:\\\/\\\/kttape.ee\\\/lv\\\/product\\\/recovery-patch\\\/\",\"name\":\"RECOVERY PATCH (Atjauno\u0161anas pl\u0101ksteris t\u016bskai) - KT Tape Baltics\",\"isPartOf\":{\"@id\":\"https:\\\/\\\/kttape.ee\\\/lv\\\/#website\"},\"primaryImageOfPage\":{\"@id\":\"https:\\\/\\\/kttape.ee\\\/lv\\\/product\\\/recovery-patch\\\/#primaryimage\"},\"image\":{\"@id\":\"https:\\\/\\\/kttape.ee\\\/lv\\\/product\\\/recovery-patch\\\/#primaryimage\"},\"thumbnailUrl\":\"https:\\\/\\\/kttape.ee\\\/wp-content\\\/uploads\\\/2018\\\/10\\\/Front_851144005808-uus-jpg.webp\",\"datePublished\":\"2018-10-09T06:24:01+00:00\",\"dateModified\":\"2019-01-25T12:26:00+00:00\",\"breadcrumb\":{\"@id\":\"https:\\\/\\\/kttape.ee\\\/lv\\\/product\\\/recovery-patch\\\/#breadcrumb\"},\"inLanguage\":\"lv-LV\",\"potentialAction\":[{\"@type\":\"ReadAction\",\"target\":[\"https:\\\/\\\/kttape.ee\\\/lv\\\/product\\\/recovery-patch\\\/\"]}]},{\"@type\":\"ImageObject\",\"inLanguage\":\"lv-LV\",\"@id\":\"https:\\\/\\\/kttape.ee\\\/lv\\\/product\\\/recovery-patch\\\/#primaryimage\",\"url\":\"https:\\\/\\\/kttape.ee\\\/wp-content\\\/uploads\\\/2018\\\/10\\\/Front_851144005808-uus-jpg.webp\",\"contentUrl\":\"https:\\\/\\\/kttape.ee\\\/wp-content\\\/uploads\\\/2018\\\/10\\\/Front_851144005808-uus-jpg.webp\",\"width\":1000,\"height\":1800,\"caption\":\"Turse ja p\u00f5letiku leevendus\"},{\"@type\":\"BreadcrumbList\",\"@id\":\"https:\\\/\\\/kttape.ee\\\/lv\\\/product\\\/recovery-patch\\\/#breadcrumb\",\"itemListElement\":[{\"@type\":\"ListItem\",\"position\":1,\"name\":\"Home\",\"item\":\"https:\\\/\\\/kttape.ee\\\/lv\\\/\"},{\"@type\":\"ListItem\",\"position\":2,\"name\":\"Produkti\",\"item\":\"https:\\\/\\\/kttape.ee\\\/lv\\\/katalogs\\\/\"},{\"@type\":\"ListItem\",\"position\":3,\"name\":\"RECOVERY PATCH (Atjauno\u0161anas pl\u0101ksteris t\u016bskai)\"}]},{\"@type\":\"WebSite\",\"@id\":\"https:\\\/\\\/kttape.ee\\\/lv\\\/#website\",\"url\":\"https:\\\/\\\/kttape.ee\\\/lv\\\/\",\"name\":\"KT TAPE\",\"description\":\"Vesel\u012bbas un sporta produkti\",\"publisher\":{\"@id\":\"https:\\\/\\\/kttape.ee\\\/lv\\\/#organization\"},\"alternateName\":\"kinesioteip, kinesioloogiline teip, kt teip\",\"potentialAction\":[{\"@type\":\"SearchAction\",\"target\":{\"@type\":\"EntryPoint\",\"urlTemplate\":\"https:\\\/\\\/kttape.ee\\\/lv\\\/?s={search_term_string}\"},\"query-input\":{\"@type\":\"PropertyValueSpecification\",\"valueRequired\":true,\"valueName\":\"search_term_string\"}}],\"inLanguage\":\"lv-LV\"},{\"@type\":\"Organization\",\"@id\":\"https:\\\/\\\/kttape.ee\\\/lv\\\/#organization\",\"name\":\"Monger Baltic O\u00dc\",\"alternateName\":\"KT TAPE\",\"url\":\"https:\\\/\\\/kttape.ee\\\/lv\\\/\",\"logo\":{\"@type\":\"ImageObject\",\"inLanguage\":\"lv-LV\",\"@id\":\"https:\\\/\\\/kttape.ee\\\/lv\\\/#\\\/schema\\\/logo\\\/image\\\/\",\"url\":\"http:\\\/\\\/kttape.ee\\\/wp-content\\\/uploads\\\/2018\\\/11\\\/logo-monger-white-1.png\",\"contentUrl\":\"http:\\\/\\\/kttape.ee\\\/wp-content\\\/uploads\\\/2018\\\/11\\\/logo-monger-white-1.png\",\"width\":826,\"height\":532,\"caption\":\"Monger Baltic O\u00dc\"},\"image\":{\"@id\":\"https:\\\/\\\/kttape.ee\\\/lv\\\/#\\\/schema\\\/logo\\\/image\\\/\"},\"sameAs\":[\"https:\\\/\\\/www.facebook.com\\\/kttapeeesti\",\"https:\\\/\\\/www.instagram.com\\\/kttape.eesti\\\/\"]}]}<\/script>\n<meta property=\"product:price:amount\" content=\"10.00\" \/>\n<meta property=\"product:price:currency\" content=\"EUR\" \/>\n<meta property=\"og:availability\" content=\"instock\" \/>\n<meta property=\"product:availability\" content=\"instock\" \/>\n<meta property=\"product:condition\" content=\"new\" \/>\n<!-- \/ Yoast SEO Premium plugin. -->","yoast_head_json":{"title":"RECOVERY PATCH (Atjauno\u0161anas pl\u0101ksteris t\u016bskai) - KT Tape Baltics","robots":{"index":"index","follow":"follow","max-snippet":"max-snippet:-1","max-image-preview":"max-image-preview:large","max-video-preview":"max-video-preview:-1"},"canonical":"https:\/\/kttape.ee\/lv\/product\/recovery-patch\/","og_locale":"lv_LV","og_type":"article","og_title":"RECOVERY PATCH (Atjauno\u0161anas pl\u0101ksteris t\u016bskai)","og_description":"KT RECOVERY + RECOVERY PATCH\u2122 GALVEN\u0100S IEZ\u012aMES UN IEGUVUMI Dabisks, bez-z\u0101\u013cu veids, k\u0101 samazin\u0101t s\u0101pes un veicin\u0101t \u0101tr\u0101ku \u0101rst\u0113\u0161anu bez medikamentiem *","og_url":"https:\/\/kttape.ee\/lv\/product\/recovery-patch\/","og_site_name":"KT Tape Baltics","article_publisher":"https:\/\/www.facebook.com\/kttapeeesti","article_modified_time":"2019-01-25T12:26:00+00:00","og_image":[{"width":1000,"height":1800,"url":"https:\/\/kttape.ee\/wp-content\/uploads\/2018\/10\/Front_851144005808-uus.jpg","type":"image\/jpeg"}],"twitter_card":"summary_large_image","twitter_misc":{"Price":"10,00&nbsp;&euro;","Availability":"In stock"},"schema":{"@context":"https:\/\/schema.org","@graph":[{"@type":"WebPage","@id":"https:\/\/kttape.ee\/lv\/product\/recovery-patch\/","url":"https:\/\/kttape.ee\/lv\/product\/recovery-patch\/","name":"RECOVERY PATCH (Atjauno\u0161anas pl\u0101ksteris t\u016bskai) - KT Tape Baltics","isPartOf":{"@id":"https:\/\/kttape.ee\/lv\/#website"},"primaryImageOfPage":{"@id":"https:\/\/kttape.ee\/lv\/product\/recovery-patch\/#primaryimage"},"image":{"@id":"https:\/\/kttape.ee\/lv\/product\/recovery-patch\/#primaryimage"},"thumbnailUrl":"https:\/\/kttape.ee\/wp-content\/uploads\/2018\/10\/Front_851144005808-uus-jpg.webp","datePublished":"2018-10-09T06:24:01+00:00","dateModified":"2019-01-25T12:26:00+00:00","breadcrumb":{"@id":"https:\/\/kttape.ee\/lv\/product\/recovery-patch\/#breadcrumb"},"inLanguage":"lv-LV","potentialAction":[{"@type":"ReadAction","target":["https:\/\/kttape.ee\/lv\/product\/recovery-patch\/"]}]},{"@type":"ImageObject","inLanguage":"lv-LV","@id":"https:\/\/kttape.ee\/lv\/product\/recovery-patch\/#primaryimage","url":"https:\/\/kttape.ee\/wp-content\/uploads\/2018\/10\/Front_851144005808-uus-jpg.webp","contentUrl":"https:\/\/kttape.ee\/wp-content\/uploads\/2018\/10\/Front_851144005808-uus-jpg.webp","width":1000,"height":1800,"caption":"Turse ja p\u00f5letiku leevendus"},{"@type":"BreadcrumbList","@id":"https:\/\/kttape.ee\/lv\/product\/recovery-patch\/#breadcrumb","itemListElement":[{"@type":"ListItem","position":1,"name":"Home","item":"https:\/\/kttape.ee\/lv\/"},{"@type":"ListItem","position":2,"name":"Produkti","item":"https:\/\/kttape.ee\/lv\/katalogs\/"},{"@type":"ListItem","position":3,"name":"RECOVERY PATCH (Atjauno\u0161anas pl\u0101ksteris t\u016bskai)"}]},{"@type":"WebSite","@id":"https:\/\/kttape.ee\/lv\/#website","url":"https:\/\/kttape.ee\/lv\/","name":"KT TAPE","description":"Vesel\u012bbas un sporta produkti","publisher":{"@id":"https:\/\/kttape.ee\/lv\/#organization"},"alternateName":"kinesioteip, kinesioloogiline teip, kt teip","potentialAction":[{"@type":"SearchAction","target":{"@type":"EntryPoint","urlTemplate":"https:\/\/kttape.ee\/lv\/?s={search_term_string}"},"query-input":{"@type":"PropertyValueSpecification","valueRequired":true,"valueName":"search_term_string"}}],"inLanguage":"lv-LV"},{"@type":"Organization","@id":"https:\/\/kttape.ee\/lv\/#organization","name":"Monger Baltic O\u00dc","alternateName":"KT TAPE","url":"https:\/\/kttape.ee\/lv\/","logo":{"@type":"ImageObject","inLanguage":"lv-LV","@id":"https:\/\/kttape.ee\/lv\/#\/schema\/logo\/image\/","url":"http:\/\/kttape.ee\/wp-content\/uploads\/2018\/11\/logo-monger-white-1.png","contentUrl":"http:\/\/kttape.ee\/wp-content\/uploads\/2018\/11\/logo-monger-white-1.png","width":826,"height":532,"caption":"Monger Baltic O\u00dc"},"image":{"@id":"https:\/\/kttape.ee\/lv\/#\/schema\/logo\/image\/"},"sameAs":["https:\/\/www.facebook.com\/kttapeeesti","https:\/\/www.instagram.com\/kttape.eesti\/"]}]},"product_price_amount":"10.00","product_price_currency":"EUR","og_availability":"instock","product_availability":"instock","product_condition":"new"},"_links":{"self":[{"href":"https:\/\/kttape.ee\/lv\/wp-json\/wp\/v2\/product\/3141","targetHints":{"allow":["GET"]}}],"collection":[{"href":"https:\/\/kttape.ee\/lv\/wp-json\/wp\/v2\/product"}],"about":[{"href":"https:\/\/kttape.ee\/lv\/wp-json\/wp\/v2\/types\/product"}],"wp:featuredmedia":[{"embeddable":true,"href":"https:\/\/kttape.ee\/lv\/wp-json\/wp\/v2\/media\/3136"}],"wp:attachment":[{"href":"https:\/\/kttape.ee\/lv\/wp-json\/wp\/v2\/media?parent=3141"}],"wp:term":[{"taxonomy":"product_brand","embeddable":true,"href":"https:\/\/kttape.ee\/lv\/wp-json\/wp\/v2\/product_brand?post=3141"},{"taxonomy":"product_cat","embeddable":true,"href":"https:\/\/kttape.ee\/lv\/wp-json\/wp\/v2\/product_cat?post=3141"},{"taxonomy":"product_tag","embeddable":true,"href":"https:\/\/kttape.ee\/lv\/wp-json\/wp\/v2\/product_tag?post=3141"}],"curies":[{"name":"wp","href":"https:\/\/api.w.org\/{rel}","templated":true}]}}