{"id":3180,"date":"2018-10-09T12:03:46","date_gmt":"2018-10-09T09:03:46","guid":{"rendered":"https:\/\/monger.eu\/kttape\/tooted\/ice-heat-wrap\/"},"modified":"2019-01-28T13:06:27","modified_gmt":"2019-01-28T11:06:27","slug":"ice-heat-wrap","status":"publish","type":"product","link":"https:\/\/kttape.ee\/lv\/product\/ice-heat-wrap\/","title":{"rendered":"ICE \/ HEAT WRAP (Ledus\/siltuma iet\u012b\u0161anas sist\u0113ma)"},"content":{"rendered":"<h1>KT RECOVERY+\u2122 ICE \/ HEAT WRAP (Ledus\/siltuma iet\u012b\u0161anas sist\u0113ma)<\/h1>\n<p><strong>KOMPRESIJAS TERAPIJAS SIST\u0112MA<\/strong><\/p>\n<p><strong>KT Recovery + \u2122 ledus \/ siltuma kompresijas terapijas sist\u0113ma <\/strong>ir jauns veids, k\u0101 \u0101rst\u0113t musku\u013cus maksim\u0101lai veiktsp\u0113jai vai \u0101tr\u0101k atg\u016bties no izaicino\u0161a treni\u0146a vai traumas.<\/p>\n<p>KT Recovery + \u2122 ledus \/ siltuma kompresijas terapijas sist\u0113mas regul\u0113jams dizains nodro\u0161ina ledus \/ siltuma terapiju da\u017e\u0101d\u0101m \u0137erme\u0146a zon\u0101m. At\u0161\u0137ir\u012bb\u0101 no citiem ledus \/ siltuma terapijas produktiem tirg\u016b, KT Recovery + \u2122 ledus \/ siltuma kompresijas terapijas sist\u0113ma ir p\u0101rn\u0113s\u0101jama un \u013cauj palielin\u0101t mobilit\u0101ti, un viegl\u0101k izmantojama pirms fizisk\u0101s aktivit\u0101tes, t\u0101s laik\u0101 vai p\u0113c t\u0101s.<\/p>\n<h4>GALVEN\u0100S IEZ\u012aMES UN IEGUVUMI:<\/h4>\n<ul>\n<li>Vienk\u0101r\u0161a lieto\u0161ana \u013cauj lietot\u0101jiem uzlikt aukstumu vai siltumu tie\u0161i konkr\u0113tai aktivit\u0101tei.<\/li>\n<li>Nodro\u0161ina t\u016bl\u012bt\u0113ju s\u0101pju p\u0101rvald\u012bbu un atg\u016b\u0161an\u0101s priek\u0161roc\u012bbas.<\/li>\n<li>Regul\u0113jams dizains nodro\u0161ina pat\u012bkamu, piel\u0101gotu iet\u012b\u0161anas sist\u0113mu, ko var n\u0113s\u0101t, lai sniegtu ledus \/ siltuma terapiju da\u017e\u0101d\u0101m konkr\u0113t\u0101m \u0137erme\u0146a zon\u0101m.<\/li>\n<\/ul>\n<p><strong>DIVI DA\u017d\u0100DI \u0100RST\u0112\u0160AN\u0100S VARIANTI<\/strong><\/p>\n<ul>\n<li>KT Recovery+\u2122 Siltuma paka \u2013 \u012bpa\u0161a mikrovi\u013c\u0146u kr\u0101sn\u012b sild\u0101ma paka, kas ir daudzk\u0101rt\u0113ji izmantojama, lai nomierin\u0101tu noguru\u0161os musku\u013cus p\u0113c treni\u0146a.<\/li>\n<li>KT Recovery+\u2122 Ledus paka \u2013 \u012bpa\u0161a sald\u0113jama \u017eeleja, kas ir daudzk\u0101rt\u0113ji izmantojama un paliek auksta ilg\u0101ku laiku, lai atv\u0113sin\u0101tu izme\u017e\u0123\u012bjumus, sastiepumus un piet\u016bkumus.<\/li>\n<\/ul>\n<p>KT Recovery + \u2122 ledus \/ siltuma kompresijas terapijas sist\u0113ma nodro\u0161ina lab\u0101ku veidu, k\u0101 \u0101rst\u0113t s\u0101po\u0161us vai ievainotos musku\u013cus ar karsto un auksto terapiju. Vairs nav vajadz\u012bgas ne\u0113rtas ledus somas vai siltuma iepakojumi, kuras jums pa\u0161am j\u0101notur viet\u0101. \u0160o daudzpus\u012bgo iet\u012b\u0161anas sist\u0113mu var pagarin\u0101t vai sa\u012bsin\u0101t, lai t\u0101 atbilstu da\u017e\u0101d\u0101m vajadz\u012bgaj\u0101m \u0137erme\u0146a zon\u0101m, un sist\u0113ma paliek viet\u0101 br\u012bvroku re\u017e\u012bm\u0101, lai j\u016bs var\u0113tu palikt akt\u012bvi. Atk\u0101rtoti izmantojami ledus un siltuma iepakojumi saglab\u0101 temperat\u016bru ilg\u0101k izol\u0113taj\u0101 kabat\u0101, kas iestr\u0101d\u0101ta sist\u0113m\u0101. Komplekt\u0101 ietilpst ar\u012b siksnas pagarin\u0101jums un transport\u0113\u0161anas soma.<\/p>\n<p>\u0160\u012bs sist\u0113mas iepakojum\u0101 atrad\u012bsiet papildus paci\u0146u, kas ir ledus paka gatava t\u016bl\u012bt\u0113jai lieto\u0161anai.<\/p>\n","protected":false},"excerpt":{"rendered":"<p>KT RECOVERY+\u2122 ICE \/ HEAT WRAP (Ledus\/siltuma iet\u012b\u0161anas sist\u0113ma) KOMPRESIJAS TERAPIJAS SIST\u0112MA KT Recovery + \u2122 ledus \/ siltuma kompresijas&#8230;<\/p>\n","protected":false},"featured_media":3150,"template":"","meta":{"_acf_changed":false},"product_brand":[],"product_cat":[148,252],"product_tag":[],"class_list":{"0":"post-3180","1":"product","2":"type-product","3":"status-publish","4":"has-post-thumbnail","6":"product_cat-citi-produkti","7":"product_cat-jauni-produkti","9":"first","10":"instock","11":"taxable","12":"shipping-taxable","13":"purchasable","14":"product-type-simple"},"acf":[],"yoast_head":"<!-- This site is optimized with the Yoast SEO Premium plugin v23.4 (Yoast SEO v27.3) - https:\/\/yoast.com\/product\/yoast-seo-premium-wordpress\/ -->\n<title>ICE \/ HEAT WRAP (Ledus\/siltuma iet\u012b\u0161anas sist\u0113ma) - KT Tape Baltics<\/title>\n<meta name=\"robots\" content=\"index, follow, max-snippet:-1, max-image-preview:large, max-video-preview:-1\" \/>\n<link rel=\"canonical\" href=\"https:\/\/kttape.ee\/lv\/product\/ice-heat-wrap\/\" \/>\n<meta property=\"og:locale\" content=\"lv_LV\" \/>\n<meta property=\"og:type\" content=\"article\" \/>\n<meta property=\"og:title\" content=\"ICE \/ HEAT WRAP (Ledus\/siltuma iet\u012b\u0161anas sist\u0113ma)\" \/>\n<meta property=\"og:description\" content=\"KT RECOVERY+\u2122 ICE \/ HEAT WRAP (Ledus\/siltuma iet\u012b\u0161anas sist\u0113ma) KOMPRESIJAS TERAPIJAS SIST\u0112MA KT Recovery + \u2122 ledus \/ siltuma kompresijas terapijas\" \/>\n<meta property=\"og:url\" content=\"https:\/\/kttape.ee\/lv\/product\/ice-heat-wrap\/\" \/>\n<meta property=\"og:site_name\" content=\"KT Tape Baltics\" \/>\n<meta property=\"article:publisher\" content=\"https:\/\/www.facebook.com\/kttapeeesti\" \/>\n<meta property=\"article:modified_time\" content=\"2019-01-28T11:06:27+00:00\" \/>\n<meta property=\"og:image\" content=\"https:\/\/kttape.ee\/wp-content\/uploads\/2018\/10\/Box_Product814179020208.jpg\" \/>\n\t<meta property=\"og:image:width\" content=\"1020\" \/>\n\t<meta property=\"og:image:height\" content=\"1024\" \/>\n\t<meta property=\"og:image:type\" content=\"image\/jpeg\" \/>\n<meta name=\"twitter:card\" content=\"summary_large_image\" \/>\n<meta name=\"twitter:label1\" content=\"Price\" \/>\n\t<meta name=\"twitter:data1\" content=\"50,00&nbsp;&euro;\" \/>\n\t<meta name=\"twitter:label2\" content=\"Availability\" \/>\n\t<meta name=\"twitter:data2\" content=\"In stock\" \/>\n<script type=\"application\/ld+json\" class=\"yoast-schema-graph\">{\"@context\":\"https:\\\/\\\/schema.org\",\"@graph\":[{\"@type\":\"WebPage\",\"@id\":\"https:\\\/\\\/kttape.ee\\\/lv\\\/product\\\/ice-heat-wrap\\\/\",\"url\":\"https:\\\/\\\/kttape.ee\\\/lv\\\/product\\\/ice-heat-wrap\\\/\",\"name\":\"ICE \\\/ HEAT WRAP (Ledus\\\/siltuma iet\u012b\u0161anas sist\u0113ma) - KT Tape Baltics\",\"isPartOf\":{\"@id\":\"https:\\\/\\\/kttape.ee\\\/lv\\\/#website\"},\"primaryImageOfPage\":{\"@id\":\"https:\\\/\\\/kttape.ee\\\/lv\\\/product\\\/ice-heat-wrap\\\/#primaryimage\"},\"image\":{\"@id\":\"https:\\\/\\\/kttape.ee\\\/lv\\\/product\\\/ice-heat-wrap\\\/#primaryimage\"},\"thumbnailUrl\":\"https:\\\/\\\/kttape.ee\\\/wp-content\\\/uploads\\\/2018\\\/10\\\/Box_Product814179020208-jpg.webp\",\"datePublished\":\"2018-10-09T09:03:46+00:00\",\"dateModified\":\"2019-01-28T11:06:27+00:00\",\"breadcrumb\":{\"@id\":\"https:\\\/\\\/kttape.ee\\\/lv\\\/product\\\/ice-heat-wrap\\\/#breadcrumb\"},\"inLanguage\":\"lv-LV\",\"potentialAction\":[{\"@type\":\"ReadAction\",\"target\":[\"https:\\\/\\\/kttape.ee\\\/lv\\\/product\\\/ice-heat-wrap\\\/\"]}]},{\"@type\":\"ImageObject\",\"inLanguage\":\"lv-LV\",\"@id\":\"https:\\\/\\\/kttape.ee\\\/lv\\\/product\\\/ice-heat-wrap\\\/#primaryimage\",\"url\":\"https:\\\/\\\/kttape.ee\\\/wp-content\\\/uploads\\\/2018\\\/10\\\/Box_Product814179020208-jpg.webp\",\"contentUrl\":\"https:\\\/\\\/kttape.ee\\\/wp-content\\\/uploads\\\/2018\\\/10\\\/Box_Product814179020208-jpg.webp\",\"width\":1020,\"height\":1024,\"caption\":\"Pealkiri\"},{\"@type\":\"BreadcrumbList\",\"@id\":\"https:\\\/\\\/kttape.ee\\\/lv\\\/product\\\/ice-heat-wrap\\\/#breadcrumb\",\"itemListElement\":[{\"@type\":\"ListItem\",\"position\":1,\"name\":\"Home\",\"item\":\"https:\\\/\\\/kttape.ee\\\/lv\\\/\"},{\"@type\":\"ListItem\",\"position\":2,\"name\":\"Produkti\",\"item\":\"https:\\\/\\\/kttape.ee\\\/lv\\\/katalogs\\\/\"},{\"@type\":\"ListItem\",\"position\":3,\"name\":\"ICE \\\/ HEAT WRAP (Ledus\\\/siltuma iet\u012b\u0161anas sist\u0113ma)\"}]},{\"@type\":\"WebSite\",\"@id\":\"https:\\\/\\\/kttape.ee\\\/lv\\\/#website\",\"url\":\"https:\\\/\\\/kttape.ee\\\/lv\\\/\",\"name\":\"KT TAPE\",\"description\":\"Vesel\u012bbas un sporta produkti\",\"publisher\":{\"@id\":\"https:\\\/\\\/kttape.ee\\\/lv\\\/#organization\"},\"alternateName\":\"kinesioteip, kinesioloogiline teip, kt teip\",\"potentialAction\":[{\"@type\":\"SearchAction\",\"target\":{\"@type\":\"EntryPoint\",\"urlTemplate\":\"https:\\\/\\\/kttape.ee\\\/lv\\\/?s={search_term_string}\"},\"query-input\":{\"@type\":\"PropertyValueSpecification\",\"valueRequired\":true,\"valueName\":\"search_term_string\"}}],\"inLanguage\":\"lv-LV\"},{\"@type\":\"Organization\",\"@id\":\"https:\\\/\\\/kttape.ee\\\/lv\\\/#organization\",\"name\":\"Monger Baltic O\u00dc\",\"alternateName\":\"KT TAPE\",\"url\":\"https:\\\/\\\/kttape.ee\\\/lv\\\/\",\"logo\":{\"@type\":\"ImageObject\",\"inLanguage\":\"lv-LV\",\"@id\":\"https:\\\/\\\/kttape.ee\\\/lv\\\/#\\\/schema\\\/logo\\\/image\\\/\",\"url\":\"http:\\\/\\\/kttape.ee\\\/wp-content\\\/uploads\\\/2018\\\/11\\\/logo-monger-white-1.png\",\"contentUrl\":\"http:\\\/\\\/kttape.ee\\\/wp-content\\\/uploads\\\/2018\\\/11\\\/logo-monger-white-1.png\",\"width\":826,\"height\":532,\"caption\":\"Monger Baltic O\u00dc\"},\"image\":{\"@id\":\"https:\\\/\\\/kttape.ee\\\/lv\\\/#\\\/schema\\\/logo\\\/image\\\/\"},\"sameAs\":[\"https:\\\/\\\/www.facebook.com\\\/kttapeeesti\",\"https:\\\/\\\/www.instagram.com\\\/kttape.eesti\\\/\"]}]}<\/script>\n<meta property=\"product:price:amount\" content=\"50.00\" \/>\n<meta property=\"product:price:currency\" content=\"EUR\" \/>\n<meta property=\"og:availability\" content=\"instock\" \/>\n<meta property=\"product:availability\" content=\"instock\" \/>\n<meta property=\"product:condition\" content=\"new\" \/>\n<!-- \/ Yoast SEO Premium plugin. -->","yoast_head_json":{"title":"ICE \/ HEAT WRAP (Ledus\/siltuma iet\u012b\u0161anas sist\u0113ma) - KT Tape Baltics","robots":{"index":"index","follow":"follow","max-snippet":"max-snippet:-1","max-image-preview":"max-image-preview:large","max-video-preview":"max-video-preview:-1"},"canonical":"https:\/\/kttape.ee\/lv\/product\/ice-heat-wrap\/","og_locale":"lv_LV","og_type":"article","og_title":"ICE \/ HEAT WRAP (Ledus\/siltuma iet\u012b\u0161anas sist\u0113ma)","og_description":"KT RECOVERY+\u2122 ICE \/ HEAT WRAP (Ledus\/siltuma iet\u012b\u0161anas sist\u0113ma) KOMPRESIJAS TERAPIJAS SIST\u0112MA KT Recovery + \u2122 ledus \/ siltuma kompresijas terapijas","og_url":"https:\/\/kttape.ee\/lv\/product\/ice-heat-wrap\/","og_site_name":"KT Tape Baltics","article_publisher":"https:\/\/www.facebook.com\/kttapeeesti","article_modified_time":"2019-01-28T11:06:27+00:00","og_image":[{"width":1020,"height":1024,"url":"https:\/\/kttape.ee\/wp-content\/uploads\/2018\/10\/Box_Product814179020208.jpg","type":"image\/jpeg"}],"twitter_card":"summary_large_image","twitter_misc":{"Price":"50,00&nbsp;&euro;","Availability":"In stock"},"schema":{"@context":"https:\/\/schema.org","@graph":[{"@type":"WebPage","@id":"https:\/\/kttape.ee\/lv\/product\/ice-heat-wrap\/","url":"https:\/\/kttape.ee\/lv\/product\/ice-heat-wrap\/","name":"ICE \/ HEAT WRAP (Ledus\/siltuma iet\u012b\u0161anas sist\u0113ma) - KT Tape Baltics","isPartOf":{"@id":"https:\/\/kttape.ee\/lv\/#website"},"primaryImageOfPage":{"@id":"https:\/\/kttape.ee\/lv\/product\/ice-heat-wrap\/#primaryimage"},"image":{"@id":"https:\/\/kttape.ee\/lv\/product\/ice-heat-wrap\/#primaryimage"},"thumbnailUrl":"https:\/\/kttape.ee\/wp-content\/uploads\/2018\/10\/Box_Product814179020208-jpg.webp","datePublished":"2018-10-09T09:03:46+00:00","dateModified":"2019-01-28T11:06:27+00:00","breadcrumb":{"@id":"https:\/\/kttape.ee\/lv\/product\/ice-heat-wrap\/#breadcrumb"},"inLanguage":"lv-LV","potentialAction":[{"@type":"ReadAction","target":["https:\/\/kttape.ee\/lv\/product\/ice-heat-wrap\/"]}]},{"@type":"ImageObject","inLanguage":"lv-LV","@id":"https:\/\/kttape.ee\/lv\/product\/ice-heat-wrap\/#primaryimage","url":"https:\/\/kttape.ee\/wp-content\/uploads\/2018\/10\/Box_Product814179020208-jpg.webp","contentUrl":"https:\/\/kttape.ee\/wp-content\/uploads\/2018\/10\/Box_Product814179020208-jpg.webp","width":1020,"height":1024,"caption":"Pealkiri"},{"@type":"BreadcrumbList","@id":"https:\/\/kttape.ee\/lv\/product\/ice-heat-wrap\/#breadcrumb","itemListElement":[{"@type":"ListItem","position":1,"name":"Home","item":"https:\/\/kttape.ee\/lv\/"},{"@type":"ListItem","position":2,"name":"Produkti","item":"https:\/\/kttape.ee\/lv\/katalogs\/"},{"@type":"ListItem","position":3,"name":"ICE \/ HEAT WRAP (Ledus\/siltuma iet\u012b\u0161anas sist\u0113ma)"}]},{"@type":"WebSite","@id":"https:\/\/kttape.ee\/lv\/#website","url":"https:\/\/kttape.ee\/lv\/","name":"KT TAPE","description":"Vesel\u012bbas un sporta produkti","publisher":{"@id":"https:\/\/kttape.ee\/lv\/#organization"},"alternateName":"kinesioteip, kinesioloogiline teip, kt teip","potentialAction":[{"@type":"SearchAction","target":{"@type":"EntryPoint","urlTemplate":"https:\/\/kttape.ee\/lv\/?s={search_term_string}"},"query-input":{"@type":"PropertyValueSpecification","valueRequired":true,"valueName":"search_term_string"}}],"inLanguage":"lv-LV"},{"@type":"Organization","@id":"https:\/\/kttape.ee\/lv\/#organization","name":"Monger Baltic O\u00dc","alternateName":"KT TAPE","url":"https:\/\/kttape.ee\/lv\/","logo":{"@type":"ImageObject","inLanguage":"lv-LV","@id":"https:\/\/kttape.ee\/lv\/#\/schema\/logo\/image\/","url":"http:\/\/kttape.ee\/wp-content\/uploads\/2018\/11\/logo-monger-white-1.png","contentUrl":"http:\/\/kttape.ee\/wp-content\/uploads\/2018\/11\/logo-monger-white-1.png","width":826,"height":532,"caption":"Monger Baltic O\u00dc"},"image":{"@id":"https:\/\/kttape.ee\/lv\/#\/schema\/logo\/image\/"},"sameAs":["https:\/\/www.facebook.com\/kttapeeesti","https:\/\/www.instagram.com\/kttape.eesti\/"]}]},"product_price_amount":"50.00","product_price_currency":"EUR","og_availability":"instock","product_availability":"instock","product_condition":"new"},"_links":{"self":[{"href":"https:\/\/kttape.ee\/lv\/wp-json\/wp\/v2\/product\/3180","targetHints":{"allow":["GET"]}}],"collection":[{"href":"https:\/\/kttape.ee\/lv\/wp-json\/wp\/v2\/product"}],"about":[{"href":"https:\/\/kttape.ee\/lv\/wp-json\/wp\/v2\/types\/product"}],"wp:featuredmedia":[{"embeddable":true,"href":"https:\/\/kttape.ee\/lv\/wp-json\/wp\/v2\/media\/3150"}],"wp:attachment":[{"href":"https:\/\/kttape.ee\/lv\/wp-json\/wp\/v2\/media?parent=3180"}],"wp:term":[{"taxonomy":"product_brand","embeddable":true,"href":"https:\/\/kttape.ee\/lv\/wp-json\/wp\/v2\/product_brand?post=3180"},{"taxonomy":"product_cat","embeddable":true,"href":"https:\/\/kttape.ee\/lv\/wp-json\/wp\/v2\/product_cat?post=3180"},{"taxonomy":"product_tag","embeddable":true,"href":"https:\/\/kttape.ee\/lv\/wp-json\/wp\/v2\/product_tag?post=3180"}],"curies":[{"name":"wp","href":"https:\/\/api.w.org\/{rel}","templated":true}]}}