{"id":3621,"date":"2018-11-09T08:34:55","date_gmt":"2018-11-09T06:34:55","guid":{"rendered":"https:\/\/monger.eu\/kttape\/tooted\/kt-recovery-ice-heat-massage-ball\/"},"modified":"2019-01-25T14:21:56","modified_gmt":"2019-01-25T12:21:56","slug":"kt-recovery-ice-heat-massage-ball","status":"publish","type":"product","link":"https:\/\/kttape.ee\/lv\/product\/kt-recovery-ice-heat-massage-ball\/","title":{"rendered":"KT RECOVERY+\u2122 Aukstuma\/Sild\u012b\u0161anas mas\u0101\u017eas bumba"},"content":{"rendered":"<h3>GALVEN\u0100S IEZ\u012aMES UN IEGUVUMI<\/h3>\n<ul>\n<li>Ieg\u016bstiet priek\u0161roc\u012bbas, ko sniedz aukstuma terapija, sild\u012b\u0161anas terapija un dzi\u013co audu mas\u0101\u017ea &#8211; viss vien\u0101 univers\u0101l\u0101 izstr\u0101d\u0101jum\u0101<\/li>\n<li>\u0100tri un viegli p\u0101rsl\u0113dzieties starp sild\u012b\u0161anas un aukstuma terapij\u0101m<\/li>\n<li>Mazs, kompakts un atbilsto\u0161s \u0161\u0137idrumu p\u0101rvad\u0101\u0161anas nosac\u012bjumiem lidma\u0161\u012bn\u0101 rokas bag\u0101\u017e\u0101 izstr\u0101d\u0101jums &#8211; ide\u0101li piem\u0113rots ce\u013cojumiem<\/li>\n<li>No\u0146emama t\u0113rauda pamatne \u013cauj to izmantot m\u0101j\u0101s un \u0101rpus t\u0101s.<\/li>\n<\/ul>\n<p>KT RECOVERY\u2122 AUKSTUMA \/ SILD\u012a\u0160ANAS MAS\u0100\u017dAS BUMBAI ir inovat\u012bva pieeja tradicion\u0101lajai rull\u012b\u0161a bumbai, kas t\u0101lu p\u0101rsp\u0113j jebko tirg\u016b. T\u0101 apvieno gan dzi\u013cu audu mas\u0101\u017eas terapiju, gan sild\u012b\u0161anas \/ aukstuma terapijas priek\u0161roc\u012bbas, lai uzsild\u012btu un atbr\u012bvotu musku\u013cus (karst\u0101 terapija), k\u0101 ar\u012b mazin\u0101tu s\u0101pes un iekaisumu (aukst\u0101 terapija). Unik\u0101la dizaina mas\u0101\u017eas bumba \u013cauj apvienot divus da\u017e\u0101dus viegli main\u0101mus ielikt\u0146us &#8211; karsto un auksto: vienu, kas paredz\u0113ts ilg\u0101kai siltuma saglab\u0101\u0161anai, un otru, kas paredz\u0113ts, lai ilg\u0101k saglab\u0101tu aukstumu. Lietot\u0101ji var viegli p\u0101rsl\u0113gties starp abiem p\u0113c nepiecie\u0161am\u012bbas, lai risin\u0101tu da\u017e\u0101das musku\u013cu \u0101rst\u0113\u0161anas vajadz\u012bbas.<\/p>\n","protected":false},"excerpt":{"rendered":"<ul>\n<li>Multi funkcion\u0101la mas\u0101\u017eas bumba ar sild\u012b\u0161anas un aukstuma daudzpus\u012bbu<\/li>\n<li>\u012apa\u0161i izstr\u0101d\u0101ti g\u0113la ielikt\u0146i ilg\u0101kai siltuma un ledus terapijai<\/li>\n<li>Izstr\u0101d\u0101ts ar fizioterapeitiem, mas\u0101\u017eas terapeitiem un kiroprakti\u0137iem<\/li>\n<li>Ergonomisks noapa\u013cots tr\u012bspunktu dizains, kas atbilst visiem rokas izm\u0113riem<\/li>\n<li>No\u0146emamo t\u0113rauda lod\u012bti var lietot atsevi\u0161\u0137i vai korpusa iek\u0161pus\u0113<\/li>\n<li>Izstr\u0101d\u0101jums atbilsto\u0161s \u0161\u0137idrumu p\u0101rvad\u0101\u0161anas nosac\u012bjumiem lidma\u0161\u012bn\u0101 rokas bag\u0101\u017e\u0101<\/li>\n<\/ul>\n","protected":false},"featured_media":5347,"template":"","meta":{"_acf_changed":false},"product_brand":[],"product_cat":[148,252],"product_tag":[],"class_list":{"0":"post-3621","1":"product","2":"type-product","3":"status-publish","4":"has-post-thumbnail","6":"product_cat-citi-produkti","7":"product_cat-jauni-produkti","9":"first","10":"onbackorder","11":"taxable","12":"shipping-taxable","13":"purchasable","14":"product-type-simple"},"acf":[],"yoast_head":"<!-- This site is optimized with the Yoast SEO Premium plugin v27.2 (Yoast SEO v27.4) - https:\/\/yoast.com\/product\/yoast-seo-premium-wordpress\/ -->\n<title>KT RECOVERY+\u2122 Aukstuma\/Sild\u012b\u0161anas mas\u0101\u017eas bumba - KT Tape Baltics<\/title>\n<meta name=\"robots\" content=\"index, follow, max-snippet:-1, max-image-preview:large, max-video-preview:-1\" \/>\n<link rel=\"canonical\" href=\"https:\/\/kttape.ee\/lv\/product\/kt-recovery-ice-heat-massage-ball\/\" \/>\n<meta property=\"og:locale\" content=\"lv_LV\" \/>\n<meta property=\"og:type\" content=\"article\" \/>\n<meta property=\"og:title\" content=\"KT RECOVERY+\u2122 Aukstuma\/Sild\u012b\u0161anas mas\u0101\u017eas bumba\" \/>\n<meta property=\"og:description\" content=\"Multi funkcion\u0101la mas\u0101\u017eas bumba ar sild\u012b\u0161anas un aukstuma daudzpus\u012bbu  \u012apa\u0161i izstr\u0101d\u0101ti g\u0113la ielikt\u0146i ilg\u0101kai siltuma un ledus terapijai  Izstr\u0101d\u0101ts ar fizioterapeitiem, mas\u0101\u017eas terapeitiem un kiroprakti\u0137iem  Ergonomisks noapa\u013cots tr\u012bspunktu dizains, kas atbilst visiem rokas izm\u0113riem  No\u0146emamo t\u0113rauda lod\u012bti var lietot atsevi\u0161\u0137i vai korpusa iek\u0161pus\u0113  Izstr\u0101d\u0101jums atbilsto\u0161s \u0161\u0137idrumu p\u0101rvad\u0101\u0161anas nosac\u012bjumiem lidma\u0161\u012bn\u0101 rokas bag\u0101\u017e\u0101\" \/>\n<meta property=\"og:url\" content=\"https:\/\/kttape.ee\/lv\/product\/kt-recovery-ice-heat-massage-ball\/\" \/>\n<meta property=\"og:site_name\" content=\"KT Tape Baltics\" \/>\n<meta property=\"article:publisher\" content=\"https:\/\/www.facebook.com\/kttapeeesti\" \/>\n<meta property=\"article:modified_time\" content=\"2019-01-25T12:21:56+00:00\" \/>\n<meta property=\"og:image\" content=\"https:\/\/kttape.ee\/wp-content\/uploads\/2022\/01\/Ice-Heat-Massage-Ball-v-2.0-uus.jpg\" \/>\n\t<meta property=\"og:image:width\" content=\"800\" \/>\n\t<meta property=\"og:image:height\" content=\"1000\" \/>\n\t<meta property=\"og:image:type\" content=\"image\/jpeg\" \/>\n<meta name=\"twitter:card\" content=\"summary_large_image\" \/>\n<meta name=\"twitter:label1\" content=\"Price\" \/>\n\t<meta name=\"twitter:data1\" content=\"40,00&nbsp;&euro;\" \/>\n\t<meta name=\"twitter:label2\" content=\"Availability\" \/>\n\t<meta name=\"twitter:data2\" content=\"On backorder\" \/>\n<script type=\"application\/ld+json\" class=\"yoast-schema-graph\">{\"@context\":\"https:\\\/\\\/schema.org\",\"@graph\":[{\"@type\":\"WebPage\",\"@id\":\"https:\\\/\\\/kttape.ee\\\/lv\\\/product\\\/kt-recovery-ice-heat-massage-ball\\\/\",\"url\":\"https:\\\/\\\/kttape.ee\\\/lv\\\/product\\\/kt-recovery-ice-heat-massage-ball\\\/\",\"name\":\"KT RECOVERY+\u2122 Aukstuma\\\/Sild\u012b\u0161anas mas\u0101\u017eas bumba - KT Tape Baltics\",\"isPartOf\":{\"@id\":\"https:\\\/\\\/kttape.ee\\\/lv\\\/#website\"},\"primaryImageOfPage\":{\"@id\":\"https:\\\/\\\/kttape.ee\\\/lv\\\/product\\\/kt-recovery-ice-heat-massage-ball\\\/#primaryimage\"},\"image\":{\"@id\":\"https:\\\/\\\/kttape.ee\\\/lv\\\/product\\\/kt-recovery-ice-heat-massage-ball\\\/#primaryimage\"},\"thumbnailUrl\":\"https:\\\/\\\/kttape.ee\\\/wp-content\\\/uploads\\\/2022\\\/01\\\/Ice-Heat-Massage-Ball-v-2.0-uus-jpg.webp\",\"datePublished\":\"2018-11-09T06:34:55+00:00\",\"dateModified\":\"2019-01-25T12:21:56+00:00\",\"breadcrumb\":{\"@id\":\"https:\\\/\\\/kttape.ee\\\/lv\\\/product\\\/kt-recovery-ice-heat-massage-ball\\\/#breadcrumb\"},\"inLanguage\":\"lv-LV\",\"potentialAction\":[{\"@type\":\"ReadAction\",\"target\":[\"https:\\\/\\\/kttape.ee\\\/lv\\\/product\\\/kt-recovery-ice-heat-massage-ball\\\/\"]}]},{\"@type\":\"ImageObject\",\"inLanguage\":\"lv-LV\",\"@id\":\"https:\\\/\\\/kttape.ee\\\/lv\\\/product\\\/kt-recovery-ice-heat-massage-ball\\\/#primaryimage\",\"url\":\"https:\\\/\\\/kttape.ee\\\/wp-content\\\/uploads\\\/2022\\\/01\\\/Ice-Heat-Massage-Ball-v-2.0-uus-jpg.webp\",\"contentUrl\":\"https:\\\/\\\/kttape.ee\\\/wp-content\\\/uploads\\\/2022\\\/01\\\/Ice-Heat-Massage-Ball-v-2.0-uus-jpg.webp\",\"width\":800,\"height\":1000,\"caption\":\"Massage Ball\"},{\"@type\":\"BreadcrumbList\",\"@id\":\"https:\\\/\\\/kttape.ee\\\/lv\\\/product\\\/kt-recovery-ice-heat-massage-ball\\\/#breadcrumb\",\"itemListElement\":[{\"@type\":\"ListItem\",\"position\":1,\"name\":\"Home\",\"item\":\"https:\\\/\\\/kttape.ee\\\/lv\\\/\"},{\"@type\":\"ListItem\",\"position\":2,\"name\":\"Produkti\",\"item\":\"https:\\\/\\\/kttape.ee\\\/lv\\\/katalogs\\\/\"},{\"@type\":\"ListItem\",\"position\":3,\"name\":\"KT RECOVERY+\u2122 Aukstuma\\\/Sild\u012b\u0161anas mas\u0101\u017eas bumba\"}]},{\"@type\":\"WebSite\",\"@id\":\"https:\\\/\\\/kttape.ee\\\/lv\\\/#website\",\"url\":\"https:\\\/\\\/kttape.ee\\\/lv\\\/\",\"name\":\"KT TAPE\",\"description\":\"Vesel\u012bbas un sporta produkti\",\"publisher\":{\"@id\":\"https:\\\/\\\/kttape.ee\\\/lv\\\/#organization\"},\"alternateName\":\"kinesioteip, kinesioloogiline teip, kt teip\",\"potentialAction\":[{\"@type\":\"SearchAction\",\"target\":{\"@type\":\"EntryPoint\",\"urlTemplate\":\"https:\\\/\\\/kttape.ee\\\/lv\\\/?s={search_term_string}\"},\"query-input\":{\"@type\":\"PropertyValueSpecification\",\"valueRequired\":true,\"valueName\":\"search_term_string\"}}],\"inLanguage\":\"lv-LV\"},{\"@type\":\"Organization\",\"@id\":\"https:\\\/\\\/kttape.ee\\\/lv\\\/#organization\",\"name\":\"Monger Baltic O\u00dc\",\"alternateName\":\"KT TAPE\",\"url\":\"https:\\\/\\\/kttape.ee\\\/lv\\\/\",\"logo\":{\"@type\":\"ImageObject\",\"inLanguage\":\"lv-LV\",\"@id\":\"https:\\\/\\\/kttape.ee\\\/lv\\\/#\\\/schema\\\/logo\\\/image\\\/\",\"url\":\"http:\\\/\\\/kttape.ee\\\/wp-content\\\/uploads\\\/2018\\\/11\\\/logo-monger-white-1.png\",\"contentUrl\":\"http:\\\/\\\/kttape.ee\\\/wp-content\\\/uploads\\\/2018\\\/11\\\/logo-monger-white-1.png\",\"width\":826,\"height\":532,\"caption\":\"Monger Baltic O\u00dc\"},\"image\":{\"@id\":\"https:\\\/\\\/kttape.ee\\\/lv\\\/#\\\/schema\\\/logo\\\/image\\\/\"},\"sameAs\":[\"https:\\\/\\\/www.facebook.com\\\/kttapeeesti\",\"https:\\\/\\\/www.instagram.com\\\/kttape.eesti\\\/\"]}]}<\/script>\n<meta property=\"product:price:amount\" content=\"40.00\" \/>\n<meta property=\"product:price:currency\" content=\"EUR\" \/>\n<meta property=\"og:availability\" content=\"backorder\" \/>\n<meta property=\"product:availability\" content=\"available for order\" \/>\n<meta property=\"product:condition\" content=\"new\" \/>\n<!-- \/ Yoast SEO Premium plugin. -->","yoast_head_json":{"title":"KT RECOVERY+\u2122 Aukstuma\/Sild\u012b\u0161anas mas\u0101\u017eas bumba - KT Tape Baltics","robots":{"index":"index","follow":"follow","max-snippet":"max-snippet:-1","max-image-preview":"max-image-preview:large","max-video-preview":"max-video-preview:-1"},"canonical":"https:\/\/kttape.ee\/lv\/product\/kt-recovery-ice-heat-massage-ball\/","og_locale":"lv_LV","og_type":"article","og_title":"KT RECOVERY+\u2122 Aukstuma\/Sild\u012b\u0161anas mas\u0101\u017eas bumba","og_description":"Multi funkcion\u0101la mas\u0101\u017eas bumba ar sild\u012b\u0161anas un aukstuma daudzpus\u012bbu  \u012apa\u0161i izstr\u0101d\u0101ti g\u0113la ielikt\u0146i ilg\u0101kai siltuma un ledus terapijai  Izstr\u0101d\u0101ts ar fizioterapeitiem, mas\u0101\u017eas terapeitiem un kiroprakti\u0137iem  Ergonomisks noapa\u013cots tr\u012bspunktu dizains, kas atbilst visiem rokas izm\u0113riem  No\u0146emamo t\u0113rauda lod\u012bti var lietot atsevi\u0161\u0137i vai korpusa iek\u0161pus\u0113  Izstr\u0101d\u0101jums atbilsto\u0161s \u0161\u0137idrumu p\u0101rvad\u0101\u0161anas nosac\u012bjumiem lidma\u0161\u012bn\u0101 rokas bag\u0101\u017e\u0101","og_url":"https:\/\/kttape.ee\/lv\/product\/kt-recovery-ice-heat-massage-ball\/","og_site_name":"KT Tape Baltics","article_publisher":"https:\/\/www.facebook.com\/kttapeeesti","article_modified_time":"2019-01-25T12:21:56+00:00","og_image":[{"width":800,"height":1000,"url":"https:\/\/kttape.ee\/wp-content\/uploads\/2022\/01\/Ice-Heat-Massage-Ball-v-2.0-uus.jpg","type":"image\/jpeg"}],"twitter_card":"summary_large_image","twitter_misc":{"Price":"40,00&nbsp;&euro;","Availability":"On backorder"},"schema":{"@context":"https:\/\/schema.org","@graph":[{"@type":"WebPage","@id":"https:\/\/kttape.ee\/lv\/product\/kt-recovery-ice-heat-massage-ball\/","url":"https:\/\/kttape.ee\/lv\/product\/kt-recovery-ice-heat-massage-ball\/","name":"KT RECOVERY+\u2122 Aukstuma\/Sild\u012b\u0161anas mas\u0101\u017eas bumba - KT Tape Baltics","isPartOf":{"@id":"https:\/\/kttape.ee\/lv\/#website"},"primaryImageOfPage":{"@id":"https:\/\/kttape.ee\/lv\/product\/kt-recovery-ice-heat-massage-ball\/#primaryimage"},"image":{"@id":"https:\/\/kttape.ee\/lv\/product\/kt-recovery-ice-heat-massage-ball\/#primaryimage"},"thumbnailUrl":"https:\/\/kttape.ee\/wp-content\/uploads\/2022\/01\/Ice-Heat-Massage-Ball-v-2.0-uus-jpg.webp","datePublished":"2018-11-09T06:34:55+00:00","dateModified":"2019-01-25T12:21:56+00:00","breadcrumb":{"@id":"https:\/\/kttape.ee\/lv\/product\/kt-recovery-ice-heat-massage-ball\/#breadcrumb"},"inLanguage":"lv-LV","potentialAction":[{"@type":"ReadAction","target":["https:\/\/kttape.ee\/lv\/product\/kt-recovery-ice-heat-massage-ball\/"]}]},{"@type":"ImageObject","inLanguage":"lv-LV","@id":"https:\/\/kttape.ee\/lv\/product\/kt-recovery-ice-heat-massage-ball\/#primaryimage","url":"https:\/\/kttape.ee\/wp-content\/uploads\/2022\/01\/Ice-Heat-Massage-Ball-v-2.0-uus-jpg.webp","contentUrl":"https:\/\/kttape.ee\/wp-content\/uploads\/2022\/01\/Ice-Heat-Massage-Ball-v-2.0-uus-jpg.webp","width":800,"height":1000,"caption":"Massage Ball"},{"@type":"BreadcrumbList","@id":"https:\/\/kttape.ee\/lv\/product\/kt-recovery-ice-heat-massage-ball\/#breadcrumb","itemListElement":[{"@type":"ListItem","position":1,"name":"Home","item":"https:\/\/kttape.ee\/lv\/"},{"@type":"ListItem","position":2,"name":"Produkti","item":"https:\/\/kttape.ee\/lv\/katalogs\/"},{"@type":"ListItem","position":3,"name":"KT RECOVERY+\u2122 Aukstuma\/Sild\u012b\u0161anas mas\u0101\u017eas bumba"}]},{"@type":"WebSite","@id":"https:\/\/kttape.ee\/lv\/#website","url":"https:\/\/kttape.ee\/lv\/","name":"KT TAPE","description":"Vesel\u012bbas un sporta produkti","publisher":{"@id":"https:\/\/kttape.ee\/lv\/#organization"},"alternateName":"kinesioteip, kinesioloogiline teip, kt teip","potentialAction":[{"@type":"SearchAction","target":{"@type":"EntryPoint","urlTemplate":"https:\/\/kttape.ee\/lv\/?s={search_term_string}"},"query-input":{"@type":"PropertyValueSpecification","valueRequired":true,"valueName":"search_term_string"}}],"inLanguage":"lv-LV"},{"@type":"Organization","@id":"https:\/\/kttape.ee\/lv\/#organization","name":"Monger Baltic O\u00dc","alternateName":"KT TAPE","url":"https:\/\/kttape.ee\/lv\/","logo":{"@type":"ImageObject","inLanguage":"lv-LV","@id":"https:\/\/kttape.ee\/lv\/#\/schema\/logo\/image\/","url":"http:\/\/kttape.ee\/wp-content\/uploads\/2018\/11\/logo-monger-white-1.png","contentUrl":"http:\/\/kttape.ee\/wp-content\/uploads\/2018\/11\/logo-monger-white-1.png","width":826,"height":532,"caption":"Monger Baltic O\u00dc"},"image":{"@id":"https:\/\/kttape.ee\/lv\/#\/schema\/logo\/image\/"},"sameAs":["https:\/\/www.facebook.com\/kttapeeesti","https:\/\/www.instagram.com\/kttape.eesti\/"]}]},"product_price_amount":"40.00","product_price_currency":"EUR","og_availability":"backorder","product_availability":"available for order","product_condition":"new"},"_links":{"self":[{"href":"https:\/\/kttape.ee\/lv\/wp-json\/wp\/v2\/product\/3621","targetHints":{"allow":["GET"]}}],"collection":[{"href":"https:\/\/kttape.ee\/lv\/wp-json\/wp\/v2\/product"}],"about":[{"href":"https:\/\/kttape.ee\/lv\/wp-json\/wp\/v2\/types\/product"}],"wp:featuredmedia":[{"embeddable":true,"href":"https:\/\/kttape.ee\/lv\/wp-json\/wp\/v2\/media\/5347"}],"wp:attachment":[{"href":"https:\/\/kttape.ee\/lv\/wp-json\/wp\/v2\/media?parent=3621"}],"wp:term":[{"taxonomy":"product_brand","embeddable":true,"href":"https:\/\/kttape.ee\/lv\/wp-json\/wp\/v2\/product_brand?post=3621"},{"taxonomy":"product_cat","embeddable":true,"href":"https:\/\/kttape.ee\/lv\/wp-json\/wp\/v2\/product_cat?post=3621"},{"taxonomy":"product_tag","embeddable":true,"href":"https:\/\/kttape.ee\/lv\/wp-json\/wp\/v2\/product_tag?post=3621"}],"curies":[{"name":"wp","href":"https:\/\/api.w.org\/{rel}","templated":true}]}}