{"id":2571,"date":"2018-02-22T15:55:45","date_gmt":"2018-02-22T13:55:45","guid":{"rendered":"http:\/\/kttape.ee\/tooted\/villi-ennetamise-plaaster\/"},"modified":"2023-09-06T10:19:53","modified_gmt":"2023-09-06T07:19:53","slug":"villi-ennetamise-plaaster","status":"publish","type":"product","link":"https:\/\/kttape.ee\/ru\/product\/villi-ennetamise-plaaster\/","title":{"rendered":"Villi ennetamise plaaster"},"content":{"rendered":"<p><strong>KT PERFOMANCE+ <\/strong>villi ennetamise plaaster on KT Tape<strong><sup>\u00ae<\/sup><\/strong> poolt spetsiaalselt sportlastele toodetud ja disainitud toode, mida kasutatakse selleks, et ennetada villide, marrastuste ja teiste v\u00e4ikeste haavade tekkimist. Villi ennetamise plaaster on valmistatud k\u00f5rgtehnoloogilisest s\u00fcnteetilisest materjalist, mis p\u00fcsib h\u00e4sti nahal ja v\u00f5imaldab olla sportlikult aktiivne. Eell\u00f5igatud plaastreid on v\u00e4ga kerge paigaldada ning need v\u00f5imaldavad sportlasel treenida kauem ning saada tugevamaks. Vaata paigaldamise instruktsioone <a href=\"https:\/\/youtu.be\/iDcSszxo-N0\">siit<\/a>. Plaaster on v\u00e4ga vastupidav, \u00f5hku l\u00e4bi laskev ja p\u00fcsib nahal kuni 2 p\u00e4eva. T\u00e4helepanu! Kui Sul on nahatundlikkus, v\u00e4hkkasvaja v\u00f5i Sa ootad last, siis konsulteeri enne toote kasutamist oma raviarstiga. L\u00f5peta plaastri kasutamine, kui tunned naha \u00e4rritust. See toode ei ole m\u00f5eldud kasutamiseks professionaalse ravi ja ravimite asendajana.<\/p>\n<p>Lisaks villi ennetamise plaastrile on KT Tape v\u00e4lja t\u00f6\u00f6tanud ka villi ravi plaastri. Selle toote kohta leiate rohkem infot siit: <a href=\"http:\/\/kttape.ee\/tooted\/villi-ravi-plaaster\/\">http:\/\/kttape.ee\/tooted\/villi-ravi-plaaster\/<\/a><\/p>\n","protected":false},"excerpt":{"rendered":"<p>KT PERFOMANCE+ villi ennetamise plaaster on KT Tape\u00ae poolt spetsiaalselt sportlastele toodetud ja disainitud toode, mida kasutatakse selleks, et ennetada&#8230;<\/p>\n","protected":false},"featured_media":3697,"template":"","meta":{"_acf_changed":false},"product_brand":[],"product_cat":[149,254],"product_tag":[],"class_list":{"0":"post-2571","1":"product","2":"type-product","3":"status-publish","4":"has-post-thumbnail","6":"product_cat-drugiye-produkty","7":"product_cat-novyye-produkty","9":"first","10":"instock","11":"taxable","12":"shipping-taxable","13":"purchasable","14":"product-type-variable"},"acf":[],"yoast_head":"<!-- This site is optimized with the Yoast SEO Premium plugin v23.4 (Yoast SEO v27.3) - https:\/\/yoast.com\/product\/yoast-seo-premium-wordpress\/ -->\n<title>Villi ennetamise plaaster - KT Tape Baltics esindab<\/title>\n<meta name=\"description\" content=\"KT PERFOMANCE+ villi ennetamise plaaster on KT Tape\u00ae poolt valmistatud toode, mida kasutatakse villide, marrastuste jt v\u00e4ikeste haavade ennetamiseks\" \/>\n<meta name=\"robots\" content=\"index, follow, max-snippet:-1, max-image-preview:large, max-video-preview:-1\" \/>\n<link rel=\"canonical\" href=\"https:\/\/kttape.ee\/ru\/product\/villi-ennetamise-plaaster\/\" \/>\n<meta property=\"og:locale\" content=\"ru_RU\" \/>\n<meta property=\"og:type\" content=\"article\" \/>\n<meta property=\"og:title\" content=\"Villi ennetamise plaaster\" \/>\n<meta property=\"og:description\" content=\"KT PERFOMANCE+ villi ennetamise plaaster on KT Tape\u00ae poolt spetsiaalselt sportlastele toodetud ja disainitud toode, mida kasutatakse selleks, et ennetada\" \/>\n<meta property=\"og:url\" content=\"https:\/\/kttape.ee\/ru\/product\/villi-ennetamise-plaaster\/\" \/>\n<meta property=\"og:site_name\" content=\"KT Tape Baltics\" \/>\n<meta property=\"article:publisher\" content=\"https:\/\/www.facebook.com\/kttapeeesti\" \/>\n<meta property=\"article:modified_time\" content=\"2023-09-06T07:19:53+00:00\" \/>\n<meta property=\"og:image\" content=\"https:\/\/kttape.ee\/wp-content\/uploads\/2018\/11\/Beige-Blister-Prevention-Tape-3D-Rendering_30-count.jpg\" \/>\n\t<meta property=\"og:image:width\" content=\"1024\" \/>\n\t<meta property=\"og:image:height\" content=\"861\" \/>\n\t<meta property=\"og:image:type\" content=\"image\/jpeg\" \/>\n<meta name=\"twitter:card\" content=\"summary_large_image\" \/>\n<meta name=\"twitter:label1\" content=\"\u0414\u043e\u0441\u0442\u0443\u043f\u043d\u043e\u0441\u0442\u044c\" \/>\n\t<meta name=\"twitter:data1\" content=\"\u0412 \u043d\u0430\u043b\u0438\u0447\u0438\u0438\" \/>\n<script type=\"application\/ld+json\" class=\"yoast-schema-graph\">{\"@context\":\"https:\\\/\\\/schema.org\",\"@graph\":[{\"@type\":\"WebPage\",\"@id\":\"https:\\\/\\\/kttape.ee\\\/ru\\\/product\\\/villi-ennetamise-plaaster\\\/\",\"url\":\"https:\\\/\\\/kttape.ee\\\/ru\\\/product\\\/villi-ennetamise-plaaster\\\/\",\"name\":\"Villi ennetamise plaaster - KT Tape Baltics esindab\",\"isPartOf\":{\"@id\":\"https:\\\/\\\/kttape.ee\\\/ru\\\/#website\"},\"primaryImageOfPage\":{\"@id\":\"https:\\\/\\\/kttape.ee\\\/ru\\\/product\\\/villi-ennetamise-plaaster\\\/#primaryimage\"},\"image\":{\"@id\":\"https:\\\/\\\/kttape.ee\\\/ru\\\/product\\\/villi-ennetamise-plaaster\\\/#primaryimage\"},\"thumbnailUrl\":\"https:\\\/\\\/kttape.ee\\\/wp-content\\\/uploads\\\/2018\\\/11\\\/Beige-Blister-Prevention-Tape-3D-Rendering_30-count-jpg.webp\",\"datePublished\":\"2018-02-22T13:55:45+00:00\",\"dateModified\":\"2023-09-06T07:19:53+00:00\",\"description\":\"KT PERFOMANCE+ villi ennetamise plaaster on KT Tape\u00ae poolt valmistatud toode, mida kasutatakse villide, marrastuste jt v\u00e4ikeste haavade ennetamiseks\",\"breadcrumb\":{\"@id\":\"https:\\\/\\\/kttape.ee\\\/ru\\\/product\\\/villi-ennetamise-plaaster\\\/#breadcrumb\"},\"inLanguage\":\"ru-RU\",\"potentialAction\":[{\"@type\":\"ReadAction\",\"target\":[\"https:\\\/\\\/kttape.ee\\\/ru\\\/product\\\/villi-ennetamise-plaaster\\\/\"]}]},{\"@type\":\"ImageObject\",\"inLanguage\":\"ru-RU\",\"@id\":\"https:\\\/\\\/kttape.ee\\\/ru\\\/product\\\/villi-ennetamise-plaaster\\\/#primaryimage\",\"url\":\"https:\\\/\\\/kttape.ee\\\/wp-content\\\/uploads\\\/2018\\\/11\\\/Beige-Blister-Prevention-Tape-3D-Rendering_30-count-jpg.webp\",\"contentUrl\":\"https:\\\/\\\/kttape.ee\\\/wp-content\\\/uploads\\\/2018\\\/11\\\/Beige-Blister-Prevention-Tape-3D-Rendering_30-count-jpg.webp\",\"width\":1024,\"height\":861,\"caption\":\"Pealkiri\"},{\"@type\":\"BreadcrumbList\",\"@id\":\"https:\\\/\\\/kttape.ee\\\/ru\\\/product\\\/villi-ennetamise-plaaster\\\/#breadcrumb\",\"itemListElement\":[{\"@type\":\"ListItem\",\"position\":1,\"name\":\"Home\",\"item\":\"https:\\\/\\\/kttape.ee\\\/ru\\\/\"},{\"@type\":\"ListItem\",\"position\":2,\"name\":\"\u041f\u0440\u043e\u0434\u0443\u043a\u0442\u044b\",\"item\":\"https:\\\/\\\/kttape.ee\\\/ru\\\/%d0%bf%d1%80%d0%be%d0%b4%d1%83%d0%ba%d1%82%d1%8b\\\/\"},{\"@type\":\"ListItem\",\"position\":3,\"name\":\"Villi ennetamise plaaster\"}]},{\"@type\":\"WebSite\",\"@id\":\"https:\\\/\\\/kttape.ee\\\/ru\\\/#website\",\"url\":\"https:\\\/\\\/kttape.ee\\\/ru\\\/\",\"name\":\"KT TAPE\",\"description\":\"T\u043e\u0432\u0430\u0440\u044b \u0434\u043b\u044f \u0437\u0434\u043e\u0440\u043e\u0432\u044c\u044f \u0438 \u0441\u043f\u043e\u0440\u0442\u0430\",\"publisher\":{\"@id\":\"https:\\\/\\\/kttape.ee\\\/ru\\\/#organization\"},\"alternateName\":\"kinesioteip, kinesioloogiline teip, kt teip\",\"potentialAction\":[{\"@type\":\"SearchAction\",\"target\":{\"@type\":\"EntryPoint\",\"urlTemplate\":\"https:\\\/\\\/kttape.ee\\\/ru\\\/?s={search_term_string}\"},\"query-input\":{\"@type\":\"PropertyValueSpecification\",\"valueRequired\":true,\"valueName\":\"search_term_string\"}}],\"inLanguage\":\"ru-RU\"},{\"@type\":\"Organization\",\"@id\":\"https:\\\/\\\/kttape.ee\\\/ru\\\/#organization\",\"name\":\"Monger Baltic O\u00dc\",\"alternateName\":\"KT TAPE\",\"url\":\"https:\\\/\\\/kttape.ee\\\/ru\\\/\",\"logo\":{\"@type\":\"ImageObject\",\"inLanguage\":\"ru-RU\",\"@id\":\"https:\\\/\\\/kttape.ee\\\/ru\\\/#\\\/schema\\\/logo\\\/image\\\/\",\"url\":\"http:\\\/\\\/kttape.ee\\\/wp-content\\\/uploads\\\/2018\\\/11\\\/logo-monger-white-1.png\",\"contentUrl\":\"http:\\\/\\\/kttape.ee\\\/wp-content\\\/uploads\\\/2018\\\/11\\\/logo-monger-white-1.png\",\"width\":826,\"height\":532,\"caption\":\"Monger Baltic O\u00dc\"},\"image\":{\"@id\":\"https:\\\/\\\/kttape.ee\\\/ru\\\/#\\\/schema\\\/logo\\\/image\\\/\"},\"sameAs\":[\"https:\\\/\\\/www.facebook.com\\\/kttapeeesti\",\"https:\\\/\\\/www.instagram.com\\\/kttape.eesti\\\/\"]}]}<\/script>\n<meta property=\"og:availability\" content=\"instock\" \/>\n<meta property=\"product:availability\" content=\"instock\" \/>\n<meta property=\"product:condition\" content=\"new\" \/>\n<!-- \/ Yoast SEO Premium plugin. -->","yoast_head_json":{"title":"Villi ennetamise plaaster - KT Tape Baltics esindab","description":"KT PERFOMANCE+ villi ennetamise plaaster on KT Tape\u00ae poolt valmistatud toode, mida kasutatakse villide, marrastuste jt v\u00e4ikeste haavade ennetamiseks","robots":{"index":"index","follow":"follow","max-snippet":"max-snippet:-1","max-image-preview":"max-image-preview:large","max-video-preview":"max-video-preview:-1"},"canonical":"https:\/\/kttape.ee\/ru\/product\/villi-ennetamise-plaaster\/","og_locale":"ru_RU","og_type":"article","og_title":"Villi ennetamise plaaster","og_description":"KT PERFOMANCE+ villi ennetamise plaaster on KT Tape\u00ae poolt spetsiaalselt sportlastele toodetud ja disainitud toode, mida kasutatakse selleks, et ennetada","og_url":"https:\/\/kttape.ee\/ru\/product\/villi-ennetamise-plaaster\/","og_site_name":"KT Tape Baltics","article_publisher":"https:\/\/www.facebook.com\/kttapeeesti","article_modified_time":"2023-09-06T07:19:53+00:00","og_image":[{"width":1024,"height":861,"url":"https:\/\/kttape.ee\/wp-content\/uploads\/2018\/11\/Beige-Blister-Prevention-Tape-3D-Rendering_30-count.jpg","type":"image\/jpeg"}],"twitter_card":"summary_large_image","twitter_misc":{"\u0414\u043e\u0441\u0442\u0443\u043f\u043d\u043e\u0441\u0442\u044c":"\u0412 \u043d\u0430\u043b\u0438\u0447\u0438\u0438"},"schema":{"@context":"https:\/\/schema.org","@graph":[{"@type":"WebPage","@id":"https:\/\/kttape.ee\/ru\/product\/villi-ennetamise-plaaster\/","url":"https:\/\/kttape.ee\/ru\/product\/villi-ennetamise-plaaster\/","name":"Villi ennetamise plaaster - KT Tape Baltics esindab","isPartOf":{"@id":"https:\/\/kttape.ee\/ru\/#website"},"primaryImageOfPage":{"@id":"https:\/\/kttape.ee\/ru\/product\/villi-ennetamise-plaaster\/#primaryimage"},"image":{"@id":"https:\/\/kttape.ee\/ru\/product\/villi-ennetamise-plaaster\/#primaryimage"},"thumbnailUrl":"https:\/\/kttape.ee\/wp-content\/uploads\/2018\/11\/Beige-Blister-Prevention-Tape-3D-Rendering_30-count-jpg.webp","datePublished":"2018-02-22T13:55:45+00:00","dateModified":"2023-09-06T07:19:53+00:00","description":"KT PERFOMANCE+ villi ennetamise plaaster on KT Tape\u00ae poolt valmistatud toode, mida kasutatakse villide, marrastuste jt v\u00e4ikeste haavade ennetamiseks","breadcrumb":{"@id":"https:\/\/kttape.ee\/ru\/product\/villi-ennetamise-plaaster\/#breadcrumb"},"inLanguage":"ru-RU","potentialAction":[{"@type":"ReadAction","target":["https:\/\/kttape.ee\/ru\/product\/villi-ennetamise-plaaster\/"]}]},{"@type":"ImageObject","inLanguage":"ru-RU","@id":"https:\/\/kttape.ee\/ru\/product\/villi-ennetamise-plaaster\/#primaryimage","url":"https:\/\/kttape.ee\/wp-content\/uploads\/2018\/11\/Beige-Blister-Prevention-Tape-3D-Rendering_30-count-jpg.webp","contentUrl":"https:\/\/kttape.ee\/wp-content\/uploads\/2018\/11\/Beige-Blister-Prevention-Tape-3D-Rendering_30-count-jpg.webp","width":1024,"height":861,"caption":"Pealkiri"},{"@type":"BreadcrumbList","@id":"https:\/\/kttape.ee\/ru\/product\/villi-ennetamise-plaaster\/#breadcrumb","itemListElement":[{"@type":"ListItem","position":1,"name":"Home","item":"https:\/\/kttape.ee\/ru\/"},{"@type":"ListItem","position":2,"name":"\u041f\u0440\u043e\u0434\u0443\u043a\u0442\u044b","item":"https:\/\/kttape.ee\/ru\/%d0%bf%d1%80%d0%be%d0%b4%d1%83%d0%ba%d1%82%d1%8b\/"},{"@type":"ListItem","position":3,"name":"Villi ennetamise plaaster"}]},{"@type":"WebSite","@id":"https:\/\/kttape.ee\/ru\/#website","url":"https:\/\/kttape.ee\/ru\/","name":"KT TAPE","description":"T\u043e\u0432\u0430\u0440\u044b \u0434\u043b\u044f \u0437\u0434\u043e\u0440\u043e\u0432\u044c\u044f \u0438 \u0441\u043f\u043e\u0440\u0442\u0430","publisher":{"@id":"https:\/\/kttape.ee\/ru\/#organization"},"alternateName":"kinesioteip, kinesioloogiline teip, kt teip","potentialAction":[{"@type":"SearchAction","target":{"@type":"EntryPoint","urlTemplate":"https:\/\/kttape.ee\/ru\/?s={search_term_string}"},"query-input":{"@type":"PropertyValueSpecification","valueRequired":true,"valueName":"search_term_string"}}],"inLanguage":"ru-RU"},{"@type":"Organization","@id":"https:\/\/kttape.ee\/ru\/#organization","name":"Monger Baltic O\u00dc","alternateName":"KT TAPE","url":"https:\/\/kttape.ee\/ru\/","logo":{"@type":"ImageObject","inLanguage":"ru-RU","@id":"https:\/\/kttape.ee\/ru\/#\/schema\/logo\/image\/","url":"http:\/\/kttape.ee\/wp-content\/uploads\/2018\/11\/logo-monger-white-1.png","contentUrl":"http:\/\/kttape.ee\/wp-content\/uploads\/2018\/11\/logo-monger-white-1.png","width":826,"height":532,"caption":"Monger Baltic O\u00dc"},"image":{"@id":"https:\/\/kttape.ee\/ru\/#\/schema\/logo\/image\/"},"sameAs":["https:\/\/www.facebook.com\/kttapeeesti","https:\/\/www.instagram.com\/kttape.eesti\/"]}]},"og_availability":"instock","product_availability":"instock","product_condition":"new"},"_links":{"self":[{"href":"https:\/\/kttape.ee\/ru\/wp-json\/wp\/v2\/product\/2571","targetHints":{"allow":["GET"]}}],"collection":[{"href":"https:\/\/kttape.ee\/ru\/wp-json\/wp\/v2\/product"}],"about":[{"href":"https:\/\/kttape.ee\/ru\/wp-json\/wp\/v2\/types\/product"}],"wp:featuredmedia":[{"embeddable":true,"href":"https:\/\/kttape.ee\/ru\/wp-json\/wp\/v2\/media\/3697"}],"wp:attachment":[{"href":"https:\/\/kttape.ee\/ru\/wp-json\/wp\/v2\/media?parent=2571"}],"wp:term":[{"taxonomy":"product_brand","embeddable":true,"href":"https:\/\/kttape.ee\/ru\/wp-json\/wp\/v2\/product_brand?post=2571"},{"taxonomy":"product_cat","embeddable":true,"href":"https:\/\/kttape.ee\/ru\/wp-json\/wp\/v2\/product_cat?post=2571"},{"taxonomy":"product_tag","embeddable":true,"href":"https:\/\/kttape.ee\/ru\/wp-json\/wp\/v2\/product_tag?post=2571"}],"curies":[{"name":"wp","href":"https:\/\/api.w.org\/{rel}","templated":true}]}}